{"id":217513,"date":"2025-09-02T12:00:51","date_gmt":"2025-09-02T12:00:51","guid":{"rendered":"https:\/\/homeofwool.com\/?post_type=product&#038;p=217513"},"modified":"2025-09-26T12:36:40","modified_gmt":"2025-09-26T12:36:40","slug":"tejido-de-seda-con-conchas-marinas","status":"publish","type":"product","link":"https:\/\/homeofwool.com\/es\/shop\/seashell-silk-fabric\/","title":{"rendered":"Tejido de seda de morera 100% \u2013 Concha marina"},"content":{"rendered":"<p>Nuestro tejido de seda 100% en tono concha marina est\u00e1 elaborado con la mejor seda pura, conocida por su suavidad natural, su delicado brillo y su elegante ca\u00edda. Lo que hace que este tejido sea realmente \u00fanico es su superficie con aspecto de concha marina. Se trata de una seda de textura ligeramente m\u00e1s gruesa, con una hermosa profundidad y car\u00e1cter. El delicado acabado concha marina confiere al tejido un car\u00e1cter natural. El tejido le confiere una suavidad especial. No resbala ni se desliza como suele ocurrir con el sat\u00e9n, por ejemplo. Esto hace que sea mucho m\u00e1s f\u00e1cil de trabajar.<\/p>\n<p>M\u00e1s all\u00e1 de su belleza, esta seda ecol\u00f3gica aporta notables beneficios para el bienestar. Es hipoalerg\u00e9nica y no tiene rival a la hora de mantener a raya los \u00e1caros del polvo. La elecci\u00f3n ideal para cualquier persona que padezca alergias o tenga la piel sensible. Los amino\u00e1cidos naturales de la seda son beneficiosos tanto para la piel como para el cabello, ya que les ayudan a mantenerse suaves y frescos. Es ligera y fresca en verano, y suavemente c\u00e1lida cuando el aire se vuelve m\u00e1s fr\u00edo.<\/p>\n<p>Ya sea que est\u00e9 trabajando en ropa de cama de lujo, prendas refinadas o detalles interiores elegantes, este tejido de seda de lujo aporta una sensaci\u00f3n de sofisticaci\u00f3n sostenible. Disponible como seda cortada a medida en una pieza continua, con muestras disponibles para que pueda experimentar su textura y tono de primera mano.<\/p>","protected":false},"excerpt":{"rendered":"<p>Descubra la belleza atemporal de nuestro tejido de seda de morera en un suave tono y textura de concha marina. Este tejido de seda natural tiene un brillo suave, un tacto agradable y una comodidad transpirable que lo hace ideal para ropa de cama y textiles para el hogar refinados. Disponible como seda cortada a medida, ofrece elegancia y versatilidad para sus proyectos.<\/p>\n<div class=\"global-icon-set\">\n<div class=\"global-icon-set__items\">\n<div class=\"global-icon-set__item\">\n<div class=\"global-icon-set__image\">\n                                    <img decoding=\"async\" src=\"https:\/\/homeofwool.com\/wp-content\/uploads\/2025\/09\/VOCs-min-300x300.png\" alt=\"vocs free\" \/>\n                                <\/div>\n<div class=\"global-icon-set__title\">Sin COV<\/div>\n<\/p><\/div>\n<div class=\"global-icon-set__item\">\n<div class=\"global-icon-set__image\">\n                                    <img decoding=\"async\" src=\"https:\/\/homeofwool.com\/wp-content\/uploads\/2025\/09\/Hypoallergenic-min-300x300.png\" alt=\"icono hipoalerg\u00e9nico\" \/>\n                                <\/div>\n<div class=\"global-icon-set__title\">Hipoalerg\u00e9nico<\/div>\n<\/p><\/div>\n<div class=\"global-icon-set__item\">\n<div class=\"global-icon-set__image\">\n                                    <img decoding=\"async\" src=\"https:\/\/homeofwool.com\/wp-content\/uploads\/2025\/09\/free-of-synthetics-icon-300x300.png\" alt=\"icono sin sint\u00e9ticos\" \/>\n                                <\/div>\n<div class=\"global-icon-set__title\">Sin sint\u00e9ticos<\/div>\n<\/p><\/div>\n<div class=\"global-icon-set__item\">\n<div class=\"global-icon-set__image\">\n                                    <img decoding=\"async\" src=\"https:\/\/homeofwool.com\/wp-content\/uploads\/2025\/09\/chemical-free-icon-300x300.png\" alt=\"icono sin productos qu\u00edmicos\" \/>\n                                <\/div>\n<div class=\"global-icon-set__title\">Sin productos qu\u00edmicos<\/div>\n<\/p><\/div>\n<div class=\"global-icon-set__item\">\n<div class=\"global-icon-set__image\">\n                                    <img decoding=\"async\" src=\"https:\/\/homeofwool.com\/wp-content\/uploads\/2025\/09\/anti-bacterial-icon-300x300.png\" alt=\"icono antibacteriano\" \/>\n                                <\/div>\n<div class=\"global-icon-set__title\">Antimicrobiano y antibacteriano<\/div>\n<\/p><\/div>\n<\/p><\/div>\n<\/p><\/div>","protected":false},"featured_media":219212,"template":"","meta":{"_acf_changed":false},"product_brand":[],"product_cat":[25],"product_tag":[100,85,86,101,102,103,104,94,105,106],"class_list":{"0":"post-217513","1":"product","2":"type-product","3":"status-publish","4":"has-post-thumbnail","6":"product_cat-wool-fabrics-batting","7":"product_tag-by-the-yard-or-metre","8":"product_tag-craft-supplies","9":"product_tag-eco-friendly-textile","10":"product_tag-luxury-silk","11":"product_tag-mulberry-silk-fabric","12":"product_tag-organic-fiber","13":"product_tag-pure-silk-fabric","14":"product_tag-sewing-supply","15":"product_tag-unbleached-undyed","16":"product_tag-washed-silk-fabric","18":"first","19":"instock","20":"shipping-taxable","21":"purchasable","22":"product-type-variable"},"acf":[],"yoast_head":"<!-- This site is optimized with the Yoast SEO Premium plugin v27.3 (Yoast SEO v27.3) - https:\/\/yoast.com\/product\/yoast-seo-premium-wordpress\/ -->\n<title>Mulberry Silk Fabric \u2013 Seashell, Natural Fabric for Skin Benefits | Home of Wool<\/title>\n<meta name=\"description\" content=\"Gentle on skin and smooth to the touch, Mulberry Silk Fabric in seashell tones adds breathable, natural softness. Perfect for toxin-free bedding, clothing, and timeless crafts at home.\" \/>\n<meta name=\"robots\" content=\"index, follow, max-snippet:-1, max-image-preview:large, max-video-preview:-1\" \/>\n<link rel=\"canonical\" href=\"https:\/\/homeofwool.com\/es\/tienda\/tejido-de-seda-con-conchas-marinas\/\" \/>\n<meta property=\"og:locale\" content=\"es_ES\" \/>\n<meta property=\"og:type\" content=\"article\" \/>\n<meta property=\"og:title\" content=\"100% Mulberry Silk Fabric \u2013 Seashell\" \/>\n<meta property=\"og:description\" content=\"Gentle on skin and smooth to the touch, Mulberry Silk Fabric in seashell tones adds breathable, natural softness. Perfect for toxin-free bedding, clothing, and timeless crafts at home.\" \/>\n<meta property=\"og:url\" content=\"https:\/\/homeofwool.com\/es\/tienda\/tejido-de-seda-con-conchas-marinas\/\" \/>\n<meta property=\"og:site_name\" content=\"Home of Wool\" \/>\n<meta property=\"article:publisher\" content=\"https:\/\/facebook.com\/HomeOfWoolOfficial\" \/>\n<meta property=\"article:modified_time\" content=\"2025-09-26T12:36:40+00:00\" \/>\n<meta property=\"og:image\" content=\"https:\/\/homeofwool.com\/wp-content\/uploads\/2025\/09\/home-of-wool-100-mulberry-silk-fabric-\u2013-seashell-1-main-100-silk-seashell.jpg\" \/>\n\t<meta property=\"og:image:width\" content=\"2400\" \/>\n\t<meta property=\"og:image:height\" content=\"1920\" \/>\n\t<meta property=\"og:image:type\" content=\"image\/jpeg\" \/>\n<meta name=\"twitter:card\" content=\"summary_large_image\" \/>\n<meta name=\"twitter:label1\" content=\"Tiempo de lectura\" \/>\n\t<meta name=\"twitter:data1\" content=\"2 minutos\" \/>\n<script type=\"application\/ld+json\" class=\"yoast-schema-graph\">{\"@context\":\"https:\\\/\\\/schema.org\",\"@graph\":[{\"@type\":\"WebPage\",\"@id\":\"https:\\\/\\\/homeofwool.com\\\/fr\\\/boutique\\\/tissu-en-soie-coquillage\\\/\",\"url\":\"https:\\\/\\\/homeofwool.com\\\/fr\\\/boutique\\\/tissu-en-soie-coquillage\\\/\",\"name\":\"Mulberry Silk Fabric \u2013 Seashell, Natural Fabric for Skin Benefits | Home of Wool\",\"isPartOf\":{\"@id\":\"https:\\\/\\\/homeofwool.com\\\/#website\"},\"primaryImageOfPage\":{\"@id\":\"https:\\\/\\\/homeofwool.com\\\/fr\\\/boutique\\\/tissu-en-soie-coquillage\\\/#primaryimage\"},\"image\":{\"@id\":\"https:\\\/\\\/homeofwool.com\\\/fr\\\/boutique\\\/tissu-en-soie-coquillage\\\/#primaryimage\"},\"thumbnailUrl\":\"https:\\\/\\\/homeofwool.com\\\/wp-content\\\/uploads\\\/2025\\\/09\\\/home-of-wool-100-mulberry-silk-fabric-\u2013-seashell-1-main-100-silk-seashell.jpg\",\"datePublished\":\"2025-09-02T12:00:51+00:00\",\"dateModified\":\"2025-09-26T12:36:40+00:00\",\"description\":\"Gentle on skin and smooth to the touch, Mulberry Silk Fabric in seashell tones adds breathable, natural softness. Perfect for toxin-free bedding, clothing, and timeless crafts at home.\",\"breadcrumb\":{\"@id\":\"https:\\\/\\\/homeofwool.com\\\/fr\\\/boutique\\\/tissu-en-soie-coquillage\\\/#breadcrumb\"},\"inLanguage\":\"es\",\"potentialAction\":[{\"@type\":\"ReadAction\",\"target\":[\"https:\\\/\\\/homeofwool.com\\\/fr\\\/boutique\\\/tissu-en-soie-coquillage\\\/\"]}]},{\"@type\":\"ImageObject\",\"inLanguage\":\"es\",\"@id\":\"https:\\\/\\\/homeofwool.com\\\/fr\\\/boutique\\\/tissu-en-soie-coquillage\\\/#primaryimage\",\"url\":\"https:\\\/\\\/homeofwool.com\\\/wp-content\\\/uploads\\\/2025\\\/09\\\/home-of-wool-100-mulberry-silk-fabric-\u2013-seashell-1-main-100-silk-seashell.jpg\",\"contentUrl\":\"https:\\\/\\\/homeofwool.com\\\/wp-content\\\/uploads\\\/2025\\\/09\\\/home-of-wool-100-mulberry-silk-fabric-\u2013-seashell-1-main-100-silk-seashell.jpg\",\"width\":2400,\"height\":1920,\"caption\":\"100% MULBERRY SILK FABRIC SEASHEL CLOSE UP\"},{\"@type\":\"BreadcrumbList\",\"@id\":\"https:\\\/\\\/homeofwool.com\\\/fr\\\/boutique\\\/tissu-en-soie-coquillage\\\/#breadcrumb\",\"itemListElement\":[{\"@type\":\"ListItem\",\"position\":1,\"name\":\"Home\",\"item\":\"https:\\\/\\\/homeofwool.com\\\/\"},{\"@type\":\"ListItem\",\"position\":2,\"name\":\"Products\",\"item\":\"https:\\\/\\\/homeofwool.com\\\/header-search-2\\\/\"},{\"@type\":\"ListItem\",\"position\":3,\"name\":\"100% Mulberry Silk Fabric \u2013 Seashell\"}]},{\"@type\":\"WebSite\",\"@id\":\"https:\\\/\\\/homeofwool.com\\\/#website\",\"url\":\"https:\\\/\\\/homeofwool.com\\\/\",\"name\":\"Home of Wool\",\"description\":\"\",\"publisher\":{\"@id\":\"https:\\\/\\\/homeofwool.com\\\/#organization\"},\"potentialAction\":[{\"@type\":\"SearchAction\",\"target\":{\"@type\":\"EntryPoint\",\"urlTemplate\":\"https:\\\/\\\/homeofwool.com\\\/?s={search_term_string}\"},\"query-input\":{\"@type\":\"PropertyValueSpecification\",\"valueRequired\":true,\"valueName\":\"search_term_string\"}}],\"inLanguage\":\"es\"},{\"@type\":\"Organization\",\"@id\":\"https:\\\/\\\/homeofwool.com\\\/#organization\",\"name\":\"Home of Wool\",\"url\":\"https:\\\/\\\/homeofwool.com\\\/\",\"logo\":{\"@type\":\"ImageObject\",\"inLanguage\":\"es\",\"@id\":\"https:\\\/\\\/homeofwool.com\\\/#\\\/schema\\\/logo\\\/image\\\/\",\"url\":\"https:\\\/\\\/homeofwool.com\\\/wp-content\\\/uploads\\\/2025\\\/09\\\/WhatsApp-Image-2025-12-02-at-16.23.20.jpeg\",\"contentUrl\":\"https:\\\/\\\/homeofwool.com\\\/wp-content\\\/uploads\\\/2025\\\/09\\\/WhatsApp-Image-2025-12-02-at-16.23.20.jpeg\",\"width\":700,\"height\":247,\"caption\":\"Home of Wool\"},\"image\":{\"@id\":\"https:\\\/\\\/homeofwool.com\\\/#\\\/schema\\\/logo\\\/image\\\/\"},\"sameAs\":[\"https:\\\/\\\/facebook.com\\\/HomeOfWoolOfficial\"]}]}<\/script>\n<!-- \/ Yoast SEO Premium plugin. -->","yoast_head_json":{"title":"Tejido de seda de morera \u2013 Concha marina, tejido natural beneficioso para la piel | Home of Wool","description":"Suave al tacto y agradable para la piel, el tejido de seda de morera en tonos concha marina aporta una suavidad natural y transpirable. Perfecto para ropa de cama, prendas de vestir y manualidades atemporales sin toxinas en el hogar.","robots":{"index":"index","follow":"follow","max-snippet":"max-snippet:-1","max-image-preview":"max-image-preview:large","max-video-preview":"max-video-preview:-1"},"canonical":"https:\/\/homeofwool.com\/es\/tienda\/tejido-de-seda-con-conchas-marinas\/","og_locale":"es_ES","og_type":"article","og_title":"100% Mulberry Silk Fabric \u2013 Seashell","og_description":"Gentle on skin and smooth to the touch, Mulberry Silk Fabric in seashell tones adds breathable, natural softness. Perfect for toxin-free bedding, clothing, and timeless crafts at home.","og_url":"https:\/\/homeofwool.com\/es\/tienda\/tejido-de-seda-con-conchas-marinas\/","og_site_name":"Home of Wool","article_publisher":"https:\/\/facebook.com\/HomeOfWoolOfficial","article_modified_time":"2025-09-26T12:36:40+00:00","og_image":[{"width":2400,"height":1920,"url":"https:\/\/homeofwool.com\/wp-content\/uploads\/2025\/09\/home-of-wool-100-mulberry-silk-fabric-\u2013-seashell-1-main-100-silk-seashell.jpg","type":"image\/jpeg"}],"twitter_card":"summary_large_image","twitter_misc":{"Tiempo de lectura":"2 minutos"},"schema":{"@context":"https:\/\/schema.org","@graph":[{"@type":"WebPage","@id":"https:\/\/homeofwool.com\/fr\/boutique\/tissu-en-soie-coquillage\/","url":"https:\/\/homeofwool.com\/fr\/boutique\/tissu-en-soie-coquillage\/","name":"Tejido de seda de morera \u2013 Concha marina, tejido natural beneficioso para la piel | Home of Wool","isPartOf":{"@id":"https:\/\/homeofwool.com\/#website"},"primaryImageOfPage":{"@id":"https:\/\/homeofwool.com\/fr\/boutique\/tissu-en-soie-coquillage\/#primaryimage"},"image":{"@id":"https:\/\/homeofwool.com\/fr\/boutique\/tissu-en-soie-coquillage\/#primaryimage"},"thumbnailUrl":"https:\/\/homeofwool.com\/wp-content\/uploads\/2025\/09\/home-of-wool-100-mulberry-silk-fabric-\u2013-seashell-1-main-100-silk-seashell.jpg","datePublished":"2025-09-02T12:00:51+00:00","dateModified":"2025-09-26T12:36:40+00:00","description":"Suave al tacto y agradable para la piel, el tejido de seda de morera en tonos concha marina aporta una suavidad natural y transpirable. Perfecto para ropa de cama, prendas de vestir y manualidades atemporales sin toxinas en el hogar.","breadcrumb":{"@id":"https:\/\/homeofwool.com\/fr\/boutique\/tissu-en-soie-coquillage\/#breadcrumb"},"inLanguage":"es","potentialAction":[{"@type":"ReadAction","target":["https:\/\/homeofwool.com\/fr\/boutique\/tissu-en-soie-coquillage\/"]}]},{"@type":"ImageObject","inLanguage":"es","@id":"https:\/\/homeofwool.com\/fr\/boutique\/tissu-en-soie-coquillage\/#primaryimage","url":"https:\/\/homeofwool.com\/wp-content\/uploads\/2025\/09\/home-of-wool-100-mulberry-silk-fabric-\u2013-seashell-1-main-100-silk-seashell.jpg","contentUrl":"https:\/\/homeofwool.com\/wp-content\/uploads\/2025\/09\/home-of-wool-100-mulberry-silk-fabric-\u2013-seashell-1-main-100-silk-seashell.jpg","width":2400,"height":1920,"caption":"100% MULBERRY SILK FABRIC SEASHEL CLOSE UP"},{"@type":"BreadcrumbList","@id":"https:\/\/homeofwool.com\/fr\/boutique\/tissu-en-soie-coquillage\/#breadcrumb","itemListElement":[{"@type":"ListItem","position":1,"name":"Home","item":"https:\/\/homeofwool.com\/"},{"@type":"ListItem","position":2,"name":"Products","item":"https:\/\/homeofwool.com\/header-search-2\/"},{"@type":"ListItem","position":3,"name":"100% Mulberry Silk Fabric \u2013 Seashell"}]},{"@type":"WebSite","@id":"https:\/\/homeofwool.com\/#website","url":"https:\/\/homeofwool.com\/","name":"Hogar de la lana","description":"","publisher":{"@id":"https:\/\/homeofwool.com\/#organization"},"potentialAction":[{"@type":"SearchAction","target":{"@type":"EntryPoint","urlTemplate":"https:\/\/homeofwool.com\/?s={search_term_string}"},"query-input":{"@type":"PropertyValueSpecification","valueRequired":true,"valueName":"search_term_string"}}],"inLanguage":"es"},{"@type":"Organization","@id":"https:\/\/homeofwool.com\/#organization","name":"Hogar de la lana","url":"https:\/\/homeofwool.com\/","logo":{"@type":"ImageObject","inLanguage":"es","@id":"https:\/\/homeofwool.com\/#\/schema\/logo\/image\/","url":"https:\/\/homeofwool.com\/wp-content\/uploads\/2025\/09\/WhatsApp-Image-2025-12-02-at-16.23.20.jpeg","contentUrl":"https:\/\/homeofwool.com\/wp-content\/uploads\/2025\/09\/WhatsApp-Image-2025-12-02-at-16.23.20.jpeg","width":700,"height":247,"caption":"Home of Wool"},"image":{"@id":"https:\/\/homeofwool.com\/#\/schema\/logo\/image\/"},"sameAs":["https:\/\/facebook.com\/HomeOfWoolOfficial"]}]}},"_links":{"self":[{"href":"https:\/\/homeofwool.com\/es\/wp-json\/wp\/v2\/product\/217513","targetHints":{"allow":["GET"]}}],"collection":[{"href":"https:\/\/homeofwool.com\/es\/wp-json\/wp\/v2\/product"}],"about":[{"href":"https:\/\/homeofwool.com\/es\/wp-json\/wp\/v2\/types\/product"}],"version-history":[{"count":0,"href":"https:\/\/homeofwool.com\/es\/wp-json\/wp\/v2\/product\/217513\/revisions"}],"wp:featuredmedia":[{"embeddable":true,"href":"https:\/\/homeofwool.com\/es\/wp-json\/wp\/v2\/media\/219212"}],"wp:attachment":[{"href":"https:\/\/homeofwool.com\/es\/wp-json\/wp\/v2\/media?parent=217513"}],"wp:term":[{"taxonomy":"product_brand","embeddable":true,"href":"https:\/\/homeofwool.com\/es\/wp-json\/wp\/v2\/product_brand?post=217513"},{"taxonomy":"product_cat","embeddable":true,"href":"https:\/\/homeofwool.com\/es\/wp-json\/wp\/v2\/product_cat?post=217513"},{"taxonomy":"product_tag","embeddable":true,"href":"https:\/\/homeofwool.com\/es\/wp-json\/wp\/v2\/product_tag?post=217513"}],"curies":[{"name":"wp","href":"https:\/\/api.w.org\/{rel}","templated":true}]}}