{"id":217512,"date":"2025-09-02T12:00:51","date_gmt":"2025-09-02T12:00:51","guid":{"rendered":"https:\/\/homeofwool.com\/?post_type=product&#038;p=217512"},"modified":"2026-01-15T12:43:18","modified_gmt":"2026-01-15T12:43:18","slug":"algodon-certificado-gots","status":"publish","type":"product","link":"https:\/\/homeofwool.com\/es\/shop\/gots-certified-cotton\/","title":{"rendered":"Tejido de algod\u00f3n 100% \u2013 Pesado"},"content":{"rendered":"<p>Confeccionado con fibras puras, este tejido de algod\u00f3n org\u00e1nico est\u00e1 dise\u00f1ado para aportar resistencia, comodidad y belleza natural a tus proyectos dom\u00e9sticos. Con un peso de 320 g\/m\u00b2 (9,44 oz\/yd\u00b2), este tejido de algod\u00f3n de gran gramaje es lo suficientemente resistente como para tapizar muebles, fundas de colchones y cojines, pero tambi\u00e9n es transpirable y lo suficientemente suave como para utilizarlo en almohadas, cojines decorativos u otros accesorios textiles. Al ser un tejido de algod\u00f3n sin productos qu\u00edmicos ni tintes, puedes estar seguro de que es seguro para las pieles sensibles. Es perfecto para ni\u00f1os y personas con alergias. Un sue\u00f1o hecho realidad para cualquiera que valore una vida limpia y libre de toxinas.<\/p>\n<p>La tela es extra ancha, con 230 cm (90 pulgadas). Eso significa que tendr\u00e1s suficiente para trabajar, sin importar lo grande o peque\u00f1o que sea tu proyecto. Cada pedido se suministra como tela cortada a medida en una pieza continua, lo que la hace ideal para creaciones sin costuras y diversos proyectos de bricolaje con tela de algod\u00f3n.<\/p>\n<p>Es normal que se arrugue un poco despu\u00e9s de cada lavado. Ten en cuenta que puede encogerse un poco a lo largo la primera vez que lo laves. Si quieres probar el tejido antes de pedir una pieza m\u00e1s grande, puedes comprar una muestra peque\u00f1a.<\/p>","protected":false},"excerpt":{"rendered":"<p>Resistente y duradero, este tejido de algod\u00f3n de gran gramaje es perfecto para proyectos de tapicer\u00eda, cojines y ropa de cama. Fabricado con tejido de algod\u00f3n con certificaci\u00f3n GOTS, no contiene productos qu\u00edmicos ni tintes, por lo que es seguro para pieles sensibles y hogares ecol\u00f3gicos.<\/p>\n<p><strong>Peso:<\/strong> 320 g\/m\u00b2 \/ 9,44 oz\/yd\u00b2<br \/>\n<strong>Ancho: <\/strong>230 cm (90 pulgadas)<\/p>\n<p>Cortaremos cualquier cantidad que pidas en una sola pieza larga.<\/p>\n<div class=\"global-icon-set\">\n<div class=\"global-icon-set__items\">\n<div class=\"global-icon-set__item\">\n<div class=\"global-icon-set__image\">\n                                    <img decoding=\"async\" src=\"https:\/\/homeofwool.com\/wp-content\/uploads\/2025\/09\/VOCs-min-300x300.png\" alt=\"vocs free\" \/>\n                                <\/div>\n<div class=\"global-icon-set__title\">Sin COV<\/div>\n<\/p><\/div>\n<div class=\"global-icon-set__item\">\n<div class=\"global-icon-set__image\">\n                                    <img decoding=\"async\" src=\"https:\/\/homeofwool.com\/wp-content\/uploads\/2025\/09\/free-of-synthetics-icon-300x300.png\" alt=\"icono sin sint\u00e9ticos\" \/>\n                                <\/div>\n<div class=\"global-icon-set__title\">Sin sint\u00e9ticos<\/div>\n<\/p><\/div>\n<div class=\"global-icon-set__item\">\n<div class=\"global-icon-set__image\">\n                                    <img decoding=\"async\" src=\"https:\/\/homeofwool.com\/wp-content\/uploads\/2025\/09\/chemical-free-icon-300x300.png\" alt=\"icono sin productos qu\u00edmicos\" \/>\n                                <\/div>\n<div class=\"global-icon-set__title\">Sin productos qu\u00edmicos<\/div>\n<\/p><\/div>\n<\/p><\/div>\n<\/p><\/div>","protected":false},"featured_media":227324,"template":"","meta":{"_acf_changed":false},"product_brand":[],"product_cat":[25],"product_tag":[261,262,85,86,263,94,95],"class_list":{"0":"post-217512","1":"product","2":"type-product","3":"status-publish","4":"has-post-thumbnail","6":"product_cat-wool-fabrics-batting","7":"product_tag-cotton-fabric-by-the-yard","8":"product_tag-cotton-fabric-for-applique","9":"product_tag-craft-supplies","10":"product_tag-eco-friendly-textile","11":"product_tag-pure-cotton-fabric","12":"product_tag-sewing-supply","13":"product_tag-undyed-fibers","15":"first","16":"instock","17":"shipping-taxable","18":"purchasable","19":"product-type-variable"},"acf":[],"yoast_head":"<!-- This site is optimized with the Yoast SEO Premium plugin v27.3 (Yoast SEO v27.3) - https:\/\/yoast.com\/product\/yoast-seo-premium-wordpress\/ -->\n<title>Cotton Fabric \u2013 Heavyweight, GOTS Certified, Cut-to-size | Home of Wool<\/title>\n<meta name=\"description\" content=\"Sturdy, natural cotton fabric, heavyweight, breathable, and safe for sensitive skin. Great for upholstery, bedding, cushions, and toxin-free DIY creations.\" \/>\n<meta name=\"robots\" content=\"index, follow, max-snippet:-1, max-image-preview:large, max-video-preview:-1\" \/>\n<link rel=\"canonical\" href=\"https:\/\/homeofwool.com\/es\/tienda\/algodon-certificado-gots\/\" \/>\n<meta property=\"og:locale\" content=\"es_ES\" \/>\n<meta property=\"og:type\" content=\"article\" \/>\n<meta property=\"og:title\" content=\"100% Cotton Fabric \u2013 Heavyweight\" \/>\n<meta property=\"og:description\" content=\"Sturdy, natural cotton fabric, heavyweight, breathable, and safe for sensitive skin. Great for upholstery, bedding, cushions, and toxin-free DIY creations.\" \/>\n<meta property=\"og:url\" content=\"https:\/\/homeofwool.com\/es\/tienda\/algodon-certificado-gots\/\" \/>\n<meta property=\"og:site_name\" content=\"Home of Wool\" \/>\n<meta property=\"article:publisher\" content=\"https:\/\/facebook.com\/HomeOfWoolOfficial\" \/>\n<meta property=\"article:modified_time\" content=\"2026-01-15T12:43:18+00:00\" \/>\n<meta property=\"og:image\" content=\"https:\/\/homeofwool.com\/wp-content\/uploads\/2025\/09\/home-of-wool-100-cotton-fabric-heavyweight-1.jpg\" \/>\n\t<meta property=\"og:image:width\" content=\"2000\" \/>\n\t<meta property=\"og:image:height\" content=\"1599\" \/>\n\t<meta property=\"og:image:type\" content=\"image\/jpeg\" \/>\n<meta name=\"twitter:card\" content=\"summary_large_image\" \/>\n<meta name=\"twitter:label1\" content=\"Tiempo de lectura\" \/>\n\t<meta name=\"twitter:data1\" content=\"1 minuto\" \/>\n<script type=\"application\/ld+json\" class=\"yoast-schema-graph\">{\"@context\":\"https:\\\/\\\/schema.org\",\"@graph\":[{\"@type\":\"WebPage\",\"@id\":\"https:\\\/\\\/homeofwool.com\\\/shop\\\/gots-certified-cotton\\\/\",\"url\":\"https:\\\/\\\/homeofwool.com\\\/shop\\\/gots-certified-cotton\\\/\",\"name\":\"Cotton Fabric \u2013 Heavyweight, GOTS Certified, Cut-to-size | Home of Wool\",\"isPartOf\":{\"@id\":\"https:\\\/\\\/homeofwool.com\\\/#website\"},\"primaryImageOfPage\":{\"@id\":\"https:\\\/\\\/homeofwool.com\\\/shop\\\/gots-certified-cotton\\\/#primaryimage\"},\"image\":{\"@id\":\"https:\\\/\\\/homeofwool.com\\\/shop\\\/gots-certified-cotton\\\/#primaryimage\"},\"thumbnailUrl\":\"https:\\\/\\\/homeofwool.com\\\/wp-content\\\/uploads\\\/2025\\\/09\\\/home-of-wool-100-cotton-fabric-heavyweight-1.jpg\",\"datePublished\":\"2025-09-02T12:00:51+00:00\",\"dateModified\":\"2026-01-15T12:43:18+00:00\",\"description\":\"Sturdy, natural cotton fabric, heavyweight, breathable, and safe for sensitive skin. Great for upholstery, bedding, cushions, and toxin-free DIY creations.\",\"breadcrumb\":{\"@id\":\"https:\\\/\\\/homeofwool.com\\\/shop\\\/gots-certified-cotton\\\/#breadcrumb\"},\"inLanguage\":\"es\",\"potentialAction\":[{\"@type\":\"ReadAction\",\"target\":[\"https:\\\/\\\/homeofwool.com\\\/shop\\\/gots-certified-cotton\\\/\"]}]},{\"@type\":\"ImageObject\",\"inLanguage\":\"es\",\"@id\":\"https:\\\/\\\/homeofwool.com\\\/shop\\\/gots-certified-cotton\\\/#primaryimage\",\"url\":\"https:\\\/\\\/homeofwool.com\\\/wp-content\\\/uploads\\\/2025\\\/09\\\/home-of-wool-100-cotton-fabric-heavyweight-1.jpg\",\"contentUrl\":\"https:\\\/\\\/homeofwool.com\\\/wp-content\\\/uploads\\\/2025\\\/09\\\/home-of-wool-100-cotton-fabric-heavyweight-1.jpg\",\"width\":2000,\"height\":1599},{\"@type\":\"BreadcrumbList\",\"@id\":\"https:\\\/\\\/homeofwool.com\\\/shop\\\/gots-certified-cotton\\\/#breadcrumb\",\"itemListElement\":[{\"@type\":\"ListItem\",\"position\":1,\"name\":\"Home\",\"item\":\"https:\\\/\\\/homeofwool.com\\\/\"},{\"@type\":\"ListItem\",\"position\":2,\"name\":\"Products\",\"item\":\"https:\\\/\\\/homeofwool.com\\\/header-search-2\\\/\"},{\"@type\":\"ListItem\",\"position\":3,\"name\":\"100% Cotton Fabric \u2013 Heavyweight\"}]},{\"@type\":\"WebSite\",\"@id\":\"https:\\\/\\\/homeofwool.com\\\/#website\",\"url\":\"https:\\\/\\\/homeofwool.com\\\/\",\"name\":\"Home of Wool\",\"description\":\"\",\"publisher\":{\"@id\":\"https:\\\/\\\/homeofwool.com\\\/#organization\"},\"potentialAction\":[{\"@type\":\"SearchAction\",\"target\":{\"@type\":\"EntryPoint\",\"urlTemplate\":\"https:\\\/\\\/homeofwool.com\\\/?s={search_term_string}\"},\"query-input\":{\"@type\":\"PropertyValueSpecification\",\"valueRequired\":true,\"valueName\":\"search_term_string\"}}],\"inLanguage\":\"es\"},{\"@type\":\"Organization\",\"@id\":\"https:\\\/\\\/homeofwool.com\\\/#organization\",\"name\":\"Home of Wool\",\"url\":\"https:\\\/\\\/homeofwool.com\\\/\",\"logo\":{\"@type\":\"ImageObject\",\"inLanguage\":\"es\",\"@id\":\"https:\\\/\\\/homeofwool.com\\\/#\\\/schema\\\/logo\\\/image\\\/\",\"url\":\"https:\\\/\\\/homeofwool.com\\\/wp-content\\\/uploads\\\/2025\\\/09\\\/WhatsApp-Image-2025-12-02-at-16.23.20.jpeg\",\"contentUrl\":\"https:\\\/\\\/homeofwool.com\\\/wp-content\\\/uploads\\\/2025\\\/09\\\/WhatsApp-Image-2025-12-02-at-16.23.20.jpeg\",\"width\":700,\"height\":247,\"caption\":\"Home of Wool\"},\"image\":{\"@id\":\"https:\\\/\\\/homeofwool.com\\\/#\\\/schema\\\/logo\\\/image\\\/\"},\"sameAs\":[\"https:\\\/\\\/facebook.com\\\/HomeOfWoolOfficial\"]}]}<\/script>\n<!-- \/ Yoast SEO Premium plugin. -->","yoast_head_json":{"title":"Tejido de algod\u00f3n \u2013 Pesado, con certificaci\u00f3n GOTS, cortado a medida | Home of Wool","description":"Tejido de algod\u00f3n natural resistente, pesado, transpirable y apto para pieles sensibles. Ideal para tapicer\u00eda, ropa de cama, cojines y creaciones DIY libres de toxinas.","robots":{"index":"index","follow":"follow","max-snippet":"max-snippet:-1","max-image-preview":"max-image-preview:large","max-video-preview":"max-video-preview:-1"},"canonical":"https:\/\/homeofwool.com\/es\/tienda\/algodon-certificado-gots\/","og_locale":"es_ES","og_type":"article","og_title":"100% Cotton Fabric \u2013 Heavyweight","og_description":"Sturdy, natural cotton fabric, heavyweight, breathable, and safe for sensitive skin. Great for upholstery, bedding, cushions, and toxin-free DIY creations.","og_url":"https:\/\/homeofwool.com\/es\/tienda\/algodon-certificado-gots\/","og_site_name":"Home of Wool","article_publisher":"https:\/\/facebook.com\/HomeOfWoolOfficial","article_modified_time":"2026-01-15T12:43:18+00:00","og_image":[{"width":2000,"height":1599,"url":"https:\/\/homeofwool.com\/wp-content\/uploads\/2025\/09\/home-of-wool-100-cotton-fabric-heavyweight-1.jpg","type":"image\/jpeg"}],"twitter_card":"summary_large_image","twitter_misc":{"Tiempo de lectura":"1 minuto"},"schema":{"@context":"https:\/\/schema.org","@graph":[{"@type":"WebPage","@id":"https:\/\/homeofwool.com\/shop\/gots-certified-cotton\/","url":"https:\/\/homeofwool.com\/shop\/gots-certified-cotton\/","name":"Tejido de algod\u00f3n \u2013 Pesado, con certificaci\u00f3n GOTS, cortado a medida | Home of Wool","isPartOf":{"@id":"https:\/\/homeofwool.com\/#website"},"primaryImageOfPage":{"@id":"https:\/\/homeofwool.com\/shop\/gots-certified-cotton\/#primaryimage"},"image":{"@id":"https:\/\/homeofwool.com\/shop\/gots-certified-cotton\/#primaryimage"},"thumbnailUrl":"https:\/\/homeofwool.com\/wp-content\/uploads\/2025\/09\/home-of-wool-100-cotton-fabric-heavyweight-1.jpg","datePublished":"2025-09-02T12:00:51+00:00","dateModified":"2026-01-15T12:43:18+00:00","description":"Tejido de algod\u00f3n natural resistente, pesado, transpirable y apto para pieles sensibles. Ideal para tapicer\u00eda, ropa de cama, cojines y creaciones DIY libres de toxinas.","breadcrumb":{"@id":"https:\/\/homeofwool.com\/shop\/gots-certified-cotton\/#breadcrumb"},"inLanguage":"es","potentialAction":[{"@type":"ReadAction","target":["https:\/\/homeofwool.com\/shop\/gots-certified-cotton\/"]}]},{"@type":"ImageObject","inLanguage":"es","@id":"https:\/\/homeofwool.com\/shop\/gots-certified-cotton\/#primaryimage","url":"https:\/\/homeofwool.com\/wp-content\/uploads\/2025\/09\/home-of-wool-100-cotton-fabric-heavyweight-1.jpg","contentUrl":"https:\/\/homeofwool.com\/wp-content\/uploads\/2025\/09\/home-of-wool-100-cotton-fabric-heavyweight-1.jpg","width":2000,"height":1599},{"@type":"BreadcrumbList","@id":"https:\/\/homeofwool.com\/shop\/gots-certified-cotton\/#breadcrumb","itemListElement":[{"@type":"ListItem","position":1,"name":"Home","item":"https:\/\/homeofwool.com\/"},{"@type":"ListItem","position":2,"name":"Products","item":"https:\/\/homeofwool.com\/header-search-2\/"},{"@type":"ListItem","position":3,"name":"100% Cotton Fabric \u2013 Heavyweight"}]},{"@type":"WebSite","@id":"https:\/\/homeofwool.com\/#website","url":"https:\/\/homeofwool.com\/","name":"Hogar de la lana","description":"","publisher":{"@id":"https:\/\/homeofwool.com\/#organization"},"potentialAction":[{"@type":"SearchAction","target":{"@type":"EntryPoint","urlTemplate":"https:\/\/homeofwool.com\/?s={search_term_string}"},"query-input":{"@type":"PropertyValueSpecification","valueRequired":true,"valueName":"search_term_string"}}],"inLanguage":"es"},{"@type":"Organization","@id":"https:\/\/homeofwool.com\/#organization","name":"Hogar de la lana","url":"https:\/\/homeofwool.com\/","logo":{"@type":"ImageObject","inLanguage":"es","@id":"https:\/\/homeofwool.com\/#\/schema\/logo\/image\/","url":"https:\/\/homeofwool.com\/wp-content\/uploads\/2025\/09\/WhatsApp-Image-2025-12-02-at-16.23.20.jpeg","contentUrl":"https:\/\/homeofwool.com\/wp-content\/uploads\/2025\/09\/WhatsApp-Image-2025-12-02-at-16.23.20.jpeg","width":700,"height":247,"caption":"Home of Wool"},"image":{"@id":"https:\/\/homeofwool.com\/#\/schema\/logo\/image\/"},"sameAs":["https:\/\/facebook.com\/HomeOfWoolOfficial"]}]}},"_links":{"self":[{"href":"https:\/\/homeofwool.com\/es\/wp-json\/wp\/v2\/product\/217512","targetHints":{"allow":["GET"]}}],"collection":[{"href":"https:\/\/homeofwool.com\/es\/wp-json\/wp\/v2\/product"}],"about":[{"href":"https:\/\/homeofwool.com\/es\/wp-json\/wp\/v2\/types\/product"}],"version-history":[{"count":1,"href":"https:\/\/homeofwool.com\/es\/wp-json\/wp\/v2\/product\/217512\/revisions"}],"predecessor-version":[{"id":227329,"href":"https:\/\/homeofwool.com\/es\/wp-json\/wp\/v2\/product\/217512\/revisions\/227329"}],"wp:featuredmedia":[{"embeddable":true,"href":"https:\/\/homeofwool.com\/es\/wp-json\/wp\/v2\/media\/227324"}],"wp:attachment":[{"href":"https:\/\/homeofwool.com\/es\/wp-json\/wp\/v2\/media?parent=217512"}],"wp:term":[{"taxonomy":"product_brand","embeddable":true,"href":"https:\/\/homeofwool.com\/es\/wp-json\/wp\/v2\/product_brand?post=217512"},{"taxonomy":"product_cat","embeddable":true,"href":"https:\/\/homeofwool.com\/es\/wp-json\/wp\/v2\/product_cat?post=217512"},{"taxonomy":"product_tag","embeddable":true,"href":"https:\/\/homeofwool.com\/es\/wp-json\/wp\/v2\/product_tag?post=217512"}],"curies":[{"name":"wp","href":"https:\/\/api.w.org\/{rel}","templated":true}]}}