{"id":217511,"date":"2025-09-02T12:00:51","date_gmt":"2025-09-02T12:00:51","guid":{"rendered":"https:\/\/homeofwool.com\/?post_type=product&#038;p=217511"},"modified":"2026-01-26T17:54:03","modified_gmt":"2026-01-26T17:54:03","slug":"tejido-de-seda-de-morera","status":"publish","type":"product","link":"https:\/\/homeofwool.com\/es\/shop\/mulberry-silk-fabric\/","title":{"rendered":"Tejido de seda de morera 100% \u2013 Perla"},"content":{"rendered":"<p>Nuestro tejido de seda Mulberry 100% es la aut\u00e9ntica expresi\u00f3n del lujo sostenible. Tejido con las mejores fibras de seda natural, ofrece un brillo suave pero no resbaladizo. Completamente libre de recubrimientos y acabados qu\u00edmicos, este lujoso tejido de seda mantiene intactos sus amino\u00e1cidos esenciales. Se sabe que estos favorecen la salud de la piel y el cabello. Tambi\u00e9n se considera que tienen un efecto calmante sobre el sistema nervioso.<\/p>\n<p>La seda natural es un tejido resistente a los \u00e1caros del polvo. Por eso es una opci\u00f3n de confianza para las personas con asma, alergias o sensibilidades. Tambi\u00e9n ayuda a regular la temperatura corporal y reduce la acumulaci\u00f3n de humedad. De este modo, podr\u00e1 decir adi\u00f3s al calor excesivo y dar la bienvenida a noches frescas y reparadoras. Durante generaciones, la gente ha cre\u00eddo en los beneficios de la seda para la belleza. Hoy en d\u00eda, la ciencia confirma su papel en el rejuvenecimiento de la piel y la reducci\u00f3n de la rotura del cabello.<\/p>\n<p>Disponible en seda cortada a medida, puede pedir exactamente la longitud que necesita para proyectos que van desde fundas de almohada y s\u00e1banas de seda hasta elegantes prendas de moda. El ancho es de 150 cm (59\u2033). Si busca seda con beneficios para la piel, este tejido ofrece un equilibrio perfecto entre bienestar, comodidad y estilo atemporal.<\/p>","protected":false},"excerpt":{"rendered":"<p>Disfrute de la belleza atemporal de nuestro tejido de seda de morera en su forma m\u00e1s pura. Esta seda natural 100% es lujosamente suave, hipoalerg\u00e9nica por naturaleza y delicada tanto con la piel como con el cabello. Ideal para ropa de cama, moda o proyectos para el hogar, aporta elegancia a la vez que favorece un mejor descanso y el bienestar general.<\/p>\n<div class=\"global-icon-set\">\n<div class=\"global-icon-set__items\">\n<div class=\"global-icon-set__item\">\n<div class=\"global-icon-set__image\">\n                                    <img decoding=\"async\" src=\"https:\/\/homeofwool.com\/wp-content\/uploads\/2025\/09\/VOCs-min-300x300.png\" alt=\"vocs free\" \/>\n                                <\/div>\n<div class=\"global-icon-set__title\">Sin COV<\/div>\n<\/p><\/div>\n<div class=\"global-icon-set__item\">\n<div class=\"global-icon-set__image\">\n                                    <img decoding=\"async\" src=\"https:\/\/homeofwool.com\/wp-content\/uploads\/2025\/09\/Hypoallergenic-min-300x300.png\" alt=\"icono hipoalerg\u00e9nico\" \/>\n                                <\/div>\n<div class=\"global-icon-set__title\">Hipoalerg\u00e9nico<\/div>\n<\/p><\/div>\n<div class=\"global-icon-set__item\">\n<div class=\"global-icon-set__image\">\n                                    <img decoding=\"async\" src=\"https:\/\/homeofwool.com\/wp-content\/uploads\/2025\/09\/free-of-synthetics-icon-300x300.png\" alt=\"icono sin sint\u00e9ticos\" \/>\n                                <\/div>\n<div class=\"global-icon-set__title\">Sin sint\u00e9ticos<\/div>\n<\/p><\/div>\n<div class=\"global-icon-set__item\">\n<div class=\"global-icon-set__image\">\n                                    <img decoding=\"async\" src=\"https:\/\/homeofwool.com\/wp-content\/uploads\/2025\/09\/chemical-free-icon-300x300.png\" alt=\"icono sin productos qu\u00edmicos\" \/>\n                                <\/div>\n<div class=\"global-icon-set__title\">Sin productos qu\u00edmicos<\/div>\n<\/p><\/div>\n<div class=\"global-icon-set__item\">\n<div class=\"global-icon-set__image\">\n                                    <img decoding=\"async\" src=\"https:\/\/homeofwool.com\/wp-content\/uploads\/2025\/09\/anti-bacterial-icon-300x300.png\" alt=\"icono antibacteriano\" \/>\n                                <\/div>\n<div class=\"global-icon-set__title\">Antimicrobiano y antibacteriano<\/div>\n<\/p><\/div>\n<\/p><\/div>\n<\/p><\/div>","protected":false},"featured_media":219394,"template":"","meta":{"_acf_changed":false},"product_brand":[],"product_cat":[25],"product_tag":[100,85,86,101,102,103,104,94,105,106],"class_list":{"0":"post-217511","1":"product","2":"type-product","3":"status-publish","4":"has-post-thumbnail","6":"product_cat-wool-fabrics-batting","7":"product_tag-by-the-yard-or-metre","8":"product_tag-craft-supplies","9":"product_tag-eco-friendly-textile","10":"product_tag-luxury-silk","11":"product_tag-mulberry-silk-fabric","12":"product_tag-organic-fiber","13":"product_tag-pure-silk-fabric","14":"product_tag-sewing-supply","15":"product_tag-unbleached-undyed","16":"product_tag-washed-silk-fabric","18":"first","19":"instock","20":"shipping-taxable","21":"purchasable","22":"product-type-variable"},"acf":[],"yoast_head":"<!-- This site is optimized with the Yoast SEO Premium plugin v27.4 (Yoast SEO v27.4) - https:\/\/yoast.com\/product\/yoast-seo-premium-wordpress\/ -->\n<title>Mulberry Silk Fabric \u2013 Pearl, Dust-mite Resistant Fabric | Home of Wool<\/title>\n<meta name=\"description\" content=\"Experience pure Mulberry Silk, smooth, natural, and skin-friendly. Perfect for bedding, clothing, and crafts with timeless wellness benefits.\" \/>\n<meta name=\"robots\" content=\"index, follow, max-snippet:-1, max-image-preview:large, max-video-preview:-1\" \/>\n<link rel=\"canonical\" href=\"https:\/\/homeofwool.com\/es\/tienda\/tejido-de-seda-de-morera\/\" \/>\n<meta property=\"og:locale\" content=\"es_ES\" \/>\n<meta property=\"og:type\" content=\"article\" \/>\n<meta property=\"og:title\" content=\"100% Mulberry Silk Fabric \u2013 Pearl\" \/>\n<meta property=\"og:description\" content=\"Experience pure Mulberry Silk, smooth, natural, and skin-friendly. Perfect for bedding, clothing, and crafts with timeless wellness benefits.\" \/>\n<meta property=\"og:url\" content=\"https:\/\/homeofwool.com\/es\/tienda\/tejido-de-seda-de-morera\/\" \/>\n<meta property=\"og:site_name\" content=\"Home of Wool\" \/>\n<meta property=\"article:publisher\" content=\"https:\/\/facebook.com\/HomeOfWoolOfficial\" \/>\n<meta property=\"article:modified_time\" content=\"2026-01-26T17:54:03+00:00\" \/>\n<meta property=\"og:image\" content=\"https:\/\/homeofwool.com\/wp-content\/uploads\/2025\/09\/home-of-wool-100-mulberry-silk-fabric-\u2013-pearl-1-main-100-silk.jpg\" \/>\n\t<meta property=\"og:image:width\" content=\"2400\" \/>\n\t<meta property=\"og:image:height\" content=\"1920\" \/>\n\t<meta property=\"og:image:type\" content=\"image\/jpeg\" \/>\n<meta name=\"twitter:card\" content=\"summary_large_image\" \/>\n<meta name=\"twitter:label1\" content=\"Tiempo de lectura\" \/>\n\t<meta name=\"twitter:data1\" content=\"1 minuto\" \/>\n<script type=\"application\/ld+json\" class=\"yoast-schema-graph\">{\"@context\":\"https:\\\/\\\/schema.org\",\"@graph\":[{\"@type\":\"WebPage\",\"@id\":\"https:\\\/\\\/homeofwool.com\\\/shop\\\/mulberry-silk-fabric\\\/\",\"url\":\"https:\\\/\\\/homeofwool.com\\\/shop\\\/mulberry-silk-fabric\\\/\",\"name\":\"Mulberry Silk Fabric \u2013 Pearl, Dust-mite Resistant Fabric | Home of Wool\",\"isPartOf\":{\"@id\":\"https:\\\/\\\/homeofwool.com\\\/#website\"},\"primaryImageOfPage\":{\"@id\":\"https:\\\/\\\/homeofwool.com\\\/shop\\\/mulberry-silk-fabric\\\/#primaryimage\"},\"image\":{\"@id\":\"https:\\\/\\\/homeofwool.com\\\/shop\\\/mulberry-silk-fabric\\\/#primaryimage\"},\"thumbnailUrl\":\"https:\\\/\\\/homeofwool.com\\\/wp-content\\\/uploads\\\/2025\\\/09\\\/home-of-wool-100-mulberry-silk-fabric-\u2013-pearl-1-main-100-silk.jpg\",\"datePublished\":\"2025-09-02T12:00:51+00:00\",\"dateModified\":\"2026-01-26T17:54:03+00:00\",\"description\":\"Experience pure Mulberry Silk, smooth, natural, and skin-friendly. Perfect for bedding, clothing, and crafts with timeless wellness benefits.\",\"breadcrumb\":{\"@id\":\"https:\\\/\\\/homeofwool.com\\\/shop\\\/mulberry-silk-fabric\\\/#breadcrumb\"},\"inLanguage\":\"es\",\"potentialAction\":[{\"@type\":\"ReadAction\",\"target\":[\"https:\\\/\\\/homeofwool.com\\\/shop\\\/mulberry-silk-fabric\\\/\"]}]},{\"@type\":\"ImageObject\",\"inLanguage\":\"es\",\"@id\":\"https:\\\/\\\/homeofwool.com\\\/shop\\\/mulberry-silk-fabric\\\/#primaryimage\",\"url\":\"https:\\\/\\\/homeofwool.com\\\/wp-content\\\/uploads\\\/2025\\\/09\\\/home-of-wool-100-mulberry-silk-fabric-\u2013-pearl-1-main-100-silk.jpg\",\"contentUrl\":\"https:\\\/\\\/homeofwool.com\\\/wp-content\\\/uploads\\\/2025\\\/09\\\/home-of-wool-100-mulberry-silk-fabric-\u2013-pearl-1-main-100-silk.jpg\",\"width\":2400,\"height\":1920,\"caption\":\"100% mulberry silk fabric close up\"},{\"@type\":\"BreadcrumbList\",\"@id\":\"https:\\\/\\\/homeofwool.com\\\/shop\\\/mulberry-silk-fabric\\\/#breadcrumb\",\"itemListElement\":[{\"@type\":\"ListItem\",\"position\":1,\"name\":\"Home\",\"item\":\"https:\\\/\\\/homeofwool.com\\\/\"},{\"@type\":\"ListItem\",\"position\":2,\"name\":\"Products\",\"item\":\"https:\\\/\\\/homeofwool.com\\\/header-search-2\\\/\"},{\"@type\":\"ListItem\",\"position\":3,\"name\":\"100% Mulberry Silk Fabric \u2013 Pearl\"}]},{\"@type\":\"WebSite\",\"@id\":\"https:\\\/\\\/homeofwool.com\\\/#website\",\"url\":\"https:\\\/\\\/homeofwool.com\\\/\",\"name\":\"Home of Wool\",\"description\":\"\",\"publisher\":{\"@id\":\"https:\\\/\\\/homeofwool.com\\\/#organization\"},\"potentialAction\":[{\"@type\":\"SearchAction\",\"target\":{\"@type\":\"EntryPoint\",\"urlTemplate\":\"https:\\\/\\\/homeofwool.com\\\/?s={search_term_string}\"},\"query-input\":{\"@type\":\"PropertyValueSpecification\",\"valueRequired\":true,\"valueName\":\"search_term_string\"}}],\"inLanguage\":\"es\"},{\"@type\":\"Organization\",\"@id\":\"https:\\\/\\\/homeofwool.com\\\/#organization\",\"name\":\"Home of Wool\",\"url\":\"https:\\\/\\\/homeofwool.com\\\/\",\"logo\":{\"@type\":\"ImageObject\",\"inLanguage\":\"es\",\"@id\":\"https:\\\/\\\/homeofwool.com\\\/#\\\/schema\\\/logo\\\/image\\\/\",\"url\":\"https:\\\/\\\/homeofwool.com\\\/wp-content\\\/uploads\\\/2025\\\/09\\\/WhatsApp-Image-2025-12-02-at-16.23.20.jpeg\",\"contentUrl\":\"https:\\\/\\\/homeofwool.com\\\/wp-content\\\/uploads\\\/2025\\\/09\\\/WhatsApp-Image-2025-12-02-at-16.23.20.jpeg\",\"width\":700,\"height\":247,\"caption\":\"Home of Wool\"},\"image\":{\"@id\":\"https:\\\/\\\/homeofwool.com\\\/#\\\/schema\\\/logo\\\/image\\\/\"},\"sameAs\":[\"https:\\\/\\\/facebook.com\\\/HomeOfWoolOfficial\"]}]}<\/script>\n<!-- \/ Yoast SEO Premium plugin. -->","yoast_head_json":{"title":"Tejido de seda de morera \u2013 Perla, tejido resistente a los \u00e1caros del polvo | Home of Wool","description":"Disfrute de la seda de morera pura, suave, natural y agradable al tacto. Perfecta para ropa de cama, prendas de vestir y manualidades, con beneficios para la salud atemporales.","robots":{"index":"index","follow":"follow","max-snippet":"max-snippet:-1","max-image-preview":"max-image-preview:large","max-video-preview":"max-video-preview:-1"},"canonical":"https:\/\/homeofwool.com\/es\/tienda\/tejido-de-seda-de-morera\/","og_locale":"es_ES","og_type":"article","og_title":"100% Mulberry Silk Fabric \u2013 Pearl","og_description":"Experience pure Mulberry Silk, smooth, natural, and skin-friendly. Perfect for bedding, clothing, and crafts with timeless wellness benefits.","og_url":"https:\/\/homeofwool.com\/es\/tienda\/tejido-de-seda-de-morera\/","og_site_name":"Home of Wool","article_publisher":"https:\/\/facebook.com\/HomeOfWoolOfficial","article_modified_time":"2026-01-26T17:54:03+00:00","og_image":[{"width":2400,"height":1920,"url":"https:\/\/homeofwool.com\/wp-content\/uploads\/2025\/09\/home-of-wool-100-mulberry-silk-fabric-\u2013-pearl-1-main-100-silk.jpg","type":"image\/jpeg"}],"twitter_card":"summary_large_image","twitter_misc":{"Tiempo de lectura":"1 minuto"},"schema":{"@context":"https:\/\/schema.org","@graph":[{"@type":"WebPage","@id":"https:\/\/homeofwool.com\/shop\/mulberry-silk-fabric\/","url":"https:\/\/homeofwool.com\/shop\/mulberry-silk-fabric\/","name":"Tejido de seda de morera \u2013 Perla, tejido resistente a los \u00e1caros del polvo | Home of Wool","isPartOf":{"@id":"https:\/\/homeofwool.com\/#website"},"primaryImageOfPage":{"@id":"https:\/\/homeofwool.com\/shop\/mulberry-silk-fabric\/#primaryimage"},"image":{"@id":"https:\/\/homeofwool.com\/shop\/mulberry-silk-fabric\/#primaryimage"},"thumbnailUrl":"https:\/\/homeofwool.com\/wp-content\/uploads\/2025\/09\/home-of-wool-100-mulberry-silk-fabric-\u2013-pearl-1-main-100-silk.jpg","datePublished":"2025-09-02T12:00:51+00:00","dateModified":"2026-01-26T17:54:03+00:00","description":"Disfrute de la seda de morera pura, suave, natural y agradable al tacto. Perfecta para ropa de cama, prendas de vestir y manualidades, con beneficios para la salud atemporales.","breadcrumb":{"@id":"https:\/\/homeofwool.com\/shop\/mulberry-silk-fabric\/#breadcrumb"},"inLanguage":"es","potentialAction":[{"@type":"ReadAction","target":["https:\/\/homeofwool.com\/shop\/mulberry-silk-fabric\/"]}]},{"@type":"ImageObject","inLanguage":"es","@id":"https:\/\/homeofwool.com\/shop\/mulberry-silk-fabric\/#primaryimage","url":"https:\/\/homeofwool.com\/wp-content\/uploads\/2025\/09\/home-of-wool-100-mulberry-silk-fabric-\u2013-pearl-1-main-100-silk.jpg","contentUrl":"https:\/\/homeofwool.com\/wp-content\/uploads\/2025\/09\/home-of-wool-100-mulberry-silk-fabric-\u2013-pearl-1-main-100-silk.jpg","width":2400,"height":1920,"caption":"100% mulberry silk fabric close up"},{"@type":"BreadcrumbList","@id":"https:\/\/homeofwool.com\/shop\/mulberry-silk-fabric\/#breadcrumb","itemListElement":[{"@type":"ListItem","position":1,"name":"Home","item":"https:\/\/homeofwool.com\/"},{"@type":"ListItem","position":2,"name":"Products","item":"https:\/\/homeofwool.com\/header-search-2\/"},{"@type":"ListItem","position":3,"name":"100% Mulberry Silk Fabric \u2013 Pearl"}]},{"@type":"WebSite","@id":"https:\/\/homeofwool.com\/#website","url":"https:\/\/homeofwool.com\/","name":"Hogar de la lana","description":"","publisher":{"@id":"https:\/\/homeofwool.com\/#organization"},"potentialAction":[{"@type":"SearchAction","target":{"@type":"EntryPoint","urlTemplate":"https:\/\/homeofwool.com\/?s={search_term_string}"},"query-input":{"@type":"PropertyValueSpecification","valueRequired":true,"valueName":"search_term_string"}}],"inLanguage":"es"},{"@type":"Organization","@id":"https:\/\/homeofwool.com\/#organization","name":"Hogar de la lana","url":"https:\/\/homeofwool.com\/","logo":{"@type":"ImageObject","inLanguage":"es","@id":"https:\/\/homeofwool.com\/#\/schema\/logo\/image\/","url":"https:\/\/homeofwool.com\/wp-content\/uploads\/2025\/09\/WhatsApp-Image-2025-12-02-at-16.23.20.jpeg","contentUrl":"https:\/\/homeofwool.com\/wp-content\/uploads\/2025\/09\/WhatsApp-Image-2025-12-02-at-16.23.20.jpeg","width":700,"height":247,"caption":"Home of Wool"},"image":{"@id":"https:\/\/homeofwool.com\/#\/schema\/logo\/image\/"},"sameAs":["https:\/\/facebook.com\/HomeOfWoolOfficial"]}]}},"_links":{"self":[{"href":"https:\/\/homeofwool.com\/es\/wp-json\/wp\/v2\/product\/217511","targetHints":{"allow":["GET"]}}],"collection":[{"href":"https:\/\/homeofwool.com\/es\/wp-json\/wp\/v2\/product"}],"about":[{"href":"https:\/\/homeofwool.com\/es\/wp-json\/wp\/v2\/types\/product"}],"version-history":[{"count":1,"href":"https:\/\/homeofwool.com\/es\/wp-json\/wp\/v2\/product\/217511\/revisions"}],"predecessor-version":[{"id":227654,"href":"https:\/\/homeofwool.com\/es\/wp-json\/wp\/v2\/product\/217511\/revisions\/227654"}],"wp:featuredmedia":[{"embeddable":true,"href":"https:\/\/homeofwool.com\/es\/wp-json\/wp\/v2\/media\/219394"}],"wp:attachment":[{"href":"https:\/\/homeofwool.com\/es\/wp-json\/wp\/v2\/media?parent=217511"}],"wp:term":[{"taxonomy":"product_brand","embeddable":true,"href":"https:\/\/homeofwool.com\/es\/wp-json\/wp\/v2\/product_brand?post=217511"},{"taxonomy":"product_cat","embeddable":true,"href":"https:\/\/homeofwool.com\/es\/wp-json\/wp\/v2\/product_cat?post=217511"},{"taxonomy":"product_tag","embeddable":true,"href":"https:\/\/homeofwool.com\/es\/wp-json\/wp\/v2\/product_tag?post=217511"}],"curies":[{"name":"wp","href":"https:\/\/api.w.org\/{rel}","templated":true}]}}