{"id":217503,"date":"2025-09-02T12:00:50","date_gmt":"2025-09-02T12:00:50","guid":{"rendered":"https:\/\/homeofwool.com\/?post_type=product&#038;p=217503"},"modified":"2025-09-25T13:30:11","modified_gmt":"2025-09-25T13:30:11","slug":"tejido-de-lino","status":"publish","type":"product","link":"https:\/\/homeofwool.com\/es\/shop\/linen-fabric\/","title":{"rendered":"Tejido de lino 100%"},"content":{"rendered":"<p>Tejido como un tejido de lino puro y sostenible, este tejido pesado de 430 g\/m\u00b2 est\u00e1 dise\u00f1ado para ofrecer belleza y comodidad duraderas. Probado y aprobado seg\u00fan la norma OEKO-TEX Standard 100, no contiene tintes, recubrimientos ni acabados qu\u00edmicos. Una opci\u00f3n de lino segura y ecol\u00f3gica para cualquier interior.<\/p>\n<p>La resistencia natural del tejido lo hace ideal como tela para tapizar, ya que mantiene su forma con el uso diario y ofrece una resistencia inigualable en comparaci\u00f3n con el algod\u00f3n. El lino tiene una resistencia natural a las manchas y al moho. Por eso se mantiene limpio y fresco con muy poco cuidado.<\/p>\n<p>Al ser un tejido de lino transpirable, se mantiene agradablemente fresco y fresco en climas c\u00e1lidos. Tambi\u00e9n es hipoalerg\u00e9nico y suave con la piel sensible.<\/p>\n<p>Vers\u00e1til por naturaleza, este lino resistente queda genial en cualquier rinc\u00f3n de la casa. Se puede usar como funda para cojines grandes y colchones de adulto. Pero tambi\u00e9n puedes usarlo para detalles m\u00e1s peque\u00f1os, como fundas de cojines decorativos o cojines para cabeceros. Ideal para pufs y sillones hinchables. Cada pedido se corta en una sola pieza, lo que garantiza un mont\u00f3n de posibilidades.<\/p>\n<p>El lino es tambi\u00e9n una elecci\u00f3n consciente para el planeta. El lino es un material que requiere poco mantenimiento, crece con poca agua y no necesita productos qu\u00edmicos. Un tejido para tapicer\u00eda atemporal y natural que combina la sostenibilidad con una elegancia duradera.<\/p>\n<p><strong>ENCOGIMIENTO (despu\u00e9s del lavado):<\/strong><br \/>\nLongitudinal: 5%<br \/>\nAncho: 0%<\/p>\n<p>Lavar en ciclo suave con un detergente suave, sin abrillantadores. Se trata de un tejido natural, por lo que se arrugar\u00e1 al lavarlo.<\/p>\n<p><strong>VENTAJAS DEL LINO<\/strong><br \/>\nEl lino resiste las manchas como ning\u00fan otro tejido, por lo que es muy f\u00e1cil mantenerlo limpio. El lino es, con diferencia, nuestro tejido m\u00e1s duradero, mucho m\u00e1s resistente y fuerte que el algod\u00f3n. Adem\u00e1s, el lino es muy resistente al moho.<\/p>\n<ul>\n<li>El lino es un 30% m\u00e1s resistente que el algod\u00f3n.<\/li>\n<li>Fuertemente repelente a la suciedad<\/li>\n<li>Tiene una alta capacidad de absorci\u00f3n de humedad.<\/li>\n<li>Hipoalerg\u00e9nico<\/li>\n<li>Altamente transpirable<\/li>\n<li>Fibra estructuralmente s\u00f3lida para que los productos mantengan su forma.<\/li>\n<li>Respetuoso con el medio ambiente: requiere menos agua y productos qu\u00edmicos para su cultivo.<\/li>\n<\/ul>","protected":false},"excerpt":{"rendered":"<p>Experimente la resistencia y la elegancia de nuestro tejido de lino. Este material duradero es naturalmente transpirable y repele la suciedad. Es ideal para tapizar. Con \u00e9l puede crear cojines, colchones y diversos art\u00edculos de decoraci\u00f3n para el hogar. Sin recubrimientos ni tratamientos qu\u00edmicos, ofrece pureza y durabilidad.<\/p>\n<p><strong>Peso<\/strong>: 430 g\/m\u00b2<br \/>\n<strong>Anchura<\/strong>: 150 cm (59\u2033)<\/p>\n<p><strong>Hacer tiempo<\/strong>: 1-3 d\u00edas<br \/>\n<strong>Tiempo de env\u00edo<\/strong>: 1-4 semanas<\/p>\n<div class=\"global-icon-set\">\n<div class=\"global-icon-set__items\">\n<div class=\"global-icon-set__item\">\n<div class=\"global-icon-set__image\">\n                                    <img decoding=\"async\" src=\"https:\/\/homeofwool.com\/wp-content\/uploads\/2025\/09\/VOCs-min-300x300.png\" alt=\"vocs free\" \/>\n                                <\/div>\n<div class=\"global-icon-set__title\">Sin COV<\/div>\n<\/p><\/div>\n<div class=\"global-icon-set__item\">\n<div class=\"global-icon-set__image\">\n                                    <img decoding=\"async\" src=\"https:\/\/homeofwool.com\/wp-content\/uploads\/2025\/09\/Hypoallergenic-min-300x300.png\" alt=\"icono hipoalerg\u00e9nico\" \/>\n                                <\/div>\n<div class=\"global-icon-set__title\">Hipoalerg\u00e9nico<\/div>\n<\/p><\/div>\n<div class=\"global-icon-set__item\">\n<div class=\"global-icon-set__image\">\n                                    <img decoding=\"async\" src=\"https:\/\/homeofwool.com\/wp-content\/uploads\/2025\/09\/free-of-synthetics-icon-300x300.png\" alt=\"icono sin sint\u00e9ticos\" \/>\n                                <\/div>\n<div class=\"global-icon-set__title\">Sin sint\u00e9ticos<\/div>\n<\/p><\/div>\n<div class=\"global-icon-set__item\">\n<div class=\"global-icon-set__image\">\n                                    <img decoding=\"async\" src=\"https:\/\/homeofwool.com\/wp-content\/uploads\/2025\/09\/chemical-free-icon-300x300.png\" alt=\"icono sin productos qu\u00edmicos\" \/>\n                                <\/div>\n<div class=\"global-icon-set__title\">Sin productos qu\u00edmicos<\/div>\n<\/p><\/div>\n<\/p><\/div>\n<\/p><\/div>","protected":false},"featured_media":219238,"template":"","meta":{"_acf_changed":false},"product_brand":[],"product_cat":[25],"product_tag":[85,86,87,99,90,91,92,93,97,94,95],"class_list":{"0":"post-217503","1":"product","2":"type-product","3":"status-publish","4":"has-post-thumbnail","6":"product_cat-wool-fabrics-batting","7":"product_tag-craft-supplies","8":"product_tag-eco-friendly-textile","9":"product_tag-flax-linen-fabric","10":"product_tag-flax-linen-fabric-by-the-yard-or-metre","11":"product_tag-linen-fabric","12":"product_tag-natural-linen","13":"product_tag-prewashed-linen","14":"product_tag-pure-flax-linen","15":"product_tag-pure-linen","16":"product_tag-sewing-supply","17":"product_tag-undyed-fibers","19":"first","20":"instock","21":"shipping-taxable","22":"purchasable","23":"product-type-variable"},"acf":[],"yoast_head":"<!-- This site is optimized with the Yoast SEO Premium plugin v27.3 (Yoast SEO v27.3) - https:\/\/yoast.com\/product\/yoast-seo-premium-wordpress\/ -->\n<title>100% Natural Linen Fabric \u2013 Certified, Breathable &amp; Durable | Home of Wool<\/title>\n<meta name=\"description\" content=\"Durable and Oeko-Tex certified, the Textured Linen Fabric is breathable and eco-friendly, perfect for cushions, upholstery, and DIY projects where natural comfort and toxin-free quality matter.\" \/>\n<meta name=\"robots\" content=\"index, follow, max-snippet:-1, max-image-preview:large, max-video-preview:-1\" \/>\n<link rel=\"canonical\" href=\"https:\/\/homeofwool.com\/es\/tienda\/tejido-de-lino\/\" \/>\n<meta property=\"og:locale\" content=\"es_ES\" \/>\n<meta property=\"og:type\" content=\"article\" \/>\n<meta property=\"og:title\" content=\"100% Linen Fabric\" \/>\n<meta property=\"og:description\" content=\"Durable and Oeko-Tex certified, the Textured Linen Fabric is breathable and eco-friendly, perfect for cushions, upholstery, and DIY projects where natural comfort and toxin-free quality matter.\" \/>\n<meta property=\"og:url\" content=\"https:\/\/homeofwool.com\/es\/tienda\/tejido-de-lino\/\" \/>\n<meta property=\"og:site_name\" content=\"Home of Wool\" \/>\n<meta property=\"article:publisher\" content=\"https:\/\/facebook.com\/HomeOfWoolOfficial\" \/>\n<meta property=\"article:modified_time\" content=\"2025-09-25T13:30:11+00:00\" \/>\n<meta property=\"og:image\" content=\"https:\/\/homeofwool.com\/wp-content\/uploads\/2025\/09\/home-of-wool-100-linen-fabric-1-main.jpg\" \/>\n\t<meta property=\"og:image:width\" content=\"1041\" \/>\n\t<meta property=\"og:image:height\" content=\"833\" \/>\n\t<meta property=\"og:image:type\" content=\"image\/jpeg\" \/>\n<meta name=\"twitter:card\" content=\"summary_large_image\" \/>\n<meta name=\"twitter:label1\" content=\"Tiempo de lectura\" \/>\n\t<meta name=\"twitter:data1\" content=\"2 minutos\" \/>\n<script type=\"application\/ld+json\" class=\"yoast-schema-graph\">{\"@context\":\"https:\\\/\\\/schema.org\",\"@graph\":[{\"@type\":\"WebPage\",\"@id\":\"https:\\\/\\\/homeofwool.com\\\/shop\\\/linen-fabric\\\/\",\"url\":\"https:\\\/\\\/homeofwool.com\\\/shop\\\/linen-fabric\\\/\",\"name\":\"100% Natural Linen Fabric \u2013 Certified, Breathable & Durable | Home of Wool\",\"isPartOf\":{\"@id\":\"https:\\\/\\\/homeofwool.com\\\/#website\"},\"primaryImageOfPage\":{\"@id\":\"https:\\\/\\\/homeofwool.com\\\/shop\\\/linen-fabric\\\/#primaryimage\"},\"image\":{\"@id\":\"https:\\\/\\\/homeofwool.com\\\/shop\\\/linen-fabric\\\/#primaryimage\"},\"thumbnailUrl\":\"https:\\\/\\\/homeofwool.com\\\/wp-content\\\/uploads\\\/2025\\\/09\\\/home-of-wool-100-linen-fabric-1-main.jpg\",\"datePublished\":\"2025-09-02T12:00:50+00:00\",\"dateModified\":\"2025-09-25T13:30:11+00:00\",\"description\":\"Durable and Oeko-Tex certified, the Textured Linen Fabric is breathable and eco-friendly, perfect for cushions, upholstery, and DIY projects where natural comfort and toxin-free quality matter.\",\"breadcrumb\":{\"@id\":\"https:\\\/\\\/homeofwool.com\\\/shop\\\/linen-fabric\\\/#breadcrumb\"},\"inLanguage\":\"es\",\"potentialAction\":[{\"@type\":\"ReadAction\",\"target\":[\"https:\\\/\\\/homeofwool.com\\\/shop\\\/linen-fabric\\\/\"]}]},{\"@type\":\"ImageObject\",\"inLanguage\":\"es\",\"@id\":\"https:\\\/\\\/homeofwool.com\\\/shop\\\/linen-fabric\\\/#primaryimage\",\"url\":\"https:\\\/\\\/homeofwool.com\\\/wp-content\\\/uploads\\\/2025\\\/09\\\/home-of-wool-100-linen-fabric-1-main.jpg\",\"contentUrl\":\"https:\\\/\\\/homeofwool.com\\\/wp-content\\\/uploads\\\/2025\\\/09\\\/home-of-wool-100-linen-fabric-1-main.jpg\",\"width\":1041,\"height\":833,\"caption\":\"100% linen fabric close up\"},{\"@type\":\"BreadcrumbList\",\"@id\":\"https:\\\/\\\/homeofwool.com\\\/shop\\\/linen-fabric\\\/#breadcrumb\",\"itemListElement\":[{\"@type\":\"ListItem\",\"position\":1,\"name\":\"Home\",\"item\":\"https:\\\/\\\/homeofwool.com\\\/\"},{\"@type\":\"ListItem\",\"position\":2,\"name\":\"Products\",\"item\":\"https:\\\/\\\/homeofwool.com\\\/header-search-2\\\/\"},{\"@type\":\"ListItem\",\"position\":3,\"name\":\"100% Linen Fabric\"}]},{\"@type\":\"WebSite\",\"@id\":\"https:\\\/\\\/homeofwool.com\\\/#website\",\"url\":\"https:\\\/\\\/homeofwool.com\\\/\",\"name\":\"Home of Wool\",\"description\":\"\",\"publisher\":{\"@id\":\"https:\\\/\\\/homeofwool.com\\\/#organization\"},\"potentialAction\":[{\"@type\":\"SearchAction\",\"target\":{\"@type\":\"EntryPoint\",\"urlTemplate\":\"https:\\\/\\\/homeofwool.com\\\/?s={search_term_string}\"},\"query-input\":{\"@type\":\"PropertyValueSpecification\",\"valueRequired\":true,\"valueName\":\"search_term_string\"}}],\"inLanguage\":\"es\"},{\"@type\":\"Organization\",\"@id\":\"https:\\\/\\\/homeofwool.com\\\/#organization\",\"name\":\"Home of Wool\",\"url\":\"https:\\\/\\\/homeofwool.com\\\/\",\"logo\":{\"@type\":\"ImageObject\",\"inLanguage\":\"es\",\"@id\":\"https:\\\/\\\/homeofwool.com\\\/#\\\/schema\\\/logo\\\/image\\\/\",\"url\":\"https:\\\/\\\/homeofwool.com\\\/wp-content\\\/uploads\\\/2025\\\/09\\\/WhatsApp-Image-2025-12-02-at-16.23.20.jpeg\",\"contentUrl\":\"https:\\\/\\\/homeofwool.com\\\/wp-content\\\/uploads\\\/2025\\\/09\\\/WhatsApp-Image-2025-12-02-at-16.23.20.jpeg\",\"width\":700,\"height\":247,\"caption\":\"Home of Wool\"},\"image\":{\"@id\":\"https:\\\/\\\/homeofwool.com\\\/#\\\/schema\\\/logo\\\/image\\\/\"},\"sameAs\":[\"https:\\\/\\\/facebook.com\\\/HomeOfWoolOfficial\"]}]}<\/script>\n<!-- \/ Yoast SEO Premium plugin. -->","yoast_head_json":{"title":"Tejido de lino natural 100%: certificado, transpirable y duradero | Home of Wool","description":"Duradero y con certificaci\u00f3n Oeko-Tex, el tejido de lino texturizado es transpirable y ecol\u00f3gico, perfecto para cojines, tapicer\u00edas y proyectos de bricolaje en los que prima la comodidad natural y la calidad libre de toxinas.","robots":{"index":"index","follow":"follow","max-snippet":"max-snippet:-1","max-image-preview":"max-image-preview:large","max-video-preview":"max-video-preview:-1"},"canonical":"https:\/\/homeofwool.com\/es\/tienda\/tejido-de-lino\/","og_locale":"es_ES","og_type":"article","og_title":"100% Linen Fabric","og_description":"Durable and Oeko-Tex certified, the Textured Linen Fabric is breathable and eco-friendly, perfect for cushions, upholstery, and DIY projects where natural comfort and toxin-free quality matter.","og_url":"https:\/\/homeofwool.com\/es\/tienda\/tejido-de-lino\/","og_site_name":"Home of Wool","article_publisher":"https:\/\/facebook.com\/HomeOfWoolOfficial","article_modified_time":"2025-09-25T13:30:11+00:00","og_image":[{"width":1041,"height":833,"url":"https:\/\/homeofwool.com\/wp-content\/uploads\/2025\/09\/home-of-wool-100-linen-fabric-1-main.jpg","type":"image\/jpeg"}],"twitter_card":"summary_large_image","twitter_misc":{"Tiempo de lectura":"2 minutos"},"schema":{"@context":"https:\/\/schema.org","@graph":[{"@type":"WebPage","@id":"https:\/\/homeofwool.com\/shop\/linen-fabric\/","url":"https:\/\/homeofwool.com\/shop\/linen-fabric\/","name":"Tejido de lino natural 100%: certificado, transpirable y duradero | Home of Wool","isPartOf":{"@id":"https:\/\/homeofwool.com\/#website"},"primaryImageOfPage":{"@id":"https:\/\/homeofwool.com\/shop\/linen-fabric\/#primaryimage"},"image":{"@id":"https:\/\/homeofwool.com\/shop\/linen-fabric\/#primaryimage"},"thumbnailUrl":"https:\/\/homeofwool.com\/wp-content\/uploads\/2025\/09\/home-of-wool-100-linen-fabric-1-main.jpg","datePublished":"2025-09-02T12:00:50+00:00","dateModified":"2025-09-25T13:30:11+00:00","description":"Duradero y con certificaci\u00f3n Oeko-Tex, el tejido de lino texturizado es transpirable y ecol\u00f3gico, perfecto para cojines, tapicer\u00edas y proyectos de bricolaje en los que prima la comodidad natural y la calidad libre de toxinas.","breadcrumb":{"@id":"https:\/\/homeofwool.com\/shop\/linen-fabric\/#breadcrumb"},"inLanguage":"es","potentialAction":[{"@type":"ReadAction","target":["https:\/\/homeofwool.com\/shop\/linen-fabric\/"]}]},{"@type":"ImageObject","inLanguage":"es","@id":"https:\/\/homeofwool.com\/shop\/linen-fabric\/#primaryimage","url":"https:\/\/homeofwool.com\/wp-content\/uploads\/2025\/09\/home-of-wool-100-linen-fabric-1-main.jpg","contentUrl":"https:\/\/homeofwool.com\/wp-content\/uploads\/2025\/09\/home-of-wool-100-linen-fabric-1-main.jpg","width":1041,"height":833,"caption":"100% linen fabric close up"},{"@type":"BreadcrumbList","@id":"https:\/\/homeofwool.com\/shop\/linen-fabric\/#breadcrumb","itemListElement":[{"@type":"ListItem","position":1,"name":"Home","item":"https:\/\/homeofwool.com\/"},{"@type":"ListItem","position":2,"name":"Products","item":"https:\/\/homeofwool.com\/header-search-2\/"},{"@type":"ListItem","position":3,"name":"100% Linen Fabric"}]},{"@type":"WebSite","@id":"https:\/\/homeofwool.com\/#website","url":"https:\/\/homeofwool.com\/","name":"Hogar de la lana","description":"","publisher":{"@id":"https:\/\/homeofwool.com\/#organization"},"potentialAction":[{"@type":"SearchAction","target":{"@type":"EntryPoint","urlTemplate":"https:\/\/homeofwool.com\/?s={search_term_string}"},"query-input":{"@type":"PropertyValueSpecification","valueRequired":true,"valueName":"search_term_string"}}],"inLanguage":"es"},{"@type":"Organization","@id":"https:\/\/homeofwool.com\/#organization","name":"Hogar de la lana","url":"https:\/\/homeofwool.com\/","logo":{"@type":"ImageObject","inLanguage":"es","@id":"https:\/\/homeofwool.com\/#\/schema\/logo\/image\/","url":"https:\/\/homeofwool.com\/wp-content\/uploads\/2025\/09\/WhatsApp-Image-2025-12-02-at-16.23.20.jpeg","contentUrl":"https:\/\/homeofwool.com\/wp-content\/uploads\/2025\/09\/WhatsApp-Image-2025-12-02-at-16.23.20.jpeg","width":700,"height":247,"caption":"Home of Wool"},"image":{"@id":"https:\/\/homeofwool.com\/#\/schema\/logo\/image\/"},"sameAs":["https:\/\/facebook.com\/HomeOfWoolOfficial"]}]}},"_links":{"self":[{"href":"https:\/\/homeofwool.com\/es\/wp-json\/wp\/v2\/product\/217503","targetHints":{"allow":["GET"]}}],"collection":[{"href":"https:\/\/homeofwool.com\/es\/wp-json\/wp\/v2\/product"}],"about":[{"href":"https:\/\/homeofwool.com\/es\/wp-json\/wp\/v2\/types\/product"}],"version-history":[{"count":0,"href":"https:\/\/homeofwool.com\/es\/wp-json\/wp\/v2\/product\/217503\/revisions"}],"wp:featuredmedia":[{"embeddable":true,"href":"https:\/\/homeofwool.com\/es\/wp-json\/wp\/v2\/media\/219238"}],"wp:attachment":[{"href":"https:\/\/homeofwool.com\/es\/wp-json\/wp\/v2\/media?parent=217503"}],"wp:term":[{"taxonomy":"product_brand","embeddable":true,"href":"https:\/\/homeofwool.com\/es\/wp-json\/wp\/v2\/product_brand?post=217503"},{"taxonomy":"product_cat","embeddable":true,"href":"https:\/\/homeofwool.com\/es\/wp-json\/wp\/v2\/product_cat?post=217503"},{"taxonomy":"product_tag","embeddable":true,"href":"https:\/\/homeofwool.com\/es\/wp-json\/wp\/v2\/product_tag?post=217503"}],"curies":[{"name":"wp","href":"https:\/\/api.w.org\/{rel}","templated":true}]}}