{"id":217495,"date":"2025-09-02T12:00:50","date_gmt":"2025-09-02T12:00:50","guid":{"rendered":"https:\/\/homeofwool.com\/?post_type=product&#038;p=217495"},"modified":"2026-01-29T10:56:32","modified_gmt":"2026-01-29T10:56:32","slug":"cojin-de-sofa-de-pale","status":"publish","type":"product","link":"https:\/\/homeofwool.com\/es\/shop\/pallet-couch-cushion\/","title":{"rendered":"Sof\u00e1 sin marco con fundas extra\u00edbles"},"content":{"rendered":"<p>El sof\u00e1 sin armaz\u00f3n con fundas extra\u00edbles Home of Wool est\u00e1 dise\u00f1ado para quienes valoran una vida limpia, los materiales naturales y el estilo atemporal. En su interior hay dos generosos rellenos de lana, apilados para mayor comodidad y sujetos con una funda natural transpirable. El resultado es un coj\u00edn de sof\u00e1 de lana que ofrece soporte y es aireado, regula la temperatura y resiste la humedad para proporcionar una sensaci\u00f3n de frescor. Es naturalmente hipoalerg\u00e9nico, por lo que es una opci\u00f3n ideal para cualquier persona sensible al polvo o a los productos qu\u00edmicos.<\/p>\n<p>Este sof\u00e1 presenta una superficie elegante y sin capiton\u00e9 que le confiere un aspecto contempor\u00e1neo, combinada con la flexibilidad de los cojines modulares que se pueden organizar y personalizar para adaptarse a cualquier estancia. Puede elegir entre nuestros tejidos naturales o traer los suyos propios para crear un coj\u00edn totalmente personalizado. Nuestras fundas duraderas son totalmente extra\u00edbles y lavables a m\u00e1quina, lo que le permite disfrutar de un coj\u00edn con funda lavable y f\u00e1cil de cuidar sin renunciar a la elegancia.<\/p>\n<p>Puedes abrir las cremalleras ocultas para ajustar el relleno si es necesario. Como queremos que dure, incluimos un sencillo kit de reparaci\u00f3n para facilitar su cuidado, por si acaso. Todos los cojines de lana est\u00e1n fabricados con fibras biodegradables y renovables, lo que garantiza que este coj\u00edn de sof\u00e1 sin estructura sea tan respetuoso con el planeta como con tu salud. Es un sof\u00e1 dise\u00f1ado para ser utilizado y disfrutado durante a\u00f1os. Si quieres que sea a\u00fan m\u00e1s especial, puedes combinarlo con <a href=\"https:\/\/homeofwool.com\/es\/tienda\/cojin-triangular-para-cabecero\/\" target=\"_blank\" rel=\"noopener\">Cojines de lomo rellenos de lana a medida<\/a>.<\/p>","protected":false},"excerpt":{"rendered":"<p>\u00a1Un sof\u00e1 dise\u00f1ado para la vida real! Suave, natural y f\u00e1cil de cuidar. Un aspecto limpio que encaja en cualquier habitaci\u00f3n. Fabricado con cojines de materiales naturales y una funda totalmente lavable, combina la artesan\u00eda con la practicidad cotidiana. Su dise\u00f1o minimalista de cojines a medida queda muy bien en una sala de estar, un rinc\u00f3n de lectura acogedor o incluso en una sala de juegos para ni\u00f1os, donde es importante contar con asientos suaves y seguros.<\/p>\n<p><strong>TAMA\u00d1O<\/strong>: 80 x 120 x 27 cm (31,5 x 47,2 x 10,5 pulgadas)<\/p>\n<p>* Cojines para la espalda <span style=\"text-decoration: underline;\">no incluido<\/span>.<\/p>\n<div class=\"global-icon-set\">\n<div class=\"global-icon-set__items\">\n<div class=\"global-icon-set__item\">\n<div class=\"global-icon-set__image\">\n                                    <img decoding=\"async\" src=\"https:\/\/homeofwool.com\/wp-content\/uploads\/2025\/09\/handmade-icon-300x300.png\" alt=\"icono hecho a mano\" \/>\n                                <\/div>\n<div class=\"global-icon-set__title\">Hecho a mano<\/div>\n<\/p><\/div>\n<div class=\"global-icon-set__item\">\n<div class=\"global-icon-set__image\">\n                                    <img decoding=\"async\" src=\"https:\/\/homeofwool.com\/wp-content\/uploads\/2025\/09\/Isolates-Motion-Transfer-min-300x300.png\" alt=\"aisla la transferencia de movimiento\" \/>\n                                <\/div>\n<div class=\"global-icon-set__title\">A\u00edsla la transferencia de movimiento<\/div>\n<\/p><\/div>\n<div class=\"global-icon-set__item\">\n<div class=\"global-icon-set__image\">\n                                    <img decoding=\"async\" src=\"https:\/\/homeofwool.com\/wp-content\/uploads\/2025\/09\/VOCs-min-300x300.png\" alt=\"vocs free\" \/>\n                                <\/div>\n<div class=\"global-icon-set__title\">Sin COV<\/div>\n<\/p><\/div>\n<div class=\"global-icon-set__item\">\n<div class=\"global-icon-set__image\">\n                                    <img decoding=\"async\" src=\"https:\/\/homeofwool.com\/wp-content\/uploads\/2025\/09\/FR-min-300x300.png\" alt=\"icono de resistencia al fuego\" \/>\n                                <\/div>\n<div class=\"global-icon-set__title\">Resistente al fuego<\/div>\n<\/p><\/div>\n<div class=\"global-icon-set__item\">\n<div class=\"global-icon-set__image\">\n                                    <img decoding=\"async\" src=\"https:\/\/homeofwool.com\/wp-content\/uploads\/2025\/09\/Hypoallergenic-min-300x300.png\" alt=\"icono hipoalerg\u00e9nico\" \/>\n                                <\/div>\n<div class=\"global-icon-set__title\">Hipoalerg\u00e9nico<\/div>\n<\/p><\/div>\n<div class=\"global-icon-set__item\">\n<div class=\"global-icon-set__image\">\n                                    <img decoding=\"async\" src=\"https:\/\/homeofwool.com\/wp-content\/uploads\/2025\/09\/free-of-synthetics-icon-300x300.png\" alt=\"icono sin sint\u00e9ticos\" \/>\n                                <\/div>\n<div class=\"global-icon-set__title\">Sin sint\u00e9ticos<\/div>\n<\/p><\/div>\n<div class=\"global-icon-set__item\">\n<div class=\"global-icon-set__image\">\n                                    <img decoding=\"async\" src=\"https:\/\/homeofwool.com\/wp-content\/uploads\/2025\/09\/chemical-free-icon-300x300.png\" alt=\"icono sin productos qu\u00edmicos\" \/>\n                                <\/div>\n<div class=\"global-icon-set__title\">Sin productos qu\u00edmicos<\/div>\n<\/p><\/div>\n<div class=\"global-icon-set__item\">\n<div class=\"global-icon-set__image\">\n                                    <img decoding=\"async\" src=\"https:\/\/homeofwool.com\/wp-content\/uploads\/2025\/09\/anti-bacterial-icon-300x300.png\" alt=\"icono antibacteriano\" \/>\n                                <\/div>\n<div class=\"global-icon-set__title\">Antimicrobiano y antibacteriano<\/div>\n<\/p><\/div>\n<div class=\"global-icon-set__item\">\n<div class=\"global-icon-set__image\">\n                                    <img decoding=\"async\" src=\"https:\/\/homeofwool.com\/wp-content\/uploads\/2025\/09\/certified-materials-icon-300x300.png\" alt=\"icono de materiales certificados\" \/>\n                                <\/div>\n<div class=\"global-icon-set__title\">100% Materiales puros certificados<\/div>\n<\/p><\/div>\n<\/p><\/div>\n<\/p><\/div>","protected":false},"featured_media":219385,"template":"","meta":{"_acf_changed":false},"product_brand":[],"product_cat":[30],"product_tag":[204,205,206,207,208,209,210],"class_list":{"0":"post-217495","1":"product","2":"type-product","3":"status-publish","4":"has-post-thumbnail","6":"product_cat-cushions","7":"product_tag-diy-pallet-sofa","8":"product_tag-frameless-couch","9":"product_tag-indoor-pallet-couch","10":"product_tag-pallet-couch","11":"product_tag-pallet-couch-cushions","12":"product_tag-pallet-seating-cushions","13":"product_tag-pallet-sofa","15":"first","16":"instock","17":"shipping-taxable","18":"purchasable","19":"product-type-variable"},"acf":[],"yoast_head":"<!-- This site is optimized with the Yoast SEO Premium plugin v27.3 (Yoast SEO v27.3) - https:\/\/yoast.com\/product\/yoast-seo-premium-wordpress\/ -->\n<title>Frameless Sofa with Removable Covers \u2013 Customize | Home of Wool<\/title>\n<meta name=\"description\" content=\"Handmade from natural fabrics, the Frameless Sofa with Removable Covers delivers breathable comfort, toxin-free living, and timeless style. Customizable and easy to care for, built to last.\" \/>\n<meta name=\"robots\" content=\"index, follow, max-snippet:-1, max-image-preview:large, max-video-preview:-1\" \/>\n<link rel=\"canonical\" href=\"https:\/\/homeofwool.com\/es\/tienda\/cojin-de-sofa-de-pale\/\" \/>\n<meta property=\"og:locale\" content=\"es_ES\" \/>\n<meta property=\"og:type\" content=\"article\" \/>\n<meta property=\"og:title\" content=\"Frameless Sofa with Removable Covers\" \/>\n<meta property=\"og:description\" content=\"Handmade from natural fabrics, the Frameless Sofa with Removable Covers delivers breathable comfort, toxin-free living, and timeless style. Customizable and easy to care for, built to last.\" \/>\n<meta property=\"og:url\" content=\"https:\/\/homeofwool.com\/es\/tienda\/cojin-de-sofa-de-pale\/\" \/>\n<meta property=\"og:site_name\" content=\"Home of Wool\" \/>\n<meta property=\"article:publisher\" content=\"https:\/\/facebook.com\/HomeOfWoolOfficial\" \/>\n<meta property=\"article:modified_time\" content=\"2026-01-29T10:56:32+00:00\" \/>\n<meta property=\"og:image\" content=\"https:\/\/homeofwool.com\/wp-content\/uploads\/2025\/09\/home-of-wool-frameless-sofa-with-removable-covers-1-main.jpg\" \/>\n\t<meta property=\"og:image:width\" content=\"2400\" \/>\n\t<meta property=\"og:image:height\" content=\"1688\" \/>\n\t<meta property=\"og:image:type\" content=\"image\/jpeg\" \/>\n<meta name=\"twitter:card\" content=\"summary_large_image\" \/>\n<meta name=\"twitter:label1\" content=\"Tiempo de lectura\" \/>\n\t<meta name=\"twitter:data1\" content=\"2 minutos\" \/>\n<script type=\"application\/ld+json\" class=\"yoast-schema-graph\">{\"@context\":\"https:\\\/\\\/schema.org\",\"@graph\":[{\"@type\":\"WebPage\",\"@id\":\"https:\\\/\\\/homeofwool.com\\\/shop\\\/pallet-couch-cushion\\\/\",\"url\":\"https:\\\/\\\/homeofwool.com\\\/shop\\\/pallet-couch-cushion\\\/\",\"name\":\"Frameless Sofa with Removable Covers \u2013 Customize | Home of Wool\",\"isPartOf\":{\"@id\":\"https:\\\/\\\/homeofwool.com\\\/#website\"},\"primaryImageOfPage\":{\"@id\":\"https:\\\/\\\/homeofwool.com\\\/shop\\\/pallet-couch-cushion\\\/#primaryimage\"},\"image\":{\"@id\":\"https:\\\/\\\/homeofwool.com\\\/shop\\\/pallet-couch-cushion\\\/#primaryimage\"},\"thumbnailUrl\":\"https:\\\/\\\/homeofwool.com\\\/wp-content\\\/uploads\\\/2025\\\/09\\\/home-of-wool-frameless-sofa-with-removable-covers-1-main.jpg\",\"datePublished\":\"2025-09-02T12:00:50+00:00\",\"dateModified\":\"2026-01-29T10:56:32+00:00\",\"description\":\"Handmade from natural fabrics, the Frameless Sofa with Removable Covers delivers breathable comfort, toxin-free living, and timeless style. Customizable and easy to care for, built to last.\",\"breadcrumb\":{\"@id\":\"https:\\\/\\\/homeofwool.com\\\/shop\\\/pallet-couch-cushion\\\/#breadcrumb\"},\"inLanguage\":\"es\",\"potentialAction\":[{\"@type\":\"ReadAction\",\"target\":[\"https:\\\/\\\/homeofwool.com\\\/shop\\\/pallet-couch-cushion\\\/\"]}]},{\"@type\":\"ImageObject\",\"inLanguage\":\"es\",\"@id\":\"https:\\\/\\\/homeofwool.com\\\/shop\\\/pallet-couch-cushion\\\/#primaryimage\",\"url\":\"https:\\\/\\\/homeofwool.com\\\/wp-content\\\/uploads\\\/2025\\\/09\\\/home-of-wool-frameless-sofa-with-removable-covers-1-main.jpg\",\"contentUrl\":\"https:\\\/\\\/homeofwool.com\\\/wp-content\\\/uploads\\\/2025\\\/09\\\/home-of-wool-frameless-sofa-with-removable-covers-1-main.jpg\",\"width\":2400,\"height\":1688,\"caption\":\"wool frameless sofa at home\"},{\"@type\":\"BreadcrumbList\",\"@id\":\"https:\\\/\\\/homeofwool.com\\\/shop\\\/pallet-couch-cushion\\\/#breadcrumb\",\"itemListElement\":[{\"@type\":\"ListItem\",\"position\":1,\"name\":\"Home\",\"item\":\"https:\\\/\\\/homeofwool.com\\\/\"},{\"@type\":\"ListItem\",\"position\":2,\"name\":\"Products\",\"item\":\"https:\\\/\\\/homeofwool.com\\\/header-search-2\\\/\"},{\"@type\":\"ListItem\",\"position\":3,\"name\":\"Frameless Sofa with Removable Covers\"}]},{\"@type\":\"WebSite\",\"@id\":\"https:\\\/\\\/homeofwool.com\\\/#website\",\"url\":\"https:\\\/\\\/homeofwool.com\\\/\",\"name\":\"Home of Wool\",\"description\":\"\",\"publisher\":{\"@id\":\"https:\\\/\\\/homeofwool.com\\\/#organization\"},\"potentialAction\":[{\"@type\":\"SearchAction\",\"target\":{\"@type\":\"EntryPoint\",\"urlTemplate\":\"https:\\\/\\\/homeofwool.com\\\/?s={search_term_string}\"},\"query-input\":{\"@type\":\"PropertyValueSpecification\",\"valueRequired\":true,\"valueName\":\"search_term_string\"}}],\"inLanguage\":\"es\"},{\"@type\":\"Organization\",\"@id\":\"https:\\\/\\\/homeofwool.com\\\/#organization\",\"name\":\"Home of Wool\",\"url\":\"https:\\\/\\\/homeofwool.com\\\/\",\"logo\":{\"@type\":\"ImageObject\",\"inLanguage\":\"es\",\"@id\":\"https:\\\/\\\/homeofwool.com\\\/#\\\/schema\\\/logo\\\/image\\\/\",\"url\":\"https:\\\/\\\/homeofwool.com\\\/wp-content\\\/uploads\\\/2025\\\/09\\\/WhatsApp-Image-2025-12-02-at-16.23.20.jpeg\",\"contentUrl\":\"https:\\\/\\\/homeofwool.com\\\/wp-content\\\/uploads\\\/2025\\\/09\\\/WhatsApp-Image-2025-12-02-at-16.23.20.jpeg\",\"width\":700,\"height\":247,\"caption\":\"Home of Wool\"},\"image\":{\"@id\":\"https:\\\/\\\/homeofwool.com\\\/#\\\/schema\\\/logo\\\/image\\\/\"},\"sameAs\":[\"https:\\\/\\\/facebook.com\\\/HomeOfWoolOfficial\"]}]}<\/script>\n<!-- \/ Yoast SEO Premium plugin. -->","yoast_head_json":{"title":"Sof\u00e1 sin marco con fundas extra\u00edbles \u2013 Personalizar | Home of Wool","description":"Fabricado a mano con tejidos naturales, el sof\u00e1 sin armaz\u00f3n con fundas extra\u00edbles ofrece comodidad transpirable, un estilo de vida libre de toxinas y un dise\u00f1o atemporal. Personalizable y f\u00e1cil de cuidar, fabricado para durar.","robots":{"index":"index","follow":"follow","max-snippet":"max-snippet:-1","max-image-preview":"max-image-preview:large","max-video-preview":"max-video-preview:-1"},"canonical":"https:\/\/homeofwool.com\/es\/tienda\/cojin-de-sofa-de-pale\/","og_locale":"es_ES","og_type":"article","og_title":"Frameless Sofa with Removable Covers","og_description":"Handmade from natural fabrics, the Frameless Sofa with Removable Covers delivers breathable comfort, toxin-free living, and timeless style. Customizable and easy to care for, built to last.","og_url":"https:\/\/homeofwool.com\/es\/tienda\/cojin-de-sofa-de-pale\/","og_site_name":"Home of Wool","article_publisher":"https:\/\/facebook.com\/HomeOfWoolOfficial","article_modified_time":"2026-01-29T10:56:32+00:00","og_image":[{"width":2400,"height":1688,"url":"https:\/\/homeofwool.com\/wp-content\/uploads\/2025\/09\/home-of-wool-frameless-sofa-with-removable-covers-1-main.jpg","type":"image\/jpeg"}],"twitter_card":"summary_large_image","twitter_misc":{"Tiempo de lectura":"2 minutos"},"schema":{"@context":"https:\/\/schema.org","@graph":[{"@type":"WebPage","@id":"https:\/\/homeofwool.com\/shop\/pallet-couch-cushion\/","url":"https:\/\/homeofwool.com\/shop\/pallet-couch-cushion\/","name":"Sof\u00e1 sin marco con fundas extra\u00edbles \u2013 Personalizar | Home of Wool","isPartOf":{"@id":"https:\/\/homeofwool.com\/#website"},"primaryImageOfPage":{"@id":"https:\/\/homeofwool.com\/shop\/pallet-couch-cushion\/#primaryimage"},"image":{"@id":"https:\/\/homeofwool.com\/shop\/pallet-couch-cushion\/#primaryimage"},"thumbnailUrl":"https:\/\/homeofwool.com\/wp-content\/uploads\/2025\/09\/home-of-wool-frameless-sofa-with-removable-covers-1-main.jpg","datePublished":"2025-09-02T12:00:50+00:00","dateModified":"2026-01-29T10:56:32+00:00","description":"Fabricado a mano con tejidos naturales, el sof\u00e1 sin armaz\u00f3n con fundas extra\u00edbles ofrece comodidad transpirable, un estilo de vida libre de toxinas y un dise\u00f1o atemporal. Personalizable y f\u00e1cil de cuidar, fabricado para durar.","breadcrumb":{"@id":"https:\/\/homeofwool.com\/shop\/pallet-couch-cushion\/#breadcrumb"},"inLanguage":"es","potentialAction":[{"@type":"ReadAction","target":["https:\/\/homeofwool.com\/shop\/pallet-couch-cushion\/"]}]},{"@type":"ImageObject","inLanguage":"es","@id":"https:\/\/homeofwool.com\/shop\/pallet-couch-cushion\/#primaryimage","url":"https:\/\/homeofwool.com\/wp-content\/uploads\/2025\/09\/home-of-wool-frameless-sofa-with-removable-covers-1-main.jpg","contentUrl":"https:\/\/homeofwool.com\/wp-content\/uploads\/2025\/09\/home-of-wool-frameless-sofa-with-removable-covers-1-main.jpg","width":2400,"height":1688,"caption":"wool frameless sofa at home"},{"@type":"BreadcrumbList","@id":"https:\/\/homeofwool.com\/shop\/pallet-couch-cushion\/#breadcrumb","itemListElement":[{"@type":"ListItem","position":1,"name":"Home","item":"https:\/\/homeofwool.com\/"},{"@type":"ListItem","position":2,"name":"Products","item":"https:\/\/homeofwool.com\/header-search-2\/"},{"@type":"ListItem","position":3,"name":"Frameless Sofa with Removable Covers"}]},{"@type":"WebSite","@id":"https:\/\/homeofwool.com\/#website","url":"https:\/\/homeofwool.com\/","name":"Hogar de la lana","description":"","publisher":{"@id":"https:\/\/homeofwool.com\/#organization"},"potentialAction":[{"@type":"SearchAction","target":{"@type":"EntryPoint","urlTemplate":"https:\/\/homeofwool.com\/?s={search_term_string}"},"query-input":{"@type":"PropertyValueSpecification","valueRequired":true,"valueName":"search_term_string"}}],"inLanguage":"es"},{"@type":"Organization","@id":"https:\/\/homeofwool.com\/#organization","name":"Hogar de la lana","url":"https:\/\/homeofwool.com\/","logo":{"@type":"ImageObject","inLanguage":"es","@id":"https:\/\/homeofwool.com\/#\/schema\/logo\/image\/","url":"https:\/\/homeofwool.com\/wp-content\/uploads\/2025\/09\/WhatsApp-Image-2025-12-02-at-16.23.20.jpeg","contentUrl":"https:\/\/homeofwool.com\/wp-content\/uploads\/2025\/09\/WhatsApp-Image-2025-12-02-at-16.23.20.jpeg","width":700,"height":247,"caption":"Home of Wool"},"image":{"@id":"https:\/\/homeofwool.com\/#\/schema\/logo\/image\/"},"sameAs":["https:\/\/facebook.com\/HomeOfWoolOfficial"]}]}},"_links":{"self":[{"href":"https:\/\/homeofwool.com\/es\/wp-json\/wp\/v2\/product\/217495","targetHints":{"allow":["GET"]}}],"collection":[{"href":"https:\/\/homeofwool.com\/es\/wp-json\/wp\/v2\/product"}],"about":[{"href":"https:\/\/homeofwool.com\/es\/wp-json\/wp\/v2\/types\/product"}],"version-history":[{"count":1,"href":"https:\/\/homeofwool.com\/es\/wp-json\/wp\/v2\/product\/217495\/revisions"}],"predecessor-version":[{"id":227769,"href":"https:\/\/homeofwool.com\/es\/wp-json\/wp\/v2\/product\/217495\/revisions\/227769"}],"wp:featuredmedia":[{"embeddable":true,"href":"https:\/\/homeofwool.com\/es\/wp-json\/wp\/v2\/media\/219385"}],"wp:attachment":[{"href":"https:\/\/homeofwool.com\/es\/wp-json\/wp\/v2\/media?parent=217495"}],"wp:term":[{"taxonomy":"product_brand","embeddable":true,"href":"https:\/\/homeofwool.com\/es\/wp-json\/wp\/v2\/product_brand?post=217495"},{"taxonomy":"product_cat","embeddable":true,"href":"https:\/\/homeofwool.com\/es\/wp-json\/wp\/v2\/product_cat?post=217495"},{"taxonomy":"product_tag","embeddable":true,"href":"https:\/\/homeofwool.com\/es\/wp-json\/wp\/v2\/product_tag?post=217495"}],"curies":[{"name":"wp","href":"https:\/\/api.w.org\/{rel}","templated":true}]}}