{"id":217491,"date":"2025-09-02T12:00:50","date_gmt":"2025-09-02T12:00:50","guid":{"rendered":"https:\/\/homeofwool.com\/?post_type=product&#038;p=217491"},"modified":"2026-03-26T13:22:39","modified_gmt":"2026-03-26T13:22:39","slug":"relleno-de-lana-organica","status":"publish","type":"product","link":"https:\/\/homeofwool.com\/es\/shop\/organic-wool-stuffing\/","title":{"rendered":"Relleno de lana org\u00e1nica 100%"},"content":{"rendered":"<p>Nuestro relleno de lana org\u00e1nica 100% es un sue\u00f1o hecho realidad para los artesanos, los aficionados al bricolaje y los artesanos que desean materiales m\u00e1s saludables en sus hogares. Este relleno de lana sin te\u00f1ir no contiene productos qu\u00edmicos ni sint\u00e9ticos, por lo que es lo suficientemente suave para las personas con alergias, asma o sensibilidad. Suave pero el\u00e1stico, es ideal para rellenar almohadas, rellenar cojines desgastados o dar forma a mu\u00f1ecas y juguetes hechos a mano.<\/p>\n<p>La lana tiene la capacidad de mantener el equilibrio. Respira mejor que cualquier otra fibra de forma natural. Por lo tanto, tus creaciones rellenas de lana no acabar\u00e1n sinti\u00e9ndose h\u00famedas y calientes, incluso en los meses m\u00e1s c\u00e1lidos. Las fibras de lana retienen peque\u00f1as bolsas de aire que dan al relleno una sensaci\u00f3n ligera y el\u00e1stica. Es el relleno ideal para almohadas que se mantienen frescas y cojines que se mantienen c\u00f3modos durante todo el a\u00f1o. Lo mejor es que ofrece tranquilidad al saber que es un relleno totalmente biodegradable y ecol\u00f3gico.<\/p>\n<p>Esta lana para rellenar cojines, que se vende por libra, es tan vers\u00e1til como tu imaginaci\u00f3n. \u00dasala para acolchar, tapizar o para peque\u00f1os detalles artesanales. Puedes pedir una muestra antes de empezar un proyecto grande, lo que te facilitar\u00e1 la planificaci\u00f3n y la prueba. Al trabajar con este material de relleno sostenible, est\u00e1s creando algo m\u00e1s que comodidad. Est\u00e1s creando con conciencia y haciendo algo bueno para tu salud y para el planeta.<\/p>","protected":false},"excerpt":{"rendered":"<p>Dale forma a c\u00f3modos cojines, renueva tu coj\u00edn favorito o da vida a juguetes hechos a mano con nuestro relleno de lana org\u00e1nica. Este relleno de lana 100% es puro, suave y naturalmente transpirable. Aporta a cada proyecto un toque de comodidad y cuidado sostenible. Una opci\u00f3n de relleno m\u00e1s saludable y ecol\u00f3gica para tu hogar y tus manualidades.<\/p>\n<div class=\"global-icon-set\">\n<div class=\"global-icon-set__items\">\n<div class=\"global-icon-set__item\">\n<div class=\"global-icon-set__image\">\n                                    <img decoding=\"async\" src=\"https:\/\/homeofwool.com\/wp-content\/uploads\/2025\/09\/VOCs-min-300x300.png\" alt=\"vocs free\" \/>\n                                <\/div>\n<div class=\"global-icon-set__title\">Sin COV<\/div>\n<\/p><\/div>\n<div class=\"global-icon-set__item\">\n<div class=\"global-icon-set__image\">\n                                    <img decoding=\"async\" src=\"https:\/\/homeofwool.com\/wp-content\/uploads\/2025\/09\/FR-min-300x300.png\" alt=\"icono de resistencia al fuego\" \/>\n                                <\/div>\n<div class=\"global-icon-set__title\">Resistente al fuego<\/div>\n<\/p><\/div>\n<div class=\"global-icon-set__item\">\n<div class=\"global-icon-set__image\">\n                                    <img decoding=\"async\" src=\"https:\/\/homeofwool.com\/wp-content\/uploads\/2025\/09\/Hypoallergenic-min-300x300.png\" alt=\"icono hipoalerg\u00e9nico\" \/>\n                                <\/div>\n<div class=\"global-icon-set__title\">Hipoalerg\u00e9nico<\/div>\n<\/p><\/div>\n<div class=\"global-icon-set__item\">\n<div class=\"global-icon-set__image\">\n                                    <img decoding=\"async\" src=\"https:\/\/homeofwool.com\/wp-content\/uploads\/2025\/09\/free-of-synthetics-icon-300x300.png\" alt=\"icono sin sint\u00e9ticos\" \/>\n                                <\/div>\n<div class=\"global-icon-set__title\">Sin sint\u00e9ticos<\/div>\n<\/p><\/div>\n<div class=\"global-icon-set__item\">\n<div class=\"global-icon-set__image\">\n                                    <img decoding=\"async\" src=\"https:\/\/homeofwool.com\/wp-content\/uploads\/2025\/09\/chemical-free-icon-300x300.png\" alt=\"icono sin productos qu\u00edmicos\" \/>\n                                <\/div>\n<div class=\"global-icon-set__title\">Sin productos qu\u00edmicos<\/div>\n<\/p><\/div>\n<div class=\"global-icon-set__item\">\n<div class=\"global-icon-set__image\">\n                                    <img decoding=\"async\" src=\"https:\/\/homeofwool.com\/wp-content\/uploads\/2025\/09\/anti-bacterial-icon-300x300.png\" alt=\"icono antibacteriano\" \/>\n                                <\/div>\n<div class=\"global-icon-set__title\">Antimicrobiano y antibacteriano<\/div>\n<\/p><\/div>\n<\/p><\/div>\n<\/p><\/div>","protected":false},"featured_media":219231,"template":"","meta":{"_acf_changed":false},"product_brand":[],"product_cat":[25],"product_tag":[72,73,74,75,76,77,78,79,149,80,81,82],"class_list":{"0":"post-217491","1":"product","2":"type-product","3":"status-publish","4":"has-post-thumbnail","6":"product_cat-wool-fabrics-batting","7":"product_tag-amigurumi-doll-stuffing","8":"product_tag-carded-wool","9":"product_tag-crafts-supplies","10":"product_tag-crochet-doll-stuffing","11":"product_tag-doll-stuffing","12":"product_tag-loose-wool","13":"product_tag-pure-sheep-wool","14":"product_tag-sofa-stuffing","15":"product_tag-steps","16":"product_tag-toy-stuffing","17":"product_tag-waldorf-doll-kit","18":"product_tag-wool-pillow-stuffing","20":"first","21":"instock","22":"shipping-taxable","23":"purchasable","24":"product-type-simple"},"acf":[],"yoast_head":"<!-- This site is optimized with the Yoast SEO Premium plugin v27.3 (Yoast SEO v27.3) - https:\/\/yoast.com\/product\/yoast-seo-premium-wordpress\/ -->\n<title>Organic Wool Stuffing \u2013 Eco-friendly Filling for DIY projects | Home of Wool<\/title>\n<meta name=\"description\" content=\"Soft, breathable, and sustainable, this eco-friendly filling makes Organic Wool Stuffing ideal for pillows, toys, crafts, and DIY projects, offering chemical-free comfort for every creation.\" \/>\n<meta name=\"robots\" content=\"index, follow, max-snippet:-1, max-image-preview:large, max-video-preview:-1\" \/>\n<link rel=\"canonical\" href=\"https:\/\/homeofwool.com\/es\/tienda\/relleno-de-lana-organica\/\" \/>\n<meta property=\"og:locale\" content=\"es_ES\" \/>\n<meta property=\"og:type\" content=\"article\" \/>\n<meta property=\"og:title\" content=\"100% Organic Wool Stuffing\" \/>\n<meta property=\"og:description\" content=\"Soft, breathable, and sustainable, this eco-friendly filling makes Organic Wool Stuffing ideal for pillows, toys, crafts, and DIY projects, offering chemical-free comfort for every creation.\" \/>\n<meta property=\"og:url\" content=\"https:\/\/homeofwool.com\/es\/tienda\/relleno-de-lana-organica\/\" \/>\n<meta property=\"og:site_name\" content=\"Home of Wool\" \/>\n<meta property=\"article:publisher\" content=\"https:\/\/facebook.com\/HomeOfWoolOfficial\" \/>\n<meta property=\"article:modified_time\" content=\"2026-03-26T13:22:39+00:00\" \/>\n<meta property=\"og:image\" content=\"https:\/\/homeofwool.com\/wp-content\/uploads\/2025\/09\/home-of-wool-100-organic-wool-stuffing-1-main.jpg\" \/>\n\t<meta property=\"og:image:width\" content=\"1900\" \/>\n\t<meta property=\"og:image:height\" content=\"1520\" \/>\n\t<meta property=\"og:image:type\" content=\"image\/jpeg\" \/>\n<meta name=\"twitter:card\" content=\"summary_large_image\" \/>\n<meta name=\"twitter:label1\" content=\"Tiempo de lectura\" \/>\n\t<meta name=\"twitter:data1\" content=\"2 minutos\" \/>\n<script type=\"application\/ld+json\" class=\"yoast-schema-graph\">{\"@context\":\"https:\\\/\\\/schema.org\",\"@graph\":[{\"@type\":\"WebPage\",\"@id\":\"https:\\\/\\\/homeofwool.com\\\/shop\\\/organic-wool-stuffing\\\/\",\"url\":\"https:\\\/\\\/homeofwool.com\\\/shop\\\/organic-wool-stuffing\\\/\",\"name\":\"Organic Wool Stuffing \u2013 Eco-friendly Filling for DIY projects | Home of Wool\",\"isPartOf\":{\"@id\":\"https:\\\/\\\/homeofwool.com\\\/#website\"},\"primaryImageOfPage\":{\"@id\":\"https:\\\/\\\/homeofwool.com\\\/shop\\\/organic-wool-stuffing\\\/#primaryimage\"},\"image\":{\"@id\":\"https:\\\/\\\/homeofwool.com\\\/shop\\\/organic-wool-stuffing\\\/#primaryimage\"},\"thumbnailUrl\":\"https:\\\/\\\/homeofwool.com\\\/wp-content\\\/uploads\\\/2025\\\/09\\\/home-of-wool-100-organic-wool-stuffing-1-main.jpg\",\"datePublished\":\"2025-09-02T12:00:50+00:00\",\"dateModified\":\"2026-03-26T13:22:39+00:00\",\"description\":\"Soft, breathable, and sustainable, this eco-friendly filling makes Organic Wool Stuffing ideal for pillows, toys, crafts, and DIY projects, offering chemical-free comfort for every creation.\",\"breadcrumb\":{\"@id\":\"https:\\\/\\\/homeofwool.com\\\/shop\\\/organic-wool-stuffing\\\/#breadcrumb\"},\"inLanguage\":\"es\",\"potentialAction\":[{\"@type\":\"ReadAction\",\"target\":[\"https:\\\/\\\/homeofwool.com\\\/shop\\\/organic-wool-stuffing\\\/\"]}]},{\"@type\":\"ImageObject\",\"inLanguage\":\"es\",\"@id\":\"https:\\\/\\\/homeofwool.com\\\/shop\\\/organic-wool-stuffing\\\/#primaryimage\",\"url\":\"https:\\\/\\\/homeofwool.com\\\/wp-content\\\/uploads\\\/2025\\\/09\\\/home-of-wool-100-organic-wool-stuffing-1-main.jpg\",\"contentUrl\":\"https:\\\/\\\/homeofwool.com\\\/wp-content\\\/uploads\\\/2025\\\/09\\\/home-of-wool-100-organic-wool-stuffing-1-main.jpg\",\"width\":1900,\"height\":1520,\"caption\":\"wool stuffing in hands\"},{\"@type\":\"BreadcrumbList\",\"@id\":\"https:\\\/\\\/homeofwool.com\\\/shop\\\/organic-wool-stuffing\\\/#breadcrumb\",\"itemListElement\":[{\"@type\":\"ListItem\",\"position\":1,\"name\":\"Home\",\"item\":\"https:\\\/\\\/homeofwool.com\\\/\"},{\"@type\":\"ListItem\",\"position\":2,\"name\":\"Products\",\"item\":\"https:\\\/\\\/homeofwool.com\\\/header-search-2\\\/\"},{\"@type\":\"ListItem\",\"position\":3,\"name\":\"100% Organic Wool Stuffing\"}]},{\"@type\":\"WebSite\",\"@id\":\"https:\\\/\\\/homeofwool.com\\\/#website\",\"url\":\"https:\\\/\\\/homeofwool.com\\\/\",\"name\":\"Home of Wool\",\"description\":\"\",\"publisher\":{\"@id\":\"https:\\\/\\\/homeofwool.com\\\/#organization\"},\"potentialAction\":[{\"@type\":\"SearchAction\",\"target\":{\"@type\":\"EntryPoint\",\"urlTemplate\":\"https:\\\/\\\/homeofwool.com\\\/?s={search_term_string}\"},\"query-input\":{\"@type\":\"PropertyValueSpecification\",\"valueRequired\":true,\"valueName\":\"search_term_string\"}}],\"inLanguage\":\"es\"},{\"@type\":\"Organization\",\"@id\":\"https:\\\/\\\/homeofwool.com\\\/#organization\",\"name\":\"Home of Wool\",\"url\":\"https:\\\/\\\/homeofwool.com\\\/\",\"logo\":{\"@type\":\"ImageObject\",\"inLanguage\":\"es\",\"@id\":\"https:\\\/\\\/homeofwool.com\\\/#\\\/schema\\\/logo\\\/image\\\/\",\"url\":\"https:\\\/\\\/homeofwool.com\\\/wp-content\\\/uploads\\\/2025\\\/09\\\/WhatsApp-Image-2025-12-02-at-16.23.20.jpeg\",\"contentUrl\":\"https:\\\/\\\/homeofwool.com\\\/wp-content\\\/uploads\\\/2025\\\/09\\\/WhatsApp-Image-2025-12-02-at-16.23.20.jpeg\",\"width\":700,\"height\":247,\"caption\":\"Home of Wool\"},\"image\":{\"@id\":\"https:\\\/\\\/homeofwool.com\\\/#\\\/schema\\\/logo\\\/image\\\/\"},\"sameAs\":[\"https:\\\/\\\/facebook.com\\\/HomeOfWoolOfficial\"]}]}<\/script>\n<!-- \/ Yoast SEO Premium plugin. -->","yoast_head_json":{"title":"Relleno de lana org\u00e1nica: relleno ecol\u00f3gico para proyectos de bricolaje | Home of Wool","description":"Suave, transpirable y sostenible, este relleno ecol\u00f3gico hace que el relleno de lana org\u00e1nica sea ideal para almohadas, juguetes, manualidades y proyectos de bricolaje, ofreciendo comodidad sin productos qu\u00edmicos para cada creaci\u00f3n.","robots":{"index":"index","follow":"follow","max-snippet":"max-snippet:-1","max-image-preview":"max-image-preview:large","max-video-preview":"max-video-preview:-1"},"canonical":"https:\/\/homeofwool.com\/es\/tienda\/relleno-de-lana-organica\/","og_locale":"es_ES","og_type":"article","og_title":"100% Organic Wool Stuffing","og_description":"Soft, breathable, and sustainable, this eco-friendly filling makes Organic Wool Stuffing ideal for pillows, toys, crafts, and DIY projects, offering chemical-free comfort for every creation.","og_url":"https:\/\/homeofwool.com\/es\/tienda\/relleno-de-lana-organica\/","og_site_name":"Home of Wool","article_publisher":"https:\/\/facebook.com\/HomeOfWoolOfficial","article_modified_time":"2026-03-26T13:22:39+00:00","og_image":[{"width":1900,"height":1520,"url":"https:\/\/homeofwool.com\/wp-content\/uploads\/2025\/09\/home-of-wool-100-organic-wool-stuffing-1-main.jpg","type":"image\/jpeg"}],"twitter_card":"summary_large_image","twitter_misc":{"Tiempo de lectura":"2 minutos"},"schema":{"@context":"https:\/\/schema.org","@graph":[{"@type":"WebPage","@id":"https:\/\/homeofwool.com\/shop\/organic-wool-stuffing\/","url":"https:\/\/homeofwool.com\/shop\/organic-wool-stuffing\/","name":"Relleno de lana org\u00e1nica: relleno ecol\u00f3gico para proyectos de bricolaje | Home of Wool","isPartOf":{"@id":"https:\/\/homeofwool.com\/#website"},"primaryImageOfPage":{"@id":"https:\/\/homeofwool.com\/shop\/organic-wool-stuffing\/#primaryimage"},"image":{"@id":"https:\/\/homeofwool.com\/shop\/organic-wool-stuffing\/#primaryimage"},"thumbnailUrl":"https:\/\/homeofwool.com\/wp-content\/uploads\/2025\/09\/home-of-wool-100-organic-wool-stuffing-1-main.jpg","datePublished":"2025-09-02T12:00:50+00:00","dateModified":"2026-03-26T13:22:39+00:00","description":"Suave, transpirable y sostenible, este relleno ecol\u00f3gico hace que el relleno de lana org\u00e1nica sea ideal para almohadas, juguetes, manualidades y proyectos de bricolaje, ofreciendo comodidad sin productos qu\u00edmicos para cada creaci\u00f3n.","breadcrumb":{"@id":"https:\/\/homeofwool.com\/shop\/organic-wool-stuffing\/#breadcrumb"},"inLanguage":"es","potentialAction":[{"@type":"ReadAction","target":["https:\/\/homeofwool.com\/shop\/organic-wool-stuffing\/"]}]},{"@type":"ImageObject","inLanguage":"es","@id":"https:\/\/homeofwool.com\/shop\/organic-wool-stuffing\/#primaryimage","url":"https:\/\/homeofwool.com\/wp-content\/uploads\/2025\/09\/home-of-wool-100-organic-wool-stuffing-1-main.jpg","contentUrl":"https:\/\/homeofwool.com\/wp-content\/uploads\/2025\/09\/home-of-wool-100-organic-wool-stuffing-1-main.jpg","width":1900,"height":1520,"caption":"wool stuffing in hands"},{"@type":"BreadcrumbList","@id":"https:\/\/homeofwool.com\/shop\/organic-wool-stuffing\/#breadcrumb","itemListElement":[{"@type":"ListItem","position":1,"name":"Home","item":"https:\/\/homeofwool.com\/"},{"@type":"ListItem","position":2,"name":"Products","item":"https:\/\/homeofwool.com\/header-search-2\/"},{"@type":"ListItem","position":3,"name":"100% Organic Wool Stuffing"}]},{"@type":"WebSite","@id":"https:\/\/homeofwool.com\/#website","url":"https:\/\/homeofwool.com\/","name":"Hogar de la lana","description":"","publisher":{"@id":"https:\/\/homeofwool.com\/#organization"},"potentialAction":[{"@type":"SearchAction","target":{"@type":"EntryPoint","urlTemplate":"https:\/\/homeofwool.com\/?s={search_term_string}"},"query-input":{"@type":"PropertyValueSpecification","valueRequired":true,"valueName":"search_term_string"}}],"inLanguage":"es"},{"@type":"Organization","@id":"https:\/\/homeofwool.com\/#organization","name":"Hogar de la lana","url":"https:\/\/homeofwool.com\/","logo":{"@type":"ImageObject","inLanguage":"es","@id":"https:\/\/homeofwool.com\/#\/schema\/logo\/image\/","url":"https:\/\/homeofwool.com\/wp-content\/uploads\/2025\/09\/WhatsApp-Image-2025-12-02-at-16.23.20.jpeg","contentUrl":"https:\/\/homeofwool.com\/wp-content\/uploads\/2025\/09\/WhatsApp-Image-2025-12-02-at-16.23.20.jpeg","width":700,"height":247,"caption":"Home of Wool"},"image":{"@id":"https:\/\/homeofwool.com\/#\/schema\/logo\/image\/"},"sameAs":["https:\/\/facebook.com\/HomeOfWoolOfficial"]}]}},"_links":{"self":[{"href":"https:\/\/homeofwool.com\/es\/wp-json\/wp\/v2\/product\/217491","targetHints":{"allow":["GET"]}}],"collection":[{"href":"https:\/\/homeofwool.com\/es\/wp-json\/wp\/v2\/product"}],"about":[{"href":"https:\/\/homeofwool.com\/es\/wp-json\/wp\/v2\/types\/product"}],"version-history":[{"count":2,"href":"https:\/\/homeofwool.com\/es\/wp-json\/wp\/v2\/product\/217491\/revisions"}],"predecessor-version":[{"id":229052,"href":"https:\/\/homeofwool.com\/es\/wp-json\/wp\/v2\/product\/217491\/revisions\/229052"}],"wp:featuredmedia":[{"embeddable":true,"href":"https:\/\/homeofwool.com\/es\/wp-json\/wp\/v2\/media\/219231"}],"wp:attachment":[{"href":"https:\/\/homeofwool.com\/es\/wp-json\/wp\/v2\/media?parent=217491"}],"wp:term":[{"taxonomy":"product_brand","embeddable":true,"href":"https:\/\/homeofwool.com\/es\/wp-json\/wp\/v2\/product_brand?post=217491"},{"taxonomy":"product_cat","embeddable":true,"href":"https:\/\/homeofwool.com\/es\/wp-json\/wp\/v2\/product_cat?post=217491"},{"taxonomy":"product_tag","embeddable":true,"href":"https:\/\/homeofwool.com\/es\/wp-json\/wp\/v2\/product_tag?post=217491"}],"curies":[{"name":"wp","href":"https:\/\/api.w.org\/{rel}","templated":true}]}}