{"id":220073,"date":"2025-09-27T08:35:33","date_gmt":"2025-09-27T08:35:33","guid":{"rendered":"https:\/\/homeofwool.com\/our-mission\/"},"modified":"2025-11-28T10:00:59","modified_gmt":"2025-11-28T10:00:59","slug":"nuestra-mision","status":"publish","type":"page","link":"https:\/\/homeofwool.com\/es\/our-mission\/","title":{"rendered":"Nuestra misi\u00f3n"},"content":{"rendered":"<div data-elementor-type=\"wp-page\" data-elementor-id=\"220073\" class=\"elementor elementor-220073\" data-elementor-post-type=\"page\">\n\t\t\t\t<div class=\"elementor-element elementor-element-001a216 page_content e-flex e-con-boxed e-con e-parent\" data-id=\"001a216\" data-element_type=\"container\" data-e-type=\"container\">\n\t\t\t\t\t<div class=\"e-con-inner\">\n\t\t\t\t<div class=\"elementor-element elementor-element-a47db14 elementor-widget elementor-widget-heading\" data-id=\"a47db14\" data-element_type=\"widget\" data-e-type=\"widget\" data-widget_type=\"heading.default\">\n\t\t\t\t\t<h1 class=\"elementor-heading-title elementor-size-default\">Nuestra misi\u00f3n\n<\/h1>\t\t\t\t<\/div>\n\t\t\t\t<div class=\"elementor-element elementor-element-f22df8f elementor-widget elementor-widget-text-editor\" data-id=\"f22df8f\" data-element_type=\"widget\" data-e-type=\"widget\" data-widget_type=\"text-editor.default\">\n\t\t\t\t\t\t\t\t\t<p>En Home of Wool, nos dedicamos a fabricar colchones org\u00e1nicos puros personalizados, ropa de cama, art\u00edculos para ni\u00f1os y textiles decorativos que redefinen el concepto de comodidad y bienestar en su hogar.<\/p><p>Te mereces dormir profundamente, despertarte sinti\u00e9ndote renovado y vivir en un hogar saludable. Creemos que tu salud nunca debe verse comprometida por los efectos nocivos de los productos sint\u00e9ticos y qu\u00edmicos t\u00f3xicos que se encuentran en la ropa de cama y los muebles convencionales.<\/p><p>En el centro de lo que hacemos se encuentra la idea de que la naturaleza nos proporciona todo lo que necesitamos para crear un nivel de confort sin igual que supera cualquier alternativa sint\u00e9tica. Lujosos, totalmente naturales y meticulosamente elaborados a mano, nuestros productos est\u00e1n dise\u00f1ados para crear hogares saludables en los que usted y su familia puedan disfrutar de los infinitos beneficios de la lana pura, el lino, la seda y el algod\u00f3n org\u00e1nico.<\/p><p>Solo fabricamos productos libres de sint\u00e9ticos, qu\u00edmicos y toxinas, utilizando materiales puros y naturales como algod\u00f3n org\u00e1nico, lana, lino y seda, que promueven un entorno saludable para vivir, dormir y descansar, y que te ayudan a dormir tranquilo sabiendo que has elegido la opci\u00f3n m\u00e1s saludable para ti y tus seres queridos.<\/p><p>Hacemos todo a medida para adaptarnos a usted, a su espacio y a sus necesidades. Cada persona es diferente, por lo que nos tomamos el tiempo necesario para comprender sus necesidades y preferencias, y trabajamos con usted para crear una soluci\u00f3n personalizada que sea perfecta para usted.<\/p><p>Somos una empresa familiar que se dedica con pasi\u00f3n a ofrecerle los mejores productos y la mejor experiencia posible. Estamos comprometidos con la satisfacci\u00f3n del cliente y buscamos constantemente innovar y encontrar nuevas formas de mejorar nuestros productos.<\/p><p>Nuestros productos se fabrican de forma sostenible, con un impacto m\u00ednimo en el medio ambiente de principio a fin, ya que se cultivan de forma sostenible y son totalmente biodegradables. Est\u00e1n dise\u00f1ados para poder repararse y arreglarse f\u00e1cilmente. Con cada compra, puedes estar tranquilo sabiendo que est\u00e1s contribuyendo positivamente al planeta, ya que obtienes un producto ecol\u00f3gico fabricado para durar toda la vida.<\/p><p>Valoramos la importancia de retribuir a la comunidad y apoyamos a varias organizaciones ben\u00e9ficas.<\/p><p>Estamos seguros de que nuestros productos pueden ayudarle a dormir mejor, vivir de forma m\u00e1s saludable y crear un hogar m\u00e1s confortable. \u00a1Le invitamos a unirse a nuestra misi\u00f3n dando un paso hacia la transformaci\u00f3n de su sue\u00f1o y su hogar!<\/p>\t\t\t\t\t\t\t\t<\/div>\n\t\t\t\t\t<\/div>\n\t\t\t\t<\/div>\n\t\t\t\t<\/div>","protected":false},"excerpt":{"rendered":"<p>Our Mission At Home of Wool, we are dedicated to crafting custom pure organic mattresses, bedding, kids, and d\u00e9cor textile pieces that redefine the concept of comfort and well-being within your home. You deserve to sleep soundly, wake up feeling refreshed, and live in a healthy home. We believe that your health should never be [&hellip;]<\/p>\n","protected":false},"author":1,"featured_media":0,"parent":0,"menu_order":0,"comment_status":"closed","ping_status":"closed","template":"elementor_header_footer","meta":{"_acf_changed":false,"footnotes":""},"class_list":["post-220073","page","type-page","status-publish","hentry"],"acf":[],"yoast_head":"<!-- This site is optimized with the Yoast SEO Premium plugin v27.3 (Yoast SEO v27.3) - https:\/\/yoast.com\/product\/yoast-seo-premium-wordpress\/ -->\n<title>Our Mission \u2013 Natural, Ethical, Zero-Waste Wool Living | Home of Wool<\/title>\n<meta name=\"description\" content=\"Learn about our mission to create healthier homes with all-natural, toxin-free wool products. We craft responsibly, reduce waste, and design lasting pieces that honour people, animals, and the planet.\" \/>\n<meta name=\"robots\" content=\"index, follow, max-snippet:-1, max-image-preview:large, max-video-preview:-1\" \/>\n<link rel=\"canonical\" href=\"https:\/\/homeofwool.com\/es\/nuestra-mision\/\" \/>\n<meta property=\"og:locale\" content=\"es_ES\" \/>\n<meta property=\"og:type\" content=\"article\" \/>\n<meta property=\"og:title\" content=\"Our Mission\" \/>\n<meta property=\"og:description\" content=\"Learn about our mission to create healthier homes with all-natural, toxin-free wool products. We craft responsibly, reduce waste, and design lasting pieces that honour people, animals, and the planet.\" \/>\n<meta property=\"og:url\" content=\"https:\/\/homeofwool.com\/es\/nuestra-mision\/\" \/>\n<meta property=\"og:site_name\" content=\"Home of Wool\" \/>\n<meta property=\"article:publisher\" content=\"https:\/\/facebook.com\/HomeOfWoolOfficial\" \/>\n<meta property=\"article:modified_time\" content=\"2025-11-28T10:00:59+00:00\" \/>\n<meta name=\"twitter:card\" content=\"summary_large_image\" \/>\n<meta name=\"twitter:label1\" content=\"Tiempo de lectura\" \/>\n\t<meta name=\"twitter:data1\" content=\"2 minutos\" \/>\n<script type=\"application\/ld+json\" class=\"yoast-schema-graph\">{\"@context\":\"https:\\\/\\\/schema.org\",\"@graph\":[{\"@type\":\"WebPage\",\"@id\":\"https:\\\/\\\/homeofwool.com\\\/our-mission\\\/\",\"url\":\"https:\\\/\\\/homeofwool.com\\\/our-mission\\\/\",\"name\":\"Our Mission \u2013 Natural, Ethical, Zero-Waste Wool Living | Home of Wool\",\"isPartOf\":{\"@id\":\"https:\\\/\\\/homeofwool.com\\\/#website\"},\"datePublished\":\"2025-09-27T08:35:33+00:00\",\"dateModified\":\"2025-11-28T10:00:59+00:00\",\"description\":\"Learn about our mission to create healthier homes with all-natural, toxin-free wool products. We craft responsibly, reduce waste, and design lasting pieces that honour people, animals, and the planet.\",\"breadcrumb\":{\"@id\":\"https:\\\/\\\/homeofwool.com\\\/our-mission\\\/#breadcrumb\"},\"inLanguage\":\"es\",\"potentialAction\":[{\"@type\":\"ReadAction\",\"target\":[\"https:\\\/\\\/homeofwool.com\\\/our-mission\\\/\"]}]},{\"@type\":\"BreadcrumbList\",\"@id\":\"https:\\\/\\\/homeofwool.com\\\/our-mission\\\/#breadcrumb\",\"itemListElement\":[{\"@type\":\"ListItem\",\"position\":1,\"name\":\"Home\",\"item\":\"https:\\\/\\\/homeofwool.com\\\/\"},{\"@type\":\"ListItem\",\"position\":2,\"name\":\"Our Mission\"}]},{\"@type\":\"WebSite\",\"@id\":\"https:\\\/\\\/homeofwool.com\\\/#website\",\"url\":\"https:\\\/\\\/homeofwool.com\\\/\",\"name\":\"Home of Wool\",\"description\":\"\",\"publisher\":{\"@id\":\"https:\\\/\\\/homeofwool.com\\\/#organization\"},\"potentialAction\":[{\"@type\":\"SearchAction\",\"target\":{\"@type\":\"EntryPoint\",\"urlTemplate\":\"https:\\\/\\\/homeofwool.com\\\/?s={search_term_string}\"},\"query-input\":{\"@type\":\"PropertyValueSpecification\",\"valueRequired\":true,\"valueName\":\"search_term_string\"}}],\"inLanguage\":\"es\"},{\"@type\":\"Organization\",\"@id\":\"https:\\\/\\\/homeofwool.com\\\/#organization\",\"name\":\"Home of Wool\",\"url\":\"https:\\\/\\\/homeofwool.com\\\/\",\"logo\":{\"@type\":\"ImageObject\",\"inLanguage\":\"es\",\"@id\":\"https:\\\/\\\/homeofwool.com\\\/#\\\/schema\\\/logo\\\/image\\\/\",\"url\":\"https:\\\/\\\/homeofwool.com\\\/wp-content\\\/uploads\\\/2025\\\/09\\\/WhatsApp-Image-2025-12-02-at-16.23.20.jpeg\",\"contentUrl\":\"https:\\\/\\\/homeofwool.com\\\/wp-content\\\/uploads\\\/2025\\\/09\\\/WhatsApp-Image-2025-12-02-at-16.23.20.jpeg\",\"width\":700,\"height\":247,\"caption\":\"Home of Wool\"},\"image\":{\"@id\":\"https:\\\/\\\/homeofwool.com\\\/#\\\/schema\\\/logo\\\/image\\\/\"},\"sameAs\":[\"https:\\\/\\\/facebook.com\\\/HomeOfWoolOfficial\"]}]}<\/script>\n<!-- \/ Yoast SEO Premium plugin. -->","yoast_head_json":{"title":"Nuestra misi\u00f3n: una vida natural, \u00e9tica y sin residuos con lana | Home of Wool","description":"Descubra nuestra misi\u00f3n de crear hogares m\u00e1s saludables con productos de lana totalmente naturales y libres de toxinas. Fabricamos de forma responsable, reducimos los residuos y dise\u00f1amos piezas duraderas que respetan a las personas, los animales y el planeta.","robots":{"index":"index","follow":"follow","max-snippet":"max-snippet:-1","max-image-preview":"max-image-preview:large","max-video-preview":"max-video-preview:-1"},"canonical":"https:\/\/homeofwool.com\/es\/nuestra-mision\/","og_locale":"es_ES","og_type":"article","og_title":"Our Mission","og_description":"Learn about our mission to create healthier homes with all-natural, toxin-free wool products. We craft responsibly, reduce waste, and design lasting pieces that honour people, animals, and the planet.","og_url":"https:\/\/homeofwool.com\/es\/nuestra-mision\/","og_site_name":"Home of Wool","article_publisher":"https:\/\/facebook.com\/HomeOfWoolOfficial","article_modified_time":"2025-11-28T10:00:59+00:00","twitter_card":"summary_large_image","twitter_misc":{"Tiempo de lectura":"2 minutos"},"schema":{"@context":"https:\/\/schema.org","@graph":[{"@type":"WebPage","@id":"https:\/\/homeofwool.com\/our-mission\/","url":"https:\/\/homeofwool.com\/our-mission\/","name":"Nuestra misi\u00f3n: una vida natural, \u00e9tica y sin residuos con lana | Home of Wool","isPartOf":{"@id":"https:\/\/homeofwool.com\/#website"},"datePublished":"2025-09-27T08:35:33+00:00","dateModified":"2025-11-28T10:00:59+00:00","description":"Descubra nuestra misi\u00f3n de crear hogares m\u00e1s saludables con productos de lana totalmente naturales y libres de toxinas. Fabricamos de forma responsable, reducimos los residuos y dise\u00f1amos piezas duraderas que respetan a las personas, los animales y el planeta.","breadcrumb":{"@id":"https:\/\/homeofwool.com\/our-mission\/#breadcrumb"},"inLanguage":"es","potentialAction":[{"@type":"ReadAction","target":["https:\/\/homeofwool.com\/our-mission\/"]}]},{"@type":"BreadcrumbList","@id":"https:\/\/homeofwool.com\/our-mission\/#breadcrumb","itemListElement":[{"@type":"ListItem","position":1,"name":"Home","item":"https:\/\/homeofwool.com\/"},{"@type":"ListItem","position":2,"name":"Our Mission"}]},{"@type":"WebSite","@id":"https:\/\/homeofwool.com\/#website","url":"https:\/\/homeofwool.com\/","name":"Hogar de la lana","description":"","publisher":{"@id":"https:\/\/homeofwool.com\/#organization"},"potentialAction":[{"@type":"SearchAction","target":{"@type":"EntryPoint","urlTemplate":"https:\/\/homeofwool.com\/?s={search_term_string}"},"query-input":{"@type":"PropertyValueSpecification","valueRequired":true,"valueName":"search_term_string"}}],"inLanguage":"es"},{"@type":"Organization","@id":"https:\/\/homeofwool.com\/#organization","name":"Hogar de la lana","url":"https:\/\/homeofwool.com\/","logo":{"@type":"ImageObject","inLanguage":"es","@id":"https:\/\/homeofwool.com\/#\/schema\/logo\/image\/","url":"https:\/\/homeofwool.com\/wp-content\/uploads\/2025\/09\/WhatsApp-Image-2025-12-02-at-16.23.20.jpeg","contentUrl":"https:\/\/homeofwool.com\/wp-content\/uploads\/2025\/09\/WhatsApp-Image-2025-12-02-at-16.23.20.jpeg","width":700,"height":247,"caption":"Home of Wool"},"image":{"@id":"https:\/\/homeofwool.com\/#\/schema\/logo\/image\/"},"sameAs":["https:\/\/facebook.com\/HomeOfWoolOfficial"]}]}},"_links":{"self":[{"href":"https:\/\/homeofwool.com\/es\/wp-json\/wp\/v2\/pages\/220073","targetHints":{"allow":["GET"]}}],"collection":[{"href":"https:\/\/homeofwool.com\/es\/wp-json\/wp\/v2\/pages"}],"about":[{"href":"https:\/\/homeofwool.com\/es\/wp-json\/wp\/v2\/types\/page"}],"author":[{"embeddable":true,"href":"https:\/\/homeofwool.com\/es\/wp-json\/wp\/v2\/users\/1"}],"replies":[{"embeddable":true,"href":"https:\/\/homeofwool.com\/es\/wp-json\/wp\/v2\/comments?post=220073"}],"version-history":[{"count":0,"href":"https:\/\/homeofwool.com\/es\/wp-json\/wp\/v2\/pages\/220073\/revisions"}],"wp:attachment":[{"href":"https:\/\/homeofwool.com\/es\/wp-json\/wp\/v2\/media?parent=220073"}],"curies":[{"name":"wp","href":"https:\/\/api.w.org\/{rel}","templated":true}]}}