{"id":219985,"date":"2025-09-27T08:34:20","date_gmt":"2025-09-27T08:34:20","guid":{"rendered":"https:\/\/homeofwool.com\/contact-us\/"},"modified":"2025-11-28T10:11:08","modified_gmt":"2025-11-28T10:11:08","slug":"contacto","status":"publish","type":"page","link":"https:\/\/homeofwool.com\/es\/contact\/","title":{"rendered":"P\u00f3ngase en contacto con"},"content":{"rendered":"\t\t<div data-elementor-type=\"wp-page\" data-elementor-id=\"219985\" class=\"elementor elementor-219985\" data-elementor-post-type=\"page\">\n\t\t\t\t\t\t<section class=\"elementor-section elementor-top-section elementor-element elementor-element-43effea elementor-section-stretched elementor-section-full_width elementor-section-height-default elementor-section-height-default\" data-id=\"43effea\" data-element_type=\"section\" data-e-type=\"section\" data-settings=\"{&quot;stretch_section&quot;:&quot;section-stretched&quot;}\">\n\t\t\t\t\t\t<div class=\"elementor-container elementor-column-gap-no\">\n\t\t\t\t\t<div class=\"elementor-column elementor-col-100 elementor-top-column elementor-element elementor-element-f496069\" data-id=\"f496069\" data-element_type=\"column\" data-e-type=\"column\">\n\t\t\t<div class=\"elementor-widget-wrap elementor-element-populated\">\n\t\t\t\t\t\t<div class=\"elementor-element elementor-element-841156d elementor-widget elementor-widget-google_maps\" data-id=\"841156d\" data-element_type=\"widget\" data-e-type=\"widget\" data-widget_type=\"google_maps.default\">\n\t\t\t\t\t\t\t<div class=\"elementor-custom-embed\">\n\t\t\t<iframe loading=\"lazy\"\n\t\t\t\t\tsrc=\"https:\/\/maps.google.com\/maps?q=Home%20of%20Wool%20Bulgaria&#038;t=m&#038;z=16&#038;output=embed&#038;iwloc=near\"\n\t\t\t\t\ttitle=\"Home of Wool Bulgaria\"\n\t\t\t\t\taria-label=\"Home of Wool Bulgaria\"\n\t\t\t><\/iframe>\n\t\t<\/div>\n\t\t\t\t\t\t<\/div>\n\t\t\t\t\t<\/div>\n\t\t<\/div>\n\t\t\t\t\t<\/div>\n\t\t<\/section>\n\t\t<div class=\"elementor-element elementor-element-febaff8 page_content e-flex e-con-boxed e-con e-parent\" data-id=\"febaff8\" data-element_type=\"container\" data-e-type=\"container\">\n\t\t\t\t\t<div class=\"e-con-inner\">\n\t\t<div class=\"elementor-element elementor-element-50386ae e-con-full e-flex e-con e-child\" data-id=\"50386ae\" data-element_type=\"container\" data-e-type=\"container\">\n\t\t\t\t<div class=\"elementor-element elementor-element-33448d2 elementor-widget elementor-widget-heading\" data-id=\"33448d2\" data-element_type=\"widget\" data-e-type=\"widget\" data-widget_type=\"heading.default\">\n\t\t\t\t\t<h1 class=\"elementor-heading-title elementor-size-default\">Contact<\/h1>\t\t\t\t<\/div>\n\t\t\t\t<\/div>\n\t\t<div class=\"elementor-element elementor-element-72c4579 e-con-full e-flex e-con e-child\" data-id=\"72c4579\" data-element_type=\"container\" data-e-type=\"container\">\n\t\t<div class=\"elementor-element elementor-element-542cba7 e-con-full e-flex e-con e-child\" data-id=\"542cba7\" data-element_type=\"container\" data-e-type=\"container\">\n\t\t\t\t<div class=\"elementor-element elementor-element-ac49fb0 elementor-widget elementor-widget-text-editor\" data-id=\"ac49fb0\" data-element_type=\"widget\" data-e-type=\"widget\" data-widget_type=\"text-editor.default\">\n\t\t\t\t\t\t\t\t\t<p>Feel free to contacts us with any queries you have.<\/p><div>For partnerships and collaborations, please contact us via <a href=\"\/work-with-us\/\">this form<\/a>.<\/div><p>Here\u2019s a link to our <a href=\"\/faqs\/\">frequently asked questions<\/a>.<\/p>\t\t\t\t\t\t\t\t<\/div>\n\t\t\t\t<div class=\"elementor-element elementor-element-a022118 elementor-widget elementor-widget-text-editor\" data-id=\"a022118\" data-element_type=\"widget\" data-e-type=\"widget\" data-widget_type=\"text-editor.default\">\n\t\t\t\t\t\t\t\t\t<div class=\"ql-block\" data-block-id=\"block-227a0113-08bd-4514-ac49-226214dd1f01\"><div class=\"ql-block\" data-block-id=\"block-227a0113-08bd-4514-ac49-226214dd1f01\"><strong>Showroom<\/strong>: 1700 Sofia, Bulgaria<br \/>Simeonovsko shose 24<\/div><div class=\"ql-block\" data-block-id=\"block-227a0113-08bd-4514-ac49-226214dd1f01\"><strong>Headquarters<\/strong>: 1407 Sofia, Bulgaria<\/div><div class=\"ql-block\" data-block-id=\"block-2ad7f8eb-bd42-4caf-b755-dfe41d76408b\">57 Major Thompson str.<\/div><div data-block-id=\"block-2ad7f8eb-bd42-4caf-b755-dfe41d76408b\">\u00a0<\/div><div class=\"ql-block\" data-block-id=\"block-67d6a74c-d785-477d-9f03-76a432b22df2\">VAT: BG203654879<\/div><\/div><p><a href=\"mailto:hello@homeofwool.com\">hello[at]homeofwool.com<\/a><\/p>\t\t\t\t\t\t\t\t<\/div>\n\t\t\t\t<\/div>\n\t\t<div class=\"elementor-element elementor-element-6c93930 e-con-full e-flex e-con e-child\" data-id=\"6c93930\" data-element_type=\"container\" data-e-type=\"container\">\n\t\t\t\t<div class=\"elementor-element elementor-element-0786174 eael-contact-form-7-button-align-left eael-contact-form-7-button-custom elementor-widget elementor-widget-eael-contact-form-7\" data-id=\"0786174\" data-element_type=\"widget\" data-e-type=\"widget\" data-widget_type=\"eael-contact-form-7.default\">\n\t\t\t\t\t<div class=\"eael-contact-form-7-wrapper\">\n                <div class=\"eael-contact-form eael-contact-form-7 eael-contact-form-0786174 placeholder-show eael-contact-form-align-default\">\n<div class=\"wpcf7 no-js\" id=\"wpcf7-f220592-o1\" lang=\"en-US\" dir=\"ltr\" data-wpcf7-id=\"220592\">\n<div class=\"screen-reader-response\"><p role=\"status\" aria-live=\"polite\" aria-atomic=\"true\"><\/p> <ul><\/ul><\/div>\n<form action=\"\/es\/wp-json\/wp\/v2\/pages\/219985#wpcf7-f220592-o1\" method=\"post\" class=\"wpcf7-form init\" aria-label=\"Contact form\" enctype=\"multipart\/form-data\" novalidate=\"novalidate\" data-status=\"init\">\n<fieldset class=\"hidden-fields-container\"><input type=\"hidden\" name=\"_wpcf7\" value=\"220592\" \/><input type=\"hidden\" name=\"_wpcf7_version\" value=\"6.1.5\" \/><input type=\"hidden\" name=\"_wpcf7_locale\" value=\"en_US\" \/><input type=\"hidden\" name=\"_wpcf7_unit_tag\" value=\"wpcf7-f220592-o1\" \/><input type=\"hidden\" name=\"_wpcf7_container_post\" value=\"0\" \/><input type=\"hidden\" name=\"_wpcf7_posted_data_hash\" value=\"\" \/>\n<\/fieldset>\n<p><label for=\"your-name\">Name*<\/label><span class=\"wpcf7-form-control-wrap\" data-name=\"your-name\"><input size=\"40\" maxlength=\"400\" class=\"wpcf7-form-control wpcf7-text wpcf7-validates-as-required\" id=\"your-name\" autocomplete=\"name\" aria-required=\"true\" aria-invalid=\"false\" value=\"\" type=\"text\" name=\"your-name\" \/><\/span>\n<\/p>\n<p><label for=\"your-email\">Email*<\/label><span class=\"wpcf7-form-control-wrap\" data-name=\"your-email\"><input size=\"40\" maxlength=\"400\" class=\"wpcf7-form-control wpcf7-email wpcf7-validates-as-required wpcf7-text wpcf7-validates-as-email\" id=\"your-email\" autocomplete=\"email\" aria-required=\"true\" aria-invalid=\"false\" value=\"\" type=\"email\" name=\"your-email\" \/><\/span>\n<\/p>\n<p><label for=\"your-location\">Country*<\/label><span class=\"wpcf7-form-control-wrap\" data-name=\"your-location\"><input size=\"40\" maxlength=\"400\" class=\"wpcf7-form-control wpcf7-text wpcf7-validates-as-required\" id=\"your-location\" aria-required=\"true\" aria-invalid=\"false\" value=\"\" type=\"text\" name=\"your-location\" \/><\/span>\n<\/p>\n<p><label for=\"your-subject\">Subject*<\/label><span class=\"wpcf7-form-control-wrap\" data-name=\"your-subject\"><input size=\"40\" maxlength=\"400\" class=\"wpcf7-form-control wpcf7-text wpcf7-validates-as-required\" id=\"your-subject\" aria-required=\"true\" aria-invalid=\"false\" value=\"\" type=\"text\" name=\"your-subject\" \/><\/span>\n<\/p>\n<p><label for=\"your-message\">How Can We Help*<\/label><span class=\"wpcf7-form-control-wrap\" data-name=\"your-message\"><textarea cols=\"40\" rows=\"10\" maxlength=\"2000\" class=\"wpcf7-form-control wpcf7-textarea wpcf7-validates-as-required\" id=\"your-message\" aria-required=\"true\" aria-invalid=\"false\" name=\"your-message\"><\/textarea><\/span>\n<\/p>\n<p><label for=\"your-dimensions\">Enter Your Desired Dimensions (optional)<\/label><span class=\"wpcf7-form-control-wrap\" data-name=\"your-dimensions\"><input size=\"40\" maxlength=\"400\" class=\"wpcf7-form-control wpcf7-text\" id=\"your-dimensions\" aria-invalid=\"false\" value=\"\" type=\"text\" name=\"your-dimensions\" \/><\/span>\n<\/p>\n<p><label for=\"your-inspo\">Add a link to an inspirational image (optional)<\/label><span class=\"wpcf7-form-control-wrap\" data-name=\"your-inspo\"><input size=\"40\" maxlength=\"400\" class=\"wpcf7-form-control wpcf7-text\" id=\"your-inspo\" aria-invalid=\"false\" value=\"\" type=\"text\" name=\"your-inspo\" \/><\/span>\n<\/p>\n<p><label for=\"your-photo\">Add your photo (optional)<\/label><br \/>\n<span class=\"wpcf7-form-control-wrap\" data-name=\"your-photo\"><input size=\"40\" class=\"wpcf7-form-control wpcf7-file\" id=\"your-photo\" accept=\"audio\/*,video\/*,image\/*\" aria-invalid=\"false\" type=\"file\" name=\"your-photo\" \/><\/span>\n<\/p>\n<p><span class=\"wpcf7-form-control-wrap\" data-name=\"checkbox-233\"><span class=\"wpcf7-form-control wpcf7-checkbox wpcf7-validates-as-required\"><span class=\"wpcf7-list-item first last\"><label><input type=\"checkbox\" name=\"checkbox-233[]\" value=\"By clicking submit you agree to the site&#039;s Terms &amp; Conditions and consent to having Home of Wool collect your details via this form.\" \/><span class=\"wpcf7-list-item-label\">By clicking submit you agree to the site&#039;s Terms &amp; Conditions and consent to having Home of Wool collect your details via this form.<\/span><\/label><\/span><\/span><\/span>\n<\/p>\n<p><br \/>\n<div class=\"cf7-cf-turnstile\" style=\"margin-top: 0px; margin-bottom: -15px;\"> <div id=\"cf-turnstile-cf7-2835173110\" class=\"cf-turnstile\" data-callback=\"turnstileCF7Callback\" data-sitekey=\"0x4AAAAAACHX7u1im3Byd4tc\" data-theme=\"auto\" data-language=\"auto\" data-size=\"flexible\" data-retry=\"auto\" data-retry-interval=\"1000\" data-refresh-expired=\"auto\" data-refresh-timeout=\"auto\" data-action=\"contact-form-7\" data-callback=\"turnstileCF7Callback\" data-appearance=\"interaction-only\"><\/div> <style>.wpcf7-submit { pointer-events: none; opacity: 0.5; }<\/style> <script>document.addEventListener(\"DOMContentLoaded\", function() { setTimeout(function(){ var e=document.getElementById(\"cf-turnstile-cf7-2835173110\"); if(e&&!e.innerHTML.trim()){turnstile.render(e, {sitekey:\"0x4AAAAAACHX7u1im3Byd4tc\"});} }, 200); });<\/script> <style>#cf-turnstile-cf7-2835173110 iframe { margin-bottom: 15px; }<\/style> <style>#cf-turnstile-cf7-2835173110 { margin-left: -15px; }<\/style> <script>document.addEventListener(\"DOMContentLoaded\",function(){document.querySelectorAll('.wpcf7-form').forEach(function(e){e.addEventListener('submit',function(){if(document.getElementById('cf-turnstile-cf7-2835173110')){setTimeout(function(){turnstile.reset('#cf-turnstile-cf7-2835173110');},1000)}})})});<\/script> <\/div><br\/><input class=\"wpcf7-form-control wpcf7-submit has-spinner\" type=\"submit\" value=\"Submit\" \/>\n<\/p><div class=\"wpcf7-response-output\" aria-hidden=\"true\"><\/div>\n<\/form>\n<\/div>\n<\/div>\n            <\/div>\t\t\t\t<\/div>\n\t\t\t\t<\/div>\n\t\t\t\t<\/div>\n\t\t\t\t\t<\/div>\n\t\t\t\t<\/div>\n\t\t\t\t<\/div>\n\t\t","protected":false},"excerpt":{"rendered":"<p>Contact Feel free to contacts us with any queries you have. For partnerships and collaborations, please contact us via this form. Here\u2019s a link to our frequently asked questions. Showroom: 1700 Sofia, Bulgaria Simeonovsko shose 24Headquarters: 1407 Sofia, Bulgaria57 Major Thompson str.\u00a0VAT: BG203654879 hello[at]homeofwool.com Name* Email* Country* How Can We Help* Enter Your Desired Dimensions [&hellip;]<\/p>\n","protected":false},"author":1,"featured_media":0,"parent":0,"menu_order":0,"comment_status":"closed","ping_status":"closed","template":"elementor_header_footer","meta":{"_acf_changed":false,"footnotes":""},"class_list":["post-219985","page","type-page","status-publish","hentry"],"acf":[],"yoast_head":"<!-- This site is optimized with the Yoast SEO Premium plugin v27.3 (Yoast SEO v27.3) - https:\/\/yoast.com\/product\/yoast-seo-premium-wordpress\/ -->\n<title>Contact Us \u2013 Handcrafted Wool Bedding &amp; Support | Home of Wool<\/title>\n<meta name=\"description\" content=\"Get in touch with Home of Wool for product questions, custom projects, or order support. Our team is here to help you design natural wool bedding and decor tailored to your comfort and space.\" \/>\n<meta name=\"robots\" content=\"index, follow, max-snippet:-1, max-image-preview:large, max-video-preview:-1\" \/>\n<link rel=\"canonical\" href=\"https:\/\/homeofwool.com\/es\/contacto\/\" \/>\n<meta property=\"og:locale\" content=\"es_ES\" \/>\n<meta property=\"og:type\" content=\"article\" \/>\n<meta property=\"og:title\" content=\"Contact\" \/>\n<meta property=\"og:description\" content=\"Get in touch with Home of Wool for product questions, custom projects, or order support. Our team is here to help you design natural wool bedding and decor tailored to your comfort and space.\" \/>\n<meta property=\"og:url\" content=\"https:\/\/homeofwool.com\/es\/contacto\/\" \/>\n<meta property=\"og:site_name\" content=\"Home of Wool\" \/>\n<meta property=\"article:publisher\" content=\"https:\/\/facebook.com\/HomeOfWoolOfficial\" \/>\n<meta property=\"article:modified_time\" content=\"2025-11-28T10:11:08+00:00\" \/>\n<meta name=\"twitter:card\" content=\"summary_large_image\" \/>\n<meta name=\"twitter:label1\" content=\"Tiempo de lectura\" \/>\n\t<meta name=\"twitter:data1\" content=\"1 minuto\" \/>\n<script type=\"application\/ld+json\" class=\"yoast-schema-graph\">{\"@context\":\"https:\\\/\\\/schema.org\",\"@graph\":[{\"@type\":\"WebPage\",\"@id\":\"https:\\\/\\\/homeofwool.com\\\/contact\\\/\",\"url\":\"https:\\\/\\\/homeofwool.com\\\/contact\\\/\",\"name\":\"Contact Us \u2013 Handcrafted Wool Bedding & Support | Home of Wool\",\"isPartOf\":{\"@id\":\"https:\\\/\\\/homeofwool.com\\\/#website\"},\"datePublished\":\"2025-09-27T08:34:20+00:00\",\"dateModified\":\"2025-11-28T10:11:08+00:00\",\"description\":\"Get in touch with Home of Wool for product questions, custom projects, or order support. Our team is here to help you design natural wool bedding and decor tailored to your comfort and space.\",\"breadcrumb\":{\"@id\":\"https:\\\/\\\/homeofwool.com\\\/contact\\\/#breadcrumb\"},\"inLanguage\":\"es\",\"potentialAction\":[{\"@type\":\"ReadAction\",\"target\":[\"https:\\\/\\\/homeofwool.com\\\/contact\\\/\"]}]},{\"@type\":\"BreadcrumbList\",\"@id\":\"https:\\\/\\\/homeofwool.com\\\/contact\\\/#breadcrumb\",\"itemListElement\":[{\"@type\":\"ListItem\",\"position\":1,\"name\":\"Home\",\"item\":\"https:\\\/\\\/homeofwool.com\\\/\"},{\"@type\":\"ListItem\",\"position\":2,\"name\":\"Contact\"}]},{\"@type\":\"WebSite\",\"@id\":\"https:\\\/\\\/homeofwool.com\\\/#website\",\"url\":\"https:\\\/\\\/homeofwool.com\\\/\",\"name\":\"Home of Wool\",\"description\":\"\",\"publisher\":{\"@id\":\"https:\\\/\\\/homeofwool.com\\\/#organization\"},\"potentialAction\":[{\"@type\":\"SearchAction\",\"target\":{\"@type\":\"EntryPoint\",\"urlTemplate\":\"https:\\\/\\\/homeofwool.com\\\/?s={search_term_string}\"},\"query-input\":{\"@type\":\"PropertyValueSpecification\",\"valueRequired\":true,\"valueName\":\"search_term_string\"}}],\"inLanguage\":\"es\"},{\"@type\":\"Organization\",\"@id\":\"https:\\\/\\\/homeofwool.com\\\/#organization\",\"name\":\"Home of Wool\",\"url\":\"https:\\\/\\\/homeofwool.com\\\/\",\"logo\":{\"@type\":\"ImageObject\",\"inLanguage\":\"es\",\"@id\":\"https:\\\/\\\/homeofwool.com\\\/#\\\/schema\\\/logo\\\/image\\\/\",\"url\":\"https:\\\/\\\/homeofwool.com\\\/wp-content\\\/uploads\\\/2025\\\/09\\\/WhatsApp-Image-2025-12-02-at-16.23.20.jpeg\",\"contentUrl\":\"https:\\\/\\\/homeofwool.com\\\/wp-content\\\/uploads\\\/2025\\\/09\\\/WhatsApp-Image-2025-12-02-at-16.23.20.jpeg\",\"width\":700,\"height\":247,\"caption\":\"Home of Wool\"},\"image\":{\"@id\":\"https:\\\/\\\/homeofwool.com\\\/#\\\/schema\\\/logo\\\/image\\\/\"},\"sameAs\":[\"https:\\\/\\\/facebook.com\\\/HomeOfWoolOfficial\"]}]}<\/script>\n<!-- \/ Yoast SEO Premium plugin. -->","yoast_head_json":{"title":"Cont\u00e1ctenos \u2013 Ropa de cama y soportes de lana hechos a mano | Home of Wool","description":"P\u00f3ngase en contacto con Home of Wool si tiene preguntas sobre los productos, proyectos personalizados o necesita ayuda con su pedido. Nuestro equipo est\u00e1 a su disposici\u00f3n para ayudarle a dise\u00f1ar ropa de cama y decoraci\u00f3n de lana natural adaptadas a su comodidad y espacio.","robots":{"index":"index","follow":"follow","max-snippet":"max-snippet:-1","max-image-preview":"max-image-preview:large","max-video-preview":"max-video-preview:-1"},"canonical":"https:\/\/homeofwool.com\/es\/contacto\/","og_locale":"es_ES","og_type":"article","og_title":"Contact","og_description":"Get in touch with Home of Wool for product questions, custom projects, or order support. Our team is here to help you design natural wool bedding and decor tailored to your comfort and space.","og_url":"https:\/\/homeofwool.com\/es\/contacto\/","og_site_name":"Home of Wool","article_publisher":"https:\/\/facebook.com\/HomeOfWoolOfficial","article_modified_time":"2025-11-28T10:11:08+00:00","twitter_card":"summary_large_image","twitter_misc":{"Tiempo de lectura":"1 minuto"},"schema":{"@context":"https:\/\/schema.org","@graph":[{"@type":"WebPage","@id":"https:\/\/homeofwool.com\/contact\/","url":"https:\/\/homeofwool.com\/contact\/","name":"Cont\u00e1ctenos \u2013 Ropa de cama y soportes de lana hechos a mano | Home of Wool","isPartOf":{"@id":"https:\/\/homeofwool.com\/#website"},"datePublished":"2025-09-27T08:34:20+00:00","dateModified":"2025-11-28T10:11:08+00:00","description":"P\u00f3ngase en contacto con Home of Wool si tiene preguntas sobre los productos, proyectos personalizados o necesita ayuda con su pedido. Nuestro equipo est\u00e1 a su disposici\u00f3n para ayudarle a dise\u00f1ar ropa de cama y decoraci\u00f3n de lana natural adaptadas a su comodidad y espacio.","breadcrumb":{"@id":"https:\/\/homeofwool.com\/contact\/#breadcrumb"},"inLanguage":"es","potentialAction":[{"@type":"ReadAction","target":["https:\/\/homeofwool.com\/contact\/"]}]},{"@type":"BreadcrumbList","@id":"https:\/\/homeofwool.com\/contact\/#breadcrumb","itemListElement":[{"@type":"ListItem","position":1,"name":"Home","item":"https:\/\/homeofwool.com\/"},{"@type":"ListItem","position":2,"name":"Contact"}]},{"@type":"WebSite","@id":"https:\/\/homeofwool.com\/#website","url":"https:\/\/homeofwool.com\/","name":"Hogar de la lana","description":"","publisher":{"@id":"https:\/\/homeofwool.com\/#organization"},"potentialAction":[{"@type":"SearchAction","target":{"@type":"EntryPoint","urlTemplate":"https:\/\/homeofwool.com\/?s={search_term_string}"},"query-input":{"@type":"PropertyValueSpecification","valueRequired":true,"valueName":"search_term_string"}}],"inLanguage":"es"},{"@type":"Organization","@id":"https:\/\/homeofwool.com\/#organization","name":"Hogar de la lana","url":"https:\/\/homeofwool.com\/","logo":{"@type":"ImageObject","inLanguage":"es","@id":"https:\/\/homeofwool.com\/#\/schema\/logo\/image\/","url":"https:\/\/homeofwool.com\/wp-content\/uploads\/2025\/09\/WhatsApp-Image-2025-12-02-at-16.23.20.jpeg","contentUrl":"https:\/\/homeofwool.com\/wp-content\/uploads\/2025\/09\/WhatsApp-Image-2025-12-02-at-16.23.20.jpeg","width":700,"height":247,"caption":"Home of Wool"},"image":{"@id":"https:\/\/homeofwool.com\/#\/schema\/logo\/image\/"},"sameAs":["https:\/\/facebook.com\/HomeOfWoolOfficial"]}]}},"_links":{"self":[{"href":"https:\/\/homeofwool.com\/es\/wp-json\/wp\/v2\/pages\/219985","targetHints":{"allow":["GET"]}}],"collection":[{"href":"https:\/\/homeofwool.com\/es\/wp-json\/wp\/v2\/pages"}],"about":[{"href":"https:\/\/homeofwool.com\/es\/wp-json\/wp\/v2\/types\/page"}],"author":[{"embeddable":true,"href":"https:\/\/homeofwool.com\/es\/wp-json\/wp\/v2\/users\/1"}],"replies":[{"embeddable":true,"href":"https:\/\/homeofwool.com\/es\/wp-json\/wp\/v2\/comments?post=219985"}],"version-history":[{"count":0,"href":"https:\/\/homeofwool.com\/es\/wp-json\/wp\/v2\/pages\/219985\/revisions"}],"wp:attachment":[{"href":"https:\/\/homeofwool.com\/es\/wp-json\/wp\/v2\/media?parent=219985"}],"curies":[{"name":"wp","href":"https:\/\/api.w.org\/{rel}","templated":true}]}}