{"id":219982,"date":"2025-09-27T08:34:20","date_gmt":"2025-09-27T08:34:20","guid":{"rendered":"https:\/\/homeofwool.com\/delivery-returns\/"},"modified":"2026-01-14T09:39:25","modified_gmt":"2026-01-14T09:39:25","slug":"devoluciones-de-envios","status":"publish","type":"page","link":"https:\/\/homeofwool.com\/es\/delivery-returns\/","title":{"rendered":"Devoluciones"},"content":{"rendered":"<div data-elementor-type=\"wp-page\" data-elementor-id=\"219982\" class=\"elementor elementor-219982\" data-elementor-post-type=\"page\">\n\t\t\t\t<div class=\"elementor-element elementor-element-650a4cd page_content e-flex e-con-boxed e-con e-parent\" data-id=\"650a4cd\" data-element_type=\"container\" data-e-type=\"container\">\n\t\t\t\t\t<div class=\"e-con-inner\">\n\t\t\t\t<div class=\"elementor-element elementor-element-dde89e9 elementor-widget elementor-widget-heading\" data-id=\"dde89e9\" data-element_type=\"widget\" data-e-type=\"widget\" data-widget_type=\"heading.default\">\n\t\t\t\t\t<h1 class=\"elementor-heading-title elementor-size-default\">Entregas y devoluciones<\/h1>\t\t\t\t<\/div>\n\t\t\t\t<div class=\"elementor-element elementor-element-9d3f92a elementor-widget elementor-widget-heading\" data-id=\"9d3f92a\" data-element_type=\"widget\" data-e-type=\"widget\" data-widget_type=\"heading.default\">\n\t\t\t\t\t<h2 class=\"elementor-heading-title elementor-size-default\">Env\u00edo<\/h2>\t\t\t\t<\/div>\n\t\t\t\t<div class=\"elementor-element elementor-element-ca08fbf page_content elementor-widget elementor-widget-text-editor\" data-id=\"ca08fbf\" data-element_type=\"widget\" data-e-type=\"widget\" data-widget_type=\"text-editor.default\">\n\t\t\t\t\t\t\t\t\t<div class=\"wpb_text_column wpb_content_element\"><div class=\"wpb_wrapper\"><div class=\"wpb_text_column wpb_content_element\"><div class=\"wpb_wrapper\"><div class=\"wpb_column vc_column_container vc_col-sm-8 et-dark-column\"><div class=\"vc_column-inner\"><div class=\"wpb_wrapper\"><div class=\"wpb_text_column wpb_content_element\"><div class=\"wpb_wrapper\"><div class=\"vc_tta-panel-body\"><div class=\"wpb_text_column wpb_content_element\"><div class=\"wpb_wrapper\"><p>Realizamos env\u00edos a todo el mundo y ofrecemos <strong>Env\u00edo gratuito a todo el mundo en todos los pedidos.<\/strong>, a tu puerta. Tambi\u00e9n hay opciones de env\u00edo de pago disponibles, consulta m\u00e1s abajo.<\/p><p>Todos los env\u00edos a cualquier pa\u00eds se realizan en r\u00e9gimen DDP (entrega con derechos pagados), por lo que los impuestos y aranceles est\u00e1n incluidos en el precio final y recibir\u00e1 el paquete en su domicilio, sin necesidad de pasar por la aduana.<\/p><p>Para los Emiratos \u00c1rabes Unidos: los paquetes procedentes del extranjero deben recogerse personalmente en la oficina central de correos.<\/p><p>Tambi\u00e9n podemos realizar env\u00edos a apartados de correos, pero aseg\u00farese de que su apartado de correos puede aceptar paquetes de este tama\u00f1o, de lo contrario, su paquete podr\u00eda ser devuelto.<\/p><p>Le recomendamos encarecidamente que siga la informaci\u00f3n de seguimiento en l\u00ednea para obtener actualizaciones detalladas, de modo que sepa cu\u00e1ndo llegar\u00e1 su paquete a la oficina de correos.<\/p><p>Todos los art\u00edculos est\u00e1n empaquetados en pl\u00e1stico reciclable, que los protege de la suciedad, el agua y los pinchazos.<\/p><p>Por favor, revise su paquete al recibirlo y no lo acepte si est\u00e1 da\u00f1ado. De esta manera, el paquete nos ser\u00e1 devuelto y le enviaremos uno nuevo. Si acepta un paquete que est\u00e1 da\u00f1ado, no podremos compensarle.<\/p><p><span data-teams=\"true\">Para env\u00edos a EE.UU: La Oficina de Aduanas y Protecci\u00f3n Fronteriza de EE.UU. puede ocasionalmente poner un env\u00edo en espera si es revisado bajo las reglas antidumping\/derechos compensatorios de EE.UU. (AD\/CVD). En ese caso, es posible que FedEx no pueda despachar el env\u00edo con su propia fianza y que se le pida a usted (el destinatario\/importador registrado) que trabaje con FedEx u otro agente de aduanas para establecer una fianza de aduanas y pagar los derechos\/impuestos requeridos (dep\u00f3sitos en efectivo) para liberar el paquete. Estos requisitos los establecen las autoridades estadounidenses y est\u00e1n fuera del control tanto del remitente como de FedEx.<\/span>\u00a0<\/p><\/div><\/div><\/div><\/div><\/div><div class=\"wpb_text_column wpb_content_element\"><div class=\"wpb_wrapper\"><h2>Condiciones de env\u00edo gratuito<\/h2><div class=\"vc_tta-panel-body\"><div class=\"wpb_text_column wpb_content_element\"><div class=\"wpb_wrapper\"><p><strong>Precio<\/strong>: Gratis a cualquier parte del mundo<\/p><p><strong>Transportista<\/strong>:<br \/>Bulgarian Post, en colaboraci\u00f3n con los servicios postales nacionales de su pa\u00eds, es decir, USPS en EE. UU., Canada Post, Parcel Force en el Reino Unido, Australia Post, etc., son totalmente fiables y no se ha perdido ning\u00fan paquete de los miles que hemos enviado hasta ahora utilizando sus servicios.<\/p><p><strong>Condiciones de entrega:<\/strong><br \/>Para los env\u00edos certificados, se requiere una firma en el momento de la entrega. Si no se encuentra en su domicilio en el momento de la entrega, el paquete se gestionar\u00e1 seg\u00fan las pol\u00edticas de su servicio postal nacional. En la mayor\u00eda de los casos, como en EE. UU., Canad\u00e1, Australia y Reino Unido, se le dejar\u00e1 una nota para que recoja su paquete en su oficina de correos local o llame para reprogramar la entrega en un momento adecuado.<\/p><p><strong>Tiempos de tr\u00e1nsito<\/strong>\u00a0(aproximado, sin garant\u00eda):<\/p><ul><li style=\"margin-bottom: 10px;\">Continente estadounidense: 3 semanas<\/li><li style=\"margin-bottom: 10px;\">EE. UU. (Haw\u00e1i, Alaska) \u2013 4 semanas<\/li><li style=\"margin-bottom: 10px;\">Canad\u00e1 \u2013 3 semanas<\/li><li style=\"margin-bottom: 10px;\">\u00c1frica \u2013 3 semanas<\/li><li style=\"margin-bottom: 10px;\">Australia \u2013 3 semanas<\/li><li style=\"margin-bottom: 10px;\">Asia \u2013 3 semanas<\/li><li style=\"margin-bottom: 10px;\">Sudam\u00e9rica: 3-4 semanas<\/li><li style=\"margin-bottom: 10px;\">Uni\u00f3n Europea \u2013 2 semanas<\/li><li style=\"margin-bottom: 10px;\">Reino Unido \u2013 2 semanas<\/li><\/ul><\/div><\/div><\/div><\/div><\/div><div class=\"wpb_text_column wpb_content_element\"><div class=\"wpb_wrapper\"><div class=\"vc_tta-panel-body\"><div class=\"wpb_text_column wpb_content_element\"><div class=\"wpb_wrapper\"><h2>Condiciones del env\u00edo urgente en 3 d\u00edas<\/h2><p><strong>Precio<\/strong>: Utilice el designado\u00a0<a href=\"https:\/\/homeofwool.com\/es\/tienda\/cargo-adicional\/\">Mejora del env\u00edo urgente<\/a>\u00a0listado en nuestra tienda o env\u00edenos un mensaje para obtener una estimaci\u00f3n del coste de env\u00edo.<\/p><p><strong>Transportista<\/strong>: DHL<\/p><p><strong>Condiciones de entrega:<\/strong><br \/>Se requiere un n\u00famero de tel\u00e9fono para realizar el env\u00edo. Los paquetes se entregan en su domicilio y se requiere una firma para aceptarlos.<\/p><p><strong>Tiempos de tr\u00e1nsito<\/strong>\u00a0(garantizado):<\/p><ul><li>En todo el mundo: de 3 a 5 d\u00edas laborables.<\/li><\/ul><\/div><\/div><\/div><\/div><\/div><div class=\"wpb_text_column wpb_content_element\"><div class=\"wpb_wrapper\"><div class=\"vc_tta-panel-body\"><div class=\"wpb_text_column wpb_content_element\"><div class=\"wpb_wrapper\"><h2>Sigue tu env\u00edo<\/h2><p>Le enviaremos un n\u00famero de seguimiento tan pronto como enviemos su pedido. Por favor, est\u00e9 atento al enlace de seguimiento utilizando\u00a0<a href=\"https:\/\/www.track-trace.com\/\" rel=\"nofollow noopener\">www.track-trace.com<\/a>\u00a0o en el sitio web de su servicio postal nacional:<\/p><p>EE. UU.:\u00a0<a href=\"https:\/\/www.usps.com\/\" rel=\"nofollow noopener\">www.usps.com<\/a><br \/>Canad\u00e1:\u00a0<a href=\"https:\/\/www.canadapost.ca\/cpc\/en\/home.page\" rel=\"nofollow noopener\">www.canadapost.ca<\/a><br \/>Australia:\u00a0<a href=\"https:\/\/auspost.com.au\/\" rel=\"nofollow noopener\">https:\/\/auspost.com.au\/<\/a><br \/>Reino Unido:\u00a0<a href=\"https:\/\/www.parcelforce.com\/\" rel=\"nofollow noopener\">www.parcelforce.com<\/a><\/p><p>Las actualizaciones de estado para env\u00edos gratuitos y prioritarios solo est\u00e1n disponibles una vez que el paquete entra en la aduana de su pa\u00eds.<\/p><p>Se puede realizar el seguimiento de todos los pedidos.\u00a0<strong><a href=\"https:\/\/homeofwool.aftership.com\/\" rel=\"nofollow noopener\">aqu\u00ed<\/a>.<\/strong><\/p><\/div><\/div><\/div><\/div><\/div><div class=\"wpb_text_column wpb_content_element\"><div class=\"wpb_wrapper\"><h2>Paquete perdido o retrasado<\/h2><p>El servicio postal nacional es muy fiable en todas partes del mundo y, seg\u00fan nuestra experiencia tras enviar miles de paquetes a m\u00e1s de 40 pa\u00edses, incluidos EE. UU., Canad\u00e1, Australia, Reino Unido y la UE, es muy raro que se pierdan paquetes.<br \/>Si se pierde un paquete, le enviaremos uno de reemplazo sin costo alguno.<br \/>Puede ponerse en contacto con nosotros si su paquete no ha entrado en su pa\u00eds en m\u00e1s de un mes. No podemos acelerar la entrega, pero podemos enviar una consulta oficial al servicio postal para intentar localizar el paquete.<\/p><\/div><\/div><div class=\"wpb_text_column wpb_content_element\"><div class=\"wpb_wrapper\"><h2>Cancelaci\u00f3n de su pedido<\/h2><p>Si desea cancelar su pedido o parte de \u00e9l, p\u00f3ngase en contacto con nosotros. Podremos cancelar los art\u00edculos que a\u00fan no hayamos empezado a crear.<\/p><\/div><\/div><div class=\"wpb_text_column wpb_content_element\"><div class=\"wpb_wrapper\"><h2>Devoluciones y reembolsos<\/h2><div class=\"vc_tta-panel-body\"><div class=\"wpb_text_column wpb_content_element\"><div class=\"wpb_wrapper\"><ul><li style=\"margin-bottom: 15px;\">Si no est\u00e1 completamente satisfecho con su compra o desea devolver un art\u00edculo, por favor, <a href=\"https:\/\/homeofwool.com\/es\/contacto\/\">Cont\u00e1ctenos<\/a>. <strong>Los art\u00edculos personalizados y usados no se pueden devolver.<br \/><\/strong><ul><li>Direcci\u00f3n de devoluci\u00f3n: Bulgaria, Sof\u00eda, bul. Simeonovsko shose 24, C\u00f3digo postal: 1700<\/li><\/ul><\/li><li style=\"margin-bottom: 15px;\">Si tu art\u00edculo ha llegado tal y como se describ\u00eda y sin defectos de fabricaci\u00f3n ni errores (se ha utilizado un tejido diferente, se ha aplicado un dise\u00f1o incorrecto, hay una desviaci\u00f3n superior a 5% en la longitud o la anchura), puedes solicitar la devoluci\u00f3n de un art\u00edculo no personalizado en las dos primeras semanas tras la entrega. Los art\u00edculos deben devolverse en un plazo de 30 d\u00edas a partir de la entrega. Los reembolsos no incluyen las comisiones de la plataforma ni los gastos de pago, por lo que pueden ascender hasta un 82% del valor del pedido.<\/li><li style=\"margin-bottom: 15px;\">Si su art\u00edculo llega con un defecto o error de fabricaci\u00f3n (se ha utilizado un tejido diferente, se ha aplicado un dise\u00f1o incorrecto, hay una desviaci\u00f3n superior a 5% en la longitud o la anchura), le enviaremos un nuevo art\u00edculo o le reembolsaremos el importe total del art\u00edculo afectado.<\/li><li style=\"margin-bottom: 15px;\">Si su art\u00edculo no se entrega debido a una direcci\u00f3n incompleta, ilegible o incorrecta, a que el destinatario no se encuentra en la direcci\u00f3n (desconocido, se ha mudado o ha fallecido); correo no reclamado o rechazado, el art\u00edculo se puede reenviar a su cargo, emitiendo una factura por los gastos de env\u00edo de la devoluci\u00f3n. Si no desea que se le reenv\u00ede un art\u00edculo no personalizado, podemos emitir un reembolso parcial, excluyendo las tarifas de la plataforma y de pago, as\u00ed como los gastos de env\u00edo de la devoluci\u00f3n, por lo que el reembolso puede ascender hasta el 82% del valor del art\u00edculo. Los art\u00edculos personalizados no son reembolsables y solo pueden reenviarse.<\/li><li style=\"margin-bottom: 15px;\">Si se aprueba la devoluci\u00f3n de su art\u00edculo, declare un valor inferior a $15; de lo contrario, se aplicar\u00e1n impuestos de aduana, aunque no se trate de una compra, sino de una devoluci\u00f3n. Si se cobran tasas de importaci\u00f3n, se deducir\u00e1n del importe de su reembolso. Los art\u00edculos devueltos deben estar en su estado original. Los reembolsos se emiten despu\u00e9s de que recibamos los art\u00edculos y los inspeccionemos. Los gastos de devoluci\u00f3n corren \u00edntegramente a cargo del cliente.<\/li><li style=\"margin-bottom: 15px;\">Devoluciones europeas<br \/>Los clientes europeos pueden utilizar la empresa de mensajer\u00eda DPD para devolver paquetes, incluidos colchones, a un precio muy bajo, normalmente entre 30 y 40 euros. Solicite la recogida en su domicilio, m\u00e1s detalles en www.dpd.com.<\/li><li style=\"margin-bottom: 15px;\"><span data-teams=\"true\">Para las entregas en EE.UU., si la aduana de EE.UU. clasifica un env\u00edo como sujeto a derechos antidumping\/contravencionales (AD\/CVD) y requiere que el importador obtenga una fianza aduanera de EE.UU. (a menudo a trav\u00e9s de un agente) y pague los dep\u00f3sitos de derechos requeridos, cualquier retenci\u00f3n aduanera, retraso en el despacho o cargo adicional resultantes est\u00e1n fuera de nuestro control y del de FedEx y, una vez enviados, no son reembolsables.<\/span><\/li><\/ul><p>Todos los reembolsos se realizar\u00e1n a la misma tarjeta utilizada para efectuar el pago. La transferencia puede tardar hasta 3 d\u00edas laborables tras la emisi\u00f3n del reembolso.<\/p><\/div><\/div><\/div><\/div><\/div><\/div><\/div><\/div><\/div><\/div><\/div><\/div>\t\t\t\t\t\t\t\t<\/div>\n\t\t\t\t\t<\/div>\n\t\t\t\t<\/div>\n\t\t\t\t<\/div>","protected":false},"excerpt":{"rendered":"<p>Delivery &amp; Returns Shipping We ship globally and offer Free Worldwide Shipping on all orders, to your door.\u00a0Paid shipping options are also available, see below. All countries are shipped on DDP (delivery duty paid) basis, so taxes and duties are included in the final price and you will receive the package at your door, you [&hellip;]<\/p>\n","protected":false},"author":1,"featured_media":0,"parent":0,"menu_order":0,"comment_status":"closed","ping_status":"closed","template":"elementor_header_footer","meta":{"_acf_changed":false,"footnotes":""},"class_list":["post-219982","page","type-page","status-publish","hentry"],"acf":[],"yoast_head":"<!-- This site is optimized with the Yoast SEO Premium plugin v27.3 (Yoast SEO v27.3) - https:\/\/yoast.com\/product\/yoast-seo-premium-wordpress\/ -->\n<title>Delivery &amp; Returns | Home of Wool<\/title>\n<meta name=\"description\" content=\"Learn about our delivery options, shipping times, and return policy for Home of Wool products. Find details on international orders, exchanges, and how we handle each parcel with care from our atelier to your home.\" \/>\n<meta name=\"robots\" content=\"index, follow, max-snippet:-1, max-image-preview:large, max-video-preview:-1\" \/>\n<link rel=\"canonical\" href=\"https:\/\/homeofwool.com\/es\/devoluciones-de-envios\/\" \/>\n<meta property=\"og:locale\" content=\"es_ES\" \/>\n<meta property=\"og:type\" content=\"article\" \/>\n<meta property=\"og:title\" content=\"Delivery Returns\" \/>\n<meta property=\"og:description\" content=\"Learn about our delivery options, shipping times, and return policy for Home of Wool products. Find details on international orders, exchanges, and how we handle each parcel with care from our atelier to your home.\" \/>\n<meta property=\"og:url\" content=\"https:\/\/homeofwool.com\/es\/devoluciones-de-envios\/\" \/>\n<meta property=\"og:site_name\" content=\"Home of Wool\" \/>\n<meta property=\"article:publisher\" content=\"https:\/\/facebook.com\/HomeOfWoolOfficial\" \/>\n<meta property=\"article:modified_time\" content=\"2026-01-14T09:39:25+00:00\" \/>\n<meta name=\"twitter:card\" content=\"summary_large_image\" \/>\n<meta name=\"twitter:label1\" content=\"Tiempo de lectura\" \/>\n\t<meta name=\"twitter:data1\" content=\"5 minutos\" \/>\n<script type=\"application\/ld+json\" class=\"yoast-schema-graph\">{\"@context\":\"https:\\\/\\\/schema.org\",\"@graph\":[{\"@type\":\"WebPage\",\"@id\":\"https:\\\/\\\/homeofwool.com\\\/delivery-returns\\\/\",\"url\":\"https:\\\/\\\/homeofwool.com\\\/delivery-returns\\\/\",\"name\":\"Delivery & Returns | Home of Wool\",\"isPartOf\":{\"@id\":\"https:\\\/\\\/homeofwool.com\\\/#website\"},\"datePublished\":\"2025-09-27T08:34:20+00:00\",\"dateModified\":\"2026-01-14T09:39:25+00:00\",\"description\":\"Learn about our delivery options, shipping times, and return policy for Home of Wool products. Find details on international orders, exchanges, and how we handle each parcel with care from our atelier to your home.\",\"breadcrumb\":{\"@id\":\"https:\\\/\\\/homeofwool.com\\\/delivery-returns\\\/#breadcrumb\"},\"inLanguage\":\"es\",\"potentialAction\":[{\"@type\":\"ReadAction\",\"target\":[\"https:\\\/\\\/homeofwool.com\\\/delivery-returns\\\/\"]}]},{\"@type\":\"BreadcrumbList\",\"@id\":\"https:\\\/\\\/homeofwool.com\\\/delivery-returns\\\/#breadcrumb\",\"itemListElement\":[{\"@type\":\"ListItem\",\"position\":1,\"name\":\"Home\",\"item\":\"https:\\\/\\\/homeofwool.com\\\/\"},{\"@type\":\"ListItem\",\"position\":2,\"name\":\"Delivery Returns\"}]},{\"@type\":\"WebSite\",\"@id\":\"https:\\\/\\\/homeofwool.com\\\/#website\",\"url\":\"https:\\\/\\\/homeofwool.com\\\/\",\"name\":\"Home of Wool\",\"description\":\"\",\"publisher\":{\"@id\":\"https:\\\/\\\/homeofwool.com\\\/#organization\"},\"potentialAction\":[{\"@type\":\"SearchAction\",\"target\":{\"@type\":\"EntryPoint\",\"urlTemplate\":\"https:\\\/\\\/homeofwool.com\\\/?s={search_term_string}\"},\"query-input\":{\"@type\":\"PropertyValueSpecification\",\"valueRequired\":true,\"valueName\":\"search_term_string\"}}],\"inLanguage\":\"es\"},{\"@type\":\"Organization\",\"@id\":\"https:\\\/\\\/homeofwool.com\\\/#organization\",\"name\":\"Home of Wool\",\"url\":\"https:\\\/\\\/homeofwool.com\\\/\",\"logo\":{\"@type\":\"ImageObject\",\"inLanguage\":\"es\",\"@id\":\"https:\\\/\\\/homeofwool.com\\\/#\\\/schema\\\/logo\\\/image\\\/\",\"url\":\"https:\\\/\\\/homeofwool.com\\\/wp-content\\\/uploads\\\/2025\\\/09\\\/WhatsApp-Image-2025-12-02-at-16.23.20.jpeg\",\"contentUrl\":\"https:\\\/\\\/homeofwool.com\\\/wp-content\\\/uploads\\\/2025\\\/09\\\/WhatsApp-Image-2025-12-02-at-16.23.20.jpeg\",\"width\":700,\"height\":247,\"caption\":\"Home of Wool\"},\"image\":{\"@id\":\"https:\\\/\\\/homeofwool.com\\\/#\\\/schema\\\/logo\\\/image\\\/\"},\"sameAs\":[\"https:\\\/\\\/facebook.com\\\/HomeOfWoolOfficial\"]}]}<\/script>\n<!-- \/ Yoast SEO Premium plugin. -->","yoast_head_json":{"title":"Entregas y devoluciones | Home of Wool","description":"Inf\u00f3rmate sobre nuestras opciones de entrega, plazos de env\u00edo y pol\u00edtica de devoluci\u00f3n para los productos Home of Wool. Encuentra informaci\u00f3n detallada sobre pedidos internacionales, cambios y c\u00f3mo gestionamos cada paquete con cuidado desde nuestro taller hasta tu hogar.","robots":{"index":"index","follow":"follow","max-snippet":"max-snippet:-1","max-image-preview":"max-image-preview:large","max-video-preview":"max-video-preview:-1"},"canonical":"https:\/\/homeofwool.com\/es\/devoluciones-de-envios\/","og_locale":"es_ES","og_type":"article","og_title":"Delivery Returns","og_description":"Learn about our delivery options, shipping times, and return policy for Home of Wool products. Find details on international orders, exchanges, and how we handle each parcel with care from our atelier to your home.","og_url":"https:\/\/homeofwool.com\/es\/devoluciones-de-envios\/","og_site_name":"Home of Wool","article_publisher":"https:\/\/facebook.com\/HomeOfWoolOfficial","article_modified_time":"2026-01-14T09:39:25+00:00","twitter_card":"summary_large_image","twitter_misc":{"Tiempo de lectura":"5 minutos"},"schema":{"@context":"https:\/\/schema.org","@graph":[{"@type":"WebPage","@id":"https:\/\/homeofwool.com\/delivery-returns\/","url":"https:\/\/homeofwool.com\/delivery-returns\/","name":"Entregas y devoluciones | Home of Wool","isPartOf":{"@id":"https:\/\/homeofwool.com\/#website"},"datePublished":"2025-09-27T08:34:20+00:00","dateModified":"2026-01-14T09:39:25+00:00","description":"Inf\u00f3rmate sobre nuestras opciones de entrega, plazos de env\u00edo y pol\u00edtica de devoluci\u00f3n para los productos Home of Wool. Encuentra informaci\u00f3n detallada sobre pedidos internacionales, cambios y c\u00f3mo gestionamos cada paquete con cuidado desde nuestro taller hasta tu hogar.","breadcrumb":{"@id":"https:\/\/homeofwool.com\/delivery-returns\/#breadcrumb"},"inLanguage":"es","potentialAction":[{"@type":"ReadAction","target":["https:\/\/homeofwool.com\/delivery-returns\/"]}]},{"@type":"BreadcrumbList","@id":"https:\/\/homeofwool.com\/delivery-returns\/#breadcrumb","itemListElement":[{"@type":"ListItem","position":1,"name":"Home","item":"https:\/\/homeofwool.com\/"},{"@type":"ListItem","position":2,"name":"Delivery Returns"}]},{"@type":"WebSite","@id":"https:\/\/homeofwool.com\/#website","url":"https:\/\/homeofwool.com\/","name":"Hogar de la lana","description":"","publisher":{"@id":"https:\/\/homeofwool.com\/#organization"},"potentialAction":[{"@type":"SearchAction","target":{"@type":"EntryPoint","urlTemplate":"https:\/\/homeofwool.com\/?s={search_term_string}"},"query-input":{"@type":"PropertyValueSpecification","valueRequired":true,"valueName":"search_term_string"}}],"inLanguage":"es"},{"@type":"Organization","@id":"https:\/\/homeofwool.com\/#organization","name":"Hogar de la lana","url":"https:\/\/homeofwool.com\/","logo":{"@type":"ImageObject","inLanguage":"es","@id":"https:\/\/homeofwool.com\/#\/schema\/logo\/image\/","url":"https:\/\/homeofwool.com\/wp-content\/uploads\/2025\/09\/WhatsApp-Image-2025-12-02-at-16.23.20.jpeg","contentUrl":"https:\/\/homeofwool.com\/wp-content\/uploads\/2025\/09\/WhatsApp-Image-2025-12-02-at-16.23.20.jpeg","width":700,"height":247,"caption":"Home of Wool"},"image":{"@id":"https:\/\/homeofwool.com\/#\/schema\/logo\/image\/"},"sameAs":["https:\/\/facebook.com\/HomeOfWoolOfficial"]}]}},"_links":{"self":[{"href":"https:\/\/homeofwool.com\/es\/wp-json\/wp\/v2\/pages\/219982","targetHints":{"allow":["GET"]}}],"collection":[{"href":"https:\/\/homeofwool.com\/es\/wp-json\/wp\/v2\/pages"}],"about":[{"href":"https:\/\/homeofwool.com\/es\/wp-json\/wp\/v2\/types\/page"}],"author":[{"embeddable":true,"href":"https:\/\/homeofwool.com\/es\/wp-json\/wp\/v2\/users\/1"}],"replies":[{"embeddable":true,"href":"https:\/\/homeofwool.com\/es\/wp-json\/wp\/v2\/comments?post=219982"}],"version-history":[{"count":9,"href":"https:\/\/homeofwool.com\/es\/wp-json\/wp\/v2\/pages\/219982\/revisions"}],"predecessor-version":[{"id":227291,"href":"https:\/\/homeofwool.com\/es\/wp-json\/wp\/v2\/pages\/219982\/revisions\/227291"}],"wp:attachment":[{"href":"https:\/\/homeofwool.com\/es\/wp-json\/wp\/v2\/media?parent=219982"}],"curies":[{"name":"wp","href":"https:\/\/api.w.org\/{rel}","templated":true}]}}