{"id":219976,"date":"2025-09-27T08:34:20","date_gmt":"2025-09-27T08:34:20","guid":{"rendered":"https:\/\/homeofwool.com\/policies\/"},"modified":"2026-03-25T10:09:15","modified_gmt":"2026-03-25T10:09:15","slug":"politicas","status":"publish","type":"page","link":"https:\/\/homeofwool.com\/es\/policies\/","title":{"rendered":"Pol\u00edticas"},"content":{"rendered":"<h1>Pol\u00edtica de privacidad<\/h1>\n<p><strong>\u00daltima actualizaci\u00f3n:<\/strong> 10 de marzo de 2026<\/p>\n<p>Esta Pol\u00edtica de Privacidad explica c\u00f3mo Home of Wool LTD (\u201cHome of Wool\u201d, \u201cnosotros\u201d, \u201cnos\u201d o \u201cnuestro\u201d) recopila, utiliza, almacena, comparte y protege los datos personales cuando usted visita nuestro sitio web, realiza un pedido, se pone en contacto con nosotros, se suscribe a marketing o interact\u00faa de cualquier otro modo con nosotros.<\/p>\n<p>Tambi\u00e9n explica sus derechos en virtud de las leyes de privacidad aplicables, incluido el Reglamento General de Protecci\u00f3n de Datos (GDPR), la Ley de Privacidad del Consumidor de California en su versi\u00f3n modificada (CCPA\/CPRA) y otras leyes de privacidad estatales aplicables de los Estados Unidos.<\/p>\n<h2>1. Qui\u00e9nes somos<\/h2>\n<p><strong>Home of Wool LTD<\/strong><br \/>\nMajor Thompson 57, Piso 1, Apt. 26<br \/>\nSof\u00eda 1407, Bulgaria<br \/>\nIVA: BG203654879<br \/>\nCorreo electr\u00f3nico: <a href=\"mailto:hello@homeofwool.com\">hello@homeofwool.com<\/a><\/p>\n<p>A efectos de la legislaci\u00f3n aplicable en materia de protecci\u00f3n de datos, Home of Wool LTD es el responsable del tratamiento de los datos personales descritos en la presente Pol\u00edtica de Privacidad, salvo que se indique lo contrario.<\/p>\n<h2>2. \u00c1mbito de aplicaci\u00f3n<\/h2>\n<p>Esta Pol\u00edtica de Privacidad se aplica a los datos personales recogidos a trav\u00e9s de:<\/p>\n<ul>\n<li>nuestro sitio web y tienda en l\u00ednea;<\/li>\n<li>pago y tramitaci\u00f3n de pedidos;<\/li>\n<li>correo electr\u00f3nico, formularios de contacto y atenci\u00f3n al cliente;<\/li>\n<li>suscripciones a boletines y comunicaciones de marketing;<\/li>\n<li>cookies, p\u00edxeles, an\u00e1lisis y tecnolog\u00edas de seguimiento similares.<\/li>\n<\/ul>\n<h2>3. Datos personales que recopilamos<\/h2>\n<h3>3.1 Informaci\u00f3n facilitada directamente por el usuario<\/h3>\n<p>Podemos recopilar los datos personales que usted nos proporcione, incluidos:<\/p>\n<ul>\n<li>nombre;<\/li>\n<li>direcci\u00f3n de correo electr\u00f3nico;<\/li>\n<li>n\u00famero de tel\u00e9fono;<\/li>\n<li>direcci\u00f3n de facturaci\u00f3n;<\/li>\n<li>direcci\u00f3n de env\u00edo;<\/li>\n<li>datos del pedido, incluidos los productos adquiridos y los detalles de personalizaci\u00f3n;<\/li>\n<li>datos de las transacciones relacionadas con el pago (procesadas a trav\u00e9s de terceros proveedores de servicios de pago);<\/li>\n<li>comunicaciones que nos env\u00ede, incluidas solicitudes de asistencia, correos electr\u00f3nicos y mensajes.<\/li>\n<\/ul>\n<h3>3.2 Informaci\u00f3n recogida autom\u00e1ticamente<\/h3>\n<p>Cuando visita o utiliza nuestro sitio web, podemos recopilar autom\u00e1ticamente determinados datos t\u00e9cnicos y de uso, entre los que se incluyen:<\/p>\n<ul>\n<li>Direcci\u00f3n IP;<\/li>\n<li>tipo y versi\u00f3n del navegador;<\/li>\n<li>tipo de dispositivo y sistema operativo;<\/li>\n<li>p\u00e1ginas vistas y comportamiento de navegaci\u00f3n;<\/li>\n<li>fecha y hora de las visitas;<\/li>\n<li>sitio web o fuente de referencia;<\/li>\n<li>identificadores de cookies e identificadores en l\u00ednea similares;<\/li>\n<li>datos de interacci\u00f3n para an\u00e1lisis y medici\u00f3n de la publicidad.<\/li>\n<\/ul>\n<h3>3.3 Informaci\u00f3n de terceros<\/h3>\n<p>Podemos recibir informaci\u00f3n de terceros, como procesadores de pagos, socios de entrega, proveedores de an\u00e1lisis, socios publicitarios y proveedores de marketing por correo electr\u00f3nico, cuando sea necesario para el funcionamiento de nuestra empresa, la realizaci\u00f3n de transacciones o la medici\u00f3n y mejora de nuestros servicios.<\/p>\n<h2>4. C\u00f3mo utilizamos los datos personales<\/h2>\n<p>Podemos utilizar los datos personales para los siguientes fines:<\/p>\n<ul>\n<li>proporcionar, procesar, confirmar y satisfacer pedidos;<\/li>\n<li>para crear, fabricar, personalizar y entregar productos;<\/li>\n<li>para comunicarnos con usted en relaci\u00f3n con pedidos, entregas, devoluciones y atenci\u00f3n al cliente;<\/li>\n<li>para procesar pagos y detectar fraudes o abusos;<\/li>\n<li>mantener registros de pedidos, facturas y registros comerciales;<\/li>\n<li>mejorar nuestro sitio web, productos, servicios y experiencia del cliente;<\/li>\n<li>para analizar el tr\u00e1fico del sitio web y el rendimiento de las campa\u00f1as;<\/li>\n<li>enviar boletines, correos electr\u00f3nicos promocionales y comunicaciones de marketing cuando la ley lo permita;<\/li>\n<li>para cumplir con las obligaciones legales, fiscales, contables, de auditor\u00eda, de prevenci\u00f3n del fraude, de sanciones, de control contra el blanqueo de dinero, en su caso, y otras obligaciones reglamentarias;<\/li>\n<li>para establecer, ejercer o defender reclamaciones legales.<\/li>\n<\/ul>\n<h2>5. Bases jur\u00eddicas del tratamiento<\/h2>\n<ul>\n<li><strong>Contrato:<\/strong> cuando el tratamiento sea necesario para adoptar medidas a petici\u00f3n suya o ejecutar un contrato con usted, como la tramitaci\u00f3n de un pedido.<\/li>\n<li><strong>Obligaci\u00f3n legal:<\/strong> cuando el tratamiento sea necesario para cumplir obligaciones legales o reglamentarias.<\/li>\n<li><strong>Intereses leg\u00edtimos:<\/strong> cuando el tratamiento sea necesario para nuestros intereses comerciales leg\u00edtimos, siempre que sus derechos no prevalezcan sobre dichos intereses.<\/li>\n<li><strong>Consentimiento:<\/strong> cuando lo exija la ley, incluidas determinadas cookies de marketing y no esenciales o tecnolog\u00edas de seguimiento.<\/li>\n<\/ul>\n<h2>6. Cookies, an\u00e1lisis, p\u00edxeles y tecnolog\u00edas similares<\/h2>\n<p>Utilizamos cookies, p\u00edxeles, etiquetas, scripts y tecnolog\u00edas similares para hacer funcionar el sitio web, comprender el comportamiento de los usuarios, mejorar el rendimiento, apoyar el marketing y medir la eficacia de la publicidad.<\/p>\n<h3>6.1 Tecnolog\u00edas que utilizamos<\/h3>\n<ul>\n<li><strong>Google Analytics<\/strong> para obtener informaci\u00f3n sobre an\u00e1lisis y rendimiento de sitios web;<\/li>\n<li><strong>P\u00edxel (meta) de Facebook<\/strong> para la medici\u00f3n de anuncios, la creaci\u00f3n de audiencias y el remarketing;<\/li>\n<li><strong>Tecnolog\u00edas de seguimiento Klaviyo<\/strong>, incluyendo cookies, scripts y\/o p\u00edxeles, para la atribuci\u00f3n de marketing por correo electr\u00f3nico, la segmentaci\u00f3n de la audiencia y la medici\u00f3n del rendimiento del marketing.<\/li>\n<\/ul>\n<h3>6.2 C\u00f3mo se utilizan estas tecnolog\u00edas<\/h3>\n<p>Estas tecnolog\u00edas pueden recopilar o inferir informaci\u00f3n como su direcci\u00f3n IP, informaci\u00f3n del navegador, informaci\u00f3n del dispositivo, p\u00e1ginas visitadas, actividad de compra, fuente de referencia e interacciones con el sitio web o las comunicaciones de marketing.<\/p>\n<h3>6.3 Controles de consentimiento y cookies<\/h3>\n<p>Cuando la ley lo exige, solicitamos el consentimiento antes de colocar o activar cookies y tecnolog\u00edas de seguimiento no esenciales.<\/p>\n<p>Tambi\u00e9n puede controlar las cookies a trav\u00e9s de la configuraci\u00f3n de su navegador y, cuando est\u00e9 disponible, a trav\u00e9s de la configuraci\u00f3n de cookies o consentimiento de nuestro sitio web.<\/p>\n<p>Tenga en cuenta que desactivar determinadas cookies puede afectar al funcionamiento del sitio web.<\/p>\n<h2>7. Comunicaciones de marketing<\/h2>\n<p>Si se suscribe a nuestro bolet\u00edn de noticias o da su consentimiento para recibir informaci\u00f3n comercial, podemos enviarle correos electr\u00f3nicos promocionales, actualizaciones, ofertas y comunicaciones similares.<\/p>\n<p>Puede darse de baja en cualquier momento:<\/p>\n<ul>\n<li>haciendo clic en el enlace para darse de baja del correo electr\u00f3nico; o<\/li>\n<li>poni\u00e9ndose en contacto con nosotros en <a href=\"mailto:hello@homeofwool.com\">hello@homeofwool.com<\/a>.<\/li>\n<\/ul>\n<p>Si solicita la supresi\u00f3n de sus datos comerciales, atenderemos dicha solicitud en la medida en que lo permita la ley. En algunos casos, podemos conservar informaci\u00f3n de supresi\u00f3n limitada, como su direcci\u00f3n de correo electr\u00f3nico en una lista de no contacto, \u00fanicamente para asegurarnos de respetar su solicitud de supresi\u00f3n en el futuro.<\/p>\n<h2>8. \u00d3rdenes y conservaci\u00f3n de registros<\/h2>\n<p>Cuando usted realiza un pedido, creamos y conservamos los registros de transacciones necesarios para el funcionamiento de nuestra empresa y el cumplimiento de las obligaciones legales.<\/p>\n<p>Podemos conservar registros de pedidos b\u00e1sicos, incluidos:<\/p>\n<ul>\n<li>n\u00famero de pedido;<\/li>\n<li>nombre del comprador;<\/li>\n<li>productos adquiridos;<\/li>\n<li>registros de facturas y transacciones;<\/li>\n<li>datos de facturaci\u00f3n y env\u00edo;<\/li>\n<li>estado del pago y metadatos relacionados con el pedido.<\/li>\n<\/ul>\n<p>Estos registros de pedidos b\u00e1sicos pueden conservarse durante un m\u00e1ximo de <strong>10 a\u00f1os<\/strong> a partir del final de la transacci\u00f3n o del per\u00edodo contable correspondiente, o durante m\u00e1s tiempo cuando as\u00ed lo exija la legislaci\u00f3n aplicable, las necesidades de resoluci\u00f3n de litigios, la gesti\u00f3n de devoluciones de cargo, la prevenci\u00f3n del fraude, los requisitos de auditor\u00eda, los controles contra el blanqueo de dinero cuando proceda, el cumplimiento de las obligaciones fiscales, las normas contables o las reclamaciones legales.<\/p>\n<p>Debido a estas obligaciones legales y de cumplimiento, algunos datos relacionados con pedidos no pueden eliminarse inmediatamente aunque usted lo solicite.<\/p>\n<h2>9. Cuentas y solicitudes de supresi\u00f3n<\/h2>\n<p>Las compras pueden realizarse sin crear una cuenta. Si utiliza una funci\u00f3n de cuenta, o si se ofrece una funci\u00f3n de cuenta en el futuro, puede solicitar la eliminaci\u00f3n de sus datos personales relacionados con la cuenta.<\/p>\n<p>Atenderemos las solicitudes verificadas de supresi\u00f3n de datos relacionados con la cuenta en la medida en que lo permita la ley. No obstante, podremos conservar los datos que deban conservarse para cumplir obligaciones legales, reglamentarias, fiscales, contables, de prevenci\u00f3n del fraude, de resoluci\u00f3n de litigios o contractuales.<\/p>\n<p>Si la supresi\u00f3n completa no es posible por motivos legales, podemos restringir el tratamiento y conservar s\u00f3lo los datos necesarios para esos fines.<\/p>\n<h2>10. C\u00f3mo compartimos los datos personales<\/h2>\n<p>Podemos compartir datos personales s\u00f3lo cuando sea razonablemente necesario con terceros de confianza, entre ellos:<\/p>\n<ul>\n<li>procesadores de pagos;<\/li>\n<li>proveedores de transporte y log\u00edstica;<\/li>\n<li>proveedores de infraestructura y alojamiento de sitios web;<\/li>\n<li>proveedores de an\u00e1lisis;<\/li>\n<li>proveedores de publicidad y remarketing;<\/li>\n<li>proveedores de correo electr\u00f3nico y CRM;<\/li>\n<li>asesores profesionales, auditores, aseguradoras y asesores jur\u00eddicos;<\/li>\n<li>tribunales, organismos reguladores, autoridades fiscales, fuerzas y cuerpos de seguridad u otras autoridades cuando as\u00ed lo exija la ley.<\/li>\n<\/ul>\n<p>No vendemos datos personales a cambio de dinero. Sin embargo, algunas actividades anal\u00edticas o publicitarias de terceros pueden ser tratadas como \u201ccompartici\u00f3n\u201d, \u201cventa\u201d o \u201cpublicidad dirigida\u201d en virtud de determinadas leyes de privacidad de los estados de EE. UU.<\/p>\n<h2>11. Transferencias internacionales<\/h2>\n<p>Dado que operamos internacionalmente y aceptamos pedidos de m\u00faltiples pa\u00edses, sus datos personales pueden ser transferidos, almacenados o procesados en pa\u00edses distintos al suyo.<\/p>\n<p>Cuando la ley lo exige, tomamos medidas razonables para utilizar mecanismos de transferencia legales y salvaguardias adecuadas para las transferencias internacionales.<\/p>\n<h2>12. Seguridad de los datos<\/h2>\n<p>Utilizamos medidas t\u00e9cnicas y organizativas razonables dise\u00f1adas para proteger los datos personales contra la destrucci\u00f3n accidental o il\u00edcita, la p\u00e9rdida, la alteraci\u00f3n, la difusi\u00f3n no autorizada o el acceso no autorizado.<\/p>\n<p>Sin embargo, ning\u00fan m\u00e9todo de transmisi\u00f3n o almacenamiento en l\u00ednea es completamente seguro, y no podemos prometer una seguridad absoluta.<\/p>\n<h2>13. 13. Su derecho a la intimidad<\/h2>\n<h3>13.1 GDPR y derechos similares<\/h3>\n<p>Con sujeci\u00f3n a la legislaci\u00f3n aplicable, puede tener derecho a:<\/p>\n<ul>\n<li>estar informado sobre el tratamiento de sus datos personales;<\/li>\n<li>solicitar acceso a sus datos personales;<\/li>\n<li>solicitar la correcci\u00f3n de datos inexactos o incompletos;<\/li>\n<li>solicitar la supresi\u00f3n de sus datos personales;<\/li>\n<li>solicitar la restricci\u00f3n del tratamiento;<\/li>\n<li>oponerse a determinados tratamientos, incluida la venta directa;<\/li>\n<li>solicitar la portabilidad de los datos;<\/li>\n<li>retirar el consentimiento cuando el tratamiento se base en \u00e9l;<\/li>\n<li>presentar una denuncia ante una autoridad competente en materia de protecci\u00f3n de datos.<\/li>\n<\/ul>\n<h3>13.2 Derechos de privacidad en California y otros estados de EE.UU.<\/h3>\n<p>Si usted es residente en California o en otro estado de EE.UU. con derechos de privacidad aplicables, y en la medida en que la ley se aplique a nosotros y a sus datos, puede tener derecho a:<\/p>\n<ul>\n<li>saber qu\u00e9 categor\u00edas de datos personales recopilamos, utilizamos, revelamos, vendemos o compartimos;<\/li>\n<li>solicitar acceso a determinados datos personales que tenemos sobre usted;<\/li>\n<li>solicitar la supresi\u00f3n de datos personales, salvo excepciones legales;<\/li>\n<li>solicitar la rectificaci\u00f3n de datos personales inexactos;<\/li>\n<li>optar por no participar en determinadas actividades de venta, intercambio o publicidad dirigida;<\/li>\n<li>recibir un trato no discriminatorio por ejercer su derecho a la intimidad;<\/li>\n<li>en su caso, solicitar l\u00edmites a determinados usos o divulgaciones de informaci\u00f3n personal sensible.<\/li>\n<\/ul>\n<h3>13.3 L\u00edmites importantes a la supresi\u00f3n<\/h3>\n<p>Los derechos de supresi\u00f3n no son absolutos. Podemos denegar o limitar las solicitudes de supresi\u00f3n cuando la ley nos obligue o nos permita conservar los datos personales, por ejemplo, para los registros de pedidos, los registros fiscales y contables, la prevenci\u00f3n del fraude, la seguridad, las reclamaciones legales y el cumplimiento de la normativa.<\/p>\n<h2>14. C\u00f3mo ejercer sus derechos<\/h2>\n<p>Para ejercer un derecho de privacidad, solicitar acceso, solicitar correcci\u00f3n, solicitar supresi\u00f3n, oponerse al tratamiento, excluirse de la comercializaci\u00f3n o solicitar la supresi\u00f3n de datos de comercializaci\u00f3n, p\u00f3ngase en contacto con nosotros:<\/p>\n<p><a href=\"mailto:hello@homeofwool.com\">hello@homeofwool.com<\/a><\/p>\n<p>Por favor, incluya suficiente informaci\u00f3n para que podamos identificar su solicitud y verificar su identidad cuando sea necesario. Podemos pedirle informaci\u00f3n adicional \u00fanicamente con fines de verificaci\u00f3n y tramitaci\u00f3n de la solicitud.<\/p>\n<p>Si la ley lo permite, un agente autorizado tambi\u00e9n puede presentar solicitudes en su nombre, sujetas a requisitos de verificaci\u00f3n.<\/p>\n<h2>15. Tiempo de respuesta<\/h2>\n<p>Responderemos a las solicitudes de privacidad verificadas en el plazo exigido por la legislaci\u00f3n aplicable. En algunos casos, podemos necesitar tiempo adicional cuando la ley lo permita, por ejemplo, si una solicitud es compleja o se realizan varias solicitudes.<\/p>\n<h2>16. Privacidad de los ni\u00f1os<\/h2>\n<p>Nuestro sitio web no est\u00e1 dirigido a ni\u00f1os menores de 13 a\u00f1os, y no recopilamos a sabiendas datos personales de ni\u00f1os menores de 13 a\u00f1os a trav\u00e9s del sitio web. Si cree que un ni\u00f1o nos ha proporcionado datos personales, p\u00f3ngase en contacto con nosotros y revisaremos el asunto y eliminaremos la informaci\u00f3n cuando proceda.<\/p>\n<h2>17. Sitios web y servicios de terceros<\/h2>\n<p>Nuestro sitio web puede contener enlaces a sitios web, plataformas o servicios de terceros. No controlamos las pr\u00e1cticas de privacidad de terceros y no somos responsables de su contenido, seguridad o pol\u00edticas. Le recomendamos que revise las pol\u00edticas de privacidad de esos terceros antes de interactuar con ellos.<\/p>\n<h2>18. Cambios en esta pol\u00edtica de privacidad<\/h2>\n<p>Es posible que actualicemos esta Pol\u00edtica de Privacidad de vez en cuando. Cuando lo hagamos, publicaremos la versi\u00f3n revisada en esta p\u00e1gina.<\/p>\n<p>La versi\u00f3n actualizada se aplicar\u00e1 a partir de la fecha de su publicaci\u00f3n, salvo que se indique una fecha de entrada en vigor diferente.<\/p>\n<h2>19. Contacto<\/h2>\n<p>Si tiene alguna pregunta sobre esta Pol\u00edtica de Privacidad, nuestras pr\u00e1cticas de datos, sus preferencias de marketing o sus derechos de privacidad, p\u00f3ngase en contacto con nosotros:<\/p>\n<p><strong>Home of Wool LTD<\/strong><\/p>\n<p>Major Thompson 57, Piso 1, Apt. 26<\/p>\n<p>Sof\u00eda 1407, Bulgaria<\/p>\n<p>Correo electr\u00f3nico: <a href=\"mailto:hello@homeofwool.com\">hello@homeofwool.com<\/a><\/p>","protected":false},"excerpt":{"rendered":"<p>Privacy Policy Last updated: March 10th, 2026 This Privacy Policy explains how Home of Wool LTD (&#8220;Home of Wool&#8221;, &#8220;we&#8221;, &#8220;us&#8221;, or &#8220;our&#8221;) collects, uses, stores, shares, and protects personal data when you visit our website, place an order, contact us, subscribe to marketing, or otherwise interact with us. It also explains your rights under [&hellip;]<\/p>\n","protected":false},"author":1,"featured_media":0,"parent":0,"menu_order":0,"comment_status":"closed","ping_status":"closed","template":"","meta":{"_acf_changed":false,"footnotes":""},"class_list":["post-219976","page","type-page","status-publish","hentry"],"acf":[],"yoast_head":"<!-- This site is optimized with the Yoast SEO Premium plugin v27.3 (Yoast SEO v27.3) - https:\/\/yoast.com\/product\/yoast-seo-premium-wordpress\/ -->\n<title>Policies \u2013 Shipping, Returns &amp; Privacy | Home of Wool<\/title>\n<meta name=\"description\" content=\"Review our key store policies, including shipping, returns, exchanges, and privacy. Learn how we protect your data and handle your order so you can shop our natural wool collections with confidence.\" \/>\n<meta name=\"robots\" content=\"index, follow, max-snippet:-1, max-image-preview:large, max-video-preview:-1\" \/>\n<link rel=\"canonical\" href=\"https:\/\/homeofwool.com\/es\/politicas\/\" \/>\n<meta property=\"og:locale\" content=\"es_ES\" \/>\n<meta property=\"og:type\" content=\"article\" \/>\n<meta property=\"og:title\" content=\"Policies\" \/>\n<meta property=\"og:description\" content=\"Review our key store policies, including shipping, returns, exchanges, and privacy. Learn how we protect your data and handle your order so you can shop our natural wool collections with confidence.\" \/>\n<meta property=\"og:url\" content=\"https:\/\/homeofwool.com\/es\/politicas\/\" \/>\n<meta property=\"og:site_name\" content=\"Home of Wool\" \/>\n<meta property=\"article:publisher\" content=\"https:\/\/facebook.com\/HomeOfWoolOfficial\" \/>\n<meta property=\"article:modified_time\" content=\"2026-03-25T10:09:15+00:00\" \/>\n<meta name=\"twitter:card\" content=\"summary_large_image\" \/>\n<meta name=\"twitter:label1\" content=\"Tiempo de lectura\" \/>\n\t<meta name=\"twitter:data1\" content=\"8 minutos\" \/>\n<script type=\"application\/ld+json\" class=\"yoast-schema-graph\">{\"@context\":\"https:\\\/\\\/schema.org\",\"@graph\":[{\"@type\":\"WebPage\",\"@id\":\"https:\\\/\\\/homeofwool.com\\\/policies\\\/\",\"url\":\"https:\\\/\\\/homeofwool.com\\\/policies\\\/\",\"name\":\"Policies \u2013 Shipping, Returns & Privacy | Home of Wool\",\"isPartOf\":{\"@id\":\"https:\\\/\\\/homeofwool.com\\\/#website\"},\"datePublished\":\"2025-09-27T08:34:20+00:00\",\"dateModified\":\"2026-03-25T10:09:15+00:00\",\"description\":\"Review our key store policies, including shipping, returns, exchanges, and privacy. Learn how we protect your data and handle your order so you can shop our natural wool collections with confidence.\",\"breadcrumb\":{\"@id\":\"https:\\\/\\\/homeofwool.com\\\/policies\\\/#breadcrumb\"},\"inLanguage\":\"es\",\"potentialAction\":[{\"@type\":\"ReadAction\",\"target\":[\"https:\\\/\\\/homeofwool.com\\\/policies\\\/\"]}]},{\"@type\":\"BreadcrumbList\",\"@id\":\"https:\\\/\\\/homeofwool.com\\\/policies\\\/#breadcrumb\",\"itemListElement\":[{\"@type\":\"ListItem\",\"position\":1,\"name\":\"Home\",\"item\":\"https:\\\/\\\/homeofwool.com\\\/\"},{\"@type\":\"ListItem\",\"position\":2,\"name\":\"Policies\"}]},{\"@type\":\"WebSite\",\"@id\":\"https:\\\/\\\/homeofwool.com\\\/#website\",\"url\":\"https:\\\/\\\/homeofwool.com\\\/\",\"name\":\"Home of Wool\",\"description\":\"\",\"publisher\":{\"@id\":\"https:\\\/\\\/homeofwool.com\\\/#organization\"},\"potentialAction\":[{\"@type\":\"SearchAction\",\"target\":{\"@type\":\"EntryPoint\",\"urlTemplate\":\"https:\\\/\\\/homeofwool.com\\\/?s={search_term_string}\"},\"query-input\":{\"@type\":\"PropertyValueSpecification\",\"valueRequired\":true,\"valueName\":\"search_term_string\"}}],\"inLanguage\":\"es\"},{\"@type\":\"Organization\",\"@id\":\"https:\\\/\\\/homeofwool.com\\\/#organization\",\"name\":\"Home of Wool\",\"url\":\"https:\\\/\\\/homeofwool.com\\\/\",\"logo\":{\"@type\":\"ImageObject\",\"inLanguage\":\"es\",\"@id\":\"https:\\\/\\\/homeofwool.com\\\/#\\\/schema\\\/logo\\\/image\\\/\",\"url\":\"https:\\\/\\\/homeofwool.com\\\/wp-content\\\/uploads\\\/2025\\\/09\\\/WhatsApp-Image-2025-12-02-at-16.23.20.jpeg\",\"contentUrl\":\"https:\\\/\\\/homeofwool.com\\\/wp-content\\\/uploads\\\/2025\\\/09\\\/WhatsApp-Image-2025-12-02-at-16.23.20.jpeg\",\"width\":700,\"height\":247,\"caption\":\"Home of Wool\"},\"image\":{\"@id\":\"https:\\\/\\\/homeofwool.com\\\/#\\\/schema\\\/logo\\\/image\\\/\"},\"sameAs\":[\"https:\\\/\\\/facebook.com\\\/HomeOfWoolOfficial\"]}]}<\/script>\n<!-- \/ Yoast SEO Premium plugin. -->","yoast_head_json":{"title":"Pol\u00edticas: env\u00edos, devoluciones y privacidad | Home of Wool","description":"Consulte nuestras pol\u00edticas clave de la tienda, incluyendo env\u00edos, devoluciones, cambios y privacidad. Descubra c\u00f3mo protegemos sus datos y gestionamos su pedido para que pueda comprar con confianza nuestras colecciones de lana natural.","robots":{"index":"index","follow":"follow","max-snippet":"max-snippet:-1","max-image-preview":"max-image-preview:large","max-video-preview":"max-video-preview:-1"},"canonical":"https:\/\/homeofwool.com\/es\/politicas\/","og_locale":"es_ES","og_type":"article","og_title":"Policies","og_description":"Review our key store policies, including shipping, returns, exchanges, and privacy. Learn how we protect your data and handle your order so you can shop our natural wool collections with confidence.","og_url":"https:\/\/homeofwool.com\/es\/politicas\/","og_site_name":"Home of Wool","article_publisher":"https:\/\/facebook.com\/HomeOfWoolOfficial","article_modified_time":"2026-03-25T10:09:15+00:00","twitter_card":"summary_large_image","twitter_misc":{"Tiempo de lectura":"8 minutos"},"schema":{"@context":"https:\/\/schema.org","@graph":[{"@type":"WebPage","@id":"https:\/\/homeofwool.com\/policies\/","url":"https:\/\/homeofwool.com\/policies\/","name":"Pol\u00edticas: env\u00edos, devoluciones y privacidad | Home of Wool","isPartOf":{"@id":"https:\/\/homeofwool.com\/#website"},"datePublished":"2025-09-27T08:34:20+00:00","dateModified":"2026-03-25T10:09:15+00:00","description":"Consulte nuestras pol\u00edticas clave de la tienda, incluyendo env\u00edos, devoluciones, cambios y privacidad. Descubra c\u00f3mo protegemos sus datos y gestionamos su pedido para que pueda comprar con confianza nuestras colecciones de lana natural.","breadcrumb":{"@id":"https:\/\/homeofwool.com\/policies\/#breadcrumb"},"inLanguage":"es","potentialAction":[{"@type":"ReadAction","target":["https:\/\/homeofwool.com\/policies\/"]}]},{"@type":"BreadcrumbList","@id":"https:\/\/homeofwool.com\/policies\/#breadcrumb","itemListElement":[{"@type":"ListItem","position":1,"name":"Home","item":"https:\/\/homeofwool.com\/"},{"@type":"ListItem","position":2,"name":"Policies"}]},{"@type":"WebSite","@id":"https:\/\/homeofwool.com\/#website","url":"https:\/\/homeofwool.com\/","name":"Hogar de la lana","description":"","publisher":{"@id":"https:\/\/homeofwool.com\/#organization"},"potentialAction":[{"@type":"SearchAction","target":{"@type":"EntryPoint","urlTemplate":"https:\/\/homeofwool.com\/?s={search_term_string}"},"query-input":{"@type":"PropertyValueSpecification","valueRequired":true,"valueName":"search_term_string"}}],"inLanguage":"es"},{"@type":"Organization","@id":"https:\/\/homeofwool.com\/#organization","name":"Hogar de la lana","url":"https:\/\/homeofwool.com\/","logo":{"@type":"ImageObject","inLanguage":"es","@id":"https:\/\/homeofwool.com\/#\/schema\/logo\/image\/","url":"https:\/\/homeofwool.com\/wp-content\/uploads\/2025\/09\/WhatsApp-Image-2025-12-02-at-16.23.20.jpeg","contentUrl":"https:\/\/homeofwool.com\/wp-content\/uploads\/2025\/09\/WhatsApp-Image-2025-12-02-at-16.23.20.jpeg","width":700,"height":247,"caption":"Home of Wool"},"image":{"@id":"https:\/\/homeofwool.com\/#\/schema\/logo\/image\/"},"sameAs":["https:\/\/facebook.com\/HomeOfWoolOfficial"]}]}},"_links":{"self":[{"href":"https:\/\/homeofwool.com\/es\/wp-json\/wp\/v2\/pages\/219976","targetHints":{"allow":["GET"]}}],"collection":[{"href":"https:\/\/homeofwool.com\/es\/wp-json\/wp\/v2\/pages"}],"about":[{"href":"https:\/\/homeofwool.com\/es\/wp-json\/wp\/v2\/types\/page"}],"author":[{"embeddable":true,"href":"https:\/\/homeofwool.com\/es\/wp-json\/wp\/v2\/users\/1"}],"replies":[{"embeddable":true,"href":"https:\/\/homeofwool.com\/es\/wp-json\/wp\/v2\/comments?post=219976"}],"version-history":[{"count":1,"href":"https:\/\/homeofwool.com\/es\/wp-json\/wp\/v2\/pages\/219976\/revisions"}],"predecessor-version":[{"id":228749,"href":"https:\/\/homeofwool.com\/es\/wp-json\/wp\/v2\/pages\/219976\/revisions\/228749"}],"wp:attachment":[{"href":"https:\/\/homeofwool.com\/es\/wp-json\/wp\/v2\/media?parent=219976"}],"curies":[{"name":"wp","href":"https:\/\/api.w.org\/{rel}","templated":true}]}}