{"id":225789,"date":"2025-11-30T17:07:17","date_gmt":"2025-11-30T17:07:17","guid":{"rendered":"https:\/\/homeofwool.com\/?post_type=product&#038;p=225789"},"modified":"2026-01-15T12:53:45","modified_gmt":"2026-01-15T12:53:45","slug":"weihnachtsgeschenkkarte","status":"publish","type":"product","link":"https:\/\/homeofwool.com\/de\/shop\/christmas-gift-card\/","title":{"rendered":"Weihnachtsgeschenkkarte"},"content":{"rendered":"<p>Verw\u00f6hnen Sie Ihre Lieben mit dem, was sie sich wirklich w\u00fcnschen, und lassen Sie sie mit der Home of Wool-Geschenkkarte selbst w\u00e4hlen!<\/p>\n<p>Sie k\u00f6nnen die Geschenkkarte wie jedes andere Produkt in unserem Shop kaufen. W\u00e4hlen Sie einfach den gew\u00fcnschten Betrag aus und wir senden die Geschenkkarte an die angegebene E-Mail-Adresse.<\/p>\n<p>So einfach ist das!<\/p>\n<p>*Jeder Geschenkgutschein ist ab Kaufdatum 1 Jahr lang g\u00fcltig.<\/p>","protected":false},"excerpt":{"rendered":"<p>Treat the ones you love to what they really want and let them choose for themselves with Home of Wool gift card! You can purchase the gift card like any other product from our shop, just select the amount you like and we\u2019ll send the gift card to the provided e-mail address. It is as [&hellip;]<\/p>\n","protected":false},"featured_media":226149,"template":"","meta":{"_acf_changed":false},"product_brand":[],"product_cat":[1354],"product_tag":[126],"class_list":{"0":"post-225789","1":"product","2":"type-product","3":"status-publish","4":"has-post-thumbnail","6":"product_cat-gift-cards","7":"product_tag-gift-card","9":"first","10":"instock","11":"shipping-taxable","12":"purchasable","13":"product-type-pw-gift-card","14":"has-default-attributes"},"acf":[],"yoast_head":"<!-- This site is optimized with the Yoast SEO Premium plugin v27.5 (Yoast SEO v27.5) - https:\/\/yoast.com\/product\/yoast-seo-premium-wordpress\/ -->\n<title>Christmas Gift Card for Home of Wool \u2013 Natural Mattresses &amp; Bedding<\/title>\n<meta name=\"description\" content=\"Give the gift of natural, eco-friendly sleep with a Home of Wool gift card. Redeemable for mattresses, bedding, and sustainable bedroom essentials.\" \/>\n<meta name=\"robots\" content=\"index, follow, max-snippet:-1, max-image-preview:large, max-video-preview:-1\" \/>\n<link rel=\"canonical\" href=\"https:\/\/homeofwool.com\/de\/shop\/weihnachtsgeschenkkarte\/\" \/>\n<meta property=\"og:locale\" content=\"de_DE\" \/>\n<meta property=\"og:type\" content=\"article\" \/>\n<meta property=\"og:title\" content=\"Christmas Gift Card\" \/>\n<meta property=\"og:description\" content=\"Give the gift of natural, eco-friendly sleep with a Home of Wool gift card. Redeemable for mattresses, bedding, and sustainable bedroom essentials.\" \/>\n<meta property=\"og:url\" content=\"https:\/\/homeofwool.com\/de\/shop\/weihnachtsgeschenkkarte\/\" \/>\n<meta property=\"og:site_name\" content=\"Home of Wool\" \/>\n<meta property=\"article:publisher\" content=\"https:\/\/facebook.com\/HomeOfWoolOfficial\" \/>\n<meta property=\"article:modified_time\" content=\"2026-01-15T12:53:45+00:00\" \/>\n<meta property=\"og:image\" content=\"https:\/\/homeofwool.com\/wp-content\/uploads\/2025\/11\/0a90f748a22b0c2f-1024x935.png\" \/>\n\t<meta property=\"og:image:width\" content=\"1024\" \/>\n\t<meta property=\"og:image:height\" content=\"935\" \/>\n\t<meta property=\"og:image:type\" content=\"image\/png\" \/>\n<meta name=\"twitter:card\" content=\"summary_large_image\" \/>\n<meta name=\"twitter:label1\" content=\"Gesch\u00e4tzte Lesezeit\" \/>\n\t<meta name=\"twitter:data1\" content=\"1\u00a0Minute\" \/>\n<script type=\"application\/ld+json\" class=\"yoast-schema-graph\">{\"@context\":\"https:\\\/\\\/schema.org\",\"@graph\":[{\"@type\":\"WebPage\",\"@id\":\"https:\\\/\\\/homeofwool.com\\\/nl\\\/winkelen\\\/kerstcadeaubon\\\/\",\"url\":\"https:\\\/\\\/homeofwool.com\\\/nl\\\/winkelen\\\/kerstcadeaubon\\\/\",\"name\":\"Christmas Gift Card for Home of Wool \u2013 Natural Mattresses & Bedding\",\"isPartOf\":{\"@id\":\"https:\\\/\\\/homeofwool.com\\\/#website\"},\"primaryImageOfPage\":{\"@id\":\"https:\\\/\\\/homeofwool.com\\\/nl\\\/winkelen\\\/kerstcadeaubon\\\/#primaryimage\"},\"image\":{\"@id\":\"https:\\\/\\\/homeofwool.com\\\/nl\\\/winkelen\\\/kerstcadeaubon\\\/#primaryimage\"},\"thumbnailUrl\":\"https:\\\/\\\/homeofwool.com\\\/wp-content\\\/uploads\\\/2025\\\/11\\\/0a90f748a22b0c2f-scaled.png\",\"datePublished\":\"2025-11-30T17:07:17+00:00\",\"dateModified\":\"2026-01-15T12:53:45+00:00\",\"description\":\"Give the gift of natural, eco-friendly sleep with a Home of Wool gift card. Redeemable for mattresses, bedding, and sustainable bedroom essentials.\",\"breadcrumb\":{\"@id\":\"https:\\\/\\\/homeofwool.com\\\/nl\\\/winkelen\\\/kerstcadeaubon\\\/#breadcrumb\"},\"inLanguage\":\"de\",\"potentialAction\":[{\"@type\":\"ReadAction\",\"target\":[\"https:\\\/\\\/homeofwool.com\\\/nl\\\/winkelen\\\/kerstcadeaubon\\\/\"]}]},{\"@type\":\"ImageObject\",\"inLanguage\":\"de\",\"@id\":\"https:\\\/\\\/homeofwool.com\\\/nl\\\/winkelen\\\/kerstcadeaubon\\\/#primaryimage\",\"url\":\"https:\\\/\\\/homeofwool.com\\\/wp-content\\\/uploads\\\/2025\\\/11\\\/0a90f748a22b0c2f-scaled.png\",\"contentUrl\":\"https:\\\/\\\/homeofwool.com\\\/wp-content\\\/uploads\\\/2025\\\/11\\\/0a90f748a22b0c2f-scaled.png\",\"width\":2560,\"height\":2339,\"caption\":\"gift card text in front of gifts\"},{\"@type\":\"BreadcrumbList\",\"@id\":\"https:\\\/\\\/homeofwool.com\\\/nl\\\/winkelen\\\/kerstcadeaubon\\\/#breadcrumb\",\"itemListElement\":[{\"@type\":\"ListItem\",\"position\":1,\"name\":\"Home\",\"item\":\"https:\\\/\\\/homeofwool.com\\\/\"},{\"@type\":\"ListItem\",\"position\":2,\"name\":\"Products\",\"item\":\"https:\\\/\\\/homeofwool.com\\\/header-search-2\\\/\"},{\"@type\":\"ListItem\",\"position\":3,\"name\":\"Christmas Gift Card\"}]},{\"@type\":\"WebSite\",\"@id\":\"https:\\\/\\\/homeofwool.com\\\/#website\",\"url\":\"https:\\\/\\\/homeofwool.com\\\/\",\"name\":\"Home of Wool\",\"description\":\"\",\"publisher\":{\"@id\":\"https:\\\/\\\/homeofwool.com\\\/#organization\"},\"potentialAction\":[{\"@type\":\"SearchAction\",\"target\":{\"@type\":\"EntryPoint\",\"urlTemplate\":\"https:\\\/\\\/homeofwool.com\\\/?s={search_term_string}\"},\"query-input\":{\"@type\":\"PropertyValueSpecification\",\"valueRequired\":true,\"valueName\":\"search_term_string\"}}],\"inLanguage\":\"de\"},{\"@type\":\"Organization\",\"@id\":\"https:\\\/\\\/homeofwool.com\\\/#organization\",\"name\":\"Home of Wool\",\"url\":\"https:\\\/\\\/homeofwool.com\\\/\",\"logo\":{\"@type\":\"ImageObject\",\"inLanguage\":\"de\",\"@id\":\"https:\\\/\\\/homeofwool.com\\\/#\\\/schema\\\/logo\\\/image\\\/\",\"url\":\"https:\\\/\\\/homeofwool.com\\\/wp-content\\\/uploads\\\/2025\\\/09\\\/WhatsApp-Image-2025-12-02-at-16.23.20.jpeg\",\"contentUrl\":\"https:\\\/\\\/homeofwool.com\\\/wp-content\\\/uploads\\\/2025\\\/09\\\/WhatsApp-Image-2025-12-02-at-16.23.20.jpeg\",\"width\":700,\"height\":247,\"caption\":\"Home of Wool\"},\"image\":{\"@id\":\"https:\\\/\\\/homeofwool.com\\\/#\\\/schema\\\/logo\\\/image\\\/\"},\"sameAs\":[\"https:\\\/\\\/facebook.com\\\/HomeOfWoolOfficial\"]}]}<\/script>\n<!-- \/ Yoast SEO Premium plugin. -->","yoast_head_json":{"title":"Weihnachtsgeschenkkarte f\u00fcr Home of Wool \u2013 Nat\u00fcrliche Matratzen und Bettwaren","description":"Verschenken Sie nat\u00fcrlichen, umweltfreundlichen Schlaf mit einer Home of Wool-Geschenkkarte. Einl\u00f6sbar f\u00fcr Matratzen, Bettw\u00e4sche und nachhaltige Schlafzimmer-Essentials.","robots":{"index":"index","follow":"follow","max-snippet":"max-snippet:-1","max-image-preview":"max-image-preview:large","max-video-preview":"max-video-preview:-1"},"canonical":"https:\/\/homeofwool.com\/de\/shop\/weihnachtsgeschenkkarte\/","og_locale":"de_DE","og_type":"article","og_title":"Christmas Gift Card","og_description":"Give the gift of natural, eco-friendly sleep with a Home of Wool gift card. Redeemable for mattresses, bedding, and sustainable bedroom essentials.","og_url":"https:\/\/homeofwool.com\/de\/shop\/weihnachtsgeschenkkarte\/","og_site_name":"Home of Wool","article_publisher":"https:\/\/facebook.com\/HomeOfWoolOfficial","article_modified_time":"2026-01-15T12:53:45+00:00","og_image":[{"width":1024,"height":935,"url":"https:\/\/homeofwool.com\/wp-content\/uploads\/2025\/11\/0a90f748a22b0c2f-1024x935.png","type":"image\/png"}],"twitter_card":"summary_large_image","twitter_misc":{"Gesch\u00e4tzte Lesezeit":"1\u00a0Minute"},"schema":{"@context":"https:\/\/schema.org","@graph":[{"@type":"WebPage","@id":"https:\/\/homeofwool.com\/nl\/winkelen\/kerstcadeaubon\/","url":"https:\/\/homeofwool.com\/nl\/winkelen\/kerstcadeaubon\/","name":"Weihnachtsgeschenkkarte f\u00fcr Home of Wool \u2013 Nat\u00fcrliche Matratzen und Bettwaren","isPartOf":{"@id":"https:\/\/homeofwool.com\/#website"},"primaryImageOfPage":{"@id":"https:\/\/homeofwool.com\/nl\/winkelen\/kerstcadeaubon\/#primaryimage"},"image":{"@id":"https:\/\/homeofwool.com\/nl\/winkelen\/kerstcadeaubon\/#primaryimage"},"thumbnailUrl":"https:\/\/homeofwool.com\/wp-content\/uploads\/2025\/11\/0a90f748a22b0c2f-scaled.png","datePublished":"2025-11-30T17:07:17+00:00","dateModified":"2026-01-15T12:53:45+00:00","description":"Verschenken Sie nat\u00fcrlichen, umweltfreundlichen Schlaf mit einer Home of Wool-Geschenkkarte. Einl\u00f6sbar f\u00fcr Matratzen, Bettw\u00e4sche und nachhaltige Schlafzimmer-Essentials.","breadcrumb":{"@id":"https:\/\/homeofwool.com\/nl\/winkelen\/kerstcadeaubon\/#breadcrumb"},"inLanguage":"de","potentialAction":[{"@type":"ReadAction","target":["https:\/\/homeofwool.com\/nl\/winkelen\/kerstcadeaubon\/"]}]},{"@type":"ImageObject","inLanguage":"de","@id":"https:\/\/homeofwool.com\/nl\/winkelen\/kerstcadeaubon\/#primaryimage","url":"https:\/\/homeofwool.com\/wp-content\/uploads\/2025\/11\/0a90f748a22b0c2f-scaled.png","contentUrl":"https:\/\/homeofwool.com\/wp-content\/uploads\/2025\/11\/0a90f748a22b0c2f-scaled.png","width":2560,"height":2339,"caption":"gift card text in front of gifts"},{"@type":"BreadcrumbList","@id":"https:\/\/homeofwool.com\/nl\/winkelen\/kerstcadeaubon\/#breadcrumb","itemListElement":[{"@type":"ListItem","position":1,"name":"Home","item":"https:\/\/homeofwool.com\/"},{"@type":"ListItem","position":2,"name":"Products","item":"https:\/\/homeofwool.com\/header-search-2\/"},{"@type":"ListItem","position":3,"name":"Christmas Gift Card"}]},{"@type":"WebSite","@id":"https:\/\/homeofwool.com\/#website","url":"https:\/\/homeofwool.com\/","name":"Heimat der Wolle","description":"","publisher":{"@id":"https:\/\/homeofwool.com\/#organization"},"potentialAction":[{"@type":"SearchAction","target":{"@type":"EntryPoint","urlTemplate":"https:\/\/homeofwool.com\/?s={search_term_string}"},"query-input":{"@type":"PropertyValueSpecification","valueRequired":true,"valueName":"search_term_string"}}],"inLanguage":"de"},{"@type":"Organization","@id":"https:\/\/homeofwool.com\/#organization","name":"Heimat der Wolle","url":"https:\/\/homeofwool.com\/","logo":{"@type":"ImageObject","inLanguage":"de","@id":"https:\/\/homeofwool.com\/#\/schema\/logo\/image\/","url":"https:\/\/homeofwool.com\/wp-content\/uploads\/2025\/09\/WhatsApp-Image-2025-12-02-at-16.23.20.jpeg","contentUrl":"https:\/\/homeofwool.com\/wp-content\/uploads\/2025\/09\/WhatsApp-Image-2025-12-02-at-16.23.20.jpeg","width":700,"height":247,"caption":"Home of Wool"},"image":{"@id":"https:\/\/homeofwool.com\/#\/schema\/logo\/image\/"},"sameAs":["https:\/\/facebook.com\/HomeOfWoolOfficial"]}]}},"_links":{"self":[{"href":"https:\/\/homeofwool.com\/de\/wp-json\/wp\/v2\/product\/225789","targetHints":{"allow":["GET"]}}],"collection":[{"href":"https:\/\/homeofwool.com\/de\/wp-json\/wp\/v2\/product"}],"about":[{"href":"https:\/\/homeofwool.com\/de\/wp-json\/wp\/v2\/types\/product"}],"version-history":[{"count":1,"href":"https:\/\/homeofwool.com\/de\/wp-json\/wp\/v2\/product\/225789\/revisions"}],"predecessor-version":[{"id":226133,"href":"https:\/\/homeofwool.com\/de\/wp-json\/wp\/v2\/product\/225789\/revisions\/226133"}],"wp:featuredmedia":[{"embeddable":true,"href":"https:\/\/homeofwool.com\/de\/wp-json\/wp\/v2\/media\/226149"}],"wp:attachment":[{"href":"https:\/\/homeofwool.com\/de\/wp-json\/wp\/v2\/media?parent=225789"}],"wp:term":[{"taxonomy":"product_brand","embeddable":true,"href":"https:\/\/homeofwool.com\/de\/wp-json\/wp\/v2\/product_brand?post=225789"},{"taxonomy":"product_cat","embeddable":true,"href":"https:\/\/homeofwool.com\/de\/wp-json\/wp\/v2\/product_cat?post=225789"},{"taxonomy":"product_tag","embeddable":true,"href":"https:\/\/homeofwool.com\/de\/wp-json\/wp\/v2\/product_tag?post=225789"}],"curies":[{"name":"wp","href":"https:\/\/api.w.org\/{rel}","templated":true}]}}