{"id":223729,"date":"2025-11-03T07:23:34","date_gmt":"2025-11-03T07:23:34","guid":{"rendered":"https:\/\/homeofwool.com\/?post_type=product&#038;p=223729"},"modified":"2026-01-30T12:29:24","modified_gmt":"2026-01-30T12:29:24","slug":"schonheitsschlaf-set","status":"publish","type":"product","link":"https:\/\/homeofwool.com\/de\/shop\/beauty-sleep-set\/","title":{"rendered":"Sch\u00f6nheitsschlaf-Set - Maulbeerseide"},"content":{"rendered":"<p class=\"ql-block\" data-block-id=\"block-d767229f-9309-43d7-b80b-4dd5071d5417\">Wachen Sie auf mit strahlender Haut und gl\u00e4nzendem Haar mit dem Home of Wool Beauty Sleep Set. Dies ist Ihr All-in-One Anti-Aging-Schlafset. Maulbeerseide f\u00fchlt sich leicht und weich an. Sie ist sanft zu Haut und Haar. Sie hilft ihnen, ihre nat\u00fcrliche Geschmeidigkeit und ihren Glanz zu bewahren. Das Geheimnis? Nat\u00fcrliche Seide ist reich an Aminos\u00e4uren, die sie geschmeidig und gesund halten.<\/p>\n<p class=\"ql-block\" data-block-id=\"block-4af61955-2fbb-4b68-944f-e51489de79f1\">Die Seidenschlafmaske mit Wollf\u00fcllung kombiniert k\u00fchlende Seide mit atmungsaktiver Wolle. Sie fusioniert das Licht und unterst\u00fctzt ein frischeres Aufwachen. Und das alles, w\u00e4hrend sie Ihr Gesicht w\u00e4hrend des Schlafs mit Feuchtigkeit versorgt.<\/p>\n<p class=\"ql-block\" data-block-id=\"block-88e52b3d-a6b4-4c27-880c-c2d9c119e642\">Die Seidenhaarpackung sch\u00fctzt Ihre Str\u00e4hnen vor Reibung und Trockenheit und hilft, Haarbruch zu reduzieren und den Glanz zu erhalten, w\u00e4hrend Sie schlafen. Das Seidenhaarband h\u00e4lt Ihr Haar w\u00e4hrend der Hautpflegerituale bequem an seinem Platz. Das Haargummi vervollst\u00e4ndigt das Set und eignet sich perfekt f\u00fcr den Gebrauch zu Hause oder als stilvolles Accessoire im Alltag.<\/p>\n<p class=\"ql-block\" data-block-id=\"block-993a3a38-7ca1-4e77-8346-fafca4904f15\">Das Set hat ein eigenes Seidenetui, in dem alles gut verstaut ist. Die Accessoires k\u00f6nnen einzeln gekauft werden, aber wenn Sie sich f\u00fcr das komplette Set entscheiden, erhalten Sie das Haargummi und das Seidenetui als Geschenk.<\/p>\n<p data-block-id=\"block-993a3a38-7ca1-4e77-8346-fafca4904f15\">Optionaler Seidenkissenbezug:<\/p>\n<ul>\n<li data-block-id=\"block-993a3a38-7ca1-4e77-8346-fafca4904f15\">Gr\u00f6\u00dfe: 50,8 x 66 cm (20 x 26 Zoll)<\/li>\n<\/ul>","protected":false},"excerpt":{"rendered":"<p>Erleben Sie wahren Luxus f\u00fcr die Nacht mit unserem Beauty Sleep Set. Ein Anti-Aging-Schlafset, das Ihre Haut und Ihr Haar pflegt, w\u00e4hrend Sie sich ausruhen. Das Set besteht aus einer Seiden-Schlafmaske mit Wollf\u00fcllung, einem Seiden-Haarwickel, einem Seiden-Haarband und einem Haargummi. Die gesamte Kollektion ist aus reiner Maulbeerseide gefertigt. Keine Farbstoffe oder chemischen Ausr\u00fcstungen.<\/p>\n<div class=\"global-icon-set\">\n<div class=\"global-icon-set__items\">\n<div class=\"global-icon-set__item\">\n<div class=\"global-icon-set__image\">\n                                    <img decoding=\"async\" src=\"https:\/\/homeofwool.com\/wp-content\/uploads\/2025\/09\/handmade-icon-300x300.png\" alt=\"handgefertigte Ikone\" \/>\n                                <\/div>\n<div class=\"global-icon-set__title\">Handgefertigt<\/div>\n<\/p><\/div>\n<div class=\"global-icon-set__item\">\n<div class=\"global-icon-set__image\">\n                                    <img decoding=\"async\" src=\"https:\/\/homeofwool.com\/wp-content\/uploads\/2025\/09\/VOCs-min-300x300.png\" alt=\"vocs frei\" \/>\n                                <\/div>\n<div class=\"global-icon-set__title\">VOC-frei<\/div>\n<\/p><\/div>\n<div class=\"global-icon-set__item\">\n<div class=\"global-icon-set__image\">\n                                    <img decoding=\"async\" src=\"https:\/\/homeofwool.com\/wp-content\/uploads\/2025\/09\/FR-min-300x300.png\" alt=\"feuerfestes Symbol\" \/>\n                                <\/div>\n<div class=\"global-icon-set__title\">Schwer entflammbar<\/div>\n<\/p><\/div>\n<div class=\"global-icon-set__item\">\n<div class=\"global-icon-set__image\">\n                                    <img decoding=\"async\" src=\"https:\/\/homeofwool.com\/wp-content\/uploads\/2025\/09\/Hypoallergenic-min-300x300.png\" alt=\"hypoallergenes Symbol\" \/>\n                                <\/div>\n<div class=\"global-icon-set__title\">Hypoallergen<\/div>\n<\/p><\/div>\n<div class=\"global-icon-set__item\">\n<div class=\"global-icon-set__image\">\n                                    <img decoding=\"async\" src=\"https:\/\/homeofwool.com\/wp-content\/uploads\/2025\/09\/free-of-synthetics-icon-300x300.png\" alt=\"frei von synthetischen Stoffen Symbol\" \/>\n                                <\/div>\n<div class=\"global-icon-set__title\">Frei von synthetischen Stoffen<\/div>\n<\/p><\/div>\n<div class=\"global-icon-set__item\">\n<div class=\"global-icon-set__image\">\n                                    <img decoding=\"async\" src=\"https:\/\/homeofwool.com\/wp-content\/uploads\/2025\/09\/chemical-free-icon-300x300.png\" alt=\"Symbol f\u00fcr Chemikalienfreiheit\" \/>\n                                <\/div>\n<div class=\"global-icon-set__title\">Chemikalienfrei<\/div>\n<\/p><\/div>\n<div class=\"global-icon-set__item\">\n<div class=\"global-icon-set__image\">\n                                    <img decoding=\"async\" src=\"https:\/\/homeofwool.com\/wp-content\/uploads\/2025\/09\/certified-materials-icon-300x300.png\" alt=\"Symbol f\u00fcr zertifizierte Materialien\" \/>\n                                <\/div>\n<div class=\"global-icon-set__title\">100% Reine zertifizierte Materialien<\/div>\n<\/p><\/div>\n<\/p><\/div>\n<\/p><\/div>","protected":false},"featured_media":223731,"template":"","meta":{"_acf_changed":false},"product_brand":[],"product_cat":[557,1366,590,558],"product_tag":[],"class_list":{"0":"post-223729","1":"product","2":"type-product","3":"status-publish","4":"has-post-thumbnail","6":"product_cat-new","7":"product_cat-womens-day","8":"product_cat-accessories","9":"product_cat-zero-waste-accessories","11":"first","12":"instock","13":"shipping-taxable","14":"purchasable","15":"product-type-simple"},"acf":[],"yoast_head":"<!-- This site is optimized with the Yoast SEO Premium plugin v27.3 (Yoast SEO v27.3) - https:\/\/yoast.com\/product\/yoast-seo-premium-wordpress\/ -->\n<title>Beauty Sleep Silk Set \u2013 Anti-Aging Sleep Kit | Home of Wool<\/title>\n<meta name=\"description\" content=\"Wake up radiant with this anti-aging sleep kit of pure Mulberry silk and breathable wool\u2014nourishing skin, protecting hair, and enhancing your natural glow overnight.\" \/>\n<meta name=\"robots\" content=\"index, follow, max-snippet:-1, max-image-preview:large, max-video-preview:-1\" \/>\n<link rel=\"canonical\" href=\"https:\/\/homeofwool.com\/de\/shop\/schonheitsschlaf-set\/\" \/>\n<meta property=\"og:locale\" content=\"de_DE\" \/>\n<meta property=\"og:type\" content=\"article\" \/>\n<meta property=\"og:title\" content=\"Beauty Sleep Set \u2013 Mulberry Silk\" \/>\n<meta property=\"og:description\" content=\"Wake up radiant with this anti-aging sleep kit of pure Mulberry silk and breathable wool\u2014nourishing skin, protecting hair, and enhancing your natural glow overnight.\" \/>\n<meta property=\"og:url\" content=\"https:\/\/homeofwool.com\/de\/shop\/schonheitsschlaf-set\/\" \/>\n<meta property=\"og:site_name\" content=\"Home of Wool\" \/>\n<meta property=\"article:publisher\" content=\"https:\/\/facebook.com\/HomeOfWoolOfficial\" \/>\n<meta property=\"article:modified_time\" content=\"2026-01-30T12:29:24+00:00\" \/>\n<meta property=\"og:image\" content=\"https:\/\/homeofwool.com\/wp-content\/uploads\/2025\/11\/home-of-wool-beauty-sleep-set-main.jpg\" \/>\n\t<meta property=\"og:image:width\" content=\"1938\" \/>\n\t<meta property=\"og:image:height\" content=\"1551\" \/>\n\t<meta property=\"og:image:type\" content=\"image\/jpeg\" \/>\n<meta name=\"twitter:card\" content=\"summary_large_image\" \/>\n<meta name=\"twitter:label1\" content=\"Gesch\u00e4tzte Lesezeit\" \/>\n\t<meta name=\"twitter:data1\" content=\"2\u00a0Minuten\" \/>\n<script type=\"application\/ld+json\" class=\"yoast-schema-graph\">{\"@context\":\"https:\\\/\\\/schema.org\",\"@graph\":[{\"@type\":\"WebPage\",\"@id\":\"https:\\\/\\\/homeofwool.com\\\/nl\\\/winkelen\\\/schoonheidsslaapset\\\/\",\"url\":\"https:\\\/\\\/homeofwool.com\\\/nl\\\/winkelen\\\/schoonheidsslaapset\\\/\",\"name\":\"Beauty Sleep Silk Set \u2013 Anti-Aging Sleep Kit | Home of Wool\",\"isPartOf\":{\"@id\":\"https:\\\/\\\/homeofwool.com\\\/#website\"},\"primaryImageOfPage\":{\"@id\":\"https:\\\/\\\/homeofwool.com\\\/nl\\\/winkelen\\\/schoonheidsslaapset\\\/#primaryimage\"},\"image\":{\"@id\":\"https:\\\/\\\/homeofwool.com\\\/nl\\\/winkelen\\\/schoonheidsslaapset\\\/#primaryimage\"},\"thumbnailUrl\":\"https:\\\/\\\/homeofwool.com\\\/wp-content\\\/uploads\\\/2025\\\/11\\\/home-of-wool-beauty-sleep-set-main.jpg\",\"datePublished\":\"2025-11-03T07:23:34+00:00\",\"dateModified\":\"2026-01-30T12:29:24+00:00\",\"description\":\"Wake up radiant with this anti-aging sleep kit of pure Mulberry silk and breathable wool\u2014nourishing skin, protecting hair, and enhancing your natural glow overnight.\",\"breadcrumb\":{\"@id\":\"https:\\\/\\\/homeofwool.com\\\/nl\\\/winkelen\\\/schoonheidsslaapset\\\/#breadcrumb\"},\"inLanguage\":\"de\",\"potentialAction\":[{\"@type\":\"ReadAction\",\"target\":[\"https:\\\/\\\/homeofwool.com\\\/nl\\\/winkelen\\\/schoonheidsslaapset\\\/\"]}]},{\"@type\":\"ImageObject\",\"inLanguage\":\"de\",\"@id\":\"https:\\\/\\\/homeofwool.com\\\/nl\\\/winkelen\\\/schoonheidsslaapset\\\/#primaryimage\",\"url\":\"https:\\\/\\\/homeofwool.com\\\/wp-content\\\/uploads\\\/2025\\\/11\\\/home-of-wool-beauty-sleep-set-main.jpg\",\"contentUrl\":\"https:\\\/\\\/homeofwool.com\\\/wp-content\\\/uploads\\\/2025\\\/11\\\/home-of-wool-beauty-sleep-set-main.jpg\",\"width\":1938,\"height\":1551,\"caption\":\"sleep mask, turban, scrunchie and hair band laid on silk surface\"},{\"@type\":\"BreadcrumbList\",\"@id\":\"https:\\\/\\\/homeofwool.com\\\/nl\\\/winkelen\\\/schoonheidsslaapset\\\/#breadcrumb\",\"itemListElement\":[{\"@type\":\"ListItem\",\"position\":1,\"name\":\"Home\",\"item\":\"https:\\\/\\\/homeofwool.com\\\/\"},{\"@type\":\"ListItem\",\"position\":2,\"name\":\"Products\",\"item\":\"https:\\\/\\\/homeofwool.com\\\/header-search-2\\\/\"},{\"@type\":\"ListItem\",\"position\":3,\"name\":\"Beauty Sleep Set \u2013 Mulberry Silk\"}]},{\"@type\":\"WebSite\",\"@id\":\"https:\\\/\\\/homeofwool.com\\\/#website\",\"url\":\"https:\\\/\\\/homeofwool.com\\\/\",\"name\":\"Home of Wool\",\"description\":\"\",\"publisher\":{\"@id\":\"https:\\\/\\\/homeofwool.com\\\/#organization\"},\"potentialAction\":[{\"@type\":\"SearchAction\",\"target\":{\"@type\":\"EntryPoint\",\"urlTemplate\":\"https:\\\/\\\/homeofwool.com\\\/?s={search_term_string}\"},\"query-input\":{\"@type\":\"PropertyValueSpecification\",\"valueRequired\":true,\"valueName\":\"search_term_string\"}}],\"inLanguage\":\"de\"},{\"@type\":\"Organization\",\"@id\":\"https:\\\/\\\/homeofwool.com\\\/#organization\",\"name\":\"Home of Wool\",\"url\":\"https:\\\/\\\/homeofwool.com\\\/\",\"logo\":{\"@type\":\"ImageObject\",\"inLanguage\":\"de\",\"@id\":\"https:\\\/\\\/homeofwool.com\\\/#\\\/schema\\\/logo\\\/image\\\/\",\"url\":\"https:\\\/\\\/homeofwool.com\\\/wp-content\\\/uploads\\\/2025\\\/09\\\/WhatsApp-Image-2025-12-02-at-16.23.20.jpeg\",\"contentUrl\":\"https:\\\/\\\/homeofwool.com\\\/wp-content\\\/uploads\\\/2025\\\/09\\\/WhatsApp-Image-2025-12-02-at-16.23.20.jpeg\",\"width\":700,\"height\":247,\"caption\":\"Home of Wool\"},\"image\":{\"@id\":\"https:\\\/\\\/homeofwool.com\\\/#\\\/schema\\\/logo\\\/image\\\/\"},\"sameAs\":[\"https:\\\/\\\/facebook.com\\\/HomeOfWoolOfficial\"]}]}<\/script>\n<!-- \/ Yoast SEO Premium plugin. -->","yoast_head_json":{"title":"Beauty Sleep Silk Set - Anti-Aging-Schlaf-Set | Home of Wool","description":"Wachen Sie strahlend auf mit diesem Anti-Aging-Schlafset aus reiner Maulbeerseide und atmungsaktiver Wolle, das die Haut pflegt, das Haar sch\u00fctzt und Ihre nat\u00fcrliche Ausstrahlung \u00fcber Nacht verst\u00e4rkt.","robots":{"index":"index","follow":"follow","max-snippet":"max-snippet:-1","max-image-preview":"max-image-preview:large","max-video-preview":"max-video-preview:-1"},"canonical":"https:\/\/homeofwool.com\/de\/shop\/schonheitsschlaf-set\/","og_locale":"de_DE","og_type":"article","og_title":"Beauty Sleep Set \u2013 Mulberry Silk","og_description":"Wake up radiant with this anti-aging sleep kit of pure Mulberry silk and breathable wool\u2014nourishing skin, protecting hair, and enhancing your natural glow overnight.","og_url":"https:\/\/homeofwool.com\/de\/shop\/schonheitsschlaf-set\/","og_site_name":"Home of Wool","article_publisher":"https:\/\/facebook.com\/HomeOfWoolOfficial","article_modified_time":"2026-01-30T12:29:24+00:00","og_image":[{"width":1938,"height":1551,"url":"https:\/\/homeofwool.com\/wp-content\/uploads\/2025\/11\/home-of-wool-beauty-sleep-set-main.jpg","type":"image\/jpeg"}],"twitter_card":"summary_large_image","twitter_misc":{"Gesch\u00e4tzte Lesezeit":"2\u00a0Minuten"},"schema":{"@context":"https:\/\/schema.org","@graph":[{"@type":"WebPage","@id":"https:\/\/homeofwool.com\/nl\/winkelen\/schoonheidsslaapset\/","url":"https:\/\/homeofwool.com\/nl\/winkelen\/schoonheidsslaapset\/","name":"Beauty Sleep Silk Set - Anti-Aging-Schlaf-Set | Home of Wool","isPartOf":{"@id":"https:\/\/homeofwool.com\/#website"},"primaryImageOfPage":{"@id":"https:\/\/homeofwool.com\/nl\/winkelen\/schoonheidsslaapset\/#primaryimage"},"image":{"@id":"https:\/\/homeofwool.com\/nl\/winkelen\/schoonheidsslaapset\/#primaryimage"},"thumbnailUrl":"https:\/\/homeofwool.com\/wp-content\/uploads\/2025\/11\/home-of-wool-beauty-sleep-set-main.jpg","datePublished":"2025-11-03T07:23:34+00:00","dateModified":"2026-01-30T12:29:24+00:00","description":"Wachen Sie strahlend auf mit diesem Anti-Aging-Schlafset aus reiner Maulbeerseide und atmungsaktiver Wolle, das die Haut pflegt, das Haar sch\u00fctzt und Ihre nat\u00fcrliche Ausstrahlung \u00fcber Nacht verst\u00e4rkt.","breadcrumb":{"@id":"https:\/\/homeofwool.com\/nl\/winkelen\/schoonheidsslaapset\/#breadcrumb"},"inLanguage":"de","potentialAction":[{"@type":"ReadAction","target":["https:\/\/homeofwool.com\/nl\/winkelen\/schoonheidsslaapset\/"]}]},{"@type":"ImageObject","inLanguage":"de","@id":"https:\/\/homeofwool.com\/nl\/winkelen\/schoonheidsslaapset\/#primaryimage","url":"https:\/\/homeofwool.com\/wp-content\/uploads\/2025\/11\/home-of-wool-beauty-sleep-set-main.jpg","contentUrl":"https:\/\/homeofwool.com\/wp-content\/uploads\/2025\/11\/home-of-wool-beauty-sleep-set-main.jpg","width":1938,"height":1551,"caption":"sleep mask, turban, scrunchie and hair band laid on silk surface"},{"@type":"BreadcrumbList","@id":"https:\/\/homeofwool.com\/nl\/winkelen\/schoonheidsslaapset\/#breadcrumb","itemListElement":[{"@type":"ListItem","position":1,"name":"Home","item":"https:\/\/homeofwool.com\/"},{"@type":"ListItem","position":2,"name":"Products","item":"https:\/\/homeofwool.com\/header-search-2\/"},{"@type":"ListItem","position":3,"name":"Beauty Sleep Set \u2013 Mulberry Silk"}]},{"@type":"WebSite","@id":"https:\/\/homeofwool.com\/#website","url":"https:\/\/homeofwool.com\/","name":"Heimat der Wolle","description":"","publisher":{"@id":"https:\/\/homeofwool.com\/#organization"},"potentialAction":[{"@type":"SearchAction","target":{"@type":"EntryPoint","urlTemplate":"https:\/\/homeofwool.com\/?s={search_term_string}"},"query-input":{"@type":"PropertyValueSpecification","valueRequired":true,"valueName":"search_term_string"}}],"inLanguage":"de"},{"@type":"Organization","@id":"https:\/\/homeofwool.com\/#organization","name":"Heimat der Wolle","url":"https:\/\/homeofwool.com\/","logo":{"@type":"ImageObject","inLanguage":"de","@id":"https:\/\/homeofwool.com\/#\/schema\/logo\/image\/","url":"https:\/\/homeofwool.com\/wp-content\/uploads\/2025\/09\/WhatsApp-Image-2025-12-02-at-16.23.20.jpeg","contentUrl":"https:\/\/homeofwool.com\/wp-content\/uploads\/2025\/09\/WhatsApp-Image-2025-12-02-at-16.23.20.jpeg","width":700,"height":247,"caption":"Home of Wool"},"image":{"@id":"https:\/\/homeofwool.com\/#\/schema\/logo\/image\/"},"sameAs":["https:\/\/facebook.com\/HomeOfWoolOfficial"]}]}},"_links":{"self":[{"href":"https:\/\/homeofwool.com\/de\/wp-json\/wp\/v2\/product\/223729","targetHints":{"allow":["GET"]}}],"collection":[{"href":"https:\/\/homeofwool.com\/de\/wp-json\/wp\/v2\/product"}],"about":[{"href":"https:\/\/homeofwool.com\/de\/wp-json\/wp\/v2\/types\/product"}],"version-history":[{"count":1,"href":"https:\/\/homeofwool.com\/de\/wp-json\/wp\/v2\/product\/223729\/revisions"}],"predecessor-version":[{"id":226071,"href":"https:\/\/homeofwool.com\/de\/wp-json\/wp\/v2\/product\/223729\/revisions\/226071"}],"wp:featuredmedia":[{"embeddable":true,"href":"https:\/\/homeofwool.com\/de\/wp-json\/wp\/v2\/media\/223731"}],"wp:attachment":[{"href":"https:\/\/homeofwool.com\/de\/wp-json\/wp\/v2\/media?parent=223729"}],"wp:term":[{"taxonomy":"product_brand","embeddable":true,"href":"https:\/\/homeofwool.com\/de\/wp-json\/wp\/v2\/product_brand?post=223729"},{"taxonomy":"product_cat","embeddable":true,"href":"https:\/\/homeofwool.com\/de\/wp-json\/wp\/v2\/product_cat?post=223729"},{"taxonomy":"product_tag","embeddable":true,"href":"https:\/\/homeofwool.com\/de\/wp-json\/wp\/v2\/product_tag?post=223729"}],"curies":[{"name":"wp","href":"https:\/\/api.w.org\/{rel}","templated":true}]}}