{"id":217770,"date":"2025-09-02T12:02:33","date_gmt":"2025-09-02T12:02:33","guid":{"rendered":"https:\/\/homeofwool.com\/?post_type=product&#038;p=217770"},"modified":"2026-02-09T13:05:33","modified_gmt":"2026-02-09T13:05:33","slug":"wollballerina-hausschuhe-nina","status":"publish","type":"product","link":"https:\/\/homeofwool.com\/de\/shop\/wool-ballerina-slippers-nina\/","title":{"rendered":"Ballettpantoffeln aus Wolle"},"content":{"rendered":"<p>Diese bequemen Wollpantoffeln verbinden das zeitlose Design von \u201cBallettschuhen\u201d mit den wohltuenden Eigenschaften reiner Wolle. Jedes Paar wird aus OEKO-TEX-zertifizierter Schurwolle handgefertigt. Sie sind frei von Kunststoffen, Chemikalien oder Farbstoffen. Rein nat\u00fcrliche Wollschuhe. Wolle speichert weder W\u00e4rme noch Schwei\u00df. Sie h\u00e4lt Ihre F\u00fc\u00dfe einfach perfekt warm, aber auch trocken und frisch. Ist das nicht ein wahr gewordener Traum?<\/p>\n<p>Diese bequemen Hausschuhe sind leicht, flexibel und ger\u00e4uscharm und passen sich sanft Ihren F\u00fc\u00dfen an. Sie vermitteln ein barfu\u00df\u00e4hnliches Gef\u00fchl und eignen sich daher perfekt f\u00fcr zu Hause, auf Reisen oder sogar als leichte, umweltfreundliche Hausschuhe f\u00fcr Ihren Camping-Schlafsack. Die Hausschuhe sind in Sondergr\u00f6\u00dfen erh\u00e4ltlich, sodass Sie sie genau auf Ihre Ma\u00dfe zuschneiden lassen k\u00f6nnen. Diese atmungsaktiven Wollpantoffeln sind von Natur aus hypoallergen und somit eine sichere Wahl f\u00fcr empfindliche Haut und Allergiker.<\/p>","protected":false},"excerpt":{"rendered":"<p>G\u00f6nnen Sie Ihren F\u00fc\u00dfen puren Komfort mit unseren handgefertigten Wollpantoffeln. Sie bestehen aus Schurwolle, sind weich, flexibel und temperaturregulierend. Das hei\u00dft, sie halten Ihre F\u00fc\u00dfe kuschelig warm, ohne dass sie \u00fcberhitzen! Jedes Paar wird genau nach Ihrer Gr\u00f6\u00dfe gefertigt und bietet eine individuelle Passform, die sich so nat\u00fcrlich anf\u00fchlt wie Barfu\u00dflaufen, nur noch besser.<\/p>\n<div class=\"global-icon-set\">\n<div class=\"global-icon-set__items\">\n<div class=\"global-icon-set__item\">\n<div class=\"global-icon-set__image\">\n                                    <img decoding=\"async\" src=\"https:\/\/homeofwool.com\/wp-content\/uploads\/2025\/09\/handmade-icon-300x300.png\" alt=\"handgefertigte Ikone\" \/>\n                                <\/div>\n<div class=\"global-icon-set__title\">Handgefertigt<\/div>\n<\/p><\/div>\n<div class=\"global-icon-set__item\">\n<div class=\"global-icon-set__image\">\n                                    <img decoding=\"async\" src=\"https:\/\/homeofwool.com\/wp-content\/uploads\/2025\/09\/VOCs-min-300x300.png\" alt=\"vocs frei\" \/>\n                                <\/div>\n<div class=\"global-icon-set__title\">VOC-frei<\/div>\n<\/p><\/div>\n<div class=\"global-icon-set__item\">\n<div class=\"global-icon-set__image\">\n                                    <img decoding=\"async\" src=\"https:\/\/homeofwool.com\/wp-content\/uploads\/2025\/09\/FR-min-300x300.png\" alt=\"feuerfestes Symbol\" \/>\n                                <\/div>\n<div class=\"global-icon-set__title\">Schwer entflammbar<\/div>\n<\/p><\/div>\n<div class=\"global-icon-set__item\">\n<div class=\"global-icon-set__image\">\n                                    <img decoding=\"async\" src=\"https:\/\/homeofwool.com\/wp-content\/uploads\/2025\/09\/Hypoallergenic-min-300x300.png\" alt=\"hypoallergenes Symbol\" \/>\n                                <\/div>\n<div class=\"global-icon-set__title\">Hypoallergen<\/div>\n<\/p><\/div>\n<div class=\"global-icon-set__item\">\n<div class=\"global-icon-set__image\">\n                                    <img decoding=\"async\" src=\"https:\/\/homeofwool.com\/wp-content\/uploads\/2025\/09\/free-of-synthetics-icon-300x300.png\" alt=\"frei von synthetischen Stoffen Symbol\" \/>\n                                <\/div>\n<div class=\"global-icon-set__title\">Frei von synthetischen Stoffen<\/div>\n<\/p><\/div>\n<div class=\"global-icon-set__item\">\n<div class=\"global-icon-set__image\">\n                                    <img decoding=\"async\" src=\"https:\/\/homeofwool.com\/wp-content\/uploads\/2025\/09\/chemical-free-icon-300x300.png\" alt=\"Symbol f\u00fcr Chemikalienfreiheit\" \/>\n                                <\/div>\n<div class=\"global-icon-set__title\">Chemikalienfrei<\/div>\n<\/p><\/div>\n<div class=\"global-icon-set__item\">\n<div class=\"global-icon-set__image\">\n                                    <img decoding=\"async\" src=\"https:\/\/homeofwool.com\/wp-content\/uploads\/2025\/09\/anti-bacterial-icon-300x300.png\" alt=\"antibakterielles Symbol\" \/>\n                                <\/div>\n<div class=\"global-icon-set__title\">Anti-mikrobiell &amp; Anti-bakteriell<\/div>\n<\/p><\/div>\n<div class=\"global-icon-set__item\">\n<div class=\"global-icon-set__image\">\n                                    <img decoding=\"async\" src=\"https:\/\/homeofwool.com\/wp-content\/uploads\/2025\/09\/certified-materials-icon-300x300.png\" alt=\"Symbol f\u00fcr zertifizierte Materialien\" \/>\n                                <\/div>\n<div class=\"global-icon-set__title\">100% Reine zertifizierte Materialien<\/div>\n<\/p><\/div>\n<\/p><\/div>\n<\/p><\/div>","protected":false},"featured_media":221145,"template":"","meta":{"_acf_changed":false},"product_brand":[],"product_cat":[557,590,174,558],"product_tag":[317,318,319,320,321,322,323,324,325,326,327,149,328,329,330],"class_list":{"0":"post-217770","1":"product","2":"type-product","3":"status-publish","4":"has-post-thumbnail","6":"product_cat-new","7":"product_cat-accessories","8":"product_cat-zero-waste","9":"product_cat-zero-waste-accessories","10":"product_tag-barefoot","11":"product_tag-bivouac","12":"product_tag-booties","13":"product_tag-camping-essentials","14":"product_tag-camping-slippers","15":"product_tag-felted-wool-slippers","16":"product_tag-flat-sole","17":"product_tag-outdoor-sleeping","18":"product_tag-outspan","19":"product_tag-overlanding-gear","20":"product_tag-sheep-wool-slippers","21":"product_tag-steps","22":"product_tag-wide-toe-box","23":"product_tag-wool-socks-no","24":"product_tag-zero-drop","26":"first","27":"instock","28":"shipping-taxable","29":"purchasable","30":"product-type-simple"},"acf":[],"yoast_head":"<!-- This site is optimized with the Yoast SEO Premium plugin v27.3 (Yoast SEO v27.3) - https:\/\/yoast.com\/product\/yoast-seo-premium-wordpress\/ -->\n<title>Wool Ballet Slippers \u2013 Eco-Friendly Women&#039;s Slippers | Home of Wool<\/title>\n<meta name=\"description\" content=\"All-day softness comes with the Ballet Slippers as shoes, made with breathable wool. Hypoallergenic and toxin-free, they deliver sustainable, natural comfort for everyday wear.\" \/>\n<meta name=\"robots\" content=\"index, follow, max-snippet:-1, max-image-preview:large, max-video-preview:-1\" \/>\n<link rel=\"canonical\" href=\"https:\/\/homeofwool.com\/de\/shop\/wollballerina-hausschuhe-nina\/\" \/>\n<meta property=\"og:locale\" content=\"de_DE\" \/>\n<meta property=\"og:type\" content=\"article\" \/>\n<meta property=\"og:title\" content=\"Wool Ballet Slippers\" \/>\n<meta property=\"og:description\" content=\"All-day softness comes with the Ballet Slippers as shoes, made with breathable wool. Hypoallergenic and toxin-free, they deliver sustainable, natural comfort for everyday wear.\" \/>\n<meta property=\"og:url\" content=\"https:\/\/homeofwool.com\/de\/shop\/wollballerina-hausschuhe-nina\/\" \/>\n<meta property=\"og:site_name\" content=\"Home of Wool\" \/>\n<meta property=\"article:publisher\" content=\"https:\/\/facebook.com\/HomeOfWoolOfficial\" \/>\n<meta property=\"article:modified_time\" content=\"2026-02-09T13:05:33+00:00\" \/>\n<meta property=\"og:image\" content=\"https:\/\/homeofwool.com\/wp-content\/uploads\/2025\/09\/home-of-wool-wool-ballet-slippers-as-shoes-1-main.jpg\" \/>\n\t<meta property=\"og:image:width\" content=\"1412\" \/>\n\t<meta property=\"og:image:height\" content=\"1130\" \/>\n\t<meta property=\"og:image:type\" content=\"image\/jpeg\" \/>\n<meta name=\"twitter:card\" content=\"summary_large_image\" \/>\n<meta name=\"twitter:label1\" content=\"Gesch\u00e4tzte Lesezeit\" \/>\n\t<meta name=\"twitter:data1\" content=\"1\u00a0Minute\" \/>\n<script type=\"application\/ld+json\" class=\"yoast-schema-graph\">{\"@context\":\"https:\\\/\\\/schema.org\",\"@graph\":[{\"@type\":\"WebPage\",\"@id\":\"https:\\\/\\\/homeofwool.com\\\/shop\\\/wool-ballerina-slippers-nina\\\/\",\"url\":\"https:\\\/\\\/homeofwool.com\\\/shop\\\/wool-ballerina-slippers-nina\\\/\",\"name\":\"Wool Ballet Slippers \u2013 Eco-Friendly Women's Slippers | Home of Wool\",\"isPartOf\":{\"@id\":\"https:\\\/\\\/homeofwool.com\\\/#website\"},\"primaryImageOfPage\":{\"@id\":\"https:\\\/\\\/homeofwool.com\\\/shop\\\/wool-ballerina-slippers-nina\\\/#primaryimage\"},\"image\":{\"@id\":\"https:\\\/\\\/homeofwool.com\\\/shop\\\/wool-ballerina-slippers-nina\\\/#primaryimage\"},\"thumbnailUrl\":\"https:\\\/\\\/homeofwool.com\\\/wp-content\\\/uploads\\\/2025\\\/09\\\/home-of-wool-wool-ballet-slippers-as-shoes-1-main.jpg\",\"datePublished\":\"2025-09-02T12:02:33+00:00\",\"dateModified\":\"2026-02-09T13:05:33+00:00\",\"description\":\"All-day softness comes with the Ballet Slippers as shoes, made with breathable wool. Hypoallergenic and toxin-free, they deliver sustainable, natural comfort for everyday wear.\",\"breadcrumb\":{\"@id\":\"https:\\\/\\\/homeofwool.com\\\/shop\\\/wool-ballerina-slippers-nina\\\/#breadcrumb\"},\"inLanguage\":\"de\",\"potentialAction\":[{\"@type\":\"ReadAction\",\"target\":[\"https:\\\/\\\/homeofwool.com\\\/shop\\\/wool-ballerina-slippers-nina\\\/\"]}]},{\"@type\":\"ImageObject\",\"inLanguage\":\"de\",\"@id\":\"https:\\\/\\\/homeofwool.com\\\/shop\\\/wool-ballerina-slippers-nina\\\/#primaryimage\",\"url\":\"https:\\\/\\\/homeofwool.com\\\/wp-content\\\/uploads\\\/2025\\\/09\\\/home-of-wool-wool-ballet-slippers-as-shoes-1-main.jpg\",\"contentUrl\":\"https:\\\/\\\/homeofwool.com\\\/wp-content\\\/uploads\\\/2025\\\/09\\\/home-of-wool-wool-ballet-slippers-as-shoes-1-main.jpg\",\"width\":1412,\"height\":1130,\"caption\":\"Wool ballet slippers on a wood bench\"},{\"@type\":\"BreadcrumbList\",\"@id\":\"https:\\\/\\\/homeofwool.com\\\/shop\\\/wool-ballerina-slippers-nina\\\/#breadcrumb\",\"itemListElement\":[{\"@type\":\"ListItem\",\"position\":1,\"name\":\"Home\",\"item\":\"https:\\\/\\\/homeofwool.com\\\/\"},{\"@type\":\"ListItem\",\"position\":2,\"name\":\"Products\",\"item\":\"https:\\\/\\\/homeofwool.com\\\/header-search-2\\\/\"},{\"@type\":\"ListItem\",\"position\":3,\"name\":\"Wool Ballet Slippers\"}]},{\"@type\":\"WebSite\",\"@id\":\"https:\\\/\\\/homeofwool.com\\\/#website\",\"url\":\"https:\\\/\\\/homeofwool.com\\\/\",\"name\":\"Home of Wool\",\"description\":\"\",\"publisher\":{\"@id\":\"https:\\\/\\\/homeofwool.com\\\/#organization\"},\"potentialAction\":[{\"@type\":\"SearchAction\",\"target\":{\"@type\":\"EntryPoint\",\"urlTemplate\":\"https:\\\/\\\/homeofwool.com\\\/?s={search_term_string}\"},\"query-input\":{\"@type\":\"PropertyValueSpecification\",\"valueRequired\":true,\"valueName\":\"search_term_string\"}}],\"inLanguage\":\"de\"},{\"@type\":\"Organization\",\"@id\":\"https:\\\/\\\/homeofwool.com\\\/#organization\",\"name\":\"Home of Wool\",\"url\":\"https:\\\/\\\/homeofwool.com\\\/\",\"logo\":{\"@type\":\"ImageObject\",\"inLanguage\":\"de\",\"@id\":\"https:\\\/\\\/homeofwool.com\\\/#\\\/schema\\\/logo\\\/image\\\/\",\"url\":\"https:\\\/\\\/homeofwool.com\\\/wp-content\\\/uploads\\\/2025\\\/09\\\/WhatsApp-Image-2025-12-02-at-16.23.20.jpeg\",\"contentUrl\":\"https:\\\/\\\/homeofwool.com\\\/wp-content\\\/uploads\\\/2025\\\/09\\\/WhatsApp-Image-2025-12-02-at-16.23.20.jpeg\",\"width\":700,\"height\":247,\"caption\":\"Home of Wool\"},\"image\":{\"@id\":\"https:\\\/\\\/homeofwool.com\\\/#\\\/schema\\\/logo\\\/image\\\/\"},\"sameAs\":[\"https:\\\/\\\/facebook.com\\\/HomeOfWoolOfficial\"]}]}<\/script>\n<!-- \/ Yoast SEO Premium plugin. -->","yoast_head_json":{"title":"Ballettpantoffeln aus Wolle - Umweltfreundliche Damenpantoffeln | Home of Wool","description":"Die Ballet Slippers sind aus atmungsaktiver Wolle gefertigt und bieten den ganzen Tag lang Weichheit. Sie sind hypoallergen und giftfrei und bieten nachhaltigen, nat\u00fcrlichen Komfort f\u00fcr den Alltag.","robots":{"index":"index","follow":"follow","max-snippet":"max-snippet:-1","max-image-preview":"max-image-preview:large","max-video-preview":"max-video-preview:-1"},"canonical":"https:\/\/homeofwool.com\/de\/shop\/wollballerina-hausschuhe-nina\/","og_locale":"de_DE","og_type":"article","og_title":"Wool Ballet Slippers","og_description":"All-day softness comes with the Ballet Slippers as shoes, made with breathable wool. Hypoallergenic and toxin-free, they deliver sustainable, natural comfort for everyday wear.","og_url":"https:\/\/homeofwool.com\/de\/shop\/wollballerina-hausschuhe-nina\/","og_site_name":"Home of Wool","article_publisher":"https:\/\/facebook.com\/HomeOfWoolOfficial","article_modified_time":"2026-02-09T13:05:33+00:00","og_image":[{"width":1412,"height":1130,"url":"https:\/\/homeofwool.com\/wp-content\/uploads\/2025\/09\/home-of-wool-wool-ballet-slippers-as-shoes-1-main.jpg","type":"image\/jpeg"}],"twitter_card":"summary_large_image","twitter_misc":{"Gesch\u00e4tzte Lesezeit":"1\u00a0Minute"},"schema":{"@context":"https:\/\/schema.org","@graph":[{"@type":"WebPage","@id":"https:\/\/homeofwool.com\/shop\/wool-ballerina-slippers-nina\/","url":"https:\/\/homeofwool.com\/shop\/wool-ballerina-slippers-nina\/","name":"Ballettpantoffeln aus Wolle - Umweltfreundliche Damenpantoffeln | Home of Wool","isPartOf":{"@id":"https:\/\/homeofwool.com\/#website"},"primaryImageOfPage":{"@id":"https:\/\/homeofwool.com\/shop\/wool-ballerina-slippers-nina\/#primaryimage"},"image":{"@id":"https:\/\/homeofwool.com\/shop\/wool-ballerina-slippers-nina\/#primaryimage"},"thumbnailUrl":"https:\/\/homeofwool.com\/wp-content\/uploads\/2025\/09\/home-of-wool-wool-ballet-slippers-as-shoes-1-main.jpg","datePublished":"2025-09-02T12:02:33+00:00","dateModified":"2026-02-09T13:05:33+00:00","description":"Die Ballet Slippers sind aus atmungsaktiver Wolle gefertigt und bieten den ganzen Tag lang Weichheit. Sie sind hypoallergen und giftfrei und bieten nachhaltigen, nat\u00fcrlichen Komfort f\u00fcr den Alltag.","breadcrumb":{"@id":"https:\/\/homeofwool.com\/shop\/wool-ballerina-slippers-nina\/#breadcrumb"},"inLanguage":"de","potentialAction":[{"@type":"ReadAction","target":["https:\/\/homeofwool.com\/shop\/wool-ballerina-slippers-nina\/"]}]},{"@type":"ImageObject","inLanguage":"de","@id":"https:\/\/homeofwool.com\/shop\/wool-ballerina-slippers-nina\/#primaryimage","url":"https:\/\/homeofwool.com\/wp-content\/uploads\/2025\/09\/home-of-wool-wool-ballet-slippers-as-shoes-1-main.jpg","contentUrl":"https:\/\/homeofwool.com\/wp-content\/uploads\/2025\/09\/home-of-wool-wool-ballet-slippers-as-shoes-1-main.jpg","width":1412,"height":1130,"caption":"Wool ballet slippers on a wood bench"},{"@type":"BreadcrumbList","@id":"https:\/\/homeofwool.com\/shop\/wool-ballerina-slippers-nina\/#breadcrumb","itemListElement":[{"@type":"ListItem","position":1,"name":"Home","item":"https:\/\/homeofwool.com\/"},{"@type":"ListItem","position":2,"name":"Products","item":"https:\/\/homeofwool.com\/header-search-2\/"},{"@type":"ListItem","position":3,"name":"Wool Ballet Slippers"}]},{"@type":"WebSite","@id":"https:\/\/homeofwool.com\/#website","url":"https:\/\/homeofwool.com\/","name":"Heimat der Wolle","description":"","publisher":{"@id":"https:\/\/homeofwool.com\/#organization"},"potentialAction":[{"@type":"SearchAction","target":{"@type":"EntryPoint","urlTemplate":"https:\/\/homeofwool.com\/?s={search_term_string}"},"query-input":{"@type":"PropertyValueSpecification","valueRequired":true,"valueName":"search_term_string"}}],"inLanguage":"de"},{"@type":"Organization","@id":"https:\/\/homeofwool.com\/#organization","name":"Heimat der Wolle","url":"https:\/\/homeofwool.com\/","logo":{"@type":"ImageObject","inLanguage":"de","@id":"https:\/\/homeofwool.com\/#\/schema\/logo\/image\/","url":"https:\/\/homeofwool.com\/wp-content\/uploads\/2025\/09\/WhatsApp-Image-2025-12-02-at-16.23.20.jpeg","contentUrl":"https:\/\/homeofwool.com\/wp-content\/uploads\/2025\/09\/WhatsApp-Image-2025-12-02-at-16.23.20.jpeg","width":700,"height":247,"caption":"Home of Wool"},"image":{"@id":"https:\/\/homeofwool.com\/#\/schema\/logo\/image\/"},"sameAs":["https:\/\/facebook.com\/HomeOfWoolOfficial"]}]}},"_links":{"self":[{"href":"https:\/\/homeofwool.com\/de\/wp-json\/wp\/v2\/product\/217770","targetHints":{"allow":["GET"]}}],"collection":[{"href":"https:\/\/homeofwool.com\/de\/wp-json\/wp\/v2\/product"}],"about":[{"href":"https:\/\/homeofwool.com\/de\/wp-json\/wp\/v2\/types\/product"}],"version-history":[{"count":2,"href":"https:\/\/homeofwool.com\/de\/wp-json\/wp\/v2\/product\/217770\/revisions"}],"predecessor-version":[{"id":227497,"href":"https:\/\/homeofwool.com\/de\/wp-json\/wp\/v2\/product\/217770\/revisions\/227497"}],"wp:featuredmedia":[{"embeddable":true,"href":"https:\/\/homeofwool.com\/de\/wp-json\/wp\/v2\/media\/221145"}],"wp:attachment":[{"href":"https:\/\/homeofwool.com\/de\/wp-json\/wp\/v2\/media?parent=217770"}],"wp:term":[{"taxonomy":"product_brand","embeddable":true,"href":"https:\/\/homeofwool.com\/de\/wp-json\/wp\/v2\/product_brand?post=217770"},{"taxonomy":"product_cat","embeddable":true,"href":"https:\/\/homeofwool.com\/de\/wp-json\/wp\/v2\/product_cat?post=217770"},{"taxonomy":"product_tag","embeddable":true,"href":"https:\/\/homeofwool.com\/de\/wp-json\/wp\/v2\/product_tag?post=217770"}],"curies":[{"name":"wp","href":"https:\/\/api.w.org\/{rel}","templated":true}]}}