{"id":217766,"date":"2025-09-02T12:02:33","date_gmt":"2025-09-02T12:02:33","guid":{"rendered":"https:\/\/homeofwool.com\/?post_type=product&#038;p=217766"},"modified":"2026-01-20T11:03:22","modified_gmt":"2026-01-20T11:03:22","slug":"karierte-wolldecke","status":"publish","type":"product","link":"https:\/\/homeofwool.com\/de\/shop\/checkered-wool-blanket\/","title":{"rendered":"Karo-Wolldecke"},"content":{"rendered":"<p>Unsere karierte Wolldecke vereint W\u00e4rme und den rustikalen Charme der Natur. Das taktile Gewebe dieser Decke aus nachhaltiger Wolle f\u00fchlt sich an wie die Gem\u00fctlichkeit einer H\u00fctte auf dem Land.<\/p>\n<p>Sie wird aus chemiefreien Wollfasern hergestellt und bietet Ihnen puren Komfort, ohne dass Sie sich Sorgen machen m\u00fcssen, dass sie Ihre Empfindlichkeiten ausl\u00f6sen k\u00f6nnte. Sie ist von Natur aus hypoallergen und feuerbest\u00e4ndig, so dass keine zus\u00e4tzlichen Chemikalien erforderlich sind.<\/p>\n<p>Ob \u00fcber dem Sofa drapiert oder am Ende des Bettes gefaltet - diese strapazierf\u00e4hige Wolldecke bringt Gem\u00fctlichkeit in jeden Raum. Eine Decke aus Bio-Wolle, die jahrelang im t\u00e4glichen Gebrauch bleibt und dabei sowohl Ihre Haut als auch die Umwelt schont.<\/p>\n<p><strong>GR\u00d6SSE:\u00a0<\/strong>59 x 79\u201d (150 x 200 cm)<br \/>\n<strong>GEWICHT:<\/strong>\u00a03,5 lbs \/ 1,6 kg<\/p>","protected":false},"excerpt":{"rendered":"<p>Genie\u00dfen Sie rustikalen Komfort zu Hause mit dieser karierten Wolldecke. Sie ist aus 100% reiner Wolle gefertigt und sorgt f\u00fcr nat\u00fcrliche W\u00e4rme und Atmungsaktivit\u00e4t, damit Sie es \u00fcberall gem\u00fctlich und entspannt haben.<\/p>\n<div class=\"global-icon-set\">\n<div class=\"global-icon-set__items\">\n<div class=\"global-icon-set__item\">\n<div class=\"global-icon-set__image\">\n                                    <img decoding=\"async\" src=\"https:\/\/homeofwool.com\/wp-content\/uploads\/2025\/09\/VOCs-min-300x300.png\" alt=\"vocs frei\" \/>\n                                <\/div>\n<div class=\"global-icon-set__title\">VOC-frei<\/div>\n<\/p><\/div>\n<div class=\"global-icon-set__item\">\n<div class=\"global-icon-set__image\">\n                                    <img decoding=\"async\" src=\"https:\/\/homeofwool.com\/wp-content\/uploads\/2025\/09\/FR-min-300x300.png\" alt=\"feuerfestes Symbol\" \/>\n                                <\/div>\n<div class=\"global-icon-set__title\">Schwer entflammbar<\/div>\n<\/p><\/div>\n<div class=\"global-icon-set__item\">\n<div class=\"global-icon-set__image\">\n                                    <img decoding=\"async\" src=\"https:\/\/homeofwool.com\/wp-content\/uploads\/2025\/09\/Hypoallergenic-min-300x300.png\" alt=\"hypoallergenes Symbol\" \/>\n                                <\/div>\n<div class=\"global-icon-set__title\">Hypoallergen<\/div>\n<\/p><\/div>\n<div class=\"global-icon-set__item\">\n<div class=\"global-icon-set__image\">\n                                    <img decoding=\"async\" src=\"https:\/\/homeofwool.com\/wp-content\/uploads\/2025\/09\/free-of-synthetics-icon-300x300.png\" alt=\"frei von synthetischen Stoffen Symbol\" \/>\n                                <\/div>\n<div class=\"global-icon-set__title\">Frei von synthetischen Stoffen<\/div>\n<\/p><\/div>\n<div class=\"global-icon-set__item\">\n<div class=\"global-icon-set__image\">\n                                    <img decoding=\"async\" src=\"https:\/\/homeofwool.com\/wp-content\/uploads\/2025\/09\/chemical-free-icon-300x300.png\" alt=\"Symbol f\u00fcr Chemikalienfreiheit\" \/>\n                                <\/div>\n<div class=\"global-icon-set__title\">Chemikalienfrei<\/div>\n<\/p><\/div>\n<div class=\"global-icon-set__item\">\n<div class=\"global-icon-set__image\">\n                                    <img decoding=\"async\" src=\"https:\/\/homeofwool.com\/wp-content\/uploads\/2025\/09\/anti-bacterial-icon-300x300.png\" alt=\"antibakterielles Symbol\" \/>\n                                <\/div>\n<div class=\"global-icon-set__title\">Anti-mikrobiell &amp; Anti-bakteriell<\/div>\n<\/p><\/div>\n<div class=\"global-icon-set__item\">\n<div class=\"global-icon-set__image\">\n                                    <img decoding=\"async\" src=\"https:\/\/homeofwool.com\/wp-content\/uploads\/2025\/09\/certified-materials-icon-300x300.png\" alt=\"Symbol f\u00fcr zertifizierte Materialien\" \/>\n                                <\/div>\n<div class=\"global-icon-set__title\">100% Reine zertifizierte Materialien<\/div>\n<\/p><\/div>\n<\/p><\/div>\n<\/p><\/div>","protected":false},"featured_media":221171,"template":"","meta":{"_acf_changed":false},"product_brand":[],"product_cat":[316,557,60],"product_tag":[61,62,63,64,65,66,67,68,69,70,71],"class_list":{"0":"post-217766","1":"product","2":"type-product","3":"status-publish","4":"has-post-thumbnail","6":"product_cat-mothers-day","7":"product_cat-new","8":"product_cat-blankets-duvets","9":"product_tag-all-natural-wool-blankets","10":"product_tag-chemical-free-wool-blanket","11":"product_tag-handmade-blanket","12":"product_tag-heavyweight-wool-blanket","13":"product_tag-large-wool-blanket","14":"product_tag-organic-wool-blanket","15":"product_tag-pure-wool-blanket","16":"product_tag-throws-for-beds","17":"product_tag-travel-blanket","18":"product_tag-washable-wool-blanket","19":"product_tag-wool-blanket-camping","21":"first","22":"instock","23":"shipping-taxable","24":"purchasable","25":"product-type-variable"},"acf":[],"yoast_head":"<!-- This site is optimized with the Yoast SEO Premium plugin v27.3 (Yoast SEO v27.3) - https:\/\/yoast.com\/product\/yoast-seo-premium-wordpress\/ -->\n<title>Checkered Blanket \u2013 Pure, Cozy &amp; Durable | Home of Wool<\/title>\n<meta name=\"description\" content=\"Durable and cozy, the Checkered Blanket is made with breathable wool. Hypoallergenic and toxin-free, it delivers sustainable comfort and timeless natural style in every layer.\" \/>\n<meta name=\"robots\" content=\"index, follow, max-snippet:-1, max-image-preview:large, max-video-preview:-1\" \/>\n<link rel=\"canonical\" href=\"https:\/\/homeofwool.com\/de\/shop\/karierte-wolldecke\/\" \/>\n<meta property=\"og:locale\" content=\"de_DE\" \/>\n<meta property=\"og:type\" content=\"article\" \/>\n<meta property=\"og:title\" content=\"Checkered Wool Blanket\" \/>\n<meta property=\"og:description\" content=\"Durable and cozy, the Checkered Blanket is made with breathable wool. Hypoallergenic and toxin-free, it delivers sustainable comfort and timeless natural style in every layer.\" \/>\n<meta property=\"og:url\" content=\"https:\/\/homeofwool.com\/de\/shop\/karierte-wolldecke\/\" \/>\n<meta property=\"og:site_name\" content=\"Home of Wool\" \/>\n<meta property=\"article:publisher\" content=\"https:\/\/facebook.com\/HomeOfWoolOfficial\" \/>\n<meta property=\"article:modified_time\" content=\"2026-01-20T11:03:22+00:00\" \/>\n<meta property=\"og:image\" content=\"https:\/\/homeofwool.com\/wp-content\/uploads\/2025\/09\/home-of-wool-checkered-wool-blanket-1-main.jpg\" \/>\n\t<meta property=\"og:image:width\" content=\"1900\" \/>\n\t<meta property=\"og:image:height\" content=\"1520\" \/>\n\t<meta property=\"og:image:type\" content=\"image\/jpeg\" \/>\n<meta name=\"twitter:card\" content=\"summary_large_image\" \/>\n<meta name=\"twitter:label1\" content=\"Gesch\u00e4tzte Lesezeit\" \/>\n\t<meta name=\"twitter:data1\" content=\"1\u00a0Minute\" \/>\n<script type=\"application\/ld+json\" class=\"yoast-schema-graph\">{\"@context\":\"https:\\\/\\\/schema.org\",\"@graph\":[{\"@type\":\"WebPage\",\"@id\":\"https:\\\/\\\/homeofwool.com\\\/es\\\/tienda\\\/manta-de-lana-a-cuadros\\\/\",\"url\":\"https:\\\/\\\/homeofwool.com\\\/es\\\/tienda\\\/manta-de-lana-a-cuadros\\\/\",\"name\":\"Checkered Blanket \u2013 Pure, Cozy & Durable | Home of Wool\",\"isPartOf\":{\"@id\":\"https:\\\/\\\/homeofwool.com\\\/#website\"},\"primaryImageOfPage\":{\"@id\":\"https:\\\/\\\/homeofwool.com\\\/es\\\/tienda\\\/manta-de-lana-a-cuadros\\\/#primaryimage\"},\"image\":{\"@id\":\"https:\\\/\\\/homeofwool.com\\\/es\\\/tienda\\\/manta-de-lana-a-cuadros\\\/#primaryimage\"},\"thumbnailUrl\":\"https:\\\/\\\/homeofwool.com\\\/wp-content\\\/uploads\\\/2025\\\/09\\\/home-of-wool-checkered-wool-blanket-1-main.jpg\",\"datePublished\":\"2025-09-02T12:02:33+00:00\",\"dateModified\":\"2026-01-20T11:03:22+00:00\",\"description\":\"Durable and cozy, the Checkered Blanket is made with breathable wool. Hypoallergenic and toxin-free, it delivers sustainable comfort and timeless natural style in every layer.\",\"breadcrumb\":{\"@id\":\"https:\\\/\\\/homeofwool.com\\\/es\\\/tienda\\\/manta-de-lana-a-cuadros\\\/#breadcrumb\"},\"inLanguage\":\"de\",\"potentialAction\":[{\"@type\":\"ReadAction\",\"target\":[\"https:\\\/\\\/homeofwool.com\\\/es\\\/tienda\\\/manta-de-lana-a-cuadros\\\/\"]}]},{\"@type\":\"ImageObject\",\"inLanguage\":\"de\",\"@id\":\"https:\\\/\\\/homeofwool.com\\\/es\\\/tienda\\\/manta-de-lana-a-cuadros\\\/#primaryimage\",\"url\":\"https:\\\/\\\/homeofwool.com\\\/wp-content\\\/uploads\\\/2025\\\/09\\\/home-of-wool-checkered-wool-blanket-1-main.jpg\",\"contentUrl\":\"https:\\\/\\\/homeofwool.com\\\/wp-content\\\/uploads\\\/2025\\\/09\\\/home-of-wool-checkered-wool-blanket-1-main.jpg\",\"width\":1900,\"height\":1520,\"caption\":\"wool checkered blanket close up showing product tag\"},{\"@type\":\"BreadcrumbList\",\"@id\":\"https:\\\/\\\/homeofwool.com\\\/es\\\/tienda\\\/manta-de-lana-a-cuadros\\\/#breadcrumb\",\"itemListElement\":[{\"@type\":\"ListItem\",\"position\":1,\"name\":\"Home\",\"item\":\"https:\\\/\\\/homeofwool.com\\\/\"},{\"@type\":\"ListItem\",\"position\":2,\"name\":\"Products\",\"item\":\"https:\\\/\\\/homeofwool.com\\\/header-search-2\\\/\"},{\"@type\":\"ListItem\",\"position\":3,\"name\":\"Checkered Wool Blanket\"}]},{\"@type\":\"WebSite\",\"@id\":\"https:\\\/\\\/homeofwool.com\\\/#website\",\"url\":\"https:\\\/\\\/homeofwool.com\\\/\",\"name\":\"Home of Wool\",\"description\":\"\",\"publisher\":{\"@id\":\"https:\\\/\\\/homeofwool.com\\\/#organization\"},\"potentialAction\":[{\"@type\":\"SearchAction\",\"target\":{\"@type\":\"EntryPoint\",\"urlTemplate\":\"https:\\\/\\\/homeofwool.com\\\/?s={search_term_string}\"},\"query-input\":{\"@type\":\"PropertyValueSpecification\",\"valueRequired\":true,\"valueName\":\"search_term_string\"}}],\"inLanguage\":\"de\"},{\"@type\":\"Organization\",\"@id\":\"https:\\\/\\\/homeofwool.com\\\/#organization\",\"name\":\"Home of Wool\",\"url\":\"https:\\\/\\\/homeofwool.com\\\/\",\"logo\":{\"@type\":\"ImageObject\",\"inLanguage\":\"de\",\"@id\":\"https:\\\/\\\/homeofwool.com\\\/#\\\/schema\\\/logo\\\/image\\\/\",\"url\":\"https:\\\/\\\/homeofwool.com\\\/wp-content\\\/uploads\\\/2025\\\/09\\\/WhatsApp-Image-2025-12-02-at-16.23.20.jpeg\",\"contentUrl\":\"https:\\\/\\\/homeofwool.com\\\/wp-content\\\/uploads\\\/2025\\\/09\\\/WhatsApp-Image-2025-12-02-at-16.23.20.jpeg\",\"width\":700,\"height\":247,\"caption\":\"Home of Wool\"},\"image\":{\"@id\":\"https:\\\/\\\/homeofwool.com\\\/#\\\/schema\\\/logo\\\/image\\\/\"},\"sameAs\":[\"https:\\\/\\\/facebook.com\\\/HomeOfWoolOfficial\"]}]}<\/script>\n<!-- \/ Yoast SEO Premium plugin. -->","yoast_head_json":{"title":"Karo-Decke - rein, kuschelig &amp; langlebig | Home of Wool","description":"Die strapazierf\u00e4hige und kuschelige Decke Checkered Blanket ist aus atmungsaktiver Wolle gefertigt. Sie ist hypoallergen und schadstofffrei und bietet nachhaltigen Komfort und zeitlosen, nat\u00fcrlichen Stil in jeder Schicht.","robots":{"index":"index","follow":"follow","max-snippet":"max-snippet:-1","max-image-preview":"max-image-preview:large","max-video-preview":"max-video-preview:-1"},"canonical":"https:\/\/homeofwool.com\/de\/shop\/karierte-wolldecke\/","og_locale":"de_DE","og_type":"article","og_title":"Checkered Wool Blanket","og_description":"Durable and cozy, the Checkered Blanket is made with breathable wool. Hypoallergenic and toxin-free, it delivers sustainable comfort and timeless natural style in every layer.","og_url":"https:\/\/homeofwool.com\/de\/shop\/karierte-wolldecke\/","og_site_name":"Home of Wool","article_publisher":"https:\/\/facebook.com\/HomeOfWoolOfficial","article_modified_time":"2026-01-20T11:03:22+00:00","og_image":[{"width":1900,"height":1520,"url":"https:\/\/homeofwool.com\/wp-content\/uploads\/2025\/09\/home-of-wool-checkered-wool-blanket-1-main.jpg","type":"image\/jpeg"}],"twitter_card":"summary_large_image","twitter_misc":{"Gesch\u00e4tzte Lesezeit":"1\u00a0Minute"},"schema":{"@context":"https:\/\/schema.org","@graph":[{"@type":"WebPage","@id":"https:\/\/homeofwool.com\/es\/tienda\/manta-de-lana-a-cuadros\/","url":"https:\/\/homeofwool.com\/es\/tienda\/manta-de-lana-a-cuadros\/","name":"Karo-Decke - rein, kuschelig &amp; langlebig | Home of Wool","isPartOf":{"@id":"https:\/\/homeofwool.com\/#website"},"primaryImageOfPage":{"@id":"https:\/\/homeofwool.com\/es\/tienda\/manta-de-lana-a-cuadros\/#primaryimage"},"image":{"@id":"https:\/\/homeofwool.com\/es\/tienda\/manta-de-lana-a-cuadros\/#primaryimage"},"thumbnailUrl":"https:\/\/homeofwool.com\/wp-content\/uploads\/2025\/09\/home-of-wool-checkered-wool-blanket-1-main.jpg","datePublished":"2025-09-02T12:02:33+00:00","dateModified":"2026-01-20T11:03:22+00:00","description":"Die strapazierf\u00e4hige und kuschelige Decke Checkered Blanket ist aus atmungsaktiver Wolle gefertigt. Sie ist hypoallergen und schadstofffrei und bietet nachhaltigen Komfort und zeitlosen, nat\u00fcrlichen Stil in jeder Schicht.","breadcrumb":{"@id":"https:\/\/homeofwool.com\/es\/tienda\/manta-de-lana-a-cuadros\/#breadcrumb"},"inLanguage":"de","potentialAction":[{"@type":"ReadAction","target":["https:\/\/homeofwool.com\/es\/tienda\/manta-de-lana-a-cuadros\/"]}]},{"@type":"ImageObject","inLanguage":"de","@id":"https:\/\/homeofwool.com\/es\/tienda\/manta-de-lana-a-cuadros\/#primaryimage","url":"https:\/\/homeofwool.com\/wp-content\/uploads\/2025\/09\/home-of-wool-checkered-wool-blanket-1-main.jpg","contentUrl":"https:\/\/homeofwool.com\/wp-content\/uploads\/2025\/09\/home-of-wool-checkered-wool-blanket-1-main.jpg","width":1900,"height":1520,"caption":"wool checkered blanket close up showing product tag"},{"@type":"BreadcrumbList","@id":"https:\/\/homeofwool.com\/es\/tienda\/manta-de-lana-a-cuadros\/#breadcrumb","itemListElement":[{"@type":"ListItem","position":1,"name":"Home","item":"https:\/\/homeofwool.com\/"},{"@type":"ListItem","position":2,"name":"Products","item":"https:\/\/homeofwool.com\/header-search-2\/"},{"@type":"ListItem","position":3,"name":"Checkered Wool Blanket"}]},{"@type":"WebSite","@id":"https:\/\/homeofwool.com\/#website","url":"https:\/\/homeofwool.com\/","name":"Heimat der Wolle","description":"","publisher":{"@id":"https:\/\/homeofwool.com\/#organization"},"potentialAction":[{"@type":"SearchAction","target":{"@type":"EntryPoint","urlTemplate":"https:\/\/homeofwool.com\/?s={search_term_string}"},"query-input":{"@type":"PropertyValueSpecification","valueRequired":true,"valueName":"search_term_string"}}],"inLanguage":"de"},{"@type":"Organization","@id":"https:\/\/homeofwool.com\/#organization","name":"Heimat der Wolle","url":"https:\/\/homeofwool.com\/","logo":{"@type":"ImageObject","inLanguage":"de","@id":"https:\/\/homeofwool.com\/#\/schema\/logo\/image\/","url":"https:\/\/homeofwool.com\/wp-content\/uploads\/2025\/09\/WhatsApp-Image-2025-12-02-at-16.23.20.jpeg","contentUrl":"https:\/\/homeofwool.com\/wp-content\/uploads\/2025\/09\/WhatsApp-Image-2025-12-02-at-16.23.20.jpeg","width":700,"height":247,"caption":"Home of Wool"},"image":{"@id":"https:\/\/homeofwool.com\/#\/schema\/logo\/image\/"},"sameAs":["https:\/\/facebook.com\/HomeOfWoolOfficial"]}]}},"_links":{"self":[{"href":"https:\/\/homeofwool.com\/de\/wp-json\/wp\/v2\/product\/217766","targetHints":{"allow":["GET"]}}],"collection":[{"href":"https:\/\/homeofwool.com\/de\/wp-json\/wp\/v2\/product"}],"about":[{"href":"https:\/\/homeofwool.com\/de\/wp-json\/wp\/v2\/types\/product"}],"version-history":[{"count":1,"href":"https:\/\/homeofwool.com\/de\/wp-json\/wp\/v2\/product\/217766\/revisions"}],"predecessor-version":[{"id":227346,"href":"https:\/\/homeofwool.com\/de\/wp-json\/wp\/v2\/product\/217766\/revisions\/227346"}],"wp:featuredmedia":[{"embeddable":true,"href":"https:\/\/homeofwool.com\/de\/wp-json\/wp\/v2\/media\/221171"}],"wp:attachment":[{"href":"https:\/\/homeofwool.com\/de\/wp-json\/wp\/v2\/media?parent=217766"}],"wp:term":[{"taxonomy":"product_brand","embeddable":true,"href":"https:\/\/homeofwool.com\/de\/wp-json\/wp\/v2\/product_brand?post=217766"},{"taxonomy":"product_cat","embeddable":true,"href":"https:\/\/homeofwool.com\/de\/wp-json\/wp\/v2\/product_cat?post=217766"},{"taxonomy":"product_tag","embeddable":true,"href":"https:\/\/homeofwool.com\/de\/wp-json\/wp\/v2\/product_tag?post=217766"}],"curies":[{"name":"wp","href":"https:\/\/api.w.org\/{rel}","templated":true}]}}