{"id":217759,"date":"2025-09-02T12:02:32","date_gmt":"2025-09-02T12:02:32","guid":{"rendered":"https:\/\/homeofwool.com\/?post_type=product&#038;p=217759"},"modified":"2026-02-10T15:22:10","modified_gmt":"2026-02-10T15:22:10","slug":"bettwaschegarnitur","status":"publish","type":"product","link":"https:\/\/homeofwool.com\/de\/shop\/bedding-set\/","title":{"rendered":"Bettw\u00e4scheset"},"content":{"rendered":"<p>Dieses Bettw\u00e4scheset ist Teil unserer Premium-Bettwarenkollektion f\u00fcr alle, die nat\u00fcrlichen Luxus Tag und Nacht sch\u00e4tzen. Jedes Set enth\u00e4lt ein flaches Laken, einen Bettbezug und Kissenbez\u00fcge, die sorgf\u00e4ltig hergestellt wurden, um Frische, Sch\u00f6nheit und au\u00dfergew\u00f6hnlichen Komfort in Ihren Schlaf zu bringen.<\/p>\n<p>Jede Stoffoption bietet etwas anderes. Es kommt darauf an, was sich f\u00fcr Sie am bequemsten anf\u00fchlt.<\/p>\n<p>Reine Seide ist luxuri\u00f6s weich und reich an Aminos\u00e4uren, die die Haut mit Feuchtigkeit versorgen, feine F\u00e4ltchen reduzieren und ihre jugendliche Ausstrahlung bewahren.<\/p>\n<p>Reines Leinen eignet sich perfekt f\u00fcr hei\u00dfe Sommern\u00e4chte, denn es bleibt k\u00fchl, transportiert Feuchtigkeit ab und atmet m\u00fchelos f\u00fcr einen frischen, erholsamen Schlaf.<\/p>\n<p>Reine Wolle ist von Natur aus so strukturiert, dass sie die Durchblutung sanft anregt, die Kollagenproduktion unterst\u00fctzt und die Haut revitalisiert, w\u00e4hrend sie gleichzeitig das ganze Jahr \u00fcber kuschelig warm h\u00e4lt.<\/p>\n<p>Unser vielseitiges Baumwoll-Leinen-Gemisch bietet die Strapazierf\u00e4higkeit von Leinen und die Weichheit von Baumwolle und schafft so den Spagat zwischen Alltagstauglichkeit und nat\u00fcrlichem Charme.<\/p>\n<p>Das Bettw\u00e4scheset ist vollst\u00e4ndig anpassbar, bis hin zu den letzten Details. Sie k\u00f6nnen auch eine Stickerei hinzuf\u00fcgen, um eine Hochzeit, ein Jubil\u00e4um oder einen anderen bedeutenden Anlass zu markieren. Das perfekte Geschenk f\u00fcr jeden lieben Anlass. Mit seinem zeitlosen Design und der Verwendung reiner Materialien ist es ein St\u00fcck nat\u00fcrlicher Luxus, an dem man sich jahrelang erfreuen kann.<\/p>","protected":false},"excerpt":{"rendered":"<p>Umgeben Sie sich mit dem nat\u00fcrlichen Luxus unseres Bettw\u00e4schesets. Hergestellt aus den reinsten Bio-Stoffen f\u00fcr au\u00dfergew\u00f6hnlichen Komfort, nachhaltigen Luxus und tief erholsamen Schlaf. Ein zeitloses Design, gepaart mit durchdachter Individualisierung, macht diese Premium-Bettw\u00e4schekollektion zu einer wundersch\u00f6nen Erg\u00e4nzung f\u00fcr jedes Zuhause. Und ein perfektes Geschenk.<\/p>","protected":false},"featured_media":219268,"template":"","meta":{"_acf_changed":false},"product_brand":[],"product_cat":[248,557,247,406],"product_tag":[818,819,820,821,250,822,823,824,825,826,827,767,828,829,149,830,831,832,833,834,835,836,837],"class_list":{"0":"post-217759","1":"product","2":"type-product","3":"status-publish","4":"has-post-thumbnail","6":"product_cat-bundles","7":"product_cat-new","8":"product_cat-offers","9":"product_cat-protectors-covers-sheets","10":"product_tag-all-natural-bedding","11":"product_tag-bed-linen","12":"product_tag-bedding-collection","13":"product_tag-bedding-set","14":"product_tag-bedding-sets","15":"product_tag-cozy-bedding","16":"product_tag-eco-friendly-bedding","17":"product_tag-home-of-wool","18":"product_tag-hypoallergenic-bedding","19":"product_tag-luxury-bedding","20":"product_tag-natural-fiber-bedding","21":"product_tag-organic-bedding","22":"product_tag-premium-bedding","23":"product_tag-soft-wool-bedding","24":"product_tag-steps","25":"product_tag-sustainable-bedding","26":"product_tag-temperature-regulating-bedding","27":"product_tag-wool-bed-set","28":"product_tag-wool-bedding","29":"product_tag-wool-comforter-set","30":"product_tag-wool-duvet-set","31":"product_tag-wool-mattress-cover","32":"product_tag-wool-pillows","34":"first","35":"instock","36":"shipping-taxable","37":"purchasable","38":"product-type-simple"},"acf":[],"yoast_head":"<!-- This site is optimized with the Yoast SEO Premium plugin v27.4 (Yoast SEO v27.4) - https:\/\/yoast.com\/product\/yoast-seo-premium-wordpress\/ -->\n<title>Bedding Set \u2013 Natural Luxury, Organic Bedding | Home of Wool<\/title>\n<meta name=\"description\" content=\"Luxurious, sustainable, and customizable, this premium bedding set offers organic comfort for restful sleep. Timeless design, natural fabrics, and thoughtful details make it perfect for home or gifting.\" \/>\n<meta name=\"robots\" content=\"index, follow, max-snippet:-1, max-image-preview:large, max-video-preview:-1\" \/>\n<link rel=\"canonical\" href=\"https:\/\/homeofwool.com\/de\/shop\/bettwaschegarnitur\/\" \/>\n<meta property=\"og:locale\" content=\"de_DE\" \/>\n<meta property=\"og:type\" content=\"article\" \/>\n<meta property=\"og:title\" content=\"Bedding Set\" \/>\n<meta property=\"og:description\" content=\"Luxurious, sustainable, and customizable, this premium bedding set offers organic comfort for restful sleep. Timeless design, natural fabrics, and thoughtful details make it perfect for home or gifting.\" \/>\n<meta property=\"og:url\" content=\"https:\/\/homeofwool.com\/de\/shop\/bettwaschegarnitur\/\" \/>\n<meta property=\"og:site_name\" content=\"Home of Wool\" \/>\n<meta property=\"article:publisher\" content=\"https:\/\/facebook.com\/HomeOfWoolOfficial\" \/>\n<meta property=\"article:modified_time\" content=\"2026-02-10T15:22:10+00:00\" \/>\n<meta property=\"og:image\" content=\"https:\/\/homeofwool.com\/wp-content\/uploads\/2025\/09\/home-of-wool-bedding-set-1-main.jpg\" \/>\n\t<meta property=\"og:image:width\" content=\"2000\" \/>\n\t<meta property=\"og:image:height\" content=\"1600\" \/>\n\t<meta property=\"og:image:type\" content=\"image\/jpeg\" \/>\n<meta name=\"twitter:card\" content=\"summary_large_image\" \/>\n<meta name=\"twitter:label1\" content=\"Gesch\u00e4tzte Lesezeit\" \/>\n\t<meta name=\"twitter:data1\" content=\"2\u00a0Minuten\" \/>\n<script type=\"application\/ld+json\" class=\"yoast-schema-graph\">{\"@context\":\"https:\\\/\\\/schema.org\",\"@graph\":[{\"@type\":\"WebPage\",\"@id\":\"https:\\\/\\\/homeofwool.com\\\/shop\\\/bedding-set\\\/\",\"url\":\"https:\\\/\\\/homeofwool.com\\\/shop\\\/bedding-set\\\/\",\"name\":\"Bedding Set \u2013 Natural Luxury, Organic Bedding | Home of Wool\",\"isPartOf\":{\"@id\":\"https:\\\/\\\/homeofwool.com\\\/#website\"},\"primaryImageOfPage\":{\"@id\":\"https:\\\/\\\/homeofwool.com\\\/shop\\\/bedding-set\\\/#primaryimage\"},\"image\":{\"@id\":\"https:\\\/\\\/homeofwool.com\\\/shop\\\/bedding-set\\\/#primaryimage\"},\"thumbnailUrl\":\"https:\\\/\\\/homeofwool.com\\\/wp-content\\\/uploads\\\/2025\\\/09\\\/home-of-wool-bedding-set-1-main.jpg\",\"datePublished\":\"2025-09-02T12:02:32+00:00\",\"dateModified\":\"2026-02-10T15:22:10+00:00\",\"description\":\"Luxurious, sustainable, and customizable, this premium bedding set offers organic comfort for restful sleep. Timeless design, natural fabrics, and thoughtful details make it perfect for home or gifting.\",\"breadcrumb\":{\"@id\":\"https:\\\/\\\/homeofwool.com\\\/shop\\\/bedding-set\\\/#breadcrumb\"},\"inLanguage\":\"de\",\"potentialAction\":[{\"@type\":\"ReadAction\",\"target\":[\"https:\\\/\\\/homeofwool.com\\\/shop\\\/bedding-set\\\/\"]}]},{\"@type\":\"ImageObject\",\"inLanguage\":\"de\",\"@id\":\"https:\\\/\\\/homeofwool.com\\\/shop\\\/bedding-set\\\/#primaryimage\",\"url\":\"https:\\\/\\\/homeofwool.com\\\/wp-content\\\/uploads\\\/2025\\\/09\\\/home-of-wool-bedding-set-1-main.jpg\",\"contentUrl\":\"https:\\\/\\\/homeofwool.com\\\/wp-content\\\/uploads\\\/2025\\\/09\\\/home-of-wool-bedding-set-1-main.jpg\",\"width\":2000,\"height\":1600,\"caption\":\"home of wool premium bedding set\"},{\"@type\":\"BreadcrumbList\",\"@id\":\"https:\\\/\\\/homeofwool.com\\\/shop\\\/bedding-set\\\/#breadcrumb\",\"itemListElement\":[{\"@type\":\"ListItem\",\"position\":1,\"name\":\"Home\",\"item\":\"https:\\\/\\\/homeofwool.com\\\/\"},{\"@type\":\"ListItem\",\"position\":2,\"name\":\"Products\",\"item\":\"https:\\\/\\\/homeofwool.com\\\/header-search-2\\\/\"},{\"@type\":\"ListItem\",\"position\":3,\"name\":\"Bedding Set\"}]},{\"@type\":\"WebSite\",\"@id\":\"https:\\\/\\\/homeofwool.com\\\/#website\",\"url\":\"https:\\\/\\\/homeofwool.com\\\/\",\"name\":\"Home of Wool\",\"description\":\"\",\"publisher\":{\"@id\":\"https:\\\/\\\/homeofwool.com\\\/#organization\"},\"potentialAction\":[{\"@type\":\"SearchAction\",\"target\":{\"@type\":\"EntryPoint\",\"urlTemplate\":\"https:\\\/\\\/homeofwool.com\\\/?s={search_term_string}\"},\"query-input\":{\"@type\":\"PropertyValueSpecification\",\"valueRequired\":true,\"valueName\":\"search_term_string\"}}],\"inLanguage\":\"de\"},{\"@type\":\"Organization\",\"@id\":\"https:\\\/\\\/homeofwool.com\\\/#organization\",\"name\":\"Home of Wool\",\"url\":\"https:\\\/\\\/homeofwool.com\\\/\",\"logo\":{\"@type\":\"ImageObject\",\"inLanguage\":\"de\",\"@id\":\"https:\\\/\\\/homeofwool.com\\\/#\\\/schema\\\/logo\\\/image\\\/\",\"url\":\"https:\\\/\\\/homeofwool.com\\\/wp-content\\\/uploads\\\/2025\\\/09\\\/WhatsApp-Image-2025-12-02-at-16.23.20.jpeg\",\"contentUrl\":\"https:\\\/\\\/homeofwool.com\\\/wp-content\\\/uploads\\\/2025\\\/09\\\/WhatsApp-Image-2025-12-02-at-16.23.20.jpeg\",\"width\":700,\"height\":247,\"caption\":\"Home of Wool\"},\"image\":{\"@id\":\"https:\\\/\\\/homeofwool.com\\\/#\\\/schema\\\/logo\\\/image\\\/\"},\"sameAs\":[\"https:\\\/\\\/facebook.com\\\/HomeOfWoolOfficial\"]}]}<\/script>\n<!-- \/ Yoast SEO Premium plugin. -->","yoast_head_json":{"title":"Bettw\u00e4scheset - Nat\u00fcrlicher Luxus, Bio-Bettw\u00e4sche | Home of Wool","description":"Diese luxuri\u00f6se, nachhaltige und individuell anpassbare Premium-Bettw\u00e4sche bietet organischen Komfort f\u00fcr einen erholsamen Schlaf. Zeitloses Design, nat\u00fcrliche Stoffe und durchdachte Details machen sie perfekt f\u00fcr Ihr Zuhause oder zum Verschenken.","robots":{"index":"index","follow":"follow","max-snippet":"max-snippet:-1","max-image-preview":"max-image-preview:large","max-video-preview":"max-video-preview:-1"},"canonical":"https:\/\/homeofwool.com\/de\/shop\/bettwaschegarnitur\/","og_locale":"de_DE","og_type":"article","og_title":"Bedding Set","og_description":"Luxurious, sustainable, and customizable, this premium bedding set offers organic comfort for restful sleep. Timeless design, natural fabrics, and thoughtful details make it perfect for home or gifting.","og_url":"https:\/\/homeofwool.com\/de\/shop\/bettwaschegarnitur\/","og_site_name":"Home of Wool","article_publisher":"https:\/\/facebook.com\/HomeOfWoolOfficial","article_modified_time":"2026-02-10T15:22:10+00:00","og_image":[{"width":2000,"height":1600,"url":"https:\/\/homeofwool.com\/wp-content\/uploads\/2025\/09\/home-of-wool-bedding-set-1-main.jpg","type":"image\/jpeg"}],"twitter_card":"summary_large_image","twitter_misc":{"Gesch\u00e4tzte Lesezeit":"2\u00a0Minuten"},"schema":{"@context":"https:\/\/schema.org","@graph":[{"@type":"WebPage","@id":"https:\/\/homeofwool.com\/shop\/bedding-set\/","url":"https:\/\/homeofwool.com\/shop\/bedding-set\/","name":"Bettw\u00e4scheset - Nat\u00fcrlicher Luxus, Bio-Bettw\u00e4sche | Home of Wool","isPartOf":{"@id":"https:\/\/homeofwool.com\/#website"},"primaryImageOfPage":{"@id":"https:\/\/homeofwool.com\/shop\/bedding-set\/#primaryimage"},"image":{"@id":"https:\/\/homeofwool.com\/shop\/bedding-set\/#primaryimage"},"thumbnailUrl":"https:\/\/homeofwool.com\/wp-content\/uploads\/2025\/09\/home-of-wool-bedding-set-1-main.jpg","datePublished":"2025-09-02T12:02:32+00:00","dateModified":"2026-02-10T15:22:10+00:00","description":"Diese luxuri\u00f6se, nachhaltige und individuell anpassbare Premium-Bettw\u00e4sche bietet organischen Komfort f\u00fcr einen erholsamen Schlaf. Zeitloses Design, nat\u00fcrliche Stoffe und durchdachte Details machen sie perfekt f\u00fcr Ihr Zuhause oder zum Verschenken.","breadcrumb":{"@id":"https:\/\/homeofwool.com\/shop\/bedding-set\/#breadcrumb"},"inLanguage":"de","potentialAction":[{"@type":"ReadAction","target":["https:\/\/homeofwool.com\/shop\/bedding-set\/"]}]},{"@type":"ImageObject","inLanguage":"de","@id":"https:\/\/homeofwool.com\/shop\/bedding-set\/#primaryimage","url":"https:\/\/homeofwool.com\/wp-content\/uploads\/2025\/09\/home-of-wool-bedding-set-1-main.jpg","contentUrl":"https:\/\/homeofwool.com\/wp-content\/uploads\/2025\/09\/home-of-wool-bedding-set-1-main.jpg","width":2000,"height":1600,"caption":"home of wool premium bedding set"},{"@type":"BreadcrumbList","@id":"https:\/\/homeofwool.com\/shop\/bedding-set\/#breadcrumb","itemListElement":[{"@type":"ListItem","position":1,"name":"Home","item":"https:\/\/homeofwool.com\/"},{"@type":"ListItem","position":2,"name":"Products","item":"https:\/\/homeofwool.com\/header-search-2\/"},{"@type":"ListItem","position":3,"name":"Bedding Set"}]},{"@type":"WebSite","@id":"https:\/\/homeofwool.com\/#website","url":"https:\/\/homeofwool.com\/","name":"Heimat der Wolle","description":"","publisher":{"@id":"https:\/\/homeofwool.com\/#organization"},"potentialAction":[{"@type":"SearchAction","target":{"@type":"EntryPoint","urlTemplate":"https:\/\/homeofwool.com\/?s={search_term_string}"},"query-input":{"@type":"PropertyValueSpecification","valueRequired":true,"valueName":"search_term_string"}}],"inLanguage":"de"},{"@type":"Organization","@id":"https:\/\/homeofwool.com\/#organization","name":"Heimat der Wolle","url":"https:\/\/homeofwool.com\/","logo":{"@type":"ImageObject","inLanguage":"de","@id":"https:\/\/homeofwool.com\/#\/schema\/logo\/image\/","url":"https:\/\/homeofwool.com\/wp-content\/uploads\/2025\/09\/WhatsApp-Image-2025-12-02-at-16.23.20.jpeg","contentUrl":"https:\/\/homeofwool.com\/wp-content\/uploads\/2025\/09\/WhatsApp-Image-2025-12-02-at-16.23.20.jpeg","width":700,"height":247,"caption":"Home of Wool"},"image":{"@id":"https:\/\/homeofwool.com\/#\/schema\/logo\/image\/"},"sameAs":["https:\/\/facebook.com\/HomeOfWoolOfficial"]}]}},"_links":{"self":[{"href":"https:\/\/homeofwool.com\/de\/wp-json\/wp\/v2\/product\/217759","targetHints":{"allow":["GET"]}}],"collection":[{"href":"https:\/\/homeofwool.com\/de\/wp-json\/wp\/v2\/product"}],"about":[{"href":"https:\/\/homeofwool.com\/de\/wp-json\/wp\/v2\/types\/product"}],"version-history":[{"count":1,"href":"https:\/\/homeofwool.com\/de\/wp-json\/wp\/v2\/product\/217759\/revisions"}],"predecessor-version":[{"id":226654,"href":"https:\/\/homeofwool.com\/de\/wp-json\/wp\/v2\/product\/217759\/revisions\/226654"}],"wp:featuredmedia":[{"embeddable":true,"href":"https:\/\/homeofwool.com\/de\/wp-json\/wp\/v2\/media\/219268"}],"wp:attachment":[{"href":"https:\/\/homeofwool.com\/de\/wp-json\/wp\/v2\/media?parent=217759"}],"wp:term":[{"taxonomy":"product_brand","embeddable":true,"href":"https:\/\/homeofwool.com\/de\/wp-json\/wp\/v2\/product_brand?post=217759"},{"taxonomy":"product_cat","embeddable":true,"href":"https:\/\/homeofwool.com\/de\/wp-json\/wp\/v2\/product_cat?post=217759"},{"taxonomy":"product_tag","embeddable":true,"href":"https:\/\/homeofwool.com\/de\/wp-json\/wp\/v2\/product_tag?post=217759"}],"curies":[{"name":"wp","href":"https:\/\/api.w.org\/{rel}","templated":true}]}}