{"id":217748,"date":"2025-09-02T12:02:24","date_gmt":"2025-09-02T12:02:24","guid":{"rendered":"https:\/\/homeofwool.com\/?post_type=product&#038;p=217748"},"modified":"2026-03-20T10:40:22","modified_gmt":"2026-03-20T10:40:22","slug":"dreieckiger-sitzsack-aus-wolle-im-angebot","status":"publish","type":"product","link":"https:\/\/homeofwool.com\/de\/shop\/triangular-wool-bean-bag-chair-sale\/","title":{"rendered":"Dreieckiger Sitzsack aus Wolle | SALE"},"content":{"rendered":"<p>Alle unsere Produkte werden ausschlie\u00dflich aus nat\u00fcrlichen, nachhaltigen, erneuerbaren, biologisch abbaubaren und recycelbaren Materialien hergestellt, die FREI VON CHEMIKALIEN (einschlie\u00dflich Flammschutzmitteln, Farbstoffen, Bleichmitteln, VOCs, Oberfl\u00e4chenbehandlungen und karbonisierter Wolle) und FREI VON SYNTHETISCHEN STOFFEN (einschlie\u00dflich Kunststoffen, Latex, Vinyl und Federn) sind. Zertifiziert in der strengsten Kategorie, f\u00fcr zus\u00e4tzliche Sicherheit.<\/p>\n<p>Wir stellen Produkte her, die aus hochwertigen Materialien gefertigt sind und eine lange Lebensdauer haben. Damit Sie m\u00f6glichst lange Freude daran haben, sollten Sie jedoch einige bew\u00e4hrte Vorgehensweisen beachten.<\/p>\n<h3>EIGENSCHAFTEN:<\/h3>\n<ul>\n<li style=\"text-align: left;\"><strong>Handgetuftet<\/strong> mit nat\u00fcrlichem Leinenfaden, damit die F\u00fcllung an ihrem Platz bleibt.<\/li>\n<li style=\"text-align: left;\">Langlebiges Metall <strong>Rei\u00dfverschluss<\/strong> auf der R\u00fcckseite, sodass Sie bei Bedarf ganz einfach Wolle hinzuf\u00fcgen, entfernen oder anpassen k\u00f6nnen (Kunststoffrei\u00dfverschl\u00fcsse auf Anfrage)<\/li>\n<li style=\"text-align: left;\">Kostenlos <strong>Reparaturset<\/strong>.<\/li>\n<\/ul>\n<h3>F\u00dcLLUNG:<\/h3>\n<p>Mittel: 10,3 kg (22,8 lbs) 100% GOTS-Wollvliesreste<br \/>\nGro\u00df: 13,9 kg (30,6 lbs) 100% GOTS-Wollvliesreste<\/p>\n<h3>INNENSTOFF:<\/h3>\n<p>100% Bio-Baumwolle (GOTS-zertifiziert)<\/p>\n<h3>HERSTELLUNG UND VERSAND:<\/h3>\n<p>Standard-Herstellungszeit: 1\u20132 Wochen<\/p>\n<p>Kostenlose Lieferzeit:  1\u20134 Wochen<\/p>\n<p>Expressversanddauer: 3\u20134 Tage<\/p>\n<p>&nbsp;<\/p>\n<p>*Es handelt sich um handgefertigte Artikel. Bitte ber\u00fccksichtigen Sie daher geringf\u00fcgige Abweichungen in den Ma\u00dfen. Abweichungen von weniger als 5% gelten als akzeptabel.<\/p>\n<p>*Alle mit Wolle gef\u00fcllten Artikel unterliegen einer gewissen Kompression. Wir stopfen die Artikel jedoch dicht mit Wolle, sodass sie dicker als angegeben sind und sich in den ersten Monaten der Nutzung auf etwa die angegebene Dicke komprimieren.<\/p>\n<p>*Wollfasern gibt es in verschiedenen nat\u00fcrlichen Farben und sie haben den nat\u00fcrlichen Geruch von Schafen, der nach ein paar Monaten verschwindet.<\/p>","protected":false},"excerpt":{"rendered":"<p>V\u00f6llig frei von Chemikalien, ohne Ausgasungen und ohne VOCs. Hypoallergen, geeignet f\u00fcr Menschen mit Chemikalienunvertr\u00e4glichkeiten, einschlie\u00dflich MCS. Von Natur aus staubmilben- und schimmelresistent, antimikrobiell, antibakteriell und schwer entflammbar.<\/p>\n<p>Erh\u00e4ltlich in zwei Gr\u00f6\u00dfen:<br \/>\n<strong>Medium:<\/strong>\u00a028\u2033 \u00d7 50\u2033 \u00d7 35\u2033 (70 \u00d7 130 \u00d7 90 cm)<br \/>\n<strong>Gro\u00df:<\/strong>\u00a031\u2033 \u00d7 59\u2033 \u00d7 43\u2033 (80 \u00d7 150 \u00d7 110 cm)<\/p>","protected":false},"featured_media":225184,"template":"","meta":{"_acf_changed":false},"product_brand":[],"product_cat":[557,20,174,815],"product_tag":[735,741,212,738,816,740],"class_list":{"0":"post-217748","1":"product","2":"type-product","3":"status-publish","4":"has-post-thumbnail","6":"product_cat-new","7":"product_cat-pillows-poufs","8":"product_cat-zero-waste","9":"product_cat-zero-waste-poufs","10":"product_tag-adult-bean-bag","11":"product_tag-bean-bag-chair","12":"product_tag-custom-pouf","13":"product_tag-eco-beanbag","14":"product_tag-floor-pouf","15":"product_tag-organic-bean-bag","17":"first","18":"outofstock","19":"sale","20":"shipping-taxable","21":"purchasable","22":"product-type-variable"},"acf":[],"yoast_head":"<!-- This site is optimized with the Yoast SEO Premium plugin v27.3 (Yoast SEO v27.3) - https:\/\/yoast.com\/product\/yoast-seo-premium-wordpress\/ -->\n<title>Triangular Wool Bean Bag Chair \u2013 ON SALE | Home of Wool<\/title>\n<meta name=\"description\" content=\"Get our Triangular Wool Bean Bag Chair on sale. Chemical-free, hypoallergenic, resistant to dust mites and mildew, and super comfortable.\" \/>\n<meta name=\"robots\" content=\"index, follow, max-snippet:-1, max-image-preview:large, max-video-preview:-1\" \/>\n<link rel=\"canonical\" href=\"https:\/\/homeofwool.com\/de\/shop\/dreieckiger-sitzsack-aus-wolle-im-angebot\/\" \/>\n<meta property=\"og:locale\" content=\"de_DE\" \/>\n<meta property=\"og:type\" content=\"article\" \/>\n<meta property=\"og:title\" content=\"Triangular Wool Bean Bag Chair | SALE\" \/>\n<meta property=\"og:description\" content=\"Get our Triangular Wool Bean Bag Chair on sale. Chemical-free, hypoallergenic, resistant to dust mites and mildew, and super comfortable.\" \/>\n<meta property=\"og:url\" content=\"https:\/\/homeofwool.com\/de\/shop\/dreieckiger-sitzsack-aus-wolle-im-angebot\/\" \/>\n<meta property=\"og:site_name\" content=\"Home of Wool\" \/>\n<meta property=\"article:publisher\" content=\"https:\/\/facebook.com\/HomeOfWoolOfficial\" \/>\n<meta property=\"article:modified_time\" content=\"2026-03-20T10:40:22+00:00\" \/>\n<meta property=\"og:image\" content=\"https:\/\/homeofwool.com\/wp-content\/uploads\/2025\/09\/home-of-wool-triangular-wool-bean-bag-chair-home-of-wool-listing-1-main-1.jpg\" \/>\n\t<meta property=\"og:image:width\" content=\"2000\" \/>\n\t<meta property=\"og:image:height\" content=\"1600\" \/>\n\t<meta property=\"og:image:type\" content=\"image\/jpeg\" \/>\n<meta name=\"twitter:card\" content=\"summary_large_image\" \/>\n<meta name=\"twitter:label1\" content=\"Gesch\u00e4tzte Lesezeit\" \/>\n\t<meta name=\"twitter:data1\" content=\"2\u00a0Minuten\" \/>\n<script type=\"application\/ld+json\" class=\"yoast-schema-graph\">{\"@context\":\"https:\\\/\\\/schema.org\",\"@graph\":[{\"@type\":\"WebPage\",\"@id\":\"https:\\\/\\\/homeofwool.com\\\/shop\\\/triangular-wool-bean-bag-chair-sale\\\/\",\"url\":\"https:\\\/\\\/homeofwool.com\\\/shop\\\/triangular-wool-bean-bag-chair-sale\\\/\",\"name\":\"Triangular Wool Bean Bag Chair \u2013 ON SALE | Home of Wool\",\"isPartOf\":{\"@id\":\"https:\\\/\\\/homeofwool.com\\\/#website\"},\"primaryImageOfPage\":{\"@id\":\"https:\\\/\\\/homeofwool.com\\\/shop\\\/triangular-wool-bean-bag-chair-sale\\\/#primaryimage\"},\"image\":{\"@id\":\"https:\\\/\\\/homeofwool.com\\\/shop\\\/triangular-wool-bean-bag-chair-sale\\\/#primaryimage\"},\"thumbnailUrl\":\"https:\\\/\\\/homeofwool.com\\\/wp-content\\\/uploads\\\/2025\\\/09\\\/home-of-wool-triangular-wool-bean-bag-chair-home-of-wool-listing-1-main-1.jpg\",\"datePublished\":\"2025-09-02T12:02:24+00:00\",\"dateModified\":\"2026-03-20T10:40:22+00:00\",\"description\":\"Get our Triangular Wool Bean Bag Chair on sale. Chemical-free, hypoallergenic, resistant to dust mites and mildew, and super comfortable.\",\"breadcrumb\":{\"@id\":\"https:\\\/\\\/homeofwool.com\\\/shop\\\/triangular-wool-bean-bag-chair-sale\\\/#breadcrumb\"},\"inLanguage\":\"de\",\"potentialAction\":[{\"@type\":\"ReadAction\",\"target\":[\"https:\\\/\\\/homeofwool.com\\\/shop\\\/triangular-wool-bean-bag-chair-sale\\\/\"]}]},{\"@type\":\"ImageObject\",\"inLanguage\":\"de\",\"@id\":\"https:\\\/\\\/homeofwool.com\\\/shop\\\/triangular-wool-bean-bag-chair-sale\\\/#primaryimage\",\"url\":\"https:\\\/\\\/homeofwool.com\\\/wp-content\\\/uploads\\\/2025\\\/09\\\/home-of-wool-triangular-wool-bean-bag-chair-home-of-wool-listing-1-main-1.jpg\",\"contentUrl\":\"https:\\\/\\\/homeofwool.com\\\/wp-content\\\/uploads\\\/2025\\\/09\\\/home-of-wool-triangular-wool-bean-bag-chair-home-of-wool-listing-1-main-1.jpg\",\"width\":2000,\"height\":1600},{\"@type\":\"BreadcrumbList\",\"@id\":\"https:\\\/\\\/homeofwool.com\\\/shop\\\/triangular-wool-bean-bag-chair-sale\\\/#breadcrumb\",\"itemListElement\":[{\"@type\":\"ListItem\",\"position\":1,\"name\":\"Home\",\"item\":\"https:\\\/\\\/homeofwool.com\\\/\"},{\"@type\":\"ListItem\",\"position\":2,\"name\":\"Products\",\"item\":\"https:\\\/\\\/homeofwool.com\\\/header-search-2\\\/\"},{\"@type\":\"ListItem\",\"position\":3,\"name\":\"Triangular Wool Bean Bag Chair | SALE\"}]},{\"@type\":\"WebSite\",\"@id\":\"https:\\\/\\\/homeofwool.com\\\/#website\",\"url\":\"https:\\\/\\\/homeofwool.com\\\/\",\"name\":\"Home of Wool\",\"description\":\"\",\"publisher\":{\"@id\":\"https:\\\/\\\/homeofwool.com\\\/#organization\"},\"potentialAction\":[{\"@type\":\"SearchAction\",\"target\":{\"@type\":\"EntryPoint\",\"urlTemplate\":\"https:\\\/\\\/homeofwool.com\\\/?s={search_term_string}\"},\"query-input\":{\"@type\":\"PropertyValueSpecification\",\"valueRequired\":true,\"valueName\":\"search_term_string\"}}],\"inLanguage\":\"de\"},{\"@type\":\"Organization\",\"@id\":\"https:\\\/\\\/homeofwool.com\\\/#organization\",\"name\":\"Home of Wool\",\"url\":\"https:\\\/\\\/homeofwool.com\\\/\",\"logo\":{\"@type\":\"ImageObject\",\"inLanguage\":\"de\",\"@id\":\"https:\\\/\\\/homeofwool.com\\\/#\\\/schema\\\/logo\\\/image\\\/\",\"url\":\"https:\\\/\\\/homeofwool.com\\\/wp-content\\\/uploads\\\/2025\\\/09\\\/WhatsApp-Image-2025-12-02-at-16.23.20.jpeg\",\"contentUrl\":\"https:\\\/\\\/homeofwool.com\\\/wp-content\\\/uploads\\\/2025\\\/09\\\/WhatsApp-Image-2025-12-02-at-16.23.20.jpeg\",\"width\":700,\"height\":247,\"caption\":\"Home of Wool\"},\"image\":{\"@id\":\"https:\\\/\\\/homeofwool.com\\\/#\\\/schema\\\/logo\\\/image\\\/\"},\"sameAs\":[\"https:\\\/\\\/facebook.com\\\/HomeOfWoolOfficial\"]}]}<\/script>\n<!-- \/ Yoast SEO Premium plugin. -->","yoast_head_json":{"title":"Dreieckiger Sitzsack aus Wolle \u2013 IM ANGEBOT | Home of Wool","description":"Holen Sie sich unseren dreieckigen Sitzsack aus Wolle im Angebot. Frei von Chemikalien, hypoallergen, resistent gegen Hausstaubmilben und Schimmel und superbequem.","robots":{"index":"index","follow":"follow","max-snippet":"max-snippet:-1","max-image-preview":"max-image-preview:large","max-video-preview":"max-video-preview:-1"},"canonical":"https:\/\/homeofwool.com\/de\/shop\/dreieckiger-sitzsack-aus-wolle-im-angebot\/","og_locale":"de_DE","og_type":"article","og_title":"Triangular Wool Bean Bag Chair | SALE","og_description":"Get our Triangular Wool Bean Bag Chair on sale. Chemical-free, hypoallergenic, resistant to dust mites and mildew, and super comfortable.","og_url":"https:\/\/homeofwool.com\/de\/shop\/dreieckiger-sitzsack-aus-wolle-im-angebot\/","og_site_name":"Home of Wool","article_publisher":"https:\/\/facebook.com\/HomeOfWoolOfficial","article_modified_time":"2026-03-20T10:40:22+00:00","og_image":[{"width":2000,"height":1600,"url":"https:\/\/homeofwool.com\/wp-content\/uploads\/2025\/09\/home-of-wool-triangular-wool-bean-bag-chair-home-of-wool-listing-1-main-1.jpg","type":"image\/jpeg"}],"twitter_card":"summary_large_image","twitter_misc":{"Gesch\u00e4tzte Lesezeit":"2\u00a0Minuten"},"schema":{"@context":"https:\/\/schema.org","@graph":[{"@type":"WebPage","@id":"https:\/\/homeofwool.com\/shop\/triangular-wool-bean-bag-chair-sale\/","url":"https:\/\/homeofwool.com\/shop\/triangular-wool-bean-bag-chair-sale\/","name":"Dreieckiger Sitzsack aus Wolle \u2013 IM ANGEBOT | Home of Wool","isPartOf":{"@id":"https:\/\/homeofwool.com\/#website"},"primaryImageOfPage":{"@id":"https:\/\/homeofwool.com\/shop\/triangular-wool-bean-bag-chair-sale\/#primaryimage"},"image":{"@id":"https:\/\/homeofwool.com\/shop\/triangular-wool-bean-bag-chair-sale\/#primaryimage"},"thumbnailUrl":"https:\/\/homeofwool.com\/wp-content\/uploads\/2025\/09\/home-of-wool-triangular-wool-bean-bag-chair-home-of-wool-listing-1-main-1.jpg","datePublished":"2025-09-02T12:02:24+00:00","dateModified":"2026-03-20T10:40:22+00:00","description":"Holen Sie sich unseren dreieckigen Sitzsack aus Wolle im Angebot. Frei von Chemikalien, hypoallergen, resistent gegen Hausstaubmilben und Schimmel und superbequem.","breadcrumb":{"@id":"https:\/\/homeofwool.com\/shop\/triangular-wool-bean-bag-chair-sale\/#breadcrumb"},"inLanguage":"de","potentialAction":[{"@type":"ReadAction","target":["https:\/\/homeofwool.com\/shop\/triangular-wool-bean-bag-chair-sale\/"]}]},{"@type":"ImageObject","inLanguage":"de","@id":"https:\/\/homeofwool.com\/shop\/triangular-wool-bean-bag-chair-sale\/#primaryimage","url":"https:\/\/homeofwool.com\/wp-content\/uploads\/2025\/09\/home-of-wool-triangular-wool-bean-bag-chair-home-of-wool-listing-1-main-1.jpg","contentUrl":"https:\/\/homeofwool.com\/wp-content\/uploads\/2025\/09\/home-of-wool-triangular-wool-bean-bag-chair-home-of-wool-listing-1-main-1.jpg","width":2000,"height":1600},{"@type":"BreadcrumbList","@id":"https:\/\/homeofwool.com\/shop\/triangular-wool-bean-bag-chair-sale\/#breadcrumb","itemListElement":[{"@type":"ListItem","position":1,"name":"Home","item":"https:\/\/homeofwool.com\/"},{"@type":"ListItem","position":2,"name":"Products","item":"https:\/\/homeofwool.com\/header-search-2\/"},{"@type":"ListItem","position":3,"name":"Triangular Wool Bean Bag Chair | SALE"}]},{"@type":"WebSite","@id":"https:\/\/homeofwool.com\/#website","url":"https:\/\/homeofwool.com\/","name":"Heimat der Wolle","description":"","publisher":{"@id":"https:\/\/homeofwool.com\/#organization"},"potentialAction":[{"@type":"SearchAction","target":{"@type":"EntryPoint","urlTemplate":"https:\/\/homeofwool.com\/?s={search_term_string}"},"query-input":{"@type":"PropertyValueSpecification","valueRequired":true,"valueName":"search_term_string"}}],"inLanguage":"de"},{"@type":"Organization","@id":"https:\/\/homeofwool.com\/#organization","name":"Heimat der Wolle","url":"https:\/\/homeofwool.com\/","logo":{"@type":"ImageObject","inLanguage":"de","@id":"https:\/\/homeofwool.com\/#\/schema\/logo\/image\/","url":"https:\/\/homeofwool.com\/wp-content\/uploads\/2025\/09\/WhatsApp-Image-2025-12-02-at-16.23.20.jpeg","contentUrl":"https:\/\/homeofwool.com\/wp-content\/uploads\/2025\/09\/WhatsApp-Image-2025-12-02-at-16.23.20.jpeg","width":700,"height":247,"caption":"Home of Wool"},"image":{"@id":"https:\/\/homeofwool.com\/#\/schema\/logo\/image\/"},"sameAs":["https:\/\/facebook.com\/HomeOfWoolOfficial"]}]}},"_links":{"self":[{"href":"https:\/\/homeofwool.com\/de\/wp-json\/wp\/v2\/product\/217748","targetHints":{"allow":["GET"]}}],"collection":[{"href":"https:\/\/homeofwool.com\/de\/wp-json\/wp\/v2\/product"}],"about":[{"href":"https:\/\/homeofwool.com\/de\/wp-json\/wp\/v2\/types\/product"}],"version-history":[{"count":1,"href":"https:\/\/homeofwool.com\/de\/wp-json\/wp\/v2\/product\/217748\/revisions"}],"predecessor-version":[{"id":227352,"href":"https:\/\/homeofwool.com\/de\/wp-json\/wp\/v2\/product\/217748\/revisions\/227352"}],"wp:featuredmedia":[{"embeddable":true,"href":"https:\/\/homeofwool.com\/de\/wp-json\/wp\/v2\/media\/225184"}],"wp:attachment":[{"href":"https:\/\/homeofwool.com\/de\/wp-json\/wp\/v2\/media?parent=217748"}],"wp:term":[{"taxonomy":"product_brand","embeddable":true,"href":"https:\/\/homeofwool.com\/de\/wp-json\/wp\/v2\/product_brand?post=217748"},{"taxonomy":"product_cat","embeddable":true,"href":"https:\/\/homeofwool.com\/de\/wp-json\/wp\/v2\/product_cat?post=217748"},{"taxonomy":"product_tag","embeddable":true,"href":"https:\/\/homeofwool.com\/de\/wp-json\/wp\/v2\/product_tag?post=217748"}],"curies":[{"name":"wp","href":"https:\/\/api.w.org\/{rel}","templated":true}]}}