{"id":217746,"date":"2025-09-02T12:02:24","date_gmt":"2025-09-02T12:02:24","guid":{"rendered":"https:\/\/homeofwool.com\/?post_type=product&#038;p=217746"},"modified":"2026-03-20T10:39:33","modified_gmt":"2026-03-20T10:39:33","slug":"groser-sitzsack-verkauf","status":"publish","type":"product","link":"https:\/\/homeofwool.com\/de\/shop\/large-bean-bag-sale\/","title":{"rendered":"Gro\u00dfer Woll-Sitzsack | SALE"},"content":{"rendered":"<p>Alle unsere Produkte werden ausschlie\u00dflich aus nat\u00fcrlichen, nachhaltigen, erneuerbaren, biologisch abbaubaren und recycelbaren Materialien hergestellt, die FREI VON CHEMIKALIEN (einschlie\u00dflich Flammschutzmitteln, Farbstoffen, Bleichmitteln, VOCs, Oberfl\u00e4chenbehandlungen und karbonisierter Wolle) und FREI VON SYNTHETISCHEN STOFFEN (einschlie\u00dflich Kunststoffen, Latex, Vinyl und Federn) sind. Zertifiziert in der strengsten Kategorie, f\u00fcr zus\u00e4tzliche Sicherheit.<\/p>\n<p>Wir stellen Produkte her, die aus hochwertigen Materialien gefertigt sind und eine lange Lebensdauer haben. Damit Sie m\u00f6glichst lange Freude daran haben, sollten Sie jedoch einige bew\u00e4hrte Vorgehensweisen beachten.<\/p>\n<h3>EIGENSCHAFTEN:<\/h3>\n<ul>\n<li style=\"text-align: left;\"><strong>Handgetuftet<\/strong> mit nat\u00fcrlichem Leinenfaden, damit die F\u00fcllung an ihrem Platz bleibt.<\/li>\n<li style=\"text-align: left;\">Langlebiges Metall <strong>Rei\u00dfverschluss<\/strong> auf der R\u00fcckseite, sodass Sie bei Bedarf ganz einfach Wolle hinzuf\u00fcgen, entfernen oder anpassen k\u00f6nnen (Kunststoffrei\u00dfverschl\u00fcsse auf Anfrage)<\/li>\n<li style=\"text-align: left;\">Kostenlos <strong>Reparaturset<\/strong>.<\/li>\n<\/ul>\n<h3>F\u00dcLLUNG:<\/h3>\n<p>33,5 lbs (15,2 kg) 100% GOTS-Wollvliesreste<\/p>\n<h3>OPTIONEN F\u00dcR DEN AUSSENSTOFF:<\/h3>\n<p>100% Bio-Baumwolle (GOTS-zertifiziert)<br \/>\n100% Leinen, strukturiert (\u00d6ko-Tex-zertifiziert)<br \/>\n100% Leinen (\u00d6ko-Tex-zertifiziert)<br \/>\n100% Schurwolle (\u00d6ko-Tex-zertifiziert)<\/p>\n<h3>INNENSTOFF:<\/h3>\n<p>100% Bio-Baumwolle (GOTS-zertifiziert)<\/p>\n<h3>HERSTELLUNG UND VERSAND:<\/h3>\n<p>Standard-Herstellungszeit: 1\u20132 Wochen<br \/>\nKostenlose Lieferzeit:  1\u20134 Wochen<br \/>\nExpressversanddauer: 3\u20134 Tage<\/p>\n<p>&nbsp;<\/p>\n<p>*Es handelt sich um handgefertigte Artikel. Bitte ber\u00fccksichtigen Sie daher geringf\u00fcgige Abweichungen in den Ma\u00dfen. Abweichungen von weniger als 5% gelten als akzeptabel.<\/p>\n<p>*Alle mit Wolle gef\u00fcllten Artikel unterliegen einer gewissen Kompression. Wir stopfen die Artikel jedoch dicht mit Wolle, sodass sie dicker als angegeben sind und sich in den ersten Monaten der Nutzung auf etwa die angegebene Dicke komprimieren.<\/p>\n<p>*Wollfasern gibt es in verschiedenen nat\u00fcrlichen Farben und sie haben den nat\u00fcrlichen Geruch von Schafen, der nach ein paar Monaten verschwindet.<\/p>","protected":false},"excerpt":{"rendered":"<p>V\u00f6llig frei von Chemikalien, ohne Ausgasungen und ohne VOCs. Hypoallergen, geeignet f\u00fcr Menschen mit Chemikalienunvertr\u00e4glichkeiten, einschlie\u00dflich MCS. Von Natur aus staubmilben- und schimmelresistent, antimikrobiell, antibakteriell und schwer entflammbar.<\/p>\n<p><strong>GR\u00d6SSE:<\/strong> 130 x 130 x 40 cm<\/p>\n<div class=\"global-icon-set\">\n<div class=\"global-icon-set__items\">\n<div class=\"global-icon-set__item\">\n<div class=\"global-icon-set__image\">\n                                    <img decoding=\"async\" src=\"https:\/\/homeofwool.com\/wp-content\/uploads\/2025\/09\/VOCs-min-300x300.png\" alt=\"vocs frei\" \/>\n                                <\/div>\n<div class=\"global-icon-set__title\">VOC-frei<\/div>\n<\/p><\/div>\n<div class=\"global-icon-set__item\">\n<div class=\"global-icon-set__image\">\n                                    <img decoding=\"async\" src=\"https:\/\/homeofwool.com\/wp-content\/uploads\/2025\/09\/FR-min-300x300.png\" alt=\"feuerfestes Symbol\" \/>\n                                <\/div>\n<div class=\"global-icon-set__title\">Schwer entflammbar<\/div>\n<\/p><\/div>\n<div class=\"global-icon-set__item\">\n<div class=\"global-icon-set__image\">\n                                    <img decoding=\"async\" src=\"https:\/\/homeofwool.com\/wp-content\/uploads\/2025\/09\/Hypoallergenic-min-300x300.png\" alt=\"hypoallergenes Symbol\" \/>\n                                <\/div>\n<div class=\"global-icon-set__title\">Hypoallergen<\/div>\n<\/p><\/div>\n<div class=\"global-icon-set__item\">\n<div class=\"global-icon-set__image\">\n                                    <img decoding=\"async\" src=\"https:\/\/homeofwool.com\/wp-content\/uploads\/2025\/09\/free-of-synthetics-icon-300x300.png\" alt=\"frei von synthetischen Stoffen Symbol\" \/>\n                                <\/div>\n<div class=\"global-icon-set__title\">Frei von synthetischen Stoffen<\/div>\n<\/p><\/div>\n<div class=\"global-icon-set__item\">\n<div class=\"global-icon-set__image\">\n                                    <img decoding=\"async\" src=\"https:\/\/homeofwool.com\/wp-content\/uploads\/2025\/09\/chemical-free-icon-300x300.png\" alt=\"Symbol f\u00fcr Chemikalienfreiheit\" \/>\n                                <\/div>\n<div class=\"global-icon-set__title\">Chemikalienfrei<\/div>\n<\/p><\/div>\n<div class=\"global-icon-set__item\">\n<div class=\"global-icon-set__image\">\n                                    <img decoding=\"async\" src=\"https:\/\/homeofwool.com\/wp-content\/uploads\/2025\/09\/anti-bacterial-icon-300x300.png\" alt=\"antibakterielles Symbol\" \/>\n                                <\/div>\n<div class=\"global-icon-set__title\">Anti-mikrobiell &amp; Anti-bakteriell<\/div>\n<\/p><\/div>\n<div class=\"global-icon-set__item\">\n<div class=\"global-icon-set__image\">\n                                    <img decoding=\"async\" src=\"https:\/\/homeofwool.com\/wp-content\/uploads\/2025\/09\/certified-materials-icon-300x300.png\" alt=\"Symbol f\u00fcr zertifizierte Materialien\" \/>\n                                <\/div>\n<div class=\"global-icon-set__title\">100% Reine zertifizierte Materialien<\/div>\n<\/p><\/div>\n<\/p><\/div>\n<\/p><\/div>","protected":false},"featured_media":225187,"template":"","meta":{"_acf_changed":false},"product_brand":[],"product_cat":[557,20,174,815],"product_tag":[735,741,212,738,816,739,740,743],"class_list":{"0":"post-217746","1":"product","2":"type-product","3":"status-publish","4":"has-post-thumbnail","6":"product_cat-new","7":"product_cat-pillows-poufs","8":"product_cat-zero-waste","9":"product_cat-zero-waste-poufs","10":"product_tag-adult-bean-bag","11":"product_tag-bean-bag-chair","12":"product_tag-custom-pouf","13":"product_tag-eco-beanbag","14":"product_tag-floor-pouf","15":"product_tag-natural-pouf","16":"product_tag-organic-bean-bag","17":"product_tag-teen-bean-bag","19":"first","20":"outofstock","21":"sale","22":"shipping-taxable","23":"purchasable","24":"product-type-variable"},"acf":[],"yoast_head":"<!-- This site is optimized with the Yoast SEO Premium plugin v27.3 (Yoast SEO v27.3) - https:\/\/yoast.com\/product\/yoast-seo-premium-wordpress\/ -->\n<title>Large Wool Bean Bag \u2013 ON SALE, Toxin-Free | Home of Wool<\/title>\n<meta name=\"description\" content=\"Enjoy comfort with our Large Wool Bean Bag. Toxin-free, hypoallergenic, and resistant to dust mites and mildew. Get yours on sale today!\" \/>\n<meta name=\"robots\" content=\"index, follow, max-snippet:-1, max-image-preview:large, max-video-preview:-1\" \/>\n<link rel=\"canonical\" href=\"https:\/\/homeofwool.com\/de\/shop\/groser-sitzsack-verkauf\/\" \/>\n<meta property=\"og:locale\" content=\"de_DE\" \/>\n<meta property=\"og:type\" content=\"article\" \/>\n<meta property=\"og:title\" content=\"Large Wool Bean Bag Chair | SALE\" \/>\n<meta property=\"og:description\" content=\"Enjoy comfort with our Large Wool Bean Bag. Toxin-free, hypoallergenic, and resistant to dust mites and mildew. Get yours on sale today!\" \/>\n<meta property=\"og:url\" content=\"https:\/\/homeofwool.com\/de\/shop\/groser-sitzsack-verkauf\/\" \/>\n<meta property=\"og:site_name\" content=\"Home of Wool\" \/>\n<meta property=\"article:publisher\" content=\"https:\/\/facebook.com\/HomeOfWoolOfficial\" \/>\n<meta property=\"article:modified_time\" content=\"2026-03-20T10:39:33+00:00\" \/>\n<meta property=\"og:image\" content=\"https:\/\/homeofwool.com\/wp-content\/uploads\/2025\/09\/home-of-wool-large-wool-bean-bag-chair-1-main-en-1.jpg\" \/>\n\t<meta property=\"og:image:width\" content=\"2000\" \/>\n\t<meta property=\"og:image:height\" content=\"1600\" \/>\n\t<meta property=\"og:image:type\" content=\"image\/jpeg\" \/>\n<meta name=\"twitter:card\" content=\"summary_large_image\" \/>\n<meta name=\"twitter:label1\" content=\"Gesch\u00e4tzte Lesezeit\" \/>\n\t<meta name=\"twitter:data1\" content=\"2\u00a0Minuten\" \/>\n<script type=\"application\/ld+json\" class=\"yoast-schema-graph\">{\"@context\":\"https:\\\/\\\/schema.org\",\"@graph\":[{\"@type\":\"WebPage\",\"@id\":\"https:\\\/\\\/homeofwool.com\\\/shop\\\/large-bean-bag-sale\\\/\",\"url\":\"https:\\\/\\\/homeofwool.com\\\/shop\\\/large-bean-bag-sale\\\/\",\"name\":\"Large Wool Bean Bag \u2013 ON SALE, Toxin-Free | Home of Wool\",\"isPartOf\":{\"@id\":\"https:\\\/\\\/homeofwool.com\\\/#website\"},\"primaryImageOfPage\":{\"@id\":\"https:\\\/\\\/homeofwool.com\\\/shop\\\/large-bean-bag-sale\\\/#primaryimage\"},\"image\":{\"@id\":\"https:\\\/\\\/homeofwool.com\\\/shop\\\/large-bean-bag-sale\\\/#primaryimage\"},\"thumbnailUrl\":\"https:\\\/\\\/homeofwool.com\\\/wp-content\\\/uploads\\\/2025\\\/09\\\/home-of-wool-large-wool-bean-bag-chair-1-main-en-1.jpg\",\"datePublished\":\"2025-09-02T12:02:24+00:00\",\"dateModified\":\"2026-03-20T10:39:33+00:00\",\"description\":\"Enjoy comfort with our Large Wool Bean Bag. Toxin-free, hypoallergenic, and resistant to dust mites and mildew. Get yours on sale today!\",\"breadcrumb\":{\"@id\":\"https:\\\/\\\/homeofwool.com\\\/shop\\\/large-bean-bag-sale\\\/#breadcrumb\"},\"inLanguage\":\"de\",\"potentialAction\":[{\"@type\":\"ReadAction\",\"target\":[\"https:\\\/\\\/homeofwool.com\\\/shop\\\/large-bean-bag-sale\\\/\"]}]},{\"@type\":\"ImageObject\",\"inLanguage\":\"de\",\"@id\":\"https:\\\/\\\/homeofwool.com\\\/shop\\\/large-bean-bag-sale\\\/#primaryimage\",\"url\":\"https:\\\/\\\/homeofwool.com\\\/wp-content\\\/uploads\\\/2025\\\/09\\\/home-of-wool-large-wool-bean-bag-chair-1-main-en-1.jpg\",\"contentUrl\":\"https:\\\/\\\/homeofwool.com\\\/wp-content\\\/uploads\\\/2025\\\/09\\\/home-of-wool-large-wool-bean-bag-chair-1-main-en-1.jpg\",\"width\":2000,\"height\":1600},{\"@type\":\"BreadcrumbList\",\"@id\":\"https:\\\/\\\/homeofwool.com\\\/shop\\\/large-bean-bag-sale\\\/#breadcrumb\",\"itemListElement\":[{\"@type\":\"ListItem\",\"position\":1,\"name\":\"Home\",\"item\":\"https:\\\/\\\/homeofwool.com\\\/\"},{\"@type\":\"ListItem\",\"position\":2,\"name\":\"Products\",\"item\":\"https:\\\/\\\/homeofwool.com\\\/header-search-2\\\/\"},{\"@type\":\"ListItem\",\"position\":3,\"name\":\"Large Wool Bean Bag Chair | SALE\"}]},{\"@type\":\"WebSite\",\"@id\":\"https:\\\/\\\/homeofwool.com\\\/#website\",\"url\":\"https:\\\/\\\/homeofwool.com\\\/\",\"name\":\"Home of Wool\",\"description\":\"\",\"publisher\":{\"@id\":\"https:\\\/\\\/homeofwool.com\\\/#organization\"},\"potentialAction\":[{\"@type\":\"SearchAction\",\"target\":{\"@type\":\"EntryPoint\",\"urlTemplate\":\"https:\\\/\\\/homeofwool.com\\\/?s={search_term_string}\"},\"query-input\":{\"@type\":\"PropertyValueSpecification\",\"valueRequired\":true,\"valueName\":\"search_term_string\"}}],\"inLanguage\":\"de\"},{\"@type\":\"Organization\",\"@id\":\"https:\\\/\\\/homeofwool.com\\\/#organization\",\"name\":\"Home of Wool\",\"url\":\"https:\\\/\\\/homeofwool.com\\\/\",\"logo\":{\"@type\":\"ImageObject\",\"inLanguage\":\"de\",\"@id\":\"https:\\\/\\\/homeofwool.com\\\/#\\\/schema\\\/logo\\\/image\\\/\",\"url\":\"https:\\\/\\\/homeofwool.com\\\/wp-content\\\/uploads\\\/2025\\\/09\\\/WhatsApp-Image-2025-12-02-at-16.23.20.jpeg\",\"contentUrl\":\"https:\\\/\\\/homeofwool.com\\\/wp-content\\\/uploads\\\/2025\\\/09\\\/WhatsApp-Image-2025-12-02-at-16.23.20.jpeg\",\"width\":700,\"height\":247,\"caption\":\"Home of Wool\"},\"image\":{\"@id\":\"https:\\\/\\\/homeofwool.com\\\/#\\\/schema\\\/logo\\\/image\\\/\"},\"sameAs\":[\"https:\\\/\\\/facebook.com\\\/HomeOfWoolOfficial\"]}]}<\/script>\n<!-- \/ Yoast SEO Premium plugin. -->","yoast_head_json":{"title":"Gro\u00dfer Sitzsack aus Wolle \u2013 IM ANGEBOT, frei von Giftstoffen | Home of Wool","description":"Genie\u00dfen Sie Komfort mit unserem gro\u00dfen Woll-Sitzsack. Frei von Giftstoffen, hypoallergen und resistent gegen Hausstaubmilben und Schimmel. Holen Sie sich Ihren noch heute im Angebot!","robots":{"index":"index","follow":"follow","max-snippet":"max-snippet:-1","max-image-preview":"max-image-preview:large","max-video-preview":"max-video-preview:-1"},"canonical":"https:\/\/homeofwool.com\/de\/shop\/groser-sitzsack-verkauf\/","og_locale":"de_DE","og_type":"article","og_title":"Large Wool Bean Bag Chair | SALE","og_description":"Enjoy comfort with our Large Wool Bean Bag. Toxin-free, hypoallergenic, and resistant to dust mites and mildew. Get yours on sale today!","og_url":"https:\/\/homeofwool.com\/de\/shop\/groser-sitzsack-verkauf\/","og_site_name":"Home of Wool","article_publisher":"https:\/\/facebook.com\/HomeOfWoolOfficial","article_modified_time":"2026-03-20T10:39:33+00:00","og_image":[{"width":2000,"height":1600,"url":"https:\/\/homeofwool.com\/wp-content\/uploads\/2025\/09\/home-of-wool-large-wool-bean-bag-chair-1-main-en-1.jpg","type":"image\/jpeg"}],"twitter_card":"summary_large_image","twitter_misc":{"Gesch\u00e4tzte Lesezeit":"2\u00a0Minuten"},"schema":{"@context":"https:\/\/schema.org","@graph":[{"@type":"WebPage","@id":"https:\/\/homeofwool.com\/shop\/large-bean-bag-sale\/","url":"https:\/\/homeofwool.com\/shop\/large-bean-bag-sale\/","name":"Gro\u00dfer Sitzsack aus Wolle \u2013 IM ANGEBOT, frei von Giftstoffen | Home of Wool","isPartOf":{"@id":"https:\/\/homeofwool.com\/#website"},"primaryImageOfPage":{"@id":"https:\/\/homeofwool.com\/shop\/large-bean-bag-sale\/#primaryimage"},"image":{"@id":"https:\/\/homeofwool.com\/shop\/large-bean-bag-sale\/#primaryimage"},"thumbnailUrl":"https:\/\/homeofwool.com\/wp-content\/uploads\/2025\/09\/home-of-wool-large-wool-bean-bag-chair-1-main-en-1.jpg","datePublished":"2025-09-02T12:02:24+00:00","dateModified":"2026-03-20T10:39:33+00:00","description":"Genie\u00dfen Sie Komfort mit unserem gro\u00dfen Woll-Sitzsack. Frei von Giftstoffen, hypoallergen und resistent gegen Hausstaubmilben und Schimmel. Holen Sie sich Ihren noch heute im Angebot!","breadcrumb":{"@id":"https:\/\/homeofwool.com\/shop\/large-bean-bag-sale\/#breadcrumb"},"inLanguage":"de","potentialAction":[{"@type":"ReadAction","target":["https:\/\/homeofwool.com\/shop\/large-bean-bag-sale\/"]}]},{"@type":"ImageObject","inLanguage":"de","@id":"https:\/\/homeofwool.com\/shop\/large-bean-bag-sale\/#primaryimage","url":"https:\/\/homeofwool.com\/wp-content\/uploads\/2025\/09\/home-of-wool-large-wool-bean-bag-chair-1-main-en-1.jpg","contentUrl":"https:\/\/homeofwool.com\/wp-content\/uploads\/2025\/09\/home-of-wool-large-wool-bean-bag-chair-1-main-en-1.jpg","width":2000,"height":1600},{"@type":"BreadcrumbList","@id":"https:\/\/homeofwool.com\/shop\/large-bean-bag-sale\/#breadcrumb","itemListElement":[{"@type":"ListItem","position":1,"name":"Home","item":"https:\/\/homeofwool.com\/"},{"@type":"ListItem","position":2,"name":"Products","item":"https:\/\/homeofwool.com\/header-search-2\/"},{"@type":"ListItem","position":3,"name":"Large Wool Bean Bag Chair | SALE"}]},{"@type":"WebSite","@id":"https:\/\/homeofwool.com\/#website","url":"https:\/\/homeofwool.com\/","name":"Heimat der Wolle","description":"","publisher":{"@id":"https:\/\/homeofwool.com\/#organization"},"potentialAction":[{"@type":"SearchAction","target":{"@type":"EntryPoint","urlTemplate":"https:\/\/homeofwool.com\/?s={search_term_string}"},"query-input":{"@type":"PropertyValueSpecification","valueRequired":true,"valueName":"search_term_string"}}],"inLanguage":"de"},{"@type":"Organization","@id":"https:\/\/homeofwool.com\/#organization","name":"Heimat der Wolle","url":"https:\/\/homeofwool.com\/","logo":{"@type":"ImageObject","inLanguage":"de","@id":"https:\/\/homeofwool.com\/#\/schema\/logo\/image\/","url":"https:\/\/homeofwool.com\/wp-content\/uploads\/2025\/09\/WhatsApp-Image-2025-12-02-at-16.23.20.jpeg","contentUrl":"https:\/\/homeofwool.com\/wp-content\/uploads\/2025\/09\/WhatsApp-Image-2025-12-02-at-16.23.20.jpeg","width":700,"height":247,"caption":"Home of Wool"},"image":{"@id":"https:\/\/homeofwool.com\/#\/schema\/logo\/image\/"},"sameAs":["https:\/\/facebook.com\/HomeOfWoolOfficial"]}]}},"_links":{"self":[{"href":"https:\/\/homeofwool.com\/de\/wp-json\/wp\/v2\/product\/217746","targetHints":{"allow":["GET"]}}],"collection":[{"href":"https:\/\/homeofwool.com\/de\/wp-json\/wp\/v2\/product"}],"about":[{"href":"https:\/\/homeofwool.com\/de\/wp-json\/wp\/v2\/types\/product"}],"version-history":[{"count":1,"href":"https:\/\/homeofwool.com\/de\/wp-json\/wp\/v2\/product\/217746\/revisions"}],"predecessor-version":[{"id":227355,"href":"https:\/\/homeofwool.com\/de\/wp-json\/wp\/v2\/product\/217746\/revisions\/227355"}],"wp:featuredmedia":[{"embeddable":true,"href":"https:\/\/homeofwool.com\/de\/wp-json\/wp\/v2\/media\/225187"}],"wp:attachment":[{"href":"https:\/\/homeofwool.com\/de\/wp-json\/wp\/v2\/media?parent=217746"}],"wp:term":[{"taxonomy":"product_brand","embeddable":true,"href":"https:\/\/homeofwool.com\/de\/wp-json\/wp\/v2\/product_brand?post=217746"},{"taxonomy":"product_cat","embeddable":true,"href":"https:\/\/homeofwool.com\/de\/wp-json\/wp\/v2\/product_cat?post=217746"},{"taxonomy":"product_tag","embeddable":true,"href":"https:\/\/homeofwool.com\/de\/wp-json\/wp\/v2\/product_tag?post=217746"}],"curies":[{"name":"wp","href":"https:\/\/api.w.org\/{rel}","templated":true}]}}