{"id":217706,"date":"2025-09-02T12:02:14","date_gmt":"2025-09-02T12:02:14","guid":{"rendered":"https:\/\/homeofwool.com\/?post_type=product&#038;p=217706"},"modified":"2026-02-11T09:22:33","modified_gmt":"2026-02-11T09:22:33","slug":"flachblech","status":"publish","type":"product","link":"https:\/\/homeofwool.com\/de\/shop\/flat-sheet\/","title":{"rendered":"Flaches Blatt"},"content":{"rendered":"<p>Leinen, Maulbeerseide, Baumwoll-Leinen-Mischungen und Merinowolle-Jersey sind Klassiker bei nat\u00fcrlichen Bettwaren, Bettlaken und Bettw\u00e4sche. Was unsere Produkte von anderen unterscheidet, ist die Art und Weise, wie wir sie rein halten. Keine Aufheller oder Farbstoffe. Keine chemischen Ausr\u00fcstungen.<\/p>\n<p>Leinen ist anfangs knackig und wird mit jeder W\u00e4sche wunderbar weich. Es ist ein Favorit f\u00fcr Sommern\u00e4chte, da es Sie k\u00fchl h\u00e4lt und Schwei\u00df fernh\u00e4lt. Maulbeerseide f\u00fchlt sich glatt, aber nicht rutschig an. Sie wird wegen ihrer Aminos\u00e4uren gesch\u00e4tzt, die die Haut gesund und strahlend halten. Wolljersey sorgt f\u00fcr W\u00e4rme und ein wenig Stretch. Egal, f\u00fcr welches Material Sie sich entscheiden, alle sind atmungsaktiv und strapazierf\u00e4hig und sorgen f\u00fcr einen frischen, trockenen und angenehmen Schlaf.<\/p>\n<p>100% hypoallergen, dieses Bettlaken eignet sich besonders f\u00fcr Menschen mit empfindlicher Haut. Unsere Auswahl an nat\u00fcrlichen Stoffen ist sanft zur Haut. Unsere Stoffe sind in ihren nat\u00fcrlichen Farben erh\u00e4ltlich und frei von chemischen Ausr\u00fcstungen, die normalerweise zu Reizungen f\u00fchren.<\/p>\n<p>Gr\u00f6\u00dfere Gr\u00f6\u00dfen verf\u00fcgen \u00fcber eine diskrete Verbindungsnaht, die so platziert ist, dass sie unter Ihrem Kopfkissen oder in der N\u00e4he Ihrer F\u00fc\u00dfe liegt, sodass sie Sie nicht st\u00f6rt. Auf Wunsch kann die Naht auch l\u00e4ngs statt quer verarbeitet werden.<\/p>\n<p>Sie k\u00f6nnen zwischen Standardgr\u00f6\u00dfen w\u00e4hlen oder das Laken passend zu Ihrem Bett anfertigen lassen. Und wenn Sie sich bez\u00fcglich des Stoffes sicher sein m\u00f6chten, stehen Ihnen Muster zur Verf\u00fcgung, damit Sie die von uns angebotenen Optionen f\u00fchlen und sehen k\u00f6nnen.<\/p>\n<p>Ein nat\u00fcrliches Bettlaken bietet Komfort und Qualit\u00e4t, die jahrelang anh\u00e4lt. Seine Atmungsaktivit\u00e4t und Reinheit schaffen eine ges\u00fcndere Schlafumgebung und sorgen f\u00fcr einen besseren Schlaf.<\/p>","protected":false},"excerpt":{"rendered":"<p>Ein flaches Laken aus nat\u00fcrlichen Stoffen, das sich Nacht f\u00fcr Nacht k\u00fchl und angenehm anf\u00fchlt. Dieses flache Bettlaken ist atmungsaktiv, frei von Chemikalien und sanft zu empfindlicher Haut. Eine zeitlose Auflage, die das Bett wundersch\u00f6n abrundet und allen, auch denen, die leicht schwitzen, zus\u00e4tzlichen Komfort bietet.<\/p>\n<div class=\"global-icon-set\">\n<div class=\"global-icon-set__items\">\n<div class=\"global-icon-set__item\">\n<div class=\"global-icon-set__image\">\n                                    <img decoding=\"async\" src=\"https:\/\/homeofwool.com\/wp-content\/uploads\/2025\/09\/handmade-icon-300x300.png\" alt=\"handgefertigte Ikone\" \/>\n                                <\/div>\n<div class=\"global-icon-set__title\">Handgefertigt<\/div>\n<\/p><\/div>\n<div class=\"global-icon-set__item\">\n<div class=\"global-icon-set__image\">\n                                    <img decoding=\"async\" src=\"https:\/\/homeofwool.com\/wp-content\/uploads\/2025\/09\/VOCs-min-300x300.png\" alt=\"vocs frei\" \/>\n                                <\/div>\n<div class=\"global-icon-set__title\">VOC-frei<\/div>\n<\/p><\/div>\n<div class=\"global-icon-set__item\">\n<div class=\"global-icon-set__image\">\n                                    <img decoding=\"async\" src=\"https:\/\/homeofwool.com\/wp-content\/uploads\/2025\/09\/Hypoallergenic-min-300x300.png\" alt=\"hypoallergenes Symbol\" \/>\n                                <\/div>\n<div class=\"global-icon-set__title\">Hypoallergen<\/div>\n<\/p><\/div>\n<div class=\"global-icon-set__item\">\n<div class=\"global-icon-set__image\">\n                                    <img decoding=\"async\" src=\"https:\/\/homeofwool.com\/wp-content\/uploads\/2025\/09\/free-of-synthetics-icon-300x300.png\" alt=\"frei von synthetischen Stoffen Symbol\" \/>\n                                <\/div>\n<div class=\"global-icon-set__title\">Frei von synthetischen Stoffen<\/div>\n<\/p><\/div>\n<div class=\"global-icon-set__item\">\n<div class=\"global-icon-set__image\">\n                                    <img decoding=\"async\" src=\"https:\/\/homeofwool.com\/wp-content\/uploads\/2025\/09\/chemical-free-icon-300x300.png\" alt=\"Symbol f\u00fcr Chemikalienfreiheit\" \/>\n                                <\/div>\n<div class=\"global-icon-set__title\">Chemikalienfrei<\/div>\n<\/p><\/div>\n<div class=\"global-icon-set__item\">\n<div class=\"global-icon-set__image\">\n                                    <img decoding=\"async\" src=\"https:\/\/homeofwool.com\/wp-content\/uploads\/2025\/09\/certified-materials-icon-300x300.png\" alt=\"Symbol f\u00fcr zertifizierte Materialien\" \/>\n                                <\/div>\n<div class=\"global-icon-set__title\">100% Reine zertifizierte Materialien<\/div>\n<\/p><\/div>\n<\/p><\/div>\n<\/p><\/div>","protected":false},"featured_media":219331,"template":"","meta":{"_acf_changed":false},"product_brand":[],"product_cat":[557,406],"product_tag":[412,413,414,415,416,417,418,419,420,787,149],"class_list":{"0":"post-217706","1":"product","2":"type-product","3":"status-publish","4":"has-post-thumbnail","6":"product_cat-new","7":"product_cat-protectors-covers-sheets","8":"product_tag-crib-sheets","9":"product_tag-custom-sheets","10":"product_tag-deep-pocket-sheets","11":"product_tag-extra-deep-sheet","12":"product_tag-fitted-bed-sheets","13":"product_tag-flat-sheet","14":"product_tag-linen-sheets","15":"product_tag-queen-sheets","16":"product_tag-sheets-pillowcases","17":"product_tag-silk-sheets","18":"product_tag-steps","20":"first","21":"instock","22":"shipping-taxable","23":"purchasable","24":"product-type-simple"},"acf":[],"yoast_head":"<!-- This site is optimized with the Yoast SEO Premium plugin v27.4 (Yoast SEO v27.4) - https:\/\/yoast.com\/product\/yoast-seo-premium-wordpress\/ -->\n<title>Flat Sheet \u2013 Natural Fabrics, Handmade Luxury &amp; Comfort | Home of Wool<\/title>\n<meta name=\"description\" content=\"Pure natural flat sheet\u2014hypoallergenic, chemical-free, and long-lasting. Keeps hot sleepers cool, skin comfortable, and beds beautifully layered.\" \/>\n<meta name=\"robots\" content=\"index, follow, max-snippet:-1, max-image-preview:large, max-video-preview:-1\" \/>\n<link rel=\"canonical\" href=\"https:\/\/homeofwool.com\/de\/shop\/flachblech\/\" \/>\n<meta property=\"og:locale\" content=\"de_DE\" \/>\n<meta property=\"og:type\" content=\"article\" \/>\n<meta property=\"og:title\" content=\"Flat Sheet\" \/>\n<meta property=\"og:description\" content=\"Pure natural flat sheet\u2014hypoallergenic, chemical-free, and long-lasting. Keeps hot sleepers cool, skin comfortable, and beds beautifully layered.\" \/>\n<meta property=\"og:url\" content=\"https:\/\/homeofwool.com\/de\/shop\/flachblech\/\" \/>\n<meta property=\"og:site_name\" content=\"Home of Wool\" \/>\n<meta property=\"article:publisher\" content=\"https:\/\/facebook.com\/HomeOfWoolOfficial\" \/>\n<meta property=\"article:modified_time\" content=\"2026-02-11T09:22:33+00:00\" \/>\n<meta property=\"og:image\" content=\"https:\/\/homeofwool.com\/wp-content\/uploads\/2025\/09\/home-of-wool-listing-1-main-1.jpg\" \/>\n\t<meta property=\"og:image:width\" content=\"2000\" \/>\n\t<meta property=\"og:image:height\" content=\"1600\" \/>\n\t<meta property=\"og:image:type\" content=\"image\/jpeg\" \/>\n<meta name=\"twitter:card\" content=\"summary_large_image\" \/>\n<meta name=\"twitter:label1\" content=\"Gesch\u00e4tzte Lesezeit\" \/>\n\t<meta name=\"twitter:data1\" content=\"2\u00a0Minuten\" \/>\n<script type=\"application\/ld+json\" class=\"yoast-schema-graph\">{\"@context\":\"https:\\\/\\\/schema.org\",\"@graph\":[{\"@type\":\"WebPage\",\"@id\":\"https:\\\/\\\/homeofwool.com\\\/nl\\\/winkelen\\\/vlakke-plaat\\\/\",\"url\":\"https:\\\/\\\/homeofwool.com\\\/nl\\\/winkelen\\\/vlakke-plaat\\\/\",\"name\":\"Flat Sheet \u2013 Natural Fabrics, Handmade Luxury & Comfort | Home of Wool\",\"isPartOf\":{\"@id\":\"https:\\\/\\\/homeofwool.com\\\/#website\"},\"primaryImageOfPage\":{\"@id\":\"https:\\\/\\\/homeofwool.com\\\/nl\\\/winkelen\\\/vlakke-plaat\\\/#primaryimage\"},\"image\":{\"@id\":\"https:\\\/\\\/homeofwool.com\\\/nl\\\/winkelen\\\/vlakke-plaat\\\/#primaryimage\"},\"thumbnailUrl\":\"https:\\\/\\\/homeofwool.com\\\/wp-content\\\/uploads\\\/2025\\\/09\\\/home-of-wool-listing-1-main-1.jpg\",\"datePublished\":\"2025-09-02T12:02:14+00:00\",\"dateModified\":\"2026-02-11T09:22:33+00:00\",\"description\":\"Pure natural flat sheet\u2014hypoallergenic, chemical-free, and long-lasting. Keeps hot sleepers cool, skin comfortable, and beds beautifully layered.\",\"breadcrumb\":{\"@id\":\"https:\\\/\\\/homeofwool.com\\\/nl\\\/winkelen\\\/vlakke-plaat\\\/#breadcrumb\"},\"inLanguage\":\"de\",\"potentialAction\":[{\"@type\":\"ReadAction\",\"target\":[\"https:\\\/\\\/homeofwool.com\\\/nl\\\/winkelen\\\/vlakke-plaat\\\/\"]}]},{\"@type\":\"ImageObject\",\"inLanguage\":\"de\",\"@id\":\"https:\\\/\\\/homeofwool.com\\\/nl\\\/winkelen\\\/vlakke-plaat\\\/#primaryimage\",\"url\":\"https:\\\/\\\/homeofwool.com\\\/wp-content\\\/uploads\\\/2025\\\/09\\\/home-of-wool-listing-1-main-1.jpg\",\"contentUrl\":\"https:\\\/\\\/homeofwool.com\\\/wp-content\\\/uploads\\\/2025\\\/09\\\/home-of-wool-listing-1-main-1.jpg\",\"width\":2000,\"height\":1600,\"caption\":\"wool flat sheet on a bed\"},{\"@type\":\"BreadcrumbList\",\"@id\":\"https:\\\/\\\/homeofwool.com\\\/nl\\\/winkelen\\\/vlakke-plaat\\\/#breadcrumb\",\"itemListElement\":[{\"@type\":\"ListItem\",\"position\":1,\"name\":\"Home\",\"item\":\"https:\\\/\\\/homeofwool.com\\\/\"},{\"@type\":\"ListItem\",\"position\":2,\"name\":\"Products\",\"item\":\"https:\\\/\\\/homeofwool.com\\\/header-search-2\\\/\"},{\"@type\":\"ListItem\",\"position\":3,\"name\":\"Flat Sheet\"}]},{\"@type\":\"WebSite\",\"@id\":\"https:\\\/\\\/homeofwool.com\\\/#website\",\"url\":\"https:\\\/\\\/homeofwool.com\\\/\",\"name\":\"Home of Wool\",\"description\":\"\",\"publisher\":{\"@id\":\"https:\\\/\\\/homeofwool.com\\\/#organization\"},\"potentialAction\":[{\"@type\":\"SearchAction\",\"target\":{\"@type\":\"EntryPoint\",\"urlTemplate\":\"https:\\\/\\\/homeofwool.com\\\/?s={search_term_string}\"},\"query-input\":{\"@type\":\"PropertyValueSpecification\",\"valueRequired\":true,\"valueName\":\"search_term_string\"}}],\"inLanguage\":\"de\"},{\"@type\":\"Organization\",\"@id\":\"https:\\\/\\\/homeofwool.com\\\/#organization\",\"name\":\"Home of Wool\",\"url\":\"https:\\\/\\\/homeofwool.com\\\/\",\"logo\":{\"@type\":\"ImageObject\",\"inLanguage\":\"de\",\"@id\":\"https:\\\/\\\/homeofwool.com\\\/#\\\/schema\\\/logo\\\/image\\\/\",\"url\":\"https:\\\/\\\/homeofwool.com\\\/wp-content\\\/uploads\\\/2025\\\/09\\\/WhatsApp-Image-2025-12-02-at-16.23.20.jpeg\",\"contentUrl\":\"https:\\\/\\\/homeofwool.com\\\/wp-content\\\/uploads\\\/2025\\\/09\\\/WhatsApp-Image-2025-12-02-at-16.23.20.jpeg\",\"width\":700,\"height\":247,\"caption\":\"Home of Wool\"},\"image\":{\"@id\":\"https:\\\/\\\/homeofwool.com\\\/#\\\/schema\\\/logo\\\/image\\\/\"},\"sameAs\":[\"https:\\\/\\\/facebook.com\\\/HomeOfWoolOfficial\"]}]}<\/script>\n<!-- \/ Yoast SEO Premium plugin. -->","yoast_head_json":{"title":"Flachbettlaken \u2013 Nat\u00fcrliche Stoffe, handgefertigter Luxus und Komfort | Home of Wool","description":"Reines Naturflachlaken \u2013 hypoallergen, frei von Chemikalien und langlebig. H\u00e4lt schwitzende Menschen k\u00fchl, sorgt f\u00fcr ein angenehmes Hautgef\u00fchl und l\u00e4sst Betten sch\u00f6n geschichtet aussehen.","robots":{"index":"index","follow":"follow","max-snippet":"max-snippet:-1","max-image-preview":"max-image-preview:large","max-video-preview":"max-video-preview:-1"},"canonical":"https:\/\/homeofwool.com\/de\/shop\/flachblech\/","og_locale":"de_DE","og_type":"article","og_title":"Flat Sheet","og_description":"Pure natural flat sheet\u2014hypoallergenic, chemical-free, and long-lasting. Keeps hot sleepers cool, skin comfortable, and beds beautifully layered.","og_url":"https:\/\/homeofwool.com\/de\/shop\/flachblech\/","og_site_name":"Home of Wool","article_publisher":"https:\/\/facebook.com\/HomeOfWoolOfficial","article_modified_time":"2026-02-11T09:22:33+00:00","og_image":[{"width":2000,"height":1600,"url":"https:\/\/homeofwool.com\/wp-content\/uploads\/2025\/09\/home-of-wool-listing-1-main-1.jpg","type":"image\/jpeg"}],"twitter_card":"summary_large_image","twitter_misc":{"Gesch\u00e4tzte Lesezeit":"2\u00a0Minuten"},"schema":{"@context":"https:\/\/schema.org","@graph":[{"@type":"WebPage","@id":"https:\/\/homeofwool.com\/nl\/winkelen\/vlakke-plaat\/","url":"https:\/\/homeofwool.com\/nl\/winkelen\/vlakke-plaat\/","name":"Flachbettlaken \u2013 Nat\u00fcrliche Stoffe, handgefertigter Luxus und Komfort | Home of Wool","isPartOf":{"@id":"https:\/\/homeofwool.com\/#website"},"primaryImageOfPage":{"@id":"https:\/\/homeofwool.com\/nl\/winkelen\/vlakke-plaat\/#primaryimage"},"image":{"@id":"https:\/\/homeofwool.com\/nl\/winkelen\/vlakke-plaat\/#primaryimage"},"thumbnailUrl":"https:\/\/homeofwool.com\/wp-content\/uploads\/2025\/09\/home-of-wool-listing-1-main-1.jpg","datePublished":"2025-09-02T12:02:14+00:00","dateModified":"2026-02-11T09:22:33+00:00","description":"Reines Naturflachlaken \u2013 hypoallergen, frei von Chemikalien und langlebig. H\u00e4lt schwitzende Menschen k\u00fchl, sorgt f\u00fcr ein angenehmes Hautgef\u00fchl und l\u00e4sst Betten sch\u00f6n geschichtet aussehen.","breadcrumb":{"@id":"https:\/\/homeofwool.com\/nl\/winkelen\/vlakke-plaat\/#breadcrumb"},"inLanguage":"de","potentialAction":[{"@type":"ReadAction","target":["https:\/\/homeofwool.com\/nl\/winkelen\/vlakke-plaat\/"]}]},{"@type":"ImageObject","inLanguage":"de","@id":"https:\/\/homeofwool.com\/nl\/winkelen\/vlakke-plaat\/#primaryimage","url":"https:\/\/homeofwool.com\/wp-content\/uploads\/2025\/09\/home-of-wool-listing-1-main-1.jpg","contentUrl":"https:\/\/homeofwool.com\/wp-content\/uploads\/2025\/09\/home-of-wool-listing-1-main-1.jpg","width":2000,"height":1600,"caption":"wool flat sheet on a bed"},{"@type":"BreadcrumbList","@id":"https:\/\/homeofwool.com\/nl\/winkelen\/vlakke-plaat\/#breadcrumb","itemListElement":[{"@type":"ListItem","position":1,"name":"Home","item":"https:\/\/homeofwool.com\/"},{"@type":"ListItem","position":2,"name":"Products","item":"https:\/\/homeofwool.com\/header-search-2\/"},{"@type":"ListItem","position":3,"name":"Flat Sheet"}]},{"@type":"WebSite","@id":"https:\/\/homeofwool.com\/#website","url":"https:\/\/homeofwool.com\/","name":"Heimat der Wolle","description":"","publisher":{"@id":"https:\/\/homeofwool.com\/#organization"},"potentialAction":[{"@type":"SearchAction","target":{"@type":"EntryPoint","urlTemplate":"https:\/\/homeofwool.com\/?s={search_term_string}"},"query-input":{"@type":"PropertyValueSpecification","valueRequired":true,"valueName":"search_term_string"}}],"inLanguage":"de"},{"@type":"Organization","@id":"https:\/\/homeofwool.com\/#organization","name":"Heimat der Wolle","url":"https:\/\/homeofwool.com\/","logo":{"@type":"ImageObject","inLanguage":"de","@id":"https:\/\/homeofwool.com\/#\/schema\/logo\/image\/","url":"https:\/\/homeofwool.com\/wp-content\/uploads\/2025\/09\/WhatsApp-Image-2025-12-02-at-16.23.20.jpeg","contentUrl":"https:\/\/homeofwool.com\/wp-content\/uploads\/2025\/09\/WhatsApp-Image-2025-12-02-at-16.23.20.jpeg","width":700,"height":247,"caption":"Home of Wool"},"image":{"@id":"https:\/\/homeofwool.com\/#\/schema\/logo\/image\/"},"sameAs":["https:\/\/facebook.com\/HomeOfWoolOfficial"]}]}},"_links":{"self":[{"href":"https:\/\/homeofwool.com\/de\/wp-json\/wp\/v2\/product\/217706","targetHints":{"allow":["GET"]}}],"collection":[{"href":"https:\/\/homeofwool.com\/de\/wp-json\/wp\/v2\/product"}],"about":[{"href":"https:\/\/homeofwool.com\/de\/wp-json\/wp\/v2\/types\/product"}],"version-history":[{"count":1,"href":"https:\/\/homeofwool.com\/de\/wp-json\/wp\/v2\/product\/217706\/revisions"}],"predecessor-version":[{"id":226688,"href":"https:\/\/homeofwool.com\/de\/wp-json\/wp\/v2\/product\/217706\/revisions\/226688"}],"wp:featuredmedia":[{"embeddable":true,"href":"https:\/\/homeofwool.com\/de\/wp-json\/wp\/v2\/media\/219331"}],"wp:attachment":[{"href":"https:\/\/homeofwool.com\/de\/wp-json\/wp\/v2\/media?parent=217706"}],"wp:term":[{"taxonomy":"product_brand","embeddable":true,"href":"https:\/\/homeofwool.com\/de\/wp-json\/wp\/v2\/product_brand?post=217706"},{"taxonomy":"product_cat","embeddable":true,"href":"https:\/\/homeofwool.com\/de\/wp-json\/wp\/v2\/product_cat?post=217706"},{"taxonomy":"product_tag","embeddable":true,"href":"https:\/\/homeofwool.com\/de\/wp-json\/wp\/v2\/product_tag?post=217706"}],"curies":[{"name":"wp","href":"https:\/\/api.w.org\/{rel}","templated":true}]}}