{"id":217704,"date":"2025-09-02T12:02:14","date_gmt":"2025-09-02T12:02:14","guid":{"rendered":"https:\/\/homeofwool.com\/?post_type=product&#038;p=217704"},"modified":"2026-02-11T09:28:04","modified_gmt":"2026-02-11T09:28:04","slug":"zabuton","status":"publish","type":"product","link":"https:\/\/homeofwool.com\/de\/shop\/zabuton\/","title":{"rendered":"Wolle Zabuton"},"content":{"rendered":"<p>Innen nur Bio-Wolle! Wir haben es mit nat\u00fcrlichen, ungef\u00e4rbten Stoffen gepaart, um einen Woll-Zabuton zu kreieren, der f\u00fcr Ihre Meditationspraxis den h\u00f6chsten Komfort bietet. Das Zabuton polstert Ihre Knie, Kn\u00f6chel und F\u00fc\u00dfe, w\u00e4hrend Sie sitzen, und hilft so, den Druck zu lindern und eine gesunde Ausrichtung zu unterst\u00fctzen. Jedes Zabuton-Kissen wird in Handarbeit aus nat\u00fcrlichen, nachhaltigen Materialien hergestellt, die auch f\u00fcr empfindliche Menschen und Allergiker geeignet sind.<\/p>\n<p>Auch bei der Form haben Sie die Freiheit zu entscheiden. W\u00e4hlen Sie zwischen einem klassischen rechteckigen oder einem runden Design. Der Stoff kann aus unserer Auswahl an langlebigen, nat\u00fcrlichen Textilien ausgew\u00e4hlt werden. Alle sind frei von Farbstoffen und chemischen Ausr\u00fcstungen. Die Gr\u00f6\u00dfen k\u00f6nnen auf Ihre W\u00fcnsche zugeschnitten werden. F\u00fcr eine wirklich pers\u00f6nliche Note k\u00f6nnen Sie sogar eine Stickerei hinzuf\u00fcgen. Wenn Sie das Tuch zwischen Wohnung und Atelier transportieren m\u00f6chten, k\u00f6nnen Sie es mit einer optionalen Tragetasche einfach und elegant transportieren.<\/p>\n<p>Ihr Meditationskissen ist vollst\u00e4ndig anpassbar und kann so auf Ihre Bed\u00fcrfnisse abgestimmt werden. Bonus! Wir haben einen abnehmbaren, waschbaren Bezug f\u00fcr einfache Pflege hinzugef\u00fcgt. Egal, ob Sie neu in der Meditation sind oder schon lange \u00fcben, dieses Zabuton-Kissen bietet Komfort, Unterst\u00fctzung und Haltbarkeit.<\/p>","protected":false},"excerpt":{"rendered":"<p>Finden Sie Ihre beste Meditationspraxis mit unserem handgefertigten Wool Zabuton. Ein st\u00fctzendes Meditationskissen, gef\u00fcllt mit reiner organischer Watte. Es st\u00fctzt Ihre Knie, Kn\u00f6chel und F\u00fc\u00dfe, damit Sie sich mit Leichtigkeit niederlassen und w\u00e4hrend Ihrer Praxis konzentriert bleiben k\u00f6nnen.<\/p>\n<div class=\"global-icon-set\">\n<div class=\"global-icon-set__items\">\n<div class=\"global-icon-set__item\">\n<div class=\"global-icon-set__image\">\n                                    <img decoding=\"async\" src=\"https:\/\/homeofwool.com\/wp-content\/uploads\/2025\/09\/handmade-icon-300x300.png\" alt=\"handgefertigte Ikone\" \/>\n                                <\/div>\n<div class=\"global-icon-set__title\">Handgefertigt<\/div>\n<\/p><\/div>\n<div class=\"global-icon-set__item\">\n<div class=\"global-icon-set__image\">\n                                    <img decoding=\"async\" src=\"https:\/\/homeofwool.com\/wp-content\/uploads\/2025\/09\/VOCs-min-300x300.png\" alt=\"vocs frei\" \/>\n                                <\/div>\n<div class=\"global-icon-set__title\">VOC-frei<\/div>\n<\/p><\/div>\n<div class=\"global-icon-set__item\">\n<div class=\"global-icon-set__image\">\n                                    <img decoding=\"async\" src=\"https:\/\/homeofwool.com\/wp-content\/uploads\/2025\/09\/FR-min-300x300.png\" alt=\"feuerfestes Symbol\" \/>\n                                <\/div>\n<div class=\"global-icon-set__title\">Schwer entflammbar<\/div>\n<\/p><\/div>\n<div class=\"global-icon-set__item\">\n<div class=\"global-icon-set__image\">\n                                    <img decoding=\"async\" src=\"https:\/\/homeofwool.com\/wp-content\/uploads\/2025\/09\/Hypoallergenic-min-300x300.png\" alt=\"hypoallergenes Symbol\" \/>\n                                <\/div>\n<div class=\"global-icon-set__title\">Hypoallergen<\/div>\n<\/p><\/div>\n<div class=\"global-icon-set__item\">\n<div class=\"global-icon-set__image\">\n                                    <img decoding=\"async\" src=\"https:\/\/homeofwool.com\/wp-content\/uploads\/2025\/09\/free-of-synthetics-icon-300x300.png\" alt=\"frei von synthetischen Stoffen Symbol\" \/>\n                                <\/div>\n<div class=\"global-icon-set__title\">Frei von synthetischen Stoffen<\/div>\n<\/p><\/div>\n<div class=\"global-icon-set__item\">\n<div class=\"global-icon-set__image\">\n                                    <img decoding=\"async\" src=\"https:\/\/homeofwool.com\/wp-content\/uploads\/2025\/09\/chemical-free-icon-300x300.png\" alt=\"Symbol f\u00fcr Chemikalienfreiheit\" \/>\n                                <\/div>\n<div class=\"global-icon-set__title\">Chemikalienfrei<\/div>\n<\/p><\/div>\n<div class=\"global-icon-set__item\">\n<div class=\"global-icon-set__image\">\n                                    <img decoding=\"async\" src=\"https:\/\/homeofwool.com\/wp-content\/uploads\/2025\/09\/anti-bacterial-icon-300x300.png\" alt=\"antibakterielles Symbol\" \/>\n                                <\/div>\n<div class=\"global-icon-set__title\">Anti-mikrobiell &amp; Anti-bakteriell<\/div>\n<\/p><\/div>\n<div class=\"global-icon-set__item\">\n<div class=\"global-icon-set__image\">\n                                    <img decoding=\"async\" src=\"https:\/\/homeofwool.com\/wp-content\/uploads\/2025\/09\/certified-materials-icon-300x300.png\" alt=\"Symbol f\u00fcr zertifizierte Materialien\" \/>\n                                <\/div>\n<div class=\"global-icon-set__title\">100% Reine zertifizierte Materialien<\/div>\n<\/p><\/div>\n<\/p><\/div>\n<\/p><\/div>","protected":false},"featured_media":219574,"template":"","meta":{"_acf_changed":false},"product_brand":[],"product_cat":[557,302],"product_tag":[783,530,305,149,784,309,311,312,313],"class_list":{"0":"post-217704","1":"product","2":"type-product","3":"status-publish","4":"has-post-thumbnail","6":"product_cat-new","7":"product_cat-yoga-and-exercise","8":"product_tag-japanese-zabuton","9":"product_tag-meditation-cushion","10":"product_tag-meditation-floor-pillows","11":"product_tag-steps","12":"product_tag-zabuton","13":"product_tag-zabuton-cushion","14":"product_tag-zabuton-meditation-cushion","15":"product_tag-zafu-and-zabuton","16":"product_tag-zafu-cushion","18":"first","19":"instock","20":"shipping-taxable","21":"purchasable","22":"product-type-simple"},"acf":[],"yoast_head":"<!-- This site is optimized with the Yoast SEO Premium plugin v27.3 (Yoast SEO v27.3) - https:\/\/yoast.com\/product\/yoast-seo-premium-wordpress\/ -->\n<title>Zabuton \u2013 Organic Meditation Cushion | Home of Wool<\/title>\n<meta name=\"description\" content=\"Breathable and hypoallergenic, the Zabuton meditation cushion is crafted with organic wool filling. Toxin-free and supportive, it provides natural comfort for yoga, sitting, and mindfulness.\" \/>\n<meta name=\"robots\" content=\"index, follow, max-snippet:-1, max-image-preview:large, max-video-preview:-1\" \/>\n<link rel=\"canonical\" href=\"https:\/\/homeofwool.com\/de\/shop\/zabuton\/\" \/>\n<meta property=\"og:locale\" content=\"de_DE\" \/>\n<meta property=\"og:type\" content=\"article\" \/>\n<meta property=\"og:title\" content=\"Wool Zabuton\" \/>\n<meta property=\"og:description\" content=\"Breathable and hypoallergenic, the Zabuton meditation cushion is crafted with organic wool filling. Toxin-free and supportive, it provides natural comfort for yoga, sitting, and mindfulness.\" \/>\n<meta property=\"og:url\" content=\"https:\/\/homeofwool.com\/de\/shop\/zabuton\/\" \/>\n<meta property=\"og:site_name\" content=\"Home of Wool\" \/>\n<meta property=\"article:publisher\" content=\"https:\/\/facebook.com\/HomeOfWoolOfficial\" \/>\n<meta property=\"article:modified_time\" content=\"2026-02-11T09:28:04+00:00\" \/>\n<meta property=\"og:image\" content=\"https:\/\/homeofwool.com\/wp-content\/uploads\/2025\/09\/home-of-wool-wool-zabuton-4.jpg\" \/>\n\t<meta property=\"og:image:width\" content=\"2000\" \/>\n\t<meta property=\"og:image:height\" content=\"1600\" \/>\n\t<meta property=\"og:image:type\" content=\"image\/jpeg\" \/>\n<meta name=\"twitter:card\" content=\"summary_large_image\" \/>\n<meta name=\"twitter:label1\" content=\"Gesch\u00e4tzte Lesezeit\" \/>\n\t<meta name=\"twitter:data1\" content=\"1\u00a0Minute\" \/>\n<script type=\"application\/ld+json\" class=\"yoast-schema-graph\">{\"@context\":\"https:\\\/\\\/schema.org\",\"@graph\":[{\"@type\":\"WebPage\",\"@id\":\"https:\\\/\\\/homeofwool.com\\\/shop\\\/zabuton\\\/\",\"url\":\"https:\\\/\\\/homeofwool.com\\\/shop\\\/zabuton\\\/\",\"name\":\"Zabuton \u2013 Organic Meditation Cushion | Home of Wool\",\"isPartOf\":{\"@id\":\"https:\\\/\\\/homeofwool.com\\\/#website\"},\"primaryImageOfPage\":{\"@id\":\"https:\\\/\\\/homeofwool.com\\\/shop\\\/zabuton\\\/#primaryimage\"},\"image\":{\"@id\":\"https:\\\/\\\/homeofwool.com\\\/shop\\\/zabuton\\\/#primaryimage\"},\"thumbnailUrl\":\"https:\\\/\\\/homeofwool.com\\\/wp-content\\\/uploads\\\/2025\\\/09\\\/home-of-wool-wool-zabuton-4.jpg\",\"datePublished\":\"2025-09-02T12:02:14+00:00\",\"dateModified\":\"2026-02-11T09:28:04+00:00\",\"description\":\"Breathable and hypoallergenic, the Zabuton meditation cushion is crafted with organic wool filling. Toxin-free and supportive, it provides natural comfort for yoga, sitting, and mindfulness.\",\"breadcrumb\":{\"@id\":\"https:\\\/\\\/homeofwool.com\\\/shop\\\/zabuton\\\/#breadcrumb\"},\"inLanguage\":\"de\",\"potentialAction\":[{\"@type\":\"ReadAction\",\"target\":[\"https:\\\/\\\/homeofwool.com\\\/shop\\\/zabuton\\\/\"]}]},{\"@type\":\"ImageObject\",\"inLanguage\":\"de\",\"@id\":\"https:\\\/\\\/homeofwool.com\\\/shop\\\/zabuton\\\/#primaryimage\",\"url\":\"https:\\\/\\\/homeofwool.com\\\/wp-content\\\/uploads\\\/2025\\\/09\\\/home-of-wool-wool-zabuton-4.jpg\",\"contentUrl\":\"https:\\\/\\\/homeofwool.com\\\/wp-content\\\/uploads\\\/2025\\\/09\\\/home-of-wool-wool-zabuton-4.jpg\",\"width\":2000,\"height\":1600,\"caption\":\"wool zabuton with a person doing yoga\"},{\"@type\":\"BreadcrumbList\",\"@id\":\"https:\\\/\\\/homeofwool.com\\\/shop\\\/zabuton\\\/#breadcrumb\",\"itemListElement\":[{\"@type\":\"ListItem\",\"position\":1,\"name\":\"Home\",\"item\":\"https:\\\/\\\/homeofwool.com\\\/\"},{\"@type\":\"ListItem\",\"position\":2,\"name\":\"Products\",\"item\":\"https:\\\/\\\/homeofwool.com\\\/header-search-2\\\/\"},{\"@type\":\"ListItem\",\"position\":3,\"name\":\"Wool Zabuton\"}]},{\"@type\":\"WebSite\",\"@id\":\"https:\\\/\\\/homeofwool.com\\\/#website\",\"url\":\"https:\\\/\\\/homeofwool.com\\\/\",\"name\":\"Home of Wool\",\"description\":\"\",\"publisher\":{\"@id\":\"https:\\\/\\\/homeofwool.com\\\/#organization\"},\"potentialAction\":[{\"@type\":\"SearchAction\",\"target\":{\"@type\":\"EntryPoint\",\"urlTemplate\":\"https:\\\/\\\/homeofwool.com\\\/?s={search_term_string}\"},\"query-input\":{\"@type\":\"PropertyValueSpecification\",\"valueRequired\":true,\"valueName\":\"search_term_string\"}}],\"inLanguage\":\"de\"},{\"@type\":\"Organization\",\"@id\":\"https:\\\/\\\/homeofwool.com\\\/#organization\",\"name\":\"Home of Wool\",\"url\":\"https:\\\/\\\/homeofwool.com\\\/\",\"logo\":{\"@type\":\"ImageObject\",\"inLanguage\":\"de\",\"@id\":\"https:\\\/\\\/homeofwool.com\\\/#\\\/schema\\\/logo\\\/image\\\/\",\"url\":\"https:\\\/\\\/homeofwool.com\\\/wp-content\\\/uploads\\\/2025\\\/09\\\/WhatsApp-Image-2025-12-02-at-16.23.20.jpeg\",\"contentUrl\":\"https:\\\/\\\/homeofwool.com\\\/wp-content\\\/uploads\\\/2025\\\/09\\\/WhatsApp-Image-2025-12-02-at-16.23.20.jpeg\",\"width\":700,\"height\":247,\"caption\":\"Home of Wool\"},\"image\":{\"@id\":\"https:\\\/\\\/homeofwool.com\\\/#\\\/schema\\\/logo\\\/image\\\/\"},\"sameAs\":[\"https:\\\/\\\/facebook.com\\\/HomeOfWoolOfficial\"]}]}<\/script>\n<!-- \/ Yoast SEO Premium plugin. -->","yoast_head_json":{"title":"Zabuton - Bio-Meditationskissen | Home of Wool","description":"Das atmungsaktive und hypoallergene Zabuton-Meditationskissen ist mit einer F\u00fcllung aus Bio-Wolle hergestellt. Es ist giftfrei und st\u00fctzend und bietet nat\u00fcrlichen Komfort f\u00fcr Yoga, Sitzen und Achtsamkeit.","robots":{"index":"index","follow":"follow","max-snippet":"max-snippet:-1","max-image-preview":"max-image-preview:large","max-video-preview":"max-video-preview:-1"},"canonical":"https:\/\/homeofwool.com\/de\/shop\/zabuton\/","og_locale":"de_DE","og_type":"article","og_title":"Wool Zabuton","og_description":"Breathable and hypoallergenic, the Zabuton meditation cushion is crafted with organic wool filling. Toxin-free and supportive, it provides natural comfort for yoga, sitting, and mindfulness.","og_url":"https:\/\/homeofwool.com\/de\/shop\/zabuton\/","og_site_name":"Home of Wool","article_publisher":"https:\/\/facebook.com\/HomeOfWoolOfficial","article_modified_time":"2026-02-11T09:28:04+00:00","og_image":[{"width":2000,"height":1600,"url":"https:\/\/homeofwool.com\/wp-content\/uploads\/2025\/09\/home-of-wool-wool-zabuton-4.jpg","type":"image\/jpeg"}],"twitter_card":"summary_large_image","twitter_misc":{"Gesch\u00e4tzte Lesezeit":"1\u00a0Minute"},"schema":{"@context":"https:\/\/schema.org","@graph":[{"@type":"WebPage","@id":"https:\/\/homeofwool.com\/shop\/zabuton\/","url":"https:\/\/homeofwool.com\/shop\/zabuton\/","name":"Zabuton - Bio-Meditationskissen | Home of Wool","isPartOf":{"@id":"https:\/\/homeofwool.com\/#website"},"primaryImageOfPage":{"@id":"https:\/\/homeofwool.com\/shop\/zabuton\/#primaryimage"},"image":{"@id":"https:\/\/homeofwool.com\/shop\/zabuton\/#primaryimage"},"thumbnailUrl":"https:\/\/homeofwool.com\/wp-content\/uploads\/2025\/09\/home-of-wool-wool-zabuton-4.jpg","datePublished":"2025-09-02T12:02:14+00:00","dateModified":"2026-02-11T09:28:04+00:00","description":"Das atmungsaktive und hypoallergene Zabuton-Meditationskissen ist mit einer F\u00fcllung aus Bio-Wolle hergestellt. Es ist giftfrei und st\u00fctzend und bietet nat\u00fcrlichen Komfort f\u00fcr Yoga, Sitzen und Achtsamkeit.","breadcrumb":{"@id":"https:\/\/homeofwool.com\/shop\/zabuton\/#breadcrumb"},"inLanguage":"de","potentialAction":[{"@type":"ReadAction","target":["https:\/\/homeofwool.com\/shop\/zabuton\/"]}]},{"@type":"ImageObject","inLanguage":"de","@id":"https:\/\/homeofwool.com\/shop\/zabuton\/#primaryimage","url":"https:\/\/homeofwool.com\/wp-content\/uploads\/2025\/09\/home-of-wool-wool-zabuton-4.jpg","contentUrl":"https:\/\/homeofwool.com\/wp-content\/uploads\/2025\/09\/home-of-wool-wool-zabuton-4.jpg","width":2000,"height":1600,"caption":"wool zabuton with a person doing yoga"},{"@type":"BreadcrumbList","@id":"https:\/\/homeofwool.com\/shop\/zabuton\/#breadcrumb","itemListElement":[{"@type":"ListItem","position":1,"name":"Home","item":"https:\/\/homeofwool.com\/"},{"@type":"ListItem","position":2,"name":"Products","item":"https:\/\/homeofwool.com\/header-search-2\/"},{"@type":"ListItem","position":3,"name":"Wool Zabuton"}]},{"@type":"WebSite","@id":"https:\/\/homeofwool.com\/#website","url":"https:\/\/homeofwool.com\/","name":"Heimat der Wolle","description":"","publisher":{"@id":"https:\/\/homeofwool.com\/#organization"},"potentialAction":[{"@type":"SearchAction","target":{"@type":"EntryPoint","urlTemplate":"https:\/\/homeofwool.com\/?s={search_term_string}"},"query-input":{"@type":"PropertyValueSpecification","valueRequired":true,"valueName":"search_term_string"}}],"inLanguage":"de"},{"@type":"Organization","@id":"https:\/\/homeofwool.com\/#organization","name":"Heimat der Wolle","url":"https:\/\/homeofwool.com\/","logo":{"@type":"ImageObject","inLanguage":"de","@id":"https:\/\/homeofwool.com\/#\/schema\/logo\/image\/","url":"https:\/\/homeofwool.com\/wp-content\/uploads\/2025\/09\/WhatsApp-Image-2025-12-02-at-16.23.20.jpeg","contentUrl":"https:\/\/homeofwool.com\/wp-content\/uploads\/2025\/09\/WhatsApp-Image-2025-12-02-at-16.23.20.jpeg","width":700,"height":247,"caption":"Home of Wool"},"image":{"@id":"https:\/\/homeofwool.com\/#\/schema\/logo\/image\/"},"sameAs":["https:\/\/facebook.com\/HomeOfWoolOfficial"]}]}},"_links":{"self":[{"href":"https:\/\/homeofwool.com\/de\/wp-json\/wp\/v2\/product\/217704","targetHints":{"allow":["GET"]}}],"collection":[{"href":"https:\/\/homeofwool.com\/de\/wp-json\/wp\/v2\/product"}],"about":[{"href":"https:\/\/homeofwool.com\/de\/wp-json\/wp\/v2\/types\/product"}],"version-history":[{"count":1,"href":"https:\/\/homeofwool.com\/de\/wp-json\/wp\/v2\/product\/217704\/revisions"}],"predecessor-version":[{"id":226665,"href":"https:\/\/homeofwool.com\/de\/wp-json\/wp\/v2\/product\/217704\/revisions\/226665"}],"wp:featuredmedia":[{"embeddable":true,"href":"https:\/\/homeofwool.com\/de\/wp-json\/wp\/v2\/media\/219574"}],"wp:attachment":[{"href":"https:\/\/homeofwool.com\/de\/wp-json\/wp\/v2\/media?parent=217704"}],"wp:term":[{"taxonomy":"product_brand","embeddable":true,"href":"https:\/\/homeofwool.com\/de\/wp-json\/wp\/v2\/product_brand?post=217704"},{"taxonomy":"product_cat","embeddable":true,"href":"https:\/\/homeofwool.com\/de\/wp-json\/wp\/v2\/product_cat?post=217704"},{"taxonomy":"product_tag","embeddable":true,"href":"https:\/\/homeofwool.com\/de\/wp-json\/wp\/v2\/product_tag?post=217704"}],"curies":[{"name":"wp","href":"https:\/\/api.w.org\/{rel}","templated":true}]}}