{"id":217700,"date":"2025-09-02T12:02:14","date_gmt":"2025-09-02T12:02:14","guid":{"rendered":"https:\/\/homeofwool.com\/?post_type=product&#038;p=217700"},"modified":"2026-01-27T14:07:26","modified_gmt":"2026-01-27T14:07:26","slug":"feine-merinowolldecke","status":"publish","type":"product","link":"https:\/\/homeofwool.com\/de\/shop\/fine-merino-wool-blanket\/","title":{"rendered":"Decke aus Merinowolle"},"content":{"rendered":"<p>Die Merinowoll-Decke vereint die Weichheit der Natur mit der handwerklichen Kunstfertigkeit bulgarischer Weber, die ihr Handwerk \u00fcber Generationen hinweg perfektioniert haben. Sie ist vollst\u00e4ndig aus 100%-Wolle gewebt und hat eine glatte und luftige Textur. Die Weichheit sp\u00fcrt man sofort. Die nat\u00fcrlichen Fasern sorgen f\u00fcr Komfort, egal ob Sie schlafen oder einfach nur faulenzen. Es ist leicht zu verstehen, warum diese weiche Merino-Decke aus Home of Wool bei unseren Kunden so beliebt ist.<\/p>\n<p>Da es sich um eine chemikalienfreie Decke handelt, ist sie perfekt f\u00fcr alle, die unter Allergien oder Empfindlichkeiten leiden. Wolle erledigt die Arbeit f\u00fcr Sie. Sie h\u00e4lt Hausstaubmilben fern. Auf diese Weise tr\u00e4gt sie dazu bei, dass Ihr Schlafzimmer frisch und gesund bleibt. Wenn Sie also auf der Suche nach einer hypoallergenen Decke sind, die wirklich rein ist, k\u00f6nnte dies genau das sein, wonach Sie gesucht haben.<\/p>\n<p>Diese luxuri\u00f6se Wolldecke wurde f\u00fcr jahrelangen Komfort gewebt und besteht aus erneuerbaren und biologisch abbaubaren Fasern, die mit der Zeit immer weicher und seidiger werden. Ob Sie nun auf dem Sofa entspannen oder Ihrem Bett eine zus\u00e4tzliche Komfortschicht hinzuf\u00fcgen m\u00f6chten \u2013 diese Decke bietet Ihnen die ruhige W\u00e4rme und schlichte Sch\u00f6nheit einer umweltfreundlichen Decke und ist ein Erbst\u00fcck, an dem Sie jahrelang Freude haben werden.<\/p>\n<p><strong>GR\u00d6SSEN:<\/strong><\/p>\n<p>Gro\u00df: 150 cm x 200 cm<\/p>\n<p><strong>GEWICHT:<\/strong> 2,5 lb \/ 1,15 kg<\/p>\n<p>Klein: 100,1 x 149,9 cm (39,4 x 59 Zoll)<\/p>\n<p><strong>GEWICHT:<\/strong> 1,54 lb \/ 0,70 kg<\/p>","protected":false},"excerpt":{"rendered":"<p>Sie fragen sich, wie sich wolkengleiche Weichheit anf\u00fchlt? Erleben Sie es in der Umarmung dieser Wolldecke 100%, die aus feinstem Merino f\u00fcr Ihren nat\u00fcrlichen Komfort hergestellt wird. Sie ist v\u00f6llig chemiefrei und atmungsaktiv und bietet saubere W\u00e4rme, die Sie beim Schlafen oder Faulenzen auf der Couch besser ausruhen l\u00e4sst.<\/p>","protected":false},"featured_media":223151,"template":"","meta":{"_acf_changed":false},"product_brand":[],"product_cat":[316,557,1366,60],"product_tag":[61,62,63,65,772,773,774,68],"class_list":{"0":"post-217700","1":"product","2":"type-product","3":"status-publish","4":"has-post-thumbnail","6":"product_cat-mothers-day","7":"product_cat-new","8":"product_cat-womens-day","9":"product_cat-blankets-duvets","10":"product_tag-all-natural-wool-blankets","11":"product_tag-chemical-free-wool-blanket","12":"product_tag-handmade-blanket","13":"product_tag-large-wool-blanket","14":"product_tag-merino-travel-blanket","15":"product_tag-merino-wool-blanket","16":"product_tag-organic-merino-wool-blanket","17":"product_tag-throws-for-beds","19":"first","20":"instock","21":"shipping-taxable","22":"purchasable","23":"product-type-variable"},"acf":[],"yoast_head":"<!-- This site is optimized with the Yoast SEO Premium plugin v27.4 (Yoast SEO v27.4) - https:\/\/yoast.com\/product\/yoast-seo-premium-wordpress\/ -->\n<title>Merino Wool Blanket \u2013 Pure Softness, Lasting Warmth | Home of Wool<\/title>\n<meta name=\"description\" content=\"Breathable and hypoallergenic, the Merino Wool Blanket delivers natural softness. Toxin-free and sustainable, it ensures lasting warmth and organic comfort all season long.\" \/>\n<meta name=\"robots\" content=\"index, follow, max-snippet:-1, max-image-preview:large, max-video-preview:-1\" \/>\n<link rel=\"canonical\" href=\"https:\/\/homeofwool.com\/de\/shop\/feine-merinowolldecke\/\" \/>\n<meta property=\"og:locale\" content=\"de_DE\" \/>\n<meta property=\"og:type\" content=\"article\" \/>\n<meta property=\"og:title\" content=\"Merino Wool Blanket\" \/>\n<meta property=\"og:description\" content=\"Breathable and hypoallergenic, the Merino Wool Blanket delivers natural softness. Toxin-free and sustainable, it ensures lasting warmth and organic comfort all season long.\" \/>\n<meta property=\"og:url\" content=\"https:\/\/homeofwool.com\/de\/shop\/feine-merinowolldecke\/\" \/>\n<meta property=\"og:site_name\" content=\"Home of Wool\" \/>\n<meta property=\"article:publisher\" content=\"https:\/\/facebook.com\/HomeOfWoolOfficial\" \/>\n<meta property=\"article:modified_time\" content=\"2026-01-27T14:07:26+00:00\" \/>\n<meta property=\"og:image\" content=\"https:\/\/homeofwool.com\/wp-content\/uploads\/2025\/09\/home-of-wool-merino-wool-blanket-1-main.jpg\" \/>\n\t<meta property=\"og:image:width\" content=\"1525\" \/>\n\t<meta property=\"og:image:height\" content=\"1220\" \/>\n\t<meta property=\"og:image:type\" content=\"image\/jpeg\" \/>\n<meta name=\"twitter:card\" content=\"summary_large_image\" \/>\n<meta name=\"twitter:label1\" content=\"Gesch\u00e4tzte Lesezeit\" \/>\n\t<meta name=\"twitter:data1\" content=\"2\u00a0Minuten\" \/>\n<script type=\"application\/ld+json\" class=\"yoast-schema-graph\">{\"@context\":\"https:\\\/\\\/schema.org\",\"@graph\":[{\"@type\":\"WebPage\",\"@id\":\"https:\\\/\\\/homeofwool.com\\\/it\\\/negozio\\\/morbida-coperta-in-lana-merino\\\/\",\"url\":\"https:\\\/\\\/homeofwool.com\\\/it\\\/negozio\\\/morbida-coperta-in-lana-merino\\\/\",\"name\":\"Merino Wool Blanket \u2013 Pure Softness, Lasting Warmth | Home of Wool\",\"isPartOf\":{\"@id\":\"https:\\\/\\\/homeofwool.com\\\/#website\"},\"primaryImageOfPage\":{\"@id\":\"https:\\\/\\\/homeofwool.com\\\/it\\\/negozio\\\/morbida-coperta-in-lana-merino\\\/#primaryimage\"},\"image\":{\"@id\":\"https:\\\/\\\/homeofwool.com\\\/it\\\/negozio\\\/morbida-coperta-in-lana-merino\\\/#primaryimage\"},\"thumbnailUrl\":\"https:\\\/\\\/homeofwool.com\\\/wp-content\\\/uploads\\\/2025\\\/09\\\/home-of-wool-merino-wool-blanket-1-main.jpg\",\"datePublished\":\"2025-09-02T12:02:14+00:00\",\"dateModified\":\"2026-01-27T14:07:26+00:00\",\"description\":\"Breathable and hypoallergenic, the Merino Wool Blanket delivers natural softness. Toxin-free and sustainable, it ensures lasting warmth and organic comfort all season long.\",\"breadcrumb\":{\"@id\":\"https:\\\/\\\/homeofwool.com\\\/it\\\/negozio\\\/morbida-coperta-in-lana-merino\\\/#breadcrumb\"},\"inLanguage\":\"de\",\"potentialAction\":[{\"@type\":\"ReadAction\",\"target\":[\"https:\\\/\\\/homeofwool.com\\\/it\\\/negozio\\\/morbida-coperta-in-lana-merino\\\/\"]}]},{\"@type\":\"ImageObject\",\"inLanguage\":\"de\",\"@id\":\"https:\\\/\\\/homeofwool.com\\\/it\\\/negozio\\\/morbida-coperta-in-lana-merino\\\/#primaryimage\",\"url\":\"https:\\\/\\\/homeofwool.com\\\/wp-content\\\/uploads\\\/2025\\\/09\\\/home-of-wool-merino-wool-blanket-1-main.jpg\",\"contentUrl\":\"https:\\\/\\\/homeofwool.com\\\/wp-content\\\/uploads\\\/2025\\\/09\\\/home-of-wool-merino-wool-blanket-1-main.jpg\",\"width\":1525,\"height\":1220,\"caption\":\"Fine merino wool blanket in a home setting on a sofa\"},{\"@type\":\"BreadcrumbList\",\"@id\":\"https:\\\/\\\/homeofwool.com\\\/it\\\/negozio\\\/morbida-coperta-in-lana-merino\\\/#breadcrumb\",\"itemListElement\":[{\"@type\":\"ListItem\",\"position\":1,\"name\":\"Home\",\"item\":\"https:\\\/\\\/homeofwool.com\\\/\"},{\"@type\":\"ListItem\",\"position\":2,\"name\":\"Products\",\"item\":\"https:\\\/\\\/homeofwool.com\\\/header-search-2\\\/\"},{\"@type\":\"ListItem\",\"position\":3,\"name\":\"Merino Wool Blanket\"}]},{\"@type\":\"WebSite\",\"@id\":\"https:\\\/\\\/homeofwool.com\\\/#website\",\"url\":\"https:\\\/\\\/homeofwool.com\\\/\",\"name\":\"Home of Wool\",\"description\":\"\",\"publisher\":{\"@id\":\"https:\\\/\\\/homeofwool.com\\\/#organization\"},\"potentialAction\":[{\"@type\":\"SearchAction\",\"target\":{\"@type\":\"EntryPoint\",\"urlTemplate\":\"https:\\\/\\\/homeofwool.com\\\/?s={search_term_string}\"},\"query-input\":{\"@type\":\"PropertyValueSpecification\",\"valueRequired\":true,\"valueName\":\"search_term_string\"}}],\"inLanguage\":\"de\"},{\"@type\":\"Organization\",\"@id\":\"https:\\\/\\\/homeofwool.com\\\/#organization\",\"name\":\"Home of Wool\",\"url\":\"https:\\\/\\\/homeofwool.com\\\/\",\"logo\":{\"@type\":\"ImageObject\",\"inLanguage\":\"de\",\"@id\":\"https:\\\/\\\/homeofwool.com\\\/#\\\/schema\\\/logo\\\/image\\\/\",\"url\":\"https:\\\/\\\/homeofwool.com\\\/wp-content\\\/uploads\\\/2025\\\/09\\\/WhatsApp-Image-2025-12-02-at-16.23.20.jpeg\",\"contentUrl\":\"https:\\\/\\\/homeofwool.com\\\/wp-content\\\/uploads\\\/2025\\\/09\\\/WhatsApp-Image-2025-12-02-at-16.23.20.jpeg\",\"width\":700,\"height\":247,\"caption\":\"Home of Wool\"},\"image\":{\"@id\":\"https:\\\/\\\/homeofwool.com\\\/#\\\/schema\\\/logo\\\/image\\\/\"},\"sameAs\":[\"https:\\\/\\\/facebook.com\\\/HomeOfWoolOfficial\"]}]}<\/script>\n<!-- \/ Yoast SEO Premium plugin. -->","yoast_head_json":{"title":"Merinowolle-Decke \u2013 Pure Weichheit, lang anhaltende W\u00e4rme | Home of Wool","description":"Die Merinowolldecke ist atmungsaktiv und hypoallergen und bietet nat\u00fcrliche Weichheit. Sie ist frei von Giftstoffen und nachhaltig und sorgt die ganze Saison \u00fcber f\u00fcr anhaltende W\u00e4rme und organischen Komfort.","robots":{"index":"index","follow":"follow","max-snippet":"max-snippet:-1","max-image-preview":"max-image-preview:large","max-video-preview":"max-video-preview:-1"},"canonical":"https:\/\/homeofwool.com\/de\/shop\/feine-merinowolldecke\/","og_locale":"de_DE","og_type":"article","og_title":"Merino Wool Blanket","og_description":"Breathable and hypoallergenic, the Merino Wool Blanket delivers natural softness. Toxin-free and sustainable, it ensures lasting warmth and organic comfort all season long.","og_url":"https:\/\/homeofwool.com\/de\/shop\/feine-merinowolldecke\/","og_site_name":"Home of Wool","article_publisher":"https:\/\/facebook.com\/HomeOfWoolOfficial","article_modified_time":"2026-01-27T14:07:26+00:00","og_image":[{"width":1525,"height":1220,"url":"https:\/\/homeofwool.com\/wp-content\/uploads\/2025\/09\/home-of-wool-merino-wool-blanket-1-main.jpg","type":"image\/jpeg"}],"twitter_card":"summary_large_image","twitter_misc":{"Gesch\u00e4tzte Lesezeit":"2\u00a0Minuten"},"schema":{"@context":"https:\/\/schema.org","@graph":[{"@type":"WebPage","@id":"https:\/\/homeofwool.com\/it\/negozio\/morbida-coperta-in-lana-merino\/","url":"https:\/\/homeofwool.com\/it\/negozio\/morbida-coperta-in-lana-merino\/","name":"Merinowolle-Decke \u2013 Pure Weichheit, lang anhaltende W\u00e4rme | Home of Wool","isPartOf":{"@id":"https:\/\/homeofwool.com\/#website"},"primaryImageOfPage":{"@id":"https:\/\/homeofwool.com\/it\/negozio\/morbida-coperta-in-lana-merino\/#primaryimage"},"image":{"@id":"https:\/\/homeofwool.com\/it\/negozio\/morbida-coperta-in-lana-merino\/#primaryimage"},"thumbnailUrl":"https:\/\/homeofwool.com\/wp-content\/uploads\/2025\/09\/home-of-wool-merino-wool-blanket-1-main.jpg","datePublished":"2025-09-02T12:02:14+00:00","dateModified":"2026-01-27T14:07:26+00:00","description":"Die Merinowolldecke ist atmungsaktiv und hypoallergen und bietet nat\u00fcrliche Weichheit. Sie ist frei von Giftstoffen und nachhaltig und sorgt die ganze Saison \u00fcber f\u00fcr anhaltende W\u00e4rme und organischen Komfort.","breadcrumb":{"@id":"https:\/\/homeofwool.com\/it\/negozio\/morbida-coperta-in-lana-merino\/#breadcrumb"},"inLanguage":"de","potentialAction":[{"@type":"ReadAction","target":["https:\/\/homeofwool.com\/it\/negozio\/morbida-coperta-in-lana-merino\/"]}]},{"@type":"ImageObject","inLanguage":"de","@id":"https:\/\/homeofwool.com\/it\/negozio\/morbida-coperta-in-lana-merino\/#primaryimage","url":"https:\/\/homeofwool.com\/wp-content\/uploads\/2025\/09\/home-of-wool-merino-wool-blanket-1-main.jpg","contentUrl":"https:\/\/homeofwool.com\/wp-content\/uploads\/2025\/09\/home-of-wool-merino-wool-blanket-1-main.jpg","width":1525,"height":1220,"caption":"Fine merino wool blanket in a home setting on a sofa"},{"@type":"BreadcrumbList","@id":"https:\/\/homeofwool.com\/it\/negozio\/morbida-coperta-in-lana-merino\/#breadcrumb","itemListElement":[{"@type":"ListItem","position":1,"name":"Home","item":"https:\/\/homeofwool.com\/"},{"@type":"ListItem","position":2,"name":"Products","item":"https:\/\/homeofwool.com\/header-search-2\/"},{"@type":"ListItem","position":3,"name":"Merino Wool Blanket"}]},{"@type":"WebSite","@id":"https:\/\/homeofwool.com\/#website","url":"https:\/\/homeofwool.com\/","name":"Heimat der Wolle","description":"","publisher":{"@id":"https:\/\/homeofwool.com\/#organization"},"potentialAction":[{"@type":"SearchAction","target":{"@type":"EntryPoint","urlTemplate":"https:\/\/homeofwool.com\/?s={search_term_string}"},"query-input":{"@type":"PropertyValueSpecification","valueRequired":true,"valueName":"search_term_string"}}],"inLanguage":"de"},{"@type":"Organization","@id":"https:\/\/homeofwool.com\/#organization","name":"Heimat der Wolle","url":"https:\/\/homeofwool.com\/","logo":{"@type":"ImageObject","inLanguage":"de","@id":"https:\/\/homeofwool.com\/#\/schema\/logo\/image\/","url":"https:\/\/homeofwool.com\/wp-content\/uploads\/2025\/09\/WhatsApp-Image-2025-12-02-at-16.23.20.jpeg","contentUrl":"https:\/\/homeofwool.com\/wp-content\/uploads\/2025\/09\/WhatsApp-Image-2025-12-02-at-16.23.20.jpeg","width":700,"height":247,"caption":"Home of Wool"},"image":{"@id":"https:\/\/homeofwool.com\/#\/schema\/logo\/image\/"},"sameAs":["https:\/\/facebook.com\/HomeOfWoolOfficial"]}]}},"_links":{"self":[{"href":"https:\/\/homeofwool.com\/de\/wp-json\/wp\/v2\/product\/217700","targetHints":{"allow":["GET"]}}],"collection":[{"href":"https:\/\/homeofwool.com\/de\/wp-json\/wp\/v2\/product"}],"about":[{"href":"https:\/\/homeofwool.com\/de\/wp-json\/wp\/v2\/types\/product"}],"version-history":[{"count":2,"href":"https:\/\/homeofwool.com\/de\/wp-json\/wp\/v2\/product\/217700\/revisions"}],"predecessor-version":[{"id":226108,"href":"https:\/\/homeofwool.com\/de\/wp-json\/wp\/v2\/product\/217700\/revisions\/226108"}],"wp:featuredmedia":[{"embeddable":true,"href":"https:\/\/homeofwool.com\/de\/wp-json\/wp\/v2\/media\/223151"}],"wp:attachment":[{"href":"https:\/\/homeofwool.com\/de\/wp-json\/wp\/v2\/media?parent=217700"}],"wp:term":[{"taxonomy":"product_brand","embeddable":true,"href":"https:\/\/homeofwool.com\/de\/wp-json\/wp\/v2\/product_brand?post=217700"},{"taxonomy":"product_cat","embeddable":true,"href":"https:\/\/homeofwool.com\/de\/wp-json\/wp\/v2\/product_cat?post=217700"},{"taxonomy":"product_tag","embeddable":true,"href":"https:\/\/homeofwool.com\/de\/wp-json\/wp\/v2\/product_tag?post=217700"}],"curies":[{"name":"wp","href":"https:\/\/api.w.org\/{rel}","templated":true}]}}