{"id":217699,"date":"2025-09-02T12:02:14","date_gmt":"2025-09-02T12:02:14","guid":{"rendered":"https:\/\/homeofwool.com\/?post_type=product&#038;p=217699"},"modified":"2026-01-20T11:03:57","modified_gmt":"2026-01-20T11:03:57","slug":"organizer-baumwolle","status":"publish","type":"product","link":"https:\/\/homeofwool.com\/de\/shop\/organizer-cotton\/","title":{"rendered":"H\u00e4ngeorganizer"},"content":{"rendered":"<p>Dieser handgefertigte Aufbewahrungsorganizer zum Aufh\u00e4ngen wurde f\u00fcr alle entwickelt, die sowohl Wert auf Funktionalit\u00e4t als auch auf achtsames Leben legen. Jedes St\u00fcck wird aus den kleinsten Resten unserer Produktion gen\u00e4ht. Wir haben etwas, das eigentlich Abfall gewesen w\u00e4re, in ein n\u00fctzliches Wohnaccessoire verwandelt. Mit Ihrer Entscheidung f\u00fcr dieses Produkt unterst\u00fctzen Sie unsere Zero-Waste-Mission und profitieren gleichzeitig von einem praktischen und umweltfreundlichen Aufbewahrungsorganizer, der \u00fcberall in Ihrem Zuhause Platz findet.<\/p>\n<p>Sie k\u00f6nnen es im Flur aufh\u00e4ngen, um Ihre Schl\u00fcssel und Post an einem Ort aufzubewahren. Im Badezimmer k\u00f6nnen Sie es f\u00fcr Toilettenartikel verwenden. Im Kinderzimmer bietet es Platz f\u00fcr Spielzeug und im Bastelzimmer sorgt es f\u00fcr Ordnung bei den Bastelutensilien. Viele Menschen verwenden es auch im Vorraum f\u00fcr Schals, Handschuhe oder kleine Alltagsgegenst\u00e4nde, die einen Platz brauchen.<\/p>\n<p>Der Organizer ist etwa 50 x 80 cm gro\u00df und bietet Ihnen viel Platz, ohne viel Platz einzunehmen. Der Stoff besteht aus 100 % Bio-Baumwolle (100%) ohne sch\u00e4dliche Ausr\u00fcstungsmittel. Sein schlichtes Design wirkt zeitlos und multifunktional.<\/p>","protected":false},"excerpt":{"rendered":"<p>Bringen Sie Ordnung und Sch\u00f6nheit in Ihr Zuhause mit diesem umweltfreundlichen Aufbewahrungsorganizer zum Aufh\u00e4ngen. Er wird aus Stoffresten hergestellt und spiegelt unser Engagement f\u00fcr Null Abfall wider, w\u00e4hrend er gleichzeitig eine praktische M\u00f6glichkeit bietet, wichtige Dinge ordentlich aufzubewahren.<\/p>\n<div class=\"global-icon-set\">\n<div class=\"global-icon-set__items\">\n<div class=\"global-icon-set__item\">\n<div class=\"global-icon-set__image\">\n                                    <img decoding=\"async\" src=\"https:\/\/homeofwool.com\/wp-content\/uploads\/2025\/09\/handmade-icon-300x300.png\" alt=\"handgefertigte Ikone\" \/>\n                                <\/div>\n<div class=\"global-icon-set__title\">Handgefertigt<\/div>\n<\/p><\/div>\n<div class=\"global-icon-set__item\">\n<div class=\"global-icon-set__image\">\n                                    <img decoding=\"async\" src=\"https:\/\/homeofwool.com\/wp-content\/uploads\/2025\/09\/VOCs-min-300x300.png\" alt=\"vocs frei\" \/>\n                                <\/div>\n<div class=\"global-icon-set__title\">VOC-frei<\/div>\n<\/p><\/div>\n<div class=\"global-icon-set__item\">\n<div class=\"global-icon-set__image\">\n                                    <img decoding=\"async\" src=\"https:\/\/homeofwool.com\/wp-content\/uploads\/2025\/09\/free-of-synthetics-icon-300x300.png\" alt=\"frei von synthetischen Stoffen Symbol\" \/>\n                                <\/div>\n<div class=\"global-icon-set__title\">Frei von synthetischen Stoffen<\/div>\n<\/p><\/div>\n<div class=\"global-icon-set__item\">\n<div class=\"global-icon-set__image\">\n                                    <img decoding=\"async\" src=\"https:\/\/homeofwool.com\/wp-content\/uploads\/2025\/09\/chemical-free-icon-300x300.png\" alt=\"Symbol f\u00fcr Chemikalienfreiheit\" \/>\n                                <\/div>\n<div class=\"global-icon-set__title\">Chemikalienfrei<\/div>\n<\/p><\/div>\n<div class=\"global-icon-set__item\">\n<div class=\"global-icon-set__image\">\n                                    <img decoding=\"async\" src=\"https:\/\/homeofwool.com\/wp-content\/uploads\/2025\/09\/certified-materials-icon-300x300.png\" alt=\"Symbol f\u00fcr zertifizierte Materialien\" \/>\n                                <\/div>\n<div class=\"global-icon-set__title\">100% Reine zertifizierte Materialien<\/div>\n<\/p><\/div>\n<\/p><\/div>\n<\/p><\/div>","protected":false},"featured_media":220559,"template":"","meta":{"_acf_changed":false},"product_brand":[],"product_cat":[557,174,558],"product_tag":[603],"class_list":{"0":"post-217699","1":"product","2":"type-product","3":"status-publish","4":"has-post-thumbnail","6":"product_cat-new","7":"product_cat-zero-waste","8":"product_cat-zero-waste-accessories","9":"product_tag-pot-holder","11":"first","12":"instock","13":"shipping-taxable","14":"purchasable","15":"product-type-simple"},"acf":[],"yoast_head":"<!-- This site is optimized with the Yoast SEO Premium plugin v27.4 (Yoast SEO v27.4) - https:\/\/yoast.com\/product\/yoast-seo-premium-wordpress\/ -->\n<title>Hanging Organizer \u2013 Zero Waste, Eco-Friendly Storage | Home of Wool<\/title>\n<meta name=\"description\" content=\"Eco-friendly and zero-waste, the Hanging Organizer is made from upcycled fabrics. Breathable and toxin-free, it\u2019s a natural, sustainable storage solution for eco-conscious homes.\" \/>\n<meta name=\"robots\" content=\"index, follow, max-snippet:-1, max-image-preview:large, max-video-preview:-1\" \/>\n<link rel=\"canonical\" href=\"https:\/\/homeofwool.com\/de\/shop\/organizer-baumwolle\/\" \/>\n<meta property=\"og:locale\" content=\"de_DE\" \/>\n<meta property=\"og:type\" content=\"article\" \/>\n<meta property=\"og:title\" content=\"Hanging Organizer\" \/>\n<meta property=\"og:description\" content=\"Eco-friendly and zero-waste, the Hanging Organizer is made from upcycled fabrics. Breathable and toxin-free, it\u2019s a natural, sustainable storage solution for eco-conscious homes.\" \/>\n<meta property=\"og:url\" content=\"https:\/\/homeofwool.com\/de\/shop\/organizer-baumwolle\/\" \/>\n<meta property=\"og:site_name\" content=\"Home of Wool\" \/>\n<meta property=\"article:publisher\" content=\"https:\/\/facebook.com\/HomeOfWoolOfficial\" \/>\n<meta property=\"article:modified_time\" content=\"2026-01-20T11:03:57+00:00\" \/>\n<meta property=\"og:image\" content=\"https:\/\/homeofwool.com\/wp-content\/uploads\/2025\/09\/home-of-wool-hanging-organizer-1.jpg\" \/>\n\t<meta property=\"og:image:width\" content=\"2500\" \/>\n\t<meta property=\"og:image:height\" content=\"2000\" \/>\n\t<meta property=\"og:image:type\" content=\"image\/jpeg\" \/>\n<meta name=\"twitter:card\" content=\"summary_large_image\" \/>\n<meta name=\"twitter:label1\" content=\"Gesch\u00e4tzte Lesezeit\" \/>\n\t<meta name=\"twitter:data1\" content=\"1\u00a0Minute\" \/>\n<script type=\"application\/ld+json\" class=\"yoast-schema-graph\">{\"@context\":\"https:\\\/\\\/schema.org\",\"@graph\":[{\"@type\":\"WebPage\",\"@id\":\"https:\\\/\\\/homeofwool.com\\\/shop\\\/organizer-cotton\\\/\",\"url\":\"https:\\\/\\\/homeofwool.com\\\/shop\\\/organizer-cotton\\\/\",\"name\":\"Hanging Organizer \u2013 Zero Waste, Eco-Friendly Storage | Home of Wool\",\"isPartOf\":{\"@id\":\"https:\\\/\\\/homeofwool.com\\\/#website\"},\"primaryImageOfPage\":{\"@id\":\"https:\\\/\\\/homeofwool.com\\\/shop\\\/organizer-cotton\\\/#primaryimage\"},\"image\":{\"@id\":\"https:\\\/\\\/homeofwool.com\\\/shop\\\/organizer-cotton\\\/#primaryimage\"},\"thumbnailUrl\":\"https:\\\/\\\/homeofwool.com\\\/wp-content\\\/uploads\\\/2025\\\/09\\\/home-of-wool-hanging-organizer-1.jpg\",\"datePublished\":\"2025-09-02T12:02:14+00:00\",\"dateModified\":\"2026-01-20T11:03:57+00:00\",\"description\":\"Eco-friendly and zero-waste, the Hanging Organizer is made from upcycled fabrics. Breathable and toxin-free, it\u2019s a natural, sustainable storage solution for eco-conscious homes.\",\"breadcrumb\":{\"@id\":\"https:\\\/\\\/homeofwool.com\\\/shop\\\/organizer-cotton\\\/#breadcrumb\"},\"inLanguage\":\"de\",\"potentialAction\":[{\"@type\":\"ReadAction\",\"target\":[\"https:\\\/\\\/homeofwool.com\\\/shop\\\/organizer-cotton\\\/\"]}]},{\"@type\":\"ImageObject\",\"inLanguage\":\"de\",\"@id\":\"https:\\\/\\\/homeofwool.com\\\/shop\\\/organizer-cotton\\\/#primaryimage\",\"url\":\"https:\\\/\\\/homeofwool.com\\\/wp-content\\\/uploads\\\/2025\\\/09\\\/home-of-wool-hanging-organizer-1.jpg\",\"contentUrl\":\"https:\\\/\\\/homeofwool.com\\\/wp-content\\\/uploads\\\/2025\\\/09\\\/home-of-wool-hanging-organizer-1.jpg\",\"width\":2500,\"height\":2000,\"caption\":\"wool hanging organizer with items in its pockets\"},{\"@type\":\"BreadcrumbList\",\"@id\":\"https:\\\/\\\/homeofwool.com\\\/shop\\\/organizer-cotton\\\/#breadcrumb\",\"itemListElement\":[{\"@type\":\"ListItem\",\"position\":1,\"name\":\"Home\",\"item\":\"https:\\\/\\\/homeofwool.com\\\/\"},{\"@type\":\"ListItem\",\"position\":2,\"name\":\"Products\",\"item\":\"https:\\\/\\\/homeofwool.com\\\/header-search-2\\\/\"},{\"@type\":\"ListItem\",\"position\":3,\"name\":\"Hanging Organizer\"}]},{\"@type\":\"WebSite\",\"@id\":\"https:\\\/\\\/homeofwool.com\\\/#website\",\"url\":\"https:\\\/\\\/homeofwool.com\\\/\",\"name\":\"Home of Wool\",\"description\":\"\",\"publisher\":{\"@id\":\"https:\\\/\\\/homeofwool.com\\\/#organization\"},\"potentialAction\":[{\"@type\":\"SearchAction\",\"target\":{\"@type\":\"EntryPoint\",\"urlTemplate\":\"https:\\\/\\\/homeofwool.com\\\/?s={search_term_string}\"},\"query-input\":{\"@type\":\"PropertyValueSpecification\",\"valueRequired\":true,\"valueName\":\"search_term_string\"}}],\"inLanguage\":\"de\"},{\"@type\":\"Organization\",\"@id\":\"https:\\\/\\\/homeofwool.com\\\/#organization\",\"name\":\"Home of Wool\",\"url\":\"https:\\\/\\\/homeofwool.com\\\/\",\"logo\":{\"@type\":\"ImageObject\",\"inLanguage\":\"de\",\"@id\":\"https:\\\/\\\/homeofwool.com\\\/#\\\/schema\\\/logo\\\/image\\\/\",\"url\":\"https:\\\/\\\/homeofwool.com\\\/wp-content\\\/uploads\\\/2025\\\/09\\\/WhatsApp-Image-2025-12-02-at-16.23.20.jpeg\",\"contentUrl\":\"https:\\\/\\\/homeofwool.com\\\/wp-content\\\/uploads\\\/2025\\\/09\\\/WhatsApp-Image-2025-12-02-at-16.23.20.jpeg\",\"width\":700,\"height\":247,\"caption\":\"Home of Wool\"},\"image\":{\"@id\":\"https:\\\/\\\/homeofwool.com\\\/#\\\/schema\\\/logo\\\/image\\\/\"},\"sameAs\":[\"https:\\\/\\\/facebook.com\\\/HomeOfWoolOfficial\"]}]}<\/script>\n<!-- \/ Yoast SEO Premium plugin. -->","yoast_head_json":{"title":"H\u00e4ngender Organizer \u2013 Zero Waste, umweltfreundliche Aufbewahrung | Home of Wool","description":"Der umweltfreundliche und abfallfreie H\u00e4ngeorganizer wird aus upgecycelten Stoffen hergestellt. Er ist atmungsaktiv und frei von Giftstoffen und somit eine nat\u00fcrliche, nachhaltige Aufbewahrungsl\u00f6sung f\u00fcr umweltbewusste Haushalte.","robots":{"index":"index","follow":"follow","max-snippet":"max-snippet:-1","max-image-preview":"max-image-preview:large","max-video-preview":"max-video-preview:-1"},"canonical":"https:\/\/homeofwool.com\/de\/shop\/organizer-baumwolle\/","og_locale":"de_DE","og_type":"article","og_title":"Hanging Organizer","og_description":"Eco-friendly and zero-waste, the Hanging Organizer is made from upcycled fabrics. Breathable and toxin-free, it\u2019s a natural, sustainable storage solution for eco-conscious homes.","og_url":"https:\/\/homeofwool.com\/de\/shop\/organizer-baumwolle\/","og_site_name":"Home of Wool","article_publisher":"https:\/\/facebook.com\/HomeOfWoolOfficial","article_modified_time":"2026-01-20T11:03:57+00:00","og_image":[{"width":2500,"height":2000,"url":"https:\/\/homeofwool.com\/wp-content\/uploads\/2025\/09\/home-of-wool-hanging-organizer-1.jpg","type":"image\/jpeg"}],"twitter_card":"summary_large_image","twitter_misc":{"Gesch\u00e4tzte Lesezeit":"1\u00a0Minute"},"schema":{"@context":"https:\/\/schema.org","@graph":[{"@type":"WebPage","@id":"https:\/\/homeofwool.com\/shop\/organizer-cotton\/","url":"https:\/\/homeofwool.com\/shop\/organizer-cotton\/","name":"H\u00e4ngender Organizer \u2013 Zero Waste, umweltfreundliche Aufbewahrung | Home of Wool","isPartOf":{"@id":"https:\/\/homeofwool.com\/#website"},"primaryImageOfPage":{"@id":"https:\/\/homeofwool.com\/shop\/organizer-cotton\/#primaryimage"},"image":{"@id":"https:\/\/homeofwool.com\/shop\/organizer-cotton\/#primaryimage"},"thumbnailUrl":"https:\/\/homeofwool.com\/wp-content\/uploads\/2025\/09\/home-of-wool-hanging-organizer-1.jpg","datePublished":"2025-09-02T12:02:14+00:00","dateModified":"2026-01-20T11:03:57+00:00","description":"Der umweltfreundliche und abfallfreie H\u00e4ngeorganizer wird aus upgecycelten Stoffen hergestellt. Er ist atmungsaktiv und frei von Giftstoffen und somit eine nat\u00fcrliche, nachhaltige Aufbewahrungsl\u00f6sung f\u00fcr umweltbewusste Haushalte.","breadcrumb":{"@id":"https:\/\/homeofwool.com\/shop\/organizer-cotton\/#breadcrumb"},"inLanguage":"de","potentialAction":[{"@type":"ReadAction","target":["https:\/\/homeofwool.com\/shop\/organizer-cotton\/"]}]},{"@type":"ImageObject","inLanguage":"de","@id":"https:\/\/homeofwool.com\/shop\/organizer-cotton\/#primaryimage","url":"https:\/\/homeofwool.com\/wp-content\/uploads\/2025\/09\/home-of-wool-hanging-organizer-1.jpg","contentUrl":"https:\/\/homeofwool.com\/wp-content\/uploads\/2025\/09\/home-of-wool-hanging-organizer-1.jpg","width":2500,"height":2000,"caption":"wool hanging organizer with items in its pockets"},{"@type":"BreadcrumbList","@id":"https:\/\/homeofwool.com\/shop\/organizer-cotton\/#breadcrumb","itemListElement":[{"@type":"ListItem","position":1,"name":"Home","item":"https:\/\/homeofwool.com\/"},{"@type":"ListItem","position":2,"name":"Products","item":"https:\/\/homeofwool.com\/header-search-2\/"},{"@type":"ListItem","position":3,"name":"Hanging Organizer"}]},{"@type":"WebSite","@id":"https:\/\/homeofwool.com\/#website","url":"https:\/\/homeofwool.com\/","name":"Heimat der Wolle","description":"","publisher":{"@id":"https:\/\/homeofwool.com\/#organization"},"potentialAction":[{"@type":"SearchAction","target":{"@type":"EntryPoint","urlTemplate":"https:\/\/homeofwool.com\/?s={search_term_string}"},"query-input":{"@type":"PropertyValueSpecification","valueRequired":true,"valueName":"search_term_string"}}],"inLanguage":"de"},{"@type":"Organization","@id":"https:\/\/homeofwool.com\/#organization","name":"Heimat der Wolle","url":"https:\/\/homeofwool.com\/","logo":{"@type":"ImageObject","inLanguage":"de","@id":"https:\/\/homeofwool.com\/#\/schema\/logo\/image\/","url":"https:\/\/homeofwool.com\/wp-content\/uploads\/2025\/09\/WhatsApp-Image-2025-12-02-at-16.23.20.jpeg","contentUrl":"https:\/\/homeofwool.com\/wp-content\/uploads\/2025\/09\/WhatsApp-Image-2025-12-02-at-16.23.20.jpeg","width":700,"height":247,"caption":"Home of Wool"},"image":{"@id":"https:\/\/homeofwool.com\/#\/schema\/logo\/image\/"},"sameAs":["https:\/\/facebook.com\/HomeOfWoolOfficial"]}]}},"_links":{"self":[{"href":"https:\/\/homeofwool.com\/de\/wp-json\/wp\/v2\/product\/217699","targetHints":{"allow":["GET"]}}],"collection":[{"href":"https:\/\/homeofwool.com\/de\/wp-json\/wp\/v2\/product"}],"about":[{"href":"https:\/\/homeofwool.com\/de\/wp-json\/wp\/v2\/types\/product"}],"version-history":[{"count":2,"href":"https:\/\/homeofwool.com\/de\/wp-json\/wp\/v2\/product\/217699\/revisions"}],"predecessor-version":[{"id":226209,"href":"https:\/\/homeofwool.com\/de\/wp-json\/wp\/v2\/product\/217699\/revisions\/226209"}],"wp:featuredmedia":[{"embeddable":true,"href":"https:\/\/homeofwool.com\/de\/wp-json\/wp\/v2\/media\/220559"}],"wp:attachment":[{"href":"https:\/\/homeofwool.com\/de\/wp-json\/wp\/v2\/media?parent=217699"}],"wp:term":[{"taxonomy":"product_brand","embeddable":true,"href":"https:\/\/homeofwool.com\/de\/wp-json\/wp\/v2\/product_brand?post=217699"},{"taxonomy":"product_cat","embeddable":true,"href":"https:\/\/homeofwool.com\/de\/wp-json\/wp\/v2\/product_cat?post=217699"},{"taxonomy":"product_tag","embeddable":true,"href":"https:\/\/homeofwool.com\/de\/wp-json\/wp\/v2\/product_tag?post=217699"}],"curies":[{"name":"wp","href":"https:\/\/api.w.org\/{rel}","templated":true}]}}