{"id":217687,"date":"2025-09-02T12:02:13","date_gmt":"2025-09-02T12:02:13","guid":{"rendered":"https:\/\/homeofwool.com\/?post_type=product&#038;p=217687"},"modified":"2026-02-11T09:55:36","modified_gmt":"2026-02-11T09:55:36","slug":"runder-sitzsack","status":"publish","type":"product","link":"https:\/\/homeofwool.com\/de\/shop\/round-bean-bag-chair\/","title":{"rendered":"Runder Woll-Sitzsack-Stuhl"},"content":{"rendered":"<p>Dies ist kein Stuhl, auf den man sich einfach setzt. Es ist ein Stuhl, in den man sich fallen l\u00e4sst. Der runde Sitzsack aus Wolle wird von Hand gefertigt, wobei jeder einzelne sorgf\u00e4ltig geformt wird, damit er sich nat\u00fcrlich unter Ihrem K\u00f6rper formt. Sie k\u00f6nnen den Stoff und die Gr\u00f6\u00dfe \u00e4ndern. Sie k\u00f6nnen alle Details ausw\u00e4hlen und den Pouf ganz nach Ihren W\u00fcnschen gestalten. Im Inneren sorgt reine Wolle f\u00fcr den Rest. Sie bewegt sich sanft, st\u00fctzt Sie dort, wo Sie es brauchen, und h\u00e4lt die Luft um Sie herum frisch \u2013 f\u00fcr ein wirklich ergonomisches Sitzerlebnis.<\/p>\n<p>Keine Chemikalien oder Schaumstoff im Inneren. Nur nat\u00fcrliche und saubere Wolle. Der nat\u00fcrliche Woll-Sitzsack ist hypoallergen und f\u00fcr alle Menschen mit Empfindlichkeiten geeignet. Wolle h\u00e4lt auf nat\u00fcrliche Weise Hausstaubmilben, Schimmel und Bakterien fern. Sie k\u00f6nnen zwischen loser Wolle oder unseren Wollresten w\u00e4hlen, die Teil der Zero Waste Mission sind.<\/p>\n<p>Der Bezug ist abnehmbar und waschbar. Der Rei\u00dfverschluss ist robust und langlebig. Die F\u00fcllung kann jederzeit angepasst werden. Mit den Jahren wird sie etwas weicher und passt sich besser an. Ein individuell anpassbarer Sitzsack, der sich wie eine warme Oase der Ruhe anf\u00fchlt, ein weicher Wollstuhl, der jedem Raum eine gem\u00fctliche Note verleiht. Ein schlichter, stilvoller Sitzsack, der nie aus der Mode kommt.<\/p>\n<p><strong>GR\u00d6SSE:<\/strong>\u00a0Durchmesser 89 cm \u00d7 H\u00f6he 63 cm (ca.)<br \/>\n<strong>STOFF EINF\u00dcGEN:<\/strong>\u00a0100% Bio-Baumwolle<br \/>\n<strong>WOLLE IM INNEREN:<\/strong>\u00a028,5 lbs (12,9 kg)<\/p>","protected":false},"excerpt":{"rendered":"<p>Sie k\u00f6nnen gar nicht anders, als sich in diesen runden Sitzsack aus Wolle zu sinken und sich sofort wohlzuf\u00fchlen. Dieser handgefertigte Sitzsack ist weich, so geformt, dass er Sie genau richtig st\u00fctzt, und von nat\u00fcrlicher Sch\u00f6nheit. Ein ruhiges Entspannungsm\u00f6belst\u00fcck in Form eines kleinen luxuri\u00f6sen Sitzsacks f\u00fcr zu Hause.<\/p>\n<div class=\"global-icon-set\">\n<div class=\"global-icon-set__items\">\n<div class=\"global-icon-set__item\">\n<div class=\"global-icon-set__image\">\n                                    <img decoding=\"async\" src=\"https:\/\/homeofwool.com\/wp-content\/uploads\/2025\/09\/VOCs-min-300x300.png\" alt=\"vocs frei\" \/>\n                                <\/div>\n<div class=\"global-icon-set__title\">VOC-frei<\/div>\n<\/p><\/div>\n<div class=\"global-icon-set__item\">\n<div class=\"global-icon-set__image\">\n                                    <img decoding=\"async\" src=\"https:\/\/homeofwool.com\/wp-content\/uploads\/2025\/09\/FR-min-300x300.png\" alt=\"feuerfestes Symbol\" \/>\n                                <\/div>\n<div class=\"global-icon-set__title\">Schwer entflammbar<\/div>\n<\/p><\/div>\n<div class=\"global-icon-set__item\">\n<div class=\"global-icon-set__image\">\n                                    <img decoding=\"async\" src=\"https:\/\/homeofwool.com\/wp-content\/uploads\/2025\/09\/Hypoallergenic-min-300x300.png\" alt=\"hypoallergenes Symbol\" \/>\n                                <\/div>\n<div class=\"global-icon-set__title\">Hypoallergen<\/div>\n<\/p><\/div>\n<div class=\"global-icon-set__item\">\n<div class=\"global-icon-set__image\">\n                                    <img decoding=\"async\" src=\"https:\/\/homeofwool.com\/wp-content\/uploads\/2025\/09\/free-of-synthetics-icon-300x300.png\" alt=\"frei von synthetischen Stoffen Symbol\" \/>\n                                <\/div>\n<div class=\"global-icon-set__title\">Frei von synthetischen Stoffen<\/div>\n<\/p><\/div>\n<div class=\"global-icon-set__item\">\n<div class=\"global-icon-set__image\">\n                                    <img decoding=\"async\" src=\"https:\/\/homeofwool.com\/wp-content\/uploads\/2025\/09\/chemical-free-icon-300x300.png\" alt=\"Symbol f\u00fcr Chemikalienfreiheit\" \/>\n                                <\/div>\n<div class=\"global-icon-set__title\">Chemikalienfrei<\/div>\n<\/p><\/div>\n<div class=\"global-icon-set__item\">\n<div class=\"global-icon-set__image\">\n                                    <img decoding=\"async\" src=\"https:\/\/homeofwool.com\/wp-content\/uploads\/2025\/09\/anti-bacterial-icon-300x300.png\" alt=\"antibakterielles Symbol\" \/>\n                                <\/div>\n<div class=\"global-icon-set__title\">Anti-mikrobiell &amp; Anti-bakteriell<\/div>\n<\/p><\/div>\n<div class=\"global-icon-set__item\">\n<div class=\"global-icon-set__image\">\n                                    <img decoding=\"async\" src=\"https:\/\/homeofwool.com\/wp-content\/uploads\/2025\/09\/certified-materials-icon-300x300.png\" alt=\"Symbol f\u00fcr zertifizierte Materialien\" \/>\n                                <\/div>\n<div class=\"global-icon-set__title\">100% Reine zertifizierte Materialien<\/div>\n<\/p><\/div>\n<\/p><\/div>\n<\/p><\/div>","protected":false},"featured_media":221202,"template":"","meta":{"_acf_changed":false},"product_brand":[],"product_cat":[20],"product_tag":[735,737,741,742,739,740,149,743],"class_list":{"0":"post-217687","1":"product","2":"type-product","3":"status-publish","4":"has-post-thumbnail","6":"product_cat-pillows-poufs","7":"product_tag-adult-bean-bag","8":"product_tag-adult-lounger-pouf","9":"product_tag-bean-bag-chair","10":"product_tag-kids-room-chair","11":"product_tag-natural-pouf","12":"product_tag-organic-bean-bag","13":"product_tag-steps","14":"product_tag-teen-bean-bag","16":"first","17":"instock","18":"shipping-taxable","19":"purchasable","20":"product-type-simple"},"acf":[],"yoast_head":"<!-- This site is optimized with the Yoast SEO Premium plugin v27.4 (Yoast SEO v27.4) - https:\/\/yoast.com\/product\/yoast-seo-premium-wordpress\/ -->\n<title>Round Bean Bag Chair \u2013 Customizable, Handmade Comfort | Home of Wool<\/title>\n<meta name=\"description\" content=\"The Round Bean Bag Chair is handmade with breathable wool filling. Customizable, toxin-free, and sustainable, it offers natural comfort and timeless eco-friendly style for any space.\" \/>\n<meta name=\"robots\" content=\"index, follow, max-snippet:-1, max-image-preview:large, max-video-preview:-1\" \/>\n<link rel=\"canonical\" href=\"https:\/\/homeofwool.com\/de\/shop\/runder-sitzsack\/\" \/>\n<meta property=\"og:locale\" content=\"de_DE\" \/>\n<meta property=\"og:type\" content=\"article\" \/>\n<meta property=\"og:title\" content=\"Round Wool Bean Bag Chair\" \/>\n<meta property=\"og:description\" content=\"The Round Bean Bag Chair is handmade with breathable wool filling. Customizable, toxin-free, and sustainable, it offers natural comfort and timeless eco-friendly style for any space.\" \/>\n<meta property=\"og:url\" content=\"https:\/\/homeofwool.com\/de\/shop\/runder-sitzsack\/\" \/>\n<meta property=\"og:site_name\" content=\"Home of Wool\" \/>\n<meta property=\"article:publisher\" content=\"https:\/\/facebook.com\/HomeOfWoolOfficial\" \/>\n<meta property=\"article:modified_time\" content=\"2026-02-11T09:55:36+00:00\" \/>\n<meta property=\"og:image\" content=\"https:\/\/homeofwool.com\/wp-content\/uploads\/2025\/09\/home-of-wool-round-wool-bean-bag-chair-1-main.jpg\" \/>\n\t<meta property=\"og:image:width\" content=\"1645\" \/>\n\t<meta property=\"og:image:height\" content=\"1316\" \/>\n\t<meta property=\"og:image:type\" content=\"image\/jpeg\" \/>\n<meta name=\"twitter:card\" content=\"summary_large_image\" \/>\n<meta name=\"twitter:label1\" content=\"Gesch\u00e4tzte Lesezeit\" \/>\n\t<meta name=\"twitter:data1\" content=\"2\u00a0Minuten\" \/>\n<script type=\"application\/ld+json\" class=\"yoast-schema-graph\">{\"@context\":\"https:\\\/\\\/schema.org\",\"@graph\":[{\"@type\":\"WebPage\",\"@id\":\"https:\\\/\\\/homeofwool.com\\\/nb\\\/butikk\\\/rund-bonnesekkstol\\\/\",\"url\":\"https:\\\/\\\/homeofwool.com\\\/nb\\\/butikk\\\/rund-bonnesekkstol\\\/\",\"name\":\"Round Bean Bag Chair \u2013 Customizable, Handmade Comfort | Home of Wool\",\"isPartOf\":{\"@id\":\"https:\\\/\\\/homeofwool.com\\\/#website\"},\"primaryImageOfPage\":{\"@id\":\"https:\\\/\\\/homeofwool.com\\\/nb\\\/butikk\\\/rund-bonnesekkstol\\\/#primaryimage\"},\"image\":{\"@id\":\"https:\\\/\\\/homeofwool.com\\\/nb\\\/butikk\\\/rund-bonnesekkstol\\\/#primaryimage\"},\"thumbnailUrl\":\"https:\\\/\\\/homeofwool.com\\\/wp-content\\\/uploads\\\/2025\\\/09\\\/home-of-wool-round-wool-bean-bag-chair-1-main.jpg\",\"datePublished\":\"2025-09-02T12:02:13+00:00\",\"dateModified\":\"2026-02-11T09:55:36+00:00\",\"description\":\"The Round Bean Bag Chair is handmade with breathable wool filling. Customizable, toxin-free, and sustainable, it offers natural comfort and timeless eco-friendly style for any space.\",\"breadcrumb\":{\"@id\":\"https:\\\/\\\/homeofwool.com\\\/nb\\\/butikk\\\/rund-bonnesekkstol\\\/#breadcrumb\"},\"inLanguage\":\"de\",\"potentialAction\":[{\"@type\":\"ReadAction\",\"target\":[\"https:\\\/\\\/homeofwool.com\\\/nb\\\/butikk\\\/rund-bonnesekkstol\\\/\"]}]},{\"@type\":\"ImageObject\",\"inLanguage\":\"de\",\"@id\":\"https:\\\/\\\/homeofwool.com\\\/nb\\\/butikk\\\/rund-bonnesekkstol\\\/#primaryimage\",\"url\":\"https:\\\/\\\/homeofwool.com\\\/wp-content\\\/uploads\\\/2025\\\/09\\\/home-of-wool-round-wool-bean-bag-chair-1-main.jpg\",\"contentUrl\":\"https:\\\/\\\/homeofwool.com\\\/wp-content\\\/uploads\\\/2025\\\/09\\\/home-of-wool-round-wool-bean-bag-chair-1-main.jpg\",\"width\":1645,\"height\":1316,\"caption\":\"round wool bean bag chair with a woman sitting in it reading a book\"},{\"@type\":\"BreadcrumbList\",\"@id\":\"https:\\\/\\\/homeofwool.com\\\/nb\\\/butikk\\\/rund-bonnesekkstol\\\/#breadcrumb\",\"itemListElement\":[{\"@type\":\"ListItem\",\"position\":1,\"name\":\"Home\",\"item\":\"https:\\\/\\\/homeofwool.com\\\/\"},{\"@type\":\"ListItem\",\"position\":2,\"name\":\"Products\",\"item\":\"https:\\\/\\\/homeofwool.com\\\/header-search-2\\\/\"},{\"@type\":\"ListItem\",\"position\":3,\"name\":\"Round Wool Bean Bag Chair\"}]},{\"@type\":\"WebSite\",\"@id\":\"https:\\\/\\\/homeofwool.com\\\/#website\",\"url\":\"https:\\\/\\\/homeofwool.com\\\/\",\"name\":\"Home of Wool\",\"description\":\"\",\"publisher\":{\"@id\":\"https:\\\/\\\/homeofwool.com\\\/#organization\"},\"potentialAction\":[{\"@type\":\"SearchAction\",\"target\":{\"@type\":\"EntryPoint\",\"urlTemplate\":\"https:\\\/\\\/homeofwool.com\\\/?s={search_term_string}\"},\"query-input\":{\"@type\":\"PropertyValueSpecification\",\"valueRequired\":true,\"valueName\":\"search_term_string\"}}],\"inLanguage\":\"de\"},{\"@type\":\"Organization\",\"@id\":\"https:\\\/\\\/homeofwool.com\\\/#organization\",\"name\":\"Home of Wool\",\"url\":\"https:\\\/\\\/homeofwool.com\\\/\",\"logo\":{\"@type\":\"ImageObject\",\"inLanguage\":\"de\",\"@id\":\"https:\\\/\\\/homeofwool.com\\\/#\\\/schema\\\/logo\\\/image\\\/\",\"url\":\"https:\\\/\\\/homeofwool.com\\\/wp-content\\\/uploads\\\/2025\\\/09\\\/WhatsApp-Image-2025-12-02-at-16.23.20.jpeg\",\"contentUrl\":\"https:\\\/\\\/homeofwool.com\\\/wp-content\\\/uploads\\\/2025\\\/09\\\/WhatsApp-Image-2025-12-02-at-16.23.20.jpeg\",\"width\":700,\"height\":247,\"caption\":\"Home of Wool\"},\"image\":{\"@id\":\"https:\\\/\\\/homeofwool.com\\\/#\\\/schema\\\/logo\\\/image\\\/\"},\"sameAs\":[\"https:\\\/\\\/facebook.com\\\/HomeOfWoolOfficial\"]}]}<\/script>\n<!-- \/ Yoast SEO Premium plugin. -->","yoast_head_json":{"title":"Runder Sitzsack \u2013 individuell anpassbar, handgefertigt, komfortabel | Home of Wool","description":"Der runde Sitzsack ist handgefertigt und mit atmungsaktiver Wollf\u00fcllung ausgestattet. Er ist individuell anpassbar, frei von Schadstoffen und nachhaltig und bietet nat\u00fcrlichen Komfort und zeitlosen, umweltfreundlichen Stil f\u00fcr jeden Raum.","robots":{"index":"index","follow":"follow","max-snippet":"max-snippet:-1","max-image-preview":"max-image-preview:large","max-video-preview":"max-video-preview:-1"},"canonical":"https:\/\/homeofwool.com\/de\/shop\/runder-sitzsack\/","og_locale":"de_DE","og_type":"article","og_title":"Round Wool Bean Bag Chair","og_description":"The Round Bean Bag Chair is handmade with breathable wool filling. Customizable, toxin-free, and sustainable, it offers natural comfort and timeless eco-friendly style for any space.","og_url":"https:\/\/homeofwool.com\/de\/shop\/runder-sitzsack\/","og_site_name":"Home of Wool","article_publisher":"https:\/\/facebook.com\/HomeOfWoolOfficial","article_modified_time":"2026-02-11T09:55:36+00:00","og_image":[{"width":1645,"height":1316,"url":"https:\/\/homeofwool.com\/wp-content\/uploads\/2025\/09\/home-of-wool-round-wool-bean-bag-chair-1-main.jpg","type":"image\/jpeg"}],"twitter_card":"summary_large_image","twitter_misc":{"Gesch\u00e4tzte Lesezeit":"2\u00a0Minuten"},"schema":{"@context":"https:\/\/schema.org","@graph":[{"@type":"WebPage","@id":"https:\/\/homeofwool.com\/nb\/butikk\/rund-bonnesekkstol\/","url":"https:\/\/homeofwool.com\/nb\/butikk\/rund-bonnesekkstol\/","name":"Runder Sitzsack \u2013 individuell anpassbar, handgefertigt, komfortabel | Home of Wool","isPartOf":{"@id":"https:\/\/homeofwool.com\/#website"},"primaryImageOfPage":{"@id":"https:\/\/homeofwool.com\/nb\/butikk\/rund-bonnesekkstol\/#primaryimage"},"image":{"@id":"https:\/\/homeofwool.com\/nb\/butikk\/rund-bonnesekkstol\/#primaryimage"},"thumbnailUrl":"https:\/\/homeofwool.com\/wp-content\/uploads\/2025\/09\/home-of-wool-round-wool-bean-bag-chair-1-main.jpg","datePublished":"2025-09-02T12:02:13+00:00","dateModified":"2026-02-11T09:55:36+00:00","description":"Der runde Sitzsack ist handgefertigt und mit atmungsaktiver Wollf\u00fcllung ausgestattet. Er ist individuell anpassbar, frei von Schadstoffen und nachhaltig und bietet nat\u00fcrlichen Komfort und zeitlosen, umweltfreundlichen Stil f\u00fcr jeden Raum.","breadcrumb":{"@id":"https:\/\/homeofwool.com\/nb\/butikk\/rund-bonnesekkstol\/#breadcrumb"},"inLanguage":"de","potentialAction":[{"@type":"ReadAction","target":["https:\/\/homeofwool.com\/nb\/butikk\/rund-bonnesekkstol\/"]}]},{"@type":"ImageObject","inLanguage":"de","@id":"https:\/\/homeofwool.com\/nb\/butikk\/rund-bonnesekkstol\/#primaryimage","url":"https:\/\/homeofwool.com\/wp-content\/uploads\/2025\/09\/home-of-wool-round-wool-bean-bag-chair-1-main.jpg","contentUrl":"https:\/\/homeofwool.com\/wp-content\/uploads\/2025\/09\/home-of-wool-round-wool-bean-bag-chair-1-main.jpg","width":1645,"height":1316,"caption":"round wool bean bag chair with a woman sitting in it reading a book"},{"@type":"BreadcrumbList","@id":"https:\/\/homeofwool.com\/nb\/butikk\/rund-bonnesekkstol\/#breadcrumb","itemListElement":[{"@type":"ListItem","position":1,"name":"Home","item":"https:\/\/homeofwool.com\/"},{"@type":"ListItem","position":2,"name":"Products","item":"https:\/\/homeofwool.com\/header-search-2\/"},{"@type":"ListItem","position":3,"name":"Round Wool Bean Bag Chair"}]},{"@type":"WebSite","@id":"https:\/\/homeofwool.com\/#website","url":"https:\/\/homeofwool.com\/","name":"Heimat der Wolle","description":"","publisher":{"@id":"https:\/\/homeofwool.com\/#organization"},"potentialAction":[{"@type":"SearchAction","target":{"@type":"EntryPoint","urlTemplate":"https:\/\/homeofwool.com\/?s={search_term_string}"},"query-input":{"@type":"PropertyValueSpecification","valueRequired":true,"valueName":"search_term_string"}}],"inLanguage":"de"},{"@type":"Organization","@id":"https:\/\/homeofwool.com\/#organization","name":"Heimat der Wolle","url":"https:\/\/homeofwool.com\/","logo":{"@type":"ImageObject","inLanguage":"de","@id":"https:\/\/homeofwool.com\/#\/schema\/logo\/image\/","url":"https:\/\/homeofwool.com\/wp-content\/uploads\/2025\/09\/WhatsApp-Image-2025-12-02-at-16.23.20.jpeg","contentUrl":"https:\/\/homeofwool.com\/wp-content\/uploads\/2025\/09\/WhatsApp-Image-2025-12-02-at-16.23.20.jpeg","width":700,"height":247,"caption":"Home of Wool"},"image":{"@id":"https:\/\/homeofwool.com\/#\/schema\/logo\/image\/"},"sameAs":["https:\/\/facebook.com\/HomeOfWoolOfficial"]}]}},"_links":{"self":[{"href":"https:\/\/homeofwool.com\/de\/wp-json\/wp\/v2\/product\/217687","targetHints":{"allow":["GET"]}}],"collection":[{"href":"https:\/\/homeofwool.com\/de\/wp-json\/wp\/v2\/product"}],"about":[{"href":"https:\/\/homeofwool.com\/de\/wp-json\/wp\/v2\/types\/product"}],"version-history":[{"count":1,"href":"https:\/\/homeofwool.com\/de\/wp-json\/wp\/v2\/product\/217687\/revisions"}],"predecessor-version":[{"id":226689,"href":"https:\/\/homeofwool.com\/de\/wp-json\/wp\/v2\/product\/217687\/revisions\/226689"}],"wp:featuredmedia":[{"embeddable":true,"href":"https:\/\/homeofwool.com\/de\/wp-json\/wp\/v2\/media\/221202"}],"wp:attachment":[{"href":"https:\/\/homeofwool.com\/de\/wp-json\/wp\/v2\/media?parent=217687"}],"wp:term":[{"taxonomy":"product_brand","embeddable":true,"href":"https:\/\/homeofwool.com\/de\/wp-json\/wp\/v2\/product_brand?post=217687"},{"taxonomy":"product_cat","embeddable":true,"href":"https:\/\/homeofwool.com\/de\/wp-json\/wp\/v2\/product_cat?post=217687"},{"taxonomy":"product_tag","embeddable":true,"href":"https:\/\/homeofwool.com\/de\/wp-json\/wp\/v2\/product_tag?post=217687"}],"curies":[{"name":"wp","href":"https:\/\/api.w.org\/{rel}","templated":true}]}}