{"id":217680,"date":"2025-09-02T12:02:06","date_gmt":"2025-09-02T12:02:06","guid":{"rendered":"https:\/\/homeofwool.com\/?post_type=product&#038;p=217680"},"modified":"2026-02-11T09:55:51","modified_gmt":"2026-02-11T09:55:51","slug":"halo-stubenwagen-matratze","status":"publish","type":"product","link":"https:\/\/homeofwool.com\/de\/shop\/halo-bassinet-mattress\/","title":{"rendered":"Wool HALO Babybettmatratze"},"content":{"rendered":"<p>Unsere mit Wolle gef\u00fcllte Halo-Kinderbettmatratze wird mit Sorgfalt hergestellt und vereint Komfort, Sicherheit und nachhaltiges Design. Jede K\u00f6rbchenmatratze wird aus reinen Wollschichten handgefertigt und bietet eine Schlafunterlage, die von Natur aus schwer entflammbar ist, ohne den Einsatz von Chemikalien. Keine Kunststoffe und keine Klebstoffe.<\/p>\n<p>Wolle sorgt daf\u00fcr, dass sich Ihr Baby zu jeder Jahreszeit wohlf\u00fchlt, denn sie ist kuschelig, wenn es k\u00fchl ist, und k\u00fchl, wenn es warm ist. Ihre luftige Beschaffenheit h\u00e4lt die Matratze au\u00dferdem frisch. Wolle verhindert, dass sich Hausstaubmilben oder Schimmel einnisten.<\/p>\n<p>Diese Matratzenauflage f\u00fcr den Stubenwagen bietet eine glatte, flache Oberfl\u00e4che und ein st\u00fctzendes, aber dennoch weiches Gef\u00fchl und verbindet Sicherheit mit dauerhaftem Komfort. Sie ist in zwei Gr\u00f6\u00dfen erh\u00e4ltlich und passt perfekt auf die Dreh- und Zwillingsversionen des Stubenwagens.<\/p>\n<p>Wenn die Zeit des Stubenwagens vorbei ist, kann die Matratze als kleines Boden- oder Bankkissen verwendet werden und erh\u00e4lt so ein zweites Leben in Ihrem Zuhause. Die Halo-Matratze Home of Wool ist ein echtes Beispiel f\u00fcr nachhaltigen Luxus und wurde entwickelt, um sowohl Ihr Kind als auch Ihr Zuhause zu pflegen.<\/p>","protected":false},"excerpt":{"rendered":"<p>Schaffen Sie einen ruhigen, schadstofffreien Schlafplatz mit unserer mit Wolle gef\u00fcllten Halo-Matratze. Diese nat\u00fcrlich atmungsaktive Matratzenauflage wurde f\u00fcr das Halo Bassinest Bett entwickelt und sorgt daf\u00fcr, dass Ihr Kleines zu jeder Jahreszeit kuschelig und sicher schl\u00e4ft. Sie ist frei von Giftstoffen und Ausgasungen und sorgt daf\u00fcr, dass der Schlafplatz Ihres Babys frisch und sicher bleibt.<\/p>\n<p><strong>GR\u00d6SSEN-OPTIONEN<\/strong>:<br \/>\n<strong>Schwenken<\/strong>: 30 x 18 x 2\u201d (76,2 x 45,7 x 5 cm) Sanduhrform<br \/>\n<strong>Zwillinge<\/strong>: 33,5\u2033 x 22 x 2\u2033 (85 x 56 x 5 cm) Sanduhrform<\/p>\n<div class=\"global-icon-set\">\n<div class=\"global-icon-set__items\">\n<div class=\"global-icon-set__item\">\n<div class=\"global-icon-set__image\">\n                                    <img decoding=\"async\" src=\"https:\/\/homeofwool.com\/wp-content\/uploads\/2025\/09\/handmade-icon-300x300.png\" alt=\"handgefertigte Ikone\" \/>\n                                <\/div>\n<div class=\"global-icon-set__title\">Handgefertigt<\/div>\n<\/p><\/div>\n<div class=\"global-icon-set__item\">\n<div class=\"global-icon-set__image\">\n                                    <img decoding=\"async\" src=\"https:\/\/homeofwool.com\/wp-content\/uploads\/2025\/09\/Exceptionally-Supportive-min-300x300.png\" alt=\"besonders unterst\u00fctzendes Symbol\" \/>\n                                <\/div>\n<div class=\"global-icon-set__title\">Au\u00dfergew\u00f6hnlich unterst\u00fctzend<\/div>\n<\/p><\/div>\n<div class=\"global-icon-set__item\">\n<div class=\"global-icon-set__image\">\n                                    <img decoding=\"async\" src=\"https:\/\/homeofwool.com\/wp-content\/uploads\/2025\/09\/wicks-moisture-away-300x300.png\" alt=\"transportiert die Feuchtigkeit ab\" \/>\n                                <\/div>\n<div class=\"global-icon-set__title\">Leitet Feuchtigkeit ab<\/div>\n<\/p><\/div>\n<div class=\"global-icon-set__item\">\n<div class=\"global-icon-set__image\">\n                                    <img decoding=\"async\" src=\"https:\/\/homeofwool.com\/wp-content\/uploads\/2025\/09\/VOCs-min-300x300.png\" alt=\"vocs frei\" \/>\n                                <\/div>\n<div class=\"global-icon-set__title\">VOC-frei<\/div>\n<\/p><\/div>\n<div class=\"global-icon-set__item\">\n<div class=\"global-icon-set__image\">\n                                    <img decoding=\"async\" src=\"https:\/\/homeofwool.com\/wp-content\/uploads\/2025\/09\/FR-min-300x300.png\" alt=\"feuerfestes Symbol\" \/>\n                                <\/div>\n<div class=\"global-icon-set__title\">Schwer entflammbar<\/div>\n<\/p><\/div>\n<div class=\"global-icon-set__item\">\n<div class=\"global-icon-set__image\">\n                                    <img decoding=\"async\" src=\"https:\/\/homeofwool.com\/wp-content\/uploads\/2025\/09\/Hypoallergenic-min-300x300.png\" alt=\"hypoallergenes Symbol\" \/>\n                                <\/div>\n<div class=\"global-icon-set__title\">Hypoallergen<\/div>\n<\/p><\/div>\n<div class=\"global-icon-set__item\">\n<div class=\"global-icon-set__image\">\n                                    <img decoding=\"async\" src=\"https:\/\/homeofwool.com\/wp-content\/uploads\/2025\/09\/free-of-synthetics-icon-300x300.png\" alt=\"frei von synthetischen Stoffen Symbol\" \/>\n                                <\/div>\n<div class=\"global-icon-set__title\">Frei von synthetischen Stoffen<\/div>\n<\/p><\/div>\n<div class=\"global-icon-set__item\">\n<div class=\"global-icon-set__image\">\n                                    <img decoding=\"async\" src=\"https:\/\/homeofwool.com\/wp-content\/uploads\/2025\/09\/chemical-free-icon-300x300.png\" alt=\"Symbol f\u00fcr Chemikalienfreiheit\" \/>\n                                <\/div>\n<div class=\"global-icon-set__title\">Chemikalienfrei<\/div>\n<\/p><\/div>\n<div class=\"global-icon-set__item\">\n<div class=\"global-icon-set__image\">\n                                    <img decoding=\"async\" src=\"https:\/\/homeofwool.com\/wp-content\/uploads\/2025\/09\/anti-bacterial-icon-300x300.png\" alt=\"antibakterielles Symbol\" \/>\n                                <\/div>\n<div class=\"global-icon-set__title\">Anti-mikrobiell &amp; Anti-bakteriell<\/div>\n<\/p><\/div>\n<div class=\"global-icon-set__item\">\n<div class=\"global-icon-set__image\">\n                                    <img decoding=\"async\" src=\"https:\/\/homeofwool.com\/wp-content\/uploads\/2025\/09\/certified-materials-icon-300x300.png\" alt=\"Symbol f\u00fcr zertifizierte Materialien\" \/>\n                                <\/div>\n<div class=\"global-icon-set__title\">100% Reine zertifizierte Materialien<\/div>\n<\/p><\/div>\n<\/p><\/div>\n<\/p><\/div>","protected":false},"featured_media":226050,"template":"","meta":{"_acf_changed":false},"product_brand":[],"product_cat":[266,459],"product_tag":[718,719,720,704,721,722,723,724,725,195,149,726],"class_list":{"0":"post-217680","1":"product","2":"type-product","3":"status-publish","4":"has-post-thumbnail","6":"product_cat-baby-sleep-products","7":"product_cat-mattresses-toppers","8":"product_tag-arms-reach","9":"product_tag-co-sleeper","10":"product_tag-cradle-mattress","11":"product_tag-eco-baby-bedding","12":"product_tag-halo-bassinest-mattress","13":"product_tag-halo-bassinest-mattress-pad","14":"product_tag-halo-breathable-crib-mattress","15":"product_tag-mini-crib-pad","16":"product_tag-newborn-mattress","17":"product_tag-organic-mattress","18":"product_tag-steps","19":"product_tag-swivel-sleeper","21":"first","22":"instock","23":"shipping-taxable","24":"purchasable","25":"product-type-simple"},"acf":[],"yoast_head":"<!-- This site is optimized with the Yoast SEO Premium plugin v27.4 (Yoast SEO v27.4) - https:\/\/yoast.com\/product\/yoast-seo-premium-wordpress\/ -->\n<title>HALO Bassinet Mattress \u2013 Organic, Breathable &amp; Custom | Home of Wool<\/title>\n<meta name=\"description\" content=\"Organic wool bassinet mattress pad, handmade, chemical-free, and flame-resistant. Breathable and hypoallergenic, it keeps newborns cozy and healthy in every season.\" \/>\n<meta name=\"robots\" content=\"index, follow, max-snippet:-1, max-image-preview:large, max-video-preview:-1\" \/>\n<link rel=\"canonical\" href=\"https:\/\/homeofwool.com\/de\/shop\/halo-stubenwagen-matratze\/\" \/>\n<meta property=\"og:locale\" content=\"de_DE\" \/>\n<meta property=\"og:type\" content=\"article\" \/>\n<meta property=\"og:title\" content=\"Wool HALO Bassinet Mattress\" \/>\n<meta property=\"og:description\" content=\"Organic wool bassinet mattress pad, handmade, chemical-free, and flame-resistant. Breathable and hypoallergenic, it keeps newborns cozy and healthy in every season.\" \/>\n<meta property=\"og:url\" content=\"https:\/\/homeofwool.com\/de\/shop\/halo-stubenwagen-matratze\/\" \/>\n<meta property=\"og:site_name\" content=\"Home of Wool\" \/>\n<meta property=\"article:publisher\" content=\"https:\/\/facebook.com\/HomeOfWoolOfficial\" \/>\n<meta property=\"article:modified_time\" content=\"2026-02-11T09:55:51+00:00\" \/>\n<meta property=\"og:image\" content=\"https:\/\/homeofwool.com\/wp-content\/uploads\/2025\/09\/home-of-wool-wool-halo-bassinest-mattress-1-main-1.jpg\" \/>\n\t<meta property=\"og:image:width\" content=\"1920\" \/>\n\t<meta property=\"og:image:height\" content=\"1536\" \/>\n\t<meta property=\"og:image:type\" content=\"image\/jpeg\" \/>\n<meta name=\"twitter:card\" content=\"summary_large_image\" \/>\n<meta name=\"twitter:label1\" content=\"Gesch\u00e4tzte Lesezeit\" \/>\n\t<meta name=\"twitter:data1\" content=\"1\u00a0Minute\" \/>\n<script type=\"application\/ld+json\" class=\"yoast-schema-graph\">{\"@context\":\"https:\\\/\\\/schema.org\",\"@graph\":[{\"@type\":\"WebPage\",\"@id\":\"https:\\\/\\\/homeofwool.com\\\/shop\\\/halo-bassinet-mattress\\\/\",\"url\":\"https:\\\/\\\/homeofwool.com\\\/shop\\\/halo-bassinet-mattress\\\/\",\"name\":\"HALO Bassinet Mattress \u2013 Organic, Breathable & Custom | Home of Wool\",\"isPartOf\":{\"@id\":\"https:\\\/\\\/homeofwool.com\\\/#website\"},\"primaryImageOfPage\":{\"@id\":\"https:\\\/\\\/homeofwool.com\\\/shop\\\/halo-bassinet-mattress\\\/#primaryimage\"},\"image\":{\"@id\":\"https:\\\/\\\/homeofwool.com\\\/shop\\\/halo-bassinet-mattress\\\/#primaryimage\"},\"thumbnailUrl\":\"https:\\\/\\\/homeofwool.com\\\/wp-content\\\/uploads\\\/2025\\\/09\\\/home-of-wool-wool-halo-bassinest-mattress-1-main-1.jpg\",\"datePublished\":\"2025-09-02T12:02:06+00:00\",\"dateModified\":\"2026-02-11T09:55:51+00:00\",\"description\":\"Organic wool bassinet mattress pad, handmade, chemical-free, and flame-resistant. Breathable and hypoallergenic, it keeps newborns cozy and healthy in every season.\",\"breadcrumb\":{\"@id\":\"https:\\\/\\\/homeofwool.com\\\/shop\\\/halo-bassinet-mattress\\\/#breadcrumb\"},\"inLanguage\":\"de\",\"potentialAction\":[{\"@type\":\"ReadAction\",\"target\":[\"https:\\\/\\\/homeofwool.com\\\/shop\\\/halo-bassinet-mattress\\\/\"]}]},{\"@type\":\"ImageObject\",\"inLanguage\":\"de\",\"@id\":\"https:\\\/\\\/homeofwool.com\\\/shop\\\/halo-bassinet-mattress\\\/#primaryimage\",\"url\":\"https:\\\/\\\/homeofwool.com\\\/wp-content\\\/uploads\\\/2025\\\/09\\\/home-of-wool-wool-halo-bassinest-mattress-1-main-1.jpg\",\"contentUrl\":\"https:\\\/\\\/homeofwool.com\\\/wp-content\\\/uploads\\\/2025\\\/09\\\/home-of-wool-wool-halo-bassinest-mattress-1-main-1.jpg\",\"width\":1920,\"height\":1536,\"caption\":\"wool halo bassinet mattress\"},{\"@type\":\"BreadcrumbList\",\"@id\":\"https:\\\/\\\/homeofwool.com\\\/shop\\\/halo-bassinet-mattress\\\/#breadcrumb\",\"itemListElement\":[{\"@type\":\"ListItem\",\"position\":1,\"name\":\"Home\",\"item\":\"https:\\\/\\\/homeofwool.com\\\/\"},{\"@type\":\"ListItem\",\"position\":2,\"name\":\"Products\",\"item\":\"https:\\\/\\\/homeofwool.com\\\/header-search-2\\\/\"},{\"@type\":\"ListItem\",\"position\":3,\"name\":\"Wool HALO Bassinet Mattress\"}]},{\"@type\":\"WebSite\",\"@id\":\"https:\\\/\\\/homeofwool.com\\\/#website\",\"url\":\"https:\\\/\\\/homeofwool.com\\\/\",\"name\":\"Home of Wool\",\"description\":\"\",\"publisher\":{\"@id\":\"https:\\\/\\\/homeofwool.com\\\/#organization\"},\"potentialAction\":[{\"@type\":\"SearchAction\",\"target\":{\"@type\":\"EntryPoint\",\"urlTemplate\":\"https:\\\/\\\/homeofwool.com\\\/?s={search_term_string}\"},\"query-input\":{\"@type\":\"PropertyValueSpecification\",\"valueRequired\":true,\"valueName\":\"search_term_string\"}}],\"inLanguage\":\"de\"},{\"@type\":\"Organization\",\"@id\":\"https:\\\/\\\/homeofwool.com\\\/#organization\",\"name\":\"Home of Wool\",\"url\":\"https:\\\/\\\/homeofwool.com\\\/\",\"logo\":{\"@type\":\"ImageObject\",\"inLanguage\":\"de\",\"@id\":\"https:\\\/\\\/homeofwool.com\\\/#\\\/schema\\\/logo\\\/image\\\/\",\"url\":\"https:\\\/\\\/homeofwool.com\\\/wp-content\\\/uploads\\\/2025\\\/09\\\/WhatsApp-Image-2025-12-02-at-16.23.20.jpeg\",\"contentUrl\":\"https:\\\/\\\/homeofwool.com\\\/wp-content\\\/uploads\\\/2025\\\/09\\\/WhatsApp-Image-2025-12-02-at-16.23.20.jpeg\",\"width\":700,\"height\":247,\"caption\":\"Home of Wool\"},\"image\":{\"@id\":\"https:\\\/\\\/homeofwool.com\\\/#\\\/schema\\\/logo\\\/image\\\/\"},\"sameAs\":[\"https:\\\/\\\/facebook.com\\\/HomeOfWoolOfficial\"]}]}<\/script>\n<!-- \/ Yoast SEO Premium plugin. -->","yoast_head_json":{"title":"HALO Bassinet Matratze \u2013 Bio, atmungsaktiv und individuell anpassbar | Home of Wool","description":"Matratzenauflage aus Bio-Wolle, handgefertigt, chemiefrei und schwer entflammbar. Atmungsaktiv und hypoallergen, h\u00e4lt es Neugeborene kuschelig und gesund in jeder Jahreszeit.","robots":{"index":"index","follow":"follow","max-snippet":"max-snippet:-1","max-image-preview":"max-image-preview:large","max-video-preview":"max-video-preview:-1"},"canonical":"https:\/\/homeofwool.com\/de\/shop\/halo-stubenwagen-matratze\/","og_locale":"de_DE","og_type":"article","og_title":"Wool HALO Bassinet Mattress","og_description":"Organic wool bassinet mattress pad, handmade, chemical-free, and flame-resistant. Breathable and hypoallergenic, it keeps newborns cozy and healthy in every season.","og_url":"https:\/\/homeofwool.com\/de\/shop\/halo-stubenwagen-matratze\/","og_site_name":"Home of Wool","article_publisher":"https:\/\/facebook.com\/HomeOfWoolOfficial","article_modified_time":"2026-02-11T09:55:51+00:00","og_image":[{"width":1920,"height":1536,"url":"https:\/\/homeofwool.com\/wp-content\/uploads\/2025\/09\/home-of-wool-wool-halo-bassinest-mattress-1-main-1.jpg","type":"image\/jpeg"}],"twitter_card":"summary_large_image","twitter_misc":{"Gesch\u00e4tzte Lesezeit":"1\u00a0Minute"},"schema":{"@context":"https:\/\/schema.org","@graph":[{"@type":"WebPage","@id":"https:\/\/homeofwool.com\/shop\/halo-bassinet-mattress\/","url":"https:\/\/homeofwool.com\/shop\/halo-bassinet-mattress\/","name":"HALO Bassinet Matratze \u2013 Bio, atmungsaktiv und individuell anpassbar | Home of Wool","isPartOf":{"@id":"https:\/\/homeofwool.com\/#website"},"primaryImageOfPage":{"@id":"https:\/\/homeofwool.com\/shop\/halo-bassinet-mattress\/#primaryimage"},"image":{"@id":"https:\/\/homeofwool.com\/shop\/halo-bassinet-mattress\/#primaryimage"},"thumbnailUrl":"https:\/\/homeofwool.com\/wp-content\/uploads\/2025\/09\/home-of-wool-wool-halo-bassinest-mattress-1-main-1.jpg","datePublished":"2025-09-02T12:02:06+00:00","dateModified":"2026-02-11T09:55:51+00:00","description":"Matratzenauflage aus Bio-Wolle, handgefertigt, chemiefrei und schwer entflammbar. Atmungsaktiv und hypoallergen, h\u00e4lt es Neugeborene kuschelig und gesund in jeder Jahreszeit.","breadcrumb":{"@id":"https:\/\/homeofwool.com\/shop\/halo-bassinet-mattress\/#breadcrumb"},"inLanguage":"de","potentialAction":[{"@type":"ReadAction","target":["https:\/\/homeofwool.com\/shop\/halo-bassinet-mattress\/"]}]},{"@type":"ImageObject","inLanguage":"de","@id":"https:\/\/homeofwool.com\/shop\/halo-bassinet-mattress\/#primaryimage","url":"https:\/\/homeofwool.com\/wp-content\/uploads\/2025\/09\/home-of-wool-wool-halo-bassinest-mattress-1-main-1.jpg","contentUrl":"https:\/\/homeofwool.com\/wp-content\/uploads\/2025\/09\/home-of-wool-wool-halo-bassinest-mattress-1-main-1.jpg","width":1920,"height":1536,"caption":"wool halo bassinet mattress"},{"@type":"BreadcrumbList","@id":"https:\/\/homeofwool.com\/shop\/halo-bassinet-mattress\/#breadcrumb","itemListElement":[{"@type":"ListItem","position":1,"name":"Home","item":"https:\/\/homeofwool.com\/"},{"@type":"ListItem","position":2,"name":"Products","item":"https:\/\/homeofwool.com\/header-search-2\/"},{"@type":"ListItem","position":3,"name":"Wool HALO Bassinet Mattress"}]},{"@type":"WebSite","@id":"https:\/\/homeofwool.com\/#website","url":"https:\/\/homeofwool.com\/","name":"Heimat der Wolle","description":"","publisher":{"@id":"https:\/\/homeofwool.com\/#organization"},"potentialAction":[{"@type":"SearchAction","target":{"@type":"EntryPoint","urlTemplate":"https:\/\/homeofwool.com\/?s={search_term_string}"},"query-input":{"@type":"PropertyValueSpecification","valueRequired":true,"valueName":"search_term_string"}}],"inLanguage":"de"},{"@type":"Organization","@id":"https:\/\/homeofwool.com\/#organization","name":"Heimat der Wolle","url":"https:\/\/homeofwool.com\/","logo":{"@type":"ImageObject","inLanguage":"de","@id":"https:\/\/homeofwool.com\/#\/schema\/logo\/image\/","url":"https:\/\/homeofwool.com\/wp-content\/uploads\/2025\/09\/WhatsApp-Image-2025-12-02-at-16.23.20.jpeg","contentUrl":"https:\/\/homeofwool.com\/wp-content\/uploads\/2025\/09\/WhatsApp-Image-2025-12-02-at-16.23.20.jpeg","width":700,"height":247,"caption":"Home of Wool"},"image":{"@id":"https:\/\/homeofwool.com\/#\/schema\/logo\/image\/"},"sameAs":["https:\/\/facebook.com\/HomeOfWoolOfficial"]}]}},"_links":{"self":[{"href":"https:\/\/homeofwool.com\/de\/wp-json\/wp\/v2\/product\/217680","targetHints":{"allow":["GET"]}}],"collection":[{"href":"https:\/\/homeofwool.com\/de\/wp-json\/wp\/v2\/product"}],"about":[{"href":"https:\/\/homeofwool.com\/de\/wp-json\/wp\/v2\/types\/product"}],"version-history":[{"count":2,"href":"https:\/\/homeofwool.com\/de\/wp-json\/wp\/v2\/product\/217680\/revisions"}],"predecessor-version":[{"id":226060,"href":"https:\/\/homeofwool.com\/de\/wp-json\/wp\/v2\/product\/217680\/revisions\/226060"}],"wp:featuredmedia":[{"embeddable":true,"href":"https:\/\/homeofwool.com\/de\/wp-json\/wp\/v2\/media\/226050"}],"wp:attachment":[{"href":"https:\/\/homeofwool.com\/de\/wp-json\/wp\/v2\/media?parent=217680"}],"wp:term":[{"taxonomy":"product_brand","embeddable":true,"href":"https:\/\/homeofwool.com\/de\/wp-json\/wp\/v2\/product_brand?post=217680"},{"taxonomy":"product_cat","embeddable":true,"href":"https:\/\/homeofwool.com\/de\/wp-json\/wp\/v2\/product_cat?post=217680"},{"taxonomy":"product_tag","embeddable":true,"href":"https:\/\/homeofwool.com\/de\/wp-json\/wp\/v2\/product_tag?post=217680"}],"curies":[{"name":"wp","href":"https:\/\/api.w.org\/{rel}","templated":true}]}}