{"id":217675,"date":"2025-09-02T12:02:06","date_gmt":"2025-09-02T12:02:06","guid":{"rendered":"https:\/\/homeofwool.com\/?post_type=product&#038;p=217675"},"modified":"2026-02-13T09:45:13","modified_gmt":"2026-02-13T09:45:13","slug":"kleinkindkissen","status":"publish","type":"product","link":"https:\/\/homeofwool.com\/de\/shop\/toddler-pillow\/","title":{"rendered":"Kissen f\u00fcr Kleinkinder aus Wolle"},"content":{"rendered":"<p>Ein guter Schlaf kann f\u00fcr Ihr Kind den entscheidenden Unterschied ausmachen, und dieses Kissen f\u00fcr Kleinkinder ist so konzipiert, dass es sowohl Komfort als auch Seelenfrieden bietet. Es ist mit weicher Wollwatte gef\u00fcllt, damit es sich leicht und gem\u00fctlich anf\u00fchlt. Dennoch bietet es die Unterst\u00fctzung, die Ihr Kind braucht. Wolle ist von Natur aus hypoallergen. Sie h\u00e4lt auch Hausstaubmilben fern. Eine gute Wahl, wenn Ihr Kind unter Allergien leidet. Perfekt f\u00fcr Kinder mit Asthma und chemischer \u00dcberempfindlichkeit. Da es sich um ein atmungsaktives Kleinkindkissen handelt, wirkt es temperaturausgleichend und sorgt daf\u00fcr, dass Ihr Kind die ganze Nacht \u00fcber bequem und trocken liegt.<\/p>\n<p>Wenn Sie es sich besonders einfach machen wollen, bieten wir auch waschbare Kissenbez\u00fcge an. Sie k\u00f6nnen w\u00e4hlen, ob Sie es schlicht und einfach oder mit einem s\u00fc\u00dfen gestickten Detail haben m\u00f6chten. Die Stickerei macht das Kissen zu einem originellen Geschenk.<\/p>\n<p>Jedes Teil dieses Kissens ist aus nat\u00fcrlichen und biologisch abbaubaren Materialien hergestellt. Keine Chemikalien, keine Kunststoffe. Keine Ausgasung.<\/p>\n<p>Dicke: 2-2,5\u2033 \/ 5-6 cm<\/p>","protected":false},"excerpt":{"rendered":"<p>Das Wool Toddler Pillow wird ausschlie\u00dflich aus reiner Wolle hergestellt und bietet Ihrem Kind eine sanfte Unterst\u00fctzung, ohne sich sperrig anzuf\u00fchlen. Da Wolle von Natur aus atmungsaktiv und frei von Chemikalien ist, schafft sie eine saubere und gesunde Schlafunterlage. Viele Eltern w\u00e4hlen es als sichere Alternative, da es Allergene fernh\u00e4lt und keine W\u00e4rme staut. So k\u00f6nnen die Kleinen ruhiger schlafen.<\/p>\n<div class=\"global-icon-set\">\n<div class=\"global-icon-set__items\">\n<div class=\"global-icon-set__item\">\n<div class=\"global-icon-set__image\">\n                                    <img decoding=\"async\" src=\"https:\/\/homeofwool.com\/wp-content\/uploads\/2025\/09\/handmade-icon-300x300.png\" alt=\"handgefertigte Ikone\" \/>\n                                <\/div>\n<div class=\"global-icon-set__title\">Handgefertigt<\/div>\n<\/p><\/div>\n<div class=\"global-icon-set__item\">\n<div class=\"global-icon-set__image\">\n                                    <img decoding=\"async\" src=\"https:\/\/homeofwool.com\/wp-content\/uploads\/2025\/09\/Hypoallergenic-min-300x300.png\" alt=\"hypoallergenes Symbol\" \/>\n                                <\/div>\n<div class=\"global-icon-set__title\">Hypoallergen<\/div>\n<\/p><\/div>\n<div class=\"global-icon-set__item\">\n<div class=\"global-icon-set__image\">\n                                    <img decoding=\"async\" src=\"https:\/\/homeofwool.com\/wp-content\/uploads\/2025\/09\/FR-min-300x300.png\" alt=\"feuerfestes Symbol\" \/>\n                                <\/div>\n<div class=\"global-icon-set__title\">Schwer entflammbar<\/div>\n<\/p><\/div>\n<div class=\"global-icon-set__item\">\n<div class=\"global-icon-set__image\">\n                                    <img decoding=\"async\" src=\"https:\/\/homeofwool.com\/wp-content\/uploads\/2025\/09\/free-of-synthetics-icon-300x300.png\" alt=\"frei von synthetischen Stoffen Symbol\" \/>\n                                <\/div>\n<div class=\"global-icon-set__title\">Frei von synthetischen Stoffen<\/div>\n<\/p><\/div>\n<div class=\"global-icon-set__item\">\n<div class=\"global-icon-set__image\">\n                                    <img decoding=\"async\" src=\"https:\/\/homeofwool.com\/wp-content\/uploads\/2025\/09\/chemical-free-icon-300x300.png\" alt=\"Symbol f\u00fcr Chemikalienfreiheit\" \/>\n                                <\/div>\n<div class=\"global-icon-set__title\">Chemikalienfrei<\/div>\n<\/p><\/div>\n<div class=\"global-icon-set__item\">\n<div class=\"global-icon-set__image\">\n                                    <img decoding=\"async\" src=\"https:\/\/homeofwool.com\/wp-content\/uploads\/2025\/09\/anti-bacterial-icon-300x300.png\" alt=\"antibakterielles Symbol\" \/>\n                                <\/div>\n<div class=\"global-icon-set__title\">Anti-mikrobiell &amp; Anti-bakteriell<\/div>\n<\/p><\/div>\n<div class=\"global-icon-set__item\">\n<div class=\"global-icon-set__image\">\n                                    <img decoding=\"async\" src=\"https:\/\/homeofwool.com\/wp-content\/uploads\/2025\/09\/certified-materials-icon-300x300.png\" alt=\"Symbol f\u00fcr zertifizierte Materialien\" \/>\n                                <\/div>\n<div class=\"global-icon-set__title\">100% Reine zertifizierte Materialien<\/div>\n<\/p><\/div>\n<\/p><\/div>\n<\/p><\/div>","protected":false},"featured_media":224438,"template":"","meta":{"_acf_changed":false},"product_brand":[],"product_cat":[266,267],"product_tag":[268,269,270,271,273,274,149],"class_list":{"0":"post-217675","1":"product","2":"type-product","3":"status-publish","4":"has-post-thumbnail","6":"product_cat-baby-sleep-products","7":"product_cat-nursery","8":"product_tag-3d-baby-pillow","9":"product_tag-baby-head-pillow","10":"product_tag-baby-sleep-pillow","11":"product_tag-flat-head-pillow","12":"product_tag-infant-pillow","13":"product_tag-newborn-pillow","14":"product_tag-steps","16":"first","17":"instock","18":"shipping-taxable","19":"purchasable","20":"product-type-simple"},"acf":[],"yoast_head":"<!-- This site is optimized with the Yoast SEO Premium plugin v27.4 (Yoast SEO v27.4) - https:\/\/yoast.com\/product\/yoast-seo-premium-wordpress\/ -->\n<title>Organic Toddler Pillow \u2013 Hypoallergenic &amp; Breathable | Home of Wool<\/title>\n<meta name=\"description\" content=\"Soft and breathable, the Organic Toddler Pillow offers hypoallergenic, toxin-free comfort. Crafted with natural wool filling, it ensures safe support for growing children year-round.\" \/>\n<meta name=\"robots\" content=\"index, follow, max-snippet:-1, max-image-preview:large, max-video-preview:-1\" \/>\n<link rel=\"canonical\" href=\"https:\/\/homeofwool.com\/de\/shop\/kleinkindkissen\/\" \/>\n<meta property=\"og:locale\" content=\"de_DE\" \/>\n<meta property=\"og:type\" content=\"article\" \/>\n<meta property=\"og:title\" content=\"Wool Toddler Pillow\" \/>\n<meta property=\"og:description\" content=\"Soft and breathable, the Organic Toddler Pillow offers hypoallergenic, toxin-free comfort. Crafted with natural wool filling, it ensures safe support for growing children year-round.\" \/>\n<meta property=\"og:url\" content=\"https:\/\/homeofwool.com\/de\/shop\/kleinkindkissen\/\" \/>\n<meta property=\"og:site_name\" content=\"Home of Wool\" \/>\n<meta property=\"article:publisher\" content=\"https:\/\/facebook.com\/HomeOfWoolOfficial\" \/>\n<meta property=\"article:modified_time\" content=\"2026-02-13T09:45:13+00:00\" \/>\n<meta property=\"og:image\" content=\"https:\/\/homeofwool.com\/wp-content\/uploads\/2025\/09\/home-of-wool-toddler-pillow-1-main.jpg\" \/>\n\t<meta property=\"og:image:width\" content=\"2000\" \/>\n\t<meta property=\"og:image:height\" content=\"1600\" \/>\n\t<meta property=\"og:image:type\" content=\"image\/jpeg\" \/>\n<meta name=\"twitter:card\" content=\"summary_large_image\" \/>\n<meta name=\"twitter:label1\" content=\"Gesch\u00e4tzte Lesezeit\" \/>\n\t<meta name=\"twitter:data1\" content=\"1\u00a0Minute\" \/>\n<script type=\"application\/ld+json\" class=\"yoast-schema-graph\">{\"@context\":\"https:\\\/\\\/schema.org\",\"@graph\":[{\"@type\":\"WebPage\",\"@id\":\"https:\\\/\\\/homeofwool.com\\\/shop\\\/toddler-pillow\\\/\",\"url\":\"https:\\\/\\\/homeofwool.com\\\/shop\\\/toddler-pillow\\\/\",\"name\":\"Organic Toddler Pillow \u2013 Hypoallergenic & Breathable | Home of Wool\",\"isPartOf\":{\"@id\":\"https:\\\/\\\/homeofwool.com\\\/#website\"},\"primaryImageOfPage\":{\"@id\":\"https:\\\/\\\/homeofwool.com\\\/shop\\\/toddler-pillow\\\/#primaryimage\"},\"image\":{\"@id\":\"https:\\\/\\\/homeofwool.com\\\/shop\\\/toddler-pillow\\\/#primaryimage\"},\"thumbnailUrl\":\"https:\\\/\\\/homeofwool.com\\\/wp-content\\\/uploads\\\/2025\\\/09\\\/home-of-wool-toddler-pillow-1-main.jpg\",\"datePublished\":\"2025-09-02T12:02:06+00:00\",\"dateModified\":\"2026-02-13T09:45:13+00:00\",\"description\":\"Soft and breathable, the Organic Toddler Pillow offers hypoallergenic, toxin-free comfort. Crafted with natural wool filling, it ensures safe support for growing children year-round.\",\"breadcrumb\":{\"@id\":\"https:\\\/\\\/homeofwool.com\\\/shop\\\/toddler-pillow\\\/#breadcrumb\"},\"inLanguage\":\"de\",\"potentialAction\":[{\"@type\":\"ReadAction\",\"target\":[\"https:\\\/\\\/homeofwool.com\\\/shop\\\/toddler-pillow\\\/\"]}]},{\"@type\":\"ImageObject\",\"inLanguage\":\"de\",\"@id\":\"https:\\\/\\\/homeofwool.com\\\/shop\\\/toddler-pillow\\\/#primaryimage\",\"url\":\"https:\\\/\\\/homeofwool.com\\\/wp-content\\\/uploads\\\/2025\\\/09\\\/home-of-wool-toddler-pillow-1-main.jpg\",\"contentUrl\":\"https:\\\/\\\/homeofwool.com\\\/wp-content\\\/uploads\\\/2025\\\/09\\\/home-of-wool-toddler-pillow-1-main.jpg\",\"width\":2000,\"height\":1600,\"caption\":\"100% virgin wool pillow for toddler\"},{\"@type\":\"BreadcrumbList\",\"@id\":\"https:\\\/\\\/homeofwool.com\\\/shop\\\/toddler-pillow\\\/#breadcrumb\",\"itemListElement\":[{\"@type\":\"ListItem\",\"position\":1,\"name\":\"Home\",\"item\":\"https:\\\/\\\/homeofwool.com\\\/\"},{\"@type\":\"ListItem\",\"position\":2,\"name\":\"Products\",\"item\":\"https:\\\/\\\/homeofwool.com\\\/header-search-2\\\/\"},{\"@type\":\"ListItem\",\"position\":3,\"name\":\"Wool Toddler Pillow\"}]},{\"@type\":\"WebSite\",\"@id\":\"https:\\\/\\\/homeofwool.com\\\/#website\",\"url\":\"https:\\\/\\\/homeofwool.com\\\/\",\"name\":\"Home of Wool\",\"description\":\"\",\"publisher\":{\"@id\":\"https:\\\/\\\/homeofwool.com\\\/#organization\"},\"potentialAction\":[{\"@type\":\"SearchAction\",\"target\":{\"@type\":\"EntryPoint\",\"urlTemplate\":\"https:\\\/\\\/homeofwool.com\\\/?s={search_term_string}\"},\"query-input\":{\"@type\":\"PropertyValueSpecification\",\"valueRequired\":true,\"valueName\":\"search_term_string\"}}],\"inLanguage\":\"de\"},{\"@type\":\"Organization\",\"@id\":\"https:\\\/\\\/homeofwool.com\\\/#organization\",\"name\":\"Home of Wool\",\"url\":\"https:\\\/\\\/homeofwool.com\\\/\",\"logo\":{\"@type\":\"ImageObject\",\"inLanguage\":\"de\",\"@id\":\"https:\\\/\\\/homeofwool.com\\\/#\\\/schema\\\/logo\\\/image\\\/\",\"url\":\"https:\\\/\\\/homeofwool.com\\\/wp-content\\\/uploads\\\/2025\\\/09\\\/WhatsApp-Image-2025-12-02-at-16.23.20.jpeg\",\"contentUrl\":\"https:\\\/\\\/homeofwool.com\\\/wp-content\\\/uploads\\\/2025\\\/09\\\/WhatsApp-Image-2025-12-02-at-16.23.20.jpeg\",\"width\":700,\"height\":247,\"caption\":\"Home of Wool\"},\"image\":{\"@id\":\"https:\\\/\\\/homeofwool.com\\\/#\\\/schema\\\/logo\\\/image\\\/\"},\"sameAs\":[\"https:\\\/\\\/facebook.com\\\/HomeOfWoolOfficial\"]}]}<\/script>\n<!-- \/ Yoast SEO Premium plugin. -->","yoast_head_json":{"title":"Bio-Kleinkind-Kissen - hypoallergen &amp; atmungsaktiv | Home of Wool","description":"Das weiche und atmungsaktive Organic Toddler Pillow bietet hypoallergenen, toxinfreien Komfort. Mit einer F\u00fcllung aus nat\u00fcrlicher Wolle bietet es das ganze Jahr \u00fcber sicheren Halt f\u00fcr Kinder im Wachstum.","robots":{"index":"index","follow":"follow","max-snippet":"max-snippet:-1","max-image-preview":"max-image-preview:large","max-video-preview":"max-video-preview:-1"},"canonical":"https:\/\/homeofwool.com\/de\/shop\/kleinkindkissen\/","og_locale":"de_DE","og_type":"article","og_title":"Wool Toddler Pillow","og_description":"Soft and breathable, the Organic Toddler Pillow offers hypoallergenic, toxin-free comfort. Crafted with natural wool filling, it ensures safe support for growing children year-round.","og_url":"https:\/\/homeofwool.com\/de\/shop\/kleinkindkissen\/","og_site_name":"Home of Wool","article_publisher":"https:\/\/facebook.com\/HomeOfWoolOfficial","article_modified_time":"2026-02-13T09:45:13+00:00","og_image":[{"width":2000,"height":1600,"url":"https:\/\/homeofwool.com\/wp-content\/uploads\/2025\/09\/home-of-wool-toddler-pillow-1-main.jpg","type":"image\/jpeg"}],"twitter_card":"summary_large_image","twitter_misc":{"Gesch\u00e4tzte Lesezeit":"1\u00a0Minute"},"schema":{"@context":"https:\/\/schema.org","@graph":[{"@type":"WebPage","@id":"https:\/\/homeofwool.com\/shop\/toddler-pillow\/","url":"https:\/\/homeofwool.com\/shop\/toddler-pillow\/","name":"Bio-Kleinkind-Kissen - hypoallergen &amp; atmungsaktiv | Home of Wool","isPartOf":{"@id":"https:\/\/homeofwool.com\/#website"},"primaryImageOfPage":{"@id":"https:\/\/homeofwool.com\/shop\/toddler-pillow\/#primaryimage"},"image":{"@id":"https:\/\/homeofwool.com\/shop\/toddler-pillow\/#primaryimage"},"thumbnailUrl":"https:\/\/homeofwool.com\/wp-content\/uploads\/2025\/09\/home-of-wool-toddler-pillow-1-main.jpg","datePublished":"2025-09-02T12:02:06+00:00","dateModified":"2026-02-13T09:45:13+00:00","description":"Das weiche und atmungsaktive Organic Toddler Pillow bietet hypoallergenen, toxinfreien Komfort. Mit einer F\u00fcllung aus nat\u00fcrlicher Wolle bietet es das ganze Jahr \u00fcber sicheren Halt f\u00fcr Kinder im Wachstum.","breadcrumb":{"@id":"https:\/\/homeofwool.com\/shop\/toddler-pillow\/#breadcrumb"},"inLanguage":"de","potentialAction":[{"@type":"ReadAction","target":["https:\/\/homeofwool.com\/shop\/toddler-pillow\/"]}]},{"@type":"ImageObject","inLanguage":"de","@id":"https:\/\/homeofwool.com\/shop\/toddler-pillow\/#primaryimage","url":"https:\/\/homeofwool.com\/wp-content\/uploads\/2025\/09\/home-of-wool-toddler-pillow-1-main.jpg","contentUrl":"https:\/\/homeofwool.com\/wp-content\/uploads\/2025\/09\/home-of-wool-toddler-pillow-1-main.jpg","width":2000,"height":1600,"caption":"100% virgin wool pillow for toddler"},{"@type":"BreadcrumbList","@id":"https:\/\/homeofwool.com\/shop\/toddler-pillow\/#breadcrumb","itemListElement":[{"@type":"ListItem","position":1,"name":"Home","item":"https:\/\/homeofwool.com\/"},{"@type":"ListItem","position":2,"name":"Products","item":"https:\/\/homeofwool.com\/header-search-2\/"},{"@type":"ListItem","position":3,"name":"Wool Toddler Pillow"}]},{"@type":"WebSite","@id":"https:\/\/homeofwool.com\/#website","url":"https:\/\/homeofwool.com\/","name":"Heimat der Wolle","description":"","publisher":{"@id":"https:\/\/homeofwool.com\/#organization"},"potentialAction":[{"@type":"SearchAction","target":{"@type":"EntryPoint","urlTemplate":"https:\/\/homeofwool.com\/?s={search_term_string}"},"query-input":{"@type":"PropertyValueSpecification","valueRequired":true,"valueName":"search_term_string"}}],"inLanguage":"de"},{"@type":"Organization","@id":"https:\/\/homeofwool.com\/#organization","name":"Heimat der Wolle","url":"https:\/\/homeofwool.com\/","logo":{"@type":"ImageObject","inLanguage":"de","@id":"https:\/\/homeofwool.com\/#\/schema\/logo\/image\/","url":"https:\/\/homeofwool.com\/wp-content\/uploads\/2025\/09\/WhatsApp-Image-2025-12-02-at-16.23.20.jpeg","contentUrl":"https:\/\/homeofwool.com\/wp-content\/uploads\/2025\/09\/WhatsApp-Image-2025-12-02-at-16.23.20.jpeg","width":700,"height":247,"caption":"Home of Wool"},"image":{"@id":"https:\/\/homeofwool.com\/#\/schema\/logo\/image\/"},"sameAs":["https:\/\/facebook.com\/HomeOfWoolOfficial"]}]}},"_links":{"self":[{"href":"https:\/\/homeofwool.com\/de\/wp-json\/wp\/v2\/product\/217675","targetHints":{"allow":["GET"]}}],"collection":[{"href":"https:\/\/homeofwool.com\/de\/wp-json\/wp\/v2\/product"}],"about":[{"href":"https:\/\/homeofwool.com\/de\/wp-json\/wp\/v2\/types\/product"}],"version-history":[{"count":4,"href":"https:\/\/homeofwool.com\/de\/wp-json\/wp\/v2\/product\/217675\/revisions"}],"predecessor-version":[{"id":228248,"href":"https:\/\/homeofwool.com\/de\/wp-json\/wp\/v2\/product\/217675\/revisions\/228248"}],"wp:featuredmedia":[{"embeddable":true,"href":"https:\/\/homeofwool.com\/de\/wp-json\/wp\/v2\/media\/224438"}],"wp:attachment":[{"href":"https:\/\/homeofwool.com\/de\/wp-json\/wp\/v2\/media?parent=217675"}],"wp:term":[{"taxonomy":"product_brand","embeddable":true,"href":"https:\/\/homeofwool.com\/de\/wp-json\/wp\/v2\/product_brand?post=217675"},{"taxonomy":"product_cat","embeddable":true,"href":"https:\/\/homeofwool.com\/de\/wp-json\/wp\/v2\/product_cat?post=217675"},{"taxonomy":"product_tag","embeddable":true,"href":"https:\/\/homeofwool.com\/de\/wp-json\/wp\/v2\/product_tag?post=217675"}],"curies":[{"name":"wp","href":"https:\/\/api.w.org\/{rel}","templated":true}]}}