{"id":217673,"date":"2025-09-02T12:02:06","date_gmt":"2025-09-02T12:02:06","guid":{"rendered":"https:\/\/homeofwool.com\/?post_type=product&#038;p=217673"},"modified":"2026-02-10T16:20:42","modified_gmt":"2026-02-10T16:20:42","slug":"bettschlange","status":"publish","type":"product","link":"https:\/\/homeofwool.com\/de\/shop\/bed-snake\/","title":{"rendered":"Bettschlangenkissen aus Wolle"},"content":{"rendered":"<p>Ein neues Baby willkommen zu hei\u00dfen bedeutet, einen Raum zu schaffen, der sich sicher, nat\u00fcrlich und f\u00fcrsorglich anf\u00fchlt, und genau das leistet das Home of Wool Bed Snake Pillow. Dieses handgefertigte Kinderbett-Sto\u00dfschutzpolster aus 100% Bio-Wolle ist mehr als nur ein Kissen \u2013 es ist ein sanfter Bio-Bettschutz, der das Bett Ihres Kindes mit Komfort umh\u00fcllt.<\/p>\n<p>Dieses hypoallergene Kissen f\u00fcr Kinder ist v\u00f6llig frei von Chemikalien, synthetischen Stoffen, Flammschutzmitteln und VOCs und somit ideal f\u00fcr selbst die empfindlichsten kleinen Schl\u00e4fer.<\/p>\n<p>Die weichen Formen verhindern Beulen, wenn Ihr Baby anf\u00e4ngt, sich zu bewegen. Der abnehmbare, waschbare Bezug erleichtert die Pflege und macht das Leben einfacher. Sie k\u00f6nnen sogar die Platzierung der B\u00e4nder w\u00e4hlen oder die Wollf\u00fcllung anpassen, sodass Sie ein wirklich individuell anpassbares Schlangen-Kissen f\u00fcr Ihre ganz pers\u00f6nlichen Bed\u00fcrfnisse erhalten.<\/p>\n<p>Wolle weist Hausstaubmilben ab. Au\u00dferdem ist sie resistent gegen Bakterien. So sorgt sie f\u00fcr einen frischen und gesunden Schlafplatz f\u00fcr Ihr Baby. Das Beste daran: Sie ist zu 100 % biologisch abbaubar und wird ausschlie\u00dflich aus nachhaltigen, erneuerbaren Materialien hergestellt. Das Babybettkissen, das ebenso gut zur Umwelt wie zu Ihrer Familie ist.<\/p>","protected":false},"excerpt":{"rendered":"<p>Stellen Sie sich das Wool Bed Snake Pillow als eine warme Umarmung der Sicherheit f\u00fcr Ihr Kind vor. Dieser Bettschutz f\u00fcr Kinder besteht aus einer F\u00fcllung aus 100 % biologischer Wolle. Ein nat\u00fcrlicher Bettschutz, der frei von Chemikalien und hypoallergen ist und Ihrem Kind die ganze Nacht \u00fcber Komfort und Schutz bietet. Sanft, atmungsaktiv und individuell anpassbar \u2013 so f\u00fcrsorglich wie Sie selbst.<\/p>\n<div class=\"global-icon-set\">\n<div class=\"global-icon-set__items\">\n<div class=\"global-icon-set__item\">\n<div class=\"global-icon-set__image\">\n                                    <img decoding=\"async\" src=\"https:\/\/homeofwool.com\/wp-content\/uploads\/2025\/09\/handmade-icon-300x300.png\" alt=\"handgefertigte Ikone\" \/>\n                                <\/div>\n<div class=\"global-icon-set__title\">Handgefertigt<\/div>\n<\/p><\/div>\n<div class=\"global-icon-set__item\">\n<div class=\"global-icon-set__image\">\n                                    <img decoding=\"async\" src=\"https:\/\/homeofwool.com\/wp-content\/uploads\/2025\/09\/VOCs-min-300x300.png\" alt=\"vocs frei\" \/>\n                                <\/div>\n<div class=\"global-icon-set__title\">VOC-frei<\/div>\n<\/p><\/div>\n<div class=\"global-icon-set__item\">\n<div class=\"global-icon-set__image\">\n                                    <img decoding=\"async\" src=\"https:\/\/homeofwool.com\/wp-content\/uploads\/2025\/09\/FR-min-300x300.png\" alt=\"feuerfestes Symbol\" \/>\n                                <\/div>\n<div class=\"global-icon-set__title\">Schwer entflammbar<\/div>\n<\/p><\/div>\n<div class=\"global-icon-set__item\">\n<div class=\"global-icon-set__image\">\n                                    <img decoding=\"async\" src=\"https:\/\/homeofwool.com\/wp-content\/uploads\/2025\/09\/Hypoallergenic-min-300x300.png\" alt=\"hypoallergenes Symbol\" \/>\n                                <\/div>\n<div class=\"global-icon-set__title\">Hypoallergen<\/div>\n<\/p><\/div>\n<div class=\"global-icon-set__item\">\n<div class=\"global-icon-set__image\">\n                                    <img decoding=\"async\" src=\"https:\/\/homeofwool.com\/wp-content\/uploads\/2025\/09\/free-of-synthetics-icon-300x300.png\" alt=\"frei von synthetischen Stoffen Symbol\" \/>\n                                <\/div>\n<div class=\"global-icon-set__title\">Frei von synthetischen Stoffen<\/div>\n<\/p><\/div>\n<div class=\"global-icon-set__item\">\n<div class=\"global-icon-set__image\">\n                                    <img decoding=\"async\" src=\"https:\/\/homeofwool.com\/wp-content\/uploads\/2025\/09\/chemical-free-icon-300x300.png\" alt=\"Symbol f\u00fcr Chemikalienfreiheit\" \/>\n                                <\/div>\n<div class=\"global-icon-set__title\">Chemikalienfrei<\/div>\n<\/p><\/div>\n<div class=\"global-icon-set__item\">\n<div class=\"global-icon-set__image\">\n                                    <img decoding=\"async\" src=\"https:\/\/homeofwool.com\/wp-content\/uploads\/2025\/09\/anti-bacterial-icon-300x300.png\" alt=\"antibakterielles Symbol\" \/>\n                                <\/div>\n<div class=\"global-icon-set__title\">Anti-mikrobiell &amp; Anti-bakteriell<\/div>\n<\/p><\/div>\n<div class=\"global-icon-set__item\">\n<div class=\"global-icon-set__image\">\n                                    <img decoding=\"async\" src=\"https:\/\/homeofwool.com\/wp-content\/uploads\/2025\/09\/certified-materials-icon-300x300.png\" alt=\"Symbol f\u00fcr zertifizierte Materialien\" \/>\n                                <\/div>\n<div class=\"global-icon-set__title\">100% Reine zertifizierte Materialien<\/div>\n<\/p><\/div>\n<\/p><\/div>\n<\/p><\/div>","protected":false},"featured_media":218545,"template":"","meta":{"_acf_changed":false},"product_brand":[],"product_cat":[266,267],"product_tag":[460,691,692,686,693,149,694,688],"class_list":{"0":"post-217673","1":"product","2":"type-product","3":"status-publish","4":"has-post-thumbnail","6":"product_cat-baby-sleep-products","7":"product_cat-nursery","8":"product_tag-baby-bedding","9":"product_tag-cot-bolster","10":"product_tag-crib-snake-bumper","11":"product_tag-oval-crib-bumper","12":"product_tag-snake-bumper","13":"product_tag-steps","14":"product_tag-stokke-bed-bumper","15":"product_tag-stokke-sleepi-bedding","17":"first","18":"instock","19":"shipping-taxable","20":"purchasable","21":"product-type-simple"},"acf":[],"yoast_head":"<!-- This site is optimized with the Yoast SEO Premium plugin v27.5 (Yoast SEO v27.5) - https:\/\/yoast.com\/product\/yoast-seo-premium-wordpress\/ -->\n<title>Bed Snake Pillow \u2013 Hypoallergenic, Customizable &amp; Non-toxic | Home of Wool<\/title>\n<meta name=\"description\" content=\"Gentle, breathable, and hypoallergenic, the Wool Bed Snake Pillow wraps your child in comfort. Organic, chemical-free wool keeps kids safe, cozy, and customizable for restful sleep.\" \/>\n<meta name=\"robots\" content=\"index, follow, max-snippet:-1, max-image-preview:large, max-video-preview:-1\" \/>\n<link rel=\"canonical\" href=\"https:\/\/homeofwool.com\/de\/shop\/bettschlange\/\" \/>\n<meta property=\"og:locale\" content=\"de_DE\" \/>\n<meta property=\"og:type\" content=\"article\" \/>\n<meta property=\"og:title\" content=\"Wool Bed Snake Pillow\" \/>\n<meta property=\"og:description\" content=\"Gentle, breathable, and hypoallergenic, the Wool Bed Snake Pillow wraps your child in comfort. Organic, chemical-free wool keeps kids safe, cozy, and customizable for restful sleep.\" \/>\n<meta property=\"og:url\" content=\"https:\/\/homeofwool.com\/de\/shop\/bettschlange\/\" \/>\n<meta property=\"og:site_name\" content=\"Home of Wool\" \/>\n<meta property=\"article:publisher\" content=\"https:\/\/facebook.com\/HomeOfWoolOfficial\" \/>\n<meta property=\"article:modified_time\" content=\"2026-02-10T16:20:42+00:00\" \/>\n<meta property=\"og:image\" content=\"https:\/\/homeofwool.com\/wp-content\/uploads\/2025\/09\/home-of-wool-bed-snake-1-main-scaled.jpg\" \/>\n\t<meta property=\"og:image:width\" content=\"2560\" \/>\n\t<meta property=\"og:image:height\" content=\"2048\" \/>\n\t<meta property=\"og:image:type\" content=\"image\/jpeg\" \/>\n<meta name=\"twitter:card\" content=\"summary_large_image\" \/>\n<meta name=\"twitter:label1\" content=\"Gesch\u00e4tzte Lesezeit\" \/>\n\t<meta name=\"twitter:data1\" content=\"1\u00a0Minute\" \/>\n<script type=\"application\/ld+json\" class=\"yoast-schema-graph\">{\"@context\":\"https:\\\/\\\/schema.org\",\"@graph\":[{\"@type\":\"WebPage\",\"@id\":\"https:\\\/\\\/homeofwool.com\\\/shop\\\/bed-snake\\\/\",\"url\":\"https:\\\/\\\/homeofwool.com\\\/shop\\\/bed-snake\\\/\",\"name\":\"Bed Snake Pillow \u2013 Hypoallergenic, Customizable & Non-toxic | Home of Wool\",\"isPartOf\":{\"@id\":\"https:\\\/\\\/homeofwool.com\\\/#website\"},\"primaryImageOfPage\":{\"@id\":\"https:\\\/\\\/homeofwool.com\\\/shop\\\/bed-snake\\\/#primaryimage\"},\"image\":{\"@id\":\"https:\\\/\\\/homeofwool.com\\\/shop\\\/bed-snake\\\/#primaryimage\"},\"thumbnailUrl\":\"https:\\\/\\\/homeofwool.com\\\/wp-content\\\/uploads\\\/2025\\\/09\\\/home-of-wool-bed-snake-1-main-scaled.jpg\",\"datePublished\":\"2025-09-02T12:02:06+00:00\",\"dateModified\":\"2026-02-10T16:20:42+00:00\",\"description\":\"Gentle, breathable, and hypoallergenic, the Wool Bed Snake Pillow wraps your child in comfort. Organic, chemical-free wool keeps kids safe, cozy, and customizable for restful sleep.\",\"breadcrumb\":{\"@id\":\"https:\\\/\\\/homeofwool.com\\\/shop\\\/bed-snake\\\/#breadcrumb\"},\"inLanguage\":\"de\",\"potentialAction\":[{\"@type\":\"ReadAction\",\"target\":[\"https:\\\/\\\/homeofwool.com\\\/shop\\\/bed-snake\\\/\"]}]},{\"@type\":\"ImageObject\",\"inLanguage\":\"de\",\"@id\":\"https:\\\/\\\/homeofwool.com\\\/shop\\\/bed-snake\\\/#primaryimage\",\"url\":\"https:\\\/\\\/homeofwool.com\\\/wp-content\\\/uploads\\\/2025\\\/09\\\/home-of-wool-bed-snake-1-main-scaled.jpg\",\"contentUrl\":\"https:\\\/\\\/homeofwool.com\\\/wp-content\\\/uploads\\\/2025\\\/09\\\/home-of-wool-bed-snake-1-main-scaled.jpg\",\"width\":2560,\"height\":2048,\"caption\":\"baby in a crib with home of wool bed snake pillow\"},{\"@type\":\"BreadcrumbList\",\"@id\":\"https:\\\/\\\/homeofwool.com\\\/shop\\\/bed-snake\\\/#breadcrumb\",\"itemListElement\":[{\"@type\":\"ListItem\",\"position\":1,\"name\":\"Home\",\"item\":\"https:\\\/\\\/homeofwool.com\\\/\"},{\"@type\":\"ListItem\",\"position\":2,\"name\":\"Products\",\"item\":\"https:\\\/\\\/homeofwool.com\\\/header-search-2\\\/\"},{\"@type\":\"ListItem\",\"position\":3,\"name\":\"Wool Bed Snake Pillow\"}]},{\"@type\":\"WebSite\",\"@id\":\"https:\\\/\\\/homeofwool.com\\\/#website\",\"url\":\"https:\\\/\\\/homeofwool.com\\\/\",\"name\":\"Home of Wool\",\"description\":\"\",\"publisher\":{\"@id\":\"https:\\\/\\\/homeofwool.com\\\/#organization\"},\"potentialAction\":[{\"@type\":\"SearchAction\",\"target\":{\"@type\":\"EntryPoint\",\"urlTemplate\":\"https:\\\/\\\/homeofwool.com\\\/?s={search_term_string}\"},\"query-input\":{\"@type\":\"PropertyValueSpecification\",\"valueRequired\":true,\"valueName\":\"search_term_string\"}}],\"inLanguage\":\"de\"},{\"@type\":\"Organization\",\"@id\":\"https:\\\/\\\/homeofwool.com\\\/#organization\",\"name\":\"Home of Wool\",\"url\":\"https:\\\/\\\/homeofwool.com\\\/\",\"logo\":{\"@type\":\"ImageObject\",\"inLanguage\":\"de\",\"@id\":\"https:\\\/\\\/homeofwool.com\\\/#\\\/schema\\\/logo\\\/image\\\/\",\"url\":\"https:\\\/\\\/homeofwool.com\\\/wp-content\\\/uploads\\\/2025\\\/09\\\/WhatsApp-Image-2025-12-02-at-16.23.20.jpeg\",\"contentUrl\":\"https:\\\/\\\/homeofwool.com\\\/wp-content\\\/uploads\\\/2025\\\/09\\\/WhatsApp-Image-2025-12-02-at-16.23.20.jpeg\",\"width\":700,\"height\":247,\"caption\":\"Home of Wool\"},\"image\":{\"@id\":\"https:\\\/\\\/homeofwool.com\\\/#\\\/schema\\\/logo\\\/image\\\/\"},\"sameAs\":[\"https:\\\/\\\/facebook.com\\\/HomeOfWoolOfficial\"]}]}<\/script>\n<!-- \/ Yoast SEO Premium plugin. -->","yoast_head_json":{"title":"Bettschlangen-Kissen \u2013 hypoallergen, individuell anpassbar und ungiftig | Home of Wool","description":"Das sanfte, atmungsaktive und hypoallergene Wool Bed Snake Pillow umh\u00fcllt Ihr Kind mit Komfort. Die organische, chemikalienfreie Wolle sorgt f\u00fcr Sicherheit, Gem\u00fctlichkeit und individuelle Anpassungsm\u00f6glichkeiten f\u00fcr einen erholsamen Schlaf.","robots":{"index":"index","follow":"follow","max-snippet":"max-snippet:-1","max-image-preview":"max-image-preview:large","max-video-preview":"max-video-preview:-1"},"canonical":"https:\/\/homeofwool.com\/de\/shop\/bettschlange\/","og_locale":"de_DE","og_type":"article","og_title":"Wool Bed Snake Pillow","og_description":"Gentle, breathable, and hypoallergenic, the Wool Bed Snake Pillow wraps your child in comfort. Organic, chemical-free wool keeps kids safe, cozy, and customizable for restful sleep.","og_url":"https:\/\/homeofwool.com\/de\/shop\/bettschlange\/","og_site_name":"Home of Wool","article_publisher":"https:\/\/facebook.com\/HomeOfWoolOfficial","article_modified_time":"2026-02-10T16:20:42+00:00","og_image":[{"width":2560,"height":2048,"url":"https:\/\/homeofwool.com\/wp-content\/uploads\/2025\/09\/home-of-wool-bed-snake-1-main-scaled.jpg","type":"image\/jpeg"}],"twitter_card":"summary_large_image","twitter_misc":{"Gesch\u00e4tzte Lesezeit":"1\u00a0Minute"},"schema":{"@context":"https:\/\/schema.org","@graph":[{"@type":"WebPage","@id":"https:\/\/homeofwool.com\/shop\/bed-snake\/","url":"https:\/\/homeofwool.com\/shop\/bed-snake\/","name":"Bettschlangen-Kissen \u2013 hypoallergen, individuell anpassbar und ungiftig | Home of Wool","isPartOf":{"@id":"https:\/\/homeofwool.com\/#website"},"primaryImageOfPage":{"@id":"https:\/\/homeofwool.com\/shop\/bed-snake\/#primaryimage"},"image":{"@id":"https:\/\/homeofwool.com\/shop\/bed-snake\/#primaryimage"},"thumbnailUrl":"https:\/\/homeofwool.com\/wp-content\/uploads\/2025\/09\/home-of-wool-bed-snake-1-main-scaled.jpg","datePublished":"2025-09-02T12:02:06+00:00","dateModified":"2026-02-10T16:20:42+00:00","description":"Das sanfte, atmungsaktive und hypoallergene Wool Bed Snake Pillow umh\u00fcllt Ihr Kind mit Komfort. Die organische, chemikalienfreie Wolle sorgt f\u00fcr Sicherheit, Gem\u00fctlichkeit und individuelle Anpassungsm\u00f6glichkeiten f\u00fcr einen erholsamen Schlaf.","breadcrumb":{"@id":"https:\/\/homeofwool.com\/shop\/bed-snake\/#breadcrumb"},"inLanguage":"de","potentialAction":[{"@type":"ReadAction","target":["https:\/\/homeofwool.com\/shop\/bed-snake\/"]}]},{"@type":"ImageObject","inLanguage":"de","@id":"https:\/\/homeofwool.com\/shop\/bed-snake\/#primaryimage","url":"https:\/\/homeofwool.com\/wp-content\/uploads\/2025\/09\/home-of-wool-bed-snake-1-main-scaled.jpg","contentUrl":"https:\/\/homeofwool.com\/wp-content\/uploads\/2025\/09\/home-of-wool-bed-snake-1-main-scaled.jpg","width":2560,"height":2048,"caption":"baby in a crib with home of wool bed snake pillow"},{"@type":"BreadcrumbList","@id":"https:\/\/homeofwool.com\/shop\/bed-snake\/#breadcrumb","itemListElement":[{"@type":"ListItem","position":1,"name":"Home","item":"https:\/\/homeofwool.com\/"},{"@type":"ListItem","position":2,"name":"Products","item":"https:\/\/homeofwool.com\/header-search-2\/"},{"@type":"ListItem","position":3,"name":"Wool Bed Snake Pillow"}]},{"@type":"WebSite","@id":"https:\/\/homeofwool.com\/#website","url":"https:\/\/homeofwool.com\/","name":"Heimat der Wolle","description":"","publisher":{"@id":"https:\/\/homeofwool.com\/#organization"},"potentialAction":[{"@type":"SearchAction","target":{"@type":"EntryPoint","urlTemplate":"https:\/\/homeofwool.com\/?s={search_term_string}"},"query-input":{"@type":"PropertyValueSpecification","valueRequired":true,"valueName":"search_term_string"}}],"inLanguage":"de"},{"@type":"Organization","@id":"https:\/\/homeofwool.com\/#organization","name":"Heimat der Wolle","url":"https:\/\/homeofwool.com\/","logo":{"@type":"ImageObject","inLanguage":"de","@id":"https:\/\/homeofwool.com\/#\/schema\/logo\/image\/","url":"https:\/\/homeofwool.com\/wp-content\/uploads\/2025\/09\/WhatsApp-Image-2025-12-02-at-16.23.20.jpeg","contentUrl":"https:\/\/homeofwool.com\/wp-content\/uploads\/2025\/09\/WhatsApp-Image-2025-12-02-at-16.23.20.jpeg","width":700,"height":247,"caption":"Home of Wool"},"image":{"@id":"https:\/\/homeofwool.com\/#\/schema\/logo\/image\/"},"sameAs":["https:\/\/facebook.com\/HomeOfWoolOfficial"]}]}},"_links":{"self":[{"href":"https:\/\/homeofwool.com\/de\/wp-json\/wp\/v2\/product\/217673","targetHints":{"allow":["GET"]}}],"collection":[{"href":"https:\/\/homeofwool.com\/de\/wp-json\/wp\/v2\/product"}],"about":[{"href":"https:\/\/homeofwool.com\/de\/wp-json\/wp\/v2\/types\/product"}],"version-history":[{"count":2,"href":"https:\/\/homeofwool.com\/de\/wp-json\/wp\/v2\/product\/217673\/revisions"}],"predecessor-version":[{"id":226067,"href":"https:\/\/homeofwool.com\/de\/wp-json\/wp\/v2\/product\/217673\/revisions\/226067"}],"wp:featuredmedia":[{"embeddable":true,"href":"https:\/\/homeofwool.com\/de\/wp-json\/wp\/v2\/media\/218545"}],"wp:attachment":[{"href":"https:\/\/homeofwool.com\/de\/wp-json\/wp\/v2\/media?parent=217673"}],"wp:term":[{"taxonomy":"product_brand","embeddable":true,"href":"https:\/\/homeofwool.com\/de\/wp-json\/wp\/v2\/product_brand?post=217673"},{"taxonomy":"product_cat","embeddable":true,"href":"https:\/\/homeofwool.com\/de\/wp-json\/wp\/v2\/product_cat?post=217673"},{"taxonomy":"product_tag","embeddable":true,"href":"https:\/\/homeofwool.com\/de\/wp-json\/wp\/v2\/product_tag?post=217673"}],"curies":[{"name":"wp","href":"https:\/\/api.w.org\/{rel}","templated":true}]}}