{"id":217670,"date":"2025-09-02T12:02:05","date_gmt":"2025-09-02T12:02:05","guid":{"rendered":"https:\/\/homeofwool.com\/?post_type=product&#038;p=217670"},"modified":"2026-02-11T10:11:39","modified_gmt":"2026-02-11T10:11:39","slug":"babybett-stosfanger-2","status":"publish","type":"product","link":"https:\/\/homeofwool.com\/de\/shop\/crib-bumper\/","title":{"rendered":"Wolle Sto\u00dfstange"},"content":{"rendered":"<p>Der Wollsack f\u00fcr Kinderbetten bietet Sicherheit und Komfort auf ganz nat\u00fcrliche Weise. Die F\u00fcllung aus reiner Wolle ist pl\u00fcschig und dennoch atmungsaktiv und hilft, kleine Arme und Beine zu sch\u00fctzen, ohne die W\u00e4rme zu stauen.<\/p>\n<p>F\u00fcr Eltern, die Wert auf Wellness legen, ist dies mehr als nur ein Sto\u00dfd\u00e4mpfer. Er ist ein wesentlicher Bestandteil unserer chemiefreien Babybettw\u00e4sche. Der Sto\u00dff\u00e4nger ist v\u00f6llig frei von synthetischen Stoffen und Flammschutzmitteln. Das ist auch nicht n\u00f6tig, denn Wolle ist das beste nat\u00fcrliche Flammschutzmittel. Da sie von Natur aus resistent gegen Hausstaubmilben und Schimmelpilze ist, ist sie auch die perfekte Wahl f\u00fcr empfindliche Kleinkinder und Familien mit Allergikern.<\/p>\n<p>Die maschinenwaschbare Baby-Sto\u00dfstange ist mit einem abnehmbaren Bezug versehen, der die Pflege einfach und stressfrei macht. Jeder Sto\u00dff\u00e4nger ist Teil unserer handgefertigten Babybettw\u00e4sche-Linie, die in Bezug auf die Platzierung der Krawatte, den Stoff und die Gr\u00f6\u00dfe individuell angepasst werden kann, um perfekt in Ihr Kinderzimmer zu passen.<\/p>","protected":false},"excerpt":{"rendered":"<p>Eine weiche und atmungsaktive Schutzschicht f\u00fcr das Kinderbett Ihres Babys. Dieser abnehmbare Bezug mit Watte aus reiner Wolle polstert sicher und ist gleichzeitig sanft zur empfindlichen Haut. Ein hypoallergener Kinderbett-Sto\u00dff\u00e4nger, der alle Kriterien erf\u00fcllt. Er ist sanft und in der Maschine waschbar. Er ist ungiftig, aber auch haltbar und langlebig. Er ist ganz nat\u00fcrlich und anpassbar.<\/p>\n<div class=\"global-icon-set\">\n<div class=\"global-icon-set__items\">\n<div class=\"global-icon-set__item\">\n<div class=\"global-icon-set__image\">\n                                    <img decoding=\"async\" src=\"https:\/\/homeofwool.com\/wp-content\/uploads\/2025\/09\/handmade-icon-300x300.png\" alt=\"handgefertigte Ikone\" \/>\n                                <\/div>\n<div class=\"global-icon-set__title\">Handgefertigt<\/div>\n<\/p><\/div>\n<div class=\"global-icon-set__item\">\n<div class=\"global-icon-set__image\">\n                                    <img decoding=\"async\" src=\"https:\/\/homeofwool.com\/wp-content\/uploads\/2025\/09\/VOCs-min-300x300.png\" alt=\"vocs frei\" \/>\n                                <\/div>\n<div class=\"global-icon-set__title\">VOC-frei<\/div>\n<\/p><\/div>\n<div class=\"global-icon-set__item\">\n<div class=\"global-icon-set__image\">\n                                    <img decoding=\"async\" src=\"https:\/\/homeofwool.com\/wp-content\/uploads\/2025\/09\/FR-min-300x300.png\" alt=\"feuerfestes Symbol\" \/>\n                                <\/div>\n<div class=\"global-icon-set__title\">Schwer entflammbar<\/div>\n<\/p><\/div>\n<div class=\"global-icon-set__item\">\n<div class=\"global-icon-set__image\">\n                                    <img decoding=\"async\" src=\"https:\/\/homeofwool.com\/wp-content\/uploads\/2025\/09\/Hypoallergenic-min-300x300.png\" alt=\"hypoallergenes Symbol\" \/>\n                                <\/div>\n<div class=\"global-icon-set__title\">Hypoallergen<\/div>\n<\/p><\/div>\n<div class=\"global-icon-set__item\">\n<div class=\"global-icon-set__image\">\n                                    <img decoding=\"async\" src=\"https:\/\/homeofwool.com\/wp-content\/uploads\/2025\/09\/free-of-synthetics-icon-300x300.png\" alt=\"frei von synthetischen Stoffen Symbol\" \/>\n                                <\/div>\n<div class=\"global-icon-set__title\">Frei von synthetischen Stoffen<\/div>\n<\/p><\/div>\n<div class=\"global-icon-set__item\">\n<div class=\"global-icon-set__image\">\n                                    <img decoding=\"async\" src=\"https:\/\/homeofwool.com\/wp-content\/uploads\/2025\/09\/chemical-free-icon-300x300.png\" alt=\"Symbol f\u00fcr Chemikalienfreiheit\" \/>\n                                <\/div>\n<div class=\"global-icon-set__title\">Chemikalienfrei<\/div>\n<\/p><\/div>\n<div class=\"global-icon-set__item\">\n<div class=\"global-icon-set__image\">\n                                    <img decoding=\"async\" src=\"https:\/\/homeofwool.com\/wp-content\/uploads\/2025\/09\/anti-bacterial-icon-300x300.png\" alt=\"antibakterielles Symbol\" \/>\n                                <\/div>\n<div class=\"global-icon-set__title\">Anti-mikrobiell &amp; Anti-bakteriell<\/div>\n<\/p><\/div>\n<div class=\"global-icon-set__item\">\n<div class=\"global-icon-set__image\">\n                                    <img decoding=\"async\" src=\"https:\/\/homeofwool.com\/wp-content\/uploads\/2025\/09\/certified-materials-icon-300x300.png\" alt=\"Symbol f\u00fcr zertifizierte Materialien\" \/>\n                                <\/div>\n<div class=\"global-icon-set__title\">100% Reine zertifizierte Materialien<\/div>\n<\/p><\/div>\n<\/p><\/div>\n<\/p><\/div>","protected":false},"featured_media":219630,"template":"","meta":{"_acf_changed":false},"product_brand":[],"product_cat":[266,267],"product_tag":[460,680,681,682,683,412,684,482,685,686,149,687,688,689],"class_list":{"0":"post-217670","1":"product","2":"type-product","3":"status-publish","4":"has-post-thumbnail","6":"product_cat-baby-sleep-products","7":"product_cat-nursery","8":"product_tag-baby-bedding","9":"product_tag-baby-bumper","10":"product_tag-baby-crib-bedding","11":"product_tag-cot-bumpers","12":"product_tag-crib-bumper-pads","13":"product_tag-crib-sheets","14":"product_tag-natural-crib-bumper","15":"product_tag-nursery-bedding","16":"product_tag-organic-crib-bumper","17":"product_tag-oval-crib-bumper","18":"product_tag-steps","19":"product_tag-stokke-mini-bumper","20":"product_tag-stokke-sleepi-bedding","21":"product_tag-stokke-sleepi-bumper","23":"first","24":"instock","25":"shipping-taxable","26":"purchasable","27":"product-type-simple"},"acf":[],"yoast_head":"<!-- This site is optimized with the Yoast SEO Premium plugin v27.3 (Yoast SEO v27.3) - https:\/\/yoast.com\/product\/yoast-seo-premium-wordpress\/ -->\n<title>Wool Crib Bumper \u2013 Safe, Hypoallergenic &amp; Chemical-Free | Home of Wool<\/title>\n<meta name=\"description\" content=\"The Wool Crib Bumper adds breathable, hypoallergenic protection with organic wool filling. Toxin-free and safe, it ensures secure sleep and comfort for babies in their cribs.\" \/>\n<meta name=\"robots\" content=\"index, follow, max-snippet:-1, max-image-preview:large, max-video-preview:-1\" \/>\n<link rel=\"canonical\" href=\"https:\/\/homeofwool.com\/de\/shop\/babybett-stosfanger-2\/\" \/>\n<meta property=\"og:locale\" content=\"de_DE\" \/>\n<meta property=\"og:type\" content=\"article\" \/>\n<meta property=\"og:title\" content=\"Wool Bumper\" \/>\n<meta property=\"og:description\" content=\"The Wool Crib Bumper adds breathable, hypoallergenic protection with organic wool filling. Toxin-free and safe, it ensures secure sleep and comfort for babies in their cribs.\" \/>\n<meta property=\"og:url\" content=\"https:\/\/homeofwool.com\/de\/shop\/babybett-stosfanger-2\/\" \/>\n<meta property=\"og:site_name\" content=\"Home of Wool\" \/>\n<meta property=\"article:publisher\" content=\"https:\/\/facebook.com\/HomeOfWoolOfficial\" \/>\n<meta property=\"article:modified_time\" content=\"2026-02-11T10:11:39+00:00\" \/>\n<meta property=\"og:image\" content=\"https:\/\/homeofwool.com\/wp-content\/uploads\/2025\/09\/home-of-wool-wool-bumper-1-main.jpg\" \/>\n\t<meta property=\"og:image:width\" content=\"2000\" \/>\n\t<meta property=\"og:image:height\" content=\"1600\" \/>\n\t<meta property=\"og:image:type\" content=\"image\/jpeg\" \/>\n<meta name=\"twitter:card\" content=\"summary_large_image\" \/>\n<meta name=\"twitter:label1\" content=\"Gesch\u00e4tzte Lesezeit\" \/>\n\t<meta name=\"twitter:data1\" content=\"1\u00a0Minute\" \/>\n<script type=\"application\/ld+json\" class=\"yoast-schema-graph\">{\"@context\":\"https:\\\/\\\/schema.org\",\"@graph\":[{\"@type\":\"WebPage\",\"@id\":\"https:\\\/\\\/homeofwool.com\\\/shop\\\/crib-bumper\\\/\",\"url\":\"https:\\\/\\\/homeofwool.com\\\/shop\\\/crib-bumper\\\/\",\"name\":\"Wool Crib Bumper \u2013 Safe, Hypoallergenic & Chemical-Free | Home of Wool\",\"isPartOf\":{\"@id\":\"https:\\\/\\\/homeofwool.com\\\/#website\"},\"primaryImageOfPage\":{\"@id\":\"https:\\\/\\\/homeofwool.com\\\/shop\\\/crib-bumper\\\/#primaryimage\"},\"image\":{\"@id\":\"https:\\\/\\\/homeofwool.com\\\/shop\\\/crib-bumper\\\/#primaryimage\"},\"thumbnailUrl\":\"https:\\\/\\\/homeofwool.com\\\/wp-content\\\/uploads\\\/2025\\\/09\\\/home-of-wool-wool-bumper-1-main.jpg\",\"datePublished\":\"2025-09-02T12:02:05+00:00\",\"dateModified\":\"2026-02-11T10:11:39+00:00\",\"description\":\"The Wool Crib Bumper adds breathable, hypoallergenic protection with organic wool filling. Toxin-free and safe, it ensures secure sleep and comfort for babies in their cribs.\",\"breadcrumb\":{\"@id\":\"https:\\\/\\\/homeofwool.com\\\/shop\\\/crib-bumper\\\/#breadcrumb\"},\"inLanguage\":\"de\",\"potentialAction\":[{\"@type\":\"ReadAction\",\"target\":[\"https:\\\/\\\/homeofwool.com\\\/shop\\\/crib-bumper\\\/\"]}]},{\"@type\":\"ImageObject\",\"inLanguage\":\"de\",\"@id\":\"https:\\\/\\\/homeofwool.com\\\/shop\\\/crib-bumper\\\/#primaryimage\",\"url\":\"https:\\\/\\\/homeofwool.com\\\/wp-content\\\/uploads\\\/2025\\\/09\\\/home-of-wool-wool-bumper-1-main.jpg\",\"contentUrl\":\"https:\\\/\\\/homeofwool.com\\\/wp-content\\\/uploads\\\/2025\\\/09\\\/home-of-wool-wool-bumper-1-main.jpg\",\"width\":2000,\"height\":1600,\"caption\":\"Wool baby bumper\"},{\"@type\":\"BreadcrumbList\",\"@id\":\"https:\\\/\\\/homeofwool.com\\\/shop\\\/crib-bumper\\\/#breadcrumb\",\"itemListElement\":[{\"@type\":\"ListItem\",\"position\":1,\"name\":\"Home\",\"item\":\"https:\\\/\\\/homeofwool.com\\\/\"},{\"@type\":\"ListItem\",\"position\":2,\"name\":\"Products\",\"item\":\"https:\\\/\\\/homeofwool.com\\\/header-search-2\\\/\"},{\"@type\":\"ListItem\",\"position\":3,\"name\":\"Wool Bumper\"}]},{\"@type\":\"WebSite\",\"@id\":\"https:\\\/\\\/homeofwool.com\\\/#website\",\"url\":\"https:\\\/\\\/homeofwool.com\\\/\",\"name\":\"Home of Wool\",\"description\":\"\",\"publisher\":{\"@id\":\"https:\\\/\\\/homeofwool.com\\\/#organization\"},\"potentialAction\":[{\"@type\":\"SearchAction\",\"target\":{\"@type\":\"EntryPoint\",\"urlTemplate\":\"https:\\\/\\\/homeofwool.com\\\/?s={search_term_string}\"},\"query-input\":{\"@type\":\"PropertyValueSpecification\",\"valueRequired\":true,\"valueName\":\"search_term_string\"}}],\"inLanguage\":\"de\"},{\"@type\":\"Organization\",\"@id\":\"https:\\\/\\\/homeofwool.com\\\/#organization\",\"name\":\"Home of Wool\",\"url\":\"https:\\\/\\\/homeofwool.com\\\/\",\"logo\":{\"@type\":\"ImageObject\",\"inLanguage\":\"de\",\"@id\":\"https:\\\/\\\/homeofwool.com\\\/#\\\/schema\\\/logo\\\/image\\\/\",\"url\":\"https:\\\/\\\/homeofwool.com\\\/wp-content\\\/uploads\\\/2025\\\/09\\\/WhatsApp-Image-2025-12-02-at-16.23.20.jpeg\",\"contentUrl\":\"https:\\\/\\\/homeofwool.com\\\/wp-content\\\/uploads\\\/2025\\\/09\\\/WhatsApp-Image-2025-12-02-at-16.23.20.jpeg\",\"width\":700,\"height\":247,\"caption\":\"Home of Wool\"},\"image\":{\"@id\":\"https:\\\/\\\/homeofwool.com\\\/#\\\/schema\\\/logo\\\/image\\\/\"},\"sameAs\":[\"https:\\\/\\\/facebook.com\\\/HomeOfWoolOfficial\"]}]}<\/script>\n<!-- \/ Yoast SEO Premium plugin. -->","yoast_head_json":{"title":"Wolle Krippe Sto\u00dfstange - sicher, hypoallergen &amp; Chemical-Free | Home of Wool","description":"Der Wool Crib Bumper bietet atmungsaktiven, hypoallergenen Schutz durch die F\u00fcllung aus Bio-Wolle. Sie ist giftfrei und sicher und sorgt f\u00fcr einen sicheren Schlaf und Komfort f\u00fcr Babys in ihren Kinderbetten.","robots":{"index":"index","follow":"follow","max-snippet":"max-snippet:-1","max-image-preview":"max-image-preview:large","max-video-preview":"max-video-preview:-1"},"canonical":"https:\/\/homeofwool.com\/de\/shop\/babybett-stosfanger-2\/","og_locale":"de_DE","og_type":"article","og_title":"Wool Bumper","og_description":"The Wool Crib Bumper adds breathable, hypoallergenic protection with organic wool filling. Toxin-free and safe, it ensures secure sleep and comfort for babies in their cribs.","og_url":"https:\/\/homeofwool.com\/de\/shop\/babybett-stosfanger-2\/","og_site_name":"Home of Wool","article_publisher":"https:\/\/facebook.com\/HomeOfWoolOfficial","article_modified_time":"2026-02-11T10:11:39+00:00","og_image":[{"width":2000,"height":1600,"url":"https:\/\/homeofwool.com\/wp-content\/uploads\/2025\/09\/home-of-wool-wool-bumper-1-main.jpg","type":"image\/jpeg"}],"twitter_card":"summary_large_image","twitter_misc":{"Gesch\u00e4tzte Lesezeit":"1\u00a0Minute"},"schema":{"@context":"https:\/\/schema.org","@graph":[{"@type":"WebPage","@id":"https:\/\/homeofwool.com\/shop\/crib-bumper\/","url":"https:\/\/homeofwool.com\/shop\/crib-bumper\/","name":"Wolle Krippe Sto\u00dfstange - sicher, hypoallergen &amp; Chemical-Free | Home of Wool","isPartOf":{"@id":"https:\/\/homeofwool.com\/#website"},"primaryImageOfPage":{"@id":"https:\/\/homeofwool.com\/shop\/crib-bumper\/#primaryimage"},"image":{"@id":"https:\/\/homeofwool.com\/shop\/crib-bumper\/#primaryimage"},"thumbnailUrl":"https:\/\/homeofwool.com\/wp-content\/uploads\/2025\/09\/home-of-wool-wool-bumper-1-main.jpg","datePublished":"2025-09-02T12:02:05+00:00","dateModified":"2026-02-11T10:11:39+00:00","description":"Der Wool Crib Bumper bietet atmungsaktiven, hypoallergenen Schutz durch die F\u00fcllung aus Bio-Wolle. Sie ist giftfrei und sicher und sorgt f\u00fcr einen sicheren Schlaf und Komfort f\u00fcr Babys in ihren Kinderbetten.","breadcrumb":{"@id":"https:\/\/homeofwool.com\/shop\/crib-bumper\/#breadcrumb"},"inLanguage":"de","potentialAction":[{"@type":"ReadAction","target":["https:\/\/homeofwool.com\/shop\/crib-bumper\/"]}]},{"@type":"ImageObject","inLanguage":"de","@id":"https:\/\/homeofwool.com\/shop\/crib-bumper\/#primaryimage","url":"https:\/\/homeofwool.com\/wp-content\/uploads\/2025\/09\/home-of-wool-wool-bumper-1-main.jpg","contentUrl":"https:\/\/homeofwool.com\/wp-content\/uploads\/2025\/09\/home-of-wool-wool-bumper-1-main.jpg","width":2000,"height":1600,"caption":"Wool baby bumper"},{"@type":"BreadcrumbList","@id":"https:\/\/homeofwool.com\/shop\/crib-bumper\/#breadcrumb","itemListElement":[{"@type":"ListItem","position":1,"name":"Home","item":"https:\/\/homeofwool.com\/"},{"@type":"ListItem","position":2,"name":"Products","item":"https:\/\/homeofwool.com\/header-search-2\/"},{"@type":"ListItem","position":3,"name":"Wool Bumper"}]},{"@type":"WebSite","@id":"https:\/\/homeofwool.com\/#website","url":"https:\/\/homeofwool.com\/","name":"Heimat der Wolle","description":"","publisher":{"@id":"https:\/\/homeofwool.com\/#organization"},"potentialAction":[{"@type":"SearchAction","target":{"@type":"EntryPoint","urlTemplate":"https:\/\/homeofwool.com\/?s={search_term_string}"},"query-input":{"@type":"PropertyValueSpecification","valueRequired":true,"valueName":"search_term_string"}}],"inLanguage":"de"},{"@type":"Organization","@id":"https:\/\/homeofwool.com\/#organization","name":"Heimat der Wolle","url":"https:\/\/homeofwool.com\/","logo":{"@type":"ImageObject","inLanguage":"de","@id":"https:\/\/homeofwool.com\/#\/schema\/logo\/image\/","url":"https:\/\/homeofwool.com\/wp-content\/uploads\/2025\/09\/WhatsApp-Image-2025-12-02-at-16.23.20.jpeg","contentUrl":"https:\/\/homeofwool.com\/wp-content\/uploads\/2025\/09\/WhatsApp-Image-2025-12-02-at-16.23.20.jpeg","width":700,"height":247,"caption":"Home of Wool"},"image":{"@id":"https:\/\/homeofwool.com\/#\/schema\/logo\/image\/"},"sameAs":["https:\/\/facebook.com\/HomeOfWoolOfficial"]}]}},"_links":{"self":[{"href":"https:\/\/homeofwool.com\/de\/wp-json\/wp\/v2\/product\/217670","targetHints":{"allow":["GET"]}}],"collection":[{"href":"https:\/\/homeofwool.com\/de\/wp-json\/wp\/v2\/product"}],"about":[{"href":"https:\/\/homeofwool.com\/de\/wp-json\/wp\/v2\/types\/product"}],"version-history":[{"count":2,"href":"https:\/\/homeofwool.com\/de\/wp-json\/wp\/v2\/product\/217670\/revisions"}],"predecessor-version":[{"id":226699,"href":"https:\/\/homeofwool.com\/de\/wp-json\/wp\/v2\/product\/217670\/revisions\/226699"}],"wp:featuredmedia":[{"embeddable":true,"href":"https:\/\/homeofwool.com\/de\/wp-json\/wp\/v2\/media\/219630"}],"wp:attachment":[{"href":"https:\/\/homeofwool.com\/de\/wp-json\/wp\/v2\/media?parent=217670"}],"wp:term":[{"taxonomy":"product_brand","embeddable":true,"href":"https:\/\/homeofwool.com\/de\/wp-json\/wp\/v2\/product_brand?post=217670"},{"taxonomy":"product_cat","embeddable":true,"href":"https:\/\/homeofwool.com\/de\/wp-json\/wp\/v2\/product_cat?post=217670"},{"taxonomy":"product_tag","embeddable":true,"href":"https:\/\/homeofwool.com\/de\/wp-json\/wp\/v2\/product_tag?post=217670"}],"curies":[{"name":"wp","href":"https:\/\/api.w.org\/{rel}","templated":true}]}}