{"id":217662,"date":"2025-09-02T12:02:05","date_gmt":"2025-09-02T12:02:05","guid":{"rendered":"https:\/\/homeofwool.com\/?post_type=product&#038;p=217662"},"modified":"2026-03-27T08:37:24","modified_gmt":"2026-03-27T08:37:24","slug":"kissen-fur-ruckenschlafer","status":"publish","type":"product","link":"https:\/\/homeofwool.com\/de\/shop\/back-side-sleeper-pillow\/","title":{"rendered":"R\u00fccken- und Seitenschl\u00e4fer-Wollkopfkissen"},"content":{"rendered":"<p>Genie\u00dfen Sie einen schmerzfreien Schlaf mit unserem R\u00fccken- und Seitenschl\u00e4fer-Wollkissen. Ein nat\u00fcrliches Schlafkissen, das sowohl R\u00fccken- als auch Seitenschl\u00e4fer unterst\u00fctzt. Egal, ob Sie in einer Position bleiben oder sich w\u00e4hrend der Nacht bewegen, dieses Wollkissen passt sich Ihrer K\u00f6rperform an, um den Druck auf Nacken, Schultern und Wirbels\u00e4ule zu verringern.<\/p>\n<p>Dieses auf Bestellung handgefertigte Wollschlafkissen mit 100% Naturf\u00fcllung bietet atmungsaktiven, feuchtigkeitsableitenden Komfort, der dazu beitr\u00e4gt, Ihre K\u00f6rpertemperatur zu jeder Jahreszeit zu regulieren und Sie die ganze Nacht hindurch vollkommen trocken zu halten.<\/p>\n<p>Mit einem Rei\u00dfverschluss k\u00f6nnen Sie die F\u00fcllung anpassen, um die gew\u00fcnschte H\u00f6he und Festigkeit des Kissens zu erreichen. Die federnde Wolle und die F\u00fcllung sorgen f\u00fcr eine ausgewogene Unterst\u00fctzung und machen das Kissen zu einem perfekten Schmerzlinderungskissen.<\/p>\n<p>Dieses orthop\u00e4dische Kissen ist von Natur aus hypoallergen, antimikrobiell und resistent gegen Hausstaubmilben und au\u00dferdem frei von Chemikalien. Keine Ausgasung und keine VOCs. Es ist sicher f\u00fcr Allergiker und Asthmatiker. Es ist 100% biologisch abbaubar und wird aus nachhaltigen, erneuerbaren Materialien hergestellt - besserer Schlaf kommt also mit einem umweltfreundlichen Bonus.<\/p>","protected":false},"excerpt":{"rendered":"<p>Das Back &amp; Side Sleeper Wool Pillow bietet gezielte Unterst\u00fctzung und dauerhaften Komfort f\u00fcr R\u00fccken- und Seitenschl\u00e4fer. Das aus 100% Naturwolle handgefertigte orthop\u00e4dische Kissen ist vollst\u00e4ndig anpassbar und sorgt f\u00fcr eine individuelle Schmerzlinderung, eine bessere Ausrichtung und ein ges\u00fcnderes, hypoallergenes Schlaferlebnis.<\/p>\n<p><strong>GR\u00d6SSE<\/strong>: 30 x 13 x 5\u2033 (76 x 32 x 13 cm)<\/p>\n<div class=\"global-icon-set\">\n<div class=\"global-icon-set__items\">\n<div class=\"global-icon-set__item\">\n<div class=\"global-icon-set__image\">\n                                    <img decoding=\"async\" src=\"https:\/\/homeofwool.com\/wp-content\/uploads\/2025\/09\/handmade-icon-300x300.png\" alt=\"handgefertigte Ikone\" \/>\n                                <\/div>\n<div class=\"global-icon-set__title\">Handgefertigt<\/div>\n<\/p><\/div>\n<div class=\"global-icon-set__item\">\n<div class=\"global-icon-set__image\">\n                                    <img decoding=\"async\" src=\"https:\/\/homeofwool.com\/wp-content\/uploads\/2025\/09\/Exceptionally-Supportive-min-300x300.png\" alt=\"besonders unterst\u00fctzendes Symbol\" \/>\n                                <\/div>\n<div class=\"global-icon-set__title\">Au\u00dfergew\u00f6hnlich unterst\u00fctzend<\/div>\n<\/p><\/div>\n<div class=\"global-icon-set__item\">\n<div class=\"global-icon-set__image\">\n                                    <img decoding=\"async\" src=\"https:\/\/homeofwool.com\/wp-content\/uploads\/2025\/09\/wicks-moisture-away-300x300.png\" alt=\"transportiert die Feuchtigkeit ab\" \/>\n                                <\/div>\n<div class=\"global-icon-set__title\">Leitet Feuchtigkeit ab<\/div>\n<\/p><\/div>\n<div class=\"global-icon-set__item\">\n<div class=\"global-icon-set__image\">\n                                    <img decoding=\"async\" src=\"https:\/\/homeofwool.com\/wp-content\/uploads\/2025\/09\/VOCs-min-300x300.png\" alt=\"vocs frei\" \/>\n                                <\/div>\n<div class=\"global-icon-set__title\">VOC-frei<\/div>\n<\/p><\/div>\n<div class=\"global-icon-set__item\">\n<div class=\"global-icon-set__image\">\n                                    <img decoding=\"async\" src=\"https:\/\/homeofwool.com\/wp-content\/uploads\/2025\/09\/FR-min-300x300.png\" alt=\"feuerfestes Symbol\" \/>\n                                <\/div>\n<div class=\"global-icon-set__title\">Schwer entflammbar<\/div>\n<\/p><\/div>\n<div class=\"global-icon-set__item\">\n<div class=\"global-icon-set__image\">\n                                    <img decoding=\"async\" src=\"https:\/\/homeofwool.com\/wp-content\/uploads\/2025\/09\/Hypoallergenic-min-300x300.png\" alt=\"hypoallergenes Symbol\" \/>\n                                <\/div>\n<div class=\"global-icon-set__title\">Hypoallergen<\/div>\n<\/p><\/div>\n<div class=\"global-icon-set__item\">\n<div class=\"global-icon-set__image\">\n                                    <img decoding=\"async\" src=\"https:\/\/homeofwool.com\/wp-content\/uploads\/2025\/09\/free-of-synthetics-icon-300x300.png\" alt=\"frei von synthetischen Stoffen Symbol\" \/>\n                                <\/div>\n<div class=\"global-icon-set__title\">Frei von synthetischen Stoffen<\/div>\n<\/p><\/div>\n<div class=\"global-icon-set__item\">\n<div class=\"global-icon-set__image\">\n                                    <img decoding=\"async\" src=\"https:\/\/homeofwool.com\/wp-content\/uploads\/2025\/09\/chemical-free-icon-300x300.png\" alt=\"Symbol f\u00fcr Chemikalienfreiheit\" \/>\n                                <\/div>\n<div class=\"global-icon-set__title\">Chemikalienfrei<\/div>\n<\/p><\/div>\n<div class=\"global-icon-set__item\">\n<div class=\"global-icon-set__image\">\n                                    <img decoding=\"async\" src=\"https:\/\/homeofwool.com\/wp-content\/uploads\/2025\/09\/anti-bacterial-icon-300x300.png\" alt=\"antibakterielles Symbol\" \/>\n                                <\/div>\n<div class=\"global-icon-set__title\">Anti-mikrobiell &amp; Anti-bakteriell<\/div>\n<\/p><\/div>\n<div class=\"global-icon-set__item\">\n<div class=\"global-icon-set__image\">\n                                    <img decoding=\"async\" src=\"https:\/\/homeofwool.com\/wp-content\/uploads\/2025\/09\/certified-materials-icon-300x300.png\" alt=\"Symbol f\u00fcr zertifizierte Materialien\" \/>\n                                <\/div>\n<div class=\"global-icon-set__title\">100% Reine zertifizierte Materialien<\/div>\n<\/p><\/div>\n<\/p><\/div>\n<\/p><\/div>","protected":false},"featured_media":218497,"template":"","meta":{"_acf_changed":false},"product_brand":[],"product_cat":[254],"product_tag":[444,658,659,445,660,447,661,448,450,149,662],"class_list":{"0":"post-217662","1":"product","2":"type-product","3":"status-publish","4":"has-post-thumbnail","6":"product_cat-pillows-pillowcases","7":"product_tag-all-natural-pillow","8":"product_tag-anti-aging-pillow","9":"product_tag-anti-wrinkle-pillow","10":"product_tag-bed-pillow","11":"product_tag-best-pillow-for-side-and-back-sleepers","12":"product_tag-organic-pillow","13":"product_tag-pillow-for-side-and-back-sleepers","14":"product_tag-pillow-inserts","15":"product_tag-sleep-pillow","16":"product_tag-steps","17":"product_tag-wrinkle-prevention-pillow","19":"first","20":"instock","21":"shipping-taxable","22":"purchasable","23":"product-type-simple"},"acf":[],"yoast_head":"<!-- This site is optimized with the Yoast SEO Premium plugin v27.3 (Yoast SEO v27.3) - https:\/\/yoast.com\/product\/yoast-seo-premium-wordpress\/ -->\n<title>Back &amp; Side Sleeper Wool Pillow \u2013 Sleep Support &amp; Pain Relief | Home of Wool<\/title>\n<meta name=\"description\" content=\"Orthopedic wool pillow\u2014adjustable, breathable, and supportive for back and side sleepers. Relieves neck and shoulder pressure, regulates temperature, and offers a safe, hypoallergenic sleep.\" \/>\n<meta name=\"robots\" content=\"index, follow, max-snippet:-1, max-image-preview:large, max-video-preview:-1\" \/>\n<link rel=\"canonical\" href=\"https:\/\/homeofwool.com\/de\/shop\/kissen-fur-ruckenschlafer\/\" \/>\n<meta property=\"og:locale\" content=\"de_DE\" \/>\n<meta property=\"og:type\" content=\"article\" \/>\n<meta property=\"og:title\" content=\"Back &amp; Side Sleeper Wool Pillow\" \/>\n<meta property=\"og:description\" content=\"Orthopedic wool pillow\u2014adjustable, breathable, and supportive for back and side sleepers. Relieves neck and shoulder pressure, regulates temperature, and offers a safe, hypoallergenic sleep.\" \/>\n<meta property=\"og:url\" content=\"https:\/\/homeofwool.com\/de\/shop\/kissen-fur-ruckenschlafer\/\" \/>\n<meta property=\"og:site_name\" content=\"Home of Wool\" \/>\n<meta property=\"article:publisher\" content=\"https:\/\/facebook.com\/HomeOfWoolOfficial\" \/>\n<meta property=\"article:modified_time\" content=\"2026-03-27T08:37:24+00:00\" \/>\n<meta property=\"og:image\" content=\"https:\/\/homeofwool.com\/wp-content\/uploads\/2025\/09\/home-of-wool-side-back-sleeper-pillow-1-main.jpg\" \/>\n\t<meta property=\"og:image:width\" content=\"2000\" \/>\n\t<meta property=\"og:image:height\" content=\"1600\" \/>\n\t<meta property=\"og:image:type\" content=\"image\/jpeg\" \/>\n<meta name=\"twitter:card\" content=\"summary_large_image\" \/>\n<meta name=\"twitter:label1\" content=\"Gesch\u00e4tzte Lesezeit\" \/>\n\t<meta name=\"twitter:data1\" content=\"1\u00a0Minute\" \/>\n<script type=\"application\/ld+json\" class=\"yoast-schema-graph\">{\"@context\":\"https:\\\/\\\/schema.org\",\"@graph\":[{\"@type\":\"WebPage\",\"@id\":\"https:\\\/\\\/homeofwool.com\\\/shop\\\/back-side-sleeper-pillow\\\/\",\"url\":\"https:\\\/\\\/homeofwool.com\\\/shop\\\/back-side-sleeper-pillow\\\/\",\"name\":\"Back & Side Sleeper Wool Pillow \u2013 Sleep Support & Pain Relief | Home of Wool\",\"isPartOf\":{\"@id\":\"https:\\\/\\\/homeofwool.com\\\/#website\"},\"primaryImageOfPage\":{\"@id\":\"https:\\\/\\\/homeofwool.com\\\/shop\\\/back-side-sleeper-pillow\\\/#primaryimage\"},\"image\":{\"@id\":\"https:\\\/\\\/homeofwool.com\\\/shop\\\/back-side-sleeper-pillow\\\/#primaryimage\"},\"thumbnailUrl\":\"https:\\\/\\\/homeofwool.com\\\/wp-content\\\/uploads\\\/2025\\\/09\\\/home-of-wool-side-back-sleeper-pillow-1-main.jpg\",\"datePublished\":\"2025-09-02T12:02:05+00:00\",\"dateModified\":\"2026-03-27T08:37:24+00:00\",\"description\":\"Orthopedic wool pillow\u2014adjustable, breathable, and supportive for back and side sleepers. Relieves neck and shoulder pressure, regulates temperature, and offers a safe, hypoallergenic sleep.\",\"breadcrumb\":{\"@id\":\"https:\\\/\\\/homeofwool.com\\\/shop\\\/back-side-sleeper-pillow\\\/#breadcrumb\"},\"inLanguage\":\"de\",\"potentialAction\":[{\"@type\":\"ReadAction\",\"target\":[\"https:\\\/\\\/homeofwool.com\\\/shop\\\/back-side-sleeper-pillow\\\/\"]}]},{\"@type\":\"ImageObject\",\"inLanguage\":\"de\",\"@id\":\"https:\\\/\\\/homeofwool.com\\\/shop\\\/back-side-sleeper-pillow\\\/#primaryimage\",\"url\":\"https:\\\/\\\/homeofwool.com\\\/wp-content\\\/uploads\\\/2025\\\/09\\\/home-of-wool-side-back-sleeper-pillow-1-main.jpg\",\"contentUrl\":\"https:\\\/\\\/homeofwool.com\\\/wp-content\\\/uploads\\\/2025\\\/09\\\/home-of-wool-side-back-sleeper-pillow-1-main.jpg\",\"width\":2000,\"height\":1600,\"caption\":\"girl sleeping on home of wool side and back pillow\"},{\"@type\":\"BreadcrumbList\",\"@id\":\"https:\\\/\\\/homeofwool.com\\\/shop\\\/back-side-sleeper-pillow\\\/#breadcrumb\",\"itemListElement\":[{\"@type\":\"ListItem\",\"position\":1,\"name\":\"Home\",\"item\":\"https:\\\/\\\/homeofwool.com\\\/\"},{\"@type\":\"ListItem\",\"position\":2,\"name\":\"Products\",\"item\":\"https:\\\/\\\/homeofwool.com\\\/header-search-2\\\/\"},{\"@type\":\"ListItem\",\"position\":3,\"name\":\"Back &#038; Side Sleeper Wool Pillow\"}]},{\"@type\":\"WebSite\",\"@id\":\"https:\\\/\\\/homeofwool.com\\\/#website\",\"url\":\"https:\\\/\\\/homeofwool.com\\\/\",\"name\":\"Home of Wool\",\"description\":\"\",\"publisher\":{\"@id\":\"https:\\\/\\\/homeofwool.com\\\/#organization\"},\"potentialAction\":[{\"@type\":\"SearchAction\",\"target\":{\"@type\":\"EntryPoint\",\"urlTemplate\":\"https:\\\/\\\/homeofwool.com\\\/?s={search_term_string}\"},\"query-input\":{\"@type\":\"PropertyValueSpecification\",\"valueRequired\":true,\"valueName\":\"search_term_string\"}}],\"inLanguage\":\"de\"},{\"@type\":\"Organization\",\"@id\":\"https:\\\/\\\/homeofwool.com\\\/#organization\",\"name\":\"Home of Wool\",\"url\":\"https:\\\/\\\/homeofwool.com\\\/\",\"logo\":{\"@type\":\"ImageObject\",\"inLanguage\":\"de\",\"@id\":\"https:\\\/\\\/homeofwool.com\\\/#\\\/schema\\\/logo\\\/image\\\/\",\"url\":\"https:\\\/\\\/homeofwool.com\\\/wp-content\\\/uploads\\\/2025\\\/09\\\/WhatsApp-Image-2025-12-02-at-16.23.20.jpeg\",\"contentUrl\":\"https:\\\/\\\/homeofwool.com\\\/wp-content\\\/uploads\\\/2025\\\/09\\\/WhatsApp-Image-2025-12-02-at-16.23.20.jpeg\",\"width\":700,\"height\":247,\"caption\":\"Home of Wool\"},\"image\":{\"@id\":\"https:\\\/\\\/homeofwool.com\\\/#\\\/schema\\\/logo\\\/image\\\/\"},\"sameAs\":[\"https:\\\/\\\/facebook.com\\\/HomeOfWoolOfficial\"]}]}<\/script>\n<!-- \/ Yoast SEO Premium plugin. -->","yoast_head_json":{"title":"Wollkissen f\u00fcr R\u00fccken- und Seitenschl\u00e4fer \u2013 Schlafunterst\u00fctzung und Schmerzlinderung | Home of Wool","description":"Orthop\u00e4disches Wollkissen \u2013 verstellbar, atmungsaktiv und st\u00fctzend f\u00fcr R\u00fccken- und Seitenschl\u00e4fer. Entlastet Nacken und Schultern, reguliert die Temperatur und sorgt f\u00fcr einen sicheren, hypoallergenen Schlaf.","robots":{"index":"index","follow":"follow","max-snippet":"max-snippet:-1","max-image-preview":"max-image-preview:large","max-video-preview":"max-video-preview:-1"},"canonical":"https:\/\/homeofwool.com\/de\/shop\/kissen-fur-ruckenschlafer\/","og_locale":"de_DE","og_type":"article","og_title":"Back & Side Sleeper Wool Pillow","og_description":"Orthopedic wool pillow\u2014adjustable, breathable, and supportive for back and side sleepers. Relieves neck and shoulder pressure, regulates temperature, and offers a safe, hypoallergenic sleep.","og_url":"https:\/\/homeofwool.com\/de\/shop\/kissen-fur-ruckenschlafer\/","og_site_name":"Home of Wool","article_publisher":"https:\/\/facebook.com\/HomeOfWoolOfficial","article_modified_time":"2026-03-27T08:37:24+00:00","og_image":[{"width":2000,"height":1600,"url":"https:\/\/homeofwool.com\/wp-content\/uploads\/2025\/09\/home-of-wool-side-back-sleeper-pillow-1-main.jpg","type":"image\/jpeg"}],"twitter_card":"summary_large_image","twitter_misc":{"Gesch\u00e4tzte Lesezeit":"1\u00a0Minute"},"schema":{"@context":"https:\/\/schema.org","@graph":[{"@type":"WebPage","@id":"https:\/\/homeofwool.com\/shop\/back-side-sleeper-pillow\/","url":"https:\/\/homeofwool.com\/shop\/back-side-sleeper-pillow\/","name":"Wollkissen f\u00fcr R\u00fccken- und Seitenschl\u00e4fer \u2013 Schlafunterst\u00fctzung und Schmerzlinderung | Home of Wool","isPartOf":{"@id":"https:\/\/homeofwool.com\/#website"},"primaryImageOfPage":{"@id":"https:\/\/homeofwool.com\/shop\/back-side-sleeper-pillow\/#primaryimage"},"image":{"@id":"https:\/\/homeofwool.com\/shop\/back-side-sleeper-pillow\/#primaryimage"},"thumbnailUrl":"https:\/\/homeofwool.com\/wp-content\/uploads\/2025\/09\/home-of-wool-side-back-sleeper-pillow-1-main.jpg","datePublished":"2025-09-02T12:02:05+00:00","dateModified":"2026-03-27T08:37:24+00:00","description":"Orthop\u00e4disches Wollkissen \u2013 verstellbar, atmungsaktiv und st\u00fctzend f\u00fcr R\u00fccken- und Seitenschl\u00e4fer. Entlastet Nacken und Schultern, reguliert die Temperatur und sorgt f\u00fcr einen sicheren, hypoallergenen Schlaf.","breadcrumb":{"@id":"https:\/\/homeofwool.com\/shop\/back-side-sleeper-pillow\/#breadcrumb"},"inLanguage":"de","potentialAction":[{"@type":"ReadAction","target":["https:\/\/homeofwool.com\/shop\/back-side-sleeper-pillow\/"]}]},{"@type":"ImageObject","inLanguage":"de","@id":"https:\/\/homeofwool.com\/shop\/back-side-sleeper-pillow\/#primaryimage","url":"https:\/\/homeofwool.com\/wp-content\/uploads\/2025\/09\/home-of-wool-side-back-sleeper-pillow-1-main.jpg","contentUrl":"https:\/\/homeofwool.com\/wp-content\/uploads\/2025\/09\/home-of-wool-side-back-sleeper-pillow-1-main.jpg","width":2000,"height":1600,"caption":"girl sleeping on home of wool side and back pillow"},{"@type":"BreadcrumbList","@id":"https:\/\/homeofwool.com\/shop\/back-side-sleeper-pillow\/#breadcrumb","itemListElement":[{"@type":"ListItem","position":1,"name":"Home","item":"https:\/\/homeofwool.com\/"},{"@type":"ListItem","position":2,"name":"Products","item":"https:\/\/homeofwool.com\/header-search-2\/"},{"@type":"ListItem","position":3,"name":"Back &#038; Side Sleeper Wool Pillow"}]},{"@type":"WebSite","@id":"https:\/\/homeofwool.com\/#website","url":"https:\/\/homeofwool.com\/","name":"Heimat der Wolle","description":"","publisher":{"@id":"https:\/\/homeofwool.com\/#organization"},"potentialAction":[{"@type":"SearchAction","target":{"@type":"EntryPoint","urlTemplate":"https:\/\/homeofwool.com\/?s={search_term_string}"},"query-input":{"@type":"PropertyValueSpecification","valueRequired":true,"valueName":"search_term_string"}}],"inLanguage":"de"},{"@type":"Organization","@id":"https:\/\/homeofwool.com\/#organization","name":"Heimat der Wolle","url":"https:\/\/homeofwool.com\/","logo":{"@type":"ImageObject","inLanguage":"de","@id":"https:\/\/homeofwool.com\/#\/schema\/logo\/image\/","url":"https:\/\/homeofwool.com\/wp-content\/uploads\/2025\/09\/WhatsApp-Image-2025-12-02-at-16.23.20.jpeg","contentUrl":"https:\/\/homeofwool.com\/wp-content\/uploads\/2025\/09\/WhatsApp-Image-2025-12-02-at-16.23.20.jpeg","width":700,"height":247,"caption":"Home of Wool"},"image":{"@id":"https:\/\/homeofwool.com\/#\/schema\/logo\/image\/"},"sameAs":["https:\/\/facebook.com\/HomeOfWoolOfficial"]}]}},"_links":{"self":[{"href":"https:\/\/homeofwool.com\/de\/wp-json\/wp\/v2\/product\/217662","targetHints":{"allow":["GET"]}}],"collection":[{"href":"https:\/\/homeofwool.com\/de\/wp-json\/wp\/v2\/product"}],"about":[{"href":"https:\/\/homeofwool.com\/de\/wp-json\/wp\/v2\/types\/product"}],"version-history":[{"count":2,"href":"https:\/\/homeofwool.com\/de\/wp-json\/wp\/v2\/product\/217662\/revisions"}],"predecessor-version":[{"id":226290,"href":"https:\/\/homeofwool.com\/de\/wp-json\/wp\/v2\/product\/217662\/revisions\/226290"}],"wp:featuredmedia":[{"embeddable":true,"href":"https:\/\/homeofwool.com\/de\/wp-json\/wp\/v2\/media\/218497"}],"wp:attachment":[{"href":"https:\/\/homeofwool.com\/de\/wp-json\/wp\/v2\/media?parent=217662"}],"wp:term":[{"taxonomy":"product_brand","embeddable":true,"href":"https:\/\/homeofwool.com\/de\/wp-json\/wp\/v2\/product_brand?post=217662"},{"taxonomy":"product_cat","embeddable":true,"href":"https:\/\/homeofwool.com\/de\/wp-json\/wp\/v2\/product_cat?post=217662"},{"taxonomy":"product_tag","embeddable":true,"href":"https:\/\/homeofwool.com\/de\/wp-json\/wp\/v2\/product_tag?post=217662"}],"curies":[{"name":"wp","href":"https:\/\/api.w.org\/{rel}","templated":true}]}}