{"id":217660,"date":"2025-09-02T12:02:05","date_gmt":"2025-09-02T12:02:05","guid":{"rendered":"https:\/\/homeofwool.com\/?post_type=product&#038;p=217660"},"modified":"2026-02-11T09:55:53","modified_gmt":"2026-02-11T09:55:53","slug":"wollkissen-mit-flachen-seiten","status":"publish","type":"product","link":"https:\/\/homeofwool.com\/de\/shop\/wool-pillow-flat-sides\/","title":{"rendered":"Wollkissen mit flachen Seiten"},"content":{"rendered":"<p>Das richtige Kissen sollte Ihrem K\u00f6rper helfen, Verspannungen zu l\u00f6sen, damit Sie sich beim Aufwachen erholt f\u00fchlen. Dieses nat\u00fcrliche Schlafkissen ist mit reiner Bio-Wolle gef\u00fcllt, die polstert, ohne zusammenzufallen, und sowohl Seiten- als auch R\u00fcckenschl\u00e4fern gleichbleibenden Komfort bietet. Die einzigartigen flachen Seiten geben dem Kissen Struktur und sorgen daf\u00fcr, dass es die ganze Nacht \u00fcber an seinem Platz bleibt. Wenn Sie auf der Seite schlafen, h\u00e4lt das Kissen Ihren Kopf und Nacken in einer Linie. Wenn Sie auf dem R\u00fccken schlafen, bietet es Ihnen gleichm\u00e4\u00dfige Unterst\u00fctzung, ohne dass Sie zu tief einsinken. Die flachen Kanten sorgen f\u00fcr einen gleichm\u00e4\u00dfigen Loft und dauerhaften Komfort.<\/p>\n<p>Die Struktur der Wollfasern sorgt f\u00fcr ein Gleichgewicht zwischen W\u00e4rme und Luftzirkulation, sodass Sie nicht \u00fcberhitzen. Au\u00dferdem leiten sie Feuchtigkeit ab, sodass das Kissen Nacht f\u00fcr Nacht frisch und k\u00fchl bleibt. Es ist frei von Chemikalien, VOCs und Ausgasungen und somit ein sicheres, hypoallergenes Kissen f\u00fcr Menschen mit empfindlicher Haut.<\/p>\n<p>Mit dem Rei\u00dfverschluss des Einsatzes k\u00f6nnen Sie die F\u00fcllmenge durch Hinzuf\u00fcgen oder Entfernen von F\u00fcllmaterial anpassen. Optional sind Schutzbez\u00fcge und Kissenbez\u00fcge erh\u00e4ltlich. Dieses Kissen aus Bio-Wolle ist vollst\u00e4ndig nachhaltig, biologisch abbaubar und wurde mit R\u00fccksicht auf das Wohlbefinden und den Planeten hergestellt. Wenn Sie Hilfe bei der Auswahl des richtigen Kissens f\u00fcr Sie ben\u00f6tigen, <a class=\"ql-link\" href=\"https:\/\/homeofwool.com\/de\/ratgeber-fur-schlafer-zur-auswahl-des-richtigen-kissens\/\" target=\"_blank\" rel=\"noopener noreferrer\">Lesen Sie unseren Leitfaden.<\/a><\/p>","protected":false},"excerpt":{"rendered":"<p>Unser Wollkissen mit flachen Seiten wurde f\u00fcr Stabilit\u00e4t, Ausgewogenheit und Atmungsaktivit\u00e4t entwickelt. Die flachen Kanten sorgen f\u00fcr einen festen Sitz des Kissens, wodurch es sich ideal als Kissen f\u00fcr Seiten- oder R\u00fcckenschl\u00e4fer eignet und Ihnen k\u00fchle, trockene und nat\u00fcrlich bequeme N\u00e4chte beschert.<\/p>\n<div class=\"global-icon-set\">\n<div class=\"global-icon-set__items\">\n<div class=\"global-icon-set__item\">\n<div class=\"global-icon-set__image\">\n                                    <img decoding=\"async\" src=\"https:\/\/homeofwool.com\/wp-content\/uploads\/2025\/09\/handmade-icon-300x300.png\" alt=\"handgefertigte Ikone\" \/>\n                                <\/div>\n<div class=\"global-icon-set__title\">Handgefertigt<\/div>\n<\/p><\/div>\n<div class=\"global-icon-set__item\">\n<div class=\"global-icon-set__image\">\n                                    <img decoding=\"async\" src=\"https:\/\/homeofwool.com\/wp-content\/uploads\/2025\/09\/Exceptionally-Supportive-min-300x300.png\" alt=\"besonders unterst\u00fctzendes Symbol\" \/>\n                                <\/div>\n<div class=\"global-icon-set__title\">Au\u00dfergew\u00f6hnlich unterst\u00fctzend<\/div>\n<\/p><\/div>\n<div class=\"global-icon-set__item\">\n<div class=\"global-icon-set__image\">\n                                    <img decoding=\"async\" src=\"https:\/\/homeofwool.com\/wp-content\/uploads\/2025\/09\/wicks-moisture-away-300x300.png\" alt=\"transportiert die Feuchtigkeit ab\" \/>\n                                <\/div>\n<div class=\"global-icon-set__title\">Leitet Feuchtigkeit ab<\/div>\n<\/p><\/div>\n<div class=\"global-icon-set__item\">\n<div class=\"global-icon-set__image\">\n                                    <img decoding=\"async\" src=\"https:\/\/homeofwool.com\/wp-content\/uploads\/2025\/09\/VOCs-min-300x300.png\" alt=\"vocs frei\" \/>\n                                <\/div>\n<div class=\"global-icon-set__title\">VOC-frei<\/div>\n<\/p><\/div>\n<div class=\"global-icon-set__item\">\n<div class=\"global-icon-set__image\">\n                                    <img decoding=\"async\" src=\"https:\/\/homeofwool.com\/wp-content\/uploads\/2025\/09\/FR-min-300x300.png\" alt=\"feuerfestes Symbol\" \/>\n                                <\/div>\n<div class=\"global-icon-set__title\">Schwer entflammbar<\/div>\n<\/p><\/div>\n<div class=\"global-icon-set__item\">\n<div class=\"global-icon-set__image\">\n                                    <img decoding=\"async\" src=\"https:\/\/homeofwool.com\/wp-content\/uploads\/2025\/09\/Hypoallergenic-min-300x300.png\" alt=\"hypoallergenes Symbol\" \/>\n                                <\/div>\n<div class=\"global-icon-set__title\">Hypoallergen<\/div>\n<\/p><\/div>\n<div class=\"global-icon-set__item\">\n<div class=\"global-icon-set__image\">\n                                    <img decoding=\"async\" src=\"https:\/\/homeofwool.com\/wp-content\/uploads\/2025\/09\/free-of-synthetics-icon-300x300.png\" alt=\"frei von synthetischen Stoffen Symbol\" \/>\n                                <\/div>\n<div class=\"global-icon-set__title\">Frei von synthetischen Stoffen<\/div>\n<\/p><\/div>\n<div class=\"global-icon-set__item\">\n<div class=\"global-icon-set__image\">\n                                    <img decoding=\"async\" src=\"https:\/\/homeofwool.com\/wp-content\/uploads\/2025\/09\/chemical-free-icon-300x300.png\" alt=\"Symbol f\u00fcr Chemikalienfreiheit\" \/>\n                                <\/div>\n<div class=\"global-icon-set__title\">Chemikalienfrei<\/div>\n<\/p><\/div>\n<div class=\"global-icon-set__item\">\n<div class=\"global-icon-set__image\">\n                                    <img decoding=\"async\" src=\"https:\/\/homeofwool.com\/wp-content\/uploads\/2025\/09\/anti-bacterial-icon-300x300.png\" alt=\"antibakterielles Symbol\" \/>\n                                <\/div>\n<div class=\"global-icon-set__title\">Anti-mikrobiell &amp; Anti-bakteriell<\/div>\n<\/p><\/div>\n<div class=\"global-icon-set__item\">\n<div class=\"global-icon-set__image\">\n                                    <img decoding=\"async\" src=\"https:\/\/homeofwool.com\/wp-content\/uploads\/2025\/09\/certified-materials-icon-300x300.png\" alt=\"Symbol f\u00fcr zertifizierte Materialien\" \/>\n                                <\/div>\n<div class=\"global-icon-set__title\">100% Reine zertifizierte Materialien<\/div>\n<\/p><\/div>\n<\/p><\/div>\n<\/p><\/div>","protected":false},"featured_media":219533,"template":"","meta":{"_acf_changed":false},"product_brand":[],"product_cat":[316,254],"product_tag":[444,646,592,447,647,149,452],"class_list":{"0":"post-217660","1":"product","2":"type-product","3":"status-publish","4":"has-post-thumbnail","6":"product_cat-mothers-day","7":"product_cat-pillows-pillowcases","8":"product_tag-all-natural-pillow","9":"product_tag-back-sleeper-pillow","10":"product_tag-best-ergonomic-pillow-for-side-sleepers","11":"product_tag-organic-pillow","12":"product_tag-pillow-with-flat-sides","13":"product_tag-steps","14":"product_tag-wool-pillow","16":"first","17":"instock","18":"shipping-taxable","19":"purchasable","20":"product-type-simple"},"acf":[],"yoast_head":"<!-- This site is optimized with the Yoast SEO Premium plugin v27.4 (Yoast SEO v27.4) - https:\/\/yoast.com\/product\/yoast-seo-premium-wordpress\/ -->\n<title>Wool Pillow with Flat Sides \u2013 Hypoallergenic &amp; Supportive Comfort | Home of Wool<\/title>\n<meta name=\"description\" content=\"The Wool Pillow with Flat Sides provides breathable support with organic wool filling. Hypoallergenic and toxin-free, it ensures safe, ergonomic comfort for restful, healthy alignment.\" \/>\n<meta name=\"robots\" content=\"index, follow, max-snippet:-1, max-image-preview:large, max-video-preview:-1\" \/>\n<link rel=\"canonical\" href=\"https:\/\/homeofwool.com\/de\/shop\/wollkissen-mit-flachen-seiten\/\" \/>\n<meta property=\"og:locale\" content=\"de_DE\" \/>\n<meta property=\"og:type\" content=\"article\" \/>\n<meta property=\"og:title\" content=\"Wool Pillow with Flat Sides\" \/>\n<meta property=\"og:description\" content=\"The Wool Pillow with Flat Sides provides breathable support with organic wool filling. Hypoallergenic and toxin-free, it ensures safe, ergonomic comfort for restful, healthy alignment.\" \/>\n<meta property=\"og:url\" content=\"https:\/\/homeofwool.com\/de\/shop\/wollkissen-mit-flachen-seiten\/\" \/>\n<meta property=\"og:site_name\" content=\"Home of Wool\" \/>\n<meta property=\"article:publisher\" content=\"https:\/\/facebook.com\/HomeOfWoolOfficial\" \/>\n<meta property=\"article:modified_time\" content=\"2026-02-11T09:55:53+00:00\" \/>\n<meta property=\"og:image\" content=\"https:\/\/homeofwool.com\/wp-content\/uploads\/2025\/09\/home-of-wool-wool-pillow-with-flat-sides-2-web.jpg\" \/>\n\t<meta property=\"og:image:width\" content=\"2000\" \/>\n\t<meta property=\"og:image:height\" content=\"1600\" \/>\n\t<meta property=\"og:image:type\" content=\"image\/jpeg\" \/>\n<meta name=\"twitter:card\" content=\"summary_large_image\" \/>\n<meta name=\"twitter:label1\" content=\"Gesch\u00e4tzte Lesezeit\" \/>\n\t<meta name=\"twitter:data1\" content=\"2\u00a0Minuten\" \/>\n<script type=\"application\/ld+json\" class=\"yoast-schema-graph\">{\"@context\":\"https:\\\/\\\/schema.org\",\"@graph\":[{\"@type\":\"WebPage\",\"@id\":\"https:\\\/\\\/homeofwool.com\\\/es\\\/tienda\\\/almohada-de-lana-con-lados-planos\\\/\",\"url\":\"https:\\\/\\\/homeofwool.com\\\/es\\\/tienda\\\/almohada-de-lana-con-lados-planos\\\/\",\"name\":\"Wool Pillow with Flat Sides \u2013 Hypoallergenic & Supportive Comfort | Home of Wool\",\"isPartOf\":{\"@id\":\"https:\\\/\\\/homeofwool.com\\\/#website\"},\"primaryImageOfPage\":{\"@id\":\"https:\\\/\\\/homeofwool.com\\\/es\\\/tienda\\\/almohada-de-lana-con-lados-planos\\\/#primaryimage\"},\"image\":{\"@id\":\"https:\\\/\\\/homeofwool.com\\\/es\\\/tienda\\\/almohada-de-lana-con-lados-planos\\\/#primaryimage\"},\"thumbnailUrl\":\"https:\\\/\\\/homeofwool.com\\\/wp-content\\\/uploads\\\/2025\\\/09\\\/home-of-wool-wool-pillow-with-flat-sides-2-web.jpg\",\"datePublished\":\"2025-09-02T12:02:05+00:00\",\"dateModified\":\"2026-02-11T09:55:53+00:00\",\"description\":\"The Wool Pillow with Flat Sides provides breathable support with organic wool filling. Hypoallergenic and toxin-free, it ensures safe, ergonomic comfort for restful, healthy alignment.\",\"breadcrumb\":{\"@id\":\"https:\\\/\\\/homeofwool.com\\\/es\\\/tienda\\\/almohada-de-lana-con-lados-planos\\\/#breadcrumb\"},\"inLanguage\":\"de\",\"potentialAction\":[{\"@type\":\"ReadAction\",\"target\":[\"https:\\\/\\\/homeofwool.com\\\/es\\\/tienda\\\/almohada-de-lana-con-lados-planos\\\/\"]}]},{\"@type\":\"ImageObject\",\"inLanguage\":\"de\",\"@id\":\"https:\\\/\\\/homeofwool.com\\\/es\\\/tienda\\\/almohada-de-lana-con-lados-planos\\\/#primaryimage\",\"url\":\"https:\\\/\\\/homeofwool.com\\\/wp-content\\\/uploads\\\/2025\\\/09\\\/home-of-wool-wool-pillow-with-flat-sides-2-web.jpg\",\"contentUrl\":\"https:\\\/\\\/homeofwool.com\\\/wp-content\\\/uploads\\\/2025\\\/09\\\/home-of-wool-wool-pillow-with-flat-sides-2-web.jpg\",\"width\":2000,\"height\":1600,\"caption\":\"wool pillow with flat sides\"},{\"@type\":\"BreadcrumbList\",\"@id\":\"https:\\\/\\\/homeofwool.com\\\/es\\\/tienda\\\/almohada-de-lana-con-lados-planos\\\/#breadcrumb\",\"itemListElement\":[{\"@type\":\"ListItem\",\"position\":1,\"name\":\"Home\",\"item\":\"https:\\\/\\\/homeofwool.com\\\/\"},{\"@type\":\"ListItem\",\"position\":2,\"name\":\"Products\",\"item\":\"https:\\\/\\\/homeofwool.com\\\/header-search-2\\\/\"},{\"@type\":\"ListItem\",\"position\":3,\"name\":\"Wool Pillow with Flat Sides\"}]},{\"@type\":\"WebSite\",\"@id\":\"https:\\\/\\\/homeofwool.com\\\/#website\",\"url\":\"https:\\\/\\\/homeofwool.com\\\/\",\"name\":\"Home of Wool\",\"description\":\"\",\"publisher\":{\"@id\":\"https:\\\/\\\/homeofwool.com\\\/#organization\"},\"potentialAction\":[{\"@type\":\"SearchAction\",\"target\":{\"@type\":\"EntryPoint\",\"urlTemplate\":\"https:\\\/\\\/homeofwool.com\\\/?s={search_term_string}\"},\"query-input\":{\"@type\":\"PropertyValueSpecification\",\"valueRequired\":true,\"valueName\":\"search_term_string\"}}],\"inLanguage\":\"de\"},{\"@type\":\"Organization\",\"@id\":\"https:\\\/\\\/homeofwool.com\\\/#organization\",\"name\":\"Home of Wool\",\"url\":\"https:\\\/\\\/homeofwool.com\\\/\",\"logo\":{\"@type\":\"ImageObject\",\"inLanguage\":\"de\",\"@id\":\"https:\\\/\\\/homeofwool.com\\\/#\\\/schema\\\/logo\\\/image\\\/\",\"url\":\"https:\\\/\\\/homeofwool.com\\\/wp-content\\\/uploads\\\/2025\\\/09\\\/WhatsApp-Image-2025-12-02-at-16.23.20.jpeg\",\"contentUrl\":\"https:\\\/\\\/homeofwool.com\\\/wp-content\\\/uploads\\\/2025\\\/09\\\/WhatsApp-Image-2025-12-02-at-16.23.20.jpeg\",\"width\":700,\"height\":247,\"caption\":\"Home of Wool\"},\"image\":{\"@id\":\"https:\\\/\\\/homeofwool.com\\\/#\\\/schema\\\/logo\\\/image\\\/\"},\"sameAs\":[\"https:\\\/\\\/facebook.com\\\/HomeOfWoolOfficial\"]}]}<\/script>\n<!-- \/ Yoast SEO Premium plugin. -->","yoast_head_json":{"title":"Wollkissen mit flachen Seiten \u2013 hypoallergen und st\u00fctzend Komfort | Home of Wool","description":"Das Wollkissen mit flachen Seiten bietet atmungsaktive Unterst\u00fctzung mit einer F\u00fcllung aus Bio-Wolle. Es ist hypoallergen und frei von Giftstoffen und sorgt f\u00fcr sicheren, ergonomischen Komfort f\u00fcr eine erholsame, gesunde K\u00f6rperhaltung.","robots":{"index":"index","follow":"follow","max-snippet":"max-snippet:-1","max-image-preview":"max-image-preview:large","max-video-preview":"max-video-preview:-1"},"canonical":"https:\/\/homeofwool.com\/de\/shop\/wollkissen-mit-flachen-seiten\/","og_locale":"de_DE","og_type":"article","og_title":"Wool Pillow with Flat Sides","og_description":"The Wool Pillow with Flat Sides provides breathable support with organic wool filling. Hypoallergenic and toxin-free, it ensures safe, ergonomic comfort for restful, healthy alignment.","og_url":"https:\/\/homeofwool.com\/de\/shop\/wollkissen-mit-flachen-seiten\/","og_site_name":"Home of Wool","article_publisher":"https:\/\/facebook.com\/HomeOfWoolOfficial","article_modified_time":"2026-02-11T09:55:53+00:00","og_image":[{"width":2000,"height":1600,"url":"https:\/\/homeofwool.com\/wp-content\/uploads\/2025\/09\/home-of-wool-wool-pillow-with-flat-sides-2-web.jpg","type":"image\/jpeg"}],"twitter_card":"summary_large_image","twitter_misc":{"Gesch\u00e4tzte Lesezeit":"2\u00a0Minuten"},"schema":{"@context":"https:\/\/schema.org","@graph":[{"@type":"WebPage","@id":"https:\/\/homeofwool.com\/es\/tienda\/almohada-de-lana-con-lados-planos\/","url":"https:\/\/homeofwool.com\/es\/tienda\/almohada-de-lana-con-lados-planos\/","name":"Wollkissen mit flachen Seiten \u2013 hypoallergen und st\u00fctzend Komfort | Home of Wool","isPartOf":{"@id":"https:\/\/homeofwool.com\/#website"},"primaryImageOfPage":{"@id":"https:\/\/homeofwool.com\/es\/tienda\/almohada-de-lana-con-lados-planos\/#primaryimage"},"image":{"@id":"https:\/\/homeofwool.com\/es\/tienda\/almohada-de-lana-con-lados-planos\/#primaryimage"},"thumbnailUrl":"https:\/\/homeofwool.com\/wp-content\/uploads\/2025\/09\/home-of-wool-wool-pillow-with-flat-sides-2-web.jpg","datePublished":"2025-09-02T12:02:05+00:00","dateModified":"2026-02-11T09:55:53+00:00","description":"Das Wollkissen mit flachen Seiten bietet atmungsaktive Unterst\u00fctzung mit einer F\u00fcllung aus Bio-Wolle. Es ist hypoallergen und frei von Giftstoffen und sorgt f\u00fcr sicheren, ergonomischen Komfort f\u00fcr eine erholsame, gesunde K\u00f6rperhaltung.","breadcrumb":{"@id":"https:\/\/homeofwool.com\/es\/tienda\/almohada-de-lana-con-lados-planos\/#breadcrumb"},"inLanguage":"de","potentialAction":[{"@type":"ReadAction","target":["https:\/\/homeofwool.com\/es\/tienda\/almohada-de-lana-con-lados-planos\/"]}]},{"@type":"ImageObject","inLanguage":"de","@id":"https:\/\/homeofwool.com\/es\/tienda\/almohada-de-lana-con-lados-planos\/#primaryimage","url":"https:\/\/homeofwool.com\/wp-content\/uploads\/2025\/09\/home-of-wool-wool-pillow-with-flat-sides-2-web.jpg","contentUrl":"https:\/\/homeofwool.com\/wp-content\/uploads\/2025\/09\/home-of-wool-wool-pillow-with-flat-sides-2-web.jpg","width":2000,"height":1600,"caption":"wool pillow with flat sides"},{"@type":"BreadcrumbList","@id":"https:\/\/homeofwool.com\/es\/tienda\/almohada-de-lana-con-lados-planos\/#breadcrumb","itemListElement":[{"@type":"ListItem","position":1,"name":"Home","item":"https:\/\/homeofwool.com\/"},{"@type":"ListItem","position":2,"name":"Products","item":"https:\/\/homeofwool.com\/header-search-2\/"},{"@type":"ListItem","position":3,"name":"Wool Pillow with Flat Sides"}]},{"@type":"WebSite","@id":"https:\/\/homeofwool.com\/#website","url":"https:\/\/homeofwool.com\/","name":"Heimat der Wolle","description":"","publisher":{"@id":"https:\/\/homeofwool.com\/#organization"},"potentialAction":[{"@type":"SearchAction","target":{"@type":"EntryPoint","urlTemplate":"https:\/\/homeofwool.com\/?s={search_term_string}"},"query-input":{"@type":"PropertyValueSpecification","valueRequired":true,"valueName":"search_term_string"}}],"inLanguage":"de"},{"@type":"Organization","@id":"https:\/\/homeofwool.com\/#organization","name":"Heimat der Wolle","url":"https:\/\/homeofwool.com\/","logo":{"@type":"ImageObject","inLanguage":"de","@id":"https:\/\/homeofwool.com\/#\/schema\/logo\/image\/","url":"https:\/\/homeofwool.com\/wp-content\/uploads\/2025\/09\/WhatsApp-Image-2025-12-02-at-16.23.20.jpeg","contentUrl":"https:\/\/homeofwool.com\/wp-content\/uploads\/2025\/09\/WhatsApp-Image-2025-12-02-at-16.23.20.jpeg","width":700,"height":247,"caption":"Home of Wool"},"image":{"@id":"https:\/\/homeofwool.com\/#\/schema\/logo\/image\/"},"sameAs":["https:\/\/facebook.com\/HomeOfWoolOfficial"]}]}},"_links":{"self":[{"href":"https:\/\/homeofwool.com\/de\/wp-json\/wp\/v2\/product\/217660","targetHints":{"allow":["GET"]}}],"collection":[{"href":"https:\/\/homeofwool.com\/de\/wp-json\/wp\/v2\/product"}],"about":[{"href":"https:\/\/homeofwool.com\/de\/wp-json\/wp\/v2\/types\/product"}],"version-history":[{"count":2,"href":"https:\/\/homeofwool.com\/de\/wp-json\/wp\/v2\/product\/217660\/revisions"}],"predecessor-version":[{"id":226094,"href":"https:\/\/homeofwool.com\/de\/wp-json\/wp\/v2\/product\/217660\/revisions\/226094"}],"wp:featuredmedia":[{"embeddable":true,"href":"https:\/\/homeofwool.com\/de\/wp-json\/wp\/v2\/media\/219533"}],"wp:attachment":[{"href":"https:\/\/homeofwool.com\/de\/wp-json\/wp\/v2\/media?parent=217660"}],"wp:term":[{"taxonomy":"product_brand","embeddable":true,"href":"https:\/\/homeofwool.com\/de\/wp-json\/wp\/v2\/product_brand?post=217660"},{"taxonomy":"product_cat","embeddable":true,"href":"https:\/\/homeofwool.com\/de\/wp-json\/wp\/v2\/product_cat?post=217660"},{"taxonomy":"product_tag","embeddable":true,"href":"https:\/\/homeofwool.com\/de\/wp-json\/wp\/v2\/product_tag?post=217660"}],"curies":[{"name":"wp","href":"https:\/\/api.w.org\/{rel}","templated":true}]}}