{"id":217656,"date":"2025-09-02T12:02:05","date_gmt":"2025-09-02T12:02:05","guid":{"rendered":"https:\/\/homeofwool.com\/?post_type=product&#038;p=217656"},"modified":"2026-02-11T09:55:52","modified_gmt":"2026-02-11T09:55:52","slug":"diy-matratzen-bausatz","status":"publish","type":"product","link":"https:\/\/homeofwool.com\/de\/shop\/diy-mattress-kit\/","title":{"rendered":"DIY-Wollmatratze"},"content":{"rendered":"<p>Mit unserem DIY-Wollmatratzen-Set k\u00f6nnen Sie eine Matratze herstellen, die Ihren Komfortvorlieben und nachhaltigen Werten entspricht. Das Set enth\u00e4lt einen hochwertigen Matratzenbezug mit Griffen, starken Naturleinenf\u00e4den, strapazierf\u00e4higen Metallrei\u00dfverschl\u00fcssen, Wollschleifen f\u00fcr zus\u00e4tzliche Haltbarkeit und eine lange Tuftingnadel. Die F\u00fcllung ist nicht enthalten, sodass Sie selbst entscheiden k\u00f6nnen, was genau hinein kommt. Viele Menschen sch\u00e4tzen unsere Bio-Wolle wegen ihrer St\u00fctzkraft sowie ihrer atmungsaktiven und hypoallergenen Eigenschaften. Sie k\u00f6nnen auch Baumwolle oder Naturlatex verwenden. Je nach Ihren Vorlieben k\u00f6nnen Sie sogar eine Fasermischung zusammenstellen.<\/p>\n<p>Wenn Sie Ihre eigene Matratze selbst herstellen, haben Sie die volle Kontrolle \u00fcber jedes Detail, von der Gr\u00f6\u00dfe und dem Stoff bis hin zur Platzierung des Rei\u00dfverschlusses und dem Design der Kanten. Dieser praktische Ansatz f\u00fchrt zu einer ges\u00fcnderen, ungiftigen Schlaffl\u00e4che. Ideal f\u00fcr Menschen mit Allergien oder Empfindlichkeiten. Perfekt f\u00fcr alle, die eine nat\u00fcrliche und langlebige Option suchen. In unserem Shop sind Stoff- und Wollmuster erh\u00e4ltlich, damit Sie sich vor Beginn von der Qualit\u00e4t \u00fcberzeugen k\u00f6nnen.<\/p>","protected":false},"excerpt":{"rendered":"<p>Schaffen Sie sich mit unserem DIY-Wollmatratzen-Set Ihren eigenen komfortablen und gesunden Schlafplatz. Wir haben dieses Set f\u00fcr Bastelfreunde und DIY-Enthusiasten entwickelt, die Wert auf Qualit\u00e4t und nat\u00fcrliche Materialien legen. Es enth\u00e4lt alles, was Sie ben\u00f6tigen, um eine individuelle Matratze mit einer F\u00fcllung Ihrer Wahl zusammenzustellen. Es ist ein gro\u00dfartiges Gef\u00fchl, sich auf einem Bett zusammenzurollen, das Sie mit Ihren eigenen H\u00e4nden zusammengestellt haben, und es gibt nur wenige Dinge, die dieses Gef\u00fchl von Komfort und Stolz \u00fcbertreffen.<\/p>\n<p><strong>F\u00fcllung separat erh\u00e4ltlich<\/strong>: <a href=\"https:\/\/homeofwool.com\/de\/shop\/bio-wollfullung\/\">Bio-Wolle<\/a>.<\/p>\n<div class=\"global-icon-set\">\n<div class=\"global-icon-set__items\">\n<div class=\"global-icon-set__item\">\n<div class=\"global-icon-set__image\">\n                                    <img decoding=\"async\" src=\"https:\/\/homeofwool.com\/wp-content\/uploads\/2025\/09\/handmade-icon-300x300.png\" alt=\"handgefertigte Ikone\" \/>\n                                <\/div>\n<div class=\"global-icon-set__title\">Handgefertigt<\/div>\n<\/p><\/div>\n<div class=\"global-icon-set__item\">\n<div class=\"global-icon-set__image\">\n                                    <img decoding=\"async\" src=\"https:\/\/homeofwool.com\/wp-content\/uploads\/2025\/09\/VOCs-min-300x300.png\" alt=\"vocs frei\" \/>\n                                <\/div>\n<div class=\"global-icon-set__title\">VOC-frei<\/div>\n<\/p><\/div>\n<div class=\"global-icon-set__item\">\n<div class=\"global-icon-set__image\">\n                                    <img decoding=\"async\" src=\"https:\/\/homeofwool.com\/wp-content\/uploads\/2025\/09\/FR-min-300x300.png\" alt=\"feuerfestes Symbol\" \/>\n                                <\/div>\n<div class=\"global-icon-set__title\">Schwer entflammbar<\/div>\n<\/p><\/div>\n<div class=\"global-icon-set__item\">\n<div class=\"global-icon-set__image\">\n                                    <img decoding=\"async\" src=\"https:\/\/homeofwool.com\/wp-content\/uploads\/2025\/09\/Hypoallergenic-min-300x300.png\" alt=\"hypoallergenes Symbol\" \/>\n                                <\/div>\n<div class=\"global-icon-set__title\">Hypoallergen<\/div>\n<\/p><\/div>\n<div class=\"global-icon-set__item\">\n<div class=\"global-icon-set__image\">\n                                    <img decoding=\"async\" src=\"https:\/\/homeofwool.com\/wp-content\/uploads\/2025\/09\/free-of-synthetics-icon-300x300.png\" alt=\"frei von synthetischen Stoffen Symbol\" \/>\n                                <\/div>\n<div class=\"global-icon-set__title\">Frei von synthetischen Stoffen<\/div>\n<\/p><\/div>\n<div class=\"global-icon-set__item\">\n<div class=\"global-icon-set__image\">\n                                    <img decoding=\"async\" src=\"https:\/\/homeofwool.com\/wp-content\/uploads\/2025\/09\/chemical-free-icon-300x300.png\" alt=\"Symbol f\u00fcr Chemikalienfreiheit\" \/>\n                                <\/div>\n<div class=\"global-icon-set__title\">Chemikalienfrei<\/div>\n<\/p><\/div>\n<div class=\"global-icon-set__item\">\n<div class=\"global-icon-set__image\">\n                                    <img decoding=\"async\" src=\"https:\/\/homeofwool.com\/wp-content\/uploads\/2025\/09\/certified-materials-icon-300x300.png\" alt=\"Symbol f\u00fcr zertifizierte Materialien\" \/>\n                                <\/div>\n<div class=\"global-icon-set__title\">100% Reine zertifizierte Materialien<\/div>\n<\/p><\/div>\n<\/p><\/div>\n<\/p><\/div>","protected":false},"featured_media":225305,"template":"","meta":{"_acf_changed":false},"product_brand":[],"product_cat":[252],"product_tag":[636,637,638,639,640,641,149,642],"class_list":{"0":"post-217656","1":"product","2":"type-product","3":"status-publish","4":"has-post-thumbnail","6":"product_cat-mattresses","7":"product_tag-arts-and-crafts","8":"product_tag-bio-ethical-ticking","9":"product_tag-diy","10":"product_tag-diy-natural-bedding","11":"product_tag-do-it-yourself-case","12":"product_tag-mattress-kit","13":"product_tag-steps","14":"product_tag-wool-felting","16":"first","17":"instock","18":"shipping-taxable","19":"purchasable","20":"product-type-simple"},"acf":[],"yoast_head":"<!-- This site is optimized with the Yoast SEO Premium plugin v27.3 (Yoast SEO v27.3) - https:\/\/yoast.com\/product\/yoast-seo-premium-wordpress\/ -->\n<title>DIY Mattress \u2013 Create Your Perfect Mattress with Premium Wool<\/title>\n<meta name=\"description\" content=\"Customizable, breathable, and hypoallergenic, the DIY Wool Mattress kit lets you craft a natural, non-toxic sleep surface with everything needed for a personalized mattress.\" \/>\n<meta name=\"robots\" content=\"index, follow, max-snippet:-1, max-image-preview:large, max-video-preview:-1\" \/>\n<link rel=\"canonical\" href=\"https:\/\/homeofwool.com\/de\/shop\/diy-matratzen-bausatz\/\" \/>\n<meta property=\"og:locale\" content=\"de_DE\" \/>\n<meta property=\"og:type\" content=\"article\" \/>\n<meta property=\"og:title\" content=\"DIY Wool Mattress\" \/>\n<meta property=\"og:description\" content=\"Customizable, breathable, and hypoallergenic, the DIY Wool Mattress kit lets you craft a natural, non-toxic sleep surface with everything needed for a personalized mattress.\" \/>\n<meta property=\"og:url\" content=\"https:\/\/homeofwool.com\/de\/shop\/diy-matratzen-bausatz\/\" \/>\n<meta property=\"og:site_name\" content=\"Home of Wool\" \/>\n<meta property=\"article:publisher\" content=\"https:\/\/facebook.com\/HomeOfWoolOfficial\" \/>\n<meta property=\"article:modified_time\" content=\"2026-02-11T09:55:52+00:00\" \/>\n<meta property=\"og:image\" content=\"https:\/\/homeofwool.com\/wp-content\/uploads\/2025\/09\/home-of-wool-diy-mattress-kit-1-main-1.jpg\" \/>\n\t<meta property=\"og:image:width\" content=\"2000\" \/>\n\t<meta property=\"og:image:height\" content=\"1600\" \/>\n\t<meta property=\"og:image:type\" content=\"image\/jpeg\" \/>\n<meta name=\"twitter:card\" content=\"summary_large_image\" \/>\n<meta name=\"twitter:label1\" content=\"Gesch\u00e4tzte Lesezeit\" \/>\n\t<meta name=\"twitter:data1\" content=\"1\u00a0Minute\" \/>\n<script type=\"application\/ld+json\" class=\"yoast-schema-graph\">{\"@context\":\"https:\\\/\\\/schema.org\",\"@graph\":[{\"@type\":\"WebPage\",\"@id\":\"https:\\\/\\\/homeofwool.com\\\/shop\\\/diy-mattress-kit\\\/\",\"url\":\"https:\\\/\\\/homeofwool.com\\\/shop\\\/diy-mattress-kit\\\/\",\"name\":\"DIY Mattress \u2013 Create Your Perfect Mattress with Premium Wool\",\"isPartOf\":{\"@id\":\"https:\\\/\\\/homeofwool.com\\\/#website\"},\"primaryImageOfPage\":{\"@id\":\"https:\\\/\\\/homeofwool.com\\\/shop\\\/diy-mattress-kit\\\/#primaryimage\"},\"image\":{\"@id\":\"https:\\\/\\\/homeofwool.com\\\/shop\\\/diy-mattress-kit\\\/#primaryimage\"},\"thumbnailUrl\":\"https:\\\/\\\/homeofwool.com\\\/wp-content\\\/uploads\\\/2025\\\/09\\\/home-of-wool-diy-mattress-kit-1-main-1.jpg\",\"datePublished\":\"2025-09-02T12:02:05+00:00\",\"dateModified\":\"2026-02-11T09:55:52+00:00\",\"description\":\"Customizable, breathable, and hypoallergenic, the DIY Wool Mattress kit lets you craft a natural, non-toxic sleep surface with everything needed for a personalized mattress.\",\"breadcrumb\":{\"@id\":\"https:\\\/\\\/homeofwool.com\\\/shop\\\/diy-mattress-kit\\\/#breadcrumb\"},\"inLanguage\":\"de\",\"potentialAction\":[{\"@type\":\"ReadAction\",\"target\":[\"https:\\\/\\\/homeofwool.com\\\/shop\\\/diy-mattress-kit\\\/\"]}]},{\"@type\":\"ImageObject\",\"inLanguage\":\"de\",\"@id\":\"https:\\\/\\\/homeofwool.com\\\/shop\\\/diy-mattress-kit\\\/#primaryimage\",\"url\":\"https:\\\/\\\/homeofwool.com\\\/wp-content\\\/uploads\\\/2025\\\/09\\\/home-of-wool-diy-mattress-kit-1-main-1.jpg\",\"contentUrl\":\"https:\\\/\\\/homeofwool.com\\\/wp-content\\\/uploads\\\/2025\\\/09\\\/home-of-wool-diy-mattress-kit-1-main-1.jpg\",\"width\":2000,\"height\":1600,\"caption\":\"DIY mattress kit pieces\"},{\"@type\":\"BreadcrumbList\",\"@id\":\"https:\\\/\\\/homeofwool.com\\\/shop\\\/diy-mattress-kit\\\/#breadcrumb\",\"itemListElement\":[{\"@type\":\"ListItem\",\"position\":1,\"name\":\"Home\",\"item\":\"https:\\\/\\\/homeofwool.com\\\/\"},{\"@type\":\"ListItem\",\"position\":2,\"name\":\"Products\",\"item\":\"https:\\\/\\\/homeofwool.com\\\/header-search-2\\\/\"},{\"@type\":\"ListItem\",\"position\":3,\"name\":\"DIY Wool Mattress\"}]},{\"@type\":\"WebSite\",\"@id\":\"https:\\\/\\\/homeofwool.com\\\/#website\",\"url\":\"https:\\\/\\\/homeofwool.com\\\/\",\"name\":\"Home of Wool\",\"description\":\"\",\"publisher\":{\"@id\":\"https:\\\/\\\/homeofwool.com\\\/#organization\"},\"potentialAction\":[{\"@type\":\"SearchAction\",\"target\":{\"@type\":\"EntryPoint\",\"urlTemplate\":\"https:\\\/\\\/homeofwool.com\\\/?s={search_term_string}\"},\"query-input\":{\"@type\":\"PropertyValueSpecification\",\"valueRequired\":true,\"valueName\":\"search_term_string\"}}],\"inLanguage\":\"de\"},{\"@type\":\"Organization\",\"@id\":\"https:\\\/\\\/homeofwool.com\\\/#organization\",\"name\":\"Home of Wool\",\"url\":\"https:\\\/\\\/homeofwool.com\\\/\",\"logo\":{\"@type\":\"ImageObject\",\"inLanguage\":\"de\",\"@id\":\"https:\\\/\\\/homeofwool.com\\\/#\\\/schema\\\/logo\\\/image\\\/\",\"url\":\"https:\\\/\\\/homeofwool.com\\\/wp-content\\\/uploads\\\/2025\\\/09\\\/WhatsApp-Image-2025-12-02-at-16.23.20.jpeg\",\"contentUrl\":\"https:\\\/\\\/homeofwool.com\\\/wp-content\\\/uploads\\\/2025\\\/09\\\/WhatsApp-Image-2025-12-02-at-16.23.20.jpeg\",\"width\":700,\"height\":247,\"caption\":\"Home of Wool\"},\"image\":{\"@id\":\"https:\\\/\\\/homeofwool.com\\\/#\\\/schema\\\/logo\\\/image\\\/\"},\"sameAs\":[\"https:\\\/\\\/facebook.com\\\/HomeOfWoolOfficial\"]}]}<\/script>\n<!-- \/ Yoast SEO Premium plugin. -->","yoast_head_json":{"title":"DIY-Matratze \u2013 Stellen Sie Ihre perfekte Matratze mit hochwertiger Wolle her","description":"Das DIY-Wollmatratzen-Set ist anpassbar, atmungsaktiv und hypoallergen und erm\u00f6glicht es Ihnen, eine nat\u00fcrliche, ungiftige Schlaffl\u00e4che mit allem zu schaffen, was Sie f\u00fcr eine personalisierte Matratze ben\u00f6tigen.","robots":{"index":"index","follow":"follow","max-snippet":"max-snippet:-1","max-image-preview":"max-image-preview:large","max-video-preview":"max-video-preview:-1"},"canonical":"https:\/\/homeofwool.com\/de\/shop\/diy-matratzen-bausatz\/","og_locale":"de_DE","og_type":"article","og_title":"DIY Wool Mattress","og_description":"Customizable, breathable, and hypoallergenic, the DIY Wool Mattress kit lets you craft a natural, non-toxic sleep surface with everything needed for a personalized mattress.","og_url":"https:\/\/homeofwool.com\/de\/shop\/diy-matratzen-bausatz\/","og_site_name":"Home of Wool","article_publisher":"https:\/\/facebook.com\/HomeOfWoolOfficial","article_modified_time":"2026-02-11T09:55:52+00:00","og_image":[{"width":2000,"height":1600,"url":"https:\/\/homeofwool.com\/wp-content\/uploads\/2025\/09\/home-of-wool-diy-mattress-kit-1-main-1.jpg","type":"image\/jpeg"}],"twitter_card":"summary_large_image","twitter_misc":{"Gesch\u00e4tzte Lesezeit":"1\u00a0Minute"},"schema":{"@context":"https:\/\/schema.org","@graph":[{"@type":"WebPage","@id":"https:\/\/homeofwool.com\/shop\/diy-mattress-kit\/","url":"https:\/\/homeofwool.com\/shop\/diy-mattress-kit\/","name":"DIY-Matratze \u2013 Stellen Sie Ihre perfekte Matratze mit hochwertiger Wolle her","isPartOf":{"@id":"https:\/\/homeofwool.com\/#website"},"primaryImageOfPage":{"@id":"https:\/\/homeofwool.com\/shop\/diy-mattress-kit\/#primaryimage"},"image":{"@id":"https:\/\/homeofwool.com\/shop\/diy-mattress-kit\/#primaryimage"},"thumbnailUrl":"https:\/\/homeofwool.com\/wp-content\/uploads\/2025\/09\/home-of-wool-diy-mattress-kit-1-main-1.jpg","datePublished":"2025-09-02T12:02:05+00:00","dateModified":"2026-02-11T09:55:52+00:00","description":"Das DIY-Wollmatratzen-Set ist anpassbar, atmungsaktiv und hypoallergen und erm\u00f6glicht es Ihnen, eine nat\u00fcrliche, ungiftige Schlaffl\u00e4che mit allem zu schaffen, was Sie f\u00fcr eine personalisierte Matratze ben\u00f6tigen.","breadcrumb":{"@id":"https:\/\/homeofwool.com\/shop\/diy-mattress-kit\/#breadcrumb"},"inLanguage":"de","potentialAction":[{"@type":"ReadAction","target":["https:\/\/homeofwool.com\/shop\/diy-mattress-kit\/"]}]},{"@type":"ImageObject","inLanguage":"de","@id":"https:\/\/homeofwool.com\/shop\/diy-mattress-kit\/#primaryimage","url":"https:\/\/homeofwool.com\/wp-content\/uploads\/2025\/09\/home-of-wool-diy-mattress-kit-1-main-1.jpg","contentUrl":"https:\/\/homeofwool.com\/wp-content\/uploads\/2025\/09\/home-of-wool-diy-mattress-kit-1-main-1.jpg","width":2000,"height":1600,"caption":"DIY mattress kit pieces"},{"@type":"BreadcrumbList","@id":"https:\/\/homeofwool.com\/shop\/diy-mattress-kit\/#breadcrumb","itemListElement":[{"@type":"ListItem","position":1,"name":"Home","item":"https:\/\/homeofwool.com\/"},{"@type":"ListItem","position":2,"name":"Products","item":"https:\/\/homeofwool.com\/header-search-2\/"},{"@type":"ListItem","position":3,"name":"DIY Wool Mattress"}]},{"@type":"WebSite","@id":"https:\/\/homeofwool.com\/#website","url":"https:\/\/homeofwool.com\/","name":"Heimat der Wolle","description":"","publisher":{"@id":"https:\/\/homeofwool.com\/#organization"},"potentialAction":[{"@type":"SearchAction","target":{"@type":"EntryPoint","urlTemplate":"https:\/\/homeofwool.com\/?s={search_term_string}"},"query-input":{"@type":"PropertyValueSpecification","valueRequired":true,"valueName":"search_term_string"}}],"inLanguage":"de"},{"@type":"Organization","@id":"https:\/\/homeofwool.com\/#organization","name":"Heimat der Wolle","url":"https:\/\/homeofwool.com\/","logo":{"@type":"ImageObject","inLanguage":"de","@id":"https:\/\/homeofwool.com\/#\/schema\/logo\/image\/","url":"https:\/\/homeofwool.com\/wp-content\/uploads\/2025\/09\/WhatsApp-Image-2025-12-02-at-16.23.20.jpeg","contentUrl":"https:\/\/homeofwool.com\/wp-content\/uploads\/2025\/09\/WhatsApp-Image-2025-12-02-at-16.23.20.jpeg","width":700,"height":247,"caption":"Home of Wool"},"image":{"@id":"https:\/\/homeofwool.com\/#\/schema\/logo\/image\/"},"sameAs":["https:\/\/facebook.com\/HomeOfWoolOfficial"]}]}},"_links":{"self":[{"href":"https:\/\/homeofwool.com\/de\/wp-json\/wp\/v2\/product\/217656","targetHints":{"allow":["GET"]}}],"collection":[{"href":"https:\/\/homeofwool.com\/de\/wp-json\/wp\/v2\/product"}],"about":[{"href":"https:\/\/homeofwool.com\/de\/wp-json\/wp\/v2\/types\/product"}],"version-history":[{"count":1,"href":"https:\/\/homeofwool.com\/de\/wp-json\/wp\/v2\/product\/217656\/revisions"}],"predecessor-version":[{"id":226695,"href":"https:\/\/homeofwool.com\/de\/wp-json\/wp\/v2\/product\/217656\/revisions\/226695"}],"wp:featuredmedia":[{"embeddable":true,"href":"https:\/\/homeofwool.com\/de\/wp-json\/wp\/v2\/media\/225305"}],"wp:attachment":[{"href":"https:\/\/homeofwool.com\/de\/wp-json\/wp\/v2\/media?parent=217656"}],"wp:term":[{"taxonomy":"product_brand","embeddable":true,"href":"https:\/\/homeofwool.com\/de\/wp-json\/wp\/v2\/product_brand?post=217656"},{"taxonomy":"product_cat","embeddable":true,"href":"https:\/\/homeofwool.com\/de\/wp-json\/wp\/v2\/product_cat?post=217656"},{"taxonomy":"product_tag","embeddable":true,"href":"https:\/\/homeofwool.com\/de\/wp-json\/wp\/v2\/product_tag?post=217656"}],"curies":[{"name":"wp","href":"https:\/\/api.w.org\/{rel}","templated":true}]}}