{"id":217653,"date":"2025-09-02T12:02:05","date_gmt":"2025-09-02T12:02:05","guid":{"rendered":"https:\/\/homeofwool.com\/?post_type=product&#038;p=217653"},"modified":"2026-02-10T17:24:28","modified_gmt":"2026-02-10T17:24:28","slug":"ottomane-wurfel","status":"publish","type":"product","link":"https:\/\/homeofwool.com\/de\/shop\/ottoman-cube\/","title":{"rendered":"Quadratische Ottomane aus Wolle"},"content":{"rendered":"<p>Die Ottomane Home of Wool f\u00fcgt sich m\u00fchelos in Ihren Alltag ein. Im Wohnzimmer bietet sie Ihnen zus\u00e4tzliche Sitzgelegenheiten, wenn G\u00e4ste kommen, oder Sie k\u00f6nnen sie mit einem Tablett versehen und als Tischalternative nutzen. Im Schlafzimmer kann sie als Nachttisch dienen. Im Flur bietet sie Ihnen einen Platz zum Sitzen und macht den Raum einladend.<\/p>\n<p>Die F\u00fcllung besteht aus Bio-Wolle, die atmungsaktiv ist und guten Halt bietet. Au\u00dferdem ist sie resistent gegen Hausstaubmilben und Schimmel. Das macht sie besonders geeignet f\u00fcr Allergiker. Sie enth\u00e4lt keine VOCs und keine Flammschutzmittel, da Wolle das beste nat\u00fcrliche Material ist. Eine vollkommen nat\u00fcrliche Ottomane f\u00fcr Ihr nachhaltiges Zuhause.<\/p>\n<p>Der strapazierf\u00e4hige Wolleinsatz beh\u00e4lt auch nach l\u00e4ngerem Gebrauch seine Form. Die Festigkeit l\u00e4sst sich durch Hinzuf\u00fcgen oder Entfernen von F\u00fcllmaterial \u00fcber den Rei\u00dfverschluss anpassen. Der Bezug ist waschbar und somit pflegeleicht. Jede Ottomane wird auf Bestellung in der von Ihnen gew\u00fcnschten Gr\u00f6\u00dfe und mit dem von Ihnen gew\u00e4hlten Stoff gefertigt. Es handelt sich um ein multifunktionales M\u00f6belst\u00fcck, das sowohl Komfort als auch stilvolles Design bietet.<\/p>","protected":false},"excerpt":{"rendered":"<p>Sie k\u00f6nnen ihn im Wohnzimmer verwenden, neben dem Bett aufbewahren oder im Eingangsbereich platzieren. Dieser quadratische Hocker erf\u00fcllt einfach \u00fcberall im Haus seinen Zweck. Als Bonus ist er mit reiner Wolle gef\u00fcllt. Im Wohnzimmer kann er als zus\u00e4tzliche Sitzgelegenheit oder als Tischalternative dienen. Im Schlafzimmer fungiert sie als weiche Bank am Fu\u00dfende des Bettes, und im Eingangsbereich wertet sie mit ihrem stilvollen Design und Komfort die Einrichtung auf.<\/p>\n<div class=\"global-icon-set\">\n<div class=\"global-icon-set__items\">\n<div class=\"global-icon-set__item\">\n<div class=\"global-icon-set__image\">\n                                    <img decoding=\"async\" src=\"https:\/\/homeofwool.com\/wp-content\/uploads\/2025\/09\/handmade-icon-300x300.png\" alt=\"handgefertigte Ikone\" \/>\n                                <\/div>\n<div class=\"global-icon-set__title\">Handgefertigt<\/div>\n<\/p><\/div>\n<div class=\"global-icon-set__item\">\n<div class=\"global-icon-set__image\">\n                                    <img decoding=\"async\" src=\"https:\/\/homeofwool.com\/wp-content\/uploads\/2025\/09\/VOCs-min-300x300.png\" alt=\"vocs frei\" \/>\n                                <\/div>\n<div class=\"global-icon-set__title\">VOC-frei<\/div>\n<\/p><\/div>\n<div class=\"global-icon-set__item\">\n<div class=\"global-icon-set__image\">\n                                    <img decoding=\"async\" src=\"https:\/\/homeofwool.com\/wp-content\/uploads\/2025\/09\/FR-min-300x300.png\" alt=\"feuerfestes Symbol\" \/>\n                                <\/div>\n<div class=\"global-icon-set__title\">Schwer entflammbar<\/div>\n<\/p><\/div>\n<div class=\"global-icon-set__item\">\n<div class=\"global-icon-set__image\">\n                                    <img decoding=\"async\" src=\"https:\/\/homeofwool.com\/wp-content\/uploads\/2025\/09\/Hypoallergenic-min-300x300.png\" alt=\"hypoallergenes Symbol\" \/>\n                                <\/div>\n<div class=\"global-icon-set__title\">Hypoallergen<\/div>\n<\/p><\/div>\n<div class=\"global-icon-set__item\">\n<div class=\"global-icon-set__image\">\n                                    <img decoding=\"async\" src=\"https:\/\/homeofwool.com\/wp-content\/uploads\/2025\/09\/free-of-synthetics-icon-300x300.png\" alt=\"frei von synthetischen Stoffen Symbol\" \/>\n                                <\/div>\n<div class=\"global-icon-set__title\">Frei von synthetischen Stoffen<\/div>\n<\/p><\/div>\n<div class=\"global-icon-set__item\">\n<div class=\"global-icon-set__image\">\n                                    <img decoding=\"async\" src=\"https:\/\/homeofwool.com\/wp-content\/uploads\/2025\/09\/chemical-free-icon-300x300.png\" alt=\"Symbol f\u00fcr Chemikalienfreiheit\" \/>\n                                <\/div>\n<div class=\"global-icon-set__title\">Chemikalienfrei<\/div>\n<\/p><\/div>\n<div class=\"global-icon-set__item\">\n<div class=\"global-icon-set__image\">\n                                    <img decoding=\"async\" src=\"https:\/\/homeofwool.com\/wp-content\/uploads\/2025\/09\/anti-bacterial-icon-300x300.png\" alt=\"antibakterielles Symbol\" \/>\n                                <\/div>\n<div class=\"global-icon-set__title\">Anti-mikrobiell &amp; Anti-bakteriell<\/div>\n<\/p><\/div>\n<div class=\"global-icon-set__item\">\n<div class=\"global-icon-set__image\">\n                                    <img decoding=\"async\" src=\"https:\/\/homeofwool.com\/wp-content\/uploads\/2025\/09\/certified-materials-icon-300x300.png\" alt=\"Symbol f\u00fcr zertifizierte Materialien\" \/>\n                                <\/div>\n<div class=\"global-icon-set__title\">100% Reine zertifizierte Materialien<\/div>\n<\/p><\/div>\n<\/p><\/div>\n<\/p><\/div>","protected":false},"featured_media":224586,"template":"","meta":{"_acf_changed":false},"product_brand":[],"product_cat":[20],"product_tag":[211,168,212,213,214,215,216,631,632,217,218,219,220,221,633,634,635,149],"class_list":{"0":"post-217653","1":"product","2":"type-product","3":"status-publish","4":"has-post-thumbnail","6":"product_cat-pillows-poufs","7":"product_tag-box-cushion","8":"product_tag-breakfast-nook","9":"product_tag-custom-pouf","10":"product_tag-floor-pillow","11":"product_tag-foot-stool","12":"product_tag-handmade-cushion","13":"product_tag-living-room-stool","14":"product_tag-morrocan-pouf","15":"product_tag-ottoman","16":"product_tag-ottoman-chair","17":"product_tag-ottoman-pouf","18":"product_tag-ottoman-seat","19":"product_tag-patio-chair-cushions","20":"product_tag-pouf-ottoman","21":"product_tag-rectangular-seat-cushion","22":"product_tag-square-cushion-ottoman","23":"product_tag-square-pouf","24":"product_tag-steps","26":"first","27":"instock","28":"shipping-taxable","29":"purchasable","30":"product-type-simple"},"acf":[],"yoast_head":"<!-- This site is optimized with the Yoast SEO Premium plugin v27.4 (Yoast SEO v27.4) - https:\/\/yoast.com\/product\/yoast-seo-premium-wordpress\/ -->\n<title>Square Ottoman \u2013 Stylish, Versatile &amp; Decorative | Home of Wool<\/title>\n<meta name=\"description\" content=\"The Square Ottoman features breathable wool filling for stylish comfort. Hypoallergenic and toxin-free, it provides sustainable, versatile seating with timeless natural design.\" \/>\n<meta name=\"robots\" content=\"index, follow, max-snippet:-1, max-image-preview:large, max-video-preview:-1\" \/>\n<link rel=\"canonical\" href=\"https:\/\/homeofwool.com\/de\/shop\/ottomane-wurfel\/\" \/>\n<meta property=\"og:locale\" content=\"de_DE\" \/>\n<meta property=\"og:type\" content=\"article\" \/>\n<meta property=\"og:title\" content=\"Wool Square Ottoman\" \/>\n<meta property=\"og:description\" content=\"The Square Ottoman features breathable wool filling for stylish comfort. Hypoallergenic and toxin-free, it provides sustainable, versatile seating with timeless natural design.\" \/>\n<meta property=\"og:url\" content=\"https:\/\/homeofwool.com\/de\/shop\/ottomane-wurfel\/\" \/>\n<meta property=\"og:site_name\" content=\"Home of Wool\" \/>\n<meta property=\"article:publisher\" content=\"https:\/\/facebook.com\/HomeOfWoolOfficial\" \/>\n<meta property=\"article:modified_time\" content=\"2026-02-10T17:24:28+00:00\" \/>\n<meta property=\"og:image\" content=\"https:\/\/homeofwool.com\/wp-content\/uploads\/2025\/09\/home-of-wool-square-ottoman-main.jpg\" \/>\n\t<meta property=\"og:image:width\" content=\"1900\" \/>\n\t<meta property=\"og:image:height\" content=\"1520\" \/>\n\t<meta property=\"og:image:type\" content=\"image\/jpeg\" \/>\n<meta name=\"twitter:card\" content=\"summary_large_image\" \/>\n<meta name=\"twitter:label1\" content=\"Gesch\u00e4tzte Lesezeit\" \/>\n\t<meta name=\"twitter:data1\" content=\"1\u00a0Minute\" \/>\n<script type=\"application\/ld+json\" class=\"yoast-schema-graph\">{\"@context\":\"https:\\\/\\\/schema.org\",\"@graph\":[{\"@type\":\"WebPage\",\"@id\":\"https:\\\/\\\/homeofwool.com\\\/shop\\\/ottoman-cube\\\/\",\"url\":\"https:\\\/\\\/homeofwool.com\\\/shop\\\/ottoman-cube\\\/\",\"name\":\"Square Ottoman \u2013 Stylish, Versatile & Decorative | Home of Wool\",\"isPartOf\":{\"@id\":\"https:\\\/\\\/homeofwool.com\\\/#website\"},\"primaryImageOfPage\":{\"@id\":\"https:\\\/\\\/homeofwool.com\\\/shop\\\/ottoman-cube\\\/#primaryimage\"},\"image\":{\"@id\":\"https:\\\/\\\/homeofwool.com\\\/shop\\\/ottoman-cube\\\/#primaryimage\"},\"thumbnailUrl\":\"https:\\\/\\\/homeofwool.com\\\/wp-content\\\/uploads\\\/2025\\\/09\\\/home-of-wool-square-ottoman-main.jpg\",\"datePublished\":\"2025-09-02T12:02:05+00:00\",\"dateModified\":\"2026-02-10T17:24:28+00:00\",\"description\":\"The Square Ottoman features breathable wool filling for stylish comfort. Hypoallergenic and toxin-free, it provides sustainable, versatile seating with timeless natural design.\",\"breadcrumb\":{\"@id\":\"https:\\\/\\\/homeofwool.com\\\/shop\\\/ottoman-cube\\\/#breadcrumb\"},\"inLanguage\":\"de\",\"potentialAction\":[{\"@type\":\"ReadAction\",\"target\":[\"https:\\\/\\\/homeofwool.com\\\/shop\\\/ottoman-cube\\\/\"]}]},{\"@type\":\"ImageObject\",\"inLanguage\":\"de\",\"@id\":\"https:\\\/\\\/homeofwool.com\\\/shop\\\/ottoman-cube\\\/#primaryimage\",\"url\":\"https:\\\/\\\/homeofwool.com\\\/wp-content\\\/uploads\\\/2025\\\/09\\\/home-of-wool-square-ottoman-main.jpg\",\"contentUrl\":\"https:\\\/\\\/homeofwool.com\\\/wp-content\\\/uploads\\\/2025\\\/09\\\/home-of-wool-square-ottoman-main.jpg\",\"width\":1900,\"height\":1520,\"caption\":\"home of wool square ottoman\"},{\"@type\":\"BreadcrumbList\",\"@id\":\"https:\\\/\\\/homeofwool.com\\\/shop\\\/ottoman-cube\\\/#breadcrumb\",\"itemListElement\":[{\"@type\":\"ListItem\",\"position\":1,\"name\":\"Home\",\"item\":\"https:\\\/\\\/homeofwool.com\\\/\"},{\"@type\":\"ListItem\",\"position\":2,\"name\":\"Products\",\"item\":\"https:\\\/\\\/homeofwool.com\\\/header-search-2\\\/\"},{\"@type\":\"ListItem\",\"position\":3,\"name\":\"Wool Square Ottoman\"}]},{\"@type\":\"WebSite\",\"@id\":\"https:\\\/\\\/homeofwool.com\\\/#website\",\"url\":\"https:\\\/\\\/homeofwool.com\\\/\",\"name\":\"Home of Wool\",\"description\":\"\",\"publisher\":{\"@id\":\"https:\\\/\\\/homeofwool.com\\\/#organization\"},\"potentialAction\":[{\"@type\":\"SearchAction\",\"target\":{\"@type\":\"EntryPoint\",\"urlTemplate\":\"https:\\\/\\\/homeofwool.com\\\/?s={search_term_string}\"},\"query-input\":{\"@type\":\"PropertyValueSpecification\",\"valueRequired\":true,\"valueName\":\"search_term_string\"}}],\"inLanguage\":\"de\"},{\"@type\":\"Organization\",\"@id\":\"https:\\\/\\\/homeofwool.com\\\/#organization\",\"name\":\"Home of Wool\",\"url\":\"https:\\\/\\\/homeofwool.com\\\/\",\"logo\":{\"@type\":\"ImageObject\",\"inLanguage\":\"de\",\"@id\":\"https:\\\/\\\/homeofwool.com\\\/#\\\/schema\\\/logo\\\/image\\\/\",\"url\":\"https:\\\/\\\/homeofwool.com\\\/wp-content\\\/uploads\\\/2025\\\/09\\\/WhatsApp-Image-2025-12-02-at-16.23.20.jpeg\",\"contentUrl\":\"https:\\\/\\\/homeofwool.com\\\/wp-content\\\/uploads\\\/2025\\\/09\\\/WhatsApp-Image-2025-12-02-at-16.23.20.jpeg\",\"width\":700,\"height\":247,\"caption\":\"Home of Wool\"},\"image\":{\"@id\":\"https:\\\/\\\/homeofwool.com\\\/#\\\/schema\\\/logo\\\/image\\\/\"},\"sameAs\":[\"https:\\\/\\\/facebook.com\\\/HomeOfWoolOfficial\"]}]}<\/script>\n<!-- \/ Yoast SEO Premium plugin. -->","yoast_head_json":{"title":"Quadratischer Ottoman \u2013 stilvoll, vielseitig und dekorativ | Home of Wool","description":"Der Square Ottoman verf\u00fcgt \u00fcber eine atmungsaktive Wollf\u00fcllung f\u00fcr stilvollen Komfort. Er ist hypoallergen und frei von Giftstoffen und bietet eine nachhaltige, vielseitige Sitzgelegenheit mit zeitlosem, nat\u00fcrlichem Design.","robots":{"index":"index","follow":"follow","max-snippet":"max-snippet:-1","max-image-preview":"max-image-preview:large","max-video-preview":"max-video-preview:-1"},"canonical":"https:\/\/homeofwool.com\/de\/shop\/ottomane-wurfel\/","og_locale":"de_DE","og_type":"article","og_title":"Wool Square Ottoman","og_description":"The Square Ottoman features breathable wool filling for stylish comfort. Hypoallergenic and toxin-free, it provides sustainable, versatile seating with timeless natural design.","og_url":"https:\/\/homeofwool.com\/de\/shop\/ottomane-wurfel\/","og_site_name":"Home of Wool","article_publisher":"https:\/\/facebook.com\/HomeOfWoolOfficial","article_modified_time":"2026-02-10T17:24:28+00:00","og_image":[{"width":1900,"height":1520,"url":"https:\/\/homeofwool.com\/wp-content\/uploads\/2025\/09\/home-of-wool-square-ottoman-main.jpg","type":"image\/jpeg"}],"twitter_card":"summary_large_image","twitter_misc":{"Gesch\u00e4tzte Lesezeit":"1\u00a0Minute"},"schema":{"@context":"https:\/\/schema.org","@graph":[{"@type":"WebPage","@id":"https:\/\/homeofwool.com\/shop\/ottoman-cube\/","url":"https:\/\/homeofwool.com\/shop\/ottoman-cube\/","name":"Quadratischer Ottoman \u2013 stilvoll, vielseitig und dekorativ | Home of Wool","isPartOf":{"@id":"https:\/\/homeofwool.com\/#website"},"primaryImageOfPage":{"@id":"https:\/\/homeofwool.com\/shop\/ottoman-cube\/#primaryimage"},"image":{"@id":"https:\/\/homeofwool.com\/shop\/ottoman-cube\/#primaryimage"},"thumbnailUrl":"https:\/\/homeofwool.com\/wp-content\/uploads\/2025\/09\/home-of-wool-square-ottoman-main.jpg","datePublished":"2025-09-02T12:02:05+00:00","dateModified":"2026-02-10T17:24:28+00:00","description":"Der Square Ottoman verf\u00fcgt \u00fcber eine atmungsaktive Wollf\u00fcllung f\u00fcr stilvollen Komfort. Er ist hypoallergen und frei von Giftstoffen und bietet eine nachhaltige, vielseitige Sitzgelegenheit mit zeitlosem, nat\u00fcrlichem Design.","breadcrumb":{"@id":"https:\/\/homeofwool.com\/shop\/ottoman-cube\/#breadcrumb"},"inLanguage":"de","potentialAction":[{"@type":"ReadAction","target":["https:\/\/homeofwool.com\/shop\/ottoman-cube\/"]}]},{"@type":"ImageObject","inLanguage":"de","@id":"https:\/\/homeofwool.com\/shop\/ottoman-cube\/#primaryimage","url":"https:\/\/homeofwool.com\/wp-content\/uploads\/2025\/09\/home-of-wool-square-ottoman-main.jpg","contentUrl":"https:\/\/homeofwool.com\/wp-content\/uploads\/2025\/09\/home-of-wool-square-ottoman-main.jpg","width":1900,"height":1520,"caption":"home of wool square ottoman"},{"@type":"BreadcrumbList","@id":"https:\/\/homeofwool.com\/shop\/ottoman-cube\/#breadcrumb","itemListElement":[{"@type":"ListItem","position":1,"name":"Home","item":"https:\/\/homeofwool.com\/"},{"@type":"ListItem","position":2,"name":"Products","item":"https:\/\/homeofwool.com\/header-search-2\/"},{"@type":"ListItem","position":3,"name":"Wool Square Ottoman"}]},{"@type":"WebSite","@id":"https:\/\/homeofwool.com\/#website","url":"https:\/\/homeofwool.com\/","name":"Heimat der Wolle","description":"","publisher":{"@id":"https:\/\/homeofwool.com\/#organization"},"potentialAction":[{"@type":"SearchAction","target":{"@type":"EntryPoint","urlTemplate":"https:\/\/homeofwool.com\/?s={search_term_string}"},"query-input":{"@type":"PropertyValueSpecification","valueRequired":true,"valueName":"search_term_string"}}],"inLanguage":"de"},{"@type":"Organization","@id":"https:\/\/homeofwool.com\/#organization","name":"Heimat der Wolle","url":"https:\/\/homeofwool.com\/","logo":{"@type":"ImageObject","inLanguage":"de","@id":"https:\/\/homeofwool.com\/#\/schema\/logo\/image\/","url":"https:\/\/homeofwool.com\/wp-content\/uploads\/2025\/09\/WhatsApp-Image-2025-12-02-at-16.23.20.jpeg","contentUrl":"https:\/\/homeofwool.com\/wp-content\/uploads\/2025\/09\/WhatsApp-Image-2025-12-02-at-16.23.20.jpeg","width":700,"height":247,"caption":"Home of Wool"},"image":{"@id":"https:\/\/homeofwool.com\/#\/schema\/logo\/image\/"},"sameAs":["https:\/\/facebook.com\/HomeOfWoolOfficial"]}]}},"_links":{"self":[{"href":"https:\/\/homeofwool.com\/de\/wp-json\/wp\/v2\/product\/217653","targetHints":{"allow":["GET"]}}],"collection":[{"href":"https:\/\/homeofwool.com\/de\/wp-json\/wp\/v2\/product"}],"about":[{"href":"https:\/\/homeofwool.com\/de\/wp-json\/wp\/v2\/types\/product"}],"version-history":[{"count":2,"href":"https:\/\/homeofwool.com\/de\/wp-json\/wp\/v2\/product\/217653\/revisions"}],"predecessor-version":[{"id":226696,"href":"https:\/\/homeofwool.com\/de\/wp-json\/wp\/v2\/product\/217653\/revisions\/226696"}],"wp:featuredmedia":[{"embeddable":true,"href":"https:\/\/homeofwool.com\/de\/wp-json\/wp\/v2\/media\/224586"}],"wp:attachment":[{"href":"https:\/\/homeofwool.com\/de\/wp-json\/wp\/v2\/media?parent=217653"}],"wp:term":[{"taxonomy":"product_brand","embeddable":true,"href":"https:\/\/homeofwool.com\/de\/wp-json\/wp\/v2\/product_brand?post=217653"},{"taxonomy":"product_cat","embeddable":true,"href":"https:\/\/homeofwool.com\/de\/wp-json\/wp\/v2\/product_cat?post=217653"},{"taxonomy":"product_tag","embeddable":true,"href":"https:\/\/homeofwool.com\/de\/wp-json\/wp\/v2\/product_tag?post=217653"}],"curies":[{"name":"wp","href":"https:\/\/api.w.org\/{rel}","templated":true}]}}