{"id":217651,"date":"2025-09-02T12:01:59","date_gmt":"2025-09-02T12:01:59","guid":{"rendered":"https:\/\/homeofwool.com\/?post_type=product&#038;p=217651"},"modified":"2026-02-11T10:47:49","modified_gmt":"2026-02-11T10:47:49","slug":"bodenmatte","status":"publish","type":"product","link":"https:\/\/homeofwool.com\/de\/shop\/floor-sleeping-mat\/","title":{"rendered":"Bodenschlafmatte aus Wolle"},"content":{"rendered":"<p>Unsere handgefertigte Bodenschlafmatte aus Wolle ist f\u00fcr all diejenigen gedacht, die sich n\u00e4her an der Natur ausruhen und gleichzeitig alle Vorteile der Wolle genie\u00dfen m\u00f6chten. Wolle h\u00e4lt Sie in warmen N\u00e4chten k\u00fchl und warm, wenn die Luft k\u00fchl wird. Sie hilft Ihnen auch, trocken und komfortabel zu bleiben. Wolle macht es Hausstaubmilben und Schimmelpilzen schwer, zu gedeihen. Keine Hausstaubmilben bedeuten keine Allergieausl\u00f6ser und leichtes Atmen. Ohne synthetische Stoffe, ohne zugesetzte Flammschutzmittel und ohne fl\u00fcchtige organische Verbindungen (VOC) k\u00f6nnen Sie unbesorgt schlafen und sich ausruhen.<\/p>\n<p>Die Einlage aus Wollwatte ist handgetuftet, damit die F\u00fcllung an ihrem Platz bleibt. Sie f\u00fchlt sich fest an, bietet aber dennoch eine optimale Polsterung f\u00fcr einen erholsamen Schlaf. Der Bezug ist abnehmbar und kann in der Maschine gewaschen werden. Der Rei\u00dfverschluss ist stark genug f\u00fcr den t\u00e4glichen Gebrauch.<\/p>\n<p>Sie k\u00f6nnen die Gr\u00f6\u00dfe individuell anpassen und verschiedene Stoffe f\u00fcr die Ober- und Unterseite w\u00e4hlen. Die Matte ist leicht zu transportieren und wird mit einer Tasche und einem kleinen Flickzeug f\u00fcr den Fall der F\u00e4lle geliefert. So kannst du sie auf Reisen mitnehmen, f\u00fcr G\u00e4ste verwenden oder ausrollen, wann immer du einen erdenden Schlaf erleben m\u00f6chtest.<\/p>","protected":false},"excerpt":{"rendered":"<p>Entdecken Sie eine nat\u00fcrliche Art, Ihren Schlaf zu verbessern - mit unserer handgefertigten Bodenschlafmatte aus Wolle. Durchdacht gefertigt und vollst\u00e4ndig anpassbar, bietet sie die sanfte Unterst\u00fctzung und den Temperaturausgleich, den Ihr K\u00f6rper f\u00fcr einen erholsamen Schlaf braucht. Ein einfaches und nat\u00fcrliches Schlaf-Accessoire, das Wellness in Ihren Alltag bringt.<\/p>\n<div class=\"global-icon-set\">\n<div class=\"global-icon-set__items\">\n<div class=\"global-icon-set__item\">\n<div class=\"global-icon-set__image\">\n                                    <img decoding=\"async\" src=\"https:\/\/homeofwool.com\/wp-content\/uploads\/2025\/09\/handmade-icon-300x300.png\" alt=\"handgefertigte Ikone\" \/>\n                                <\/div>\n<div class=\"global-icon-set__title\">Handgefertigt<\/div>\n<\/p><\/div>\n<div class=\"global-icon-set__item\">\n<div class=\"global-icon-set__image\">\n                                    <img decoding=\"async\" src=\"https:\/\/homeofwool.com\/wp-content\/uploads\/2025\/09\/VOCs-min-300x300.png\" alt=\"vocs frei\" \/>\n                                <\/div>\n<div class=\"global-icon-set__title\">VOC-frei<\/div>\n<\/p><\/div>\n<div class=\"global-icon-set__item\">\n<div class=\"global-icon-set__image\">\n                                    <img decoding=\"async\" src=\"https:\/\/homeofwool.com\/wp-content\/uploads\/2025\/09\/FR-min-300x300.png\" alt=\"feuerfestes Symbol\" \/>\n                                <\/div>\n<div class=\"global-icon-set__title\">Schwer entflammbar<\/div>\n<\/p><\/div>\n<div class=\"global-icon-set__item\">\n<div class=\"global-icon-set__image\">\n                                    <img decoding=\"async\" src=\"https:\/\/homeofwool.com\/wp-content\/uploads\/2025\/09\/Hypoallergenic-min-300x300.png\" alt=\"hypoallergenes Symbol\" \/>\n                                <\/div>\n<div class=\"global-icon-set__title\">Hypoallergen<\/div>\n<\/p><\/div>\n<div class=\"global-icon-set__item\">\n<div class=\"global-icon-set__image\">\n                                    <img decoding=\"async\" src=\"https:\/\/homeofwool.com\/wp-content\/uploads\/2025\/09\/free-of-synthetics-icon-300x300.png\" alt=\"frei von synthetischen Stoffen Symbol\" \/>\n                                <\/div>\n<div class=\"global-icon-set__title\">Frei von synthetischen Stoffen<\/div>\n<\/p><\/div>\n<div class=\"global-icon-set__item\">\n<div class=\"global-icon-set__image\">\n                                    <img decoding=\"async\" src=\"https:\/\/homeofwool.com\/wp-content\/uploads\/2025\/09\/chemical-free-icon-300x300.png\" alt=\"Symbol f\u00fcr Chemikalienfreiheit\" \/>\n                                <\/div>\n<div class=\"global-icon-set__title\">Chemikalienfrei<\/div>\n<\/p><\/div>\n<div class=\"global-icon-set__item\">\n<div class=\"global-icon-set__image\">\n                                    <img decoding=\"async\" src=\"https:\/\/homeofwool.com\/wp-content\/uploads\/2025\/09\/anti-bacterial-icon-300x300.png\" alt=\"antibakterielles Symbol\" \/>\n                                <\/div>\n<div class=\"global-icon-set__title\">Anti-mikrobiell &amp; Anti-bakteriell<\/div>\n<\/p><\/div>\n<div class=\"global-icon-set__item\">\n<div class=\"global-icon-set__image\">\n                                    <img decoding=\"async\" src=\"https:\/\/homeofwool.com\/wp-content\/uploads\/2025\/09\/certified-materials-icon-300x300.png\" alt=\"Symbol f\u00fcr zertifizierte Materialien\" \/>\n                                <\/div>\n<div class=\"global-icon-set__title\">100% Reine zertifizierte Materialien<\/div>\n<\/p><\/div>\n<\/p><\/div>\n<\/p><\/div>","protected":false},"featured_media":228179,"template":"","meta":{"_acf_changed":false},"product_brand":[],"product_cat":[557,282,252],"product_tag":[622,623,624,625,626,627,628,629,149,630],"class_list":{"0":"post-217651","1":"product","2":"type-product","3":"status-publish","4":"has-post-thumbnail","6":"product_cat-new","7":"product_cat-overlanding-camping","8":"product_cat-mattresses","9":"product_tag-5am-club","10":"product_tag-camping-floor-pad","11":"product_tag-floor-pad-for-sleeping","12":"product_tag-japanese-floor-sleeping-mat","13":"product_tag-korean-floor-sleeping-mat","14":"product_tag-paleo","15":"product_tag-robin-sharma","16":"product_tag-roll-up-bed-mat","17":"product_tag-steps","18":"product_tag-tatami-sleeping-mat","20":"first","21":"instock","22":"shipping-taxable","23":"purchasable","24":"product-type-simple"},"acf":[],"yoast_head":"<!-- This site is optimized with the Yoast SEO Premium plugin v27.4 (Yoast SEO v27.4) - https:\/\/yoast.com\/product\/yoast-seo-premium-wordpress\/ -->\n<title>Wool Floor Sleeping Mat | Sleep Soundly with Natural Support<\/title>\n<meta name=\"description\" content=\"Breathable and toxin-free, the Wool Floor Sleeping Mat delivers natural comfort with supportive wool filling. Hypoallergenic and eco-friendly, it ensures restful and restorative sleep.\" \/>\n<meta name=\"robots\" content=\"index, follow, max-snippet:-1, max-image-preview:large, max-video-preview:-1\" \/>\n<link rel=\"canonical\" href=\"https:\/\/homeofwool.com\/de\/shop\/bodenmatte\/\" \/>\n<meta property=\"og:locale\" content=\"de_DE\" \/>\n<meta property=\"og:type\" content=\"article\" \/>\n<meta property=\"og:title\" content=\"Wool floor sleeping mat\" \/>\n<meta property=\"og:description\" content=\"Breathable and toxin-free, the Wool Floor Sleeping Mat delivers natural comfort with supportive wool filling. Hypoallergenic and eco-friendly, it ensures restful and restorative sleep.\" \/>\n<meta property=\"og:url\" content=\"https:\/\/homeofwool.com\/de\/shop\/bodenmatte\/\" \/>\n<meta property=\"og:site_name\" content=\"Home of Wool\" \/>\n<meta property=\"article:publisher\" content=\"https:\/\/facebook.com\/HomeOfWoolOfficial\" \/>\n<meta property=\"article:modified_time\" content=\"2026-02-11T10:47:49+00:00\" \/>\n<meta property=\"og:image\" content=\"https:\/\/homeofwool.com\/wp-content\/uploads\/2025\/09\/home-of-wool-wool-floor-sleeping-mat-1-mainn.jpg\" \/>\n\t<meta property=\"og:image:width\" content=\"1920\" \/>\n\t<meta property=\"og:image:height\" content=\"1536\" \/>\n\t<meta property=\"og:image:type\" content=\"image\/jpeg\" \/>\n<meta name=\"twitter:card\" content=\"summary_large_image\" \/>\n<meta name=\"twitter:label1\" content=\"Gesch\u00e4tzte Lesezeit\" \/>\n\t<meta name=\"twitter:data1\" content=\"1\u00a0Minute\" \/>\n<script type=\"application\/ld+json\" class=\"yoast-schema-graph\">{\"@context\":\"https:\\\/\\\/schema.org\",\"@graph\":[{\"@type\":\"WebPage\",\"@id\":\"https:\\\/\\\/homeofwool.com\\\/shop\\\/floor-sleeping-mat\\\/\",\"url\":\"https:\\\/\\\/homeofwool.com\\\/shop\\\/floor-sleeping-mat\\\/\",\"name\":\"Wool Floor Sleeping Mat | Sleep Soundly with Natural Support\",\"isPartOf\":{\"@id\":\"https:\\\/\\\/homeofwool.com\\\/#website\"},\"primaryImageOfPage\":{\"@id\":\"https:\\\/\\\/homeofwool.com\\\/shop\\\/floor-sleeping-mat\\\/#primaryimage\"},\"image\":{\"@id\":\"https:\\\/\\\/homeofwool.com\\\/shop\\\/floor-sleeping-mat\\\/#primaryimage\"},\"thumbnailUrl\":\"https:\\\/\\\/homeofwool.com\\\/wp-content\\\/uploads\\\/2025\\\/09\\\/home-of-wool-wool-floor-sleeping-mat-1-mainn.jpg\",\"datePublished\":\"2025-09-02T12:01:59+00:00\",\"dateModified\":\"2026-02-11T10:47:49+00:00\",\"description\":\"Breathable and toxin-free, the Wool Floor Sleeping Mat delivers natural comfort with supportive wool filling. Hypoallergenic and eco-friendly, it ensures restful and restorative sleep.\",\"breadcrumb\":{\"@id\":\"https:\\\/\\\/homeofwool.com\\\/shop\\\/floor-sleeping-mat\\\/#breadcrumb\"},\"inLanguage\":\"de\",\"potentialAction\":[{\"@type\":\"ReadAction\",\"target\":[\"https:\\\/\\\/homeofwool.com\\\/shop\\\/floor-sleeping-mat\\\/\"]}]},{\"@type\":\"ImageObject\",\"inLanguage\":\"de\",\"@id\":\"https:\\\/\\\/homeofwool.com\\\/shop\\\/floor-sleeping-mat\\\/#primaryimage\",\"url\":\"https:\\\/\\\/homeofwool.com\\\/wp-content\\\/uploads\\\/2025\\\/09\\\/home-of-wool-wool-floor-sleeping-mat-1-mainn.jpg\",\"contentUrl\":\"https:\\\/\\\/homeofwool.com\\\/wp-content\\\/uploads\\\/2025\\\/09\\\/home-of-wool-wool-floor-sleeping-mat-1-mainn.jpg\",\"width\":1920,\"height\":1536,\"caption\":\"wool floor sleeping mat with person\"},{\"@type\":\"BreadcrumbList\",\"@id\":\"https:\\\/\\\/homeofwool.com\\\/shop\\\/floor-sleeping-mat\\\/#breadcrumb\",\"itemListElement\":[{\"@type\":\"ListItem\",\"position\":1,\"name\":\"Home\",\"item\":\"https:\\\/\\\/homeofwool.com\\\/\"},{\"@type\":\"ListItem\",\"position\":2,\"name\":\"Products\",\"item\":\"https:\\\/\\\/homeofwool.com\\\/header-search-2\\\/\"},{\"@type\":\"ListItem\",\"position\":3,\"name\":\"Wool floor sleeping mat\"}]},{\"@type\":\"WebSite\",\"@id\":\"https:\\\/\\\/homeofwool.com\\\/#website\",\"url\":\"https:\\\/\\\/homeofwool.com\\\/\",\"name\":\"Home of Wool\",\"description\":\"\",\"publisher\":{\"@id\":\"https:\\\/\\\/homeofwool.com\\\/#organization\"},\"potentialAction\":[{\"@type\":\"SearchAction\",\"target\":{\"@type\":\"EntryPoint\",\"urlTemplate\":\"https:\\\/\\\/homeofwool.com\\\/?s={search_term_string}\"},\"query-input\":{\"@type\":\"PropertyValueSpecification\",\"valueRequired\":true,\"valueName\":\"search_term_string\"}}],\"inLanguage\":\"de\"},{\"@type\":\"Organization\",\"@id\":\"https:\\\/\\\/homeofwool.com\\\/#organization\",\"name\":\"Home of Wool\",\"url\":\"https:\\\/\\\/homeofwool.com\\\/\",\"logo\":{\"@type\":\"ImageObject\",\"inLanguage\":\"de\",\"@id\":\"https:\\\/\\\/homeofwool.com\\\/#\\\/schema\\\/logo\\\/image\\\/\",\"url\":\"https:\\\/\\\/homeofwool.com\\\/wp-content\\\/uploads\\\/2025\\\/09\\\/WhatsApp-Image-2025-12-02-at-16.23.20.jpeg\",\"contentUrl\":\"https:\\\/\\\/homeofwool.com\\\/wp-content\\\/uploads\\\/2025\\\/09\\\/WhatsApp-Image-2025-12-02-at-16.23.20.jpeg\",\"width\":700,\"height\":247,\"caption\":\"Home of Wool\"},\"image\":{\"@id\":\"https:\\\/\\\/homeofwool.com\\\/#\\\/schema\\\/logo\\\/image\\\/\"},\"sameAs\":[\"https:\\\/\\\/facebook.com\\\/HomeOfWoolOfficial\"]}]}<\/script>\n<!-- \/ Yoast SEO Premium plugin. -->","yoast_head_json":{"title":"Wool Floor Sleeping Mat | Gesunder Schlaf mit nat\u00fcrlicher Unterst\u00fctzung","description":"Die atmungsaktive und schadstofffreie Wool Floor Schlafmatte bietet nat\u00fcrlichen Komfort mit einer st\u00fctzenden Wollf\u00fcllung. Sie ist hypoallergen und umweltfreundlich und sorgt f\u00fcr einen erholsamen und regenerierenden Schlaf.","robots":{"index":"index","follow":"follow","max-snippet":"max-snippet:-1","max-image-preview":"max-image-preview:large","max-video-preview":"max-video-preview:-1"},"canonical":"https:\/\/homeofwool.com\/de\/shop\/bodenmatte\/","og_locale":"de_DE","og_type":"article","og_title":"Wool floor sleeping mat","og_description":"Breathable and toxin-free, the Wool Floor Sleeping Mat delivers natural comfort with supportive wool filling. Hypoallergenic and eco-friendly, it ensures restful and restorative sleep.","og_url":"https:\/\/homeofwool.com\/de\/shop\/bodenmatte\/","og_site_name":"Home of Wool","article_publisher":"https:\/\/facebook.com\/HomeOfWoolOfficial","article_modified_time":"2026-02-11T10:47:49+00:00","og_image":[{"width":1920,"height":1536,"url":"https:\/\/homeofwool.com\/wp-content\/uploads\/2025\/09\/home-of-wool-wool-floor-sleeping-mat-1-mainn.jpg","type":"image\/jpeg"}],"twitter_card":"summary_large_image","twitter_misc":{"Gesch\u00e4tzte Lesezeit":"1\u00a0Minute"},"schema":{"@context":"https:\/\/schema.org","@graph":[{"@type":"WebPage","@id":"https:\/\/homeofwool.com\/shop\/floor-sleeping-mat\/","url":"https:\/\/homeofwool.com\/shop\/floor-sleeping-mat\/","name":"Wool Floor Sleeping Mat | Gesunder Schlaf mit nat\u00fcrlicher Unterst\u00fctzung","isPartOf":{"@id":"https:\/\/homeofwool.com\/#website"},"primaryImageOfPage":{"@id":"https:\/\/homeofwool.com\/shop\/floor-sleeping-mat\/#primaryimage"},"image":{"@id":"https:\/\/homeofwool.com\/shop\/floor-sleeping-mat\/#primaryimage"},"thumbnailUrl":"https:\/\/homeofwool.com\/wp-content\/uploads\/2025\/09\/home-of-wool-wool-floor-sleeping-mat-1-mainn.jpg","datePublished":"2025-09-02T12:01:59+00:00","dateModified":"2026-02-11T10:47:49+00:00","description":"Die atmungsaktive und schadstofffreie Wool Floor Schlafmatte bietet nat\u00fcrlichen Komfort mit einer st\u00fctzenden Wollf\u00fcllung. Sie ist hypoallergen und umweltfreundlich und sorgt f\u00fcr einen erholsamen und regenerierenden Schlaf.","breadcrumb":{"@id":"https:\/\/homeofwool.com\/shop\/floor-sleeping-mat\/#breadcrumb"},"inLanguage":"de","potentialAction":[{"@type":"ReadAction","target":["https:\/\/homeofwool.com\/shop\/floor-sleeping-mat\/"]}]},{"@type":"ImageObject","inLanguage":"de","@id":"https:\/\/homeofwool.com\/shop\/floor-sleeping-mat\/#primaryimage","url":"https:\/\/homeofwool.com\/wp-content\/uploads\/2025\/09\/home-of-wool-wool-floor-sleeping-mat-1-mainn.jpg","contentUrl":"https:\/\/homeofwool.com\/wp-content\/uploads\/2025\/09\/home-of-wool-wool-floor-sleeping-mat-1-mainn.jpg","width":1920,"height":1536,"caption":"wool floor sleeping mat with person"},{"@type":"BreadcrumbList","@id":"https:\/\/homeofwool.com\/shop\/floor-sleeping-mat\/#breadcrumb","itemListElement":[{"@type":"ListItem","position":1,"name":"Home","item":"https:\/\/homeofwool.com\/"},{"@type":"ListItem","position":2,"name":"Products","item":"https:\/\/homeofwool.com\/header-search-2\/"},{"@type":"ListItem","position":3,"name":"Wool floor sleeping mat"}]},{"@type":"WebSite","@id":"https:\/\/homeofwool.com\/#website","url":"https:\/\/homeofwool.com\/","name":"Heimat der Wolle","description":"","publisher":{"@id":"https:\/\/homeofwool.com\/#organization"},"potentialAction":[{"@type":"SearchAction","target":{"@type":"EntryPoint","urlTemplate":"https:\/\/homeofwool.com\/?s={search_term_string}"},"query-input":{"@type":"PropertyValueSpecification","valueRequired":true,"valueName":"search_term_string"}}],"inLanguage":"de"},{"@type":"Organization","@id":"https:\/\/homeofwool.com\/#organization","name":"Heimat der Wolle","url":"https:\/\/homeofwool.com\/","logo":{"@type":"ImageObject","inLanguage":"de","@id":"https:\/\/homeofwool.com\/#\/schema\/logo\/image\/","url":"https:\/\/homeofwool.com\/wp-content\/uploads\/2025\/09\/WhatsApp-Image-2025-12-02-at-16.23.20.jpeg","contentUrl":"https:\/\/homeofwool.com\/wp-content\/uploads\/2025\/09\/WhatsApp-Image-2025-12-02-at-16.23.20.jpeg","width":700,"height":247,"caption":"Home of Wool"},"image":{"@id":"https:\/\/homeofwool.com\/#\/schema\/logo\/image\/"},"sameAs":["https:\/\/facebook.com\/HomeOfWoolOfficial"]}]}},"_links":{"self":[{"href":"https:\/\/homeofwool.com\/de\/wp-json\/wp\/v2\/product\/217651","targetHints":{"allow":["GET"]}}],"collection":[{"href":"https:\/\/homeofwool.com\/de\/wp-json\/wp\/v2\/product"}],"about":[{"href":"https:\/\/homeofwool.com\/de\/wp-json\/wp\/v2\/types\/product"}],"version-history":[{"count":2,"href":"https:\/\/homeofwool.com\/de\/wp-json\/wp\/v2\/product\/217651\/revisions"}],"predecessor-version":[{"id":226395,"href":"https:\/\/homeofwool.com\/de\/wp-json\/wp\/v2\/product\/217651\/revisions\/226395"}],"wp:featuredmedia":[{"embeddable":true,"href":"https:\/\/homeofwool.com\/de\/wp-json\/wp\/v2\/media\/228179"}],"wp:attachment":[{"href":"https:\/\/homeofwool.com\/de\/wp-json\/wp\/v2\/media?parent=217651"}],"wp:term":[{"taxonomy":"product_brand","embeddable":true,"href":"https:\/\/homeofwool.com\/de\/wp-json\/wp\/v2\/product_brand?post=217651"},{"taxonomy":"product_cat","embeddable":true,"href":"https:\/\/homeofwool.com\/de\/wp-json\/wp\/v2\/product_cat?post=217651"},{"taxonomy":"product_tag","embeddable":true,"href":"https:\/\/homeofwool.com\/de\/wp-json\/wp\/v2\/product_tag?post=217651"}],"curies":[{"name":"wp","href":"https:\/\/api.w.org\/{rel}","templated":true}]}}