{"id":217648,"date":"2025-09-02T12:01:59","date_gmt":"2025-09-02T12:01:59","guid":{"rendered":"https:\/\/homeofwool.com\/?post_type=product&#038;p=217648"},"modified":"2026-01-26T14:41:10","modified_gmt":"2026-01-26T14:41:10","slug":"topper-muster","status":"publish","type":"product","link":"https:\/\/homeofwool.com\/de\/shop\/topper-sample\/","title":{"rendered":"Matratzenauflage aus Wolle mit Gratis-Matratzenschoner-Muster"},"content":{"rendered":"<p>Die Wahl des richtigen Topper ist eine pers\u00f6nliche Entscheidung. Deshalb bieten wir Ihnen ein Matratzen-Topper-Muster an, mit dem Sie die Qualit\u00e4t testen k\u00f6nnen, bevor Sie sich entscheiden. Dieses Matratzen-Topper-Muster ist genauso wie die Vollversion gefertigt, sodass Sie die Wollf\u00fcllung, die N\u00e4hte und die Verarbeitung mit Ihren H\u00e4nden f\u00fchlen k\u00f6nnen. Sie k\u00f6nnen die Seiten \u00f6ffnen, um die F\u00fcllung zu erkunden und zu sp\u00fcren, wie sich die Wolle anpasst und Sie st\u00fctzt, ohne W\u00e4rme zu speichern. Der Leinenfaden h\u00e4lt die Wolle ordentlich an ihrem Platz, sodass Sie sehen k\u00f6nnen, wie wir Matratzenauflagen herstellen, damit sie gleichm\u00e4\u00dfig und st\u00fctzend bleiben.<\/p>\n<p>Mit dem mitgelieferten Matratzenschoner-Muster k\u00f6nnen Sie auch die atmungsaktive, chemikalienfreie Schicht testen, die Ihre Matratzenauflage sch\u00fctzt und gleichzeitig f\u00fcr ein frisches Schlafklima sorgt. Das ist eine durchdachte M\u00f6glichkeit, das Produkt vor dem Kauf zu testen, insbesondere wenn Sie empfindlich oder allergisch sind oder einfach Wert darauf legen, genau zu wissen, was mit Ihrer Haut in Ber\u00fchrung kommt.<\/p>\n<p>Wenn Sie Ihren ersten Topper bestellen, erstatten wir Ihnen die Kosten f\u00fcr ein Muster.<\/p>\n<p>GR\u00d6SSE: 40 x 40 cm<\/p>","protected":false},"excerpt":{"rendered":"<p>Probieren Sie das Gef\u00fchl unserer nat\u00fcrlichen Matratzenauflagen mit diesem Matratzenauflagen-Muster aus. Dank seiner praktischen Gr\u00f6\u00dfe k\u00f6nnen Sie vor dem Kauf die Materialien, die Verstellbarkeit und den Komfort testen. Jedes Set enth\u00e4lt au\u00dferdem ein kostenloses Muster eines Matratzenschoners.<\/p>\n<div class=\"global-icon-set\">\n<div class=\"global-icon-set__items\">\n<div class=\"global-icon-set__item\">\n<div class=\"global-icon-set__image\">\n                                    <img decoding=\"async\" src=\"https:\/\/homeofwool.com\/wp-content\/uploads\/2025\/09\/handmade-icon-300x300.png\" alt=\"handgefertigte Ikone\" \/>\n                                <\/div>\n<div class=\"global-icon-set__title\">Handgefertigt<\/div>\n<\/p><\/div>\n<div class=\"global-icon-set__item\">\n<div class=\"global-icon-set__image\">\n                                    <img decoding=\"async\" src=\"https:\/\/homeofwool.com\/wp-content\/uploads\/2025\/09\/Isolates-Motion-Transfer-min-300x300.png\" alt=\"isoliert die Bewegungs\u00fcbertragung\" \/>\n                                <\/div>\n<div class=\"global-icon-set__title\">Isoliert die Bewegungs\u00fcbertragung<\/div>\n<\/p><\/div>\n<div class=\"global-icon-set__item\">\n<div class=\"global-icon-set__image\">\n                                    <img decoding=\"async\" src=\"https:\/\/homeofwool.com\/wp-content\/uploads\/2025\/09\/Exceptionally-Supportive-min-300x300.png\" alt=\"besonders unterst\u00fctzendes Symbol\" \/>\n                                <\/div>\n<div class=\"global-icon-set__title\">Au\u00dfergew\u00f6hnlich unterst\u00fctzend<\/div>\n<\/p><\/div>\n<div class=\"global-icon-set__item\">\n<div class=\"global-icon-set__image\">\n                                    <img decoding=\"async\" src=\"https:\/\/homeofwool.com\/wp-content\/uploads\/2025\/09\/VOCs-min-300x300.png\" alt=\"vocs frei\" \/>\n                                <\/div>\n<div class=\"global-icon-set__title\">VOC-frei<\/div>\n<\/p><\/div>\n<div class=\"global-icon-set__item\">\n<div class=\"global-icon-set__image\">\n                                    <img decoding=\"async\" src=\"https:\/\/homeofwool.com\/wp-content\/uploads\/2025\/09\/FR-min-300x300.png\" alt=\"feuerfestes Symbol\" \/>\n                                <\/div>\n<div class=\"global-icon-set__title\">Schwer entflammbar<\/div>\n<\/p><\/div>\n<div class=\"global-icon-set__item\">\n<div class=\"global-icon-set__image\">\n                                    <img decoding=\"async\" src=\"https:\/\/homeofwool.com\/wp-content\/uploads\/2025\/09\/Hypoallergenic-min-300x300.png\" alt=\"hypoallergenes Symbol\" \/>\n                                <\/div>\n<div class=\"global-icon-set__title\">Hypoallergen<\/div>\n<\/p><\/div>\n<div class=\"global-icon-set__item\">\n<div class=\"global-icon-set__image\">\n                                    <img decoding=\"async\" src=\"https:\/\/homeofwool.com\/wp-content\/uploads\/2025\/09\/free-of-synthetics-icon-300x300.png\" alt=\"frei von synthetischen Stoffen Symbol\" \/>\n                                <\/div>\n<div class=\"global-icon-set__title\">Frei von synthetischen Stoffen<\/div>\n<\/p><\/div>\n<div class=\"global-icon-set__item\">\n<div class=\"global-icon-set__image\">\n                                    <img decoding=\"async\" src=\"https:\/\/homeofwool.com\/wp-content\/uploads\/2025\/09\/chemical-free-icon-300x300.png\" alt=\"Symbol f\u00fcr Chemikalienfreiheit\" \/>\n                                <\/div>\n<div class=\"global-icon-set__title\">Chemikalienfrei<\/div>\n<\/p><\/div>\n<div class=\"global-icon-set__item\">\n<div class=\"global-icon-set__image\">\n                                    <img decoding=\"async\" src=\"https:\/\/homeofwool.com\/wp-content\/uploads\/2025\/09\/anti-bacterial-icon-300x300.png\" alt=\"antibakterielles Symbol\" \/>\n                                <\/div>\n<div class=\"global-icon-set__title\">Anti-mikrobiell &amp; Anti-bakteriell<\/div>\n<\/p><\/div>\n<div class=\"global-icon-set__item\">\n<div class=\"global-icon-set__image\">\n                                    <img decoding=\"async\" src=\"https:\/\/homeofwool.com\/wp-content\/uploads\/2025\/09\/certified-materials-icon-300x300.png\" alt=\"Symbol f\u00fcr zertifizierte Materialien\" \/>\n                                <\/div>\n<div class=\"global-icon-set__title\">100% Reine zertifizierte Materialien<\/div>\n<\/p><\/div>\n<\/p><\/div>\n<\/p><\/div>","protected":false},"featured_media":227157,"template":"","meta":{"_acf_changed":false},"product_brand":[],"product_cat":[557,253,388],"product_tag":[616,617,618],"class_list":{"0":"post-217648","1":"product","2":"type-product","3":"status-publish","4":"has-post-thumbnail","6":"product_cat-new","7":"product_cat-product-samples","8":"product_cat-toppers","9":"product_tag-organic-top-mattress","10":"product_tag-organic-topper","11":"product_tag-wool-topper","13":"first","14":"instock","15":"shipping-taxable","16":"purchasable","17":"product-type-variable"},"acf":[],"yoast_head":"<!-- This site is optimized with the Yoast SEO Premium plugin v27.3 (Yoast SEO v27.3) - https:\/\/yoast.com\/product\/yoast-seo-premium-wordpress\/ -->\n<title>Mattress Topper Sample \u2013 Try Before Buying | Home of Wool<\/title>\n<meta name=\"description\" content=\"Try organic comfort first with the Wool Mattress Topper Sample. Breathable, hypoallergenic, and toxin-free, it lets you test sustainable sleep before choosing the full-size version.\" \/>\n<meta name=\"robots\" content=\"index, follow, max-snippet:-1, max-image-preview:large, max-video-preview:-1\" \/>\n<link rel=\"canonical\" href=\"https:\/\/homeofwool.com\/de\/shop\/topper-muster\/\" \/>\n<meta property=\"og:locale\" content=\"de_DE\" \/>\n<meta property=\"og:type\" content=\"article\" \/>\n<meta property=\"og:title\" content=\"Wool Mattress Topper Sample with Free Mattress Protector Sample\" \/>\n<meta property=\"og:description\" content=\"Try organic comfort first with the Wool Mattress Topper Sample. Breathable, hypoallergenic, and toxin-free, it lets you test sustainable sleep before choosing the full-size version.\" \/>\n<meta property=\"og:url\" content=\"https:\/\/homeofwool.com\/de\/shop\/topper-muster\/\" \/>\n<meta property=\"og:site_name\" content=\"Home of Wool\" \/>\n<meta property=\"article:publisher\" content=\"https:\/\/facebook.com\/HomeOfWoolOfficial\" \/>\n<meta property=\"article:modified_time\" content=\"2026-01-26T14:41:10+00:00\" \/>\n<meta property=\"og:image\" content=\"https:\/\/homeofwool.com\/wp-content\/uploads\/2025\/09\/ome-of-wool-wool-mattress-topper-sample-with-free-mattress-protector-sample-MAIN.jpg\" \/>\n\t<meta property=\"og:image:width\" content=\"1920\" \/>\n\t<meta property=\"og:image:height\" content=\"1536\" \/>\n\t<meta property=\"og:image:type\" content=\"image\/jpeg\" \/>\n<meta name=\"twitter:card\" content=\"summary_large_image\" \/>\n<meta name=\"twitter:label1\" content=\"Gesch\u00e4tzte Lesezeit\" \/>\n\t<meta name=\"twitter:data1\" content=\"1\u00a0Minute\" \/>\n<script type=\"application\/ld+json\" class=\"yoast-schema-graph\">{\"@context\":\"https:\\\/\\\/schema.org\",\"@graph\":[{\"@type\":\"WebPage\",\"@id\":\"https:\\\/\\\/homeofwool.com\\\/shop\\\/topper-sample\\\/\",\"url\":\"https:\\\/\\\/homeofwool.com\\\/shop\\\/topper-sample\\\/\",\"name\":\"Mattress Topper Sample \u2013 Try Before Buying | Home of Wool\",\"isPartOf\":{\"@id\":\"https:\\\/\\\/homeofwool.com\\\/#website\"},\"primaryImageOfPage\":{\"@id\":\"https:\\\/\\\/homeofwool.com\\\/shop\\\/topper-sample\\\/#primaryimage\"},\"image\":{\"@id\":\"https:\\\/\\\/homeofwool.com\\\/shop\\\/topper-sample\\\/#primaryimage\"},\"thumbnailUrl\":\"https:\\\/\\\/homeofwool.com\\\/wp-content\\\/uploads\\\/2025\\\/09\\\/ome-of-wool-wool-mattress-topper-sample-with-free-mattress-protector-sample-MAIN.jpg\",\"datePublished\":\"2025-09-02T12:01:59+00:00\",\"dateModified\":\"2026-01-26T14:41:10+00:00\",\"description\":\"Try organic comfort first with the Wool Mattress Topper Sample. Breathable, hypoallergenic, and toxin-free, it lets you test sustainable sleep before choosing the full-size version.\",\"breadcrumb\":{\"@id\":\"https:\\\/\\\/homeofwool.com\\\/shop\\\/topper-sample\\\/#breadcrumb\"},\"inLanguage\":\"de\",\"potentialAction\":[{\"@type\":\"ReadAction\",\"target\":[\"https:\\\/\\\/homeofwool.com\\\/shop\\\/topper-sample\\\/\"]}]},{\"@type\":\"ImageObject\",\"inLanguage\":\"de\",\"@id\":\"https:\\\/\\\/homeofwool.com\\\/shop\\\/topper-sample\\\/#primaryimage\",\"url\":\"https:\\\/\\\/homeofwool.com\\\/wp-content\\\/uploads\\\/2025\\\/09\\\/ome-of-wool-wool-mattress-topper-sample-with-free-mattress-protector-sample-MAIN.jpg\",\"contentUrl\":\"https:\\\/\\\/homeofwool.com\\\/wp-content\\\/uploads\\\/2025\\\/09\\\/ome-of-wool-wool-mattress-topper-sample-with-free-mattress-protector-sample-MAIN.jpg\",\"width\":1920,\"height\":1536,\"caption\":\"wool mattress topper sample\"},{\"@type\":\"BreadcrumbList\",\"@id\":\"https:\\\/\\\/homeofwool.com\\\/shop\\\/topper-sample\\\/#breadcrumb\",\"itemListElement\":[{\"@type\":\"ListItem\",\"position\":1,\"name\":\"Home\",\"item\":\"https:\\\/\\\/homeofwool.com\\\/\"},{\"@type\":\"ListItem\",\"position\":2,\"name\":\"Products\",\"item\":\"https:\\\/\\\/homeofwool.com\\\/header-search-2\\\/\"},{\"@type\":\"ListItem\",\"position\":3,\"name\":\"Wool Mattress Topper Sample with Free Mattress Protector Sample\"}]},{\"@type\":\"WebSite\",\"@id\":\"https:\\\/\\\/homeofwool.com\\\/#website\",\"url\":\"https:\\\/\\\/homeofwool.com\\\/\",\"name\":\"Home of Wool\",\"description\":\"\",\"publisher\":{\"@id\":\"https:\\\/\\\/homeofwool.com\\\/#organization\"},\"potentialAction\":[{\"@type\":\"SearchAction\",\"target\":{\"@type\":\"EntryPoint\",\"urlTemplate\":\"https:\\\/\\\/homeofwool.com\\\/?s={search_term_string}\"},\"query-input\":{\"@type\":\"PropertyValueSpecification\",\"valueRequired\":true,\"valueName\":\"search_term_string\"}}],\"inLanguage\":\"de\"},{\"@type\":\"Organization\",\"@id\":\"https:\\\/\\\/homeofwool.com\\\/#organization\",\"name\":\"Home of Wool\",\"url\":\"https:\\\/\\\/homeofwool.com\\\/\",\"logo\":{\"@type\":\"ImageObject\",\"inLanguage\":\"de\",\"@id\":\"https:\\\/\\\/homeofwool.com\\\/#\\\/schema\\\/logo\\\/image\\\/\",\"url\":\"https:\\\/\\\/homeofwool.com\\\/wp-content\\\/uploads\\\/2025\\\/09\\\/WhatsApp-Image-2025-12-02-at-16.23.20.jpeg\",\"contentUrl\":\"https:\\\/\\\/homeofwool.com\\\/wp-content\\\/uploads\\\/2025\\\/09\\\/WhatsApp-Image-2025-12-02-at-16.23.20.jpeg\",\"width\":700,\"height\":247,\"caption\":\"Home of Wool\"},\"image\":{\"@id\":\"https:\\\/\\\/homeofwool.com\\\/#\\\/schema\\\/logo\\\/image\\\/\"},\"sameAs\":[\"https:\\\/\\\/facebook.com\\\/HomeOfWoolOfficial\"]}]}<\/script>\n<!-- \/ Yoast SEO Premium plugin. -->","yoast_head_json":{"title":"Matratzenauflage-Muster \u2013 Vor dem Kauf ausprobieren | Home of Wool","description":"Probieren Sie den Komfort von Bio-Produkten zun\u00e4chst mit der Probe der Matratzenauflage aus Wolle aus. Sie ist atmungsaktiv, hypoallergen und frei von Giftstoffen und erm\u00f6glicht es Ihnen, nachhaltigen Schlaf zu testen, bevor Sie sich f\u00fcr die Vollversion entscheiden.","robots":{"index":"index","follow":"follow","max-snippet":"max-snippet:-1","max-image-preview":"max-image-preview:large","max-video-preview":"max-video-preview:-1"},"canonical":"https:\/\/homeofwool.com\/de\/shop\/topper-muster\/","og_locale":"de_DE","og_type":"article","og_title":"Wool Mattress Topper Sample with Free Mattress Protector Sample","og_description":"Try organic comfort first with the Wool Mattress Topper Sample. Breathable, hypoallergenic, and toxin-free, it lets you test sustainable sleep before choosing the full-size version.","og_url":"https:\/\/homeofwool.com\/de\/shop\/topper-muster\/","og_site_name":"Home of Wool","article_publisher":"https:\/\/facebook.com\/HomeOfWoolOfficial","article_modified_time":"2026-01-26T14:41:10+00:00","og_image":[{"width":1920,"height":1536,"url":"https:\/\/homeofwool.com\/wp-content\/uploads\/2025\/09\/ome-of-wool-wool-mattress-topper-sample-with-free-mattress-protector-sample-MAIN.jpg","type":"image\/jpeg"}],"twitter_card":"summary_large_image","twitter_misc":{"Gesch\u00e4tzte Lesezeit":"1\u00a0Minute"},"schema":{"@context":"https:\/\/schema.org","@graph":[{"@type":"WebPage","@id":"https:\/\/homeofwool.com\/shop\/topper-sample\/","url":"https:\/\/homeofwool.com\/shop\/topper-sample\/","name":"Matratzenauflage-Muster \u2013 Vor dem Kauf ausprobieren | Home of Wool","isPartOf":{"@id":"https:\/\/homeofwool.com\/#website"},"primaryImageOfPage":{"@id":"https:\/\/homeofwool.com\/shop\/topper-sample\/#primaryimage"},"image":{"@id":"https:\/\/homeofwool.com\/shop\/topper-sample\/#primaryimage"},"thumbnailUrl":"https:\/\/homeofwool.com\/wp-content\/uploads\/2025\/09\/ome-of-wool-wool-mattress-topper-sample-with-free-mattress-protector-sample-MAIN.jpg","datePublished":"2025-09-02T12:01:59+00:00","dateModified":"2026-01-26T14:41:10+00:00","description":"Probieren Sie den Komfort von Bio-Produkten zun\u00e4chst mit der Probe der Matratzenauflage aus Wolle aus. Sie ist atmungsaktiv, hypoallergen und frei von Giftstoffen und erm\u00f6glicht es Ihnen, nachhaltigen Schlaf zu testen, bevor Sie sich f\u00fcr die Vollversion entscheiden.","breadcrumb":{"@id":"https:\/\/homeofwool.com\/shop\/topper-sample\/#breadcrumb"},"inLanguage":"de","potentialAction":[{"@type":"ReadAction","target":["https:\/\/homeofwool.com\/shop\/topper-sample\/"]}]},{"@type":"ImageObject","inLanguage":"de","@id":"https:\/\/homeofwool.com\/shop\/topper-sample\/#primaryimage","url":"https:\/\/homeofwool.com\/wp-content\/uploads\/2025\/09\/ome-of-wool-wool-mattress-topper-sample-with-free-mattress-protector-sample-MAIN.jpg","contentUrl":"https:\/\/homeofwool.com\/wp-content\/uploads\/2025\/09\/ome-of-wool-wool-mattress-topper-sample-with-free-mattress-protector-sample-MAIN.jpg","width":1920,"height":1536,"caption":"wool mattress topper sample"},{"@type":"BreadcrumbList","@id":"https:\/\/homeofwool.com\/shop\/topper-sample\/#breadcrumb","itemListElement":[{"@type":"ListItem","position":1,"name":"Home","item":"https:\/\/homeofwool.com\/"},{"@type":"ListItem","position":2,"name":"Products","item":"https:\/\/homeofwool.com\/header-search-2\/"},{"@type":"ListItem","position":3,"name":"Wool Mattress Topper Sample with Free Mattress Protector Sample"}]},{"@type":"WebSite","@id":"https:\/\/homeofwool.com\/#website","url":"https:\/\/homeofwool.com\/","name":"Heimat der Wolle","description":"","publisher":{"@id":"https:\/\/homeofwool.com\/#organization"},"potentialAction":[{"@type":"SearchAction","target":{"@type":"EntryPoint","urlTemplate":"https:\/\/homeofwool.com\/?s={search_term_string}"},"query-input":{"@type":"PropertyValueSpecification","valueRequired":true,"valueName":"search_term_string"}}],"inLanguage":"de"},{"@type":"Organization","@id":"https:\/\/homeofwool.com\/#organization","name":"Heimat der Wolle","url":"https:\/\/homeofwool.com\/","logo":{"@type":"ImageObject","inLanguage":"de","@id":"https:\/\/homeofwool.com\/#\/schema\/logo\/image\/","url":"https:\/\/homeofwool.com\/wp-content\/uploads\/2025\/09\/WhatsApp-Image-2025-12-02-at-16.23.20.jpeg","contentUrl":"https:\/\/homeofwool.com\/wp-content\/uploads\/2025\/09\/WhatsApp-Image-2025-12-02-at-16.23.20.jpeg","width":700,"height":247,"caption":"Home of Wool"},"image":{"@id":"https:\/\/homeofwool.com\/#\/schema\/logo\/image\/"},"sameAs":["https:\/\/facebook.com\/HomeOfWoolOfficial"]}]}},"_links":{"self":[{"href":"https:\/\/homeofwool.com\/de\/wp-json\/wp\/v2\/product\/217648","targetHints":{"allow":["GET"]}}],"collection":[{"href":"https:\/\/homeofwool.com\/de\/wp-json\/wp\/v2\/product"}],"about":[{"href":"https:\/\/homeofwool.com\/de\/wp-json\/wp\/v2\/types\/product"}],"version-history":[{"count":2,"href":"https:\/\/homeofwool.com\/de\/wp-json\/wp\/v2\/product\/217648\/revisions"}],"predecessor-version":[{"id":226366,"href":"https:\/\/homeofwool.com\/de\/wp-json\/wp\/v2\/product\/217648\/revisions\/226366"}],"wp:featuredmedia":[{"embeddable":true,"href":"https:\/\/homeofwool.com\/de\/wp-json\/wp\/v2\/media\/227157"}],"wp:attachment":[{"href":"https:\/\/homeofwool.com\/de\/wp-json\/wp\/v2\/media?parent=217648"}],"wp:term":[{"taxonomy":"product_brand","embeddable":true,"href":"https:\/\/homeofwool.com\/de\/wp-json\/wp\/v2\/product_brand?post=217648"},{"taxonomy":"product_cat","embeddable":true,"href":"https:\/\/homeofwool.com\/de\/wp-json\/wp\/v2\/product_cat?post=217648"},{"taxonomy":"product_tag","embeddable":true,"href":"https:\/\/homeofwool.com\/de\/wp-json\/wp\/v2\/product_tag?post=217648"}],"curies":[{"name":"wp","href":"https:\/\/api.w.org\/{rel}","templated":true}]}}