{"id":217647,"date":"2025-09-02T12:01:59","date_gmt":"2025-09-02T12:01:59","guid":{"rendered":"https:\/\/homeofwool.com\/?post_type=product&#038;p=217647"},"modified":"2026-02-11T10:11:53","modified_gmt":"2026-02-11T10:11:53","slug":"wollfuton","status":"publish","type":"product","link":"https:\/\/homeofwool.com\/de\/shop\/wool-futon\/","title":{"rendered":"Futonmatratze aus Wolle"},"content":{"rendered":"<p>Die meisten massenproduzierten Futonmatratzen bestehen aus d\u00fcnnem Schaumstoff oder Polyester, das sich zun\u00e4chst gut anf\u00fchlt, aber schnell platt wird und \u00fcberhitzt. Deshalb kann das Schlafen auf solchen Matratzen zu Schmerzen und M\u00fcdigkeit f\u00fchren. Eine Futonmatratze aus Wolle ist die nat\u00fcrliche Alternative. Sie wird aus reiner Wolle handgefertigt und st\u00fctzt Ihren K\u00f6rper die ganze Nacht lang in einer gesunden Haltung.<\/p>\n<p>Wolle ist atmungsaktiv und reguliert auf nat\u00fcrliche Weise die Temperatur, sodass Sie im Sommer nicht \u00fcberhitzen und im Winter nicht frieren. Als Bio-Futon-Matratze enth\u00e4lt sie keine Klebstoffe, Schaumstoffe oder Flammschutzmittel. Eine wirklich sichere, ungiftige Matratze f\u00fcr empfindliche Schl\u00e4fer. Sie ist au\u00dferdem resistent gegen Hausstaubmilben und Schimmel, sodass Ihre Schlafunterlage sauber und frisch bleibt.<\/p>\n<p>Diese tragbare Wollmatratze ist flexibel und leicht zu transportieren und passt sich Ihrem Lebensstil an. Verwenden Sie sie t\u00e4glich, nutzen Sie sie als bequemes G\u00e4stebett oder falten Sie sie zusammen, wenn Sie Platz ben\u00f6tigen. Eine vielseitige Wollmatratze wie diese verwandelt Ihren Futon in ein multifunktionales M\u00f6belst\u00fcck, das Ihnen endlich erholsamen Schlaf beschert.<\/p>","protected":false},"excerpt":{"rendered":"<p>Die meisten massenproduzierten Futon-Matratzen werden schnell flach, sodass Sie nur noch eine schlechte St\u00fctzfunktion haben und unruhige N\u00e4chte verbringen. Eine Futon-Matratze aus Wolle bietet nat\u00fcrliche Elastizit\u00e4t, Atmungsaktivit\u00e4t und dauerhaften Komfort. Handgefertigt und frei von Chemikalien ist sie eine gesunde Schlaf-L\u00f6sung, die Ihren Futon wirklich schlaftauglich macht.<\/p>\n<div class=\"global-icon-set\">\n<div class=\"global-icon-set__items\">\n<div class=\"global-icon-set__item\">\n<div class=\"global-icon-set__image\">\n                                    <img decoding=\"async\" src=\"https:\/\/homeofwool.com\/wp-content\/uploads\/2025\/09\/handmade-icon-300x300.png\" alt=\"handgefertigte Ikone\" \/>\n                                <\/div>\n<div class=\"global-icon-set__title\">Handgefertigt<\/div>\n<\/p><\/div>\n<div class=\"global-icon-set__item\">\n<div class=\"global-icon-set__image\">\n                                    <img decoding=\"async\" src=\"https:\/\/homeofwool.com\/wp-content\/uploads\/2025\/09\/Isolates-Motion-Transfer-min-300x300.png\" alt=\"isoliert die Bewegungs\u00fcbertragung\" \/>\n                                <\/div>\n<div class=\"global-icon-set__title\">Isoliert die Bewegungs\u00fcbertragung<\/div>\n<\/p><\/div>\n<div class=\"global-icon-set__item\">\n<div class=\"global-icon-set__image\">\n                                    <img decoding=\"async\" src=\"https:\/\/homeofwool.com\/wp-content\/uploads\/2025\/09\/Exceptionally-Supportive-min-300x300.png\" alt=\"besonders unterst\u00fctzendes Symbol\" \/>\n                                <\/div>\n<div class=\"global-icon-set__title\">Au\u00dfergew\u00f6hnlich unterst\u00fctzend<\/div>\n<\/p><\/div>\n<div class=\"global-icon-set__item\">\n<div class=\"global-icon-set__image\">\n                                    <img decoding=\"async\" src=\"https:\/\/homeofwool.com\/wp-content\/uploads\/2025\/09\/wicks-moisture-away-300x300.png\" alt=\"transportiert die Feuchtigkeit ab\" \/>\n                                <\/div>\n<div class=\"global-icon-set__title\">Leitet Feuchtigkeit ab<\/div>\n<\/p><\/div>\n<div class=\"global-icon-set__item\">\n<div class=\"global-icon-set__image\">\n                                    <img decoding=\"async\" src=\"https:\/\/homeofwool.com\/wp-content\/uploads\/2025\/09\/VOCs-min-300x300.png\" alt=\"vocs frei\" \/>\n                                <\/div>\n<div class=\"global-icon-set__title\">VOC-frei<\/div>\n<\/p><\/div>\n<div class=\"global-icon-set__item\">\n<div class=\"global-icon-set__image\">\n                                    <img decoding=\"async\" src=\"https:\/\/homeofwool.com\/wp-content\/uploads\/2025\/09\/FR-min-300x300.png\" alt=\"feuerfestes Symbol\" \/>\n                                <\/div>\n<div class=\"global-icon-set__title\">Schwer entflammbar<\/div>\n<\/p><\/div>\n<div class=\"global-icon-set__item\">\n<div class=\"global-icon-set__image\">\n                                    <img decoding=\"async\" src=\"https:\/\/homeofwool.com\/wp-content\/uploads\/2025\/09\/Hypoallergenic-min-300x300.png\" alt=\"hypoallergenes Symbol\" \/>\n                                <\/div>\n<div class=\"global-icon-set__title\">Hypoallergen<\/div>\n<\/p><\/div>\n<div class=\"global-icon-set__item\">\n<div class=\"global-icon-set__image\">\n                                    <img decoding=\"async\" src=\"https:\/\/homeofwool.com\/wp-content\/uploads\/2025\/09\/free-of-synthetics-icon-300x300.png\" alt=\"frei von synthetischen Stoffen Symbol\" \/>\n                                <\/div>\n<div class=\"global-icon-set__title\">Frei von synthetischen Stoffen<\/div>\n<\/p><\/div>\n<div class=\"global-icon-set__item\">\n<div class=\"global-icon-set__image\">\n                                    <img decoding=\"async\" src=\"https:\/\/homeofwool.com\/wp-content\/uploads\/2025\/09\/chemical-free-icon-300x300.png\" alt=\"Symbol f\u00fcr Chemikalienfreiheit\" \/>\n                                <\/div>\n<div class=\"global-icon-set__title\">Chemikalienfrei<\/div>\n<\/p><\/div>\n<div class=\"global-icon-set__item\">\n<div class=\"global-icon-set__image\">\n                                    <img decoding=\"async\" src=\"https:\/\/homeofwool.com\/wp-content\/uploads\/2025\/09\/anti-bacterial-icon-300x300.png\" alt=\"antibakterielles Symbol\" \/>\n                                <\/div>\n<div class=\"global-icon-set__title\">Anti-mikrobiell &amp; Anti-bakteriell<\/div>\n<\/p><\/div>\n<div class=\"global-icon-set__item\">\n<div class=\"global-icon-set__image\">\n                                    <img decoding=\"async\" src=\"https:\/\/homeofwool.com\/wp-content\/uploads\/2025\/09\/certified-materials-icon-300x300.png\" alt=\"Symbol f\u00fcr zertifizierte Materialien\" \/>\n                                <\/div>\n<div class=\"global-icon-set__title\">100% Reine zertifizierte Materialien<\/div>\n<\/p><\/div>\n<\/p><\/div>\n<\/p><\/div>","protected":false},"featured_media":223006,"template":"","meta":{"_acf_changed":false},"product_brand":[],"product_cat":[30,252],"product_tag":[175,176,385,386,182,604,605,606,607,608,609,553,188,138,192,610,193,611,387,612,197,149,613,614,615],"class_list":{"0":"post-217647","1":"product","2":"type-product","3":"status-publish","4":"has-post-thumbnail","6":"product_cat-cushions","7":"product_cat-mattresses","8":"product_tag-affordable-natural-mattress","9":"product_tag-all-natural-futon","10":"product_tag-co-sleeping","11":"product_tag-family-bed","12":"product_tag-floor-bed-mattress","13":"product_tag-foldable-bed","14":"product_tag-folding-futon-couch","15":"product_tag-futon-frame","16":"product_tag-futon-mattress","17":"product_tag-guest-bed","18":"product_tag-japanese-bed","19":"product_tag-japanese-futon","20":"product_tag-low-voc-mattress","21":"product_tag-made-to-order-daybed","22":"product_tag-mattress-without-flame-retardant","23":"product_tag-natural-floor-bed","24":"product_tag-natural-mattress","25":"product_tag-organic-guests-bed","26":"product_tag-overlanding","27":"product_tag-rollable-guest-bed","28":"product_tag-safe-mattresses","29":"product_tag-steps","30":"product_tag-store-away-bed","31":"product_tag-washable-mattress","32":"product_tag-woolen-shiki-futon","34":"first","35":"instock","36":"shipping-taxable","37":"purchasable","38":"product-type-simple"},"acf":[],"yoast_head":"<!-- This site is optimized with the Yoast SEO Premium plugin v27.3 (Yoast SEO v27.3) - https:\/\/yoast.com\/product\/yoast-seo-premium-wordpress\/ -->\n<title>Futon Mattress \u2013 Natural Futon Sofa Bed | Home of Wool<\/title>\n<meta name=\"description\" content=\"Handmade and toxin-free, the Futon Mattress is filled with breathable wool for sustainable comfort. Hypoallergenic and natural, it offers eco-friendly support as a sofa bed or daily mattress.\" \/>\n<meta name=\"robots\" content=\"index, follow, max-snippet:-1, max-image-preview:large, max-video-preview:-1\" \/>\n<link rel=\"canonical\" href=\"https:\/\/homeofwool.com\/de\/shop\/wollfuton\/\" \/>\n<meta property=\"og:locale\" content=\"de_DE\" \/>\n<meta property=\"og:type\" content=\"article\" \/>\n<meta property=\"og:title\" content=\"Wool Futon Mattress\" \/>\n<meta property=\"og:description\" content=\"Handmade and toxin-free, the Futon Mattress is filled with breathable wool for sustainable comfort. Hypoallergenic and natural, it offers eco-friendly support as a sofa bed or daily mattress.\" \/>\n<meta property=\"og:url\" content=\"https:\/\/homeofwool.com\/de\/shop\/wollfuton\/\" \/>\n<meta property=\"og:site_name\" content=\"Home of Wool\" \/>\n<meta property=\"article:publisher\" content=\"https:\/\/facebook.com\/HomeOfWoolOfficial\" \/>\n<meta property=\"article:modified_time\" content=\"2026-02-11T10:11:53+00:00\" \/>\n<meta property=\"og:image\" content=\"https:\/\/homeofwool.com\/wp-content\/uploads\/2025\/09\/home-of-wool-wool-futon-mattress-1-main.jpg\" \/>\n\t<meta property=\"og:image:width\" content=\"2500\" \/>\n\t<meta property=\"og:image:height\" content=\"2000\" \/>\n\t<meta property=\"og:image:type\" content=\"image\/jpeg\" \/>\n<meta name=\"twitter:card\" content=\"summary_large_image\" \/>\n<meta name=\"twitter:label1\" content=\"Gesch\u00e4tzte Lesezeit\" \/>\n\t<meta name=\"twitter:data1\" content=\"1\u00a0Minute\" \/>\n<script type=\"application\/ld+json\" class=\"yoast-schema-graph\">{\"@context\":\"https:\\\/\\\/schema.org\",\"@graph\":[{\"@type\":\"WebPage\",\"@id\":\"https:\\\/\\\/homeofwool.com\\\/shop\\\/wool-futon\\\/\",\"url\":\"https:\\\/\\\/homeofwool.com\\\/shop\\\/wool-futon\\\/\",\"name\":\"Futon Mattress \u2013 Natural Futon Sofa Bed | Home of Wool\",\"isPartOf\":{\"@id\":\"https:\\\/\\\/homeofwool.com\\\/#website\"},\"primaryImageOfPage\":{\"@id\":\"https:\\\/\\\/homeofwool.com\\\/shop\\\/wool-futon\\\/#primaryimage\"},\"image\":{\"@id\":\"https:\\\/\\\/homeofwool.com\\\/shop\\\/wool-futon\\\/#primaryimage\"},\"thumbnailUrl\":\"https:\\\/\\\/homeofwool.com\\\/wp-content\\\/uploads\\\/2025\\\/09\\\/home-of-wool-wool-futon-mattress-1-main.jpg\",\"datePublished\":\"2025-09-02T12:01:59+00:00\",\"dateModified\":\"2026-02-11T10:11:53+00:00\",\"description\":\"Handmade and toxin-free, the Futon Mattress is filled with breathable wool for sustainable comfort. Hypoallergenic and natural, it offers eco-friendly support as a sofa bed or daily mattress.\",\"breadcrumb\":{\"@id\":\"https:\\\/\\\/homeofwool.com\\\/shop\\\/wool-futon\\\/#breadcrumb\"},\"inLanguage\":\"de\",\"potentialAction\":[{\"@type\":\"ReadAction\",\"target\":[\"https:\\\/\\\/homeofwool.com\\\/shop\\\/wool-futon\\\/\"]}]},{\"@type\":\"ImageObject\",\"inLanguage\":\"de\",\"@id\":\"https:\\\/\\\/homeofwool.com\\\/shop\\\/wool-futon\\\/#primaryimage\",\"url\":\"https:\\\/\\\/homeofwool.com\\\/wp-content\\\/uploads\\\/2025\\\/09\\\/home-of-wool-wool-futon-mattress-1-main.jpg\",\"contentUrl\":\"https:\\\/\\\/homeofwool.com\\\/wp-content\\\/uploads\\\/2025\\\/09\\\/home-of-wool-wool-futon-mattress-1-main.jpg\",\"width\":2500,\"height\":2000,\"caption\":\"wool futon mattress on a sofa\"},{\"@type\":\"BreadcrumbList\",\"@id\":\"https:\\\/\\\/homeofwool.com\\\/shop\\\/wool-futon\\\/#breadcrumb\",\"itemListElement\":[{\"@type\":\"ListItem\",\"position\":1,\"name\":\"Home\",\"item\":\"https:\\\/\\\/homeofwool.com\\\/\"},{\"@type\":\"ListItem\",\"position\":2,\"name\":\"Products\",\"item\":\"https:\\\/\\\/homeofwool.com\\\/header-search-2\\\/\"},{\"@type\":\"ListItem\",\"position\":3,\"name\":\"Wool Futon Mattress\"}]},{\"@type\":\"WebSite\",\"@id\":\"https:\\\/\\\/homeofwool.com\\\/#website\",\"url\":\"https:\\\/\\\/homeofwool.com\\\/\",\"name\":\"Home of Wool\",\"description\":\"\",\"publisher\":{\"@id\":\"https:\\\/\\\/homeofwool.com\\\/#organization\"},\"potentialAction\":[{\"@type\":\"SearchAction\",\"target\":{\"@type\":\"EntryPoint\",\"urlTemplate\":\"https:\\\/\\\/homeofwool.com\\\/?s={search_term_string}\"},\"query-input\":{\"@type\":\"PropertyValueSpecification\",\"valueRequired\":true,\"valueName\":\"search_term_string\"}}],\"inLanguage\":\"de\"},{\"@type\":\"Organization\",\"@id\":\"https:\\\/\\\/homeofwool.com\\\/#organization\",\"name\":\"Home of Wool\",\"url\":\"https:\\\/\\\/homeofwool.com\\\/\",\"logo\":{\"@type\":\"ImageObject\",\"inLanguage\":\"de\",\"@id\":\"https:\\\/\\\/homeofwool.com\\\/#\\\/schema\\\/logo\\\/image\\\/\",\"url\":\"https:\\\/\\\/homeofwool.com\\\/wp-content\\\/uploads\\\/2025\\\/09\\\/WhatsApp-Image-2025-12-02-at-16.23.20.jpeg\",\"contentUrl\":\"https:\\\/\\\/homeofwool.com\\\/wp-content\\\/uploads\\\/2025\\\/09\\\/WhatsApp-Image-2025-12-02-at-16.23.20.jpeg\",\"width\":700,\"height\":247,\"caption\":\"Home of Wool\"},\"image\":{\"@id\":\"https:\\\/\\\/homeofwool.com\\\/#\\\/schema\\\/logo\\\/image\\\/\"},\"sameAs\":[\"https:\\\/\\\/facebook.com\\\/HomeOfWoolOfficial\"]}]}<\/script>\n<!-- \/ Yoast SEO Premium plugin. -->","yoast_head_json":{"title":"Futon-Matratze \u2013 Nat\u00fcrliches Futon-Schlafsofa | Home of Wool","description":"Die Futon-Matratze ist handgefertigt und frei von Giftstoffen. Sie ist mit atmungsaktiver Wolle gef\u00fcllt und bietet nachhaltigen Komfort. Sie ist hypoallergen und nat\u00fcrlich und eignet sich als Sofabett oder Matratze f\u00fcr den t\u00e4glichen Gebrauch.","robots":{"index":"index","follow":"follow","max-snippet":"max-snippet:-1","max-image-preview":"max-image-preview:large","max-video-preview":"max-video-preview:-1"},"canonical":"https:\/\/homeofwool.com\/de\/shop\/wollfuton\/","og_locale":"de_DE","og_type":"article","og_title":"Wool Futon Mattress","og_description":"Handmade and toxin-free, the Futon Mattress is filled with breathable wool for sustainable comfort. Hypoallergenic and natural, it offers eco-friendly support as a sofa bed or daily mattress.","og_url":"https:\/\/homeofwool.com\/de\/shop\/wollfuton\/","og_site_name":"Home of Wool","article_publisher":"https:\/\/facebook.com\/HomeOfWoolOfficial","article_modified_time":"2026-02-11T10:11:53+00:00","og_image":[{"width":2500,"height":2000,"url":"https:\/\/homeofwool.com\/wp-content\/uploads\/2025\/09\/home-of-wool-wool-futon-mattress-1-main.jpg","type":"image\/jpeg"}],"twitter_card":"summary_large_image","twitter_misc":{"Gesch\u00e4tzte Lesezeit":"1\u00a0Minute"},"schema":{"@context":"https:\/\/schema.org","@graph":[{"@type":"WebPage","@id":"https:\/\/homeofwool.com\/shop\/wool-futon\/","url":"https:\/\/homeofwool.com\/shop\/wool-futon\/","name":"Futon-Matratze \u2013 Nat\u00fcrliches Futon-Schlafsofa | Home of Wool","isPartOf":{"@id":"https:\/\/homeofwool.com\/#website"},"primaryImageOfPage":{"@id":"https:\/\/homeofwool.com\/shop\/wool-futon\/#primaryimage"},"image":{"@id":"https:\/\/homeofwool.com\/shop\/wool-futon\/#primaryimage"},"thumbnailUrl":"https:\/\/homeofwool.com\/wp-content\/uploads\/2025\/09\/home-of-wool-wool-futon-mattress-1-main.jpg","datePublished":"2025-09-02T12:01:59+00:00","dateModified":"2026-02-11T10:11:53+00:00","description":"Die Futon-Matratze ist handgefertigt und frei von Giftstoffen. Sie ist mit atmungsaktiver Wolle gef\u00fcllt und bietet nachhaltigen Komfort. Sie ist hypoallergen und nat\u00fcrlich und eignet sich als Sofabett oder Matratze f\u00fcr den t\u00e4glichen Gebrauch.","breadcrumb":{"@id":"https:\/\/homeofwool.com\/shop\/wool-futon\/#breadcrumb"},"inLanguage":"de","potentialAction":[{"@type":"ReadAction","target":["https:\/\/homeofwool.com\/shop\/wool-futon\/"]}]},{"@type":"ImageObject","inLanguage":"de","@id":"https:\/\/homeofwool.com\/shop\/wool-futon\/#primaryimage","url":"https:\/\/homeofwool.com\/wp-content\/uploads\/2025\/09\/home-of-wool-wool-futon-mattress-1-main.jpg","contentUrl":"https:\/\/homeofwool.com\/wp-content\/uploads\/2025\/09\/home-of-wool-wool-futon-mattress-1-main.jpg","width":2500,"height":2000,"caption":"wool futon mattress on a sofa"},{"@type":"BreadcrumbList","@id":"https:\/\/homeofwool.com\/shop\/wool-futon\/#breadcrumb","itemListElement":[{"@type":"ListItem","position":1,"name":"Home","item":"https:\/\/homeofwool.com\/"},{"@type":"ListItem","position":2,"name":"Products","item":"https:\/\/homeofwool.com\/header-search-2\/"},{"@type":"ListItem","position":3,"name":"Wool Futon Mattress"}]},{"@type":"WebSite","@id":"https:\/\/homeofwool.com\/#website","url":"https:\/\/homeofwool.com\/","name":"Heimat der Wolle","description":"","publisher":{"@id":"https:\/\/homeofwool.com\/#organization"},"potentialAction":[{"@type":"SearchAction","target":{"@type":"EntryPoint","urlTemplate":"https:\/\/homeofwool.com\/?s={search_term_string}"},"query-input":{"@type":"PropertyValueSpecification","valueRequired":true,"valueName":"search_term_string"}}],"inLanguage":"de"},{"@type":"Organization","@id":"https:\/\/homeofwool.com\/#organization","name":"Heimat der Wolle","url":"https:\/\/homeofwool.com\/","logo":{"@type":"ImageObject","inLanguage":"de","@id":"https:\/\/homeofwool.com\/#\/schema\/logo\/image\/","url":"https:\/\/homeofwool.com\/wp-content\/uploads\/2025\/09\/WhatsApp-Image-2025-12-02-at-16.23.20.jpeg","contentUrl":"https:\/\/homeofwool.com\/wp-content\/uploads\/2025\/09\/WhatsApp-Image-2025-12-02-at-16.23.20.jpeg","width":700,"height":247,"caption":"Home of Wool"},"image":{"@id":"https:\/\/homeofwool.com\/#\/schema\/logo\/image\/"},"sameAs":["https:\/\/facebook.com\/HomeOfWoolOfficial"]}]}},"_links":{"self":[{"href":"https:\/\/homeofwool.com\/de\/wp-json\/wp\/v2\/product\/217647","targetHints":{"allow":["GET"]}}],"collection":[{"href":"https:\/\/homeofwool.com\/de\/wp-json\/wp\/v2\/product"}],"about":[{"href":"https:\/\/homeofwool.com\/de\/wp-json\/wp\/v2\/types\/product"}],"version-history":[{"count":2,"href":"https:\/\/homeofwool.com\/de\/wp-json\/wp\/v2\/product\/217647\/revisions"}],"predecessor-version":[{"id":226702,"href":"https:\/\/homeofwool.com\/de\/wp-json\/wp\/v2\/product\/217647\/revisions\/226702"}],"wp:featuredmedia":[{"embeddable":true,"href":"https:\/\/homeofwool.com\/de\/wp-json\/wp\/v2\/media\/223006"}],"wp:attachment":[{"href":"https:\/\/homeofwool.com\/de\/wp-json\/wp\/v2\/media?parent=217647"}],"wp:term":[{"taxonomy":"product_brand","embeddable":true,"href":"https:\/\/homeofwool.com\/de\/wp-json\/wp\/v2\/product_brand?post=217647"},{"taxonomy":"product_cat","embeddable":true,"href":"https:\/\/homeofwool.com\/de\/wp-json\/wp\/v2\/product_cat?post=217647"},{"taxonomy":"product_tag","embeddable":true,"href":"https:\/\/homeofwool.com\/de\/wp-json\/wp\/v2\/product_tag?post=217647"}],"curies":[{"name":"wp","href":"https:\/\/api.w.org\/{rel}","templated":true}]}}