{"id":217636,"date":"2025-09-02T12:01:59","date_gmt":"2025-09-02T12:01:59","guid":{"rendered":"https:\/\/homeofwool.com\/?post_type=product&#038;p=217636"},"modified":"2026-02-11T10:11:46","modified_gmt":"2026-02-11T10:11:46","slug":"halbmond-zafu","status":"publish","type":"product","link":"https:\/\/homeofwool.com\/de\/shop\/half-moon-zafu\/","title":{"rendered":"Halbmond-Woll-Zafu"},"content":{"rendered":"<p>Dieses Halbmond-Zafu aus Wolle ist so geformt, dass es sich den Kurven des K\u00f6rpers anpasst und w\u00e4hrend der Meditation H\u00fcften, Oberschenkel und untere Wirbels\u00e4ule besser st\u00fctzt.<\/p>\n<p>Nur reine Wolle im Inneren. Wir haben es mit strapazierf\u00e4higen Naturstoffen umh\u00fcllt, sodass das Meditationskissen nicht nur bequem, sondern auch hypoallergen und v\u00f6llig frei von Giftstoffen ist. Dieses nat\u00fcrliche Zafu ist viel besser als synthetische Alternativen und sorgt daf\u00fcr, dass Sie w\u00e4hrend der gesamten \u00dcbung bequem, trocken und k\u00fchl bleiben.<\/p>\n<p>Jedes Zafu-Meditationskissen wird auf Bestellung angefertigt, sodass Sie es individuell gestalten k\u00f6nnen. Sie k\u00f6nnen aus unserem Sortiment an nat\u00fcrlichen Stoffen w\u00e4hlen, die Gr\u00f6\u00dfe anpassen, die Details der Verarbeitung festlegen und sogar Stickereien hinzuf\u00fcgen, um das perfekte Meditationskissen zu kreieren. Dieses Meditationskissen wurde sowohl hinsichtlich seiner Form als auch seiner Funktion entworfen und verf\u00fcgt \u00fcber einen abnehmbaren, waschbaren Bezug, der die Pflege erleichtert.<\/p>\n<p>Egal, ob Sie gerade erst anfangen oder Ihre Praxis vertiefen m\u00f6chten, dieses Halbmond-Zafu aus Wolle vereint zeitlose Handwerkskunst und reine Materialien.<\/p>\n<p><strong>Gr\u00f6\u00dfe<\/strong>: 32 cm x 28 cm x H\u00f6he: 5\u20139 cm<\/p>","protected":false},"excerpt":{"rendered":"<p>Das Halbmond-Zafu von Home of Wool bietet Ihnen stabilen Halt beim Sitzen und bei Ritualen. Mit nat\u00fcrlicher Wolle im Inneren und atmungsaktiven Stoffen au\u00dfen hilft dieses Meditationskissen dabei, Ihre Wirbels\u00e4ule auszurichten und Ihre H\u00fcften zu \u00f6ffnen. Es sorgt f\u00fcr einen festen Stand ohne Druckstellen. Eine einfache und schadstofffreie M\u00f6glichkeit, eine ges\u00fcndere Praxis zu unterst\u00fctzen.<\/p>\n<div class=\"global-icon-set\">\n<div class=\"global-icon-set__items\">\n<div class=\"global-icon-set__item\">\n<div class=\"global-icon-set__image\">\n                                    <img decoding=\"async\" src=\"https:\/\/homeofwool.com\/wp-content\/uploads\/2025\/09\/handmade-icon-300x300.png\" alt=\"handgefertigte Ikone\" \/>\n                                <\/div>\n<div class=\"global-icon-set__title\">Handgefertigt<\/div>\n<\/p><\/div>\n<div class=\"global-icon-set__item\">\n<div class=\"global-icon-set__image\">\n                                    <img decoding=\"async\" src=\"https:\/\/homeofwool.com\/wp-content\/uploads\/2025\/09\/VOCs-min-300x300.png\" alt=\"vocs frei\" \/>\n                                <\/div>\n<div class=\"global-icon-set__title\">VOC-frei<\/div>\n<\/p><\/div>\n<div class=\"global-icon-set__item\">\n<div class=\"global-icon-set__image\">\n                                    <img decoding=\"async\" src=\"https:\/\/homeofwool.com\/wp-content\/uploads\/2025\/09\/FR-min-300x300.png\" alt=\"feuerfestes Symbol\" \/>\n                                <\/div>\n<div class=\"global-icon-set__title\">Schwer entflammbar<\/div>\n<\/p><\/div>\n<div class=\"global-icon-set__item\">\n<div class=\"global-icon-set__image\">\n                                    <img decoding=\"async\" src=\"https:\/\/homeofwool.com\/wp-content\/uploads\/2025\/09\/Hypoallergenic-min-300x300.png\" alt=\"hypoallergenes Symbol\" \/>\n                                <\/div>\n<div class=\"global-icon-set__title\">Hypoallergen<\/div>\n<\/p><\/div>\n<div class=\"global-icon-set__item\">\n<div class=\"global-icon-set__image\">\n                                    <img decoding=\"async\" src=\"https:\/\/homeofwool.com\/wp-content\/uploads\/2025\/09\/free-of-synthetics-icon-300x300.png\" alt=\"frei von synthetischen Stoffen Symbol\" \/>\n                                <\/div>\n<div class=\"global-icon-set__title\">Frei von synthetischen Stoffen<\/div>\n<\/p><\/div>\n<div class=\"global-icon-set__item\">\n<div class=\"global-icon-set__image\">\n                                    <img decoding=\"async\" src=\"https:\/\/homeofwool.com\/wp-content\/uploads\/2025\/09\/chemical-free-icon-300x300.png\" alt=\"Symbol f\u00fcr Chemikalienfreiheit\" \/>\n                                <\/div>\n<div class=\"global-icon-set__title\">Chemikalienfrei<\/div>\n<\/p><\/div>\n<div class=\"global-icon-set__item\">\n<div class=\"global-icon-set__image\">\n                                    <img decoding=\"async\" src=\"https:\/\/homeofwool.com\/wp-content\/uploads\/2025\/09\/certified-materials-icon-300x300.png\" alt=\"Symbol f\u00fcr zertifizierte Materialien\" \/>\n                                <\/div>\n<div class=\"global-icon-set__title\">100% Reine zertifizierte Materialien<\/div>\n<\/p><\/div>\n<\/p><\/div>\n<\/p><\/div>","protected":false},"featured_media":219688,"template":"","meta":{"_acf_changed":false},"product_brand":[],"product_cat":[302],"product_tag":[303,304,305,306,149,307,308,313,314],"class_list":{"0":"post-217636","1":"product","2":"type-product","3":"status-publish","4":"has-post-thumbnail","6":"product_cat-yoga-and-exercise","7":"product_tag-buddhist-meditation-pillow","8":"product_tag-meditation-cushion-set","9":"product_tag-meditation-floor-pillows","10":"product_tag-meditation-pillow","11":"product_tag-steps","12":"product_tag-yoga-seat-cushion","13":"product_tag-yogi","14":"product_tag-zafu-cushion","15":"product_tag-zen-meditation-cushion","17":"first","18":"instock","19":"shipping-taxable","20":"purchasable","21":"product-type-simple"},"acf":[],"yoast_head":"<!-- This site is optimized with the Yoast SEO Premium plugin v27.3 (Yoast SEO v27.3) - https:\/\/yoast.com\/product\/yoast-seo-premium-wordpress\/ -->\n<title>Half Moon Zafu \u2013 Custom Meditation Cushion | Home of Wool<\/title>\n<meta name=\"description\" content=\"Breathable and supportive, the Half Moon Zafu meditation cushion is crafted with organic wool. Hypoallergenic and toxin-free, it ensures safe, natural comfort for mindful practice.\" \/>\n<meta name=\"robots\" content=\"index, follow, max-snippet:-1, max-image-preview:large, max-video-preview:-1\" \/>\n<link rel=\"canonical\" href=\"https:\/\/homeofwool.com\/de\/shop\/halbmond-zafu\/\" \/>\n<meta property=\"og:locale\" content=\"de_DE\" \/>\n<meta property=\"og:type\" content=\"article\" \/>\n<meta property=\"og:title\" content=\"Half Moon Wool Zafu\" \/>\n<meta property=\"og:description\" content=\"Breathable and supportive, the Half Moon Zafu meditation cushion is crafted with organic wool. Hypoallergenic and toxin-free, it ensures safe, natural comfort for mindful practice.\" \/>\n<meta property=\"og:url\" content=\"https:\/\/homeofwool.com\/de\/shop\/halbmond-zafu\/\" \/>\n<meta property=\"og:site_name\" content=\"Home of Wool\" \/>\n<meta property=\"article:publisher\" content=\"https:\/\/facebook.com\/HomeOfWoolOfficial\" \/>\n<meta property=\"article:modified_time\" content=\"2026-02-11T10:11:46+00:00\" \/>\n<meta property=\"og:image\" content=\"https:\/\/homeofwool.com\/wp-content\/uploads\/2025\/09\/home-of-wool-half-moon-wool-zafu-1-main-1.jpg\" \/>\n\t<meta property=\"og:image:width\" content=\"2000\" \/>\n\t<meta property=\"og:image:height\" content=\"1600\" \/>\n\t<meta property=\"og:image:type\" content=\"image\/jpeg\" \/>\n<meta name=\"twitter:card\" content=\"summary_large_image\" \/>\n<meta name=\"twitter:label1\" content=\"Gesch\u00e4tzte Lesezeit\" \/>\n\t<meta name=\"twitter:data1\" content=\"1\u00a0Minute\" \/>\n<script type=\"application\/ld+json\" class=\"yoast-schema-graph\">{\"@context\":\"https:\\\/\\\/schema.org\",\"@graph\":[{\"@type\":\"WebPage\",\"@id\":\"https:\\\/\\\/homeofwool.com\\\/shop\\\/half-moon-zafu\\\/\",\"url\":\"https:\\\/\\\/homeofwool.com\\\/shop\\\/half-moon-zafu\\\/\",\"name\":\"Half Moon Zafu \u2013 Custom Meditation Cushion | Home of Wool\",\"isPartOf\":{\"@id\":\"https:\\\/\\\/homeofwool.com\\\/#website\"},\"primaryImageOfPage\":{\"@id\":\"https:\\\/\\\/homeofwool.com\\\/shop\\\/half-moon-zafu\\\/#primaryimage\"},\"image\":{\"@id\":\"https:\\\/\\\/homeofwool.com\\\/shop\\\/half-moon-zafu\\\/#primaryimage\"},\"thumbnailUrl\":\"https:\\\/\\\/homeofwool.com\\\/wp-content\\\/uploads\\\/2025\\\/09\\\/home-of-wool-half-moon-wool-zafu-1-main-1.jpg\",\"datePublished\":\"2025-09-02T12:01:59+00:00\",\"dateModified\":\"2026-02-11T10:11:46+00:00\",\"description\":\"Breathable and supportive, the Half Moon Zafu meditation cushion is crafted with organic wool. Hypoallergenic and toxin-free, it ensures safe, natural comfort for mindful practice.\",\"breadcrumb\":{\"@id\":\"https:\\\/\\\/homeofwool.com\\\/shop\\\/half-moon-zafu\\\/#breadcrumb\"},\"inLanguage\":\"de\",\"potentialAction\":[{\"@type\":\"ReadAction\",\"target\":[\"https:\\\/\\\/homeofwool.com\\\/shop\\\/half-moon-zafu\\\/\"]}]},{\"@type\":\"ImageObject\",\"inLanguage\":\"de\",\"@id\":\"https:\\\/\\\/homeofwool.com\\\/shop\\\/half-moon-zafu\\\/#primaryimage\",\"url\":\"https:\\\/\\\/homeofwool.com\\\/wp-content\\\/uploads\\\/2025\\\/09\\\/home-of-wool-half-moon-wool-zafu-1-main-1.jpg\",\"contentUrl\":\"https:\\\/\\\/homeofwool.com\\\/wp-content\\\/uploads\\\/2025\\\/09\\\/home-of-wool-half-moon-wool-zafu-1-main-1.jpg\",\"width\":2000,\"height\":1600,\"caption\":\"Half Moon Wool Zafu\"},{\"@type\":\"BreadcrumbList\",\"@id\":\"https:\\\/\\\/homeofwool.com\\\/shop\\\/half-moon-zafu\\\/#breadcrumb\",\"itemListElement\":[{\"@type\":\"ListItem\",\"position\":1,\"name\":\"Home\",\"item\":\"https:\\\/\\\/homeofwool.com\\\/\"},{\"@type\":\"ListItem\",\"position\":2,\"name\":\"Products\",\"item\":\"https:\\\/\\\/homeofwool.com\\\/header-search-2\\\/\"},{\"@type\":\"ListItem\",\"position\":3,\"name\":\"Half Moon Wool Zafu\"}]},{\"@type\":\"WebSite\",\"@id\":\"https:\\\/\\\/homeofwool.com\\\/#website\",\"url\":\"https:\\\/\\\/homeofwool.com\\\/\",\"name\":\"Home of Wool\",\"description\":\"\",\"publisher\":{\"@id\":\"https:\\\/\\\/homeofwool.com\\\/#organization\"},\"potentialAction\":[{\"@type\":\"SearchAction\",\"target\":{\"@type\":\"EntryPoint\",\"urlTemplate\":\"https:\\\/\\\/homeofwool.com\\\/?s={search_term_string}\"},\"query-input\":{\"@type\":\"PropertyValueSpecification\",\"valueRequired\":true,\"valueName\":\"search_term_string\"}}],\"inLanguage\":\"de\"},{\"@type\":\"Organization\",\"@id\":\"https:\\\/\\\/homeofwool.com\\\/#organization\",\"name\":\"Home of Wool\",\"url\":\"https:\\\/\\\/homeofwool.com\\\/\",\"logo\":{\"@type\":\"ImageObject\",\"inLanguage\":\"de\",\"@id\":\"https:\\\/\\\/homeofwool.com\\\/#\\\/schema\\\/logo\\\/image\\\/\",\"url\":\"https:\\\/\\\/homeofwool.com\\\/wp-content\\\/uploads\\\/2025\\\/09\\\/WhatsApp-Image-2025-12-02-at-16.23.20.jpeg\",\"contentUrl\":\"https:\\\/\\\/homeofwool.com\\\/wp-content\\\/uploads\\\/2025\\\/09\\\/WhatsApp-Image-2025-12-02-at-16.23.20.jpeg\",\"width\":700,\"height\":247,\"caption\":\"Home of Wool\"},\"image\":{\"@id\":\"https:\\\/\\\/homeofwool.com\\\/#\\\/schema\\\/logo\\\/image\\\/\"},\"sameAs\":[\"https:\\\/\\\/facebook.com\\\/HomeOfWoolOfficial\"]}]}<\/script>\n<!-- \/ Yoast SEO Premium plugin. -->","yoast_head_json":{"title":"Halbmond-Zafu \u2013 Individuelles Meditationskissen | Home of Wool","description":"Das atmungsaktive und st\u00fctzende Half Moon Zafu Meditationskissen ist aus Bio-Wolle gefertigt. Es ist hypoallergen und frei von Giftstoffen und sorgt f\u00fcr sicheren, nat\u00fcrlichen Komfort bei der Achtsamkeitspraxis.","robots":{"index":"index","follow":"follow","max-snippet":"max-snippet:-1","max-image-preview":"max-image-preview:large","max-video-preview":"max-video-preview:-1"},"canonical":"https:\/\/homeofwool.com\/de\/shop\/halbmond-zafu\/","og_locale":"de_DE","og_type":"article","og_title":"Half Moon Wool Zafu","og_description":"Breathable and supportive, the Half Moon Zafu meditation cushion is crafted with organic wool. Hypoallergenic and toxin-free, it ensures safe, natural comfort for mindful practice.","og_url":"https:\/\/homeofwool.com\/de\/shop\/halbmond-zafu\/","og_site_name":"Home of Wool","article_publisher":"https:\/\/facebook.com\/HomeOfWoolOfficial","article_modified_time":"2026-02-11T10:11:46+00:00","og_image":[{"width":2000,"height":1600,"url":"https:\/\/homeofwool.com\/wp-content\/uploads\/2025\/09\/home-of-wool-half-moon-wool-zafu-1-main-1.jpg","type":"image\/jpeg"}],"twitter_card":"summary_large_image","twitter_misc":{"Gesch\u00e4tzte Lesezeit":"1\u00a0Minute"},"schema":{"@context":"https:\/\/schema.org","@graph":[{"@type":"WebPage","@id":"https:\/\/homeofwool.com\/shop\/half-moon-zafu\/","url":"https:\/\/homeofwool.com\/shop\/half-moon-zafu\/","name":"Halbmond-Zafu \u2013 Individuelles Meditationskissen | Home of Wool","isPartOf":{"@id":"https:\/\/homeofwool.com\/#website"},"primaryImageOfPage":{"@id":"https:\/\/homeofwool.com\/shop\/half-moon-zafu\/#primaryimage"},"image":{"@id":"https:\/\/homeofwool.com\/shop\/half-moon-zafu\/#primaryimage"},"thumbnailUrl":"https:\/\/homeofwool.com\/wp-content\/uploads\/2025\/09\/home-of-wool-half-moon-wool-zafu-1-main-1.jpg","datePublished":"2025-09-02T12:01:59+00:00","dateModified":"2026-02-11T10:11:46+00:00","description":"Das atmungsaktive und st\u00fctzende Half Moon Zafu Meditationskissen ist aus Bio-Wolle gefertigt. Es ist hypoallergen und frei von Giftstoffen und sorgt f\u00fcr sicheren, nat\u00fcrlichen Komfort bei der Achtsamkeitspraxis.","breadcrumb":{"@id":"https:\/\/homeofwool.com\/shop\/half-moon-zafu\/#breadcrumb"},"inLanguage":"de","potentialAction":[{"@type":"ReadAction","target":["https:\/\/homeofwool.com\/shop\/half-moon-zafu\/"]}]},{"@type":"ImageObject","inLanguage":"de","@id":"https:\/\/homeofwool.com\/shop\/half-moon-zafu\/#primaryimage","url":"https:\/\/homeofwool.com\/wp-content\/uploads\/2025\/09\/home-of-wool-half-moon-wool-zafu-1-main-1.jpg","contentUrl":"https:\/\/homeofwool.com\/wp-content\/uploads\/2025\/09\/home-of-wool-half-moon-wool-zafu-1-main-1.jpg","width":2000,"height":1600,"caption":"Half Moon Wool Zafu"},{"@type":"BreadcrumbList","@id":"https:\/\/homeofwool.com\/shop\/half-moon-zafu\/#breadcrumb","itemListElement":[{"@type":"ListItem","position":1,"name":"Home","item":"https:\/\/homeofwool.com\/"},{"@type":"ListItem","position":2,"name":"Products","item":"https:\/\/homeofwool.com\/header-search-2\/"},{"@type":"ListItem","position":3,"name":"Half Moon Wool Zafu"}]},{"@type":"WebSite","@id":"https:\/\/homeofwool.com\/#website","url":"https:\/\/homeofwool.com\/","name":"Heimat der Wolle","description":"","publisher":{"@id":"https:\/\/homeofwool.com\/#organization"},"potentialAction":[{"@type":"SearchAction","target":{"@type":"EntryPoint","urlTemplate":"https:\/\/homeofwool.com\/?s={search_term_string}"},"query-input":{"@type":"PropertyValueSpecification","valueRequired":true,"valueName":"search_term_string"}}],"inLanguage":"de"},{"@type":"Organization","@id":"https:\/\/homeofwool.com\/#organization","name":"Heimat der Wolle","url":"https:\/\/homeofwool.com\/","logo":{"@type":"ImageObject","inLanguage":"de","@id":"https:\/\/homeofwool.com\/#\/schema\/logo\/image\/","url":"https:\/\/homeofwool.com\/wp-content\/uploads\/2025\/09\/WhatsApp-Image-2025-12-02-at-16.23.20.jpeg","contentUrl":"https:\/\/homeofwool.com\/wp-content\/uploads\/2025\/09\/WhatsApp-Image-2025-12-02-at-16.23.20.jpeg","width":700,"height":247,"caption":"Home of Wool"},"image":{"@id":"https:\/\/homeofwool.com\/#\/schema\/logo\/image\/"},"sameAs":["https:\/\/facebook.com\/HomeOfWoolOfficial"]}]}},"_links":{"self":[{"href":"https:\/\/homeofwool.com\/de\/wp-json\/wp\/v2\/product\/217636","targetHints":{"allow":["GET"]}}],"collection":[{"href":"https:\/\/homeofwool.com\/de\/wp-json\/wp\/v2\/product"}],"about":[{"href":"https:\/\/homeofwool.com\/de\/wp-json\/wp\/v2\/types\/product"}],"version-history":[{"count":2,"href":"https:\/\/homeofwool.com\/de\/wp-json\/wp\/v2\/product\/217636\/revisions"}],"predecessor-version":[{"id":226704,"href":"https:\/\/homeofwool.com\/de\/wp-json\/wp\/v2\/product\/217636\/revisions\/226704"}],"wp:featuredmedia":[{"embeddable":true,"href":"https:\/\/homeofwool.com\/de\/wp-json\/wp\/v2\/media\/219688"}],"wp:attachment":[{"href":"https:\/\/homeofwool.com\/de\/wp-json\/wp\/v2\/media?parent=217636"}],"wp:term":[{"taxonomy":"product_brand","embeddable":true,"href":"https:\/\/homeofwool.com\/de\/wp-json\/wp\/v2\/product_brand?post=217636"},{"taxonomy":"product_cat","embeddable":true,"href":"https:\/\/homeofwool.com\/de\/wp-json\/wp\/v2\/product_cat?post=217636"},{"taxonomy":"product_tag","embeddable":true,"href":"https:\/\/homeofwool.com\/de\/wp-json\/wp\/v2\/product_tag?post=217636"}],"curies":[{"name":"wp","href":"https:\/\/api.w.org\/{rel}","templated":true}]}}