{"id":217631,"date":"2025-09-02T12:01:58","date_gmt":"2025-09-02T12:01:58","guid":{"rendered":"https:\/\/homeofwool.com\/?post_type=product&#038;p=217631"},"modified":"2026-03-31T11:39:34","modified_gmt":"2026-03-31T11:39:34","slug":"masgefertigte-zero-waste-matratze","status":"publish","type":"product","link":"https:\/\/homeofwool.com\/de\/shop\/custom-zero-waste-mattress\/","title":{"rendered":"Null-Abfall-Wollmatratze"},"content":{"rendered":"<p>Die Zero Waste Wool Matratze bietet Ihnen die charakteristische Handwerkskunst von Home of Wool auf eine zug\u00e4nglichere Weise. Jede Wollmatratze aus Stoffresten wird aus gr\u00f6\u00dferen Stoffresten hergestellt und sorgf\u00e4ltig in parallelen Linien gen\u00e4ht, um eine glatte und bequeme Oberfl\u00e4che zu schaffen. Dieser durchdachte Prozess reduziert Abfall und erm\u00f6glicht es uns, eine erschwingliche Naturmatratze anzubieten, ohne dabei Abstriche bei der Qualit\u00e4t, Haltbarkeit oder St\u00fctzkraft zu machen, die Sie erwarten.<\/p>\n<p>Wir f\u00fcllen jede Matratze mit Bio-Wolle. Diese l\u00e4sst Luft durch, sodass Sie nicht \u00fcberhitzen. Diese umweltfreundliche Matratze ist frei von synthetischen Stoffen und sch\u00e4dlichen Chemikalien und ideal f\u00fcr Menschen mit Allergien, Asthma oder Empfindlichkeiten. Sie ist auch die beste L\u00f6sung f\u00fcr Menschen, die im Schlaf leicht schwitzen.<\/p>\n<p>Mit der Entscheidung f\u00fcr diese Matratze aus Stoffresten tragen Sie dazu bei, wertvolle Materialien von M\u00fclldeponien fernzuhalten, und genie\u00dfen gleichzeitig die wohltuenden Eigenschaften nat\u00fcrlicher Wolle. Es handelt sich um eine preisg\u00fcnstige Bio-Matratze, die sowohl Ihrem Wohlbefinden als auch unserem Planeten zugute kommt. Optional sind ein Wollschutzbezug oder ein abnehmbarer Bezug erh\u00e4ltlich.<\/p>","protected":false},"excerpt":{"rendered":"<p>Unsere Zero Waste Wool Matratze bietet denselben Home of Wool-Komfort, den Sie lieben, und das zu einem Preis, der bis zu 20% unter dem regul\u00e4ren Preis f\u00fcr Wollmatratzen liegt. Sorgf\u00e4ltig aus Restmaterialien hergestellt, ist diese nachhaltige Matratze sowohl gut f\u00fcr Sie als auch f\u00fcr den Planeten. Diese Matratzen werden mit Sorgfalt von Hand gen\u00e4ht und verwandeln Stoffreste in dauerhaften Komfort und Wert. Erleben Sie eine umweltfreundliche Schlafl\u00f6sung, ohne Kompromisse bei Qualit\u00e4t oder Komfort einzugehen.<\/p>","protected":false},"featured_media":226473,"template":"","meta":{"_acf_changed":false},"product_brand":[],"product_cat":[252,551],"product_tag":[175,176,177,178,179,180,181,182,183,52,184,185,186,187,188,189,190,191,192,193,194,195,196,197,198,199,149,200,201,202,203],"class_list":{"0":"post-217631","1":"product","2":"type-product","3":"status-publish","4":"has-post-thumbnail","6":"product_cat-mattresses","7":"product_cat-zero-waste-mattresses","8":"product_tag-affordable-natural-mattress","9":"product_tag-all-natural-futon","10":"product_tag-artisanal-mattress","11":"product_tag-bed-mattress","12":"product_tag-double-mattress","13":"product_tag-extra-long-twin-mattress","14":"product_tag-firm-mattress","15":"product_tag-floor-bed-mattress","16":"product_tag-french-antique-bed","17":"product_tag-french-mattress","18":"product_tag-full-size-mattress-set","19":"product_tag-handmade-mattress","20":"product_tag-hard-mattress","21":"product_tag-hypoallergenic-bed","22":"product_tag-low-voc-mattress","23":"product_tag-mattress-full","24":"product_tag-mattress-full-size","25":"product_tag-mattress-sets","26":"product_tag-mattress-without-flame-retardant","27":"product_tag-natural-mattress","28":"product_tag-organic-foldable-bed","29":"product_tag-organic-mattress","30":"product_tag-queen-mattress","31":"product_tag-safe-mattresses","32":"product_tag-short-queen-mattress","33":"product_tag-single-mattress","34":"product_tag-steps","35":"product_tag-twin-bed-mattress","36":"product_tag-twin-mattress","37":"product_tag-twin-xl-mattress","38":"product_tag-wool-mattress","40":"first","41":"instock","42":"shipping-taxable","43":"purchasable","44":"product-type-simple"},"acf":[],"yoast_head":"<!-- This site is optimized with the Yoast SEO Premium plugin v27.3 (Yoast SEO v27.3) - https:\/\/yoast.com\/product\/yoast-seo-premium-wordpress\/ -->\n<title>Zero Waste Wool Mattress \u2013 Eco-Friendly &amp; Affordable | Home of Wool<\/title>\n<meta name=\"description\" content=\"Sustainable, breathable, and chemical-free, the Zero Waste Wool Mattress turns leftover fabrics into lasting comfort. Organic wool provides eco-friendly, supportive sleep.\" \/>\n<meta name=\"robots\" content=\"index, follow, max-snippet:-1, max-image-preview:large, max-video-preview:-1\" \/>\n<link rel=\"canonical\" href=\"https:\/\/homeofwool.com\/de\/shop\/masgefertigte-zero-waste-matratze\/\" \/>\n<meta property=\"og:locale\" content=\"de_DE\" \/>\n<meta property=\"og:type\" content=\"article\" \/>\n<meta property=\"og:title\" content=\"Zero Waste Wool Mattress\" \/>\n<meta property=\"og:description\" content=\"Sustainable, breathable, and chemical-free, the Zero Waste Wool Mattress turns leftover fabrics into lasting comfort. Organic wool provides eco-friendly, supportive sleep.\" \/>\n<meta property=\"og:url\" content=\"https:\/\/homeofwool.com\/de\/shop\/masgefertigte-zero-waste-matratze\/\" \/>\n<meta property=\"og:site_name\" content=\"Home of Wool\" \/>\n<meta property=\"article:publisher\" content=\"https:\/\/facebook.com\/HomeOfWoolOfficial\" \/>\n<meta property=\"article:modified_time\" content=\"2026-03-31T11:39:34+00:00\" \/>\n<meta property=\"og:image\" content=\"https:\/\/homeofwool.com\/wp-content\/uploads\/2025\/09\/home-of-wool-zero-waste-mattress-10.jpg\" \/>\n\t<meta property=\"og:image:width\" content=\"1920\" \/>\n\t<meta property=\"og:image:height\" content=\"1536\" \/>\n\t<meta property=\"og:image:type\" content=\"image\/jpeg\" \/>\n<meta name=\"twitter:card\" content=\"summary_large_image\" \/>\n<meta name=\"twitter:label1\" content=\"Gesch\u00e4tzte Lesezeit\" \/>\n\t<meta name=\"twitter:data1\" content=\"1\u00a0Minute\" \/>\n<script type=\"application\/ld+json\" class=\"yoast-schema-graph\">{\"@context\":\"https:\\\/\\\/schema.org\",\"@graph\":[{\"@type\":\"WebPage\",\"@id\":\"https:\\\/\\\/homeofwool.com\\\/shop\\\/custom-zero-waste-mattress\\\/\",\"url\":\"https:\\\/\\\/homeofwool.com\\\/shop\\\/custom-zero-waste-mattress\\\/\",\"name\":\"Zero Waste Wool Mattress \u2013 Eco-Friendly & Affordable | Home of Wool\",\"isPartOf\":{\"@id\":\"https:\\\/\\\/homeofwool.com\\\/#website\"},\"primaryImageOfPage\":{\"@id\":\"https:\\\/\\\/homeofwool.com\\\/shop\\\/custom-zero-waste-mattress\\\/#primaryimage\"},\"image\":{\"@id\":\"https:\\\/\\\/homeofwool.com\\\/shop\\\/custom-zero-waste-mattress\\\/#primaryimage\"},\"thumbnailUrl\":\"https:\\\/\\\/homeofwool.com\\\/wp-content\\\/uploads\\\/2025\\\/09\\\/home-of-wool-zero-waste-mattress-10.jpg\",\"datePublished\":\"2025-09-02T12:01:58+00:00\",\"dateModified\":\"2026-03-31T11:39:34+00:00\",\"description\":\"Sustainable, breathable, and chemical-free, the Zero Waste Wool Mattress turns leftover fabrics into lasting comfort. Organic wool provides eco-friendly, supportive sleep.\",\"breadcrumb\":{\"@id\":\"https:\\\/\\\/homeofwool.com\\\/shop\\\/custom-zero-waste-mattress\\\/#breadcrumb\"},\"inLanguage\":\"de\",\"potentialAction\":[{\"@type\":\"ReadAction\",\"target\":[\"https:\\\/\\\/homeofwool.com\\\/shop\\\/custom-zero-waste-mattress\\\/\"]}]},{\"@type\":\"ImageObject\",\"inLanguage\":\"de\",\"@id\":\"https:\\\/\\\/homeofwool.com\\\/shop\\\/custom-zero-waste-mattress\\\/#primaryimage\",\"url\":\"https:\\\/\\\/homeofwool.com\\\/wp-content\\\/uploads\\\/2025\\\/09\\\/home-of-wool-zero-waste-mattress-10.jpg\",\"contentUrl\":\"https:\\\/\\\/homeofwool.com\\\/wp-content\\\/uploads\\\/2025\\\/09\\\/home-of-wool-zero-waste-mattress-10.jpg\",\"width\":1920,\"height\":1536,\"caption\":\"zero waste wool mattress showing handles\"},{\"@type\":\"BreadcrumbList\",\"@id\":\"https:\\\/\\\/homeofwool.com\\\/shop\\\/custom-zero-waste-mattress\\\/#breadcrumb\",\"itemListElement\":[{\"@type\":\"ListItem\",\"position\":1,\"name\":\"Home\",\"item\":\"https:\\\/\\\/homeofwool.com\\\/\"},{\"@type\":\"ListItem\",\"position\":2,\"name\":\"Products\",\"item\":\"https:\\\/\\\/homeofwool.com\\\/header-search-2\\\/\"},{\"@type\":\"ListItem\",\"position\":3,\"name\":\"Zero Waste Wool Mattress\"}]},{\"@type\":\"WebSite\",\"@id\":\"https:\\\/\\\/homeofwool.com\\\/#website\",\"url\":\"https:\\\/\\\/homeofwool.com\\\/\",\"name\":\"Home of Wool\",\"description\":\"\",\"publisher\":{\"@id\":\"https:\\\/\\\/homeofwool.com\\\/#organization\"},\"potentialAction\":[{\"@type\":\"SearchAction\",\"target\":{\"@type\":\"EntryPoint\",\"urlTemplate\":\"https:\\\/\\\/homeofwool.com\\\/?s={search_term_string}\"},\"query-input\":{\"@type\":\"PropertyValueSpecification\",\"valueRequired\":true,\"valueName\":\"search_term_string\"}}],\"inLanguage\":\"de\"},{\"@type\":\"Organization\",\"@id\":\"https:\\\/\\\/homeofwool.com\\\/#organization\",\"name\":\"Home of Wool\",\"url\":\"https:\\\/\\\/homeofwool.com\\\/\",\"logo\":{\"@type\":\"ImageObject\",\"inLanguage\":\"de\",\"@id\":\"https:\\\/\\\/homeofwool.com\\\/#\\\/schema\\\/logo\\\/image\\\/\",\"url\":\"https:\\\/\\\/homeofwool.com\\\/wp-content\\\/uploads\\\/2025\\\/09\\\/WhatsApp-Image-2025-12-02-at-16.23.20.jpeg\",\"contentUrl\":\"https:\\\/\\\/homeofwool.com\\\/wp-content\\\/uploads\\\/2025\\\/09\\\/WhatsApp-Image-2025-12-02-at-16.23.20.jpeg\",\"width\":700,\"height\":247,\"caption\":\"Home of Wool\"},\"image\":{\"@id\":\"https:\\\/\\\/homeofwool.com\\\/#\\\/schema\\\/logo\\\/image\\\/\"},\"sameAs\":[\"https:\\\/\\\/facebook.com\\\/HomeOfWoolOfficial\"]}]}<\/script>\n<!-- \/ Yoast SEO Premium plugin. -->","yoast_head_json":{"title":"Zero Waste Wollmatratze \u2013 umweltfreundlich und erschwinglich | Home of Wool","description":"Die Zero Waste Wool Matratze ist nachhaltig, atmungsaktiv und frei von Chemikalien und verwandelt Stoffreste in dauerhaften Komfort. Bio-Wolle sorgt f\u00fcr umweltfreundlichen, st\u00fctzenden Schlaf.","robots":{"index":"index","follow":"follow","max-snippet":"max-snippet:-1","max-image-preview":"max-image-preview:large","max-video-preview":"max-video-preview:-1"},"canonical":"https:\/\/homeofwool.com\/de\/shop\/masgefertigte-zero-waste-matratze\/","og_locale":"de_DE","og_type":"article","og_title":"Zero Waste Wool Mattress","og_description":"Sustainable, breathable, and chemical-free, the Zero Waste Wool Mattress turns leftover fabrics into lasting comfort. Organic wool provides eco-friendly, supportive sleep.","og_url":"https:\/\/homeofwool.com\/de\/shop\/masgefertigte-zero-waste-matratze\/","og_site_name":"Home of Wool","article_publisher":"https:\/\/facebook.com\/HomeOfWoolOfficial","article_modified_time":"2026-03-31T11:39:34+00:00","og_image":[{"width":1920,"height":1536,"url":"https:\/\/homeofwool.com\/wp-content\/uploads\/2025\/09\/home-of-wool-zero-waste-mattress-10.jpg","type":"image\/jpeg"}],"twitter_card":"summary_large_image","twitter_misc":{"Gesch\u00e4tzte Lesezeit":"1\u00a0Minute"},"schema":{"@context":"https:\/\/schema.org","@graph":[{"@type":"WebPage","@id":"https:\/\/homeofwool.com\/shop\/custom-zero-waste-mattress\/","url":"https:\/\/homeofwool.com\/shop\/custom-zero-waste-mattress\/","name":"Zero Waste Wollmatratze \u2013 umweltfreundlich und erschwinglich | Home of Wool","isPartOf":{"@id":"https:\/\/homeofwool.com\/#website"},"primaryImageOfPage":{"@id":"https:\/\/homeofwool.com\/shop\/custom-zero-waste-mattress\/#primaryimage"},"image":{"@id":"https:\/\/homeofwool.com\/shop\/custom-zero-waste-mattress\/#primaryimage"},"thumbnailUrl":"https:\/\/homeofwool.com\/wp-content\/uploads\/2025\/09\/home-of-wool-zero-waste-mattress-10.jpg","datePublished":"2025-09-02T12:01:58+00:00","dateModified":"2026-03-31T11:39:34+00:00","description":"Die Zero Waste Wool Matratze ist nachhaltig, atmungsaktiv und frei von Chemikalien und verwandelt Stoffreste in dauerhaften Komfort. Bio-Wolle sorgt f\u00fcr umweltfreundlichen, st\u00fctzenden Schlaf.","breadcrumb":{"@id":"https:\/\/homeofwool.com\/shop\/custom-zero-waste-mattress\/#breadcrumb"},"inLanguage":"de","potentialAction":[{"@type":"ReadAction","target":["https:\/\/homeofwool.com\/shop\/custom-zero-waste-mattress\/"]}]},{"@type":"ImageObject","inLanguage":"de","@id":"https:\/\/homeofwool.com\/shop\/custom-zero-waste-mattress\/#primaryimage","url":"https:\/\/homeofwool.com\/wp-content\/uploads\/2025\/09\/home-of-wool-zero-waste-mattress-10.jpg","contentUrl":"https:\/\/homeofwool.com\/wp-content\/uploads\/2025\/09\/home-of-wool-zero-waste-mattress-10.jpg","width":1920,"height":1536,"caption":"zero waste wool mattress showing handles"},{"@type":"BreadcrumbList","@id":"https:\/\/homeofwool.com\/shop\/custom-zero-waste-mattress\/#breadcrumb","itemListElement":[{"@type":"ListItem","position":1,"name":"Home","item":"https:\/\/homeofwool.com\/"},{"@type":"ListItem","position":2,"name":"Products","item":"https:\/\/homeofwool.com\/header-search-2\/"},{"@type":"ListItem","position":3,"name":"Zero Waste Wool Mattress"}]},{"@type":"WebSite","@id":"https:\/\/homeofwool.com\/#website","url":"https:\/\/homeofwool.com\/","name":"Heimat der Wolle","description":"","publisher":{"@id":"https:\/\/homeofwool.com\/#organization"},"potentialAction":[{"@type":"SearchAction","target":{"@type":"EntryPoint","urlTemplate":"https:\/\/homeofwool.com\/?s={search_term_string}"},"query-input":{"@type":"PropertyValueSpecification","valueRequired":true,"valueName":"search_term_string"}}],"inLanguage":"de"},{"@type":"Organization","@id":"https:\/\/homeofwool.com\/#organization","name":"Heimat der Wolle","url":"https:\/\/homeofwool.com\/","logo":{"@type":"ImageObject","inLanguage":"de","@id":"https:\/\/homeofwool.com\/#\/schema\/logo\/image\/","url":"https:\/\/homeofwool.com\/wp-content\/uploads\/2025\/09\/WhatsApp-Image-2025-12-02-at-16.23.20.jpeg","contentUrl":"https:\/\/homeofwool.com\/wp-content\/uploads\/2025\/09\/WhatsApp-Image-2025-12-02-at-16.23.20.jpeg","width":700,"height":247,"caption":"Home of Wool"},"image":{"@id":"https:\/\/homeofwool.com\/#\/schema\/logo\/image\/"},"sameAs":["https:\/\/facebook.com\/HomeOfWoolOfficial"]}]}},"_links":{"self":[{"href":"https:\/\/homeofwool.com\/de\/wp-json\/wp\/v2\/product\/217631","targetHints":{"allow":["GET"]}}],"collection":[{"href":"https:\/\/homeofwool.com\/de\/wp-json\/wp\/v2\/product"}],"about":[{"href":"https:\/\/homeofwool.com\/de\/wp-json\/wp\/v2\/types\/product"}],"version-history":[{"count":2,"href":"https:\/\/homeofwool.com\/de\/wp-json\/wp\/v2\/product\/217631\/revisions"}],"predecessor-version":[{"id":226497,"href":"https:\/\/homeofwool.com\/de\/wp-json\/wp\/v2\/product\/217631\/revisions\/226497"}],"wp:featuredmedia":[{"embeddable":true,"href":"https:\/\/homeofwool.com\/de\/wp-json\/wp\/v2\/media\/226473"}],"wp:attachment":[{"href":"https:\/\/homeofwool.com\/de\/wp-json\/wp\/v2\/media?parent=217631"}],"wp:term":[{"taxonomy":"product_brand","embeddable":true,"href":"https:\/\/homeofwool.com\/de\/wp-json\/wp\/v2\/product_brand?post=217631"},{"taxonomy":"product_cat","embeddable":true,"href":"https:\/\/homeofwool.com\/de\/wp-json\/wp\/v2\/product_cat?post=217631"},{"taxonomy":"product_tag","embeddable":true,"href":"https:\/\/homeofwool.com\/de\/wp-json\/wp\/v2\/product_tag?post=217631"}],"curies":[{"name":"wp","href":"https:\/\/api.w.org\/{rel}","templated":true}]}}