{"id":217617,"date":"2025-09-02T12:01:44","date_gmt":"2025-09-02T12:01:44","guid":{"rendered":"https:\/\/homeofwool.com\/?post_type=product&#038;p=217617"},"modified":"2026-02-11T10:47:50","modified_gmt":"2026-02-11T10:47:50","slug":"hundematratze","status":"publish","type":"product","link":"https:\/\/homeofwool.com\/de\/shop\/dog-mattress\/","title":{"rendered":"Hundematratze aus Wolle"},"content":{"rendered":"<p>Die Bio-Wollmatratze f\u00fcr Hunde, in die sich Ihr Vierbeiner verlieben wird. Dieses nat\u00fcrliche Hundebett ist nat\u00fcrlich atmungsaktiv, hypoallergen, ungiftig und bietet optimale Unterst\u00fctzung. Es verf\u00fcgt \u00fcber eine F\u00fcllung aus reiner Wolle und strapazierf\u00e4hige Premium-Stoffe. Hunde f\u00fchlen sich durch den nat\u00fcrlichen Geruch von Wolle wohl. Deshalb wird auch Ihr Hund dieses Bett zu seinem Lieblingsplatz zu Hause machen.<\/p>\n<p>Diese nat\u00fcrliche Hundematratze wird aus reiner Bio-Wolle handgefertigt, die die Temperatur Ihres Haustieres das ganze Jahr \u00fcber auf nat\u00fcrliche Weise reguliert. Das ist richtig, dies ist die perfekte K\u00fchlmatratze f\u00fcr Hunde. Wolle ist von Natur aus bakterienresistent, was dazu beitr\u00e4gt, Ger\u00fcche zu verhindern und das Bett frisch zu halten.<\/p>\n<p>Dieses pflegeleichte und langlebige Hundekissen mit abnehmbarem Bezug ist vollst\u00e4ndig anpassbar und in einer Vielzahl hochwertiger Stoffe erh\u00e4ltlich. Ob Ihr Hund gro\u00df oder klein ist, diese Matratze bietet die richtige Mischung aus Komfort und optimaler Unterst\u00fctzung.<\/p>","protected":false},"excerpt":{"rendered":"<p>Bieten Sie Ihrem vierbeinigen Freund h\u00f6chsten Komfort mit diesem gro\u00dfen Hundebett. Eine handgefertigte Hundematratze aus reiner Wolle und hochwertigen Naturstoffen. Sie sorgt daf\u00fcr, dass Ihr Haustier bequem liegt und das Bett sauber und trocken bleibt. Mit einem abnehmbaren, waschbaren Bezug, einem wasser- und schmutzabweisenden Futter und einer nat\u00fcrlichen F\u00fcllung bietet dieses Hundekissen lang anhaltende Frische, einfache Pflege und nat\u00fcrlichen Komfort, den Ihr Hund lieben wird.<\/p>\n<div class=\"global-icon-set\">\n<div class=\"global-icon-set__items\">\n<div class=\"global-icon-set__item\">\n<div class=\"global-icon-set__image\">\n                                    <img decoding=\"async\" src=\"https:\/\/homeofwool.com\/wp-content\/uploads\/2025\/09\/handmade-icon-300x300.png\" alt=\"handgefertigte Ikone\" \/>\n                                <\/div>\n<div class=\"global-icon-set__title\">Handgefertigt<\/div>\n<\/p><\/div>\n<div class=\"global-icon-set__item\">\n<div class=\"global-icon-set__image\">\n                                    <img decoding=\"async\" src=\"https:\/\/homeofwool.com\/wp-content\/uploads\/2025\/09\/VOCs-min-300x300.png\" alt=\"vocs frei\" \/>\n                                <\/div>\n<div class=\"global-icon-set__title\">VOC-frei<\/div>\n<\/p><\/div>\n<div class=\"global-icon-set__item\">\n<div class=\"global-icon-set__image\">\n                                    <img decoding=\"async\" src=\"https:\/\/homeofwool.com\/wp-content\/uploads\/2025\/09\/FR-min-300x300.png\" alt=\"feuerfestes Symbol\" \/>\n                                <\/div>\n<div class=\"global-icon-set__title\">Schwer entflammbar<\/div>\n<\/p><\/div>\n<div class=\"global-icon-set__item\">\n<div class=\"global-icon-set__image\">\n                                    <img decoding=\"async\" src=\"https:\/\/homeofwool.com\/wp-content\/uploads\/2025\/09\/Hypoallergenic-min-300x300.png\" alt=\"hypoallergenes Symbol\" \/>\n                                <\/div>\n<div class=\"global-icon-set__title\">Hypoallergen<\/div>\n<\/p><\/div>\n<div class=\"global-icon-set__item\">\n<div class=\"global-icon-set__image\">\n                                    <img decoding=\"async\" src=\"https:\/\/homeofwool.com\/wp-content\/uploads\/2025\/09\/free-of-synthetics-icon-300x300.png\" alt=\"frei von synthetischen Stoffen Symbol\" \/>\n                                <\/div>\n<div class=\"global-icon-set__title\">Frei von synthetischen Stoffen<\/div>\n<\/p><\/div>\n<div class=\"global-icon-set__item\">\n<div class=\"global-icon-set__image\">\n                                    <img decoding=\"async\" src=\"https:\/\/homeofwool.com\/wp-content\/uploads\/2025\/09\/chemical-free-icon-300x300.png\" alt=\"Symbol f\u00fcr Chemikalienfreiheit\" \/>\n                                <\/div>\n<div class=\"global-icon-set__title\">Chemikalienfrei<\/div>\n<\/p><\/div>\n<div class=\"global-icon-set__item\">\n<div class=\"global-icon-set__image\">\n                                    <img decoding=\"async\" src=\"https:\/\/homeofwool.com\/wp-content\/uploads\/2025\/09\/anti-bacterial-icon-300x300.png\" alt=\"antibakterielles Symbol\" \/>\n                                <\/div>\n<div class=\"global-icon-set__title\">Anti-mikrobiell &amp; Anti-bakteriell<\/div>\n<\/p><\/div>\n<div class=\"global-icon-set__item\">\n<div class=\"global-icon-set__image\">\n                                    <img decoding=\"async\" src=\"https:\/\/homeofwool.com\/wp-content\/uploads\/2025\/09\/certified-materials-icon-300x300.png\" alt=\"Symbol f\u00fcr zertifizierte Materialien\" \/>\n                                <\/div>\n<div class=\"global-icon-set__title\">100% Reine zertifizierte Materialien<\/div>\n<\/p><\/div>\n<\/p><\/div>\n<\/p><\/div>","protected":false},"featured_media":218624,"template":"","meta":{"_acf_changed":false},"product_brand":[],"product_cat":[154],"product_tag":[155,537,157,160,538,539,540,541,149],"class_list":{"0":"post-217617","1":"product","2":"type-product","3":"status-publish","4":"has-post-thumbnail","6":"product_cat-pet-beds","7":"product_tag-cat-bed","8":"product_tag-custom-pet-bed-cushion","9":"product_tag-dog-bed","10":"product_tag-organic-pet-bed","11":"product_tag-oval-pet-bed-cushion","12":"product_tag-pet-bed","13":"product_tag-pet-cushion","14":"product_tag-square-pet-bed-cushion","15":"product_tag-steps","17":"first","18":"instock","19":"shipping-taxable","20":"purchasable","21":"product-type-simple"},"acf":[],"yoast_head":"<!-- This site is optimized with the Yoast SEO Premium plugin v27.3 (Yoast SEO v27.3) - https:\/\/yoast.com\/product\/yoast-seo-premium-wordpress\/ -->\n<title>Dog Mattress \u2013 Large Dog Bed | Home of Wool<\/title>\n<meta name=\"description\" content=\"The Dog Mattress offers breathable wool filling for pets. Hypoallergenic and toxin-free, it provides supportive, sustainable, and natural comfort for large dogs and everyday rest.\" \/>\n<meta name=\"robots\" content=\"index, follow, max-snippet:-1, max-image-preview:large, max-video-preview:-1\" \/>\n<link rel=\"canonical\" href=\"https:\/\/homeofwool.com\/de\/shop\/hundematratze\/\" \/>\n<meta property=\"og:locale\" content=\"de_DE\" \/>\n<meta property=\"og:type\" content=\"article\" \/>\n<meta property=\"og:title\" content=\"Wool Dog Mattress\" \/>\n<meta property=\"og:description\" content=\"The Dog Mattress offers breathable wool filling for pets. Hypoallergenic and toxin-free, it provides supportive, sustainable, and natural comfort for large dogs and everyday rest.\" \/>\n<meta property=\"og:url\" content=\"https:\/\/homeofwool.com\/de\/shop\/hundematratze\/\" \/>\n<meta property=\"og:site_name\" content=\"Home of Wool\" \/>\n<meta property=\"article:publisher\" content=\"https:\/\/facebook.com\/HomeOfWoolOfficial\" \/>\n<meta property=\"article:modified_time\" content=\"2026-02-11T10:47:50+00:00\" \/>\n<meta property=\"og:image\" content=\"https:\/\/homeofwool.com\/wp-content\/uploads\/2025\/09\/home-of-wool-wool-dog-mattress-1-main.jpg\" \/>\n\t<meta property=\"og:image:width\" content=\"2400\" \/>\n\t<meta property=\"og:image:height\" content=\"1920\" \/>\n\t<meta property=\"og:image:type\" content=\"image\/jpeg\" \/>\n<meta name=\"twitter:card\" content=\"summary_large_image\" \/>\n<meta name=\"twitter:label1\" content=\"Gesch\u00e4tzte Lesezeit\" \/>\n\t<meta name=\"twitter:data1\" content=\"1\u00a0Minute\" \/>\n<script type=\"application\/ld+json\" class=\"yoast-schema-graph\">{\"@context\":\"https:\\\/\\\/schema.org\",\"@graph\":[{\"@type\":\"WebPage\",\"@id\":\"https:\\\/\\\/homeofwool.com\\\/shop\\\/dog-mattress\\\/\",\"url\":\"https:\\\/\\\/homeofwool.com\\\/shop\\\/dog-mattress\\\/\",\"name\":\"Dog Mattress \u2013 Large Dog Bed | Home of Wool\",\"isPartOf\":{\"@id\":\"https:\\\/\\\/homeofwool.com\\\/#website\"},\"primaryImageOfPage\":{\"@id\":\"https:\\\/\\\/homeofwool.com\\\/shop\\\/dog-mattress\\\/#primaryimage\"},\"image\":{\"@id\":\"https:\\\/\\\/homeofwool.com\\\/shop\\\/dog-mattress\\\/#primaryimage\"},\"thumbnailUrl\":\"https:\\\/\\\/homeofwool.com\\\/wp-content\\\/uploads\\\/2025\\\/09\\\/home-of-wool-wool-dog-mattress-1-main.jpg\",\"datePublished\":\"2025-09-02T12:01:44+00:00\",\"dateModified\":\"2026-02-11T10:47:50+00:00\",\"description\":\"The Dog Mattress offers breathable wool filling for pets. Hypoallergenic and toxin-free, it provides supportive, sustainable, and natural comfort for large dogs and everyday rest.\",\"breadcrumb\":{\"@id\":\"https:\\\/\\\/homeofwool.com\\\/shop\\\/dog-mattress\\\/#breadcrumb\"},\"inLanguage\":\"de\",\"potentialAction\":[{\"@type\":\"ReadAction\",\"target\":[\"https:\\\/\\\/homeofwool.com\\\/shop\\\/dog-mattress\\\/\"]}]},{\"@type\":\"ImageObject\",\"inLanguage\":\"de\",\"@id\":\"https:\\\/\\\/homeofwool.com\\\/shop\\\/dog-mattress\\\/#primaryimage\",\"url\":\"https:\\\/\\\/homeofwool.com\\\/wp-content\\\/uploads\\\/2025\\\/09\\\/home-of-wool-wool-dog-mattress-1-main.jpg\",\"contentUrl\":\"https:\\\/\\\/homeofwool.com\\\/wp-content\\\/uploads\\\/2025\\\/09\\\/home-of-wool-wool-dog-mattress-1-main.jpg\",\"width\":2400,\"height\":1920,\"caption\":\"big dog on a wool dog mattress\"},{\"@type\":\"BreadcrumbList\",\"@id\":\"https:\\\/\\\/homeofwool.com\\\/shop\\\/dog-mattress\\\/#breadcrumb\",\"itemListElement\":[{\"@type\":\"ListItem\",\"position\":1,\"name\":\"Home\",\"item\":\"https:\\\/\\\/homeofwool.com\\\/\"},{\"@type\":\"ListItem\",\"position\":2,\"name\":\"Products\",\"item\":\"https:\\\/\\\/homeofwool.com\\\/header-search-2\\\/\"},{\"@type\":\"ListItem\",\"position\":3,\"name\":\"Wool Dog Mattress\"}]},{\"@type\":\"WebSite\",\"@id\":\"https:\\\/\\\/homeofwool.com\\\/#website\",\"url\":\"https:\\\/\\\/homeofwool.com\\\/\",\"name\":\"Home of Wool\",\"description\":\"\",\"publisher\":{\"@id\":\"https:\\\/\\\/homeofwool.com\\\/#organization\"},\"potentialAction\":[{\"@type\":\"SearchAction\",\"target\":{\"@type\":\"EntryPoint\",\"urlTemplate\":\"https:\\\/\\\/homeofwool.com\\\/?s={search_term_string}\"},\"query-input\":{\"@type\":\"PropertyValueSpecification\",\"valueRequired\":true,\"valueName\":\"search_term_string\"}}],\"inLanguage\":\"de\"},{\"@type\":\"Organization\",\"@id\":\"https:\\\/\\\/homeofwool.com\\\/#organization\",\"name\":\"Home of Wool\",\"url\":\"https:\\\/\\\/homeofwool.com\\\/\",\"logo\":{\"@type\":\"ImageObject\",\"inLanguage\":\"de\",\"@id\":\"https:\\\/\\\/homeofwool.com\\\/#\\\/schema\\\/logo\\\/image\\\/\",\"url\":\"https:\\\/\\\/homeofwool.com\\\/wp-content\\\/uploads\\\/2025\\\/09\\\/WhatsApp-Image-2025-12-02-at-16.23.20.jpeg\",\"contentUrl\":\"https:\\\/\\\/homeofwool.com\\\/wp-content\\\/uploads\\\/2025\\\/09\\\/WhatsApp-Image-2025-12-02-at-16.23.20.jpeg\",\"width\":700,\"height\":247,\"caption\":\"Home of Wool\"},\"image\":{\"@id\":\"https:\\\/\\\/homeofwool.com\\\/#\\\/schema\\\/logo\\\/image\\\/\"},\"sameAs\":[\"https:\\\/\\\/facebook.com\\\/HomeOfWoolOfficial\"]}]}<\/script>\n<!-- \/ Yoast SEO Premium plugin. -->","yoast_head_json":{"title":"Hundematratze \u2013 Gro\u00dfes Hundebett | Home of Wool","description":"Die Hundematratze bietet eine atmungsaktive Wollf\u00fcllung f\u00fcr Haustiere. Sie ist hypoallergen und frei von Giftstoffen und bietet gro\u00dfen Hunden sowie f\u00fcr die t\u00e4gliche Ruhepause st\u00fctzenden, nachhaltigen und nat\u00fcrlichen Komfort.","robots":{"index":"index","follow":"follow","max-snippet":"max-snippet:-1","max-image-preview":"max-image-preview:large","max-video-preview":"max-video-preview:-1"},"canonical":"https:\/\/homeofwool.com\/de\/shop\/hundematratze\/","og_locale":"de_DE","og_type":"article","og_title":"Wool Dog Mattress","og_description":"The Dog Mattress offers breathable wool filling for pets. Hypoallergenic and toxin-free, it provides supportive, sustainable, and natural comfort for large dogs and everyday rest.","og_url":"https:\/\/homeofwool.com\/de\/shop\/hundematratze\/","og_site_name":"Home of Wool","article_publisher":"https:\/\/facebook.com\/HomeOfWoolOfficial","article_modified_time":"2026-02-11T10:47:50+00:00","og_image":[{"width":2400,"height":1920,"url":"https:\/\/homeofwool.com\/wp-content\/uploads\/2025\/09\/home-of-wool-wool-dog-mattress-1-main.jpg","type":"image\/jpeg"}],"twitter_card":"summary_large_image","twitter_misc":{"Gesch\u00e4tzte Lesezeit":"1\u00a0Minute"},"schema":{"@context":"https:\/\/schema.org","@graph":[{"@type":"WebPage","@id":"https:\/\/homeofwool.com\/shop\/dog-mattress\/","url":"https:\/\/homeofwool.com\/shop\/dog-mattress\/","name":"Hundematratze \u2013 Gro\u00dfes Hundebett | Home of Wool","isPartOf":{"@id":"https:\/\/homeofwool.com\/#website"},"primaryImageOfPage":{"@id":"https:\/\/homeofwool.com\/shop\/dog-mattress\/#primaryimage"},"image":{"@id":"https:\/\/homeofwool.com\/shop\/dog-mattress\/#primaryimage"},"thumbnailUrl":"https:\/\/homeofwool.com\/wp-content\/uploads\/2025\/09\/home-of-wool-wool-dog-mattress-1-main.jpg","datePublished":"2025-09-02T12:01:44+00:00","dateModified":"2026-02-11T10:47:50+00:00","description":"Die Hundematratze bietet eine atmungsaktive Wollf\u00fcllung f\u00fcr Haustiere. Sie ist hypoallergen und frei von Giftstoffen und bietet gro\u00dfen Hunden sowie f\u00fcr die t\u00e4gliche Ruhepause st\u00fctzenden, nachhaltigen und nat\u00fcrlichen Komfort.","breadcrumb":{"@id":"https:\/\/homeofwool.com\/shop\/dog-mattress\/#breadcrumb"},"inLanguage":"de","potentialAction":[{"@type":"ReadAction","target":["https:\/\/homeofwool.com\/shop\/dog-mattress\/"]}]},{"@type":"ImageObject","inLanguage":"de","@id":"https:\/\/homeofwool.com\/shop\/dog-mattress\/#primaryimage","url":"https:\/\/homeofwool.com\/wp-content\/uploads\/2025\/09\/home-of-wool-wool-dog-mattress-1-main.jpg","contentUrl":"https:\/\/homeofwool.com\/wp-content\/uploads\/2025\/09\/home-of-wool-wool-dog-mattress-1-main.jpg","width":2400,"height":1920,"caption":"big dog on a wool dog mattress"},{"@type":"BreadcrumbList","@id":"https:\/\/homeofwool.com\/shop\/dog-mattress\/#breadcrumb","itemListElement":[{"@type":"ListItem","position":1,"name":"Home","item":"https:\/\/homeofwool.com\/"},{"@type":"ListItem","position":2,"name":"Products","item":"https:\/\/homeofwool.com\/header-search-2\/"},{"@type":"ListItem","position":3,"name":"Wool Dog Mattress"}]},{"@type":"WebSite","@id":"https:\/\/homeofwool.com\/#website","url":"https:\/\/homeofwool.com\/","name":"Heimat der Wolle","description":"","publisher":{"@id":"https:\/\/homeofwool.com\/#organization"},"potentialAction":[{"@type":"SearchAction","target":{"@type":"EntryPoint","urlTemplate":"https:\/\/homeofwool.com\/?s={search_term_string}"},"query-input":{"@type":"PropertyValueSpecification","valueRequired":true,"valueName":"search_term_string"}}],"inLanguage":"de"},{"@type":"Organization","@id":"https:\/\/homeofwool.com\/#organization","name":"Heimat der Wolle","url":"https:\/\/homeofwool.com\/","logo":{"@type":"ImageObject","inLanguage":"de","@id":"https:\/\/homeofwool.com\/#\/schema\/logo\/image\/","url":"https:\/\/homeofwool.com\/wp-content\/uploads\/2025\/09\/WhatsApp-Image-2025-12-02-at-16.23.20.jpeg","contentUrl":"https:\/\/homeofwool.com\/wp-content\/uploads\/2025\/09\/WhatsApp-Image-2025-12-02-at-16.23.20.jpeg","width":700,"height":247,"caption":"Home of Wool"},"image":{"@id":"https:\/\/homeofwool.com\/#\/schema\/logo\/image\/"},"sameAs":["https:\/\/facebook.com\/HomeOfWoolOfficial"]}]}},"_links":{"self":[{"href":"https:\/\/homeofwool.com\/de\/wp-json\/wp\/v2\/product\/217617","targetHints":{"allow":["GET"]}}],"collection":[{"href":"https:\/\/homeofwool.com\/de\/wp-json\/wp\/v2\/product"}],"about":[{"href":"https:\/\/homeofwool.com\/de\/wp-json\/wp\/v2\/types\/product"}],"version-history":[{"count":1,"href":"https:\/\/homeofwool.com\/de\/wp-json\/wp\/v2\/product\/217617\/revisions"}],"predecessor-version":[{"id":226652,"href":"https:\/\/homeofwool.com\/de\/wp-json\/wp\/v2\/product\/217617\/revisions\/226652"}],"wp:featuredmedia":[{"embeddable":true,"href":"https:\/\/homeofwool.com\/de\/wp-json\/wp\/v2\/media\/218624"}],"wp:attachment":[{"href":"https:\/\/homeofwool.com\/de\/wp-json\/wp\/v2\/media?parent=217617"}],"wp:term":[{"taxonomy":"product_brand","embeddable":true,"href":"https:\/\/homeofwool.com\/de\/wp-json\/wp\/v2\/product_brand?post=217617"},{"taxonomy":"product_cat","embeddable":true,"href":"https:\/\/homeofwool.com\/de\/wp-json\/wp\/v2\/product_cat?post=217617"},{"taxonomy":"product_tag","embeddable":true,"href":"https:\/\/homeofwool.com\/de\/wp-json\/wp\/v2\/product_tag?post=217617"}],"curies":[{"name":"wp","href":"https:\/\/api.w.org\/{rel}","templated":true}]}}