{"id":217591,"date":"2025-09-02T12:01:16","date_gmt":"2025-09-02T12:01:16","guid":{"rendered":"https:\/\/homeofwool.com\/?post_type=product&#038;p=217591"},"modified":"2026-01-21T12:20:48","modified_gmt":"2026-01-21T12:20:48","slug":"bettdeckenmuster","status":"publish","type":"product","link":"https:\/\/homeofwool.com\/de\/shop\/duvet-sample\/","title":{"rendered":"Wolle Bettdeckeneinlage Muster"},"content":{"rendered":"<p>Die Wahl der richtigen Bettw\u00e4sche ist eine sehr pers\u00f6nliche Angelegenheit. Deshalb haben wir das Bettdeckenmuster entwickelt. Dieses 40 x 40 cm gro\u00dfe Quadrat gibt Ihnen die M\u00f6glichkeit, die Qualit\u00e4t unserer handgefertigten Wolldecken anzufassen, zu sehen und damit zu schlafen. Es ist mit reiner Wollwatte gef\u00fcllt und f\u00fcr eine lange Lebensdauer handgesteppt und zeichnet sich durch die gleiche handwerkliche Liebe zum Detail aus wie unsere Bettdecken in Standardgr\u00f6\u00dfe.<\/p>\n<p>Wolle h\u00e4lt Ihren K\u00f6rper auf der richtigen Temperatur. Wenn es im Zimmer warm ist, hilft sie Ihnen, k\u00fchl und frisch zu bleiben. Wenn es k\u00fchl ist, h\u00e4lt sie Sie gem\u00fctlich warm, ohne dass Sie \u00fcberhitzen. Deshalb f\u00fchlen sich Wolldecken immer genau richtig an. Sie helfen Ihnen, in einen tieferen Schlaf zu fallen, der nicht durch \u00dcberhitzung oder Feuchtigkeit unterbrochen wird.<\/p>\n<p>Eine weitere Eigenschaft, die Menschen an Wolle sch\u00e4tzen, ist ihre Vertr\u00e4glichkeit f\u00fcr empfindliche Schl\u00e4fer. Wenn Sie oder jemand in Ihrer Familie unter Allergien oder Asthma leiden, ist Wolle aus mehreren Gr\u00fcnden eine sichere Wahl. Erstens leben Hausstaubmilben und Schimmelpilze nicht gerne darin. Zweitens ben\u00f6tigt Wolle keine chemischen Behandlungen, um frisch und wunderbar zu bleiben. Drittens enth\u00e4lt Bettw\u00e4sche aus Wolle, da sie vollkommen nat\u00fcrlich ist, keinerlei VOCs. Sie ist die beste Schlaf-L\u00f6sung aus der Natur f\u00fcr Ihr Bett.<\/p>\n<p>Dieses kleine Bettdeckenmuster ist biologisch abbaubar und aus nachwachsenden Rohstoffen hergestellt und verk\u00f6rpert unsere Philosophie des nachhaltigen Luxus. Wenn Sie in ges\u00fcnderen Schlaf investieren m\u00f6chten, k\u00f6nnen Sie dieses Muster vor dem Kauf ausprobieren, um sicherzugehen, dass Sie sich mit Bettw\u00e4sche aus nat\u00fcrlicher Wolle wohlf\u00fchlen. Und da es sehr praktisch ist, kann es auch nach dem Testen noch lange weiterverwendet werden: Es eignet sich auch als Puppendecke, gem\u00fctliches Sitzkissen, praktische Haustiermatte oder sogar als kleines Reisekissen.<\/p>","protected":false},"excerpt":{"rendered":"<p>Neugierig auf Bettw\u00e4sche aus Wolle? Mit unserem Bettdecken-Muster k\u00f6nnen Sie den Komfort nat\u00fcrlicher Wolle erleben, bevor Sie sich f\u00fcr eine Bettdecke in voller Gr\u00f6\u00dfe entscheiden. So k\u00f6nnen Sie das Produkt vor dem Kauf ausprobieren. Z\u00f6gern Sie nicht, die Atmungsaktivit\u00e4t und Reinheit nachhaltigen Luxus zu Hause zu erleben. Machen Sie den ersten Schritt zu einem besseren Schlaf. Sie werden es uns sp\u00e4ter danken.<\/p>","protected":false},"featured_media":218635,"template":"","meta":{"_acf_changed":false},"product_brand":[],"product_cat":[253,60],"product_tag":[428,429,430,431,432,433,434],"class_list":{"0":"post-217591","1":"product","2":"type-product","3":"status-publish","4":"has-post-thumbnail","6":"product_cat-product-samples","7":"product_cat-blankets-duvets","8":"product_tag-custom-comforter","9":"product_tag-down-alternative-comforter","10":"product_tag-duvet-insert","11":"product_tag-duvet-insert-king","12":"product_tag-duvet-insert-queen","13":"product_tag-quilt-covers","14":"product_tag-quilted-comforter","16":"first","17":"instock","18":"shipping-taxable","19":"purchasable","20":"product-type-variable"},"acf":[],"yoast_head":"<!-- This site is optimized with the Yoast SEO Premium plugin v27.4 (Yoast SEO v27.4) - https:\/\/yoast.com\/product\/yoast-seo-premium-wordpress\/ -->\n<title>Wool Duvet Insert Sample \u2013 Try Before Buying | Home of Wool<\/title>\n<meta name=\"description\" content=\"Pure and natural, the Wool Duvet Insert Sample lets you experience breathable wool comfort before you buy. Hypoallergenic and toxin-free, it\u2019s an easy way to test sustainable bedding.\" \/>\n<meta name=\"robots\" content=\"index, follow, max-snippet:-1, max-image-preview:large, max-video-preview:-1\" \/>\n<link rel=\"canonical\" href=\"https:\/\/homeofwool.com\/de\/shop\/bettdeckenmuster\/\" \/>\n<meta property=\"og:locale\" content=\"de_DE\" \/>\n<meta property=\"og:type\" content=\"article\" \/>\n<meta property=\"og:title\" content=\"Wool Duvet Insert Sample\" \/>\n<meta property=\"og:description\" content=\"Pure and natural, the Wool Duvet Insert Sample lets you experience breathable wool comfort before you buy. Hypoallergenic and toxin-free, it\u2019s an easy way to test sustainable bedding.\" \/>\n<meta property=\"og:url\" content=\"https:\/\/homeofwool.com\/de\/shop\/bettdeckenmuster\/\" \/>\n<meta property=\"og:site_name\" content=\"Home of Wool\" \/>\n<meta property=\"article:publisher\" content=\"https:\/\/facebook.com\/HomeOfWoolOfficial\" \/>\n<meta property=\"article:modified_time\" content=\"2026-01-21T12:20:48+00:00\" \/>\n<meta property=\"og:image\" content=\"https:\/\/homeofwool.com\/wp-content\/uploads\/2025\/09\/home-of-wool-wool-duvet-insert-sample-1-main.jpg\" \/>\n\t<meta property=\"og:image:width\" content=\"1900\" \/>\n\t<meta property=\"og:image:height\" content=\"1520\" \/>\n\t<meta property=\"og:image:type\" content=\"image\/jpeg\" \/>\n<meta name=\"twitter:card\" content=\"summary_large_image\" \/>\n<meta name=\"twitter:label1\" content=\"Gesch\u00e4tzte Lesezeit\" \/>\n\t<meta name=\"twitter:data1\" content=\"2\u00a0Minuten\" \/>\n<script type=\"application\/ld+json\" class=\"yoast-schema-graph\">{\"@context\":\"https:\\\/\\\/schema.org\",\"@graph\":[{\"@type\":\"WebPage\",\"@id\":\"https:\\\/\\\/homeofwool.com\\\/shop\\\/duvet-sample\\\/\",\"url\":\"https:\\\/\\\/homeofwool.com\\\/shop\\\/duvet-sample\\\/\",\"name\":\"Wool Duvet Insert Sample \u2013 Try Before Buying | Home of Wool\",\"isPartOf\":{\"@id\":\"https:\\\/\\\/homeofwool.com\\\/#website\"},\"primaryImageOfPage\":{\"@id\":\"https:\\\/\\\/homeofwool.com\\\/shop\\\/duvet-sample\\\/#primaryimage\"},\"image\":{\"@id\":\"https:\\\/\\\/homeofwool.com\\\/shop\\\/duvet-sample\\\/#primaryimage\"},\"thumbnailUrl\":\"https:\\\/\\\/homeofwool.com\\\/wp-content\\\/uploads\\\/2025\\\/09\\\/home-of-wool-wool-duvet-insert-sample-1-main.jpg\",\"datePublished\":\"2025-09-02T12:01:16+00:00\",\"dateModified\":\"2026-01-21T12:20:48+00:00\",\"description\":\"Pure and natural, the Wool Duvet Insert Sample lets you experience breathable wool comfort before you buy. Hypoallergenic and toxin-free, it\u2019s an easy way to test sustainable bedding.\",\"breadcrumb\":{\"@id\":\"https:\\\/\\\/homeofwool.com\\\/shop\\\/duvet-sample\\\/#breadcrumb\"},\"inLanguage\":\"de\",\"potentialAction\":[{\"@type\":\"ReadAction\",\"target\":[\"https:\\\/\\\/homeofwool.com\\\/shop\\\/duvet-sample\\\/\"]}]},{\"@type\":\"ImageObject\",\"inLanguage\":\"de\",\"@id\":\"https:\\\/\\\/homeofwool.com\\\/shop\\\/duvet-sample\\\/#primaryimage\",\"url\":\"https:\\\/\\\/homeofwool.com\\\/wp-content\\\/uploads\\\/2025\\\/09\\\/home-of-wool-wool-duvet-insert-sample-1-main.jpg\",\"contentUrl\":\"https:\\\/\\\/homeofwool.com\\\/wp-content\\\/uploads\\\/2025\\\/09\\\/home-of-wool-wool-duvet-insert-sample-1-main.jpg\",\"width\":1900,\"height\":1520,\"caption\":\"wool duvet insert sample with home of wool tag\"},{\"@type\":\"BreadcrumbList\",\"@id\":\"https:\\\/\\\/homeofwool.com\\\/shop\\\/duvet-sample\\\/#breadcrumb\",\"itemListElement\":[{\"@type\":\"ListItem\",\"position\":1,\"name\":\"Home\",\"item\":\"https:\\\/\\\/homeofwool.com\\\/\"},{\"@type\":\"ListItem\",\"position\":2,\"name\":\"Products\",\"item\":\"https:\\\/\\\/homeofwool.com\\\/header-search-2\\\/\"},{\"@type\":\"ListItem\",\"position\":3,\"name\":\"Wool Duvet Insert Sample\"}]},{\"@type\":\"WebSite\",\"@id\":\"https:\\\/\\\/homeofwool.com\\\/#website\",\"url\":\"https:\\\/\\\/homeofwool.com\\\/\",\"name\":\"Home of Wool\",\"description\":\"\",\"publisher\":{\"@id\":\"https:\\\/\\\/homeofwool.com\\\/#organization\"},\"potentialAction\":[{\"@type\":\"SearchAction\",\"target\":{\"@type\":\"EntryPoint\",\"urlTemplate\":\"https:\\\/\\\/homeofwool.com\\\/?s={search_term_string}\"},\"query-input\":{\"@type\":\"PropertyValueSpecification\",\"valueRequired\":true,\"valueName\":\"search_term_string\"}}],\"inLanguage\":\"de\"},{\"@type\":\"Organization\",\"@id\":\"https:\\\/\\\/homeofwool.com\\\/#organization\",\"name\":\"Home of Wool\",\"url\":\"https:\\\/\\\/homeofwool.com\\\/\",\"logo\":{\"@type\":\"ImageObject\",\"inLanguage\":\"de\",\"@id\":\"https:\\\/\\\/homeofwool.com\\\/#\\\/schema\\\/logo\\\/image\\\/\",\"url\":\"https:\\\/\\\/homeofwool.com\\\/wp-content\\\/uploads\\\/2025\\\/09\\\/WhatsApp-Image-2025-12-02-at-16.23.20.jpeg\",\"contentUrl\":\"https:\\\/\\\/homeofwool.com\\\/wp-content\\\/uploads\\\/2025\\\/09\\\/WhatsApp-Image-2025-12-02-at-16.23.20.jpeg\",\"width\":700,\"height\":247,\"caption\":\"Home of Wool\"},\"image\":{\"@id\":\"https:\\\/\\\/homeofwool.com\\\/#\\\/schema\\\/logo\\\/image\\\/\"},\"sameAs\":[\"https:\\\/\\\/facebook.com\\\/HomeOfWoolOfficial\"]}]}<\/script>\n<!-- \/ Yoast SEO Premium plugin. -->","yoast_head_json":{"title":"Wollbettdecken-Einlage-Muster \u2013 Vor dem Kauf ausprobieren | Home of Wool","description":"Rein und nat\u00fcrlich \u2013 mit dem Wollbettdecken-Probeexemplar k\u00f6nnen Sie vor dem Kauf den Komfort atmungsaktiver Wolle erleben. Es ist hypoallergen und frei von Giftstoffen und bietet eine einfache M\u00f6glichkeit, nachhaltige Bettwaren zu testen.","robots":{"index":"index","follow":"follow","max-snippet":"max-snippet:-1","max-image-preview":"max-image-preview:large","max-video-preview":"max-video-preview:-1"},"canonical":"https:\/\/homeofwool.com\/de\/shop\/bettdeckenmuster\/","og_locale":"de_DE","og_type":"article","og_title":"Wool Duvet Insert Sample","og_description":"Pure and natural, the Wool Duvet Insert Sample lets you experience breathable wool comfort before you buy. Hypoallergenic and toxin-free, it\u2019s an easy way to test sustainable bedding.","og_url":"https:\/\/homeofwool.com\/de\/shop\/bettdeckenmuster\/","og_site_name":"Home of Wool","article_publisher":"https:\/\/facebook.com\/HomeOfWoolOfficial","article_modified_time":"2026-01-21T12:20:48+00:00","og_image":[{"width":1900,"height":1520,"url":"https:\/\/homeofwool.com\/wp-content\/uploads\/2025\/09\/home-of-wool-wool-duvet-insert-sample-1-main.jpg","type":"image\/jpeg"}],"twitter_card":"summary_large_image","twitter_misc":{"Gesch\u00e4tzte Lesezeit":"2\u00a0Minuten"},"schema":{"@context":"https:\/\/schema.org","@graph":[{"@type":"WebPage","@id":"https:\/\/homeofwool.com\/shop\/duvet-sample\/","url":"https:\/\/homeofwool.com\/shop\/duvet-sample\/","name":"Wollbettdecken-Einlage-Muster \u2013 Vor dem Kauf ausprobieren | Home of Wool","isPartOf":{"@id":"https:\/\/homeofwool.com\/#website"},"primaryImageOfPage":{"@id":"https:\/\/homeofwool.com\/shop\/duvet-sample\/#primaryimage"},"image":{"@id":"https:\/\/homeofwool.com\/shop\/duvet-sample\/#primaryimage"},"thumbnailUrl":"https:\/\/homeofwool.com\/wp-content\/uploads\/2025\/09\/home-of-wool-wool-duvet-insert-sample-1-main.jpg","datePublished":"2025-09-02T12:01:16+00:00","dateModified":"2026-01-21T12:20:48+00:00","description":"Rein und nat\u00fcrlich \u2013 mit dem Wollbettdecken-Probeexemplar k\u00f6nnen Sie vor dem Kauf den Komfort atmungsaktiver Wolle erleben. Es ist hypoallergen und frei von Giftstoffen und bietet eine einfache M\u00f6glichkeit, nachhaltige Bettwaren zu testen.","breadcrumb":{"@id":"https:\/\/homeofwool.com\/shop\/duvet-sample\/#breadcrumb"},"inLanguage":"de","potentialAction":[{"@type":"ReadAction","target":["https:\/\/homeofwool.com\/shop\/duvet-sample\/"]}]},{"@type":"ImageObject","inLanguage":"de","@id":"https:\/\/homeofwool.com\/shop\/duvet-sample\/#primaryimage","url":"https:\/\/homeofwool.com\/wp-content\/uploads\/2025\/09\/home-of-wool-wool-duvet-insert-sample-1-main.jpg","contentUrl":"https:\/\/homeofwool.com\/wp-content\/uploads\/2025\/09\/home-of-wool-wool-duvet-insert-sample-1-main.jpg","width":1900,"height":1520,"caption":"wool duvet insert sample with home of wool tag"},{"@type":"BreadcrumbList","@id":"https:\/\/homeofwool.com\/shop\/duvet-sample\/#breadcrumb","itemListElement":[{"@type":"ListItem","position":1,"name":"Home","item":"https:\/\/homeofwool.com\/"},{"@type":"ListItem","position":2,"name":"Products","item":"https:\/\/homeofwool.com\/header-search-2\/"},{"@type":"ListItem","position":3,"name":"Wool Duvet Insert Sample"}]},{"@type":"WebSite","@id":"https:\/\/homeofwool.com\/#website","url":"https:\/\/homeofwool.com\/","name":"Heimat der Wolle","description":"","publisher":{"@id":"https:\/\/homeofwool.com\/#organization"},"potentialAction":[{"@type":"SearchAction","target":{"@type":"EntryPoint","urlTemplate":"https:\/\/homeofwool.com\/?s={search_term_string}"},"query-input":{"@type":"PropertyValueSpecification","valueRequired":true,"valueName":"search_term_string"}}],"inLanguage":"de"},{"@type":"Organization","@id":"https:\/\/homeofwool.com\/#organization","name":"Heimat der Wolle","url":"https:\/\/homeofwool.com\/","logo":{"@type":"ImageObject","inLanguage":"de","@id":"https:\/\/homeofwool.com\/#\/schema\/logo\/image\/","url":"https:\/\/homeofwool.com\/wp-content\/uploads\/2025\/09\/WhatsApp-Image-2025-12-02-at-16.23.20.jpeg","contentUrl":"https:\/\/homeofwool.com\/wp-content\/uploads\/2025\/09\/WhatsApp-Image-2025-12-02-at-16.23.20.jpeg","width":700,"height":247,"caption":"Home of Wool"},"image":{"@id":"https:\/\/homeofwool.com\/#\/schema\/logo\/image\/"},"sameAs":["https:\/\/facebook.com\/HomeOfWoolOfficial"]}]}},"_links":{"self":[{"href":"https:\/\/homeofwool.com\/de\/wp-json\/wp\/v2\/product\/217591","targetHints":{"allow":["GET"]}}],"collection":[{"href":"https:\/\/homeofwool.com\/de\/wp-json\/wp\/v2\/product"}],"about":[{"href":"https:\/\/homeofwool.com\/de\/wp-json\/wp\/v2\/types\/product"}],"version-history":[{"count":1,"href":"https:\/\/homeofwool.com\/de\/wp-json\/wp\/v2\/product\/217591\/revisions"}],"predecessor-version":[{"id":227506,"href":"https:\/\/homeofwool.com\/de\/wp-json\/wp\/v2\/product\/217591\/revisions\/227506"}],"wp:featuredmedia":[{"embeddable":true,"href":"https:\/\/homeofwool.com\/de\/wp-json\/wp\/v2\/media\/218635"}],"wp:attachment":[{"href":"https:\/\/homeofwool.com\/de\/wp-json\/wp\/v2\/media?parent=217591"}],"wp:term":[{"taxonomy":"product_brand","embeddable":true,"href":"https:\/\/homeofwool.com\/de\/wp-json\/wp\/v2\/product_brand?post=217591"},{"taxonomy":"product_cat","embeddable":true,"href":"https:\/\/homeofwool.com\/de\/wp-json\/wp\/v2\/product_cat?post=217591"},{"taxonomy":"product_tag","embeddable":true,"href":"https:\/\/homeofwool.com\/de\/wp-json\/wp\/v2\/product_tag?post=217591"}],"curies":[{"name":"wp","href":"https:\/\/api.w.org\/{rel}","templated":true}]}}