{"id":217584,"date":"2025-09-02T12:01:16","date_gmt":"2025-09-02T12:01:16","guid":{"rendered":"https:\/\/homeofwool.com\/?post_type=product&#038;p=217584"},"modified":"2026-03-10T08:45:38","modified_gmt":"2026-03-10T08:45:38","slug":"gestepptes-kopfteilkissen","status":"publish","type":"product","link":"https:\/\/homeofwool.com\/de\/shop\/tufted-headboard-cushion\/","title":{"rendered":"Kopfteilkissen aus Wolle"},"content":{"rendered":"<p>Dieses handgefertigte Kopfteilkissen verwandelt Ihr Bett in einen bequemen und einladenden Ort zum Entspannen. Es ist mit nat\u00fcrlicher Wolle gef\u00fcllt und mit einem Bezug Ihrer Wahl aus Bio-Stoffen versehen. Die Oberfl\u00e4che ist atmungsaktiv und hypoallergen. Jedes Kissen wird genau nach Ihren Ma\u00dfen angefertigt. Wir passen es an die Art und Weise an, wie Sie es zu Hause befestigen m\u00f6chten. Wir k\u00f6nnen die Gr\u00f6\u00dfe, den Stoff und alle Details individuell anpassen.<\/p>\n<p>Die Wollf\u00fcllung sorgt f\u00fcr eine st\u00fctzende Oberfl\u00e4che, die sich mit der Zeit nicht abflacht. Sie bleibt frisch und sauber, da Wolle von Natur aus resistent gegen Hausstaubmilben und Bakterien ist. Sie ist die ges\u00fcndeste Option, wenn Sie unter Allergien oder Empfindlichkeiten leiden. Der Einsatz ist mit Leinenfaden handgetuftet. Dadurch bleibt die Wolle im Inneren gleichm\u00e4\u00dfig verteilt.<\/p>\n<p>Dieses strapazierf\u00e4hige, sch\u00f6ne und vollst\u00e4ndig biologisch abbaubare Kopfteil spiegelt unser Engagement f\u00fcr Ihr Wohlbefinden und den Schutz unseres Planeten wider. Jedes St\u00fcck wird von unserem Team aus Handwerkern handgefertigt, sodass Sie sich auf Komfort und Qualit\u00e4t verlassen k\u00f6nnen, an denen Sie viele Jahre lang Freude haben werden.<\/p>","protected":false},"excerpt":{"rendered":"<p>Machen Sie es sich auf einem Kopfteilkissen aus reiner Wolle und nat\u00fcrlichen Stoffen bequem. Dieses Kopfteilkissen wurde als ges\u00fcndere Alternative zu synthetischen Produkten entwickelt und verleiht Ihrem Bett sowohl Halt als auch einen zeitlosen Stil.<\/p>\n<div class=\"global-icon-set\">\n<div class=\"global-icon-set__items\">\n<div class=\"global-icon-set__item\">\n<div class=\"global-icon-set__image\">\n                                    <img decoding=\"async\" src=\"https:\/\/homeofwool.com\/wp-content\/uploads\/2025\/09\/handmade-icon-300x300.png\" alt=\"handgefertigte Ikone\" \/>\n                                <\/div>\n<div class=\"global-icon-set__title\">Handgefertigt<\/div>\n<\/p><\/div>\n<div class=\"global-icon-set__item\">\n<div class=\"global-icon-set__image\">\n                                    <img decoding=\"async\" src=\"https:\/\/homeofwool.com\/wp-content\/uploads\/2025\/09\/VOCs-min-300x300.png\" alt=\"vocs frei\" \/>\n                                <\/div>\n<div class=\"global-icon-set__title\">VOC-frei<\/div>\n<\/p><\/div>\n<div class=\"global-icon-set__item\">\n<div class=\"global-icon-set__image\">\n                                    <img decoding=\"async\" src=\"https:\/\/homeofwool.com\/wp-content\/uploads\/2025\/09\/FR-min-300x300.png\" alt=\"feuerfestes Symbol\" \/>\n                                <\/div>\n<div class=\"global-icon-set__title\">Schwer entflammbar<\/div>\n<\/p><\/div>\n<div class=\"global-icon-set__item\">\n<div class=\"global-icon-set__image\">\n                                    <img decoding=\"async\" src=\"https:\/\/homeofwool.com\/wp-content\/uploads\/2025\/09\/Hypoallergenic-min-300x300.png\" alt=\"hypoallergenes Symbol\" \/>\n                                <\/div>\n<div class=\"global-icon-set__title\">Hypoallergen<\/div>\n<\/p><\/div>\n<div class=\"global-icon-set__item\">\n<div class=\"global-icon-set__image\">\n                                    <img decoding=\"async\" src=\"https:\/\/homeofwool.com\/wp-content\/uploads\/2025\/09\/free-of-synthetics-icon-300x300.png\" alt=\"frei von synthetischen Stoffen Symbol\" \/>\n                                <\/div>\n<div class=\"global-icon-set__title\">Frei von synthetischen Stoffen<\/div>\n<\/p><\/div>\n<div class=\"global-icon-set__item\">\n<div class=\"global-icon-set__image\">\n                                    <img decoding=\"async\" src=\"https:\/\/homeofwool.com\/wp-content\/uploads\/2025\/09\/chemical-free-icon-300x300.png\" alt=\"Symbol f\u00fcr Chemikalienfreiheit\" \/>\n                                <\/div>\n<div class=\"global-icon-set__title\">Chemikalienfrei<\/div>\n<\/p><\/div>\n<div class=\"global-icon-set__item\">\n<div class=\"global-icon-set__image\">\n                                    <img decoding=\"async\" src=\"https:\/\/homeofwool.com\/wp-content\/uploads\/2025\/09\/anti-bacterial-icon-300x300.png\" alt=\"antibakterielles Symbol\" \/>\n                                <\/div>\n<div class=\"global-icon-set__title\">Anti-mikrobiell &amp; Anti-bakteriell<\/div>\n<\/p><\/div>\n<div class=\"global-icon-set__item\">\n<div class=\"global-icon-set__image\">\n                                    <img decoding=\"async\" src=\"https:\/\/homeofwool.com\/wp-content\/uploads\/2025\/09\/certified-materials-icon-300x300.png\" alt=\"Symbol f\u00fcr zertifizierte Materialien\" \/>\n                                <\/div>\n<div class=\"global-icon-set__title\">100% Reine zertifizierte Materialien<\/div>\n<\/p><\/div>\n<\/p><\/div>\n<\/p><\/div>","protected":false},"featured_media":220863,"template":"","meta":{"_acf_changed":false},"product_brand":[],"product_cat":[30,396],"product_tag":[397,398,399,400,401,402,403,1375,149,404],"class_list":{"0":"post-217584","1":"product","2":"type-product","3":"status-publish","4":"has-post-thumbnail","6":"product_cat-cushions","7":"product_cat-headboard-cushions","8":"product_tag-bed-headrest-pillow","9":"product_tag-buttoned-headboard","10":"product_tag-cushions-for-headboards","11":"product_tag-headboard-cover","12":"product_tag-headboard-cushion-design","13":"product_tag-headboard-cushion-wall-pillow","14":"product_tag-headboard-cushion-with-ties","15":"product_tag-march20c","16":"product_tag-steps","17":"product_tag-tufted-headboard-cushion","19":"first","20":"instock","21":"shipping-taxable","22":"purchasable","23":"product-type-simple"},"acf":[],"yoast_head":"<!-- This site is optimized with the Yoast SEO Premium plugin v27.3 (Yoast SEO v27.3) - https:\/\/yoast.com\/product\/yoast-seo-premium-wordpress\/ -->\n<title>Headboard Pillow \u2013 Custom Cushion Headboard | Home of Wool<\/title>\n<meta name=\"description\" content=\"The Headboard Pillow delivers breathable wool filling with toxin-free comfort. Hypoallergenic and natural, it provides customizable, supportive, and sustainable bedroom relaxation.\" \/>\n<meta name=\"robots\" content=\"index, follow, max-snippet:-1, max-image-preview:large, max-video-preview:-1\" \/>\n<link rel=\"canonical\" href=\"https:\/\/homeofwool.com\/de\/shop\/gestepptes-kopfteilkissen\/\" \/>\n<meta property=\"og:locale\" content=\"de_DE\" \/>\n<meta property=\"og:type\" content=\"article\" \/>\n<meta property=\"og:title\" content=\"Wool Headboard Pillow\" \/>\n<meta property=\"og:description\" content=\"The Headboard Pillow delivers breathable wool filling with toxin-free comfort. Hypoallergenic and natural, it provides customizable, supportive, and sustainable bedroom relaxation.\" \/>\n<meta property=\"og:url\" content=\"https:\/\/homeofwool.com\/de\/shop\/gestepptes-kopfteilkissen\/\" \/>\n<meta property=\"og:site_name\" content=\"Home of Wool\" \/>\n<meta property=\"article:publisher\" content=\"https:\/\/facebook.com\/HomeOfWoolOfficial\" \/>\n<meta property=\"article:modified_time\" content=\"2026-03-10T08:45:38+00:00\" \/>\n<meta property=\"og:image\" content=\"https:\/\/homeofwool.com\/wp-content\/uploads\/2025\/09\/home-of-wool-wool-headboard-pillow-1-main.jpg\" \/>\n\t<meta property=\"og:image:width\" content=\"2000\" \/>\n\t<meta property=\"og:image:height\" content=\"1600\" \/>\n\t<meta property=\"og:image:type\" content=\"image\/jpeg\" \/>\n<meta name=\"twitter:card\" content=\"summary_large_image\" \/>\n<meta name=\"twitter:label1\" content=\"Gesch\u00e4tzte Lesezeit\" \/>\n\t<meta name=\"twitter:data1\" content=\"1\u00a0Minute\" \/>\n<script type=\"application\/ld+json\" class=\"yoast-schema-graph\">{\"@context\":\"https:\\\/\\\/schema.org\",\"@graph\":[{\"@type\":\"WebPage\",\"@id\":\"https:\\\/\\\/homeofwool.com\\\/shop\\\/tufted-headboard-cushion\\\/\",\"url\":\"https:\\\/\\\/homeofwool.com\\\/shop\\\/tufted-headboard-cushion\\\/\",\"name\":\"Headboard Pillow \u2013 Custom Cushion Headboard | Home of Wool\",\"isPartOf\":{\"@id\":\"https:\\\/\\\/homeofwool.com\\\/#website\"},\"primaryImageOfPage\":{\"@id\":\"https:\\\/\\\/homeofwool.com\\\/shop\\\/tufted-headboard-cushion\\\/#primaryimage\"},\"image\":{\"@id\":\"https:\\\/\\\/homeofwool.com\\\/shop\\\/tufted-headboard-cushion\\\/#primaryimage\"},\"thumbnailUrl\":\"https:\\\/\\\/homeofwool.com\\\/wp-content\\\/uploads\\\/2025\\\/09\\\/home-of-wool-wool-headboard-pillow-1-main.jpg\",\"datePublished\":\"2025-09-02T12:01:16+00:00\",\"dateModified\":\"2026-03-10T08:45:38+00:00\",\"description\":\"The Headboard Pillow delivers breathable wool filling with toxin-free comfort. Hypoallergenic and natural, it provides customizable, supportive, and sustainable bedroom relaxation.\",\"breadcrumb\":{\"@id\":\"https:\\\/\\\/homeofwool.com\\\/shop\\\/tufted-headboard-cushion\\\/#breadcrumb\"},\"inLanguage\":\"de\",\"potentialAction\":[{\"@type\":\"ReadAction\",\"target\":[\"https:\\\/\\\/homeofwool.com\\\/shop\\\/tufted-headboard-cushion\\\/\"]}]},{\"@type\":\"ImageObject\",\"inLanguage\":\"de\",\"@id\":\"https:\\\/\\\/homeofwool.com\\\/shop\\\/tufted-headboard-cushion\\\/#primaryimage\",\"url\":\"https:\\\/\\\/homeofwool.com\\\/wp-content\\\/uploads\\\/2025\\\/09\\\/home-of-wool-wool-headboard-pillow-1-main.jpg\",\"contentUrl\":\"https:\\\/\\\/homeofwool.com\\\/wp-content\\\/uploads\\\/2025\\\/09\\\/home-of-wool-wool-headboard-pillow-1-main.jpg\",\"width\":2000,\"height\":1600,\"caption\":\"Wool headboard pillow\"},{\"@type\":\"BreadcrumbList\",\"@id\":\"https:\\\/\\\/homeofwool.com\\\/shop\\\/tufted-headboard-cushion\\\/#breadcrumb\",\"itemListElement\":[{\"@type\":\"ListItem\",\"position\":1,\"name\":\"Home\",\"item\":\"https:\\\/\\\/homeofwool.com\\\/\"},{\"@type\":\"ListItem\",\"position\":2,\"name\":\"Products\",\"item\":\"https:\\\/\\\/homeofwool.com\\\/header-search-2\\\/\"},{\"@type\":\"ListItem\",\"position\":3,\"name\":\"Wool Headboard Pillow\"}]},{\"@type\":\"WebSite\",\"@id\":\"https:\\\/\\\/homeofwool.com\\\/#website\",\"url\":\"https:\\\/\\\/homeofwool.com\\\/\",\"name\":\"Home of Wool\",\"description\":\"\",\"publisher\":{\"@id\":\"https:\\\/\\\/homeofwool.com\\\/#organization\"},\"potentialAction\":[{\"@type\":\"SearchAction\",\"target\":{\"@type\":\"EntryPoint\",\"urlTemplate\":\"https:\\\/\\\/homeofwool.com\\\/?s={search_term_string}\"},\"query-input\":{\"@type\":\"PropertyValueSpecification\",\"valueRequired\":true,\"valueName\":\"search_term_string\"}}],\"inLanguage\":\"de\"},{\"@type\":\"Organization\",\"@id\":\"https:\\\/\\\/homeofwool.com\\\/#organization\",\"name\":\"Home of Wool\",\"url\":\"https:\\\/\\\/homeofwool.com\\\/\",\"logo\":{\"@type\":\"ImageObject\",\"inLanguage\":\"de\",\"@id\":\"https:\\\/\\\/homeofwool.com\\\/#\\\/schema\\\/logo\\\/image\\\/\",\"url\":\"https:\\\/\\\/homeofwool.com\\\/wp-content\\\/uploads\\\/2025\\\/09\\\/WhatsApp-Image-2025-12-02-at-16.23.20.jpeg\",\"contentUrl\":\"https:\\\/\\\/homeofwool.com\\\/wp-content\\\/uploads\\\/2025\\\/09\\\/WhatsApp-Image-2025-12-02-at-16.23.20.jpeg\",\"width\":700,\"height\":247,\"caption\":\"Home of Wool\"},\"image\":{\"@id\":\"https:\\\/\\\/homeofwool.com\\\/#\\\/schema\\\/logo\\\/image\\\/\"},\"sameAs\":[\"https:\\\/\\\/facebook.com\\\/HomeOfWoolOfficial\"]}]}<\/script>\n<!-- \/ Yoast SEO Premium plugin. -->","yoast_head_json":{"title":"Kopfteilkissen \u2013 Individuell gestaltbares Kopfteilkissen | Home of Wool","description":"Das Kopfteilkissen bietet eine atmungsaktive Wollf\u00fcllung mit giftfreiem Komfort. Es ist hypoallergen und nat\u00fcrlich und sorgt f\u00fcr individuelle, st\u00fctzende und nachhaltige Entspannung im Schlafzimmer.","robots":{"index":"index","follow":"follow","max-snippet":"max-snippet:-1","max-image-preview":"max-image-preview:large","max-video-preview":"max-video-preview:-1"},"canonical":"https:\/\/homeofwool.com\/de\/shop\/gestepptes-kopfteilkissen\/","og_locale":"de_DE","og_type":"article","og_title":"Wool Headboard Pillow","og_description":"The Headboard Pillow delivers breathable wool filling with toxin-free comfort. Hypoallergenic and natural, it provides customizable, supportive, and sustainable bedroom relaxation.","og_url":"https:\/\/homeofwool.com\/de\/shop\/gestepptes-kopfteilkissen\/","og_site_name":"Home of Wool","article_publisher":"https:\/\/facebook.com\/HomeOfWoolOfficial","article_modified_time":"2026-03-10T08:45:38+00:00","og_image":[{"width":2000,"height":1600,"url":"https:\/\/homeofwool.com\/wp-content\/uploads\/2025\/09\/home-of-wool-wool-headboard-pillow-1-main.jpg","type":"image\/jpeg"}],"twitter_card":"summary_large_image","twitter_misc":{"Gesch\u00e4tzte Lesezeit":"1\u00a0Minute"},"schema":{"@context":"https:\/\/schema.org","@graph":[{"@type":"WebPage","@id":"https:\/\/homeofwool.com\/shop\/tufted-headboard-cushion\/","url":"https:\/\/homeofwool.com\/shop\/tufted-headboard-cushion\/","name":"Kopfteilkissen \u2013 Individuell gestaltbares Kopfteilkissen | Home of Wool","isPartOf":{"@id":"https:\/\/homeofwool.com\/#website"},"primaryImageOfPage":{"@id":"https:\/\/homeofwool.com\/shop\/tufted-headboard-cushion\/#primaryimage"},"image":{"@id":"https:\/\/homeofwool.com\/shop\/tufted-headboard-cushion\/#primaryimage"},"thumbnailUrl":"https:\/\/homeofwool.com\/wp-content\/uploads\/2025\/09\/home-of-wool-wool-headboard-pillow-1-main.jpg","datePublished":"2025-09-02T12:01:16+00:00","dateModified":"2026-03-10T08:45:38+00:00","description":"Das Kopfteilkissen bietet eine atmungsaktive Wollf\u00fcllung mit giftfreiem Komfort. Es ist hypoallergen und nat\u00fcrlich und sorgt f\u00fcr individuelle, st\u00fctzende und nachhaltige Entspannung im Schlafzimmer.","breadcrumb":{"@id":"https:\/\/homeofwool.com\/shop\/tufted-headboard-cushion\/#breadcrumb"},"inLanguage":"de","potentialAction":[{"@type":"ReadAction","target":["https:\/\/homeofwool.com\/shop\/tufted-headboard-cushion\/"]}]},{"@type":"ImageObject","inLanguage":"de","@id":"https:\/\/homeofwool.com\/shop\/tufted-headboard-cushion\/#primaryimage","url":"https:\/\/homeofwool.com\/wp-content\/uploads\/2025\/09\/home-of-wool-wool-headboard-pillow-1-main.jpg","contentUrl":"https:\/\/homeofwool.com\/wp-content\/uploads\/2025\/09\/home-of-wool-wool-headboard-pillow-1-main.jpg","width":2000,"height":1600,"caption":"Wool headboard pillow"},{"@type":"BreadcrumbList","@id":"https:\/\/homeofwool.com\/shop\/tufted-headboard-cushion\/#breadcrumb","itemListElement":[{"@type":"ListItem","position":1,"name":"Home","item":"https:\/\/homeofwool.com\/"},{"@type":"ListItem","position":2,"name":"Products","item":"https:\/\/homeofwool.com\/header-search-2\/"},{"@type":"ListItem","position":3,"name":"Wool Headboard Pillow"}]},{"@type":"WebSite","@id":"https:\/\/homeofwool.com\/#website","url":"https:\/\/homeofwool.com\/","name":"Heimat der Wolle","description":"","publisher":{"@id":"https:\/\/homeofwool.com\/#organization"},"potentialAction":[{"@type":"SearchAction","target":{"@type":"EntryPoint","urlTemplate":"https:\/\/homeofwool.com\/?s={search_term_string}"},"query-input":{"@type":"PropertyValueSpecification","valueRequired":true,"valueName":"search_term_string"}}],"inLanguage":"de"},{"@type":"Organization","@id":"https:\/\/homeofwool.com\/#organization","name":"Heimat der Wolle","url":"https:\/\/homeofwool.com\/","logo":{"@type":"ImageObject","inLanguage":"de","@id":"https:\/\/homeofwool.com\/#\/schema\/logo\/image\/","url":"https:\/\/homeofwool.com\/wp-content\/uploads\/2025\/09\/WhatsApp-Image-2025-12-02-at-16.23.20.jpeg","contentUrl":"https:\/\/homeofwool.com\/wp-content\/uploads\/2025\/09\/WhatsApp-Image-2025-12-02-at-16.23.20.jpeg","width":700,"height":247,"caption":"Home of Wool"},"image":{"@id":"https:\/\/homeofwool.com\/#\/schema\/logo\/image\/"},"sameAs":["https:\/\/facebook.com\/HomeOfWoolOfficial"]}]}},"_links":{"self":[{"href":"https:\/\/homeofwool.com\/de\/wp-json\/wp\/v2\/product\/217584","targetHints":{"allow":["GET"]}}],"collection":[{"href":"https:\/\/homeofwool.com\/de\/wp-json\/wp\/v2\/product"}],"about":[{"href":"https:\/\/homeofwool.com\/de\/wp-json\/wp\/v2\/types\/product"}],"version-history":[{"count":1,"href":"https:\/\/homeofwool.com\/de\/wp-json\/wp\/v2\/product\/217584\/revisions"}],"predecessor-version":[{"id":226711,"href":"https:\/\/homeofwool.com\/de\/wp-json\/wp\/v2\/product\/217584\/revisions\/226711"}],"wp:featuredmedia":[{"embeddable":true,"href":"https:\/\/homeofwool.com\/de\/wp-json\/wp\/v2\/media\/220863"}],"wp:attachment":[{"href":"https:\/\/homeofwool.com\/de\/wp-json\/wp\/v2\/media?parent=217584"}],"wp:term":[{"taxonomy":"product_brand","embeddable":true,"href":"https:\/\/homeofwool.com\/de\/wp-json\/wp\/v2\/product_brand?post=217584"},{"taxonomy":"product_cat","embeddable":true,"href":"https:\/\/homeofwool.com\/de\/wp-json\/wp\/v2\/product_cat?post=217584"},{"taxonomy":"product_tag","embeddable":true,"href":"https:\/\/homeofwool.com\/de\/wp-json\/wp\/v2\/product_tag?post=217584"}],"curies":[{"name":"wp","href":"https:\/\/api.w.org\/{rel}","templated":true}]}}