{"id":217583,"date":"2025-09-02T12:01:16","date_gmt":"2025-09-02T12:01:16","guid":{"rendered":"https:\/\/homeofwool.com\/?post_type=product&#038;p=217583"},"modified":"2026-03-24T08:57:34","modified_gmt":"2026-03-24T08:57:34","slug":"matratzenauflage-aus-wolle","status":"publish","type":"product","link":"https:\/\/homeofwool.com\/de\/shop\/wool-mattress-topper\/","title":{"rendered":"Matratzenauflage aus Wolle"},"content":{"rendered":"<p>Betrachten Sie diese Wollmatratzenauflage als das fehlende St\u00fcck zwischen Ihrer Matratze und dem tiefen, erholsamen Schlaf, den Sie sich w\u00fcnschen. Wolle sorgt f\u00fcr eine optimale Polsterung Ihres Bettes. Sie tr\u00e4gt dazu bei, den Druck von Ihren Schultern und H\u00fcften zu nehmen, damit Sie bequemer ruhen k\u00f6nnen.<\/p>\n<p>Mit Wolle findet Ihr K\u00f6rper sein eigenes Temperaturgleichgewicht. Das Ergebnis ist ein stabiles Schlafmikroklima, in dem Sie ohne pl\u00f6tzliche Hitze- oder K\u00e4lteeinwirkung tief schlafen k\u00f6nnen. Und wenn Sie sich Sorgen um Empfindlichkeiten machen, wird es Sie freuen zu wissen, dass die Wolle v\u00f6llig nat\u00fcrlich, hypoallergen und frei von Chemikalien ist. Au\u00dferdem ist sie atmungsaktiv und von Natur aus resistent gegen Hausstaubmilben und Schimmelpilze, so dass Ihr Schlaf sauber und frisch bleibt.<\/p>\n<p>Praktische Details machen ihn noch besser. Die elastischen Riemen verhindern ein Verrutschen und die Wollf\u00fcllung ist durch seitliche Rei\u00dfverschl\u00fcsse verstellbar. F\u00fcr eine einfache Pflege k\u00f6nnen Sie einen waschbaren Wollschutz hinzuf\u00fcgen.<\/p>\n<p>Wir verwenden ausschlie\u00dflich erneuerbare, nat\u00fcrliche Materialien, damit Ihr Komfort nie auf Kosten Ihrer Gesundheit oder der Umwelt geht.<\/p>","protected":false},"excerpt":{"rendered":"<p>Wenn es ein Upgrade f\u00fcr Ihr Bett gibt, dann ist es eine Matratzenauflage aus Wolle. Sie sorgt f\u00fcr den Komfort, der Ihrer Matratze m\u00f6glicherweise fehlt, und verleiht Ihnen ein Bett, das sich einladender und erholsamer anf\u00fchlt. Nat\u00fcrlich hypoallergen, atmungsaktiv und mit einem optionalen waschbaren Wollschutz gesch\u00fctzt, ist sie Komfort und Seelenfrieden in einem.<\/p>\n<div class=\"global-icon-set\">\n<div class=\"global-icon-set__items\">\n<div class=\"global-icon-set__item\">\n<div class=\"global-icon-set__image\">\n                                    <img decoding=\"async\" src=\"https:\/\/homeofwool.com\/wp-content\/uploads\/2025\/09\/handmade-icon-300x300.png\" alt=\"handgefertigte Ikone\" \/>\n                                <\/div>\n<div class=\"global-icon-set__title\">Handgefertigt<\/div>\n<\/p><\/div>\n<div class=\"global-icon-set__item\">\n<div class=\"global-icon-set__image\">\n                                    <img decoding=\"async\" src=\"https:\/\/homeofwool.com\/wp-content\/uploads\/2025\/09\/Isolates-Motion-Transfer-min-300x300.png\" alt=\"isoliert die Bewegungs\u00fcbertragung\" \/>\n                                <\/div>\n<div class=\"global-icon-set__title\">Isoliert die Bewegungs\u00fcbertragung<\/div>\n<\/p><\/div>\n<div class=\"global-icon-set__item\">\n<div class=\"global-icon-set__image\">\n                                    <img decoding=\"async\" src=\"https:\/\/homeofwool.com\/wp-content\/uploads\/2025\/09\/Exceptionally-Supportive-min-300x300.png\" alt=\"besonders unterst\u00fctzendes Symbol\" \/>\n                                <\/div>\n<div class=\"global-icon-set__title\">Au\u00dfergew\u00f6hnlich unterst\u00fctzend<\/div>\n<\/p><\/div>\n<div class=\"global-icon-set__item\">\n<div class=\"global-icon-set__image\">\n                                    <img decoding=\"async\" src=\"https:\/\/homeofwool.com\/wp-content\/uploads\/2025\/09\/wicks-moisture-away-300x300.png\" alt=\"transportiert die Feuchtigkeit ab\" \/>\n                                <\/div>\n<div class=\"global-icon-set__title\">Leitet Feuchtigkeit ab<\/div>\n<\/p><\/div>\n<div class=\"global-icon-set__item\">\n<div class=\"global-icon-set__image\">\n                                    <img decoding=\"async\" src=\"https:\/\/homeofwool.com\/wp-content\/uploads\/2025\/09\/VOCs-min-300x300.png\" alt=\"vocs frei\" \/>\n                                <\/div>\n<div class=\"global-icon-set__title\">VOC-frei<\/div>\n<\/p><\/div>\n<div class=\"global-icon-set__item\">\n<div class=\"global-icon-set__image\">\n                                    <img decoding=\"async\" src=\"https:\/\/homeofwool.com\/wp-content\/uploads\/2025\/09\/FR-min-300x300.png\" alt=\"feuerfestes Symbol\" \/>\n                                <\/div>\n<div class=\"global-icon-set__title\">Schwer entflammbar<\/div>\n<\/p><\/div>\n<div class=\"global-icon-set__item\">\n<div class=\"global-icon-set__image\">\n                                    <img decoding=\"async\" src=\"https:\/\/homeofwool.com\/wp-content\/uploads\/2025\/09\/Hypoallergenic-min-300x300.png\" alt=\"hypoallergenes Symbol\" \/>\n                                <\/div>\n<div class=\"global-icon-set__title\">Hypoallergen<\/div>\n<\/p><\/div>\n<div class=\"global-icon-set__item\">\n<div class=\"global-icon-set__image\">\n                                    <img decoding=\"async\" src=\"https:\/\/homeofwool.com\/wp-content\/uploads\/2025\/09\/free-of-synthetics-icon-300x300.png\" alt=\"frei von synthetischen Stoffen Symbol\" \/>\n                                <\/div>\n<div class=\"global-icon-set__title\">Frei von synthetischen Stoffen<\/div>\n<\/p><\/div>\n<div class=\"global-icon-set__item\">\n<div class=\"global-icon-set__image\">\n                                    <img decoding=\"async\" src=\"https:\/\/homeofwool.com\/wp-content\/uploads\/2025\/09\/chemical-free-icon-300x300.png\" alt=\"Symbol f\u00fcr Chemikalienfreiheit\" \/>\n                                <\/div>\n<div class=\"global-icon-set__title\">Chemikalienfrei<\/div>\n<\/p><\/div>\n<div class=\"global-icon-set__item\">\n<div class=\"global-icon-set__image\">\n                                    <img decoding=\"async\" src=\"https:\/\/homeofwool.com\/wp-content\/uploads\/2025\/09\/anti-bacterial-icon-300x300.png\" alt=\"antibakterielles Symbol\" \/>\n                                <\/div>\n<div class=\"global-icon-set__title\">Anti-mikrobiell &amp; Anti-bakteriell<\/div>\n<\/p><\/div>\n<div class=\"global-icon-set__item\">\n<div class=\"global-icon-set__image\">\n                                    <img decoding=\"async\" src=\"https:\/\/homeofwool.com\/wp-content\/uploads\/2025\/09\/certified-materials-icon-300x300.png\" alt=\"Symbol f\u00fcr zertifizierte Materialien\" \/>\n                                <\/div>\n<div class=\"global-icon-set__title\">100% Reine zertifizierte Materialien<\/div>\n<\/p><\/div>\n<\/p><\/div>\n<\/p><\/div>","protected":false},"featured_media":229000,"template":"","meta":{"_acf_changed":false},"product_brand":[],"product_cat":[388],"product_tag":[1371,389,385,386,390,391,392,393,394,195,149,395],"class_list":{"0":"post-217583","1":"product","2":"type-product","3":"status-publish","4":"has-post-thumbnail","6":"product_cat-toppers","7":"product_tag-20off","8":"product_tag-bed-toppers","9":"product_tag-co-sleeping","10":"product_tag-family-bed","11":"product_tag-firm-mattress-topper","12":"product_tag-mattress-pad","13":"product_tag-mattress-topper","14":"product_tag-natural-topper","15":"product_tag-non-toxic-topper","16":"product_tag-organic-mattress","17":"product_tag-steps","18":"product_tag-top-mattress","20":"first","21":"instock","22":"shipping-taxable","23":"purchasable","24":"product-type-simple"},"acf":[],"yoast_head":"<!-- This site is optimized with the Yoast SEO Premium plugin v27.3 (Yoast SEO v27.3) - https:\/\/yoast.com\/product\/yoast-seo-premium-wordpress\/ -->\n<title>Wool Mattress Topper \u2013 Cloud-like Softness &amp; Optimal Support | Home of Wool<\/title>\n<meta name=\"description\" content=\"Soft and supportive, the Wool Mattress Topper uses breathable wool filling. Hypoallergenic and toxin-free, it provides natural, sustainable rest with cloud-like comfort every night.\" \/>\n<meta name=\"robots\" content=\"index, follow, max-snippet:-1, max-image-preview:large, max-video-preview:-1\" \/>\n<link rel=\"canonical\" href=\"https:\/\/homeofwool.com\/de\/shop\/matratzenauflage-aus-wolle\/\" \/>\n<meta property=\"og:locale\" content=\"de_DE\" \/>\n<meta property=\"og:type\" content=\"article\" \/>\n<meta property=\"og:title\" content=\"Wool Mattress Topper\" \/>\n<meta property=\"og:description\" content=\"Soft and supportive, the Wool Mattress Topper uses breathable wool filling. Hypoallergenic and toxin-free, it provides natural, sustainable rest with cloud-like comfort every night.\" \/>\n<meta property=\"og:url\" content=\"https:\/\/homeofwool.com\/de\/shop\/matratzenauflage-aus-wolle\/\" \/>\n<meta property=\"og:site_name\" content=\"Home of Wool\" \/>\n<meta property=\"article:publisher\" content=\"https:\/\/facebook.com\/HomeOfWoolOfficial\" \/>\n<meta property=\"article:modified_time\" content=\"2026-03-24T08:57:34+00:00\" \/>\n<meta property=\"og:image\" content=\"https:\/\/homeofwool.com\/wp-content\/uploads\/2025\/09\/home-of-wool-wool-mattress-topper-main.jpg\" \/>\n\t<meta property=\"og:image:width\" content=\"1920\" \/>\n\t<meta property=\"og:image:height\" content=\"1536\" \/>\n\t<meta property=\"og:image:type\" content=\"image\/jpeg\" \/>\n<meta name=\"twitter:card\" content=\"summary_large_image\" \/>\n<meta name=\"twitter:label1\" content=\"Gesch\u00e4tzte Lesezeit\" \/>\n\t<meta name=\"twitter:data1\" content=\"1\u00a0Minute\" \/>\n<script type=\"application\/ld+json\" class=\"yoast-schema-graph\">{\"@context\":\"https:\\\/\\\/schema.org\",\"@graph\":[{\"@type\":\"WebPage\",\"@id\":\"https:\\\/\\\/homeofwool.com\\\/shop\\\/wool-mattress-topper\\\/\",\"url\":\"https:\\\/\\\/homeofwool.com\\\/shop\\\/wool-mattress-topper\\\/\",\"name\":\"Wool Mattress Topper \u2013 Cloud-like Softness & Optimal Support | Home of Wool\",\"isPartOf\":{\"@id\":\"https:\\\/\\\/homeofwool.com\\\/#website\"},\"primaryImageOfPage\":{\"@id\":\"https:\\\/\\\/homeofwool.com\\\/shop\\\/wool-mattress-topper\\\/#primaryimage\"},\"image\":{\"@id\":\"https:\\\/\\\/homeofwool.com\\\/shop\\\/wool-mattress-topper\\\/#primaryimage\"},\"thumbnailUrl\":\"https:\\\/\\\/homeofwool.com\\\/wp-content\\\/uploads\\\/2025\\\/09\\\/home-of-wool-wool-mattress-topper-main.jpg\",\"datePublished\":\"2025-09-02T12:01:16+00:00\",\"dateModified\":\"2026-03-24T08:57:34+00:00\",\"description\":\"Soft and supportive, the Wool Mattress Topper uses breathable wool filling. Hypoallergenic and toxin-free, it provides natural, sustainable rest with cloud-like comfort every night.\",\"breadcrumb\":{\"@id\":\"https:\\\/\\\/homeofwool.com\\\/shop\\\/wool-mattress-topper\\\/#breadcrumb\"},\"inLanguage\":\"de\",\"potentialAction\":[{\"@type\":\"ReadAction\",\"target\":[\"https:\\\/\\\/homeofwool.com\\\/shop\\\/wool-mattress-topper\\\/\"]}]},{\"@type\":\"ImageObject\",\"inLanguage\":\"de\",\"@id\":\"https:\\\/\\\/homeofwool.com\\\/shop\\\/wool-mattress-topper\\\/#primaryimage\",\"url\":\"https:\\\/\\\/homeofwool.com\\\/wp-content\\\/uploads\\\/2025\\\/09\\\/home-of-wool-wool-mattress-topper-main.jpg\",\"contentUrl\":\"https:\\\/\\\/homeofwool.com\\\/wp-content\\\/uploads\\\/2025\\\/09\\\/home-of-wool-wool-mattress-topper-main.jpg\",\"width\":1920,\"height\":1536,\"caption\":\"home of wool mattress topper close up in 100% virgin wool fabric\"},{\"@type\":\"BreadcrumbList\",\"@id\":\"https:\\\/\\\/homeofwool.com\\\/shop\\\/wool-mattress-topper\\\/#breadcrumb\",\"itemListElement\":[{\"@type\":\"ListItem\",\"position\":1,\"name\":\"Home\",\"item\":\"https:\\\/\\\/homeofwool.com\\\/\"},{\"@type\":\"ListItem\",\"position\":2,\"name\":\"Products\",\"item\":\"https:\\\/\\\/homeofwool.com\\\/header-search-2\\\/\"},{\"@type\":\"ListItem\",\"position\":3,\"name\":\"Wool Mattress Topper\"}]},{\"@type\":\"WebSite\",\"@id\":\"https:\\\/\\\/homeofwool.com\\\/#website\",\"url\":\"https:\\\/\\\/homeofwool.com\\\/\",\"name\":\"Home of Wool\",\"description\":\"\",\"publisher\":{\"@id\":\"https:\\\/\\\/homeofwool.com\\\/#organization\"},\"potentialAction\":[{\"@type\":\"SearchAction\",\"target\":{\"@type\":\"EntryPoint\",\"urlTemplate\":\"https:\\\/\\\/homeofwool.com\\\/?s={search_term_string}\"},\"query-input\":{\"@type\":\"PropertyValueSpecification\",\"valueRequired\":true,\"valueName\":\"search_term_string\"}}],\"inLanguage\":\"de\"},{\"@type\":\"Organization\",\"@id\":\"https:\\\/\\\/homeofwool.com\\\/#organization\",\"name\":\"Home of Wool\",\"url\":\"https:\\\/\\\/homeofwool.com\\\/\",\"logo\":{\"@type\":\"ImageObject\",\"inLanguage\":\"de\",\"@id\":\"https:\\\/\\\/homeofwool.com\\\/#\\\/schema\\\/logo\\\/image\\\/\",\"url\":\"https:\\\/\\\/homeofwool.com\\\/wp-content\\\/uploads\\\/2025\\\/09\\\/WhatsApp-Image-2025-12-02-at-16.23.20.jpeg\",\"contentUrl\":\"https:\\\/\\\/homeofwool.com\\\/wp-content\\\/uploads\\\/2025\\\/09\\\/WhatsApp-Image-2025-12-02-at-16.23.20.jpeg\",\"width\":700,\"height\":247,\"caption\":\"Home of Wool\"},\"image\":{\"@id\":\"https:\\\/\\\/homeofwool.com\\\/#\\\/schema\\\/logo\\\/image\\\/\"},\"sameAs\":[\"https:\\\/\\\/facebook.com\\\/HomeOfWoolOfficial\"]}]}<\/script>\n<!-- \/ Yoast SEO Premium plugin. -->","yoast_head_json":{"title":"Matratzenauflage aus Wolle - wolkengleiche Weichheit und optimale Unterst\u00fctzung | Home of Wool","description":"Die weiche und st\u00fctzende Wollmatratzenauflage ist mit atmungsaktiver Wolle gef\u00fcllt. Sie ist hypoallergen und schadstofffrei und bietet jede Nacht eine nat\u00fcrliche, nachhaltige Erholung mit wolkengleichem Komfort.","robots":{"index":"index","follow":"follow","max-snippet":"max-snippet:-1","max-image-preview":"max-image-preview:large","max-video-preview":"max-video-preview:-1"},"canonical":"https:\/\/homeofwool.com\/de\/shop\/matratzenauflage-aus-wolle\/","og_locale":"de_DE","og_type":"article","og_title":"Wool Mattress Topper","og_description":"Soft and supportive, the Wool Mattress Topper uses breathable wool filling. Hypoallergenic and toxin-free, it provides natural, sustainable rest with cloud-like comfort every night.","og_url":"https:\/\/homeofwool.com\/de\/shop\/matratzenauflage-aus-wolle\/","og_site_name":"Home of Wool","article_publisher":"https:\/\/facebook.com\/HomeOfWoolOfficial","article_modified_time":"2026-03-24T08:57:34+00:00","og_image":[{"width":1920,"height":1536,"url":"https:\/\/homeofwool.com\/wp-content\/uploads\/2025\/09\/home-of-wool-wool-mattress-topper-main.jpg","type":"image\/jpeg"}],"twitter_card":"summary_large_image","twitter_misc":{"Gesch\u00e4tzte Lesezeit":"1\u00a0Minute"},"schema":{"@context":"https:\/\/schema.org","@graph":[{"@type":"WebPage","@id":"https:\/\/homeofwool.com\/shop\/wool-mattress-topper\/","url":"https:\/\/homeofwool.com\/shop\/wool-mattress-topper\/","name":"Matratzenauflage aus Wolle - wolkengleiche Weichheit und optimale Unterst\u00fctzung | Home of Wool","isPartOf":{"@id":"https:\/\/homeofwool.com\/#website"},"primaryImageOfPage":{"@id":"https:\/\/homeofwool.com\/shop\/wool-mattress-topper\/#primaryimage"},"image":{"@id":"https:\/\/homeofwool.com\/shop\/wool-mattress-topper\/#primaryimage"},"thumbnailUrl":"https:\/\/homeofwool.com\/wp-content\/uploads\/2025\/09\/home-of-wool-wool-mattress-topper-main.jpg","datePublished":"2025-09-02T12:01:16+00:00","dateModified":"2026-03-24T08:57:34+00:00","description":"Die weiche und st\u00fctzende Wollmatratzenauflage ist mit atmungsaktiver Wolle gef\u00fcllt. Sie ist hypoallergen und schadstofffrei und bietet jede Nacht eine nat\u00fcrliche, nachhaltige Erholung mit wolkengleichem Komfort.","breadcrumb":{"@id":"https:\/\/homeofwool.com\/shop\/wool-mattress-topper\/#breadcrumb"},"inLanguage":"de","potentialAction":[{"@type":"ReadAction","target":["https:\/\/homeofwool.com\/shop\/wool-mattress-topper\/"]}]},{"@type":"ImageObject","inLanguage":"de","@id":"https:\/\/homeofwool.com\/shop\/wool-mattress-topper\/#primaryimage","url":"https:\/\/homeofwool.com\/wp-content\/uploads\/2025\/09\/home-of-wool-wool-mattress-topper-main.jpg","contentUrl":"https:\/\/homeofwool.com\/wp-content\/uploads\/2025\/09\/home-of-wool-wool-mattress-topper-main.jpg","width":1920,"height":1536,"caption":"home of wool mattress topper close up in 100% virgin wool fabric"},{"@type":"BreadcrumbList","@id":"https:\/\/homeofwool.com\/shop\/wool-mattress-topper\/#breadcrumb","itemListElement":[{"@type":"ListItem","position":1,"name":"Home","item":"https:\/\/homeofwool.com\/"},{"@type":"ListItem","position":2,"name":"Products","item":"https:\/\/homeofwool.com\/header-search-2\/"},{"@type":"ListItem","position":3,"name":"Wool Mattress Topper"}]},{"@type":"WebSite","@id":"https:\/\/homeofwool.com\/#website","url":"https:\/\/homeofwool.com\/","name":"Heimat der Wolle","description":"","publisher":{"@id":"https:\/\/homeofwool.com\/#organization"},"potentialAction":[{"@type":"SearchAction","target":{"@type":"EntryPoint","urlTemplate":"https:\/\/homeofwool.com\/?s={search_term_string}"},"query-input":{"@type":"PropertyValueSpecification","valueRequired":true,"valueName":"search_term_string"}}],"inLanguage":"de"},{"@type":"Organization","@id":"https:\/\/homeofwool.com\/#organization","name":"Heimat der Wolle","url":"https:\/\/homeofwool.com\/","logo":{"@type":"ImageObject","inLanguage":"de","@id":"https:\/\/homeofwool.com\/#\/schema\/logo\/image\/","url":"https:\/\/homeofwool.com\/wp-content\/uploads\/2025\/09\/WhatsApp-Image-2025-12-02-at-16.23.20.jpeg","contentUrl":"https:\/\/homeofwool.com\/wp-content\/uploads\/2025\/09\/WhatsApp-Image-2025-12-02-at-16.23.20.jpeg","width":700,"height":247,"caption":"Home of Wool"},"image":{"@id":"https:\/\/homeofwool.com\/#\/schema\/logo\/image\/"},"sameAs":["https:\/\/facebook.com\/HomeOfWoolOfficial"]}]}},"_links":{"self":[{"href":"https:\/\/homeofwool.com\/de\/wp-json\/wp\/v2\/product\/217583","targetHints":{"allow":["GET"]}}],"collection":[{"href":"https:\/\/homeofwool.com\/de\/wp-json\/wp\/v2\/product"}],"about":[{"href":"https:\/\/homeofwool.com\/de\/wp-json\/wp\/v2\/types\/product"}],"version-history":[{"count":3,"href":"https:\/\/homeofwool.com\/de\/wp-json\/wp\/v2\/product\/217583\/revisions"}],"predecessor-version":[{"id":229002,"href":"https:\/\/homeofwool.com\/de\/wp-json\/wp\/v2\/product\/217583\/revisions\/229002"}],"wp:featuredmedia":[{"embeddable":true,"href":"https:\/\/homeofwool.com\/de\/wp-json\/wp\/v2\/media\/229000"}],"wp:attachment":[{"href":"https:\/\/homeofwool.com\/de\/wp-json\/wp\/v2\/media?parent=217583"}],"wp:term":[{"taxonomy":"product_brand","embeddable":true,"href":"https:\/\/homeofwool.com\/de\/wp-json\/wp\/v2\/product_brand?post=217583"},{"taxonomy":"product_cat","embeddable":true,"href":"https:\/\/homeofwool.com\/de\/wp-json\/wp\/v2\/product_cat?post=217583"},{"taxonomy":"product_tag","embeddable":true,"href":"https:\/\/homeofwool.com\/de\/wp-json\/wp\/v2\/product_tag?post=217583"}],"curies":[{"name":"wp","href":"https:\/\/api.w.org\/{rel}","templated":true}]}}