{"id":217582,"date":"2025-09-02T12:01:16","date_gmt":"2025-09-02T12:01:16","guid":{"rendered":"https:\/\/homeofwool.com\/?post_type=product&#038;p=217582"},"modified":"2026-03-24T11:28:45","modified_gmt":"2026-03-24T11:28:45","slug":"wollbettdecke-2","status":"publish","type":"product","link":"https:\/\/homeofwool.com\/de\/shop\/wool-duvet-insert\/","title":{"rendered":"Bettbezug aus Wolle"},"content":{"rendered":"<p>Unsere Wolldeckenf\u00fcllung sorgt f\u00fcr einen ges\u00fcnderen und erholsameren Schlaf. W\u00e4hrend Sie sich ausruhen, passt sich die Wolle Ihren Bed\u00fcrfnissen an. Sie speichert W\u00e4rme, wenn die Luft k\u00fchl ist, und gibt W\u00e4rme ab, bevor sie sich staut, was bei n\u00e4chtlichem Schwitzen hilfreich ist.<\/p>\n<p>Jeder Einsatz ist frei von synthetischen Stoffen und Giftstoffen. Da Wolle keine Ausgasungen verursacht, ist sie eine gute Wahl f\u00fcr alle, die unter Allergien leiden. Dank der Atmungsaktivit\u00e4t von Wolle und ihrer Widerstandsf\u00e4higkeit gegen Hausstaubmilben und Bakterien bleibt Ihre Bettw\u00e4sche sauber und frisch.<\/p>\n<p>Jede Bettdecke wird auf Bestellung gefertigt. Sie k\u00f6nnen die Gr\u00f6\u00dfe und den Stoff vollst\u00e4ndig individuell anpassen. Sie k\u00f6nnen sogar die von Ihnen bevorzugte Dicke w\u00e4hlen. W\u00e4hlen Sie zwischen Sommer-, Winter- oder extra warmen F\u00fcllungen, ganz nach Ihren Bed\u00fcrfnissen. Wenn Sie sich nicht sicher sind, welche Option die beste ist, sehen Sie sich unsere\u00a0<a class=\"ql-link\" href=\"https:\/\/homeofwool.com\/de\/die-wahl-der-perfekten-wolldecke-fur-diese-saison\/\" target=\"_blank\" rel=\"noopener noreferrer\">Wollbettdecken-Einlage-Ratgeber<\/a> um Hilfe bitten.<\/p>\n<p>Der Einsatz ist handgesteppt, damit die Wolle gleichm\u00e4\u00dfig an ihrem Platz bleibt. Optional k\u00f6nnen Eckb\u00e4nder hinzugef\u00fcgt werden, um den Einsatz an Ihrem Bettbezug zu befestigen und f\u00fcr einen sauberen Sitz zu sorgen. W\u00e4hlen Sie aus nat\u00fcrlichen Stoffen wie Baumwolle, Leinen oder Seide das Finish, das Ihnen am besten gef\u00e4llt. Sie sind sich noch nicht sicher? Sie k\u00f6nnen Muster der Wollbettdecken-Eins\u00e4tze kaufen, um sich vor der Bestellung ein Bild davon zu machen.<\/p>","protected":false},"excerpt":{"rendered":"<p>Genie\u00dfen Sie gleichm\u00e4\u00dfigen Komfort mit einer Wolldecke, die niemals zu warm oder zu kalt wird. Mit Wolle bleibt Ihr K\u00f6rper auf einer optimalen Temperatur f\u00fcr einen angenehmen Schlaf. Im Gegensatz zu synthetischen oder Daunendecken, die Ihnen erst zu warm und dann zu kalt werden und Ihren Schlaf st\u00f6ren, h\u00e4lt Wolle die Temperatur die ganze Nacht \u00fcber genau richtig.<\/p>\n<div class=\"global-icon-set\">\n<div class=\"global-icon-set__items\">\n<div class=\"global-icon-set__item\">\n<div class=\"global-icon-set__image\">\n                                    <img decoding=\"async\" src=\"https:\/\/homeofwool.com\/wp-content\/uploads\/2025\/09\/handmade-icon-300x300.png\" alt=\"handgefertigte Ikone\" \/>\n                                <\/div>\n<div class=\"global-icon-set__title\">Handgefertigt<\/div>\n<\/p><\/div>\n<div class=\"global-icon-set__item\">\n<div class=\"global-icon-set__image\">\n                                    <img decoding=\"async\" src=\"https:\/\/homeofwool.com\/wp-content\/uploads\/2025\/09\/VOCs-min-300x300.png\" alt=\"vocs frei\" \/>\n                                <\/div>\n<div class=\"global-icon-set__title\">VOC-frei<\/div>\n<\/p><\/div>\n<div class=\"global-icon-set__item\">\n<div class=\"global-icon-set__image\">\n                                    <img decoding=\"async\" src=\"https:\/\/homeofwool.com\/wp-content\/uploads\/2025\/09\/FR-min-300x300.png\" alt=\"feuerfestes Symbol\" \/>\n                                <\/div>\n<div class=\"global-icon-set__title\">Schwer entflammbar<\/div>\n<\/p><\/div>\n<div class=\"global-icon-set__item\">\n<div class=\"global-icon-set__image\">\n                                    <img decoding=\"async\" src=\"https:\/\/homeofwool.com\/wp-content\/uploads\/2025\/09\/Hypoallergenic-min-300x300.png\" alt=\"hypoallergenes Symbol\" \/>\n                                <\/div>\n<div class=\"global-icon-set__title\">Hypoallergen<\/div>\n<\/p><\/div>\n<div class=\"global-icon-set__item\">\n<div class=\"global-icon-set__image\">\n                                    <img decoding=\"async\" src=\"https:\/\/homeofwool.com\/wp-content\/uploads\/2025\/09\/free-of-synthetics-icon-300x300.png\" alt=\"frei von synthetischen Stoffen Symbol\" \/>\n                                <\/div>\n<div class=\"global-icon-set__title\">Frei von synthetischen Stoffen<\/div>\n<\/p><\/div>\n<div class=\"global-icon-set__item\">\n<div class=\"global-icon-set__image\">\n                                    <img decoding=\"async\" src=\"https:\/\/homeofwool.com\/wp-content\/uploads\/2025\/09\/chemical-free-icon-300x300.png\" alt=\"Symbol f\u00fcr Chemikalienfreiheit\" \/>\n                                <\/div>\n<div class=\"global-icon-set__title\">Chemikalienfrei<\/div>\n<\/p><\/div>\n<div class=\"global-icon-set__item\">\n<div class=\"global-icon-set__image\">\n                                    <img decoding=\"async\" src=\"https:\/\/homeofwool.com\/wp-content\/uploads\/2025\/09\/anti-bacterial-icon-300x300.png\" alt=\"antibakterielles Symbol\" \/>\n                                <\/div>\n<div class=\"global-icon-set__title\">Anti-mikrobiell &amp; Anti-bakteriell<\/div>\n<\/p><\/div>\n<div class=\"global-icon-set__item\">\n<div class=\"global-icon-set__image\">\n                                    <img decoding=\"async\" src=\"https:\/\/homeofwool.com\/wp-content\/uploads\/2025\/09\/certified-materials-icon-300x300.png\" alt=\"Symbol f\u00fcr zertifizierte Materialien\" \/>\n                                <\/div>\n<div class=\"global-icon-set__title\">100% Reine zertifizierte Materialien<\/div>\n<\/p><\/div>\n<\/p><\/div>\n<\/p><\/div>","protected":false},"featured_media":223541,"template":"","meta":{"_acf_changed":false},"product_brand":[],"product_cat":[266,1366,60,267],"product_tag":[428,429,430,431,432,433,434,149],"class_list":{"0":"post-217582","1":"product","2":"type-product","3":"status-publish","4":"has-post-thumbnail","6":"product_cat-baby-sleep-products","7":"product_cat-womens-day","8":"product_cat-blankets-duvets","9":"product_cat-nursery","10":"product_tag-custom-comforter","11":"product_tag-down-alternative-comforter","12":"product_tag-duvet-insert","13":"product_tag-duvet-insert-king","14":"product_tag-duvet-insert-queen","15":"product_tag-quilt-covers","16":"product_tag-quilted-comforter","17":"product_tag-steps","19":"first","20":"instock","21":"shipping-taxable","22":"purchasable","23":"product-type-simple"},"acf":[],"yoast_head":"<!-- This site is optimized with the Yoast SEO Premium plugin v27.3 (Yoast SEO v27.3) - https:\/\/yoast.com\/product\/yoast-seo-premium-wordpress\/ -->\n<title>Duvet Insert \u2013 Natural Comfort for Restful Sleep | Home of Wool<\/title>\n<meta name=\"description\" content=\"Breathable and organic, the Duvet Insert is filled with wool for toxin-free comfort. Hypoallergenic and natural, it delivers sustainable, restful sleep and safe all-season warmth.\" \/>\n<meta name=\"robots\" content=\"index, follow, max-snippet:-1, max-image-preview:large, max-video-preview:-1\" \/>\n<link rel=\"canonical\" href=\"https:\/\/homeofwool.com\/de\/shop\/wollbettdecke-2\/\" \/>\n<meta property=\"og:locale\" content=\"de_DE\" \/>\n<meta property=\"og:type\" content=\"article\" \/>\n<meta property=\"og:title\" content=\"Wool Duvet Insert\" \/>\n<meta property=\"og:description\" content=\"Breathable and organic, the Duvet Insert is filled with wool for toxin-free comfort. Hypoallergenic and natural, it delivers sustainable, restful sleep and safe all-season warmth.\" \/>\n<meta property=\"og:url\" content=\"https:\/\/homeofwool.com\/de\/shop\/wollbettdecke-2\/\" \/>\n<meta property=\"og:site_name\" content=\"Home of Wool\" \/>\n<meta property=\"article:publisher\" content=\"https:\/\/facebook.com\/HomeOfWoolOfficial\" \/>\n<meta property=\"article:modified_time\" content=\"2026-03-24T11:28:45+00:00\" \/>\n<meta property=\"og:image\" content=\"https:\/\/homeofwool.com\/wp-content\/uploads\/2025\/09\/home-of-wool-wool-duvet-insert-5.jpg\" \/>\n\t<meta property=\"og:image:width\" content=\"1900\" \/>\n\t<meta property=\"og:image:height\" content=\"1520\" \/>\n\t<meta property=\"og:image:type\" content=\"image\/jpeg\" \/>\n<meta name=\"twitter:card\" content=\"summary_large_image\" \/>\n<meta name=\"twitter:label1\" content=\"Gesch\u00e4tzte Lesezeit\" \/>\n\t<meta name=\"twitter:data1\" content=\"2\u00a0Minuten\" \/>\n<script type=\"application\/ld+json\" class=\"yoast-schema-graph\">{\"@context\":\"https:\\\/\\\/schema.org\",\"@graph\":[{\"@type\":\"WebPage\",\"@id\":\"https:\\\/\\\/homeofwool.com\\\/shop\\\/wool-duvet-insert\\\/\",\"url\":\"https:\\\/\\\/homeofwool.com\\\/shop\\\/wool-duvet-insert\\\/\",\"name\":\"Duvet Insert \u2013 Natural Comfort for Restful Sleep | Home of Wool\",\"isPartOf\":{\"@id\":\"https:\\\/\\\/homeofwool.com\\\/#website\"},\"primaryImageOfPage\":{\"@id\":\"https:\\\/\\\/homeofwool.com\\\/shop\\\/wool-duvet-insert\\\/#primaryimage\"},\"image\":{\"@id\":\"https:\\\/\\\/homeofwool.com\\\/shop\\\/wool-duvet-insert\\\/#primaryimage\"},\"thumbnailUrl\":\"https:\\\/\\\/homeofwool.com\\\/wp-content\\\/uploads\\\/2025\\\/09\\\/home-of-wool-wool-duvet-insert-5.jpg\",\"datePublished\":\"2025-09-02T12:01:16+00:00\",\"dateModified\":\"2026-03-24T11:28:45+00:00\",\"description\":\"Breathable and organic, the Duvet Insert is filled with wool for toxin-free comfort. Hypoallergenic and natural, it delivers sustainable, restful sleep and safe all-season warmth.\",\"breadcrumb\":{\"@id\":\"https:\\\/\\\/homeofwool.com\\\/shop\\\/wool-duvet-insert\\\/#breadcrumb\"},\"inLanguage\":\"de\",\"potentialAction\":[{\"@type\":\"ReadAction\",\"target\":[\"https:\\\/\\\/homeofwool.com\\\/shop\\\/wool-duvet-insert\\\/\"]}]},{\"@type\":\"ImageObject\",\"inLanguage\":\"de\",\"@id\":\"https:\\\/\\\/homeofwool.com\\\/shop\\\/wool-duvet-insert\\\/#primaryimage\",\"url\":\"https:\\\/\\\/homeofwool.com\\\/wp-content\\\/uploads\\\/2025\\\/09\\\/home-of-wool-wool-duvet-insert-5.jpg\",\"contentUrl\":\"https:\\\/\\\/homeofwool.com\\\/wp-content\\\/uploads\\\/2025\\\/09\\\/home-of-wool-wool-duvet-insert-5.jpg\",\"width\":1900,\"height\":1520,\"caption\":\"wool duvet insert folded and on a bench\"},{\"@type\":\"BreadcrumbList\",\"@id\":\"https:\\\/\\\/homeofwool.com\\\/shop\\\/wool-duvet-insert\\\/#breadcrumb\",\"itemListElement\":[{\"@type\":\"ListItem\",\"position\":1,\"name\":\"Home\",\"item\":\"https:\\\/\\\/homeofwool.com\\\/\"},{\"@type\":\"ListItem\",\"position\":2,\"name\":\"Products\",\"item\":\"https:\\\/\\\/homeofwool.com\\\/header-search-2\\\/\"},{\"@type\":\"ListItem\",\"position\":3,\"name\":\"Wool Duvet Insert\"}]},{\"@type\":\"WebSite\",\"@id\":\"https:\\\/\\\/homeofwool.com\\\/#website\",\"url\":\"https:\\\/\\\/homeofwool.com\\\/\",\"name\":\"Home of Wool\",\"description\":\"\",\"publisher\":{\"@id\":\"https:\\\/\\\/homeofwool.com\\\/#organization\"},\"potentialAction\":[{\"@type\":\"SearchAction\",\"target\":{\"@type\":\"EntryPoint\",\"urlTemplate\":\"https:\\\/\\\/homeofwool.com\\\/?s={search_term_string}\"},\"query-input\":{\"@type\":\"PropertyValueSpecification\",\"valueRequired\":true,\"valueName\":\"search_term_string\"}}],\"inLanguage\":\"de\"},{\"@type\":\"Organization\",\"@id\":\"https:\\\/\\\/homeofwool.com\\\/#organization\",\"name\":\"Home of Wool\",\"url\":\"https:\\\/\\\/homeofwool.com\\\/\",\"logo\":{\"@type\":\"ImageObject\",\"inLanguage\":\"de\",\"@id\":\"https:\\\/\\\/homeofwool.com\\\/#\\\/schema\\\/logo\\\/image\\\/\",\"url\":\"https:\\\/\\\/homeofwool.com\\\/wp-content\\\/uploads\\\/2025\\\/09\\\/WhatsApp-Image-2025-12-02-at-16.23.20.jpeg\",\"contentUrl\":\"https:\\\/\\\/homeofwool.com\\\/wp-content\\\/uploads\\\/2025\\\/09\\\/WhatsApp-Image-2025-12-02-at-16.23.20.jpeg\",\"width\":700,\"height\":247,\"caption\":\"Home of Wool\"},\"image\":{\"@id\":\"https:\\\/\\\/homeofwool.com\\\/#\\\/schema\\\/logo\\\/image\\\/\"},\"sameAs\":[\"https:\\\/\\\/facebook.com\\\/HomeOfWoolOfficial\"]}]}<\/script>\n<!-- \/ Yoast SEO Premium plugin. -->","yoast_head_json":{"title":"Bettdecke \u2013 Nat\u00fcrlicher Komfort f\u00fcr erholsamen Schlaf | Home of Wool","description":"Die atmungsaktive und biologische Bettdecke ist mit Wolle gef\u00fcllt und bietet toxinfreien Komfort. Sie ist hypoallergen und nat\u00fcrlich und sorgt f\u00fcr nachhaltigen, erholsamen Schlaf und sichere W\u00e4rme zu jeder Jahreszeit.","robots":{"index":"index","follow":"follow","max-snippet":"max-snippet:-1","max-image-preview":"max-image-preview:large","max-video-preview":"max-video-preview:-1"},"canonical":"https:\/\/homeofwool.com\/de\/shop\/wollbettdecke-2\/","og_locale":"de_DE","og_type":"article","og_title":"Wool Duvet Insert","og_description":"Breathable and organic, the Duvet Insert is filled with wool for toxin-free comfort. Hypoallergenic and natural, it delivers sustainable, restful sleep and safe all-season warmth.","og_url":"https:\/\/homeofwool.com\/de\/shop\/wollbettdecke-2\/","og_site_name":"Home of Wool","article_publisher":"https:\/\/facebook.com\/HomeOfWoolOfficial","article_modified_time":"2026-03-24T11:28:45+00:00","og_image":[{"width":1900,"height":1520,"url":"https:\/\/homeofwool.com\/wp-content\/uploads\/2025\/09\/home-of-wool-wool-duvet-insert-5.jpg","type":"image\/jpeg"}],"twitter_card":"summary_large_image","twitter_misc":{"Gesch\u00e4tzte Lesezeit":"2\u00a0Minuten"},"schema":{"@context":"https:\/\/schema.org","@graph":[{"@type":"WebPage","@id":"https:\/\/homeofwool.com\/shop\/wool-duvet-insert\/","url":"https:\/\/homeofwool.com\/shop\/wool-duvet-insert\/","name":"Bettdecke \u2013 Nat\u00fcrlicher Komfort f\u00fcr erholsamen Schlaf | Home of Wool","isPartOf":{"@id":"https:\/\/homeofwool.com\/#website"},"primaryImageOfPage":{"@id":"https:\/\/homeofwool.com\/shop\/wool-duvet-insert\/#primaryimage"},"image":{"@id":"https:\/\/homeofwool.com\/shop\/wool-duvet-insert\/#primaryimage"},"thumbnailUrl":"https:\/\/homeofwool.com\/wp-content\/uploads\/2025\/09\/home-of-wool-wool-duvet-insert-5.jpg","datePublished":"2025-09-02T12:01:16+00:00","dateModified":"2026-03-24T11:28:45+00:00","description":"Die atmungsaktive und biologische Bettdecke ist mit Wolle gef\u00fcllt und bietet toxinfreien Komfort. Sie ist hypoallergen und nat\u00fcrlich und sorgt f\u00fcr nachhaltigen, erholsamen Schlaf und sichere W\u00e4rme zu jeder Jahreszeit.","breadcrumb":{"@id":"https:\/\/homeofwool.com\/shop\/wool-duvet-insert\/#breadcrumb"},"inLanguage":"de","potentialAction":[{"@type":"ReadAction","target":["https:\/\/homeofwool.com\/shop\/wool-duvet-insert\/"]}]},{"@type":"ImageObject","inLanguage":"de","@id":"https:\/\/homeofwool.com\/shop\/wool-duvet-insert\/#primaryimage","url":"https:\/\/homeofwool.com\/wp-content\/uploads\/2025\/09\/home-of-wool-wool-duvet-insert-5.jpg","contentUrl":"https:\/\/homeofwool.com\/wp-content\/uploads\/2025\/09\/home-of-wool-wool-duvet-insert-5.jpg","width":1900,"height":1520,"caption":"wool duvet insert folded and on a bench"},{"@type":"BreadcrumbList","@id":"https:\/\/homeofwool.com\/shop\/wool-duvet-insert\/#breadcrumb","itemListElement":[{"@type":"ListItem","position":1,"name":"Home","item":"https:\/\/homeofwool.com\/"},{"@type":"ListItem","position":2,"name":"Products","item":"https:\/\/homeofwool.com\/header-search-2\/"},{"@type":"ListItem","position":3,"name":"Wool Duvet Insert"}]},{"@type":"WebSite","@id":"https:\/\/homeofwool.com\/#website","url":"https:\/\/homeofwool.com\/","name":"Heimat der Wolle","description":"","publisher":{"@id":"https:\/\/homeofwool.com\/#organization"},"potentialAction":[{"@type":"SearchAction","target":{"@type":"EntryPoint","urlTemplate":"https:\/\/homeofwool.com\/?s={search_term_string}"},"query-input":{"@type":"PropertyValueSpecification","valueRequired":true,"valueName":"search_term_string"}}],"inLanguage":"de"},{"@type":"Organization","@id":"https:\/\/homeofwool.com\/#organization","name":"Heimat der Wolle","url":"https:\/\/homeofwool.com\/","logo":{"@type":"ImageObject","inLanguage":"de","@id":"https:\/\/homeofwool.com\/#\/schema\/logo\/image\/","url":"https:\/\/homeofwool.com\/wp-content\/uploads\/2025\/09\/WhatsApp-Image-2025-12-02-at-16.23.20.jpeg","contentUrl":"https:\/\/homeofwool.com\/wp-content\/uploads\/2025\/09\/WhatsApp-Image-2025-12-02-at-16.23.20.jpeg","width":700,"height":247,"caption":"Home of Wool"},"image":{"@id":"https:\/\/homeofwool.com\/#\/schema\/logo\/image\/"},"sameAs":["https:\/\/facebook.com\/HomeOfWoolOfficial"]}]}},"_links":{"self":[{"href":"https:\/\/homeofwool.com\/de\/wp-json\/wp\/v2\/product\/217582","targetHints":{"allow":["GET"]}}],"collection":[{"href":"https:\/\/homeofwool.com\/de\/wp-json\/wp\/v2\/product"}],"about":[{"href":"https:\/\/homeofwool.com\/de\/wp-json\/wp\/v2\/types\/product"}],"version-history":[{"count":3,"href":"https:\/\/homeofwool.com\/de\/wp-json\/wp\/v2\/product\/217582\/revisions"}],"predecessor-version":[{"id":228682,"href":"https:\/\/homeofwool.com\/de\/wp-json\/wp\/v2\/product\/217582\/revisions\/228682"}],"wp:featuredmedia":[{"embeddable":true,"href":"https:\/\/homeofwool.com\/de\/wp-json\/wp\/v2\/media\/223541"}],"wp:attachment":[{"href":"https:\/\/homeofwool.com\/de\/wp-json\/wp\/v2\/media?parent=217582"}],"wp:term":[{"taxonomy":"product_brand","embeddable":true,"href":"https:\/\/homeofwool.com\/de\/wp-json\/wp\/v2\/product_brand?post=217582"},{"taxonomy":"product_cat","embeddable":true,"href":"https:\/\/homeofwool.com\/de\/wp-json\/wp\/v2\/product_cat?post=217582"},{"taxonomy":"product_tag","embeddable":true,"href":"https:\/\/homeofwool.com\/de\/wp-json\/wp\/v2\/product_tag?post=217582"}],"curies":[{"name":"wp","href":"https:\/\/api.w.org\/{rel}","templated":true}]}}