{"id":217566,"date":"2025-09-02T12:00:58","date_gmt":"2025-09-02T12:00:58","guid":{"rendered":"https:\/\/homeofwool.com\/?post_type=product&#038;p=217566"},"modified":"2026-02-11T10:48:06","modified_gmt":"2026-02-11T10:48:06","slug":"ersatz-sofakissenfullung","status":"publish","type":"product","link":"https:\/\/homeofwool.com\/de\/shop\/replacement-sofa-cushion-insert\/","title":{"rendered":"Ersatz-Couch-Kisseneinsatz"},"content":{"rendered":"<p>Das Ersatz-Sofakissen von Home of Wool ist sowohl auf Komfort als auch auf Langlebigkeit ausgelegt. Die Wolle im Inneren bietet stabilen Halt und passt sich Ihrem K\u00f6rper an. Es ist hoch atmungsaktiv und bleibt immer k\u00fchl und frisch. Selbst wenn Sie lange Stunden auf dem Sofa verbringen oder ein Nickerchen machen.<\/p>\n<p>Im Gegensatz zu Schaumstoff gibt es keine sch\u00e4dlichen Chemikalien an Ihre Wohnung ab und verliert auch nicht so schnell seine Form. Wolle widersteht auf nat\u00fcrliche Weise Hausstaubmilben und anderen Allergenen wie Schimmel und Mehltau. Das macht sie zur besten Wahl f\u00fcr Allergiker. Auch f\u00fcr Menschen mit multipler Chemikalienunvertr\u00e4glichkeit ist sie ideal. Der Einsatz ist sorgf\u00e4ltig von Hand mit Leinenfaden getuftet, sodass die F\u00fcllung sicher an ihrem Platz bleibt und Ihnen Jahr f\u00fcr Jahr gleichbleibenden Komfort bietet. Wir haben ein kostenloses Reparatur-Set beigelegt, damit Sie Ihr Kissen noch l\u00e4nger nutzen k\u00f6nnen.<\/p>\n<p>Jedes Sofakissen wird nach Ihren genauen Ma\u00dfen handgefertigt, sodass Sie einen einzelnen Sitz ersetzen oder ein ganzes Sofa auffrischen k\u00f6nnen. Alle Einlagen werden aus erneuerbaren und biologisch abbaubaren Materialien hergestellt und beweisen, dass echter Komfort auch nachhaltig sein kann. Mit dieser nat\u00fcrlichen Wahl bringen Sie sowohl Komfort als auch Natur in Ihren Wohnraum.<\/p>","protected":false},"excerpt":{"rendered":"<p>Verleihen Sie Ihrem Sofa neuen Glanz mit einem Ersatzkissen, das sowohl st\u00fctzend als auch nat\u00fcrlich atmungsaktiv ist. Jedes Sofakissen ist mit reiner Wolle gef\u00fcllt und bietet Ihnen eine nat\u00fcrliche Alternative zu Schaumstoff, die ges\u00fcnder f\u00fcr Sie und schonender f\u00fcr die Umwelt ist.<\/p>\n<div class=\"global-icon-set\">\n<div class=\"global-icon-set__items\">\n<div class=\"global-icon-set__item\">\n<div class=\"global-icon-set__image\">\n                                    <img decoding=\"async\" src=\"https:\/\/homeofwool.com\/wp-content\/uploads\/2025\/09\/handmade-icon-300x300.png\" alt=\"handgefertigte Ikone\" \/>\n                                <\/div>\n<div class=\"global-icon-set__title\">Handgefertigt<\/div>\n<\/p><\/div>\n<div class=\"global-icon-set__item\">\n<div class=\"global-icon-set__image\">\n                                    <img decoding=\"async\" src=\"https:\/\/homeofwool.com\/wp-content\/uploads\/2025\/09\/wicks-moisture-away-300x300.png\" alt=\"transportiert die Feuchtigkeit ab\" \/>\n                                <\/div>\n<div class=\"global-icon-set__title\">Leitet Feuchtigkeit ab<\/div>\n<\/p><\/div>\n<div class=\"global-icon-set__item\">\n<div class=\"global-icon-set__image\">\n                                    <img decoding=\"async\" src=\"https:\/\/homeofwool.com\/wp-content\/uploads\/2025\/09\/VOCs-min-300x300.png\" alt=\"vocs frei\" \/>\n                                <\/div>\n<div class=\"global-icon-set__title\">VOC-frei<\/div>\n<\/p><\/div>\n<div class=\"global-icon-set__item\">\n<div class=\"global-icon-set__image\">\n                                    <img decoding=\"async\" src=\"https:\/\/homeofwool.com\/wp-content\/uploads\/2025\/09\/FR-min-300x300.png\" alt=\"feuerfestes Symbol\" \/>\n                                <\/div>\n<div class=\"global-icon-set__title\">Schwer entflammbar<\/div>\n<\/p><\/div>\n<div class=\"global-icon-set__item\">\n<div class=\"global-icon-set__image\">\n                                    <img decoding=\"async\" src=\"https:\/\/homeofwool.com\/wp-content\/uploads\/2025\/09\/Hypoallergenic-min-300x300.png\" alt=\"hypoallergenes Symbol\" \/>\n                                <\/div>\n<div class=\"global-icon-set__title\">Hypoallergen<\/div>\n<\/p><\/div>\n<div class=\"global-icon-set__item\">\n<div class=\"global-icon-set__image\">\n                                    <img decoding=\"async\" src=\"https:\/\/homeofwool.com\/wp-content\/uploads\/2025\/09\/free-of-synthetics-icon-300x300.png\" alt=\"frei von synthetischen Stoffen Symbol\" \/>\n                                <\/div>\n<div class=\"global-icon-set__title\">Frei von synthetischen Stoffen<\/div>\n<\/p><\/div>\n<div class=\"global-icon-set__item\">\n<div class=\"global-icon-set__image\">\n                                    <img decoding=\"async\" src=\"https:\/\/homeofwool.com\/wp-content\/uploads\/2025\/09\/chemical-free-icon-300x300.png\" alt=\"Symbol f\u00fcr Chemikalienfreiheit\" \/>\n                                <\/div>\n<div class=\"global-icon-set__title\">Chemikalienfrei<\/div>\n<\/p><\/div>\n<div class=\"global-icon-set__item\">\n<div class=\"global-icon-set__image\">\n                                    <img decoding=\"async\" src=\"https:\/\/homeofwool.com\/wp-content\/uploads\/2025\/09\/anti-bacterial-icon-300x300.png\" alt=\"antibakterielles Symbol\" \/>\n                                <\/div>\n<div class=\"global-icon-set__title\">Anti-mikrobiell &amp; Anti-bakteriell<\/div>\n<\/p><\/div>\n<div class=\"global-icon-set__item\">\n<div class=\"global-icon-set__image\">\n                                    <img decoding=\"async\" src=\"https:\/\/homeofwool.com\/wp-content\/uploads\/2025\/09\/certified-materials-icon-300x300.png\" alt=\"Symbol f\u00fcr zertifizierte Materialien\" \/>\n                                <\/div>\n<div class=\"global-icon-set__title\">100% Reine zertifizierte Materialien<\/div>\n<\/p><\/div>\n<\/p><\/div>\n<\/p><\/div>","protected":false},"featured_media":219775,"template":"","meta":{"_acf_changed":false},"product_brand":[],"product_cat":[30],"product_tag":[356,357,358,359,360,361,348,38,362,363,41,364,149],"class_list":{"0":"post-217566","1":"product","2":"type-product","3":"status-publish","4":"has-post-thumbnail","6":"product_cat-cushions","7":"product_tag-bottom-pillow-insert","8":"product_tag-couch-cushion-insert-banquette-cushion","9":"product_tag-couch-frame-pad","10":"product_tag-custom-kitchen-nook","11":"product_tag-diy-couch-cushion","12":"product_tag-natural-daybed-futon","13":"product_tag-reading-nook","14":"product_tag-replacement-cushions","15":"product_tag-replacement-indoor-couch-cushions","16":"product_tag-replacement-sofa-cushion-inserts","17":"product_tag-settee-cushions","18":"product_tag-sofa-sitting-cushion","19":"product_tag-steps","21":"first","22":"instock","23":"shipping-taxable","24":"purchasable","25":"product-type-simple"},"acf":[],"yoast_head":"<!-- This site is optimized with the Yoast SEO Premium plugin v27.3 (Yoast SEO v27.3) - https:\/\/yoast.com\/product\/yoast-seo-premium-wordpress\/ -->\n<title>Wool Replacement Couch Cushion Insert \u2013 All Natural | Home of Wool<\/title>\n<meta name=\"description\" content=\"Made with organic wool, the Wool Replacement Couch Cushion Insert provides breathable support. Hypoallergenic and toxin-free, it ensures sustainable comfort for everyday seating.\" \/>\n<meta name=\"robots\" content=\"index, follow, max-snippet:-1, max-image-preview:large, max-video-preview:-1\" \/>\n<link rel=\"canonical\" href=\"https:\/\/homeofwool.com\/de\/shop\/ersatz-sofakissenfullung\/\" \/>\n<meta property=\"og:locale\" content=\"de_DE\" \/>\n<meta property=\"og:type\" content=\"article\" \/>\n<meta property=\"og:title\" content=\"Replacement Couch Cushion Insert\" \/>\n<meta property=\"og:description\" content=\"Made with organic wool, the Wool Replacement Couch Cushion Insert provides breathable support. Hypoallergenic and toxin-free, it ensures sustainable comfort for everyday seating.\" \/>\n<meta property=\"og:url\" content=\"https:\/\/homeofwool.com\/de\/shop\/ersatz-sofakissenfullung\/\" \/>\n<meta property=\"og:site_name\" content=\"Home of Wool\" \/>\n<meta property=\"article:publisher\" content=\"https:\/\/facebook.com\/HomeOfWoolOfficial\" \/>\n<meta property=\"article:modified_time\" content=\"2026-02-11T10:48:06+00:00\" \/>\n<meta property=\"og:image\" content=\"https:\/\/homeofwool.com\/wp-content\/uploads\/2025\/09\/home-of-wool-replacement-couch-cushion-insert-1-new.jpg\" \/>\n\t<meta property=\"og:image:width\" content=\"2000\" \/>\n\t<meta property=\"og:image:height\" content=\"1600\" \/>\n\t<meta property=\"og:image:type\" content=\"image\/jpeg\" \/>\n<meta name=\"twitter:card\" content=\"summary_large_image\" \/>\n<meta name=\"twitter:label1\" content=\"Gesch\u00e4tzte Lesezeit\" \/>\n\t<meta name=\"twitter:data1\" content=\"2\u00a0Minuten\" \/>\n<script type=\"application\/ld+json\" class=\"yoast-schema-graph\">{\"@context\":\"https:\\\/\\\/schema.org\",\"@graph\":[{\"@type\":\"WebPage\",\"@id\":\"https:\\\/\\\/homeofwool.com\\\/shop\\\/replacement-sofa-cushion-insert\\\/\",\"url\":\"https:\\\/\\\/homeofwool.com\\\/shop\\\/replacement-sofa-cushion-insert\\\/\",\"name\":\"Wool Replacement Couch Cushion Insert \u2013 All Natural | Home of Wool\",\"isPartOf\":{\"@id\":\"https:\\\/\\\/homeofwool.com\\\/#website\"},\"primaryImageOfPage\":{\"@id\":\"https:\\\/\\\/homeofwool.com\\\/shop\\\/replacement-sofa-cushion-insert\\\/#primaryimage\"},\"image\":{\"@id\":\"https:\\\/\\\/homeofwool.com\\\/shop\\\/replacement-sofa-cushion-insert\\\/#primaryimage\"},\"thumbnailUrl\":\"https:\\\/\\\/homeofwool.com\\\/wp-content\\\/uploads\\\/2025\\\/09\\\/home-of-wool-replacement-couch-cushion-insert-1-new.jpg\",\"datePublished\":\"2025-09-02T12:00:58+00:00\",\"dateModified\":\"2026-02-11T10:48:06+00:00\",\"description\":\"Made with organic wool, the Wool Replacement Couch Cushion Insert provides breathable support. Hypoallergenic and toxin-free, it ensures sustainable comfort for everyday seating.\",\"breadcrumb\":{\"@id\":\"https:\\\/\\\/homeofwool.com\\\/shop\\\/replacement-sofa-cushion-insert\\\/#breadcrumb\"},\"inLanguage\":\"de\",\"potentialAction\":[{\"@type\":\"ReadAction\",\"target\":[\"https:\\\/\\\/homeofwool.com\\\/shop\\\/replacement-sofa-cushion-insert\\\/\"]}]},{\"@type\":\"ImageObject\",\"inLanguage\":\"de\",\"@id\":\"https:\\\/\\\/homeofwool.com\\\/shop\\\/replacement-sofa-cushion-insert\\\/#primaryimage\",\"url\":\"https:\\\/\\\/homeofwool.com\\\/wp-content\\\/uploads\\\/2025\\\/09\\\/home-of-wool-replacement-couch-cushion-insert-1-new.jpg\",\"contentUrl\":\"https:\\\/\\\/homeofwool.com\\\/wp-content\\\/uploads\\\/2025\\\/09\\\/home-of-wool-replacement-couch-cushion-insert-1-new.jpg\",\"width\":2000,\"height\":1600,\"caption\":\"replacement cushion insert with wool filling\"},{\"@type\":\"BreadcrumbList\",\"@id\":\"https:\\\/\\\/homeofwool.com\\\/shop\\\/replacement-sofa-cushion-insert\\\/#breadcrumb\",\"itemListElement\":[{\"@type\":\"ListItem\",\"position\":1,\"name\":\"Home\",\"item\":\"https:\\\/\\\/homeofwool.com\\\/\"},{\"@type\":\"ListItem\",\"position\":2,\"name\":\"Products\",\"item\":\"https:\\\/\\\/homeofwool.com\\\/header-search-2\\\/\"},{\"@type\":\"ListItem\",\"position\":3,\"name\":\"Replacement Couch Cushion Insert\"}]},{\"@type\":\"WebSite\",\"@id\":\"https:\\\/\\\/homeofwool.com\\\/#website\",\"url\":\"https:\\\/\\\/homeofwool.com\\\/\",\"name\":\"Home of Wool\",\"description\":\"\",\"publisher\":{\"@id\":\"https:\\\/\\\/homeofwool.com\\\/#organization\"},\"potentialAction\":[{\"@type\":\"SearchAction\",\"target\":{\"@type\":\"EntryPoint\",\"urlTemplate\":\"https:\\\/\\\/homeofwool.com\\\/?s={search_term_string}\"},\"query-input\":{\"@type\":\"PropertyValueSpecification\",\"valueRequired\":true,\"valueName\":\"search_term_string\"}}],\"inLanguage\":\"de\"},{\"@type\":\"Organization\",\"@id\":\"https:\\\/\\\/homeofwool.com\\\/#organization\",\"name\":\"Home of Wool\",\"url\":\"https:\\\/\\\/homeofwool.com\\\/\",\"logo\":{\"@type\":\"ImageObject\",\"inLanguage\":\"de\",\"@id\":\"https:\\\/\\\/homeofwool.com\\\/#\\\/schema\\\/logo\\\/image\\\/\",\"url\":\"https:\\\/\\\/homeofwool.com\\\/wp-content\\\/uploads\\\/2025\\\/09\\\/WhatsApp-Image-2025-12-02-at-16.23.20.jpeg\",\"contentUrl\":\"https:\\\/\\\/homeofwool.com\\\/wp-content\\\/uploads\\\/2025\\\/09\\\/WhatsApp-Image-2025-12-02-at-16.23.20.jpeg\",\"width\":700,\"height\":247,\"caption\":\"Home of Wool\"},\"image\":{\"@id\":\"https:\\\/\\\/homeofwool.com\\\/#\\\/schema\\\/logo\\\/image\\\/\"},\"sameAs\":[\"https:\\\/\\\/facebook.com\\\/HomeOfWoolOfficial\"]}]}<\/script>\n<!-- \/ Yoast SEO Premium plugin. -->","yoast_head_json":{"title":"Wollersatz-Sofakissen-Einlage \u2013 ganz nat\u00fcrlich | Home of Wool","description":"Das aus Bio-Wolle hergestellte Ersatzkissen f\u00fcr Sofas bietet atmungsaktive Unterst\u00fctzung. Es ist hypoallergen und frei von Giftstoffen und sorgt f\u00fcr nachhaltigen Komfort beim t\u00e4glichen Sitzen.","robots":{"index":"index","follow":"follow","max-snippet":"max-snippet:-1","max-image-preview":"max-image-preview:large","max-video-preview":"max-video-preview:-1"},"canonical":"https:\/\/homeofwool.com\/de\/shop\/ersatz-sofakissenfullung\/","og_locale":"de_DE","og_type":"article","og_title":"Replacement Couch Cushion Insert","og_description":"Made with organic wool, the Wool Replacement Couch Cushion Insert provides breathable support. Hypoallergenic and toxin-free, it ensures sustainable comfort for everyday seating.","og_url":"https:\/\/homeofwool.com\/de\/shop\/ersatz-sofakissenfullung\/","og_site_name":"Home of Wool","article_publisher":"https:\/\/facebook.com\/HomeOfWoolOfficial","article_modified_time":"2026-02-11T10:48:06+00:00","og_image":[{"width":2000,"height":1600,"url":"https:\/\/homeofwool.com\/wp-content\/uploads\/2025\/09\/home-of-wool-replacement-couch-cushion-insert-1-new.jpg","type":"image\/jpeg"}],"twitter_card":"summary_large_image","twitter_misc":{"Gesch\u00e4tzte Lesezeit":"2\u00a0Minuten"},"schema":{"@context":"https:\/\/schema.org","@graph":[{"@type":"WebPage","@id":"https:\/\/homeofwool.com\/shop\/replacement-sofa-cushion-insert\/","url":"https:\/\/homeofwool.com\/shop\/replacement-sofa-cushion-insert\/","name":"Wollersatz-Sofakissen-Einlage \u2013 ganz nat\u00fcrlich | Home of Wool","isPartOf":{"@id":"https:\/\/homeofwool.com\/#website"},"primaryImageOfPage":{"@id":"https:\/\/homeofwool.com\/shop\/replacement-sofa-cushion-insert\/#primaryimage"},"image":{"@id":"https:\/\/homeofwool.com\/shop\/replacement-sofa-cushion-insert\/#primaryimage"},"thumbnailUrl":"https:\/\/homeofwool.com\/wp-content\/uploads\/2025\/09\/home-of-wool-replacement-couch-cushion-insert-1-new.jpg","datePublished":"2025-09-02T12:00:58+00:00","dateModified":"2026-02-11T10:48:06+00:00","description":"Das aus Bio-Wolle hergestellte Ersatzkissen f\u00fcr Sofas bietet atmungsaktive Unterst\u00fctzung. Es ist hypoallergen und frei von Giftstoffen und sorgt f\u00fcr nachhaltigen Komfort beim t\u00e4glichen Sitzen.","breadcrumb":{"@id":"https:\/\/homeofwool.com\/shop\/replacement-sofa-cushion-insert\/#breadcrumb"},"inLanguage":"de","potentialAction":[{"@type":"ReadAction","target":["https:\/\/homeofwool.com\/shop\/replacement-sofa-cushion-insert\/"]}]},{"@type":"ImageObject","inLanguage":"de","@id":"https:\/\/homeofwool.com\/shop\/replacement-sofa-cushion-insert\/#primaryimage","url":"https:\/\/homeofwool.com\/wp-content\/uploads\/2025\/09\/home-of-wool-replacement-couch-cushion-insert-1-new.jpg","contentUrl":"https:\/\/homeofwool.com\/wp-content\/uploads\/2025\/09\/home-of-wool-replacement-couch-cushion-insert-1-new.jpg","width":2000,"height":1600,"caption":"replacement cushion insert with wool filling"},{"@type":"BreadcrumbList","@id":"https:\/\/homeofwool.com\/shop\/replacement-sofa-cushion-insert\/#breadcrumb","itemListElement":[{"@type":"ListItem","position":1,"name":"Home","item":"https:\/\/homeofwool.com\/"},{"@type":"ListItem","position":2,"name":"Products","item":"https:\/\/homeofwool.com\/header-search-2\/"},{"@type":"ListItem","position":3,"name":"Replacement Couch Cushion Insert"}]},{"@type":"WebSite","@id":"https:\/\/homeofwool.com\/#website","url":"https:\/\/homeofwool.com\/","name":"Heimat der Wolle","description":"","publisher":{"@id":"https:\/\/homeofwool.com\/#organization"},"potentialAction":[{"@type":"SearchAction","target":{"@type":"EntryPoint","urlTemplate":"https:\/\/homeofwool.com\/?s={search_term_string}"},"query-input":{"@type":"PropertyValueSpecification","valueRequired":true,"valueName":"search_term_string"}}],"inLanguage":"de"},{"@type":"Organization","@id":"https:\/\/homeofwool.com\/#organization","name":"Heimat der Wolle","url":"https:\/\/homeofwool.com\/","logo":{"@type":"ImageObject","inLanguage":"de","@id":"https:\/\/homeofwool.com\/#\/schema\/logo\/image\/","url":"https:\/\/homeofwool.com\/wp-content\/uploads\/2025\/09\/WhatsApp-Image-2025-12-02-at-16.23.20.jpeg","contentUrl":"https:\/\/homeofwool.com\/wp-content\/uploads\/2025\/09\/WhatsApp-Image-2025-12-02-at-16.23.20.jpeg","width":700,"height":247,"caption":"Home of Wool"},"image":{"@id":"https:\/\/homeofwool.com\/#\/schema\/logo\/image\/"},"sameAs":["https:\/\/facebook.com\/HomeOfWoolOfficial"]}]}},"_links":{"self":[{"href":"https:\/\/homeofwool.com\/de\/wp-json\/wp\/v2\/product\/217566","targetHints":{"allow":["GET"]}}],"collection":[{"href":"https:\/\/homeofwool.com\/de\/wp-json\/wp\/v2\/product"}],"about":[{"href":"https:\/\/homeofwool.com\/de\/wp-json\/wp\/v2\/types\/product"}],"version-history":[{"count":1,"href":"https:\/\/homeofwool.com\/de\/wp-json\/wp\/v2\/product\/217566\/revisions"}],"predecessor-version":[{"id":226724,"href":"https:\/\/homeofwool.com\/de\/wp-json\/wp\/v2\/product\/217566\/revisions\/226724"}],"wp:featuredmedia":[{"embeddable":true,"href":"https:\/\/homeofwool.com\/de\/wp-json\/wp\/v2\/media\/219775"}],"wp:attachment":[{"href":"https:\/\/homeofwool.com\/de\/wp-json\/wp\/v2\/media?parent=217566"}],"wp:term":[{"taxonomy":"product_brand","embeddable":true,"href":"https:\/\/homeofwool.com\/de\/wp-json\/wp\/v2\/product_brand?post=217566"},{"taxonomy":"product_cat","embeddable":true,"href":"https:\/\/homeofwool.com\/de\/wp-json\/wp\/v2\/product_cat?post=217566"},{"taxonomy":"product_tag","embeddable":true,"href":"https:\/\/homeofwool.com\/de\/wp-json\/wp\/v2\/product_tag?post=217566"}],"curies":[{"name":"wp","href":"https:\/\/api.w.org\/{rel}","templated":true}]}}