{"id":217555,"date":"2025-09-02T12:00:57","date_gmt":"2025-09-02T12:00:57","guid":{"rendered":"https:\/\/homeofwool.com\/?post_type=product&#038;p=217555"},"modified":"2026-02-17T10:35:21","modified_gmt":"2026-02-17T10:35:21","slug":"wollschlafsack-camp","status":"publish","type":"product","link":"https:\/\/homeofwool.com\/de\/shop\/wool-sleeping-bag-camp\/","title":{"rendered":"Wollschlafsack - Camp"},"content":{"rendered":"<p>Erleben Sie wahren Komfort in der freien Natur mit unserem Schlafsack aus nat\u00fcrlicher Wolle, der f\u00fcr eine ruhige, erholsame Nachtruhe konzipiert ist. Im Inneren sorgt die 100%-Wollf\u00fcllung f\u00fcr eine sanfte Isolierung, die sich an Ihre K\u00f6rpertemperatur anpasst und diesen Schlafsack zu einem temperaturregulierenden Schlafsack macht. Die feuchtigkeitsableitenden und hypoallergenen Eigenschaften der Wolle sorgen daf\u00fcr, dass Sie auch bei langen Reisen oder feuchten N\u00e4chten trocken, frisch und reizfrei bleiben.<\/p>\n<p>Die \u00e4u\u00dfere H\u00fclle ist aus strapazierf\u00e4higem, OEKO-TEX-zertifiziertem Leinen gen\u00e4ht. Das Innenfutter aus Maulbeerseide f\u00fchlt sich sanft und beruhigend auf der Haut an. Es reduziert auf nat\u00fcrliche Weise Raschelger\u00e4usche und hilft Ihnen, ungest\u00f6rt einzuschlafen. Die Details bieten sowohl Komfort als auch Funktionalit\u00e4t:<\/p>\n<ul>\n<li>Nat\u00fcrlicher Maulbeerseidenstoff und Wollwatte im Inneren der Kapuze reduzieren Ger\u00e4usche und erh\u00f6hen den Komfort<\/li>\n<li>Optionale feste oder abnehmbare Haube<\/li>\n<li>Kordelzug an der Kapuze und isolierendem Kragen f\u00fcr einfache Anpassung<\/li>\n<li>Geldtasche innen<\/li>\n<li>Aufgeh\u00e4ngte L\u00fcftungsschlingen<\/li>\n<li>Kompressionssack<\/li>\n<li>Klimaregulierung mit zentralem 2-Wege-Rei\u00dfverschluss<\/li>\n<li>YKK-Rei\u00dfverschluss verhindert das Einklemmen von Material<\/li>\n<li>Innentasche zur Aufbewahrung von Wertsachen<\/li>\n<li>Rechteckiger Fu\u00dfraum f\u00fcr mehr Komfort ohne zus\u00e4tzliches Gewicht<\/li>\n<\/ul>\n<p>Dieser hypoallergene Schlafsack ist v\u00f6llig nat\u00fcrlich, frei von VOCs, HAPs, Synthetik oder Chemikalien. Er ist maschinenwaschbar, langlebig und der perfekte Wollschlafsack f\u00fcr Zelte und Wohnmobile. Im Freien immer mit einem Biwaksack verwenden. Sorgf\u00e4ltig hergestellt und langlebig, k\u00f6nnen Sie sich \u00fcberall dort ausruhen, wo die Nacht Sie findet.<\/p>","protected":false},"excerpt":{"rendered":"<p>Mit unserem Naturwollschlafsack aus der Nomad Heat-Kollektion k\u00f6nnen Sie \u00fcberall gut schlafen, wohin Ihre Reisen Sie f\u00fchren. Der mit reiner Wolle gef\u00fcllte und mit Leinen und Maulbeerseide gef\u00fctterte Schlafsack ist atmungsaktiv und h\u00e4lt Sie kuschelig, trocken und komfortabel. Er ist die perfekte Outdoor-Ausr\u00fcstung f\u00fcr Camper, die Wert auf Gesundheit, Komfort und Nachhaltigkeit legen. Der Schlafsack ist vollst\u00e4ndig anpassbar und Sie k\u00f6nnen u. a. die W\u00e4rmestufe und die Gr\u00f6\u00dfe w\u00e4hlen.<\/p>","protected":false},"featured_media":225368,"template":"","meta":{"_acf_changed":false},"product_brand":[],"product_cat":[315,282],"product_tag":[],"class_list":{"0":"post-217555","1":"product","2":"type-product","3":"status-publish","4":"has-post-thumbnail","6":"product_cat-nomad-heat-sleeping-bags","7":"product_cat-overlanding-camping","9":"first","10":"instock","11":"shipping-taxable","12":"purchasable","13":"product-type-variable"},"acf":[],"yoast_head":"<!-- This site is optimized with the Yoast SEO Premium plugin v27.3 (Yoast SEO v27.3) - https:\/\/yoast.com\/product\/yoast-seo-premium-wordpress\/ -->\n<title>Sleeping Bag \u2013 Camp, Ultimate Camping Comfort | Home of Wool<\/title>\n<meta name=\"description\" content=\"The Sleeping Bag Camp is made with breathable wool for eco-friendly comfort. Hypoallergenic and toxin-free, it ensures sustainable, safe rest during outdoor trips and adventures.\" \/>\n<meta name=\"robots\" content=\"index, follow, max-snippet:-1, max-image-preview:large, max-video-preview:-1\" \/>\n<link rel=\"canonical\" href=\"https:\/\/homeofwool.com\/de\/shop\/wollschlafsack-camp\/\" \/>\n<meta property=\"og:locale\" content=\"de_DE\" \/>\n<meta property=\"og:type\" content=\"article\" \/>\n<meta property=\"og:title\" content=\"Wool Sleeping Bag \u2013 Camp\" \/>\n<meta property=\"og:description\" content=\"The Sleeping Bag Camp is made with breathable wool for eco-friendly comfort. Hypoallergenic and toxin-free, it ensures sustainable, safe rest during outdoor trips and adventures.\" \/>\n<meta property=\"og:url\" content=\"https:\/\/homeofwool.com\/de\/shop\/wollschlafsack-camp\/\" \/>\n<meta property=\"og:site_name\" content=\"Home of Wool\" \/>\n<meta property=\"article:publisher\" content=\"https:\/\/facebook.com\/HomeOfWoolOfficial\" \/>\n<meta property=\"article:modified_time\" content=\"2026-02-17T10:35:21+00:00\" \/>\n<meta property=\"og:image\" content=\"https:\/\/homeofwool.com\/wp-content\/uploads\/2025\/09\/home-of-wool-wool-sleeping-bag-1-main-1.jpg\" \/>\n\t<meta property=\"og:image:width\" content=\"1920\" \/>\n\t<meta property=\"og:image:height\" content=\"1536\" \/>\n\t<meta property=\"og:image:type\" content=\"image\/jpeg\" \/>\n<meta name=\"twitter:card\" content=\"summary_large_image\" \/>\n<meta name=\"twitter:label1\" content=\"Gesch\u00e4tzte Lesezeit\" \/>\n\t<meta name=\"twitter:data1\" content=\"2\u00a0Minuten\" \/>\n<script type=\"application\/ld+json\" class=\"yoast-schema-graph\">{\"@context\":\"https:\\\/\\\/schema.org\",\"@graph\":[{\"@type\":\"WebPage\",\"@id\":\"https:\\\/\\\/homeofwool.com\\\/shop\\\/wool-sleeping-bag-camp\\\/\",\"url\":\"https:\\\/\\\/homeofwool.com\\\/shop\\\/wool-sleeping-bag-camp\\\/\",\"name\":\"Sleeping Bag \u2013 Camp, Ultimate Camping Comfort | Home of Wool\",\"isPartOf\":{\"@id\":\"https:\\\/\\\/homeofwool.com\\\/#website\"},\"primaryImageOfPage\":{\"@id\":\"https:\\\/\\\/homeofwool.com\\\/shop\\\/wool-sleeping-bag-camp\\\/#primaryimage\"},\"image\":{\"@id\":\"https:\\\/\\\/homeofwool.com\\\/shop\\\/wool-sleeping-bag-camp\\\/#primaryimage\"},\"thumbnailUrl\":\"https:\\\/\\\/homeofwool.com\\\/wp-content\\\/uploads\\\/2025\\\/09\\\/home-of-wool-wool-sleeping-bag-1-main-1.jpg\",\"datePublished\":\"2025-09-02T12:00:57+00:00\",\"dateModified\":\"2026-02-17T10:35:21+00:00\",\"description\":\"The Sleeping Bag Camp is made with breathable wool for eco-friendly comfort. Hypoallergenic and toxin-free, it ensures sustainable, safe rest during outdoor trips and adventures.\",\"breadcrumb\":{\"@id\":\"https:\\\/\\\/homeofwool.com\\\/shop\\\/wool-sleeping-bag-camp\\\/#breadcrumb\"},\"inLanguage\":\"de\",\"potentialAction\":[{\"@type\":\"ReadAction\",\"target\":[\"https:\\\/\\\/homeofwool.com\\\/shop\\\/wool-sleeping-bag-camp\\\/\"]}]},{\"@type\":\"ImageObject\",\"inLanguage\":\"de\",\"@id\":\"https:\\\/\\\/homeofwool.com\\\/shop\\\/wool-sleeping-bag-camp\\\/#primaryimage\",\"url\":\"https:\\\/\\\/homeofwool.com\\\/wp-content\\\/uploads\\\/2025\\\/09\\\/home-of-wool-wool-sleeping-bag-1-main-1.jpg\",\"contentUrl\":\"https:\\\/\\\/homeofwool.com\\\/wp-content\\\/uploads\\\/2025\\\/09\\\/home-of-wool-wool-sleeping-bag-1-main-1.jpg\",\"width\":1920,\"height\":1536,\"caption\":\"wool sleeping bag set with a bag\"},{\"@type\":\"BreadcrumbList\",\"@id\":\"https:\\\/\\\/homeofwool.com\\\/shop\\\/wool-sleeping-bag-camp\\\/#breadcrumb\",\"itemListElement\":[{\"@type\":\"ListItem\",\"position\":1,\"name\":\"Home\",\"item\":\"https:\\\/\\\/homeofwool.com\\\/\"},{\"@type\":\"ListItem\",\"position\":2,\"name\":\"Products\",\"item\":\"https:\\\/\\\/homeofwool.com\\\/header-search-2\\\/\"},{\"@type\":\"ListItem\",\"position\":3,\"name\":\"Wool Sleeping Bag \u2013 Camp\"}]},{\"@type\":\"WebSite\",\"@id\":\"https:\\\/\\\/homeofwool.com\\\/#website\",\"url\":\"https:\\\/\\\/homeofwool.com\\\/\",\"name\":\"Home of Wool\",\"description\":\"\",\"publisher\":{\"@id\":\"https:\\\/\\\/homeofwool.com\\\/#organization\"},\"potentialAction\":[{\"@type\":\"SearchAction\",\"target\":{\"@type\":\"EntryPoint\",\"urlTemplate\":\"https:\\\/\\\/homeofwool.com\\\/?s={search_term_string}\"},\"query-input\":{\"@type\":\"PropertyValueSpecification\",\"valueRequired\":true,\"valueName\":\"search_term_string\"}}],\"inLanguage\":\"de\"},{\"@type\":\"Organization\",\"@id\":\"https:\\\/\\\/homeofwool.com\\\/#organization\",\"name\":\"Home of Wool\",\"url\":\"https:\\\/\\\/homeofwool.com\\\/\",\"logo\":{\"@type\":\"ImageObject\",\"inLanguage\":\"de\",\"@id\":\"https:\\\/\\\/homeofwool.com\\\/#\\\/schema\\\/logo\\\/image\\\/\",\"url\":\"https:\\\/\\\/homeofwool.com\\\/wp-content\\\/uploads\\\/2025\\\/09\\\/WhatsApp-Image-2025-12-02-at-16.23.20.jpeg\",\"contentUrl\":\"https:\\\/\\\/homeofwool.com\\\/wp-content\\\/uploads\\\/2025\\\/09\\\/WhatsApp-Image-2025-12-02-at-16.23.20.jpeg\",\"width\":700,\"height\":247,\"caption\":\"Home of Wool\"},\"image\":{\"@id\":\"https:\\\/\\\/homeofwool.com\\\/#\\\/schema\\\/logo\\\/image\\\/\"},\"sameAs\":[\"https:\\\/\\\/facebook.com\\\/HomeOfWoolOfficial\"]}]}<\/script>\n<!-- \/ Yoast SEO Premium plugin. -->","yoast_head_json":{"title":"Schlafsack - Camp, Ultimativer Camping-Komfort | Home of Wool","description":"Der Schlafsack Camp ist aus atmungsaktiver Wolle gefertigt und bietet umweltfreundlichen Komfort. Er ist hypoallergen und schadstofffrei und sorgt f\u00fcr nachhaltige, sichere Erholung bei Outdoor-Trips und -Abenteuern.","robots":{"index":"index","follow":"follow","max-snippet":"max-snippet:-1","max-image-preview":"max-image-preview:large","max-video-preview":"max-video-preview:-1"},"canonical":"https:\/\/homeofwool.com\/de\/shop\/wollschlafsack-camp\/","og_locale":"de_DE","og_type":"article","og_title":"Wool Sleeping Bag \u2013 Camp","og_description":"The Sleeping Bag Camp is made with breathable wool for eco-friendly comfort. Hypoallergenic and toxin-free, it ensures sustainable, safe rest during outdoor trips and adventures.","og_url":"https:\/\/homeofwool.com\/de\/shop\/wollschlafsack-camp\/","og_site_name":"Home of Wool","article_publisher":"https:\/\/facebook.com\/HomeOfWoolOfficial","article_modified_time":"2026-02-17T10:35:21+00:00","og_image":[{"width":1920,"height":1536,"url":"https:\/\/homeofwool.com\/wp-content\/uploads\/2025\/09\/home-of-wool-wool-sleeping-bag-1-main-1.jpg","type":"image\/jpeg"}],"twitter_card":"summary_large_image","twitter_misc":{"Gesch\u00e4tzte Lesezeit":"2\u00a0Minuten"},"schema":{"@context":"https:\/\/schema.org","@graph":[{"@type":"WebPage","@id":"https:\/\/homeofwool.com\/shop\/wool-sleeping-bag-camp\/","url":"https:\/\/homeofwool.com\/shop\/wool-sleeping-bag-camp\/","name":"Schlafsack - Camp, Ultimativer Camping-Komfort | Home of Wool","isPartOf":{"@id":"https:\/\/homeofwool.com\/#website"},"primaryImageOfPage":{"@id":"https:\/\/homeofwool.com\/shop\/wool-sleeping-bag-camp\/#primaryimage"},"image":{"@id":"https:\/\/homeofwool.com\/shop\/wool-sleeping-bag-camp\/#primaryimage"},"thumbnailUrl":"https:\/\/homeofwool.com\/wp-content\/uploads\/2025\/09\/home-of-wool-wool-sleeping-bag-1-main-1.jpg","datePublished":"2025-09-02T12:00:57+00:00","dateModified":"2026-02-17T10:35:21+00:00","description":"Der Schlafsack Camp ist aus atmungsaktiver Wolle gefertigt und bietet umweltfreundlichen Komfort. Er ist hypoallergen und schadstofffrei und sorgt f\u00fcr nachhaltige, sichere Erholung bei Outdoor-Trips und -Abenteuern.","breadcrumb":{"@id":"https:\/\/homeofwool.com\/shop\/wool-sleeping-bag-camp\/#breadcrumb"},"inLanguage":"de","potentialAction":[{"@type":"ReadAction","target":["https:\/\/homeofwool.com\/shop\/wool-sleeping-bag-camp\/"]}]},{"@type":"ImageObject","inLanguage":"de","@id":"https:\/\/homeofwool.com\/shop\/wool-sleeping-bag-camp\/#primaryimage","url":"https:\/\/homeofwool.com\/wp-content\/uploads\/2025\/09\/home-of-wool-wool-sleeping-bag-1-main-1.jpg","contentUrl":"https:\/\/homeofwool.com\/wp-content\/uploads\/2025\/09\/home-of-wool-wool-sleeping-bag-1-main-1.jpg","width":1920,"height":1536,"caption":"wool sleeping bag set with a bag"},{"@type":"BreadcrumbList","@id":"https:\/\/homeofwool.com\/shop\/wool-sleeping-bag-camp\/#breadcrumb","itemListElement":[{"@type":"ListItem","position":1,"name":"Home","item":"https:\/\/homeofwool.com\/"},{"@type":"ListItem","position":2,"name":"Products","item":"https:\/\/homeofwool.com\/header-search-2\/"},{"@type":"ListItem","position":3,"name":"Wool Sleeping Bag \u2013 Camp"}]},{"@type":"WebSite","@id":"https:\/\/homeofwool.com\/#website","url":"https:\/\/homeofwool.com\/","name":"Heimat der Wolle","description":"","publisher":{"@id":"https:\/\/homeofwool.com\/#organization"},"potentialAction":[{"@type":"SearchAction","target":{"@type":"EntryPoint","urlTemplate":"https:\/\/homeofwool.com\/?s={search_term_string}"},"query-input":{"@type":"PropertyValueSpecification","valueRequired":true,"valueName":"search_term_string"}}],"inLanguage":"de"},{"@type":"Organization","@id":"https:\/\/homeofwool.com\/#organization","name":"Heimat der Wolle","url":"https:\/\/homeofwool.com\/","logo":{"@type":"ImageObject","inLanguage":"de","@id":"https:\/\/homeofwool.com\/#\/schema\/logo\/image\/","url":"https:\/\/homeofwool.com\/wp-content\/uploads\/2025\/09\/WhatsApp-Image-2025-12-02-at-16.23.20.jpeg","contentUrl":"https:\/\/homeofwool.com\/wp-content\/uploads\/2025\/09\/WhatsApp-Image-2025-12-02-at-16.23.20.jpeg","width":700,"height":247,"caption":"Home of Wool"},"image":{"@id":"https:\/\/homeofwool.com\/#\/schema\/logo\/image\/"},"sameAs":["https:\/\/facebook.com\/HomeOfWoolOfficial"]}]}},"_links":{"self":[{"href":"https:\/\/homeofwool.com\/de\/wp-json\/wp\/v2\/product\/217555","targetHints":{"allow":["GET"]}}],"collection":[{"href":"https:\/\/homeofwool.com\/de\/wp-json\/wp\/v2\/product"}],"about":[{"href":"https:\/\/homeofwool.com\/de\/wp-json\/wp\/v2\/types\/product"}],"version-history":[{"count":2,"href":"https:\/\/homeofwool.com\/de\/wp-json\/wp\/v2\/product\/217555\/revisions"}],"predecessor-version":[{"id":228096,"href":"https:\/\/homeofwool.com\/de\/wp-json\/wp\/v2\/product\/217555\/revisions\/228096"}],"wp:featuredmedia":[{"embeddable":true,"href":"https:\/\/homeofwool.com\/de\/wp-json\/wp\/v2\/media\/225368"}],"wp:attachment":[{"href":"https:\/\/homeofwool.com\/de\/wp-json\/wp\/v2\/media?parent=217555"}],"wp:term":[{"taxonomy":"product_brand","embeddable":true,"href":"https:\/\/homeofwool.com\/de\/wp-json\/wp\/v2\/product_brand?post=217555"},{"taxonomy":"product_cat","embeddable":true,"href":"https:\/\/homeofwool.com\/de\/wp-json\/wp\/v2\/product_cat?post=217555"},{"taxonomy":"product_tag","embeddable":true,"href":"https:\/\/homeofwool.com\/de\/wp-json\/wp\/v2\/product_tag?post=217555"}],"curies":[{"name":"wp","href":"https:\/\/api.w.org\/{rel}","templated":true}]}}