{"id":217549,"date":"2025-09-02T12:00:57","date_gmt":"2025-09-02T12:00:57","guid":{"rendered":"https:\/\/homeofwool.com\/?post_type=product&#038;p=217549"},"modified":"2026-02-05T13:35:53","modified_gmt":"2026-02-05T13:35:53","slug":"pucktuch","status":"publish","type":"product","link":"https:\/\/homeofwool.com\/de\/shop\/swaddle-blanket\/","title":{"rendered":"Wolldecke zum Wickeln"},"content":{"rendered":"<p>Unser Wickeltuch aus Schurwolle wurde f\u00fcr Neugeborene entwickelt, die einen m\u00f6glichst reinen Start ins Leben verdienen. Die Au\u00dfenseite besteht aus 100%-Wolle, w\u00e4hrend die Innenseite mit atmungsaktivem Bio-Baumwollstoff gef\u00fcttert ist, der sich sanft und weich anf\u00fchlt. Zwischen den beiden Lagen sorgt eine d\u00fcnne Schicht aus Wollwatte f\u00fcr nat\u00fcrliche Bauschigkeit und W\u00e4rme, sodass dieses Wickeltuch oder diese Decke wunderbar kuschelig f\u00fcr k\u00fchlere N\u00e4chte ist. Mit einer Gr\u00f6\u00dfe von 80 x 80 cm bietet er ausreichend Stoff, um Ihr Baby gem\u00fctlich einzuwickeln, ohne dass er sich sperrig anf\u00fchlt. Er ist auch praktisch im Kinderwagen, wenn die Luft k\u00fchl wird.<\/p>\n<p>Da dieser Babywickel aus Wolle frei von synthetischen Stoffen, Flammschutzmitteln und Farbstoffen ist, handelt es sich um einen wirklich hypoallergenen Wickel, der selbst f\u00fcr empfindliche Babys oder Familien mit Allergien sicher ist.<\/p>\n<p>Mit einer Seidenschleife f\u00fcr einen Hauch von Eleganz ist dieser nat\u00fcrliche Babywickel nicht nur praktisch, sondern auch sch\u00f6n und somit ein perfektes Geschenk zur Geburt. Besonders f\u00fcr Babys, die in der k\u00e4lteren Jahreszeit zur Welt kommen. Er ist vollst\u00e4ndig biologisch abbaubar und stellt eine kleine, aber bedeutungsvolle Entscheidung f\u00fcr ein nachhaltiges Leben dar.<\/p>","protected":false},"excerpt":{"rendered":"<p>Dieser Wickel f\u00fcr Neugeborene besteht aus einer Mischung aus reiner Wolle und Bio-Baumwolle und bietet Ihrem Baby einen kokonartigen Komfort, in dem es sich sicher und geborgen f\u00fchlt. Die nat\u00fcrliche Wolle h\u00e4lt Ihr Baby warm, ohne dass es \u00fcberhitzt. Da keine Chemikalien zugesetzt sind, ist es ein sicheres und durchdachtes Babygeschenk. Besonders gut geeignet f\u00fcr die Kleinen, die in den k\u00e4lteren Monaten zur Welt kommen.<\/p>\n<div class=\"global-icon-set\">\n<div class=\"global-icon-set__items\">\n<div class=\"global-icon-set__item\">\n<div class=\"global-icon-set__image\">\n                                    <img decoding=\"async\" src=\"https:\/\/homeofwool.com\/wp-content\/uploads\/2025\/09\/handmade-icon-300x300.png\" alt=\"handgefertigte Ikone\" \/>\n                                <\/div>\n<div class=\"global-icon-set__title\">Handgefertigt<\/div>\n<\/p><\/div>\n<div class=\"global-icon-set__item\">\n<div class=\"global-icon-set__image\">\n                                    <img decoding=\"async\" src=\"https:\/\/homeofwool.com\/wp-content\/uploads\/2025\/09\/VOCs-min-300x300.png\" alt=\"vocs frei\" \/>\n                                <\/div>\n<div class=\"global-icon-set__title\">VOC-frei<\/div>\n<\/p><\/div>\n<div class=\"global-icon-set__item\">\n<div class=\"global-icon-set__image\">\n                                    <img decoding=\"async\" src=\"https:\/\/homeofwool.com\/wp-content\/uploads\/2025\/09\/FR-min-300x300.png\" alt=\"feuerfestes Symbol\" \/>\n                                <\/div>\n<div class=\"global-icon-set__title\">Schwer entflammbar<\/div>\n<\/p><\/div>\n<div class=\"global-icon-set__item\">\n<div class=\"global-icon-set__image\">\n                                    <img decoding=\"async\" src=\"https:\/\/homeofwool.com\/wp-content\/uploads\/2025\/09\/Hypoallergenic-min-300x300.png\" alt=\"hypoallergenes Symbol\" \/>\n                                <\/div>\n<div class=\"global-icon-set__title\">Hypoallergen<\/div>\n<\/p><\/div>\n<div class=\"global-icon-set__item\">\n<div class=\"global-icon-set__image\">\n                                    <img decoding=\"async\" src=\"https:\/\/homeofwool.com\/wp-content\/uploads\/2025\/09\/free-of-synthetics-icon-300x300.png\" alt=\"frei von synthetischen Stoffen Symbol\" \/>\n                                <\/div>\n<div class=\"global-icon-set__title\">Frei von synthetischen Stoffen<\/div>\n<\/p><\/div>\n<div class=\"global-icon-set__item\">\n<div class=\"global-icon-set__image\">\n                                    <img decoding=\"async\" src=\"https:\/\/homeofwool.com\/wp-content\/uploads\/2025\/09\/chemical-free-icon-300x300.png\" alt=\"Symbol f\u00fcr Chemikalienfreiheit\" \/>\n                                <\/div>\n<div class=\"global-icon-set__title\">Chemikalienfrei<\/div>\n<\/p><\/div>\n<div class=\"global-icon-set__item\">\n<div class=\"global-icon-set__image\">\n                                    <img decoding=\"async\" src=\"https:\/\/homeofwool.com\/wp-content\/uploads\/2025\/09\/anti-bacterial-icon-300x300.png\" alt=\"antibakterielles Symbol\" \/>\n                                <\/div>\n<div class=\"global-icon-set__title\">Anti-mikrobiell &amp; Anti-bakteriell<\/div>\n<\/p><\/div>\n<div class=\"global-icon-set__item\">\n<div class=\"global-icon-set__image\">\n                                    <img decoding=\"async\" src=\"https:\/\/homeofwool.com\/wp-content\/uploads\/2025\/09\/certified-materials-icon-300x300.png\" alt=\"Symbol f\u00fcr zertifizierte Materialien\" \/>\n                                <\/div>\n<div class=\"global-icon-set__title\">100% Reine zertifizierte Materialien<\/div>\n<\/p><\/div>\n<\/p><\/div>\n<\/p><\/div>","protected":false},"featured_media":218625,"template":"","meta":{"_acf_changed":false},"product_brand":[],"product_cat":[266,60,267],"product_tag":[296,297,298,299,300,301],"class_list":{"0":"post-217549","1":"product","2":"type-product","3":"status-publish","4":"has-post-thumbnail","6":"product_cat-baby-sleep-products","7":"product_cat-blankets-duvets","8":"product_cat-nursery","9":"product_tag-baby-shower-gift-idea","10":"product_tag-baby-swaddle","11":"product_tag-handmade-baby-blankets","12":"product_tag-organic-baby-blanket","13":"product_tag-personalized-baby-blankets","14":"product_tag-swaddle-wrap","16":"first","17":"instock","18":"shipping-taxable","19":"purchasable","20":"product-type-simple"},"acf":[],"yoast_head":"<!-- This site is optimized with the Yoast SEO Premium plugin v27.4 (Yoast SEO v27.4) - https:\/\/yoast.com\/product\/yoast-seo-premium-wordpress\/ -->\n<title>Swaddle Blanket \u2013 Pure Wool &amp; Cotton Baby Wrap | Home of Wool<\/title>\n<meta name=\"description\" content=\"Soft and cozy, the Swaddle Blanket blends pure wool and cotton for breathable comfort. Hypoallergenic and toxin-free, it keeps newborns snug and safe for cribs, strollers, and everyday use.\" \/>\n<meta name=\"robots\" content=\"index, follow, max-snippet:-1, max-image-preview:large, max-video-preview:-1\" \/>\n<link rel=\"canonical\" href=\"https:\/\/homeofwool.com\/de\/shop\/pucktuch\/\" \/>\n<meta property=\"og:locale\" content=\"de_DE\" \/>\n<meta property=\"og:type\" content=\"article\" \/>\n<meta property=\"og:title\" content=\"Wool Swaddle Blanket\" \/>\n<meta property=\"og:description\" content=\"Soft and cozy, the Swaddle Blanket blends pure wool and cotton for breathable comfort. Hypoallergenic and toxin-free, it keeps newborns snug and safe for cribs, strollers, and everyday use.\" \/>\n<meta property=\"og:url\" content=\"https:\/\/homeofwool.com\/de\/shop\/pucktuch\/\" \/>\n<meta property=\"og:site_name\" content=\"Home of Wool\" \/>\n<meta property=\"article:publisher\" content=\"https:\/\/facebook.com\/HomeOfWoolOfficial\" \/>\n<meta property=\"article:modified_time\" content=\"2026-02-05T13:35:53+00:00\" \/>\n<meta property=\"og:image\" content=\"https:\/\/homeofwool.com\/wp-content\/uploads\/2025\/09\/home-of-wool-newborn-swaddle-blanket-1-main-scaled.jpg\" \/>\n\t<meta property=\"og:image:width\" content=\"2560\" \/>\n\t<meta property=\"og:image:height\" content=\"2048\" \/>\n\t<meta property=\"og:image:type\" content=\"image\/jpeg\" \/>\n<meta name=\"twitter:card\" content=\"summary_large_image\" \/>\n<meta name=\"twitter:label1\" content=\"Gesch\u00e4tzte Lesezeit\" \/>\n\t<meta name=\"twitter:data1\" content=\"1\u00a0Minute\" \/>\n<script type=\"application\/ld+json\" class=\"yoast-schema-graph\">{\"@context\":\"https:\\\/\\\/schema.org\",\"@graph\":[{\"@type\":\"WebPage\",\"@id\":\"https:\\\/\\\/homeofwool.com\\\/shop\\\/swaddle-blanket\\\/\",\"url\":\"https:\\\/\\\/homeofwool.com\\\/shop\\\/swaddle-blanket\\\/\",\"name\":\"Swaddle Blanket \u2013 Pure Wool & Cotton Baby Wrap | Home of Wool\",\"isPartOf\":{\"@id\":\"https:\\\/\\\/homeofwool.com\\\/#website\"},\"primaryImageOfPage\":{\"@id\":\"https:\\\/\\\/homeofwool.com\\\/shop\\\/swaddle-blanket\\\/#primaryimage\"},\"image\":{\"@id\":\"https:\\\/\\\/homeofwool.com\\\/shop\\\/swaddle-blanket\\\/#primaryimage\"},\"thumbnailUrl\":\"https:\\\/\\\/homeofwool.com\\\/wp-content\\\/uploads\\\/2025\\\/09\\\/home-of-wool-newborn-swaddle-blanket-1-main-scaled.jpg\",\"datePublished\":\"2025-09-02T12:00:57+00:00\",\"dateModified\":\"2026-02-05T13:35:53+00:00\",\"description\":\"Soft and cozy, the Swaddle Blanket blends pure wool and cotton for breathable comfort. Hypoallergenic and toxin-free, it keeps newborns snug and safe for cribs, strollers, and everyday use.\",\"breadcrumb\":{\"@id\":\"https:\\\/\\\/homeofwool.com\\\/shop\\\/swaddle-blanket\\\/#breadcrumb\"},\"inLanguage\":\"de\",\"potentialAction\":[{\"@type\":\"ReadAction\",\"target\":[\"https:\\\/\\\/homeofwool.com\\\/shop\\\/swaddle-blanket\\\/\"]}]},{\"@type\":\"ImageObject\",\"inLanguage\":\"de\",\"@id\":\"https:\\\/\\\/homeofwool.com\\\/shop\\\/swaddle-blanket\\\/#primaryimage\",\"url\":\"https:\\\/\\\/homeofwool.com\\\/wp-content\\\/uploads\\\/2025\\\/09\\\/home-of-wool-newborn-swaddle-blanket-1-main-scaled.jpg\",\"contentUrl\":\"https:\\\/\\\/homeofwool.com\\\/wp-content\\\/uploads\\\/2025\\\/09\\\/home-of-wool-newborn-swaddle-blanket-1-main-scaled.jpg\",\"width\":2560,\"height\":2048,\"caption\":\"mom holding baby covered with home of wool saddle blanket\"},{\"@type\":\"BreadcrumbList\",\"@id\":\"https:\\\/\\\/homeofwool.com\\\/shop\\\/swaddle-blanket\\\/#breadcrumb\",\"itemListElement\":[{\"@type\":\"ListItem\",\"position\":1,\"name\":\"Home\",\"item\":\"https:\\\/\\\/homeofwool.com\\\/\"},{\"@type\":\"ListItem\",\"position\":2,\"name\":\"Products\",\"item\":\"https:\\\/\\\/homeofwool.com\\\/header-search-2\\\/\"},{\"@type\":\"ListItem\",\"position\":3,\"name\":\"Wool Swaddle Blanket\"}]},{\"@type\":\"WebSite\",\"@id\":\"https:\\\/\\\/homeofwool.com\\\/#website\",\"url\":\"https:\\\/\\\/homeofwool.com\\\/\",\"name\":\"Home of Wool\",\"description\":\"\",\"publisher\":{\"@id\":\"https:\\\/\\\/homeofwool.com\\\/#organization\"},\"potentialAction\":[{\"@type\":\"SearchAction\",\"target\":{\"@type\":\"EntryPoint\",\"urlTemplate\":\"https:\\\/\\\/homeofwool.com\\\/?s={search_term_string}\"},\"query-input\":{\"@type\":\"PropertyValueSpecification\",\"valueRequired\":true,\"valueName\":\"search_term_string\"}}],\"inLanguage\":\"de\"},{\"@type\":\"Organization\",\"@id\":\"https:\\\/\\\/homeofwool.com\\\/#organization\",\"name\":\"Home of Wool\",\"url\":\"https:\\\/\\\/homeofwool.com\\\/\",\"logo\":{\"@type\":\"ImageObject\",\"inLanguage\":\"de\",\"@id\":\"https:\\\/\\\/homeofwool.com\\\/#\\\/schema\\\/logo\\\/image\\\/\",\"url\":\"https:\\\/\\\/homeofwool.com\\\/wp-content\\\/uploads\\\/2025\\\/09\\\/WhatsApp-Image-2025-12-02-at-16.23.20.jpeg\",\"contentUrl\":\"https:\\\/\\\/homeofwool.com\\\/wp-content\\\/uploads\\\/2025\\\/09\\\/WhatsApp-Image-2025-12-02-at-16.23.20.jpeg\",\"width\":700,\"height\":247,\"caption\":\"Home of Wool\"},\"image\":{\"@id\":\"https:\\\/\\\/homeofwool.com\\\/#\\\/schema\\\/logo\\\/image\\\/\"},\"sameAs\":[\"https:\\\/\\\/facebook.com\\\/HomeOfWoolOfficial\"]}]}<\/script>\n<!-- \/ Yoast SEO Premium plugin. -->","yoast_head_json":{"title":"Wickeldecke \u2013 Babywickeltuch aus reiner Wolle und Baumwolle | Home of Wool","description":"Die weiche und kuschelige Wickeldecke besteht aus einer Mischung aus reiner Wolle und Baumwolle und ist atmungsaktiv und bequem. Sie ist hypoallergen und frei von Giftstoffen und sorgt daf\u00fcr, dass Neugeborene in Kinderbetten, Kinderwagen und im Alltag geborgen und sicher sind.","robots":{"index":"index","follow":"follow","max-snippet":"max-snippet:-1","max-image-preview":"max-image-preview:large","max-video-preview":"max-video-preview:-1"},"canonical":"https:\/\/homeofwool.com\/de\/shop\/pucktuch\/","og_locale":"de_DE","og_type":"article","og_title":"Wool Swaddle Blanket","og_description":"Soft and cozy, the Swaddle Blanket blends pure wool and cotton for breathable comfort. Hypoallergenic and toxin-free, it keeps newborns snug and safe for cribs, strollers, and everyday use.","og_url":"https:\/\/homeofwool.com\/de\/shop\/pucktuch\/","og_site_name":"Home of Wool","article_publisher":"https:\/\/facebook.com\/HomeOfWoolOfficial","article_modified_time":"2026-02-05T13:35:53+00:00","og_image":[{"width":2560,"height":2048,"url":"https:\/\/homeofwool.com\/wp-content\/uploads\/2025\/09\/home-of-wool-newborn-swaddle-blanket-1-main-scaled.jpg","type":"image\/jpeg"}],"twitter_card":"summary_large_image","twitter_misc":{"Gesch\u00e4tzte Lesezeit":"1\u00a0Minute"},"schema":{"@context":"https:\/\/schema.org","@graph":[{"@type":"WebPage","@id":"https:\/\/homeofwool.com\/shop\/swaddle-blanket\/","url":"https:\/\/homeofwool.com\/shop\/swaddle-blanket\/","name":"Wickeldecke \u2013 Babywickeltuch aus reiner Wolle und Baumwolle | Home of Wool","isPartOf":{"@id":"https:\/\/homeofwool.com\/#website"},"primaryImageOfPage":{"@id":"https:\/\/homeofwool.com\/shop\/swaddle-blanket\/#primaryimage"},"image":{"@id":"https:\/\/homeofwool.com\/shop\/swaddle-blanket\/#primaryimage"},"thumbnailUrl":"https:\/\/homeofwool.com\/wp-content\/uploads\/2025\/09\/home-of-wool-newborn-swaddle-blanket-1-main-scaled.jpg","datePublished":"2025-09-02T12:00:57+00:00","dateModified":"2026-02-05T13:35:53+00:00","description":"Die weiche und kuschelige Wickeldecke besteht aus einer Mischung aus reiner Wolle und Baumwolle und ist atmungsaktiv und bequem. Sie ist hypoallergen und frei von Giftstoffen und sorgt daf\u00fcr, dass Neugeborene in Kinderbetten, Kinderwagen und im Alltag geborgen und sicher sind.","breadcrumb":{"@id":"https:\/\/homeofwool.com\/shop\/swaddle-blanket\/#breadcrumb"},"inLanguage":"de","potentialAction":[{"@type":"ReadAction","target":["https:\/\/homeofwool.com\/shop\/swaddle-blanket\/"]}]},{"@type":"ImageObject","inLanguage":"de","@id":"https:\/\/homeofwool.com\/shop\/swaddle-blanket\/#primaryimage","url":"https:\/\/homeofwool.com\/wp-content\/uploads\/2025\/09\/home-of-wool-newborn-swaddle-blanket-1-main-scaled.jpg","contentUrl":"https:\/\/homeofwool.com\/wp-content\/uploads\/2025\/09\/home-of-wool-newborn-swaddle-blanket-1-main-scaled.jpg","width":2560,"height":2048,"caption":"mom holding baby covered with home of wool saddle blanket"},{"@type":"BreadcrumbList","@id":"https:\/\/homeofwool.com\/shop\/swaddle-blanket\/#breadcrumb","itemListElement":[{"@type":"ListItem","position":1,"name":"Home","item":"https:\/\/homeofwool.com\/"},{"@type":"ListItem","position":2,"name":"Products","item":"https:\/\/homeofwool.com\/header-search-2\/"},{"@type":"ListItem","position":3,"name":"Wool Swaddle Blanket"}]},{"@type":"WebSite","@id":"https:\/\/homeofwool.com\/#website","url":"https:\/\/homeofwool.com\/","name":"Heimat der Wolle","description":"","publisher":{"@id":"https:\/\/homeofwool.com\/#organization"},"potentialAction":[{"@type":"SearchAction","target":{"@type":"EntryPoint","urlTemplate":"https:\/\/homeofwool.com\/?s={search_term_string}"},"query-input":{"@type":"PropertyValueSpecification","valueRequired":true,"valueName":"search_term_string"}}],"inLanguage":"de"},{"@type":"Organization","@id":"https:\/\/homeofwool.com\/#organization","name":"Heimat der Wolle","url":"https:\/\/homeofwool.com\/","logo":{"@type":"ImageObject","inLanguage":"de","@id":"https:\/\/homeofwool.com\/#\/schema\/logo\/image\/","url":"https:\/\/homeofwool.com\/wp-content\/uploads\/2025\/09\/WhatsApp-Image-2025-12-02-at-16.23.20.jpeg","contentUrl":"https:\/\/homeofwool.com\/wp-content\/uploads\/2025\/09\/WhatsApp-Image-2025-12-02-at-16.23.20.jpeg","width":700,"height":247,"caption":"Home of Wool"},"image":{"@id":"https:\/\/homeofwool.com\/#\/schema\/logo\/image\/"},"sameAs":["https:\/\/facebook.com\/HomeOfWoolOfficial"]}]}},"_links":{"self":[{"href":"https:\/\/homeofwool.com\/de\/wp-json\/wp\/v2\/product\/217549","targetHints":{"allow":["GET"]}}],"collection":[{"href":"https:\/\/homeofwool.com\/de\/wp-json\/wp\/v2\/product"}],"about":[{"href":"https:\/\/homeofwool.com\/de\/wp-json\/wp\/v2\/types\/product"}],"version-history":[{"count":2,"href":"https:\/\/homeofwool.com\/de\/wp-json\/wp\/v2\/product\/217549\/revisions"}],"predecessor-version":[{"id":227971,"href":"https:\/\/homeofwool.com\/de\/wp-json\/wp\/v2\/product\/217549\/revisions\/227971"}],"wp:featuredmedia":[{"embeddable":true,"href":"https:\/\/homeofwool.com\/de\/wp-json\/wp\/v2\/media\/218625"}],"wp:attachment":[{"href":"https:\/\/homeofwool.com\/de\/wp-json\/wp\/v2\/media?parent=217549"}],"wp:term":[{"taxonomy":"product_brand","embeddable":true,"href":"https:\/\/homeofwool.com\/de\/wp-json\/wp\/v2\/product_brand?post=217549"},{"taxonomy":"product_cat","embeddable":true,"href":"https:\/\/homeofwool.com\/de\/wp-json\/wp\/v2\/product_cat?post=217549"},{"taxonomy":"product_tag","embeddable":true,"href":"https:\/\/homeofwool.com\/de\/wp-json\/wp\/v2\/product_tag?post=217549"}],"curies":[{"name":"wp","href":"https:\/\/api.w.org\/{rel}","templated":true}]}}