{"id":217545,"date":"2025-09-02T12:00:57","date_gmt":"2025-09-02T12:00:57","guid":{"rendered":"https:\/\/homeofwool.com\/?post_type=product&#038;p=217545"},"modified":"2026-04-09T11:34:27","modified_gmt":"2026-04-09T11:34:27","slug":"babyspielmatte","status":"publish","type":"product","link":"https:\/\/homeofwool.com\/de\/shop\/baby-play-mat\/","title":{"rendered":"Wolle Baby Spielmatte"},"content":{"rendered":"<p>Ein gem\u00fctlicher, sicherer Spielplatz beginnt mit der richtigen Spielmatte. Lernen Sie unsere ganz nat\u00fcrliche und unterst\u00fctzende Spielmatte f\u00fcr Neugeborene kennen. Ob Gymnastik, Babymassage, Rollen oder die ersten Krabbelversuche - diese Wollmatte f\u00fcr die Bauchzeit unterst\u00fctzt jeden Meilenstein. Die handgefertigten Home of Wool Spielmatten f\u00fcr Babys aus atmungsaktiver Bio-Wolle und nat\u00fcrlichen Stoffen sind perfekt f\u00fcr den t\u00e4glichen Gebrauch.<\/p>\n<p>Jede Kinderspielmatte hat die optimale Dicke der Bio-Wollwatte, um Ihr Kind beim Spielen, Ausruhen und allem, was dazwischen liegt, zu unterst\u00fctzen. Sie wird mit abnehmbarem Bezug geliefert, der sich leicht waschen und pflegen l\u00e4sst. Wolle ist nat\u00fcrlich temperatur- und feuchtigkeitsregulierend, so dass sich die Kinderspielmatte im Sommer k\u00fchl und im Winter gem\u00fctlich anf\u00fchlt. Machen Sie sich keine Sorgen mehr \u00fcber den kalten Boden.<\/p>\n<p>Dank ihrer nat\u00fcrlichen Zusammensetzung ist diese Bauchliegematte hypoallergen und ungiftig. Sie ist frei von synthetischen Stoffen, Klebstoffen oder chemischen Behandlungen. Es ist eine reine und gem\u00fctliche Oberfl\u00e4che, auf der sich Ihr Baby mit Leichtigkeit rollen, strecken und spielen kann.<\/p>","protected":false},"excerpt":{"rendered":"<p>Schaffen Sie eine weiche und n\u00e4hrende Spielumgebung mit dieser nat\u00fcrlichen Spielmatte f\u00fcr Kinder, die sorgf\u00e4ltig hergestellt wurde, um die fr\u00fchesten Momente Ihres Babys zu unterst\u00fctzen. Sie eignet sich perfekt als Spielmatte f\u00fcr Neugeborene und bietet eine sanfte Polsterung f\u00fcr die Bauchzeit und das Rollen. Handgefertigt aus reiner Wolle und nat\u00fcrlichen Stoffen schafft sie einen weichen, atmungsaktiven Raum, in dem Ihr Baby sicher auf Entdeckungsreise gehen kann. Au\u00dferdem ist sie vollst\u00e4ndig anpassbar! Wir k\u00f6nnen sie so gro\u00df machen, wie Ihre Kinder sie brauchen.<\/p>\n<div class=\"global-icon-set\">\n<div class=\"global-icon-set__items\">\n<div class=\"global-icon-set__item\">\n<div class=\"global-icon-set__image\">\n                                    <img decoding=\"async\" src=\"https:\/\/homeofwool.com\/wp-content\/uploads\/2025\/09\/handmade-icon-300x300.png\" alt=\"handgefertigte Ikone\" \/>\n                                <\/div>\n<div class=\"global-icon-set__title\">Handgefertigt<\/div>\n<\/p><\/div>\n<div class=\"global-icon-set__item\">\n<div class=\"global-icon-set__image\">\n                                    <img decoding=\"async\" src=\"https:\/\/homeofwool.com\/wp-content\/uploads\/2025\/09\/VOCs-min-300x300.png\" alt=\"vocs frei\" \/>\n                                <\/div>\n<div class=\"global-icon-set__title\">VOC-frei<\/div>\n<\/p><\/div>\n<div class=\"global-icon-set__item\">\n<div class=\"global-icon-set__image\">\n                                    <img decoding=\"async\" src=\"https:\/\/homeofwool.com\/wp-content\/uploads\/2025\/09\/FR-min-300x300.png\" alt=\"feuerfestes Symbol\" \/>\n                                <\/div>\n<div class=\"global-icon-set__title\">Schwer entflammbar<\/div>\n<\/p><\/div>\n<div class=\"global-icon-set__item\">\n<div class=\"global-icon-set__image\">\n                                    <img decoding=\"async\" src=\"https:\/\/homeofwool.com\/wp-content\/uploads\/2025\/09\/Hypoallergenic-min-300x300.png\" alt=\"hypoallergenes Symbol\" \/>\n                                <\/div>\n<div class=\"global-icon-set__title\">Hypoallergen<\/div>\n<\/p><\/div>\n<div class=\"global-icon-set__item\">\n<div class=\"global-icon-set__image\">\n                                    <img decoding=\"async\" src=\"https:\/\/homeofwool.com\/wp-content\/uploads\/2025\/09\/free-of-synthetics-icon-300x300.png\" alt=\"frei von synthetischen Stoffen Symbol\" \/>\n                                <\/div>\n<div class=\"global-icon-set__title\">Frei von synthetischen Stoffen<\/div>\n<\/p><\/div>\n<div class=\"global-icon-set__item\">\n<div class=\"global-icon-set__image\">\n                                    <img decoding=\"async\" src=\"https:\/\/homeofwool.com\/wp-content\/uploads\/2025\/09\/chemical-free-icon-300x300.png\" alt=\"Symbol f\u00fcr Chemikalienfreiheit\" \/>\n                                <\/div>\n<div class=\"global-icon-set__title\">Chemikalienfrei<\/div>\n<\/p><\/div>\n<div class=\"global-icon-set__item\">\n<div class=\"global-icon-set__image\">\n                                    <img decoding=\"async\" src=\"https:\/\/homeofwool.com\/wp-content\/uploads\/2025\/09\/anti-bacterial-icon-300x300.png\" alt=\"antibakterielles Symbol\" \/>\n                                <\/div>\n<div class=\"global-icon-set__title\">Anti-mikrobiell &amp; Anti-bakteriell<\/div>\n<\/p><\/div>\n<div class=\"global-icon-set__item\">\n<div class=\"global-icon-set__image\">\n                                    <img decoding=\"async\" src=\"https:\/\/homeofwool.com\/wp-content\/uploads\/2025\/09\/certified-materials-icon-300x300.png\" alt=\"Symbol f\u00fcr zertifizierte Materialien\" \/>\n                                <\/div>\n<div class=\"global-icon-set__title\">100% Reine zertifizierte Materialien<\/div>\n<\/p><\/div>\n<\/p><\/div>\n<\/p><\/div>","protected":false},"featured_media":228361,"template":"","meta":{"_acf_changed":false},"product_brand":[],"product_cat":[265],"product_tag":[510,511,512,513,514,515,516,517,518,519,520,521,522,149,523],"class_list":{"0":"post-217545","1":"product","2":"type-product","3":"status-publish","4":"has-post-thumbnail","6":"product_cat-playtime","7":"product_tag-baby-floor-mat","8":"product_tag-baby-gym","9":"product_tag-baby-play-gym","10":"product_tag-baby-play-mat-foldable","11":"product_tag-baby-playmat","12":"product_tag-baby-shower","13":"product_tag-baby-travel","14":"product_tag-childrens-play-mat","15":"product_tag-crawling-mat","16":"product_tag-infant-activity-mat","17":"product_tag-montessori-baby","18":"product_tag-newborn-present","19":"product_tag-organic-baby","20":"product_tag-steps","21":"product_tag-tummy-time","23":"first","24":"instock","25":"shipping-taxable","26":"purchasable","27":"product-type-simple"},"acf":[],"yoast_head":"<!-- This site is optimized with the Yoast SEO Premium plugin v27.3 (Yoast SEO v27.3) - https:\/\/yoast.com\/product\/yoast-seo-premium-wordpress\/ -->\n<title>Baby Play Mat \u2013 Hypoallergenic Comfort | Home of Wool<\/title>\n<meta name=\"description\" content=\"Safe and breathable, the Baby Play Mat is filled with organic wool. Hypoallergenic and toxin-free, it offers sustainable comfort and protection for infants and toddlers at play.\" \/>\n<meta name=\"robots\" content=\"index, follow, max-snippet:-1, max-image-preview:large, max-video-preview:-1\" \/>\n<link rel=\"canonical\" href=\"https:\/\/homeofwool.com\/de\/shop\/babyspielmatte\/\" \/>\n<meta property=\"og:locale\" content=\"de_DE\" \/>\n<meta property=\"og:type\" content=\"article\" \/>\n<meta property=\"og:title\" content=\"Wool Baby Play Mat\" \/>\n<meta property=\"og:description\" content=\"Safe and breathable, the Baby Play Mat is filled with organic wool. Hypoallergenic and toxin-free, it offers sustainable comfort and protection for infants and toddlers at play.\" \/>\n<meta property=\"og:url\" content=\"https:\/\/homeofwool.com\/de\/shop\/babyspielmatte\/\" \/>\n<meta property=\"og:site_name\" content=\"Home of Wool\" \/>\n<meta property=\"article:publisher\" content=\"https:\/\/facebook.com\/HomeOfWoolOfficial\" \/>\n<meta property=\"article:modified_time\" content=\"2026-04-09T11:34:27+00:00\" \/>\n<meta property=\"og:image\" content=\"https:\/\/homeofwool.com\/wp-content\/uploads\/2025\/09\/home-of-wool-wool-baby-play-mat.jpg\" \/>\n\t<meta property=\"og:image:width\" content=\"1878\" \/>\n\t<meta property=\"og:image:height\" content=\"1494\" \/>\n\t<meta property=\"og:image:type\" content=\"image\/jpeg\" \/>\n<meta name=\"twitter:card\" content=\"summary_large_image\" \/>\n<meta name=\"twitter:label1\" content=\"Gesch\u00e4tzte Lesezeit\" \/>\n\t<meta name=\"twitter:data1\" content=\"1\u00a0Minute\" \/>\n<script type=\"application\/ld+json\" class=\"yoast-schema-graph\">{\"@context\":\"https:\\\/\\\/schema.org\",\"@graph\":[{\"@type\":\"WebPage\",\"@id\":\"https:\\\/\\\/homeofwool.com\\\/shop\\\/baby-play-mat\\\/\",\"url\":\"https:\\\/\\\/homeofwool.com\\\/shop\\\/baby-play-mat\\\/\",\"name\":\"Baby Play Mat \u2013 Hypoallergenic Comfort | Home of Wool\",\"isPartOf\":{\"@id\":\"https:\\\/\\\/homeofwool.com\\\/#website\"},\"primaryImageOfPage\":{\"@id\":\"https:\\\/\\\/homeofwool.com\\\/shop\\\/baby-play-mat\\\/#primaryimage\"},\"image\":{\"@id\":\"https:\\\/\\\/homeofwool.com\\\/shop\\\/baby-play-mat\\\/#primaryimage\"},\"thumbnailUrl\":\"https:\\\/\\\/homeofwool.com\\\/wp-content\\\/uploads\\\/2025\\\/09\\\/home-of-wool-wool-baby-play-mat.jpg\",\"datePublished\":\"2025-09-02T12:00:57+00:00\",\"dateModified\":\"2026-04-09T11:34:27+00:00\",\"description\":\"Safe and breathable, the Baby Play Mat is filled with organic wool. Hypoallergenic and toxin-free, it offers sustainable comfort and protection for infants and toddlers at play.\",\"breadcrumb\":{\"@id\":\"https:\\\/\\\/homeofwool.com\\\/shop\\\/baby-play-mat\\\/#breadcrumb\"},\"inLanguage\":\"de\",\"potentialAction\":[{\"@type\":\"ReadAction\",\"target\":[\"https:\\\/\\\/homeofwool.com\\\/shop\\\/baby-play-mat\\\/\"]}]},{\"@type\":\"ImageObject\",\"inLanguage\":\"de\",\"@id\":\"https:\\\/\\\/homeofwool.com\\\/shop\\\/baby-play-mat\\\/#primaryimage\",\"url\":\"https:\\\/\\\/homeofwool.com\\\/wp-content\\\/uploads\\\/2025\\\/09\\\/home-of-wool-wool-baby-play-mat.jpg\",\"contentUrl\":\"https:\\\/\\\/homeofwool.com\\\/wp-content\\\/uploads\\\/2025\\\/09\\\/home-of-wool-wool-baby-play-mat.jpg\",\"width\":1878,\"height\":1494,\"caption\":\"baby playing on a round wool play mat\"},{\"@type\":\"BreadcrumbList\",\"@id\":\"https:\\\/\\\/homeofwool.com\\\/shop\\\/baby-play-mat\\\/#breadcrumb\",\"itemListElement\":[{\"@type\":\"ListItem\",\"position\":1,\"name\":\"Home\",\"item\":\"https:\\\/\\\/homeofwool.com\\\/\"},{\"@type\":\"ListItem\",\"position\":2,\"name\":\"Products\",\"item\":\"https:\\\/\\\/homeofwool.com\\\/header-search-2\\\/\"},{\"@type\":\"ListItem\",\"position\":3,\"name\":\"Wool Baby Play Mat\"}]},{\"@type\":\"WebSite\",\"@id\":\"https:\\\/\\\/homeofwool.com\\\/#website\",\"url\":\"https:\\\/\\\/homeofwool.com\\\/\",\"name\":\"Home of Wool\",\"description\":\"\",\"publisher\":{\"@id\":\"https:\\\/\\\/homeofwool.com\\\/#organization\"},\"potentialAction\":[{\"@type\":\"SearchAction\",\"target\":{\"@type\":\"EntryPoint\",\"urlTemplate\":\"https:\\\/\\\/homeofwool.com\\\/?s={search_term_string}\"},\"query-input\":{\"@type\":\"PropertyValueSpecification\",\"valueRequired\":true,\"valueName\":\"search_term_string\"}}],\"inLanguage\":\"de\"},{\"@type\":\"Organization\",\"@id\":\"https:\\\/\\\/homeofwool.com\\\/#organization\",\"name\":\"Home of Wool\",\"url\":\"https:\\\/\\\/homeofwool.com\\\/\",\"logo\":{\"@type\":\"ImageObject\",\"inLanguage\":\"de\",\"@id\":\"https:\\\/\\\/homeofwool.com\\\/#\\\/schema\\\/logo\\\/image\\\/\",\"url\":\"https:\\\/\\\/homeofwool.com\\\/wp-content\\\/uploads\\\/2025\\\/09\\\/WhatsApp-Image-2025-12-02-at-16.23.20.jpeg\",\"contentUrl\":\"https:\\\/\\\/homeofwool.com\\\/wp-content\\\/uploads\\\/2025\\\/09\\\/WhatsApp-Image-2025-12-02-at-16.23.20.jpeg\",\"width\":700,\"height\":247,\"caption\":\"Home of Wool\"},\"image\":{\"@id\":\"https:\\\/\\\/homeofwool.com\\\/#\\\/schema\\\/logo\\\/image\\\/\"},\"sameAs\":[\"https:\\\/\\\/facebook.com\\\/HomeOfWoolOfficial\"]}]}<\/script>\n<!-- \/ Yoast SEO Premium plugin. -->","yoast_head_json":{"title":"Baby Spielmatte - Hypoallergene Komfort | Home of Wool","description":"Die sichere und atmungsaktive Baby-Spielmatte ist mit Bio-Wolle gef\u00fcllt. Sie ist hypoallergen und schadstofffrei und bietet nachhaltigen Komfort und Schutz f\u00fcr S\u00e4uglinge und Kleinkinder beim Spielen.","robots":{"index":"index","follow":"follow","max-snippet":"max-snippet:-1","max-image-preview":"max-image-preview:large","max-video-preview":"max-video-preview:-1"},"canonical":"https:\/\/homeofwool.com\/de\/shop\/babyspielmatte\/","og_locale":"de_DE","og_type":"article","og_title":"Wool Baby Play Mat","og_description":"Safe and breathable, the Baby Play Mat is filled with organic wool. Hypoallergenic and toxin-free, it offers sustainable comfort and protection for infants and toddlers at play.","og_url":"https:\/\/homeofwool.com\/de\/shop\/babyspielmatte\/","og_site_name":"Home of Wool","article_publisher":"https:\/\/facebook.com\/HomeOfWoolOfficial","article_modified_time":"2026-04-09T11:34:27+00:00","og_image":[{"width":1878,"height":1494,"url":"https:\/\/homeofwool.com\/wp-content\/uploads\/2025\/09\/home-of-wool-wool-baby-play-mat.jpg","type":"image\/jpeg"}],"twitter_card":"summary_large_image","twitter_misc":{"Gesch\u00e4tzte Lesezeit":"1\u00a0Minute"},"schema":{"@context":"https:\/\/schema.org","@graph":[{"@type":"WebPage","@id":"https:\/\/homeofwool.com\/shop\/baby-play-mat\/","url":"https:\/\/homeofwool.com\/shop\/baby-play-mat\/","name":"Baby Spielmatte - Hypoallergene Komfort | Home of Wool","isPartOf":{"@id":"https:\/\/homeofwool.com\/#website"},"primaryImageOfPage":{"@id":"https:\/\/homeofwool.com\/shop\/baby-play-mat\/#primaryimage"},"image":{"@id":"https:\/\/homeofwool.com\/shop\/baby-play-mat\/#primaryimage"},"thumbnailUrl":"https:\/\/homeofwool.com\/wp-content\/uploads\/2025\/09\/home-of-wool-wool-baby-play-mat.jpg","datePublished":"2025-09-02T12:00:57+00:00","dateModified":"2026-04-09T11:34:27+00:00","description":"Die sichere und atmungsaktive Baby-Spielmatte ist mit Bio-Wolle gef\u00fcllt. Sie ist hypoallergen und schadstofffrei und bietet nachhaltigen Komfort und Schutz f\u00fcr S\u00e4uglinge und Kleinkinder beim Spielen.","breadcrumb":{"@id":"https:\/\/homeofwool.com\/shop\/baby-play-mat\/#breadcrumb"},"inLanguage":"de","potentialAction":[{"@type":"ReadAction","target":["https:\/\/homeofwool.com\/shop\/baby-play-mat\/"]}]},{"@type":"ImageObject","inLanguage":"de","@id":"https:\/\/homeofwool.com\/shop\/baby-play-mat\/#primaryimage","url":"https:\/\/homeofwool.com\/wp-content\/uploads\/2025\/09\/home-of-wool-wool-baby-play-mat.jpg","contentUrl":"https:\/\/homeofwool.com\/wp-content\/uploads\/2025\/09\/home-of-wool-wool-baby-play-mat.jpg","width":1878,"height":1494,"caption":"baby playing on a round wool play mat"},{"@type":"BreadcrumbList","@id":"https:\/\/homeofwool.com\/shop\/baby-play-mat\/#breadcrumb","itemListElement":[{"@type":"ListItem","position":1,"name":"Home","item":"https:\/\/homeofwool.com\/"},{"@type":"ListItem","position":2,"name":"Products","item":"https:\/\/homeofwool.com\/header-search-2\/"},{"@type":"ListItem","position":3,"name":"Wool Baby Play Mat"}]},{"@type":"WebSite","@id":"https:\/\/homeofwool.com\/#website","url":"https:\/\/homeofwool.com\/","name":"Heimat der Wolle","description":"","publisher":{"@id":"https:\/\/homeofwool.com\/#organization"},"potentialAction":[{"@type":"SearchAction","target":{"@type":"EntryPoint","urlTemplate":"https:\/\/homeofwool.com\/?s={search_term_string}"},"query-input":{"@type":"PropertyValueSpecification","valueRequired":true,"valueName":"search_term_string"}}],"inLanguage":"de"},{"@type":"Organization","@id":"https:\/\/homeofwool.com\/#organization","name":"Heimat der Wolle","url":"https:\/\/homeofwool.com\/","logo":{"@type":"ImageObject","inLanguage":"de","@id":"https:\/\/homeofwool.com\/#\/schema\/logo\/image\/","url":"https:\/\/homeofwool.com\/wp-content\/uploads\/2025\/09\/WhatsApp-Image-2025-12-02-at-16.23.20.jpeg","contentUrl":"https:\/\/homeofwool.com\/wp-content\/uploads\/2025\/09\/WhatsApp-Image-2025-12-02-at-16.23.20.jpeg","width":700,"height":247,"caption":"Home of Wool"},"image":{"@id":"https:\/\/homeofwool.com\/#\/schema\/logo\/image\/"},"sameAs":["https:\/\/facebook.com\/HomeOfWoolOfficial"]}]}},"_links":{"self":[{"href":"https:\/\/homeofwool.com\/de\/wp-json\/wp\/v2\/product\/217545","targetHints":{"allow":["GET"]}}],"collection":[{"href":"https:\/\/homeofwool.com\/de\/wp-json\/wp\/v2\/product"}],"about":[{"href":"https:\/\/homeofwool.com\/de\/wp-json\/wp\/v2\/types\/product"}],"version-history":[{"count":2,"href":"https:\/\/homeofwool.com\/de\/wp-json\/wp\/v2\/product\/217545\/revisions"}],"predecessor-version":[{"id":228353,"href":"https:\/\/homeofwool.com\/de\/wp-json\/wp\/v2\/product\/217545\/revisions\/228353"}],"wp:featuredmedia":[{"embeddable":true,"href":"https:\/\/homeofwool.com\/de\/wp-json\/wp\/v2\/media\/228361"}],"wp:attachment":[{"href":"https:\/\/homeofwool.com\/de\/wp-json\/wp\/v2\/media?parent=217545"}],"wp:term":[{"taxonomy":"product_brand","embeddable":true,"href":"https:\/\/homeofwool.com\/de\/wp-json\/wp\/v2\/product_brand?post=217545"},{"taxonomy":"product_cat","embeddable":true,"href":"https:\/\/homeofwool.com\/de\/wp-json\/wp\/v2\/product_cat?post=217545"},{"taxonomy":"product_tag","embeddable":true,"href":"https:\/\/homeofwool.com\/de\/wp-json\/wp\/v2\/product_tag?post=217545"}],"curies":[{"name":"wp","href":"https:\/\/api.w.org\/{rel}","templated":true}]}}