{"id":217541,"date":"2025-09-02T12:00:57","date_gmt":"2025-09-02T12:00:57","guid":{"rendered":"https:\/\/homeofwool.com\/?post_type=product&#038;p=217541"},"modified":"2026-02-09T13:01:56","modified_gmt":"2026-02-09T13:01:56","slug":"leinenfaden-weis","status":"publish","type":"product","link":"https:\/\/homeofwool.com\/de\/shop\/linen-thread-white\/","title":{"rendered":"Leinenfaden \u2013 Wei\u00df"},"content":{"rendered":"<p>Dieser wei\u00dfe Leinenfaden wird in Ungarn aus halbfeucht gesponnenem Flachsgarn hergestellt und bietet au\u00dfergew\u00f6hnliche Qualit\u00e4t und Integrit\u00e4t f\u00fcr das Weben, N\u00e4hen und andere Textilhandwerke. Leinen ist von Natur aus strapazierf\u00e4hig und seine Fasern sind 30% st\u00e4rker als Baumwolle, sodass Ihre fertigen St\u00fccke l\u00e4nger halten und mit der Zeit eine sch\u00f6ne Patina entwickeln. Dieser Faden absorbiert Feuchtigkeit und ist schmutzabweisend. Er ist eine sichere Wahl f\u00fcr Menschen mit empfindlicher Haut.<\/p>\n<p>Jede Rolle wird sorgf\u00e4ltig aus r\u00fcckverfolgbarem europ\u00e4ischem Flachs hergestellt und verf\u00fcgt \u00fcber anerkannte Zertifizierungen:<\/p>\n<ul>\n<li>OEKO-TEX\u00ae Standard 100<\/li>\n<li>Europ\u00e4ischer Flachs\u00ae<\/li>\n<li>GOTS\u00ae<\/li>\n<li>Meister der Leinenwaren\u00ae<\/li>\n<\/ul>\n<p>Die Zertifizierungen best\u00e4tigen, dass der Faden sauber ist und aus verantwortungsbewusster Herkunft stammt. Leinen ist robust und langlebig. Der Anbau von Flachs hat zudem geringere Auswirkungen auf die Umwelt als viele andere Kulturen. Es ist eine hervorragende Wahl f\u00fcr alle Ihre Web- und N\u00e4hprojekte.<\/p>","protected":false},"excerpt":{"rendered":"<p>Dieser wei\u00dfe Leinenfaden wird aus halb nass gesponnenem Flachsgarn hergestellt, wodurch er eine feine und dennoch strapazierf\u00e4hige Struktur f\u00fcr Web-, N\u00e4h- und Handwerksprojekte erh\u00e4lt. Er ist frei von chemischen Beschichtungen. Da er in jeder Phase zertifiziert ist, ist er eine zuverl\u00e4ssige Wahl f\u00fcr Web- oder N\u00e4harbeiten.<\/p>\n<p><strong>Zeit nehmen<\/strong>: 1\u20133 Tage<br \/>\n<strong>Lieferzeit<\/strong>: 1\u20134 Wochen<\/p>\n<div class=\"global-icon-set\">\n<div class=\"global-icon-set__items\">\n<div class=\"global-icon-set__item\">\n<div class=\"global-icon-set__image\">\n                                    <img decoding=\"async\" src=\"https:\/\/homeofwool.com\/wp-content\/uploads\/2025\/09\/VOCs-min-300x300.png\" alt=\"vocs frei\" \/>\n                                <\/div>\n<div class=\"global-icon-set__title\">VOC-frei<\/div>\n<\/p><\/div>\n<div class=\"global-icon-set__item\">\n<div class=\"global-icon-set__image\">\n                                    <img decoding=\"async\" src=\"https:\/\/homeofwool.com\/wp-content\/uploads\/2025\/09\/free-of-synthetics-icon-300x300.png\" alt=\"frei von synthetischen Stoffen Symbol\" \/>\n                                <\/div>\n<div class=\"global-icon-set__title\">Frei von synthetischen Stoffen<\/div>\n<\/p><\/div>\n<div class=\"global-icon-set__item\">\n<div class=\"global-icon-set__image\">\n                                    <img decoding=\"async\" src=\"https:\/\/homeofwool.com\/wp-content\/uploads\/2025\/09\/chemical-free-icon-300x300.png\" alt=\"Symbol f\u00fcr Chemikalienfreiheit\" \/>\n                                <\/div>\n<div class=\"global-icon-set__title\">Chemikalienfrei<\/div>\n<\/p><\/div>\n<\/p><\/div>\n<\/p><\/div>","protected":false},"featured_media":223036,"template":"","meta":{"_acf_changed":false},"product_brand":[],"product_cat":[25],"product_tag":[1370],"class_list":{"0":"post-217541","1":"product","2":"type-product","3":"status-publish","4":"has-post-thumbnail","6":"product_cat-wool-fabrics-batting","7":"product_tag-nosteps","9":"first","10":"instock","11":"shipping-taxable","12":"purchasable","13":"product-type-simple"},"acf":[],"yoast_head":"<!-- This site is optimized with the Yoast SEO Premium plugin v27.4 (Yoast SEO v27.4) - https:\/\/yoast.com\/product\/yoast-seo-premium-wordpress\/ -->\n<title>White Linen Thread \u2013 All Natural &amp; Durable | Home of Wool<\/title>\n<meta name=\"description\" content=\"Strong and natural, the White Linen Thread is breathable and eco-friendly. Durable and toxin-free, it\u2019s a reliable choice for upholstery, bedding, and sustainable, long-lasting DIY projects.\" \/>\n<meta name=\"robots\" content=\"index, follow, max-snippet:-1, max-image-preview:large, max-video-preview:-1\" \/>\n<link rel=\"canonical\" href=\"https:\/\/homeofwool.com\/de\/shop\/leinenfaden-weis\/\" \/>\n<meta property=\"og:locale\" content=\"de_DE\" \/>\n<meta property=\"og:type\" content=\"article\" \/>\n<meta property=\"og:title\" content=\"Linen Thread \u2013 White\" \/>\n<meta property=\"og:description\" content=\"Strong and natural, the White Linen Thread is breathable and eco-friendly. Durable and toxin-free, it\u2019s a reliable choice for upholstery, bedding, and sustainable, long-lasting DIY projects.\" \/>\n<meta property=\"og:url\" content=\"https:\/\/homeofwool.com\/de\/shop\/leinenfaden-weis\/\" \/>\n<meta property=\"og:site_name\" content=\"Home of Wool\" \/>\n<meta property=\"article:publisher\" content=\"https:\/\/facebook.com\/HomeOfWoolOfficial\" \/>\n<meta property=\"article:modified_time\" content=\"2026-02-09T13:01:56+00:00\" \/>\n<meta property=\"og:image\" content=\"https:\/\/homeofwool.com\/wp-content\/uploads\/2025\/09\/home-of-wool-linen-thread-\u2013-white-img_8397.jpg\" \/>\n\t<meta property=\"og:image:width\" content=\"2000\" \/>\n\t<meta property=\"og:image:height\" content=\"1600\" \/>\n\t<meta property=\"og:image:type\" content=\"image\/jpeg\" \/>\n<meta name=\"twitter:card\" content=\"summary_large_image\" \/>\n<meta name=\"twitter:label1\" content=\"Gesch\u00e4tzte Lesezeit\" \/>\n\t<meta name=\"twitter:data1\" content=\"1\u00a0Minute\" \/>\n<script type=\"application\/ld+json\" class=\"yoast-schema-graph\">{\"@context\":\"https:\\\/\\\/schema.org\",\"@graph\":[{\"@type\":\"WebPage\",\"@id\":\"https:\\\/\\\/homeofwool.com\\\/it\\\/negozio\\\/filo-di-lino-bianco\\\/\",\"url\":\"https:\\\/\\\/homeofwool.com\\\/it\\\/negozio\\\/filo-di-lino-bianco\\\/\",\"name\":\"White Linen Thread \u2013 All Natural & Durable | Home of Wool\",\"isPartOf\":{\"@id\":\"https:\\\/\\\/homeofwool.com\\\/#website\"},\"primaryImageOfPage\":{\"@id\":\"https:\\\/\\\/homeofwool.com\\\/it\\\/negozio\\\/filo-di-lino-bianco\\\/#primaryimage\"},\"image\":{\"@id\":\"https:\\\/\\\/homeofwool.com\\\/it\\\/negozio\\\/filo-di-lino-bianco\\\/#primaryimage\"},\"thumbnailUrl\":\"https:\\\/\\\/homeofwool.com\\\/wp-content\\\/uploads\\\/2025\\\/09\\\/home-of-wool-linen-thread-\u2013-white-img_8397.jpg\",\"datePublished\":\"2025-09-02T12:00:57+00:00\",\"dateModified\":\"2026-02-09T13:01:56+00:00\",\"description\":\"Strong and natural, the White Linen Thread is breathable and eco-friendly. Durable and toxin-free, it\u2019s a reliable choice for upholstery, bedding, and sustainable, long-lasting DIY projects.\",\"breadcrumb\":{\"@id\":\"https:\\\/\\\/homeofwool.com\\\/it\\\/negozio\\\/filo-di-lino-bianco\\\/#breadcrumb\"},\"inLanguage\":\"de\",\"potentialAction\":[{\"@type\":\"ReadAction\",\"target\":[\"https:\\\/\\\/homeofwool.com\\\/it\\\/negozio\\\/filo-di-lino-bianco\\\/\"]}]},{\"@type\":\"ImageObject\",\"inLanguage\":\"de\",\"@id\":\"https:\\\/\\\/homeofwool.com\\\/it\\\/negozio\\\/filo-di-lino-bianco\\\/#primaryimage\",\"url\":\"https:\\\/\\\/homeofwool.com\\\/wp-content\\\/uploads\\\/2025\\\/09\\\/home-of-wool-linen-thread-\u2013-white-img_8397.jpg\",\"contentUrl\":\"https:\\\/\\\/homeofwool.com\\\/wp-content\\\/uploads\\\/2025\\\/09\\\/home-of-wool-linen-thread-\u2013-white-img_8397.jpg\",\"width\":2000,\"height\":1600,\"caption\":\"linen thread roll\"},{\"@type\":\"BreadcrumbList\",\"@id\":\"https:\\\/\\\/homeofwool.com\\\/it\\\/negozio\\\/filo-di-lino-bianco\\\/#breadcrumb\",\"itemListElement\":[{\"@type\":\"ListItem\",\"position\":1,\"name\":\"Home\",\"item\":\"https:\\\/\\\/homeofwool.com\\\/\"},{\"@type\":\"ListItem\",\"position\":2,\"name\":\"Products\",\"item\":\"https:\\\/\\\/homeofwool.com\\\/header-search-2\\\/\"},{\"@type\":\"ListItem\",\"position\":3,\"name\":\"Linen Thread \u2013 White\"}]},{\"@type\":\"WebSite\",\"@id\":\"https:\\\/\\\/homeofwool.com\\\/#website\",\"url\":\"https:\\\/\\\/homeofwool.com\\\/\",\"name\":\"Home of Wool\",\"description\":\"\",\"publisher\":{\"@id\":\"https:\\\/\\\/homeofwool.com\\\/#organization\"},\"potentialAction\":[{\"@type\":\"SearchAction\",\"target\":{\"@type\":\"EntryPoint\",\"urlTemplate\":\"https:\\\/\\\/homeofwool.com\\\/?s={search_term_string}\"},\"query-input\":{\"@type\":\"PropertyValueSpecification\",\"valueRequired\":true,\"valueName\":\"search_term_string\"}}],\"inLanguage\":\"de\"},{\"@type\":\"Organization\",\"@id\":\"https:\\\/\\\/homeofwool.com\\\/#organization\",\"name\":\"Home of Wool\",\"url\":\"https:\\\/\\\/homeofwool.com\\\/\",\"logo\":{\"@type\":\"ImageObject\",\"inLanguage\":\"de\",\"@id\":\"https:\\\/\\\/homeofwool.com\\\/#\\\/schema\\\/logo\\\/image\\\/\",\"url\":\"https:\\\/\\\/homeofwool.com\\\/wp-content\\\/uploads\\\/2025\\\/09\\\/WhatsApp-Image-2025-12-02-at-16.23.20.jpeg\",\"contentUrl\":\"https:\\\/\\\/homeofwool.com\\\/wp-content\\\/uploads\\\/2025\\\/09\\\/WhatsApp-Image-2025-12-02-at-16.23.20.jpeg\",\"width\":700,\"height\":247,\"caption\":\"Home of Wool\"},\"image\":{\"@id\":\"https:\\\/\\\/homeofwool.com\\\/#\\\/schema\\\/logo\\\/image\\\/\"},\"sameAs\":[\"https:\\\/\\\/facebook.com\\\/HomeOfWoolOfficial\"]}]}<\/script>\n<!-- \/ Yoast SEO Premium plugin. -->","yoast_head_json":{"title":"Wei\u00dfes Leinen-Garn \u2013 vollkommen nat\u00fcrlich und strapazierf\u00e4hig | Home of Wool","description":"Das starke und nat\u00fcrliche wei\u00dfe Leinenfaden ist atmungsaktiv und umweltfreundlich. Es ist strapazierf\u00e4hig und frei von Giftstoffen und somit eine zuverl\u00e4ssige Wahl f\u00fcr Polster, Bettw\u00e4sche und nachhaltige, langlebige DIY-Projekte.","robots":{"index":"index","follow":"follow","max-snippet":"max-snippet:-1","max-image-preview":"max-image-preview:large","max-video-preview":"max-video-preview:-1"},"canonical":"https:\/\/homeofwool.com\/de\/shop\/leinenfaden-weis\/","og_locale":"de_DE","og_type":"article","og_title":"Linen Thread \u2013 White","og_description":"Strong and natural, the White Linen Thread is breathable and eco-friendly. Durable and toxin-free, it\u2019s a reliable choice for upholstery, bedding, and sustainable, long-lasting DIY projects.","og_url":"https:\/\/homeofwool.com\/de\/shop\/leinenfaden-weis\/","og_site_name":"Home of Wool","article_publisher":"https:\/\/facebook.com\/HomeOfWoolOfficial","article_modified_time":"2026-02-09T13:01:56+00:00","og_image":[{"width":2000,"height":1600,"url":"https:\/\/homeofwool.com\/wp-content\/uploads\/2025\/09\/home-of-wool-linen-thread-\u2013-white-img_8397.jpg","type":"image\/jpeg"}],"twitter_card":"summary_large_image","twitter_misc":{"Gesch\u00e4tzte Lesezeit":"1\u00a0Minute"},"schema":{"@context":"https:\/\/schema.org","@graph":[{"@type":"WebPage","@id":"https:\/\/homeofwool.com\/it\/negozio\/filo-di-lino-bianco\/","url":"https:\/\/homeofwool.com\/it\/negozio\/filo-di-lino-bianco\/","name":"Wei\u00dfes Leinen-Garn \u2013 vollkommen nat\u00fcrlich und strapazierf\u00e4hig | Home of Wool","isPartOf":{"@id":"https:\/\/homeofwool.com\/#website"},"primaryImageOfPage":{"@id":"https:\/\/homeofwool.com\/it\/negozio\/filo-di-lino-bianco\/#primaryimage"},"image":{"@id":"https:\/\/homeofwool.com\/it\/negozio\/filo-di-lino-bianco\/#primaryimage"},"thumbnailUrl":"https:\/\/homeofwool.com\/wp-content\/uploads\/2025\/09\/home-of-wool-linen-thread-\u2013-white-img_8397.jpg","datePublished":"2025-09-02T12:00:57+00:00","dateModified":"2026-02-09T13:01:56+00:00","description":"Das starke und nat\u00fcrliche wei\u00dfe Leinenfaden ist atmungsaktiv und umweltfreundlich. Es ist strapazierf\u00e4hig und frei von Giftstoffen und somit eine zuverl\u00e4ssige Wahl f\u00fcr Polster, Bettw\u00e4sche und nachhaltige, langlebige DIY-Projekte.","breadcrumb":{"@id":"https:\/\/homeofwool.com\/it\/negozio\/filo-di-lino-bianco\/#breadcrumb"},"inLanguage":"de","potentialAction":[{"@type":"ReadAction","target":["https:\/\/homeofwool.com\/it\/negozio\/filo-di-lino-bianco\/"]}]},{"@type":"ImageObject","inLanguage":"de","@id":"https:\/\/homeofwool.com\/it\/negozio\/filo-di-lino-bianco\/#primaryimage","url":"https:\/\/homeofwool.com\/wp-content\/uploads\/2025\/09\/home-of-wool-linen-thread-\u2013-white-img_8397.jpg","contentUrl":"https:\/\/homeofwool.com\/wp-content\/uploads\/2025\/09\/home-of-wool-linen-thread-\u2013-white-img_8397.jpg","width":2000,"height":1600,"caption":"linen thread roll"},{"@type":"BreadcrumbList","@id":"https:\/\/homeofwool.com\/it\/negozio\/filo-di-lino-bianco\/#breadcrumb","itemListElement":[{"@type":"ListItem","position":1,"name":"Home","item":"https:\/\/homeofwool.com\/"},{"@type":"ListItem","position":2,"name":"Products","item":"https:\/\/homeofwool.com\/header-search-2\/"},{"@type":"ListItem","position":3,"name":"Linen Thread \u2013 White"}]},{"@type":"WebSite","@id":"https:\/\/homeofwool.com\/#website","url":"https:\/\/homeofwool.com\/","name":"Heimat der Wolle","description":"","publisher":{"@id":"https:\/\/homeofwool.com\/#organization"},"potentialAction":[{"@type":"SearchAction","target":{"@type":"EntryPoint","urlTemplate":"https:\/\/homeofwool.com\/?s={search_term_string}"},"query-input":{"@type":"PropertyValueSpecification","valueRequired":true,"valueName":"search_term_string"}}],"inLanguage":"de"},{"@type":"Organization","@id":"https:\/\/homeofwool.com\/#organization","name":"Heimat der Wolle","url":"https:\/\/homeofwool.com\/","logo":{"@type":"ImageObject","inLanguage":"de","@id":"https:\/\/homeofwool.com\/#\/schema\/logo\/image\/","url":"https:\/\/homeofwool.com\/wp-content\/uploads\/2025\/09\/WhatsApp-Image-2025-12-02-at-16.23.20.jpeg","contentUrl":"https:\/\/homeofwool.com\/wp-content\/uploads\/2025\/09\/WhatsApp-Image-2025-12-02-at-16.23.20.jpeg","width":700,"height":247,"caption":"Home of Wool"},"image":{"@id":"https:\/\/homeofwool.com\/#\/schema\/logo\/image\/"},"sameAs":["https:\/\/facebook.com\/HomeOfWoolOfficial"]}]}},"_links":{"self":[{"href":"https:\/\/homeofwool.com\/de\/wp-json\/wp\/v2\/product\/217541","targetHints":{"allow":["GET"]}}],"collection":[{"href":"https:\/\/homeofwool.com\/de\/wp-json\/wp\/v2\/product"}],"about":[{"href":"https:\/\/homeofwool.com\/de\/wp-json\/wp\/v2\/types\/product"}],"version-history":[{"count":1,"href":"https:\/\/homeofwool.com\/de\/wp-json\/wp\/v2\/product\/217541\/revisions"}],"predecessor-version":[{"id":227858,"href":"https:\/\/homeofwool.com\/de\/wp-json\/wp\/v2\/product\/217541\/revisions\/227858"}],"wp:featuredmedia":[{"embeddable":true,"href":"https:\/\/homeofwool.com\/de\/wp-json\/wp\/v2\/media\/223036"}],"wp:attachment":[{"href":"https:\/\/homeofwool.com\/de\/wp-json\/wp\/v2\/media?parent=217541"}],"wp:term":[{"taxonomy":"product_brand","embeddable":true,"href":"https:\/\/homeofwool.com\/de\/wp-json\/wp\/v2\/product_brand?post=217541"},{"taxonomy":"product_cat","embeddable":true,"href":"https:\/\/homeofwool.com\/de\/wp-json\/wp\/v2\/product_cat?post=217541"},{"taxonomy":"product_tag","embeddable":true,"href":"https:\/\/homeofwool.com\/de\/wp-json\/wp\/v2\/product_tag?post=217541"}],"curies":[{"name":"wp","href":"https:\/\/api.w.org\/{rel}","templated":true}]}}