{"id":217535,"date":"2025-09-02T12:00:56","date_gmt":"2025-09-02T12:00:56","guid":{"rendered":"https:\/\/homeofwool.com\/?post_type=product&#038;p=217535"},"modified":"2026-03-16T10:59:24","modified_gmt":"2026-03-16T10:59:24","slug":"ergonomischer-kissenbezug","status":"publish","type":"product","link":"https:\/\/homeofwool.com\/de\/shop\/ergonomic-pillowcase\/","title":{"rendered":"Ergonomischer Kopfkissenbezug"},"content":{"rendered":"<p>Unser ergonomischer Kissenbezug ist so geformt, dass er zu unseren ergonomischen Kissen passt und Ihnen einen sauberen, sicheren Sitz bietet, der die ganze Nacht lang glatt bleibt. Jeder ma\u00dfgeschneiderte Kissenbezug wird aus nat\u00fcrlichen Stoffen handgefertigt. W\u00e4hlen Sie zwischen Merinowolljersey, Maulbeerseide oder einer Mischung aus 59%-Leinen und 41%-Baumwolle. Unabh\u00e4ngig vom Stoff genie\u00dfen Sie einen nat\u00fcrlichen Kissenbezug, der sich weich anf\u00fchlt und auch bei h\u00e4ufigem Gebrauch seine Form beh\u00e4lt.<\/p>\n<p>Diese Naturfasern lassen die Luft frei zirkulieren, sodass sich Ihr bequemer Kissenbezug im Sommer k\u00fchl und im Winter warm anf\u00fchlt. Au\u00dferdem sind sie resistent gegen Hausstaubmilben und Schimmel, sodass Sie sich als Asthmatiker oder Allergiker auf diesen hypoallergenen Kissenbezug verlassen k\u00f6nnen. Jeder ma\u00dfgeschneiderte Kissenbezug ist Teil unserer Idee von nachhaltigem Luxus: rein nat\u00fcrlich, praktisch und auf Ihre Gesundheit und Ihren Komfort ausgelegt.<\/p>\n<p>Jeder handgefertigte Kissenbezug wird so zugeschnitten und gen\u00e4ht, dass er perfekt zu unseren ergonomischen Kissen passt. Sie k\u00f6nnen zun\u00e4chst Stoffmuster bestellen, um sicherzugehen, dass Sie die gew\u00fcnschte Textur gefunden haben.<\/p>\n<p><strong>HERSTELLUNG UND VERSAND:<\/strong><br \/>\nStandard-Lieferzeit: 5\u20137 Tage<br \/>\nKostenlose Lieferzeit: 1\u20134 Wochen<br \/>\nExpressversanddauer: 3\u20134 Tage<\/p>","protected":false},"excerpt":{"rendered":"<p>Sie fragen sich, wie Sie Ihr ergonomisches Kissen beziehen k\u00f6nnen, ohne dass es verrutscht und sich unangenehm anf\u00fchlt? Dieser handgefertigte Kissenbezug ist passgenau gen\u00e4ht und besteht aus nat\u00fcrlichen Stoffen, die atmungsaktiv sind. Ein kleines, aber durchdachtes Accessoire f\u00fcr Ihr Bio-Bett, das Ihnen den Komfort eines langlebigen, schadstofffreien Kissenbezugs bietet.<\/p>\n<p><strong>GR\u00d6SSE<\/strong>:<\/p>\n<ul>\n<li>Hohe Loft: 20 x 13 x 5\u2033 (51 x 33 x 13 cm)<\/li>\n<li>Low Loft: 20 x 13 x 2,5\u2033 (51 x 33 x 6,5 cm)<\/li>\n<\/ul>\n<div class=\"global-icon-set\">\n<div class=\"global-icon-set__items\">\n<div class=\"global-icon-set__item\">\n<div class=\"global-icon-set__image\">\n                                    <img decoding=\"async\" src=\"https:\/\/homeofwool.com\/wp-content\/uploads\/2025\/09\/handmade-icon-300x300.png\" alt=\"handgefertigte Ikone\" \/>\n                                <\/div>\n<div class=\"global-icon-set__title\">Handgefertigt<\/div>\n<\/p><\/div>\n<div class=\"global-icon-set__item\">\n<div class=\"global-icon-set__image\">\n                                    <img decoding=\"async\" src=\"https:\/\/homeofwool.com\/wp-content\/uploads\/2025\/09\/VOCs-min-300x300.png\" alt=\"vocs frei\" \/>\n                                <\/div>\n<div class=\"global-icon-set__title\">VOC-frei<\/div>\n<\/p><\/div>\n<div class=\"global-icon-set__item\">\n<div class=\"global-icon-set__image\">\n                                    <img decoding=\"async\" src=\"https:\/\/homeofwool.com\/wp-content\/uploads\/2025\/09\/free-of-synthetics-icon-300x300.png\" alt=\"frei von synthetischen Stoffen Symbol\" \/>\n                                <\/div>\n<div class=\"global-icon-set__title\">Frei von synthetischen Stoffen<\/div>\n<\/p><\/div>\n<div class=\"global-icon-set__item\">\n<div class=\"global-icon-set__image\">\n                                    <img decoding=\"async\" src=\"https:\/\/homeofwool.com\/wp-content\/uploads\/2025\/09\/chemical-free-icon-300x300.png\" alt=\"Symbol f\u00fcr Chemikalienfreiheit\" \/>\n                                <\/div>\n<div class=\"global-icon-set__title\">Chemikalienfrei<\/div>\n<\/p><\/div>\n<div class=\"global-icon-set__item\">\n<div class=\"global-icon-set__image\">\n                                    <img decoding=\"async\" src=\"https:\/\/homeofwool.com\/wp-content\/uploads\/2025\/09\/certified-materials-icon-300x300.png\" alt=\"Symbol f\u00fcr zertifizierte Materialien\" \/>\n                                <\/div>\n<div class=\"global-icon-set__title\">100% Reine zertifizierte Materialien<\/div>\n<\/p><\/div>\n<\/p><\/div>\n<\/p><\/div>","protected":false},"featured_media":219327,"template":"","meta":{"_acf_changed":false},"product_brand":[],"product_cat":[254],"product_tag":[255,256,257,1370,258,259,260],"class_list":{"0":"post-217535","1":"product","2":"type-product","3":"status-publish","4":"has-post-thumbnail","6":"product_cat-pillows-pillowcases","7":"product_tag-contour-pillow-case-covers","8":"product_tag-ergonomic-pillow-case","9":"product_tag-ergonomic-pillowcase","10":"product_tag-nosteps","11":"product_tag-pillowcase-for-ergonomic-pillow","12":"product_tag-pillowcase-for-orthopedic-pillows","13":"product_tag-pillowcase-for-side-sleeper-pillow","15":"first","16":"instock","17":"shipping-taxable","18":"purchasable","19":"product-type-simple"},"acf":[],"yoast_head":"<!-- This site is optimized with the Yoast SEO Premium plugin v27.3 (Yoast SEO v27.3) - https:\/\/yoast.com\/product\/yoast-seo-premium-wordpress\/ -->\n<title>Ergonomic Pillowcase \u2013 Breathable Pillow Cover | Home of Wool<\/title>\n<meta name=\"description\" content=\"Handmade ergonomic pillowcase crafted from natural fabrics\u2014merino wool, silk, or linen-cotton blend. Breathable, hypoallergenic, and custom-fit for lasting comfort.\" \/>\n<meta name=\"robots\" content=\"index, follow, max-snippet:-1, max-image-preview:large, max-video-preview:-1\" \/>\n<link rel=\"canonical\" href=\"https:\/\/homeofwool.com\/de\/shop\/ergonomischer-kissenbezug\/\" \/>\n<meta property=\"og:locale\" content=\"de_DE\" \/>\n<meta property=\"og:type\" content=\"article\" \/>\n<meta property=\"og:title\" content=\"Ergonomic Pillowcase\" \/>\n<meta property=\"og:description\" content=\"Handmade ergonomic pillowcase crafted from natural fabrics\u2014merino wool, silk, or linen-cotton blend. Breathable, hypoallergenic, and custom-fit for lasting comfort.\" \/>\n<meta property=\"og:url\" content=\"https:\/\/homeofwool.com\/de\/shop\/ergonomischer-kissenbezug\/\" \/>\n<meta property=\"og:site_name\" content=\"Home of Wool\" \/>\n<meta property=\"article:publisher\" content=\"https:\/\/facebook.com\/HomeOfWoolOfficial\" \/>\n<meta property=\"article:modified_time\" content=\"2026-03-16T10:59:24+00:00\" \/>\n<meta property=\"og:image\" content=\"https:\/\/homeofwool.com\/wp-content\/uploads\/2025\/09\/home-of-wool-ergonomic-pillowcase-1-main.jpg\" \/>\n\t<meta property=\"og:image:width\" content=\"2000\" \/>\n\t<meta property=\"og:image:height\" content=\"1600\" \/>\n\t<meta property=\"og:image:type\" content=\"image\/jpeg\" \/>\n<meta name=\"twitter:card\" content=\"summary_large_image\" \/>\n<meta name=\"twitter:label1\" content=\"Gesch\u00e4tzte Lesezeit\" \/>\n\t<meta name=\"twitter:data1\" content=\"1\u00a0Minute\" \/>\n<script type=\"application\/ld+json\" class=\"yoast-schema-graph\">{\"@context\":\"https:\\\/\\\/schema.org\",\"@graph\":[{\"@type\":\"WebPage\",\"@id\":\"https:\\\/\\\/homeofwool.com\\\/shop\\\/ergonomic-pillowcase\\\/\",\"url\":\"https:\\\/\\\/homeofwool.com\\\/shop\\\/ergonomic-pillowcase\\\/\",\"name\":\"Ergonomic Pillowcase \u2013 Breathable Pillow Cover | Home of Wool\",\"isPartOf\":{\"@id\":\"https:\\\/\\\/homeofwool.com\\\/#website\"},\"primaryImageOfPage\":{\"@id\":\"https:\\\/\\\/homeofwool.com\\\/shop\\\/ergonomic-pillowcase\\\/#primaryimage\"},\"image\":{\"@id\":\"https:\\\/\\\/homeofwool.com\\\/shop\\\/ergonomic-pillowcase\\\/#primaryimage\"},\"thumbnailUrl\":\"https:\\\/\\\/homeofwool.com\\\/wp-content\\\/uploads\\\/2025\\\/09\\\/home-of-wool-ergonomic-pillowcase-1-main.jpg\",\"datePublished\":\"2025-09-02T12:00:56+00:00\",\"dateModified\":\"2026-03-16T10:59:24+00:00\",\"description\":\"Handmade ergonomic pillowcase crafted from natural fabrics\u2014merino wool, silk, or linen-cotton blend. Breathable, hypoallergenic, and custom-fit for lasting comfort.\",\"breadcrumb\":{\"@id\":\"https:\\\/\\\/homeofwool.com\\\/shop\\\/ergonomic-pillowcase\\\/#breadcrumb\"},\"inLanguage\":\"de\",\"potentialAction\":[{\"@type\":\"ReadAction\",\"target\":[\"https:\\\/\\\/homeofwool.com\\\/shop\\\/ergonomic-pillowcase\\\/\"]}]},{\"@type\":\"ImageObject\",\"inLanguage\":\"de\",\"@id\":\"https:\\\/\\\/homeofwool.com\\\/shop\\\/ergonomic-pillowcase\\\/#primaryimage\",\"url\":\"https:\\\/\\\/homeofwool.com\\\/wp-content\\\/uploads\\\/2025\\\/09\\\/home-of-wool-ergonomic-pillowcase-1-main.jpg\",\"contentUrl\":\"https:\\\/\\\/homeofwool.com\\\/wp-content\\\/uploads\\\/2025\\\/09\\\/home-of-wool-ergonomic-pillowcase-1-main.jpg\",\"width\":2000,\"height\":1600,\"caption\":\"home of wool ergonomic pillowcase\"},{\"@type\":\"BreadcrumbList\",\"@id\":\"https:\\\/\\\/homeofwool.com\\\/shop\\\/ergonomic-pillowcase\\\/#breadcrumb\",\"itemListElement\":[{\"@type\":\"ListItem\",\"position\":1,\"name\":\"Home\",\"item\":\"https:\\\/\\\/homeofwool.com\\\/\"},{\"@type\":\"ListItem\",\"position\":2,\"name\":\"Products\",\"item\":\"https:\\\/\\\/homeofwool.com\\\/header-search-2\\\/\"},{\"@type\":\"ListItem\",\"position\":3,\"name\":\"Ergonomic Pillowcase\"}]},{\"@type\":\"WebSite\",\"@id\":\"https:\\\/\\\/homeofwool.com\\\/#website\",\"url\":\"https:\\\/\\\/homeofwool.com\\\/\",\"name\":\"Home of Wool\",\"description\":\"\",\"publisher\":{\"@id\":\"https:\\\/\\\/homeofwool.com\\\/#organization\"},\"potentialAction\":[{\"@type\":\"SearchAction\",\"target\":{\"@type\":\"EntryPoint\",\"urlTemplate\":\"https:\\\/\\\/homeofwool.com\\\/?s={search_term_string}\"},\"query-input\":{\"@type\":\"PropertyValueSpecification\",\"valueRequired\":true,\"valueName\":\"search_term_string\"}}],\"inLanguage\":\"de\"},{\"@type\":\"Organization\",\"@id\":\"https:\\\/\\\/homeofwool.com\\\/#organization\",\"name\":\"Home of Wool\",\"url\":\"https:\\\/\\\/homeofwool.com\\\/\",\"logo\":{\"@type\":\"ImageObject\",\"inLanguage\":\"de\",\"@id\":\"https:\\\/\\\/homeofwool.com\\\/#\\\/schema\\\/logo\\\/image\\\/\",\"url\":\"https:\\\/\\\/homeofwool.com\\\/wp-content\\\/uploads\\\/2025\\\/09\\\/WhatsApp-Image-2025-12-02-at-16.23.20.jpeg\",\"contentUrl\":\"https:\\\/\\\/homeofwool.com\\\/wp-content\\\/uploads\\\/2025\\\/09\\\/WhatsApp-Image-2025-12-02-at-16.23.20.jpeg\",\"width\":700,\"height\":247,\"caption\":\"Home of Wool\"},\"image\":{\"@id\":\"https:\\\/\\\/homeofwool.com\\\/#\\\/schema\\\/logo\\\/image\\\/\"},\"sameAs\":[\"https:\\\/\\\/facebook.com\\\/HomeOfWoolOfficial\"]}]}<\/script>\n<!-- \/ Yoast SEO Premium plugin. -->","yoast_head_json":{"title":"Ergonomischer Kissenbezug \u2013 Atmungsaktiver Kissenbezug | Home of Wool","description":"Handgefertigter ergonomischer Kissenbezug aus nat\u00fcrlichen Stoffen \u2013 Merinowolle, Seide oder einer Mischung aus Leinen und Baumwolle. Atmungsaktiv, hypoallergen und ma\u00dfgeschneidert f\u00fcr dauerhaften Komfort.","robots":{"index":"index","follow":"follow","max-snippet":"max-snippet:-1","max-image-preview":"max-image-preview:large","max-video-preview":"max-video-preview:-1"},"canonical":"https:\/\/homeofwool.com\/de\/shop\/ergonomischer-kissenbezug\/","og_locale":"de_DE","og_type":"article","og_title":"Ergonomic Pillowcase","og_description":"Handmade ergonomic pillowcase crafted from natural fabrics\u2014merino wool, silk, or linen-cotton blend. Breathable, hypoallergenic, and custom-fit for lasting comfort.","og_url":"https:\/\/homeofwool.com\/de\/shop\/ergonomischer-kissenbezug\/","og_site_name":"Home of Wool","article_publisher":"https:\/\/facebook.com\/HomeOfWoolOfficial","article_modified_time":"2026-03-16T10:59:24+00:00","og_image":[{"width":2000,"height":1600,"url":"https:\/\/homeofwool.com\/wp-content\/uploads\/2025\/09\/home-of-wool-ergonomic-pillowcase-1-main.jpg","type":"image\/jpeg"}],"twitter_card":"summary_large_image","twitter_misc":{"Gesch\u00e4tzte Lesezeit":"1\u00a0Minute"},"schema":{"@context":"https:\/\/schema.org","@graph":[{"@type":"WebPage","@id":"https:\/\/homeofwool.com\/shop\/ergonomic-pillowcase\/","url":"https:\/\/homeofwool.com\/shop\/ergonomic-pillowcase\/","name":"Ergonomischer Kissenbezug \u2013 Atmungsaktiver Kissenbezug | Home of Wool","isPartOf":{"@id":"https:\/\/homeofwool.com\/#website"},"primaryImageOfPage":{"@id":"https:\/\/homeofwool.com\/shop\/ergonomic-pillowcase\/#primaryimage"},"image":{"@id":"https:\/\/homeofwool.com\/shop\/ergonomic-pillowcase\/#primaryimage"},"thumbnailUrl":"https:\/\/homeofwool.com\/wp-content\/uploads\/2025\/09\/home-of-wool-ergonomic-pillowcase-1-main.jpg","datePublished":"2025-09-02T12:00:56+00:00","dateModified":"2026-03-16T10:59:24+00:00","description":"Handgefertigter ergonomischer Kissenbezug aus nat\u00fcrlichen Stoffen \u2013 Merinowolle, Seide oder einer Mischung aus Leinen und Baumwolle. Atmungsaktiv, hypoallergen und ma\u00dfgeschneidert f\u00fcr dauerhaften Komfort.","breadcrumb":{"@id":"https:\/\/homeofwool.com\/shop\/ergonomic-pillowcase\/#breadcrumb"},"inLanguage":"de","potentialAction":[{"@type":"ReadAction","target":["https:\/\/homeofwool.com\/shop\/ergonomic-pillowcase\/"]}]},{"@type":"ImageObject","inLanguage":"de","@id":"https:\/\/homeofwool.com\/shop\/ergonomic-pillowcase\/#primaryimage","url":"https:\/\/homeofwool.com\/wp-content\/uploads\/2025\/09\/home-of-wool-ergonomic-pillowcase-1-main.jpg","contentUrl":"https:\/\/homeofwool.com\/wp-content\/uploads\/2025\/09\/home-of-wool-ergonomic-pillowcase-1-main.jpg","width":2000,"height":1600,"caption":"home of wool ergonomic pillowcase"},{"@type":"BreadcrumbList","@id":"https:\/\/homeofwool.com\/shop\/ergonomic-pillowcase\/#breadcrumb","itemListElement":[{"@type":"ListItem","position":1,"name":"Home","item":"https:\/\/homeofwool.com\/"},{"@type":"ListItem","position":2,"name":"Products","item":"https:\/\/homeofwool.com\/header-search-2\/"},{"@type":"ListItem","position":3,"name":"Ergonomic Pillowcase"}]},{"@type":"WebSite","@id":"https:\/\/homeofwool.com\/#website","url":"https:\/\/homeofwool.com\/","name":"Heimat der Wolle","description":"","publisher":{"@id":"https:\/\/homeofwool.com\/#organization"},"potentialAction":[{"@type":"SearchAction","target":{"@type":"EntryPoint","urlTemplate":"https:\/\/homeofwool.com\/?s={search_term_string}"},"query-input":{"@type":"PropertyValueSpecification","valueRequired":true,"valueName":"search_term_string"}}],"inLanguage":"de"},{"@type":"Organization","@id":"https:\/\/homeofwool.com\/#organization","name":"Heimat der Wolle","url":"https:\/\/homeofwool.com\/","logo":{"@type":"ImageObject","inLanguage":"de","@id":"https:\/\/homeofwool.com\/#\/schema\/logo\/image\/","url":"https:\/\/homeofwool.com\/wp-content\/uploads\/2025\/09\/WhatsApp-Image-2025-12-02-at-16.23.20.jpeg","contentUrl":"https:\/\/homeofwool.com\/wp-content\/uploads\/2025\/09\/WhatsApp-Image-2025-12-02-at-16.23.20.jpeg","width":700,"height":247,"caption":"Home of Wool"},"image":{"@id":"https:\/\/homeofwool.com\/#\/schema\/logo\/image\/"},"sameAs":["https:\/\/facebook.com\/HomeOfWoolOfficial"]}]}},"_links":{"self":[{"href":"https:\/\/homeofwool.com\/de\/wp-json\/wp\/v2\/product\/217535","targetHints":{"allow":["GET"]}}],"collection":[{"href":"https:\/\/homeofwool.com\/de\/wp-json\/wp\/v2\/product"}],"about":[{"href":"https:\/\/homeofwool.com\/de\/wp-json\/wp\/v2\/types\/product"}],"version-history":[{"count":2,"href":"https:\/\/homeofwool.com\/de\/wp-json\/wp\/v2\/product\/217535\/revisions"}],"predecessor-version":[{"id":228888,"href":"https:\/\/homeofwool.com\/de\/wp-json\/wp\/v2\/product\/217535\/revisions\/228888"}],"wp:featuredmedia":[{"embeddable":true,"href":"https:\/\/homeofwool.com\/de\/wp-json\/wp\/v2\/media\/219327"}],"wp:attachment":[{"href":"https:\/\/homeofwool.com\/de\/wp-json\/wp\/v2\/media?parent=217535"}],"wp:term":[{"taxonomy":"product_brand","embeddable":true,"href":"https:\/\/homeofwool.com\/de\/wp-json\/wp\/v2\/product_brand?post=217535"},{"taxonomy":"product_cat","embeddable":true,"href":"https:\/\/homeofwool.com\/de\/wp-json\/wp\/v2\/product_cat?post=217535"},{"taxonomy":"product_tag","embeddable":true,"href":"https:\/\/homeofwool.com\/de\/wp-json\/wp\/v2\/product_tag?post=217535"}],"curies":[{"name":"wp","href":"https:\/\/api.w.org\/{rel}","templated":true}]}}