{"id":217530,"date":"2025-09-02T12:00:56","date_gmt":"2025-09-02T12:00:56","guid":{"rendered":"https:\/\/homeofwool.com\/?post_type=product&#038;p=217530"},"modified":"2026-03-26T13:50:11","modified_gmt":"2026-03-26T13:50:11","slug":"bettbezug","status":"publish","type":"product","link":"https:\/\/homeofwool.com\/de\/shop\/duvet-cover\/","title":{"rendered":"Bettbezug"},"content":{"rendered":"<p>Der Bettbezug Home of Wool vereint nat\u00fcrliche Materialien und nachhaltige Handwerkskunst, die puren Schlafkomfort bieten. Vielleicht lieben Sie das luftige Gef\u00fchl eines Leinen-Bettbezugs, den vielseitigen Komfort einer Leinen-Baumwoll-Mischung oder die anmutige Geschmeidigkeit eines Seiden-Bettbezugs. Ganz gleich, wof\u00fcr Sie sich entscheiden, jeder Stoff ist von Anfang bis Ende rein und nat\u00fcrlich. Sie werden ohne Farbstoffe und ohne VOCs hergestellt. Perfekt f\u00fcr Schl\u00e4fer, die sich von Allergien befreien und einen wirklich erholsamen Schlaf w\u00fcnschen.<\/p>\n<p>Wir fertigen jedes St\u00fcck erst nach Ihrer Bestellung an. Ihr Bezug kann in dem Stoff, der Gr\u00f6\u00dfe und dem Verschluss hergestellt werden, der Ihnen am besten gef\u00e4llt. Wenn Ihre Bettdecke keine Standardgr\u00f6\u00dfe hat, fertigen wir eine an, die gut passt. Und wenn Sie eine pers\u00f6nliche Note durch eine Stickerei w\u00fcnschen, k\u00f6nnen wir auch diese anbringen. Um Ihre Bettw\u00e4sche perfekt abzurunden, k\u00f6nnen Sie sie mit optionalen Kissenbez\u00fcgen erg\u00e4nzen. Mit den Kissenbez\u00fcgen wird aus Ihrem Bezug ein Set, das Ihrem Bett ein wundersch\u00f6nes Aussehen verleiht. Und wenn Sie sie zusammen bestellen, k\u00f6nnen Sie bis zu 50% auf den Preis der Kissenbez\u00fcge sparen.<\/p>\n<p>Dieser Bezug ist aus nat\u00fcrlichen Fasern hergestellt, die mit Ihnen atmen. Sie bleibt Saison f\u00fcr Saison bequem. Es gibt keine versteckten Chemikalien oder Ausgasungen. Genie\u00dfen Sie die sauberen Materialien, die Sie mit gutem Gewissen in Ihr Zuhause bringen k\u00f6nnen.<\/p>","protected":false},"excerpt":{"rendered":"<p>Verleihen Sie Ihrer Bettdecke eine Schicht nat\u00fcrlichen Komforts mit unserem hochwertigen Bettbezug. Ganz gleich, ob Sie den k\u00fchlen Touch von Leinen, die Geschmeidigkeit von Maulbeerseide oder eine sanfte Mischung dazwischen bevorzugen - wir haben einen Stoff, der zu Ihrem Schlafstil passt. Jede Variante ist frei von synthetischen Stoffen oder Chemikalien und damit eine der besten Bettbez\u00fcge f\u00fcr gesunde, erholsame N\u00e4chte.<\/p>\n<div class=\"global-icon-set\">\n<div class=\"global-icon-set__items\">\n<div class=\"global-icon-set__item\">\n<div class=\"global-icon-set__image\">\n                                    <img decoding=\"async\" src=\"https:\/\/homeofwool.com\/wp-content\/uploads\/2025\/09\/handmade-icon-300x300.png\" alt=\"handgefertigte Ikone\" \/>\n                                <\/div>\n<div class=\"global-icon-set__title\">Handgefertigt<\/div>\n<\/p><\/div>\n<div class=\"global-icon-set__item\">\n<div class=\"global-icon-set__image\">\n                                    <img decoding=\"async\" src=\"https:\/\/homeofwool.com\/wp-content\/uploads\/2025\/09\/VOCs-min-300x300.png\" alt=\"vocs frei\" \/>\n                                <\/div>\n<div class=\"global-icon-set__title\">VOC-frei<\/div>\n<\/p><\/div>\n<div class=\"global-icon-set__item\">\n<div class=\"global-icon-set__image\">\n                                    <img decoding=\"async\" src=\"https:\/\/homeofwool.com\/wp-content\/uploads\/2025\/09\/FR-min-300x300.png\" alt=\"feuerfestes Symbol\" \/>\n                                <\/div>\n<div class=\"global-icon-set__title\">Schwer entflammbar<\/div>\n<\/p><\/div>\n<div class=\"global-icon-set__item\">\n<div class=\"global-icon-set__image\">\n                                    <img decoding=\"async\" src=\"https:\/\/homeofwool.com\/wp-content\/uploads\/2025\/09\/Hypoallergenic-min-300x300.png\" alt=\"hypoallergenes Symbol\" \/>\n                                <\/div>\n<div class=\"global-icon-set__title\">Hypoallergen<\/div>\n<\/p><\/div>\n<div class=\"global-icon-set__item\">\n<div class=\"global-icon-set__image\">\n                                    <img decoding=\"async\" src=\"https:\/\/homeofwool.com\/wp-content\/uploads\/2025\/09\/free-of-synthetics-icon-300x300.png\" alt=\"frei von synthetischen Stoffen Symbol\" \/>\n                                <\/div>\n<div class=\"global-icon-set__title\">Frei von synthetischen Stoffen<\/div>\n<\/p><\/div>\n<div class=\"global-icon-set__item\">\n<div class=\"global-icon-set__image\">\n                                    <img decoding=\"async\" src=\"https:\/\/homeofwool.com\/wp-content\/uploads\/2025\/09\/chemical-free-icon-300x300.png\" alt=\"Symbol f\u00fcr Chemikalienfreiheit\" \/>\n                                <\/div>\n<div class=\"global-icon-set__title\">Chemikalienfrei<\/div>\n<\/p><\/div>\n<div class=\"global-icon-set__item\">\n<div class=\"global-icon-set__image\">\n                                    <img decoding=\"async\" src=\"https:\/\/homeofwool.com\/wp-content\/uploads\/2025\/09\/certified-materials-icon-300x300.png\" alt=\"Symbol f\u00fcr zertifizierte Materialien\" \/>\n                                <\/div>\n<div class=\"global-icon-set__title\">100% Reine zertifizierte Materialien<\/div>\n<\/p><\/div>\n<\/p><\/div>\n<\/p><\/div>","protected":false},"featured_media":223700,"template":"","meta":{"_acf_changed":false},"product_brand":[],"product_cat":[60,406],"product_tag":[428,435,436,430,433,149],"class_list":{"0":"post-217530","1":"product","2":"type-product","3":"status-publish","4":"has-post-thumbnail","6":"product_cat-blankets-duvets","7":"product_cat-protectors-covers-sheets","8":"product_tag-custom-comforter","9":"product_tag-duvet-cover-king","10":"product_tag-duvet-cover-queen","11":"product_tag-duvet-insert","12":"product_tag-quilt-covers","13":"product_tag-steps","15":"first","16":"instock","17":"shipping-taxable","18":"purchasable","19":"product-type-simple"},"acf":[],"yoast_head":"<!-- This site is optimized with the Yoast SEO Premium plugin v27.5 (Yoast SEO v27.5) - https:\/\/yoast.com\/product\/yoast-seo-premium-wordpress\/ -->\n<title>Duvet Cover \u2013 Silk, Linen, Wool, Natural Fabrics | Home of Wool<\/title>\n<meta name=\"description\" content=\"Natural, breathable, and chemical-free, the Duvet Cover adds eco-friendly comfort to your bed. Choose linen, silk, or blends for healthy, restful sleep with pure materials.\" \/>\n<meta name=\"robots\" content=\"index, follow, max-snippet:-1, max-image-preview:large, max-video-preview:-1\" \/>\n<link rel=\"canonical\" href=\"https:\/\/homeofwool.com\/de\/shop\/bettbezug\/\" \/>\n<meta property=\"og:locale\" content=\"de_DE\" \/>\n<meta property=\"og:type\" content=\"article\" \/>\n<meta property=\"og:title\" content=\"Duvet Cover\" \/>\n<meta property=\"og:description\" content=\"Natural, breathable, and chemical-free, the Duvet Cover adds eco-friendly comfort to your bed. Choose linen, silk, or blends for healthy, restful sleep with pure materials.\" \/>\n<meta property=\"og:url\" content=\"https:\/\/homeofwool.com\/de\/shop\/bettbezug\/\" \/>\n<meta property=\"og:site_name\" content=\"Home of Wool\" \/>\n<meta property=\"article:publisher\" content=\"https:\/\/facebook.com\/HomeOfWoolOfficial\" \/>\n<meta property=\"article:modified_time\" content=\"2026-03-26T13:50:11+00:00\" \/>\n<meta property=\"og:image\" content=\"https:\/\/homeofwool.com\/wp-content\/uploads\/2025\/09\/home-of-wool-duvet-cover-1-main.jpg\" \/>\n\t<meta property=\"og:image:width\" content=\"1905\" \/>\n\t<meta property=\"og:image:height\" content=\"1524\" \/>\n\t<meta property=\"og:image:type\" content=\"image\/jpeg\" \/>\n<meta name=\"twitter:card\" content=\"summary_large_image\" \/>\n<meta name=\"twitter:label1\" content=\"Gesch\u00e4tzte Lesezeit\" \/>\n\t<meta name=\"twitter:data1\" content=\"2\u00a0Minuten\" \/>\n<script type=\"application\/ld+json\" class=\"yoast-schema-graph\">{\"@context\":\"https:\\\/\\\/schema.org\",\"@graph\":[{\"@type\":\"WebPage\",\"@id\":\"https:\\\/\\\/homeofwool.com\\\/shop\\\/duvet-cover\\\/\",\"url\":\"https:\\\/\\\/homeofwool.com\\\/shop\\\/duvet-cover\\\/\",\"name\":\"Duvet Cover \u2013 Silk, Linen, Wool, Natural Fabrics | Home of Wool\",\"isPartOf\":{\"@id\":\"https:\\\/\\\/homeofwool.com\\\/#website\"},\"primaryImageOfPage\":{\"@id\":\"https:\\\/\\\/homeofwool.com\\\/shop\\\/duvet-cover\\\/#primaryimage\"},\"image\":{\"@id\":\"https:\\\/\\\/homeofwool.com\\\/shop\\\/duvet-cover\\\/#primaryimage\"},\"thumbnailUrl\":\"https:\\\/\\\/homeofwool.com\\\/wp-content\\\/uploads\\\/2025\\\/09\\\/home-of-wool-duvet-cover-1-main.jpg\",\"datePublished\":\"2025-09-02T12:00:56+00:00\",\"dateModified\":\"2026-03-26T13:50:11+00:00\",\"description\":\"Natural, breathable, and chemical-free, the Duvet Cover adds eco-friendly comfort to your bed. Choose linen, silk, or blends for healthy, restful sleep with pure materials.\",\"breadcrumb\":{\"@id\":\"https:\\\/\\\/homeofwool.com\\\/shop\\\/duvet-cover\\\/#breadcrumb\"},\"inLanguage\":\"de\",\"potentialAction\":[{\"@type\":\"ReadAction\",\"target\":[\"https:\\\/\\\/homeofwool.com\\\/shop\\\/duvet-cover\\\/\"]}]},{\"@type\":\"ImageObject\",\"inLanguage\":\"de\",\"@id\":\"https:\\\/\\\/homeofwool.com\\\/shop\\\/duvet-cover\\\/#primaryimage\",\"url\":\"https:\\\/\\\/homeofwool.com\\\/wp-content\\\/uploads\\\/2025\\\/09\\\/home-of-wool-duvet-cover-1-main.jpg\",\"contentUrl\":\"https:\\\/\\\/homeofwool.com\\\/wp-content\\\/uploads\\\/2025\\\/09\\\/home-of-wool-duvet-cover-1-main.jpg\",\"width\":1905,\"height\":1524,\"caption\":\"Wool duvet cover, in a bedroom setting\"},{\"@type\":\"BreadcrumbList\",\"@id\":\"https:\\\/\\\/homeofwool.com\\\/shop\\\/duvet-cover\\\/#breadcrumb\",\"itemListElement\":[{\"@type\":\"ListItem\",\"position\":1,\"name\":\"Home\",\"item\":\"https:\\\/\\\/homeofwool.com\\\/\"},{\"@type\":\"ListItem\",\"position\":2,\"name\":\"Products\",\"item\":\"https:\\\/\\\/homeofwool.com\\\/header-search-2\\\/\"},{\"@type\":\"ListItem\",\"position\":3,\"name\":\"Duvet Cover\"}]},{\"@type\":\"WebSite\",\"@id\":\"https:\\\/\\\/homeofwool.com\\\/#website\",\"url\":\"https:\\\/\\\/homeofwool.com\\\/\",\"name\":\"Home of Wool\",\"description\":\"\",\"publisher\":{\"@id\":\"https:\\\/\\\/homeofwool.com\\\/#organization\"},\"potentialAction\":[{\"@type\":\"SearchAction\",\"target\":{\"@type\":\"EntryPoint\",\"urlTemplate\":\"https:\\\/\\\/homeofwool.com\\\/?s={search_term_string}\"},\"query-input\":{\"@type\":\"PropertyValueSpecification\",\"valueRequired\":true,\"valueName\":\"search_term_string\"}}],\"inLanguage\":\"de\"},{\"@type\":\"Organization\",\"@id\":\"https:\\\/\\\/homeofwool.com\\\/#organization\",\"name\":\"Home of Wool\",\"url\":\"https:\\\/\\\/homeofwool.com\\\/\",\"logo\":{\"@type\":\"ImageObject\",\"inLanguage\":\"de\",\"@id\":\"https:\\\/\\\/homeofwool.com\\\/#\\\/schema\\\/logo\\\/image\\\/\",\"url\":\"https:\\\/\\\/homeofwool.com\\\/wp-content\\\/uploads\\\/2025\\\/09\\\/WhatsApp-Image-2025-12-02-at-16.23.20.jpeg\",\"contentUrl\":\"https:\\\/\\\/homeofwool.com\\\/wp-content\\\/uploads\\\/2025\\\/09\\\/WhatsApp-Image-2025-12-02-at-16.23.20.jpeg\",\"width\":700,\"height\":247,\"caption\":\"Home of Wool\"},\"image\":{\"@id\":\"https:\\\/\\\/homeofwool.com\\\/#\\\/schema\\\/logo\\\/image\\\/\"},\"sameAs\":[\"https:\\\/\\\/facebook.com\\\/HomeOfWoolOfficial\"]}]}<\/script>\n<!-- \/ Yoast SEO Premium plugin. -->","yoast_head_json":{"title":"Bettbezug - Seide, Leinen, Wolle, Naturstoffe | Home of Wool","description":"Der Bettbezug ist nat\u00fcrlich, atmungsaktiv und frei von Chemikalien und bringt umweltfreundlichen Komfort in Ihr Bett. W\u00e4hlen Sie Leinen, Seide oder Mischgewebe f\u00fcr gesunden, erholsamen Schlaf mit reinen Materialien.","robots":{"index":"index","follow":"follow","max-snippet":"max-snippet:-1","max-image-preview":"max-image-preview:large","max-video-preview":"max-video-preview:-1"},"canonical":"https:\/\/homeofwool.com\/de\/shop\/bettbezug\/","og_locale":"de_DE","og_type":"article","og_title":"Duvet Cover","og_description":"Natural, breathable, and chemical-free, the Duvet Cover adds eco-friendly comfort to your bed. Choose linen, silk, or blends for healthy, restful sleep with pure materials.","og_url":"https:\/\/homeofwool.com\/de\/shop\/bettbezug\/","og_site_name":"Home of Wool","article_publisher":"https:\/\/facebook.com\/HomeOfWoolOfficial","article_modified_time":"2026-03-26T13:50:11+00:00","og_image":[{"width":1905,"height":1524,"url":"https:\/\/homeofwool.com\/wp-content\/uploads\/2025\/09\/home-of-wool-duvet-cover-1-main.jpg","type":"image\/jpeg"}],"twitter_card":"summary_large_image","twitter_misc":{"Gesch\u00e4tzte Lesezeit":"2\u00a0Minuten"},"schema":{"@context":"https:\/\/schema.org","@graph":[{"@type":"WebPage","@id":"https:\/\/homeofwool.com\/shop\/duvet-cover\/","url":"https:\/\/homeofwool.com\/shop\/duvet-cover\/","name":"Bettbezug - Seide, Leinen, Wolle, Naturstoffe | Home of Wool","isPartOf":{"@id":"https:\/\/homeofwool.com\/#website"},"primaryImageOfPage":{"@id":"https:\/\/homeofwool.com\/shop\/duvet-cover\/#primaryimage"},"image":{"@id":"https:\/\/homeofwool.com\/shop\/duvet-cover\/#primaryimage"},"thumbnailUrl":"https:\/\/homeofwool.com\/wp-content\/uploads\/2025\/09\/home-of-wool-duvet-cover-1-main.jpg","datePublished":"2025-09-02T12:00:56+00:00","dateModified":"2026-03-26T13:50:11+00:00","description":"Der Bettbezug ist nat\u00fcrlich, atmungsaktiv und frei von Chemikalien und bringt umweltfreundlichen Komfort in Ihr Bett. W\u00e4hlen Sie Leinen, Seide oder Mischgewebe f\u00fcr gesunden, erholsamen Schlaf mit reinen Materialien.","breadcrumb":{"@id":"https:\/\/homeofwool.com\/shop\/duvet-cover\/#breadcrumb"},"inLanguage":"de","potentialAction":[{"@type":"ReadAction","target":["https:\/\/homeofwool.com\/shop\/duvet-cover\/"]}]},{"@type":"ImageObject","inLanguage":"de","@id":"https:\/\/homeofwool.com\/shop\/duvet-cover\/#primaryimage","url":"https:\/\/homeofwool.com\/wp-content\/uploads\/2025\/09\/home-of-wool-duvet-cover-1-main.jpg","contentUrl":"https:\/\/homeofwool.com\/wp-content\/uploads\/2025\/09\/home-of-wool-duvet-cover-1-main.jpg","width":1905,"height":1524,"caption":"Wool duvet cover, in a bedroom setting"},{"@type":"BreadcrumbList","@id":"https:\/\/homeofwool.com\/shop\/duvet-cover\/#breadcrumb","itemListElement":[{"@type":"ListItem","position":1,"name":"Home","item":"https:\/\/homeofwool.com\/"},{"@type":"ListItem","position":2,"name":"Products","item":"https:\/\/homeofwool.com\/header-search-2\/"},{"@type":"ListItem","position":3,"name":"Duvet Cover"}]},{"@type":"WebSite","@id":"https:\/\/homeofwool.com\/#website","url":"https:\/\/homeofwool.com\/","name":"Heimat der Wolle","description":"","publisher":{"@id":"https:\/\/homeofwool.com\/#organization"},"potentialAction":[{"@type":"SearchAction","target":{"@type":"EntryPoint","urlTemplate":"https:\/\/homeofwool.com\/?s={search_term_string}"},"query-input":{"@type":"PropertyValueSpecification","valueRequired":true,"valueName":"search_term_string"}}],"inLanguage":"de"},{"@type":"Organization","@id":"https:\/\/homeofwool.com\/#organization","name":"Heimat der Wolle","url":"https:\/\/homeofwool.com\/","logo":{"@type":"ImageObject","inLanguage":"de","@id":"https:\/\/homeofwool.com\/#\/schema\/logo\/image\/","url":"https:\/\/homeofwool.com\/wp-content\/uploads\/2025\/09\/WhatsApp-Image-2025-12-02-at-16.23.20.jpeg","contentUrl":"https:\/\/homeofwool.com\/wp-content\/uploads\/2025\/09\/WhatsApp-Image-2025-12-02-at-16.23.20.jpeg","width":700,"height":247,"caption":"Home of Wool"},"image":{"@id":"https:\/\/homeofwool.com\/#\/schema\/logo\/image\/"},"sameAs":["https:\/\/facebook.com\/HomeOfWoolOfficial"]}]}},"_links":{"self":[{"href":"https:\/\/homeofwool.com\/de\/wp-json\/wp\/v2\/product\/217530","targetHints":{"allow":["GET"]}}],"collection":[{"href":"https:\/\/homeofwool.com\/de\/wp-json\/wp\/v2\/product"}],"about":[{"href":"https:\/\/homeofwool.com\/de\/wp-json\/wp\/v2\/types\/product"}],"version-history":[{"count":2,"href":"https:\/\/homeofwool.com\/de\/wp-json\/wp\/v2\/product\/217530\/revisions"}],"predecessor-version":[{"id":227743,"href":"https:\/\/homeofwool.com\/de\/wp-json\/wp\/v2\/product\/217530\/revisions\/227743"}],"wp:featuredmedia":[{"embeddable":true,"href":"https:\/\/homeofwool.com\/de\/wp-json\/wp\/v2\/media\/223700"}],"wp:attachment":[{"href":"https:\/\/homeofwool.com\/de\/wp-json\/wp\/v2\/media?parent=217530"}],"wp:term":[{"taxonomy":"product_brand","embeddable":true,"href":"https:\/\/homeofwool.com\/de\/wp-json\/wp\/v2\/product_brand?post=217530"},{"taxonomy":"product_cat","embeddable":true,"href":"https:\/\/homeofwool.com\/de\/wp-json\/wp\/v2\/product_cat?post=217530"},{"taxonomy":"product_tag","embeddable":true,"href":"https:\/\/homeofwool.com\/de\/wp-json\/wp\/v2\/product_tag?post=217530"}],"curies":[{"name":"wp","href":"https:\/\/api.w.org\/{rel}","templated":true}]}}