{"id":217520,"date":"2025-09-02T12:00:51","date_gmt":"2025-09-02T12:00:51","guid":{"rendered":"https:\/\/homeofwool.com\/?post_type=product&#038;p=217520"},"modified":"2026-02-11T10:35:36","modified_gmt":"2026-02-11T10:35:36","slug":"korperkissen","status":"publish","type":"product","link":"https:\/\/homeofwool.com\/de\/shop\/body-pillow\/","title":{"rendered":"K\u00f6rperkissen aus Wolle"},"content":{"rendered":"<p>Dieses weiche und dennoch st\u00fctzende K\u00f6rperkissen aus Wolle ist genau das Richtige, wenn Sie sich vollkommen wohlf\u00fchlen m\u00f6chten. Ob als K\u00f6rperkissen f\u00fcr Seitenschl\u00e4fer, als zuverl\u00e4ssiger Begleiter w\u00e4hrend der Schwangerschaft oder als langes Kissen zum Kuscheln \u2013 es bietet Komfort dort, wo Ihr K\u00f6rper ihn am meisten braucht. Die Fasern der Wolle passen sich Ihrer K\u00f6rperform an, st\u00fctzen Sie dort, wo Sie es am meisten brauchen, und sorgen daf\u00fcr, dass Sie erfrischt aufwachen.<\/p>\n<p>Wolle reguliert die Temperatur und schafft so ein optimales Schlafklima. Sie h\u00e4lt Sie k\u00fchl, wenn es im Zimmer warm ist, und gem\u00fctlich, wenn es k\u00e4lter ist. Au\u00dferdem leitet sie Feuchtigkeit ab und bleibt Nacht f\u00fcr Nacht frisch. Dieses ungiftige Kissen ist frei von synthetischen Stoffen und Chemikalien und somit eine sichere Wahl f\u00fcr Allergiker. Dank seiner hypoallergenen Eigenschaften sorgt es f\u00fcr sauberere Luft und einen ruhigeren Schlafplatz.<\/p>\n<p>Jedes Kissen wird sorgf\u00e4ltig von Hand gefertigt. Es ist mit einem diskreten Rei\u00dfverschluss versehen, sodass Sie die F\u00fcllung ganz nach Ihren W\u00fcnschen anpassen k\u00f6nnen. Wenn Sie sich vor der Auswahl \u00fcber die Stoffe und die F\u00fcllung informieren m\u00f6chten, stehen Ihnen Muster zur Verf\u00fcgung.<\/p>","protected":false},"excerpt":{"rendered":"<p>Das K\u00f6rperkissen aus Wolle ist f\u00fcr Seitenschl\u00e4fer, werdende M\u00fctter oder alle gedacht, die sich nachts nach einer sanften, st\u00fctzenden Umarmung sehnen. Es ist von Hand mit reiner Wolle gef\u00fcllt und bietet eine nat\u00fcrliche Ausrichtung sowie eine ges\u00fcndere, ungiftige und hypoallergene Alternative zu Kuschelkissen.<\/p>","protected":false},"featured_media":226501,"template":"","meta":{"_acf_changed":false},"product_brand":[],"product_cat":[316,264,254,143],"product_tag":[453,454,144,455,456,457,458,146,148,149],"class_list":{"0":"post-217520","1":"product","2":"type-product","3":"status-publish","4":"has-post-thumbnail","6":"product_cat-mothers-day","7":"product_cat-kids","8":"product_cat-pillows-pillowcases","9":"product_cat-moms-pregnancy-pillows","10":"product_tag-best-body-pillow","11":"product_tag-best-body-pillow-for-pregnancy","12":"product_tag-body-pillow","13":"product_tag-body-pillow-benefits","14":"product_tag-body-pillow-covers","15":"product_tag-custom-body-pillow","16":"product_tag-full-length-pregnancy-pillow","17":"product_tag-maternity-pillow","18":"product_tag-pregnancy-support-pillow","19":"product_tag-steps","21":"first","22":"instock","23":"shipping-taxable","24":"purchasable","25":"product-type-simple"},"acf":[],"yoast_head":"<!-- This site is optimized with the Yoast SEO Premium plugin v27.3 (Yoast SEO v27.3) - https:\/\/yoast.com\/product\/yoast-seo-premium-wordpress\/ -->\n<title>Body Pillow \u2013 Hypoallergenic &amp; Non-toxic Cuddle Pillow | Home of Wool<\/title>\n<meta name=\"description\" content=\"Soft and hypoallergenic, the Body Pillow is filled with breathable wool. Toxin-free and supportive, it offers sustainable cuddle comfort while promoting restful alignment and natural sleep.\" \/>\n<meta name=\"robots\" content=\"index, follow, max-snippet:-1, max-image-preview:large, max-video-preview:-1\" \/>\n<link rel=\"canonical\" href=\"https:\/\/homeofwool.com\/de\/shop\/korperkissen\/\" \/>\n<meta property=\"og:locale\" content=\"de_DE\" \/>\n<meta property=\"og:type\" content=\"article\" \/>\n<meta property=\"og:title\" content=\"Wool Body Pillow\" \/>\n<meta property=\"og:description\" content=\"Soft and hypoallergenic, the Body Pillow is filled with breathable wool. Toxin-free and supportive, it offers sustainable cuddle comfort while promoting restful alignment and natural sleep.\" \/>\n<meta property=\"og:url\" content=\"https:\/\/homeofwool.com\/de\/shop\/korperkissen\/\" \/>\n<meta property=\"og:site_name\" content=\"Home of Wool\" \/>\n<meta property=\"article:publisher\" content=\"https:\/\/facebook.com\/HomeOfWoolOfficial\" \/>\n<meta property=\"article:modified_time\" content=\"2026-02-11T10:35:36+00:00\" \/>\n<meta property=\"og:image\" content=\"https:\/\/homeofwool.com\/wp-content\/uploads\/2025\/09\/home-of-wool-wool-body-pillow-11.jpg\" \/>\n\t<meta property=\"og:image:width\" content=\"1900\" \/>\n\t<meta property=\"og:image:height\" content=\"1520\" \/>\n\t<meta property=\"og:image:type\" content=\"image\/jpeg\" \/>\n<meta name=\"twitter:card\" content=\"summary_large_image\" \/>\n<meta name=\"twitter:label1\" content=\"Gesch\u00e4tzte Lesezeit\" \/>\n\t<meta name=\"twitter:data1\" content=\"1\u00a0Minute\" \/>\n<script type=\"application\/ld+json\" class=\"yoast-schema-graph\">{\"@context\":\"https:\\\/\\\/schema.org\",\"@graph\":[{\"@type\":\"WebPage\",\"@id\":\"https:\\\/\\\/homeofwool.com\\\/shop\\\/body-pillow\\\/\",\"url\":\"https:\\\/\\\/homeofwool.com\\\/shop\\\/body-pillow\\\/\",\"name\":\"Body Pillow \u2013 Hypoallergenic & Non-toxic Cuddle Pillow | Home of Wool\",\"isPartOf\":{\"@id\":\"https:\\\/\\\/homeofwool.com\\\/#website\"},\"primaryImageOfPage\":{\"@id\":\"https:\\\/\\\/homeofwool.com\\\/shop\\\/body-pillow\\\/#primaryimage\"},\"image\":{\"@id\":\"https:\\\/\\\/homeofwool.com\\\/shop\\\/body-pillow\\\/#primaryimage\"},\"thumbnailUrl\":\"https:\\\/\\\/homeofwool.com\\\/wp-content\\\/uploads\\\/2025\\\/09\\\/home-of-wool-wool-body-pillow-11.jpg\",\"datePublished\":\"2025-09-02T12:00:51+00:00\",\"dateModified\":\"2026-02-11T10:35:36+00:00\",\"description\":\"Soft and hypoallergenic, the Body Pillow is filled with breathable wool. Toxin-free and supportive, it offers sustainable cuddle comfort while promoting restful alignment and natural sleep.\",\"breadcrumb\":{\"@id\":\"https:\\\/\\\/homeofwool.com\\\/shop\\\/body-pillow\\\/#breadcrumb\"},\"inLanguage\":\"de\",\"potentialAction\":[{\"@type\":\"ReadAction\",\"target\":[\"https:\\\/\\\/homeofwool.com\\\/shop\\\/body-pillow\\\/\"]}]},{\"@type\":\"ImageObject\",\"inLanguage\":\"de\",\"@id\":\"https:\\\/\\\/homeofwool.com\\\/shop\\\/body-pillow\\\/#primaryimage\",\"url\":\"https:\\\/\\\/homeofwool.com\\\/wp-content\\\/uploads\\\/2025\\\/09\\\/home-of-wool-wool-body-pillow-11.jpg\",\"contentUrl\":\"https:\\\/\\\/homeofwool.com\\\/wp-content\\\/uploads\\\/2025\\\/09\\\/home-of-wool-wool-body-pillow-11.jpg\",\"width\":1900,\"height\":1520,\"caption\":\"Wool body pillow\"},{\"@type\":\"BreadcrumbList\",\"@id\":\"https:\\\/\\\/homeofwool.com\\\/shop\\\/body-pillow\\\/#breadcrumb\",\"itemListElement\":[{\"@type\":\"ListItem\",\"position\":1,\"name\":\"Home\",\"item\":\"https:\\\/\\\/homeofwool.com\\\/\"},{\"@type\":\"ListItem\",\"position\":2,\"name\":\"Products\",\"item\":\"https:\\\/\\\/homeofwool.com\\\/header-search-2\\\/\"},{\"@type\":\"ListItem\",\"position\":3,\"name\":\"Wool Body Pillow\"}]},{\"@type\":\"WebSite\",\"@id\":\"https:\\\/\\\/homeofwool.com\\\/#website\",\"url\":\"https:\\\/\\\/homeofwool.com\\\/\",\"name\":\"Home of Wool\",\"description\":\"\",\"publisher\":{\"@id\":\"https:\\\/\\\/homeofwool.com\\\/#organization\"},\"potentialAction\":[{\"@type\":\"SearchAction\",\"target\":{\"@type\":\"EntryPoint\",\"urlTemplate\":\"https:\\\/\\\/homeofwool.com\\\/?s={search_term_string}\"},\"query-input\":{\"@type\":\"PropertyValueSpecification\",\"valueRequired\":true,\"valueName\":\"search_term_string\"}}],\"inLanguage\":\"de\"},{\"@type\":\"Organization\",\"@id\":\"https:\\\/\\\/homeofwool.com\\\/#organization\",\"name\":\"Home of Wool\",\"url\":\"https:\\\/\\\/homeofwool.com\\\/\",\"logo\":{\"@type\":\"ImageObject\",\"inLanguage\":\"de\",\"@id\":\"https:\\\/\\\/homeofwool.com\\\/#\\\/schema\\\/logo\\\/image\\\/\",\"url\":\"https:\\\/\\\/homeofwool.com\\\/wp-content\\\/uploads\\\/2025\\\/09\\\/WhatsApp-Image-2025-12-02-at-16.23.20.jpeg\",\"contentUrl\":\"https:\\\/\\\/homeofwool.com\\\/wp-content\\\/uploads\\\/2025\\\/09\\\/WhatsApp-Image-2025-12-02-at-16.23.20.jpeg\",\"width\":700,\"height\":247,\"caption\":\"Home of Wool\"},\"image\":{\"@id\":\"https:\\\/\\\/homeofwool.com\\\/#\\\/schema\\\/logo\\\/image\\\/\"},\"sameAs\":[\"https:\\\/\\\/facebook.com\\\/HomeOfWoolOfficial\"]}]}<\/script>\n<!-- \/ Yoast SEO Premium plugin. -->","yoast_head_json":{"title":"K\u00f6rperkissen \u2013 Hypoallergenes und ungiftiges Kuschelkissen | Home of Wool","description":"Das weiche und hypoallergene K\u00f6rperkissen ist mit atmungsaktiver Wolle gef\u00fcllt. Es ist frei von Giftstoffen, st\u00fctzt den K\u00f6rper und bietet nachhaltigen Kuschelkomfort, w\u00e4hrend es gleichzeitig eine entspannte K\u00f6rperhaltung und einen nat\u00fcrlichen Schlaf f\u00f6rdert.","robots":{"index":"index","follow":"follow","max-snippet":"max-snippet:-1","max-image-preview":"max-image-preview:large","max-video-preview":"max-video-preview:-1"},"canonical":"https:\/\/homeofwool.com\/de\/shop\/korperkissen\/","og_locale":"de_DE","og_type":"article","og_title":"Wool Body Pillow","og_description":"Soft and hypoallergenic, the Body Pillow is filled with breathable wool. Toxin-free and supportive, it offers sustainable cuddle comfort while promoting restful alignment and natural sleep.","og_url":"https:\/\/homeofwool.com\/de\/shop\/korperkissen\/","og_site_name":"Home of Wool","article_publisher":"https:\/\/facebook.com\/HomeOfWoolOfficial","article_modified_time":"2026-02-11T10:35:36+00:00","og_image":[{"width":1900,"height":1520,"url":"https:\/\/homeofwool.com\/wp-content\/uploads\/2025\/09\/home-of-wool-wool-body-pillow-11.jpg","type":"image\/jpeg"}],"twitter_card":"summary_large_image","twitter_misc":{"Gesch\u00e4tzte Lesezeit":"1\u00a0Minute"},"schema":{"@context":"https:\/\/schema.org","@graph":[{"@type":"WebPage","@id":"https:\/\/homeofwool.com\/shop\/body-pillow\/","url":"https:\/\/homeofwool.com\/shop\/body-pillow\/","name":"K\u00f6rperkissen \u2013 Hypoallergenes und ungiftiges Kuschelkissen | Home of Wool","isPartOf":{"@id":"https:\/\/homeofwool.com\/#website"},"primaryImageOfPage":{"@id":"https:\/\/homeofwool.com\/shop\/body-pillow\/#primaryimage"},"image":{"@id":"https:\/\/homeofwool.com\/shop\/body-pillow\/#primaryimage"},"thumbnailUrl":"https:\/\/homeofwool.com\/wp-content\/uploads\/2025\/09\/home-of-wool-wool-body-pillow-11.jpg","datePublished":"2025-09-02T12:00:51+00:00","dateModified":"2026-02-11T10:35:36+00:00","description":"Das weiche und hypoallergene K\u00f6rperkissen ist mit atmungsaktiver Wolle gef\u00fcllt. Es ist frei von Giftstoffen, st\u00fctzt den K\u00f6rper und bietet nachhaltigen Kuschelkomfort, w\u00e4hrend es gleichzeitig eine entspannte K\u00f6rperhaltung und einen nat\u00fcrlichen Schlaf f\u00f6rdert.","breadcrumb":{"@id":"https:\/\/homeofwool.com\/shop\/body-pillow\/#breadcrumb"},"inLanguage":"de","potentialAction":[{"@type":"ReadAction","target":["https:\/\/homeofwool.com\/shop\/body-pillow\/"]}]},{"@type":"ImageObject","inLanguage":"de","@id":"https:\/\/homeofwool.com\/shop\/body-pillow\/#primaryimage","url":"https:\/\/homeofwool.com\/wp-content\/uploads\/2025\/09\/home-of-wool-wool-body-pillow-11.jpg","contentUrl":"https:\/\/homeofwool.com\/wp-content\/uploads\/2025\/09\/home-of-wool-wool-body-pillow-11.jpg","width":1900,"height":1520,"caption":"Wool body pillow"},{"@type":"BreadcrumbList","@id":"https:\/\/homeofwool.com\/shop\/body-pillow\/#breadcrumb","itemListElement":[{"@type":"ListItem","position":1,"name":"Home","item":"https:\/\/homeofwool.com\/"},{"@type":"ListItem","position":2,"name":"Products","item":"https:\/\/homeofwool.com\/header-search-2\/"},{"@type":"ListItem","position":3,"name":"Wool Body Pillow"}]},{"@type":"WebSite","@id":"https:\/\/homeofwool.com\/#website","url":"https:\/\/homeofwool.com\/","name":"Heimat der Wolle","description":"","publisher":{"@id":"https:\/\/homeofwool.com\/#organization"},"potentialAction":[{"@type":"SearchAction","target":{"@type":"EntryPoint","urlTemplate":"https:\/\/homeofwool.com\/?s={search_term_string}"},"query-input":{"@type":"PropertyValueSpecification","valueRequired":true,"valueName":"search_term_string"}}],"inLanguage":"de"},{"@type":"Organization","@id":"https:\/\/homeofwool.com\/#organization","name":"Heimat der Wolle","url":"https:\/\/homeofwool.com\/","logo":{"@type":"ImageObject","inLanguage":"de","@id":"https:\/\/homeofwool.com\/#\/schema\/logo\/image\/","url":"https:\/\/homeofwool.com\/wp-content\/uploads\/2025\/09\/WhatsApp-Image-2025-12-02-at-16.23.20.jpeg","contentUrl":"https:\/\/homeofwool.com\/wp-content\/uploads\/2025\/09\/WhatsApp-Image-2025-12-02-at-16.23.20.jpeg","width":700,"height":247,"caption":"Home of Wool"},"image":{"@id":"https:\/\/homeofwool.com\/#\/schema\/logo\/image\/"},"sameAs":["https:\/\/facebook.com\/HomeOfWoolOfficial"]}]}},"_links":{"self":[{"href":"https:\/\/homeofwool.com\/de\/wp-json\/wp\/v2\/product\/217520","targetHints":{"allow":["GET"]}}],"collection":[{"href":"https:\/\/homeofwool.com\/de\/wp-json\/wp\/v2\/product"}],"about":[{"href":"https:\/\/homeofwool.com\/de\/wp-json\/wp\/v2\/types\/product"}],"version-history":[{"count":1,"href":"https:\/\/homeofwool.com\/de\/wp-json\/wp\/v2\/product\/217520\/revisions"}],"predecessor-version":[{"id":226507,"href":"https:\/\/homeofwool.com\/de\/wp-json\/wp\/v2\/product\/217520\/revisions\/226507"}],"wp:featuredmedia":[{"embeddable":true,"href":"https:\/\/homeofwool.com\/de\/wp-json\/wp\/v2\/media\/226501"}],"wp:attachment":[{"href":"https:\/\/homeofwool.com\/de\/wp-json\/wp\/v2\/media?parent=217520"}],"wp:term":[{"taxonomy":"product_brand","embeddable":true,"href":"https:\/\/homeofwool.com\/de\/wp-json\/wp\/v2\/product_brand?post=217520"},{"taxonomy":"product_cat","embeddable":true,"href":"https:\/\/homeofwool.com\/de\/wp-json\/wp\/v2\/product_cat?post=217520"},{"taxonomy":"product_tag","embeddable":true,"href":"https:\/\/homeofwool.com\/de\/wp-json\/wp\/v2\/product_tag?post=217520"}],"curies":[{"name":"wp","href":"https:\/\/api.w.org\/{rel}","templated":true}]}}