{"id":217519,"date":"2025-09-02T12:00:51","date_gmt":"2025-09-02T12:00:51","guid":{"rendered":"https:\/\/homeofwool.com\/?post_type=product&#038;p=217519"},"modified":"2026-02-11T10:35:37","modified_gmt":"2026-02-11T10:35:37","slug":"c-formiges-schwangerschaftskissen","status":"publish","type":"product","link":"https:\/\/homeofwool.com\/de\/shop\/c-shaped-pregnancy-pillow\/","title":{"rendered":"Wollschwangerschaftskissen (C-f\u00f6rmig)"},"content":{"rendered":"<p>Eine Schwangerschaft bringt viel Freude mit sich, aber auch die Herausforderung, Nacht f\u00fcr Nacht eine bequeme Schlafposition zu finden. Das C-f\u00f6rmige Schwangerschaftskissen von Home of Wool wurde entwickelt, um diese neun Monate erholsamer zu gestalten. Ein wachsender Bauch, schmerzende H\u00fcften und R\u00fcckenverspannungen k\u00f6nnen einen erholsamen Schlaf erschweren. Dieses C-f\u00f6rmige Schwangerschaftskissen entlastet Sie, indem es gleichzeitig Ihren Kopf, Ihren Bauch und Ihre H\u00fcften st\u00fctzt und Ihnen hilft, eine Position zu finden, die sich nat\u00fcrlich und angenehm anf\u00fchlt.<\/p>\n<p>Die F\u00fcllung besteht aus reiner Wolle. Eine der wunderbaren Eigenschaften von Wolle ist ihre F\u00e4higkeit, Ihrem K\u00f6rper dabei zu helfen, die richtige Temperatur zu halten. W\u00e4hrend der Schwangerschaft bemerken viele Frauen, dass ihnen schnell zu warm wird. Wolle sorgt daf\u00fcr, dass \u00fcbersch\u00fcssige W\u00e4rme und Feuchtigkeit von Ihrer Haut abgeleitet werden.<\/p>\n<p>Da es sich um ein hypoallergenes Schwangerschaftskissen handelt, ist es auch ideal f\u00fcr empfindliche Schl\u00e4fer oder Menschen mit Allergien. Der optionale, abnehmbare Bio-Kissenbezug erleichtert die Pflege. Wir haben au\u00dferdem einen Rei\u00dfverschluss an der Einlagenh\u00fclle angebracht, mit dem Sie die Wollf\u00fcllung so anpassen k\u00f6nnen, dass sie sich genau richtig anf\u00fchlt.<\/p>\n<p>Es ist mehr als nur ein Schwangerschaftskissen, es ist ein bequemes Schwangerschaftskissen, das mit Blick auf Ihre Gesundheit entwickelt wurde. Es ist frei von Chemikalien und synthetischen Stoffen und bietet Ihnen einen sorgenfreien Schlaf w\u00e4hrend der Schwangerschaft, sodass Sie erfrischt aufwachen. Mit einer Gr\u00f6\u00dfe von 152,4 x 63,5 x 18 cm (60 x 25 x 7 Zoll) umgibt es Sie die ganze Nacht lang mit ergonomischer Unterst\u00fctzung.<\/p>","protected":false},"excerpt":{"rendered":"<p>Neun Monate sind eine lange Zeit, und eine gute Erholung macht den Unterschied. Unser C-f\u00f6rmiges Schwangerschaftskissen schmiegt sich an Ihren K\u00f6rper an und bietet Ihnen den Komfort und Halt, den Sie f\u00fcr einen tieferen, erholsameren Schlaf ben\u00f6tigen. Dieses ungiftige Schwangerschaftskissen ist sicher, nat\u00fcrlich und wurde entwickelt, um die Herausforderungen der Schwangerschaft zu erleichtern. Und es besteht innen komplett aus reiner Wolle!<\/p>\n<div class=\"global-icon-set\">\n<div class=\"global-icon-set__items\">\n<div class=\"global-icon-set__item\">\n<div class=\"global-icon-set__image\">\n                                    <img decoding=\"async\" src=\"https:\/\/homeofwool.com\/wp-content\/uploads\/2025\/09\/handmade-icon-300x300.png\" alt=\"handgefertigte Ikone\" \/>\n                                <\/div>\n<div class=\"global-icon-set__title\">Handgefertigt<\/div>\n<\/p><\/div>\n<div class=\"global-icon-set__item\">\n<div class=\"global-icon-set__image\">\n                                    <img decoding=\"async\" src=\"https:\/\/homeofwool.com\/wp-content\/uploads\/2025\/09\/Exceptionally-Supportive-min-300x300.png\" alt=\"besonders unterst\u00fctzendes Symbol\" \/>\n                                <\/div>\n<div class=\"global-icon-set__title\">Au\u00dfergew\u00f6hnlich unterst\u00fctzend<\/div>\n<\/p><\/div>\n<div class=\"global-icon-set__item\">\n<div class=\"global-icon-set__image\">\n                                    <img decoding=\"async\" src=\"https:\/\/homeofwool.com\/wp-content\/uploads\/2025\/09\/wicks-moisture-away-300x300.png\" alt=\"transportiert die Feuchtigkeit ab\" \/>\n                                <\/div>\n<div class=\"global-icon-set__title\">Leitet Feuchtigkeit ab<\/div>\n<\/p><\/div>\n<div class=\"global-icon-set__item\">\n<div class=\"global-icon-set__image\">\n                                    <img decoding=\"async\" src=\"https:\/\/homeofwool.com\/wp-content\/uploads\/2025\/09\/VOCs-min-300x300.png\" alt=\"vocs frei\" \/>\n                                <\/div>\n<div class=\"global-icon-set__title\">VOC-frei<\/div>\n<\/p><\/div>\n<div class=\"global-icon-set__item\">\n<div class=\"global-icon-set__image\">\n                                    <img decoding=\"async\" src=\"https:\/\/homeofwool.com\/wp-content\/uploads\/2025\/09\/FR-min-300x300.png\" alt=\"feuerfestes Symbol\" \/>\n                                <\/div>\n<div class=\"global-icon-set__title\">Schwer entflammbar<\/div>\n<\/p><\/div>\n<div class=\"global-icon-set__item\">\n<div class=\"global-icon-set__image\">\n                                    <img decoding=\"async\" src=\"https:\/\/homeofwool.com\/wp-content\/uploads\/2025\/09\/Hypoallergenic-min-300x300.png\" alt=\"hypoallergenes Symbol\" \/>\n                                <\/div>\n<div class=\"global-icon-set__title\">Hypoallergen<\/div>\n<\/p><\/div>\n<div class=\"global-icon-set__item\">\n<div class=\"global-icon-set__image\">\n                                    <img decoding=\"async\" src=\"https:\/\/homeofwool.com\/wp-content\/uploads\/2025\/09\/free-of-synthetics-icon-300x300.png\" alt=\"frei von synthetischen Stoffen Symbol\" \/>\n                                <\/div>\n<div class=\"global-icon-set__title\">Frei von synthetischen Stoffen<\/div>\n<\/p><\/div>\n<div class=\"global-icon-set__item\">\n<div class=\"global-icon-set__image\">\n                                    <img decoding=\"async\" src=\"https:\/\/homeofwool.com\/wp-content\/uploads\/2025\/09\/chemical-free-icon-300x300.png\" alt=\"Symbol f\u00fcr Chemikalienfreiheit\" \/>\n                                <\/div>\n<div class=\"global-icon-set__title\">Chemikalienfrei<\/div>\n<\/p><\/div>\n<div class=\"global-icon-set__item\">\n<div class=\"global-icon-set__image\">\n                                    <img decoding=\"async\" src=\"https:\/\/homeofwool.com\/wp-content\/uploads\/2025\/09\/anti-bacterial-icon-300x300.png\" alt=\"antibakterielles Symbol\" \/>\n                                <\/div>\n<div class=\"global-icon-set__title\">Anti-mikrobiell &amp; Anti-bakteriell<\/div>\n<\/p><\/div>\n<div class=\"global-icon-set__item\">\n<div class=\"global-icon-set__image\">\n                                    <img decoding=\"async\" src=\"https:\/\/homeofwool.com\/wp-content\/uploads\/2025\/09\/certified-materials-icon-300x300.png\" alt=\"Symbol f\u00fcr zertifizierte Materialien\" \/>\n                                <\/div>\n<div class=\"global-icon-set__title\">100% Reine zertifizierte Materialien<\/div>\n<\/p><\/div>\n<\/p><\/div>\n<\/p><\/div>","protected":false},"featured_media":219616,"template":"","meta":{"_acf_changed":false},"product_brand":[],"product_cat":[264,143],"product_tag":[144,145,146,147,148,149],"class_list":{"0":"post-217519","1":"product","2":"type-product","3":"status-publish","4":"has-post-thumbnail","6":"product_cat-kids","7":"product_cat-moms-pregnancy-pillows","8":"product_tag-body-pillow","9":"product_tag-c-shaped-body-pillow","10":"product_tag-maternity-pillow","11":"product_tag-natural-wool-bedding","12":"product_tag-pregnancy-support-pillow","13":"product_tag-steps","15":"first","16":"instock","17":"shipping-taxable","18":"purchasable","19":"product-type-simple"},"acf":[],"yoast_head":"<!-- This site is optimized with the Yoast SEO Premium plugin v27.3 (Yoast SEO v27.3) - https:\/\/yoast.com\/product\/yoast-seo-premium-wordpress\/ -->\n<title>C-shaped Pregnancy Pillow \u2013 Hypoallergenic Maternity Pillow | Home of Wool<\/title>\n<meta name=\"description\" content=\"The C-Shaped Pregnancy Pillow surrounds the body in breathable wool comfort. Hypoallergenic and toxin-free, it delivers supportive, natural rest for mothers during maternity sleep.\" \/>\n<meta name=\"robots\" content=\"index, follow, max-snippet:-1, max-image-preview:large, max-video-preview:-1\" \/>\n<link rel=\"canonical\" href=\"https:\/\/homeofwool.com\/de\/shop\/c-formiges-schwangerschaftskissen\/\" \/>\n<meta property=\"og:locale\" content=\"de_DE\" \/>\n<meta property=\"og:type\" content=\"article\" \/>\n<meta property=\"og:title\" content=\"Wool Pregnancy Pillow (C-Shaped)\" \/>\n<meta property=\"og:description\" content=\"The C-Shaped Pregnancy Pillow surrounds the body in breathable wool comfort. Hypoallergenic and toxin-free, it delivers supportive, natural rest for mothers during maternity sleep.\" \/>\n<meta property=\"og:url\" content=\"https:\/\/homeofwool.com\/de\/shop\/c-formiges-schwangerschaftskissen\/\" \/>\n<meta property=\"og:site_name\" content=\"Home of Wool\" \/>\n<meta property=\"article:publisher\" content=\"https:\/\/facebook.com\/HomeOfWoolOfficial\" \/>\n<meta property=\"article:modified_time\" content=\"2026-02-11T10:35:37+00:00\" \/>\n<meta property=\"og:image\" content=\"https:\/\/homeofwool.com\/wp-content\/uploads\/2025\/09\/home-of-wool-wool-pregnancy-pillow-c-shaped-3-.jpg\" \/>\n\t<meta property=\"og:image:width\" content=\"2000\" \/>\n\t<meta property=\"og:image:height\" content=\"1600\" \/>\n\t<meta property=\"og:image:type\" content=\"image\/jpeg\" \/>\n<meta name=\"twitter:card\" content=\"summary_large_image\" \/>\n<meta name=\"twitter:label1\" content=\"Gesch\u00e4tzte Lesezeit\" \/>\n\t<meta name=\"twitter:data1\" content=\"2\u00a0Minuten\" \/>\n<script type=\"application\/ld+json\" class=\"yoast-schema-graph\">{\"@context\":\"https:\\\/\\\/schema.org\",\"@graph\":[{\"@type\":\"WebPage\",\"@id\":\"https:\\\/\\\/homeofwool.com\\\/shop\\\/c-shaped-pregnancy-pillow\\\/\",\"url\":\"https:\\\/\\\/homeofwool.com\\\/shop\\\/c-shaped-pregnancy-pillow\\\/\",\"name\":\"C-shaped Pregnancy Pillow \u2013 Hypoallergenic Maternity Pillow | Home of Wool\",\"isPartOf\":{\"@id\":\"https:\\\/\\\/homeofwool.com\\\/#website\"},\"primaryImageOfPage\":{\"@id\":\"https:\\\/\\\/homeofwool.com\\\/shop\\\/c-shaped-pregnancy-pillow\\\/#primaryimage\"},\"image\":{\"@id\":\"https:\\\/\\\/homeofwool.com\\\/shop\\\/c-shaped-pregnancy-pillow\\\/#primaryimage\"},\"thumbnailUrl\":\"https:\\\/\\\/homeofwool.com\\\/wp-content\\\/uploads\\\/2025\\\/09\\\/home-of-wool-wool-pregnancy-pillow-c-shaped-3-.jpg\",\"datePublished\":\"2025-09-02T12:00:51+00:00\",\"dateModified\":\"2026-02-11T10:35:37+00:00\",\"description\":\"The C-Shaped Pregnancy Pillow surrounds the body in breathable wool comfort. Hypoallergenic and toxin-free, it delivers supportive, natural rest for mothers during maternity sleep.\",\"breadcrumb\":{\"@id\":\"https:\\\/\\\/homeofwool.com\\\/shop\\\/c-shaped-pregnancy-pillow\\\/#breadcrumb\"},\"inLanguage\":\"de\",\"potentialAction\":[{\"@type\":\"ReadAction\",\"target\":[\"https:\\\/\\\/homeofwool.com\\\/shop\\\/c-shaped-pregnancy-pillow\\\/\"]}]},{\"@type\":\"ImageObject\",\"inLanguage\":\"de\",\"@id\":\"https:\\\/\\\/homeofwool.com\\\/shop\\\/c-shaped-pregnancy-pillow\\\/#primaryimage\",\"url\":\"https:\\\/\\\/homeofwool.com\\\/wp-content\\\/uploads\\\/2025\\\/09\\\/home-of-wool-wool-pregnancy-pillow-c-shaped-3-.jpg\",\"contentUrl\":\"https:\\\/\\\/homeofwool.com\\\/wp-content\\\/uploads\\\/2025\\\/09\\\/home-of-wool-wool-pregnancy-pillow-c-shaped-3-.jpg\",\"width\":2000,\"height\":1600,\"caption\":\"wool pregnancy pillow c shaped\"},{\"@type\":\"BreadcrumbList\",\"@id\":\"https:\\\/\\\/homeofwool.com\\\/shop\\\/c-shaped-pregnancy-pillow\\\/#breadcrumb\",\"itemListElement\":[{\"@type\":\"ListItem\",\"position\":1,\"name\":\"Home\",\"item\":\"https:\\\/\\\/homeofwool.com\\\/\"},{\"@type\":\"ListItem\",\"position\":2,\"name\":\"Products\",\"item\":\"https:\\\/\\\/homeofwool.com\\\/header-search-2\\\/\"},{\"@type\":\"ListItem\",\"position\":3,\"name\":\"Wool Pregnancy Pillow (C-Shaped)\"}]},{\"@type\":\"WebSite\",\"@id\":\"https:\\\/\\\/homeofwool.com\\\/#website\",\"url\":\"https:\\\/\\\/homeofwool.com\\\/\",\"name\":\"Home of Wool\",\"description\":\"\",\"publisher\":{\"@id\":\"https:\\\/\\\/homeofwool.com\\\/#organization\"},\"potentialAction\":[{\"@type\":\"SearchAction\",\"target\":{\"@type\":\"EntryPoint\",\"urlTemplate\":\"https:\\\/\\\/homeofwool.com\\\/?s={search_term_string}\"},\"query-input\":{\"@type\":\"PropertyValueSpecification\",\"valueRequired\":true,\"valueName\":\"search_term_string\"}}],\"inLanguage\":\"de\"},{\"@type\":\"Organization\",\"@id\":\"https:\\\/\\\/homeofwool.com\\\/#organization\",\"name\":\"Home of Wool\",\"url\":\"https:\\\/\\\/homeofwool.com\\\/\",\"logo\":{\"@type\":\"ImageObject\",\"inLanguage\":\"de\",\"@id\":\"https:\\\/\\\/homeofwool.com\\\/#\\\/schema\\\/logo\\\/image\\\/\",\"url\":\"https:\\\/\\\/homeofwool.com\\\/wp-content\\\/uploads\\\/2025\\\/09\\\/WhatsApp-Image-2025-12-02-at-16.23.20.jpeg\",\"contentUrl\":\"https:\\\/\\\/homeofwool.com\\\/wp-content\\\/uploads\\\/2025\\\/09\\\/WhatsApp-Image-2025-12-02-at-16.23.20.jpeg\",\"width\":700,\"height\":247,\"caption\":\"Home of Wool\"},\"image\":{\"@id\":\"https:\\\/\\\/homeofwool.com\\\/#\\\/schema\\\/logo\\\/image\\\/\"},\"sameAs\":[\"https:\\\/\\\/facebook.com\\\/HomeOfWoolOfficial\"]}]}<\/script>\n<!-- \/ Yoast SEO Premium plugin. -->","yoast_head_json":{"title":"C-f\u00f6rmiges Schwangerschaftskissen \u2013 Hypoallergenes Schwangerschaftskissen | Home of Wool","description":"Das C-f\u00f6rmige Schwangerschaftskissen umgibt den K\u00f6rper mit atmungsaktiver, bequemer Wolle. Es ist hypoallergen und frei von Giftstoffen und bietet M\u00fcttern w\u00e4hrend der Schwangerschaft eine st\u00fctzende, nat\u00fcrliche Ruheposition.","robots":{"index":"index","follow":"follow","max-snippet":"max-snippet:-1","max-image-preview":"max-image-preview:large","max-video-preview":"max-video-preview:-1"},"canonical":"https:\/\/homeofwool.com\/de\/shop\/c-formiges-schwangerschaftskissen\/","og_locale":"de_DE","og_type":"article","og_title":"Wool Pregnancy Pillow (C-Shaped)","og_description":"The C-Shaped Pregnancy Pillow surrounds the body in breathable wool comfort. Hypoallergenic and toxin-free, it delivers supportive, natural rest for mothers during maternity sleep.","og_url":"https:\/\/homeofwool.com\/de\/shop\/c-formiges-schwangerschaftskissen\/","og_site_name":"Home of Wool","article_publisher":"https:\/\/facebook.com\/HomeOfWoolOfficial","article_modified_time":"2026-02-11T10:35:37+00:00","og_image":[{"width":2000,"height":1600,"url":"https:\/\/homeofwool.com\/wp-content\/uploads\/2025\/09\/home-of-wool-wool-pregnancy-pillow-c-shaped-3-.jpg","type":"image\/jpeg"}],"twitter_card":"summary_large_image","twitter_misc":{"Gesch\u00e4tzte Lesezeit":"2\u00a0Minuten"},"schema":{"@context":"https:\/\/schema.org","@graph":[{"@type":"WebPage","@id":"https:\/\/homeofwool.com\/shop\/c-shaped-pregnancy-pillow\/","url":"https:\/\/homeofwool.com\/shop\/c-shaped-pregnancy-pillow\/","name":"C-f\u00f6rmiges Schwangerschaftskissen \u2013 Hypoallergenes Schwangerschaftskissen | Home of Wool","isPartOf":{"@id":"https:\/\/homeofwool.com\/#website"},"primaryImageOfPage":{"@id":"https:\/\/homeofwool.com\/shop\/c-shaped-pregnancy-pillow\/#primaryimage"},"image":{"@id":"https:\/\/homeofwool.com\/shop\/c-shaped-pregnancy-pillow\/#primaryimage"},"thumbnailUrl":"https:\/\/homeofwool.com\/wp-content\/uploads\/2025\/09\/home-of-wool-wool-pregnancy-pillow-c-shaped-3-.jpg","datePublished":"2025-09-02T12:00:51+00:00","dateModified":"2026-02-11T10:35:37+00:00","description":"Das C-f\u00f6rmige Schwangerschaftskissen umgibt den K\u00f6rper mit atmungsaktiver, bequemer Wolle. Es ist hypoallergen und frei von Giftstoffen und bietet M\u00fcttern w\u00e4hrend der Schwangerschaft eine st\u00fctzende, nat\u00fcrliche Ruheposition.","breadcrumb":{"@id":"https:\/\/homeofwool.com\/shop\/c-shaped-pregnancy-pillow\/#breadcrumb"},"inLanguage":"de","potentialAction":[{"@type":"ReadAction","target":["https:\/\/homeofwool.com\/shop\/c-shaped-pregnancy-pillow\/"]}]},{"@type":"ImageObject","inLanguage":"de","@id":"https:\/\/homeofwool.com\/shop\/c-shaped-pregnancy-pillow\/#primaryimage","url":"https:\/\/homeofwool.com\/wp-content\/uploads\/2025\/09\/home-of-wool-wool-pregnancy-pillow-c-shaped-3-.jpg","contentUrl":"https:\/\/homeofwool.com\/wp-content\/uploads\/2025\/09\/home-of-wool-wool-pregnancy-pillow-c-shaped-3-.jpg","width":2000,"height":1600,"caption":"wool pregnancy pillow c shaped"},{"@type":"BreadcrumbList","@id":"https:\/\/homeofwool.com\/shop\/c-shaped-pregnancy-pillow\/#breadcrumb","itemListElement":[{"@type":"ListItem","position":1,"name":"Home","item":"https:\/\/homeofwool.com\/"},{"@type":"ListItem","position":2,"name":"Products","item":"https:\/\/homeofwool.com\/header-search-2\/"},{"@type":"ListItem","position":3,"name":"Wool Pregnancy Pillow (C-Shaped)"}]},{"@type":"WebSite","@id":"https:\/\/homeofwool.com\/#website","url":"https:\/\/homeofwool.com\/","name":"Heimat der Wolle","description":"","publisher":{"@id":"https:\/\/homeofwool.com\/#organization"},"potentialAction":[{"@type":"SearchAction","target":{"@type":"EntryPoint","urlTemplate":"https:\/\/homeofwool.com\/?s={search_term_string}"},"query-input":{"@type":"PropertyValueSpecification","valueRequired":true,"valueName":"search_term_string"}}],"inLanguage":"de"},{"@type":"Organization","@id":"https:\/\/homeofwool.com\/#organization","name":"Heimat der Wolle","url":"https:\/\/homeofwool.com\/","logo":{"@type":"ImageObject","inLanguage":"de","@id":"https:\/\/homeofwool.com\/#\/schema\/logo\/image\/","url":"https:\/\/homeofwool.com\/wp-content\/uploads\/2025\/09\/WhatsApp-Image-2025-12-02-at-16.23.20.jpeg","contentUrl":"https:\/\/homeofwool.com\/wp-content\/uploads\/2025\/09\/WhatsApp-Image-2025-12-02-at-16.23.20.jpeg","width":700,"height":247,"caption":"Home of Wool"},"image":{"@id":"https:\/\/homeofwool.com\/#\/schema\/logo\/image\/"},"sameAs":["https:\/\/facebook.com\/HomeOfWoolOfficial"]}]}},"_links":{"self":[{"href":"https:\/\/homeofwool.com\/de\/wp-json\/wp\/v2\/product\/217519","targetHints":{"allow":["GET"]}}],"collection":[{"href":"https:\/\/homeofwool.com\/de\/wp-json\/wp\/v2\/product"}],"about":[{"href":"https:\/\/homeofwool.com\/de\/wp-json\/wp\/v2\/types\/product"}],"version-history":[{"count":2,"href":"https:\/\/homeofwool.com\/de\/wp-json\/wp\/v2\/product\/217519\/revisions"}],"predecessor-version":[{"id":226511,"href":"https:\/\/homeofwool.com\/de\/wp-json\/wp\/v2\/product\/217519\/revisions\/226511"}],"wp:featuredmedia":[{"embeddable":true,"href":"https:\/\/homeofwool.com\/de\/wp-json\/wp\/v2\/media\/219616"}],"wp:attachment":[{"href":"https:\/\/homeofwool.com\/de\/wp-json\/wp\/v2\/media?parent=217519"}],"wp:term":[{"taxonomy":"product_brand","embeddable":true,"href":"https:\/\/homeofwool.com\/de\/wp-json\/wp\/v2\/product_brand?post=217519"},{"taxonomy":"product_cat","embeddable":true,"href":"https:\/\/homeofwool.com\/de\/wp-json\/wp\/v2\/product_cat?post=217519"},{"taxonomy":"product_tag","embeddable":true,"href":"https:\/\/homeofwool.com\/de\/wp-json\/wp\/v2\/product_tag?post=217519"}],"curies":[{"name":"wp","href":"https:\/\/api.w.org\/{rel}","templated":true}]}}