{"id":217512,"date":"2025-09-02T12:00:51","date_gmt":"2025-09-02T12:00:51","guid":{"rendered":"https:\/\/homeofwool.com\/?post_type=product&#038;p=217512"},"modified":"2026-01-15T12:43:18","modified_gmt":"2026-01-15T12:43:18","slug":"gots-zertifizierte-baumwolle","status":"publish","type":"product","link":"https:\/\/homeofwool.com\/de\/shop\/gots-certified-cotton\/","title":{"rendered":"100% Baumwollstoff \u2013 schwer"},"content":{"rendered":"<p>Dieser aus reinen Fasern hergestellte Bio-Baumwollstoff wurde entwickelt, um Ihren Heimprojekten St\u00e4rke, Komfort und nat\u00fcrliche Sch\u00f6nheit zu verleihen. Mit einem Gewicht von 320 g\/m\u00b2 (9,44 oz\/yd\u00b2) ist dieser schwere Baumwollstoff robust genug f\u00fcr Polster, Matratzenbez\u00fcge und Kissen, aber dennoch atmungsaktiv und weich genug f\u00fcr Kissen, Zierkissen oder andere Heimtextilien. Da es sich um einen chemikalienfreien Baumwollstoff ohne Farbstoffe handelt, k\u00f6nnen Sie sicher sein, dass er auch f\u00fcr empfindliche Haut unbedenklich ist. Er ist perfekt f\u00fcr Kinder und Menschen mit Allergien. Ein Traum f\u00fcr alle, die Wert auf ein sauberes, giftfreies Leben legen.<\/p>\n<p>Der Stoff ist extrabreit und misst 230 cm (90\u201d). Das bedeutet, dass Sie reichlich Stoff zur Verf\u00fcgung haben, egal wie gro\u00df oder klein Ihr Projekt ist. Jede Bestellung wird als zugeschnittener Stoff in einem durchgehenden St\u00fcck geliefert, wodurch er sich ideal f\u00fcr nahtlose Kreationen und verschiedene DIY-Projekte mit Baumwollstoff eignet.<\/p>\n<p>Rechnen Sie nach jedem Waschen mit einer gewissen Knitterbildung. Ber\u00fccksichtigen Sie beim ersten Waschen ein leichtes Einlaufen in L\u00e4ngsrichtung. Wenn Sie den Stoff vor der Bestellung eines gr\u00f6\u00dferen St\u00fccks testen m\u00f6chten, k\u00f6nnen Sie ein kleines Musterst\u00fcck erwerben.<\/p>","protected":false},"excerpt":{"rendered":"<p>Dieser robuste und strapazierf\u00e4hige Baumwollstoff ist ideal f\u00fcr Polster, Kissen und Bettw\u00e4sche. Er besteht aus GOTS-zertifizierter Baumwolle, ist frei von Chemikalien und Farbstoffen und somit sicher f\u00fcr empfindliche Haut und umweltbewusste Haushalte.<\/p>\n<p><strong>Gewicht:<\/strong> 320 g\/m\u00b2 \/ 9,44 oz\/yd\u00b2<br \/>\n<strong>Breite: <\/strong>230 cm (90\u201d)<\/p>\n<p>Wir schneiden jede von Ihnen bestellte Menge in einem langen St\u00fcck zu.<\/p>\n<div class=\"global-icon-set\">\n<div class=\"global-icon-set__items\">\n<div class=\"global-icon-set__item\">\n<div class=\"global-icon-set__image\">\n                                    <img decoding=\"async\" src=\"https:\/\/homeofwool.com\/wp-content\/uploads\/2025\/09\/VOCs-min-300x300.png\" alt=\"vocs frei\" \/>\n                                <\/div>\n<div class=\"global-icon-set__title\">VOC-frei<\/div>\n<\/p><\/div>\n<div class=\"global-icon-set__item\">\n<div class=\"global-icon-set__image\">\n                                    <img decoding=\"async\" src=\"https:\/\/homeofwool.com\/wp-content\/uploads\/2025\/09\/free-of-synthetics-icon-300x300.png\" alt=\"frei von synthetischen Stoffen Symbol\" \/>\n                                <\/div>\n<div class=\"global-icon-set__title\">Frei von synthetischen Stoffen<\/div>\n<\/p><\/div>\n<div class=\"global-icon-set__item\">\n<div class=\"global-icon-set__image\">\n                                    <img decoding=\"async\" src=\"https:\/\/homeofwool.com\/wp-content\/uploads\/2025\/09\/chemical-free-icon-300x300.png\" alt=\"Symbol f\u00fcr Chemikalienfreiheit\" \/>\n                                <\/div>\n<div class=\"global-icon-set__title\">Chemikalienfrei<\/div>\n<\/p><\/div>\n<\/p><\/div>\n<\/p><\/div>","protected":false},"featured_media":227324,"template":"","meta":{"_acf_changed":false},"product_brand":[],"product_cat":[25],"product_tag":[261,262,85,86,263,94,95],"class_list":{"0":"post-217512","1":"product","2":"type-product","3":"status-publish","4":"has-post-thumbnail","6":"product_cat-wool-fabrics-batting","7":"product_tag-cotton-fabric-by-the-yard","8":"product_tag-cotton-fabric-for-applique","9":"product_tag-craft-supplies","10":"product_tag-eco-friendly-textile","11":"product_tag-pure-cotton-fabric","12":"product_tag-sewing-supply","13":"product_tag-undyed-fibers","15":"first","16":"instock","17":"shipping-taxable","18":"purchasable","19":"product-type-variable"},"acf":[],"yoast_head":"<!-- This site is optimized with the Yoast SEO Premium plugin v27.5 (Yoast SEO v27.5) - https:\/\/yoast.com\/product\/yoast-seo-premium-wordpress\/ -->\n<title>Cotton Fabric \u2013 Heavyweight, GOTS Certified, Cut-to-size | Home of Wool<\/title>\n<meta name=\"description\" content=\"Sturdy, natural cotton fabric, heavyweight, breathable, and safe for sensitive skin. Great for upholstery, bedding, cushions, and toxin-free DIY creations.\" \/>\n<meta name=\"robots\" content=\"index, follow, max-snippet:-1, max-image-preview:large, max-video-preview:-1\" \/>\n<link rel=\"canonical\" href=\"https:\/\/homeofwool.com\/de\/shop\/gots-zertifizierte-baumwolle\/\" \/>\n<meta property=\"og:locale\" content=\"de_DE\" \/>\n<meta property=\"og:type\" content=\"article\" \/>\n<meta property=\"og:title\" content=\"100% Cotton Fabric \u2013 Heavyweight\" \/>\n<meta property=\"og:description\" content=\"Sturdy, natural cotton fabric, heavyweight, breathable, and safe for sensitive skin. Great for upholstery, bedding, cushions, and toxin-free DIY creations.\" \/>\n<meta property=\"og:url\" content=\"https:\/\/homeofwool.com\/de\/shop\/gots-zertifizierte-baumwolle\/\" \/>\n<meta property=\"og:site_name\" content=\"Home of Wool\" \/>\n<meta property=\"article:publisher\" content=\"https:\/\/facebook.com\/HomeOfWoolOfficial\" \/>\n<meta property=\"article:modified_time\" content=\"2026-01-15T12:43:18+00:00\" \/>\n<meta property=\"og:image\" content=\"https:\/\/homeofwool.com\/wp-content\/uploads\/2025\/09\/home-of-wool-100-cotton-fabric-heavyweight-1.jpg\" \/>\n\t<meta property=\"og:image:width\" content=\"2000\" \/>\n\t<meta property=\"og:image:height\" content=\"1599\" \/>\n\t<meta property=\"og:image:type\" content=\"image\/jpeg\" \/>\n<meta name=\"twitter:card\" content=\"summary_large_image\" \/>\n<meta name=\"twitter:label1\" content=\"Gesch\u00e4tzte Lesezeit\" \/>\n\t<meta name=\"twitter:data1\" content=\"1\u00a0Minute\" \/>\n<script type=\"application\/ld+json\" class=\"yoast-schema-graph\">{\"@context\":\"https:\\\/\\\/schema.org\",\"@graph\":[{\"@type\":\"WebPage\",\"@id\":\"https:\\\/\\\/homeofwool.com\\\/shop\\\/gots-certified-cotton\\\/\",\"url\":\"https:\\\/\\\/homeofwool.com\\\/shop\\\/gots-certified-cotton\\\/\",\"name\":\"Cotton Fabric \u2013 Heavyweight, GOTS Certified, Cut-to-size | Home of Wool\",\"isPartOf\":{\"@id\":\"https:\\\/\\\/homeofwool.com\\\/#website\"},\"primaryImageOfPage\":{\"@id\":\"https:\\\/\\\/homeofwool.com\\\/shop\\\/gots-certified-cotton\\\/#primaryimage\"},\"image\":{\"@id\":\"https:\\\/\\\/homeofwool.com\\\/shop\\\/gots-certified-cotton\\\/#primaryimage\"},\"thumbnailUrl\":\"https:\\\/\\\/homeofwool.com\\\/wp-content\\\/uploads\\\/2025\\\/09\\\/home-of-wool-100-cotton-fabric-heavyweight-1.jpg\",\"datePublished\":\"2025-09-02T12:00:51+00:00\",\"dateModified\":\"2026-01-15T12:43:18+00:00\",\"description\":\"Sturdy, natural cotton fabric, heavyweight, breathable, and safe for sensitive skin. Great for upholstery, bedding, cushions, and toxin-free DIY creations.\",\"breadcrumb\":{\"@id\":\"https:\\\/\\\/homeofwool.com\\\/shop\\\/gots-certified-cotton\\\/#breadcrumb\"},\"inLanguage\":\"de\",\"potentialAction\":[{\"@type\":\"ReadAction\",\"target\":[\"https:\\\/\\\/homeofwool.com\\\/shop\\\/gots-certified-cotton\\\/\"]}]},{\"@type\":\"ImageObject\",\"inLanguage\":\"de\",\"@id\":\"https:\\\/\\\/homeofwool.com\\\/shop\\\/gots-certified-cotton\\\/#primaryimage\",\"url\":\"https:\\\/\\\/homeofwool.com\\\/wp-content\\\/uploads\\\/2025\\\/09\\\/home-of-wool-100-cotton-fabric-heavyweight-1.jpg\",\"contentUrl\":\"https:\\\/\\\/homeofwool.com\\\/wp-content\\\/uploads\\\/2025\\\/09\\\/home-of-wool-100-cotton-fabric-heavyweight-1.jpg\",\"width\":2000,\"height\":1599},{\"@type\":\"BreadcrumbList\",\"@id\":\"https:\\\/\\\/homeofwool.com\\\/shop\\\/gots-certified-cotton\\\/#breadcrumb\",\"itemListElement\":[{\"@type\":\"ListItem\",\"position\":1,\"name\":\"Home\",\"item\":\"https:\\\/\\\/homeofwool.com\\\/\"},{\"@type\":\"ListItem\",\"position\":2,\"name\":\"Products\",\"item\":\"https:\\\/\\\/homeofwool.com\\\/header-search-2\\\/\"},{\"@type\":\"ListItem\",\"position\":3,\"name\":\"100% Cotton Fabric \u2013 Heavyweight\"}]},{\"@type\":\"WebSite\",\"@id\":\"https:\\\/\\\/homeofwool.com\\\/#website\",\"url\":\"https:\\\/\\\/homeofwool.com\\\/\",\"name\":\"Home of Wool\",\"description\":\"\",\"publisher\":{\"@id\":\"https:\\\/\\\/homeofwool.com\\\/#organization\"},\"potentialAction\":[{\"@type\":\"SearchAction\",\"target\":{\"@type\":\"EntryPoint\",\"urlTemplate\":\"https:\\\/\\\/homeofwool.com\\\/?s={search_term_string}\"},\"query-input\":{\"@type\":\"PropertyValueSpecification\",\"valueRequired\":true,\"valueName\":\"search_term_string\"}}],\"inLanguage\":\"de\"},{\"@type\":\"Organization\",\"@id\":\"https:\\\/\\\/homeofwool.com\\\/#organization\",\"name\":\"Home of Wool\",\"url\":\"https:\\\/\\\/homeofwool.com\\\/\",\"logo\":{\"@type\":\"ImageObject\",\"inLanguage\":\"de\",\"@id\":\"https:\\\/\\\/homeofwool.com\\\/#\\\/schema\\\/logo\\\/image\\\/\",\"url\":\"https:\\\/\\\/homeofwool.com\\\/wp-content\\\/uploads\\\/2025\\\/09\\\/WhatsApp-Image-2025-12-02-at-16.23.20.jpeg\",\"contentUrl\":\"https:\\\/\\\/homeofwool.com\\\/wp-content\\\/uploads\\\/2025\\\/09\\\/WhatsApp-Image-2025-12-02-at-16.23.20.jpeg\",\"width\":700,\"height\":247,\"caption\":\"Home of Wool\"},\"image\":{\"@id\":\"https:\\\/\\\/homeofwool.com\\\/#\\\/schema\\\/logo\\\/image\\\/\"},\"sameAs\":[\"https:\\\/\\\/facebook.com\\\/HomeOfWoolOfficial\"]}]}<\/script>\n<!-- \/ Yoast SEO Premium plugin. -->","yoast_head_json":{"title":"Baumwollstoff \u2013 schwer, GOTS-zertifiziert, nach Ma\u00df zugeschnitten | Home of Wool","description":"Robustes, nat\u00fcrliches Baumwollgewebe, schwer, atmungsaktiv und sicher f\u00fcr empfindliche Haut. Ideal f\u00fcr Polster, Bettw\u00e4sche, Kissen und giftfreie DIY-Kreationen.","robots":{"index":"index","follow":"follow","max-snippet":"max-snippet:-1","max-image-preview":"max-image-preview:large","max-video-preview":"max-video-preview:-1"},"canonical":"https:\/\/homeofwool.com\/de\/shop\/gots-zertifizierte-baumwolle\/","og_locale":"de_DE","og_type":"article","og_title":"100% Cotton Fabric \u2013 Heavyweight","og_description":"Sturdy, natural cotton fabric, heavyweight, breathable, and safe for sensitive skin. Great for upholstery, bedding, cushions, and toxin-free DIY creations.","og_url":"https:\/\/homeofwool.com\/de\/shop\/gots-zertifizierte-baumwolle\/","og_site_name":"Home of Wool","article_publisher":"https:\/\/facebook.com\/HomeOfWoolOfficial","article_modified_time":"2026-01-15T12:43:18+00:00","og_image":[{"width":2000,"height":1599,"url":"https:\/\/homeofwool.com\/wp-content\/uploads\/2025\/09\/home-of-wool-100-cotton-fabric-heavyweight-1.jpg","type":"image\/jpeg"}],"twitter_card":"summary_large_image","twitter_misc":{"Gesch\u00e4tzte Lesezeit":"1\u00a0Minute"},"schema":{"@context":"https:\/\/schema.org","@graph":[{"@type":"WebPage","@id":"https:\/\/homeofwool.com\/shop\/gots-certified-cotton\/","url":"https:\/\/homeofwool.com\/shop\/gots-certified-cotton\/","name":"Baumwollstoff \u2013 schwer, GOTS-zertifiziert, nach Ma\u00df zugeschnitten | Home of Wool","isPartOf":{"@id":"https:\/\/homeofwool.com\/#website"},"primaryImageOfPage":{"@id":"https:\/\/homeofwool.com\/shop\/gots-certified-cotton\/#primaryimage"},"image":{"@id":"https:\/\/homeofwool.com\/shop\/gots-certified-cotton\/#primaryimage"},"thumbnailUrl":"https:\/\/homeofwool.com\/wp-content\/uploads\/2025\/09\/home-of-wool-100-cotton-fabric-heavyweight-1.jpg","datePublished":"2025-09-02T12:00:51+00:00","dateModified":"2026-01-15T12:43:18+00:00","description":"Robustes, nat\u00fcrliches Baumwollgewebe, schwer, atmungsaktiv und sicher f\u00fcr empfindliche Haut. Ideal f\u00fcr Polster, Bettw\u00e4sche, Kissen und giftfreie DIY-Kreationen.","breadcrumb":{"@id":"https:\/\/homeofwool.com\/shop\/gots-certified-cotton\/#breadcrumb"},"inLanguage":"de","potentialAction":[{"@type":"ReadAction","target":["https:\/\/homeofwool.com\/shop\/gots-certified-cotton\/"]}]},{"@type":"ImageObject","inLanguage":"de","@id":"https:\/\/homeofwool.com\/shop\/gots-certified-cotton\/#primaryimage","url":"https:\/\/homeofwool.com\/wp-content\/uploads\/2025\/09\/home-of-wool-100-cotton-fabric-heavyweight-1.jpg","contentUrl":"https:\/\/homeofwool.com\/wp-content\/uploads\/2025\/09\/home-of-wool-100-cotton-fabric-heavyweight-1.jpg","width":2000,"height":1599},{"@type":"BreadcrumbList","@id":"https:\/\/homeofwool.com\/shop\/gots-certified-cotton\/#breadcrumb","itemListElement":[{"@type":"ListItem","position":1,"name":"Home","item":"https:\/\/homeofwool.com\/"},{"@type":"ListItem","position":2,"name":"Products","item":"https:\/\/homeofwool.com\/header-search-2\/"},{"@type":"ListItem","position":3,"name":"100% Cotton Fabric \u2013 Heavyweight"}]},{"@type":"WebSite","@id":"https:\/\/homeofwool.com\/#website","url":"https:\/\/homeofwool.com\/","name":"Heimat der Wolle","description":"","publisher":{"@id":"https:\/\/homeofwool.com\/#organization"},"potentialAction":[{"@type":"SearchAction","target":{"@type":"EntryPoint","urlTemplate":"https:\/\/homeofwool.com\/?s={search_term_string}"},"query-input":{"@type":"PropertyValueSpecification","valueRequired":true,"valueName":"search_term_string"}}],"inLanguage":"de"},{"@type":"Organization","@id":"https:\/\/homeofwool.com\/#organization","name":"Heimat der Wolle","url":"https:\/\/homeofwool.com\/","logo":{"@type":"ImageObject","inLanguage":"de","@id":"https:\/\/homeofwool.com\/#\/schema\/logo\/image\/","url":"https:\/\/homeofwool.com\/wp-content\/uploads\/2025\/09\/WhatsApp-Image-2025-12-02-at-16.23.20.jpeg","contentUrl":"https:\/\/homeofwool.com\/wp-content\/uploads\/2025\/09\/WhatsApp-Image-2025-12-02-at-16.23.20.jpeg","width":700,"height":247,"caption":"Home of Wool"},"image":{"@id":"https:\/\/homeofwool.com\/#\/schema\/logo\/image\/"},"sameAs":["https:\/\/facebook.com\/HomeOfWoolOfficial"]}]}},"_links":{"self":[{"href":"https:\/\/homeofwool.com\/de\/wp-json\/wp\/v2\/product\/217512","targetHints":{"allow":["GET"]}}],"collection":[{"href":"https:\/\/homeofwool.com\/de\/wp-json\/wp\/v2\/product"}],"about":[{"href":"https:\/\/homeofwool.com\/de\/wp-json\/wp\/v2\/types\/product"}],"version-history":[{"count":1,"href":"https:\/\/homeofwool.com\/de\/wp-json\/wp\/v2\/product\/217512\/revisions"}],"predecessor-version":[{"id":227329,"href":"https:\/\/homeofwool.com\/de\/wp-json\/wp\/v2\/product\/217512\/revisions\/227329"}],"wp:featuredmedia":[{"embeddable":true,"href":"https:\/\/homeofwool.com\/de\/wp-json\/wp\/v2\/media\/227324"}],"wp:attachment":[{"href":"https:\/\/homeofwool.com\/de\/wp-json\/wp\/v2\/media?parent=217512"}],"wp:term":[{"taxonomy":"product_brand","embeddable":true,"href":"https:\/\/homeofwool.com\/de\/wp-json\/wp\/v2\/product_brand?post=217512"},{"taxonomy":"product_cat","embeddable":true,"href":"https:\/\/homeofwool.com\/de\/wp-json\/wp\/v2\/product_cat?post=217512"},{"taxonomy":"product_tag","embeddable":true,"href":"https:\/\/homeofwool.com\/de\/wp-json\/wp\/v2\/product_tag?post=217512"}],"curies":[{"name":"wp","href":"https:\/\/api.w.org\/{rel}","templated":true}]}}